{"id":169728,"date":"2022-07-19T07:51:11","date_gmt":"2022-07-19T05:51:11","guid":{"rendered":"https:\/\/clinical.r-biopharm.com\/?page_id=169728"},"modified":"2022-11-24T10:25:00","modified_gmt":"2022-11-24T09:25:00","slug":"ridaunity-system","status":"publish","type":"page","link":"https:\/\/devclinical.r-biopharm.com\/de\/ridaunity-system\/","title":{"rendered":"RIDA\u00aeUNITY System"},"content":{"rendered":"<div class=\"wpb-content-wrapper\">[vc_row][vc_column][vc_column_text css=&#8220;.vc_custom_1657803072625{margin-bottom: 0px !important;}&#8220;]\n<h3>RIDA\u00aeUNITY vereint Probenextraktion, PCR Setup und real-time PCR in einem Workflow f\u00fcr maximale Walk-away Zeit.<\/h3>\n[\/vc_column_text][\/vc_column][\/vc_row][vc_row][vc_column width=&#8220;1\/3&#8243;][vc_empty_space][mk_flipbox min_height=&#8220;100&#8243; image=&#8220;https:\/\/devclinical.r-biopharm.com\/wp-content\/uploads\/2022\/05\/rida-unity-gesamtansicht_panell-format_laboratory_neu_rgb_lowres_2021-09.jpg&#8220; front_title=&#8220;RIDA\u00aeUNITY&#8220; front_title_size=&#8220;18&#8243; back_title=&#8220;RIDA\u00aeUNITY (Art. Nr. ZUNITY)&#8220; back_title_size=&#8220;18&#8243; font_weight=&#8220;400&#8243; front_desc_size=&#8220;16&#8243; back_desc_size=&#8220;16&#8243; button_url=&#8220;https:\/\/devclinical.r-biopharm.com\/de\/produkte\/ridaunity\/&#8220; button_text=&#8220;Produkt ansehen&#8220; button_bg_color=&#8220;#4d4d4d&#8220; button_bg_hover_color=&#8220;#ffffff&#8220; el_class=&#8220;flippy&#8220;][vc_empty_space][\/vc_column][vc_column width=&#8220;1\/3&#8243;][\/vc_column][vc_column width=&#8220;1\/3&#8243;][\/vc_column][\/vc_row][vc_row][vc_column width=&#8220;1\/3&#8243;][vc_row_inner][vc_column_inner width=&#8220;1\/4&#8243;][vc_single_image image=&#8220;169273&#8243; img_size=&#8220;medium&#8220;][\/vc_column_inner][vc_column_inner width=&#8220;3\/4&#8243;][vc_column_text css=&#8220;.vc_custom_1657885459730{margin-bottom: 0px !important;}&#8220;]\n<h3>Effizient<\/h3>\n[\/vc_column_text][vc_column_text css=&#8220;.vc_custom_1657634102292{margin-bottom: 0px !important;}&#8220;]\n<ul>\n<li>Pro Lauf k\u00f6nnen bis zu 96 Reaktionen vollautomatisch auf dem RIDA\u00aeUNITY System abgearbeitet werden<\/li>\n<li>Bis zu sechs verschiedene Assays sind in einem Lauf individuell kombinierbar<\/li>\n<li>An einem Arbeitstag k\u00f6nnen bis zu drei L\u00e4ufe durchgef\u00fchrt werden<\/li>\n<\/ul>\n[\/vc_column_text][\/vc_column_inner][\/vc_row_inner][\/vc_column][vc_column width=&#8220;1\/3&#8243;][vc_row_inner][vc_column_inner width=&#8220;1\/4&#8243;][vc_single_image image=&#8220;169280&#8243; img_size=&#8220;medium&#8220;][\/vc_column_inner][vc_column_inner width=&#8220;3\/4&#8243;][vc_column_text css=&#8220;.vc_custom_1657634008499{margin-bottom: 0px !important;}&#8220;]\n<h3>Intuitiv<\/h3>\n[\/vc_column_text][vc_column_text css=&#8220;.vc_custom_1657634065269{margin-bottom: 0px !important;}&#8220;]\n<ul>\n<li>Die gebrauchsfertigen Reagenzien des RIDA\u00aeUNITY Systems verk\u00fcrzen Ihre Vorbereitungszeiten<\/li>\n<li>Die grafische Softwareoberfl\u00e4che erleichtert die Bedienung des Gesamtsystems<\/li>\n<li>Die Ger\u00e4tesoftware erm\u00f6glicht die einfache Anbindung an ein vorhandenes Labor-Informationssystem (LIS)<\/li>\n<\/ul>\n[\/vc_column_text][\/vc_column_inner][\/vc_row_inner][\/vc_column][vc_column width=&#8220;1\/3&#8243;][vc_row_inner][vc_column_inner width=&#8220;1\/4&#8243;][vc_single_image image=&#8220;169286&#8243; img_size=&#8220;medium&#8220;][\/vc_column_inner][vc_column_inner width=&#8220;3\/4&#8243;][vc_column_text css=&#8220;.vc_custom_1657634123879{margin-bottom: 0px !important;}&#8220;]\n<h3>Universell<\/h3>\n[\/vc_column_text][vc_column_text css=&#8220;.vc_custom_1657634186810{margin-bottom: 0px !important;}&#8220;]\n<ul>\n<li>RIDA\u00aeUNITY kann zur Durchf\u00fchrung eines gesamten Workflows, zur Extraktion oder zur Abarbeitung eines PCR-Laufes verwendet werden<\/li>\n<li>Die RIDA\u00aeUNITY Extraktionschemie reinigt universell gastrointestinale bzw. respiratorische DNA- und RNA-Erreger aus Patientenproben auf<\/li>\n<li>Der Workflow ist individuell an die Anforderungen Ihres Labors anpassbar<\/li>\n<\/ul>\n[\/vc_column_text][\/vc_column_inner][\/vc_row_inner][\/vc_column][\/vc_row][vc_row][vc_column][vc_empty_space][vc_column_text css=&#8220;.vc_custom_1657885483905{margin-bottom: 0px !important;}&#8220;]\n<h2>RIDA\u00aeUNITY erm\u00f6glicht bis zu drei L\u00e4ufen an einem Tag \u2013 starten Sie die n\u00e4chste Abarbeitung w\u00e4hrend Ihre PCR noch l\u00e4uft.<\/h2>\n[\/vc_column_text][vc_empty_space][vc_row_inner][vc_column_inner width=&#8220;5\/6&#8243;][vc_single_image image=&#8220;169731&#8243; img_size=&#8220;full&#8220;][\/vc_column_inner][vc_column_inner width=&#8220;1\/6&#8243;][\/vc_column_inner][\/vc_row_inner][\/vc_column][\/vc_row][vc_row][vc_column][vc_empty_space][vc_column_text css=&#8220;.vc_custom_1657885554456{margin-bottom: 0px !important;}&#8220;]\n<h2>Die RIDA\u00aeUNITY Software bietet Ihnen eine einfache und zugleich intuitive Bedienung des RIDA\u00aeUNITY Systems.<\/h2>\n[\/vc_column_text][vc_empty_space][vc_row_inner css=&#8220;.vc_custom_1657696909474{background-color: #e3e5e6 !important;}&#8220;][vc_column_inner width=&#8220;1\/3&#8243;][vc_empty_space][vc_single_image image=&#8220;169737&#8243; img_size=&#8220;full&#8220;][\/vc_column_inner][vc_column_inner width=&#8220;2\/3&#8243;][vc_empty_space][vc_column_text css=&#8220;.vc_custom_1657634454369{margin-bottom: 0px !important;}&#8220;]\n<h3>Laden der Verbrauchsmaterialien<\/h3>\n<ul>\n<li>Die RIDA\u00aeUNITY Software unterst\u00fctzt das Beladen des Systems mit allen ben\u00f6tigten Verbrauchsmaterialien<\/li>\n<li>Eine optische Vorgabe erleichtert die genaue Positionierung der Materialien auf dem Instrumentendeck<\/li>\n<\/ul>\n[\/vc_column_text][\/vc_column_inner][\/vc_row_inner][vc_row_inner][vc_column_inner][vc_empty_space][\/vc_column_inner][\/vc_row_inner][vc_row_inner css=&#8220;.vc_custom_1657697013528{background-color: #e3e5e6 !important;}&#8220;][vc_column_inner width=&#8220;1\/3&#8243;][vc_empty_space][vc_single_image image=&#8220;169743&#8243; img_size=&#8220;full&#8220;][\/vc_column_inner][vc_column_inner width=&#8220;2\/3&#8243;][vc_empty_space][vc_column_text css=&#8220;.vc_custom_1657634496997{margin-bottom: 0px !important;}&#8220;]\n<h3>Laden der PCR Reagenzien<\/h3>\n<ul>\n<li>Die Positionierung des PCR-Reagenzien-Carriers ist im Ger\u00e4t ausw\u00e4hlbar<\/li>\n<li>Eingebaute LEDs zeigen die korrekte Position des Carriers an und erh\u00f6hen somit die Proze\u00dfsicherheit<\/li>\n<\/ul>\n[\/vc_column_text][\/vc_column_inner][\/vc_row_inner][vc_row_inner][vc_column_inner][vc_empty_space][\/vc_column_inner][\/vc_row_inner][vc_row_inner css=&#8220;.vc_custom_1657697050833{background-color: #e3e5e6 !important;}&#8220;][vc_column_inner width=&#8220;1\/3&#8243;][vc_empty_space][vc_single_image image=&#8220;169749&#8243; img_size=&#8220;full&#8220;][\/vc_column_inner][vc_column_inner width=&#8220;2\/3&#8243;][vc_empty_space][vc_column_text css=&#8220;.vc_custom_1657634562286{margin-bottom: 0px !important;}&#8220;]\n<h3>Auswertung der Ergebnisse<\/h3>\n<ul>\n<li>Die automatisierte Auswertesoftware RIDA\u00aeSEEK gestaltet die Analyse und Interpretation der PCR-Ergebnisse sicher und zuverl\u00e4ssig<\/li>\n<li>Laufkontrollen k\u00f6nnen einfach \u00fcberwacht und zusammen mit den Analysen sicher archiviert werden<\/li>\n<li>Um die Datensicherheit zu erh\u00f6hen, werden die Ergebnisse zus\u00e4tzlich auf einem lokalen Server gespeichert, nachdem diese an ein LIS \u00fcbermittelt wurden<\/li>\n<\/ul>\n[\/vc_column_text][\/vc_column_inner][\/vc_row_inner][\/vc_column][\/vc_row]\n<\/div>","protected":false},"excerpt":{"rendered":"<p>[vc_row][vc_column][vc_column_text css=&#8220;.vc_custom_1657803072625{margin-bottom: 0px !important;}&#8220;] RIDA\u00aeUNITY vereint Probenextraktion, PCR Setup und real-time PCR in einem Workflow f\u00fcr maximale Walk-away Zeit. [\/vc_column_text][\/vc_column][\/vc_row][vc_row][vc_column width=&#8220;1\/3&#8243;][vc_empty_space][mk_flipbox min_height=&#8220;100&#8243; image=&#8220;https:\/\/devclinical.r-biopharm.com\/wp-content\/uploads\/2022\/05\/rida-unity-gesamtansicht_panell-format_laboratory_neu_rgb_lowres_2021-09.jpg&#8220; front_title=&#8220;RIDA\u00aeUNITY&#8220; front_title_size=&#8220;18&#8243; back_title=&#8220;RIDA\u00aeUNITY (Art. Nr. ZUNITY)&#8220; back_title_size=&#8220;18&#8243; font_weight=&#8220;400&#8243; front_desc_size=&#8220;16&#8243; back_desc_size=&#8220;16&#8243; button_url=&#8220;https:\/\/devclinical.r-biopharm.com\/de\/produkte\/ridaunity\/&#8220; button_text=&#8220;Produkt ansehen&#8220; button_bg_color=&#8220;#4d4d4d&#8220; button_bg_hover_color=&#8220;#ffffff&#8220; el_class=&#8220;flippy&#8220;][vc_empty_space][\/vc_column][vc_column width=&#8220;1\/3&#8243;][\/vc_column][vc_column width=&#8220;1\/3&#8243;][\/vc_column][\/vc_row][vc_row][vc_column width=&#8220;1\/3&#8243;][vc_row_inner][vc_column_inner width=&#8220;1\/4&#8243;][vc_single_image image=&#8220;169273&#8243; img_size=&#8220;medium&#8220;][\/vc_column_inner][vc_column_inner width=&#8220;3\/4&#8243;][vc_column_text css=&#8220;.vc_custom_1657885459730{margin-bottom: 0px !important;}&#8220;] Effizient [\/vc_column_text][vc_column_text css=&#8220;.vc_custom_1657634102292{margin-bottom: 0px !important;}&#8220;] Pro [&hellip;]<\/p>\n","protected":false},"author":1,"featured_media":0,"parent":0,"menu_order":0,"comment_status":"closed","ping_status":"closed","template":"","meta":{"content-type":"","_relevanssi_hide_post":"","_relevanssi_hide_content":"","_relevanssi_pin_for_all":"","_relevanssi_pin_keywords":"","_relevanssi_unpin_keywords":"","_relevanssi_related_keywords":"","_relevanssi_related_include_ids":"","_relevanssi_related_exclude_ids":"","_relevanssi_related_no_append":"","_relevanssi_related_not_related":"","_relevanssi_related_posts":"","_relevanssi_noindex_reason":"","footnotes":""},"acf":[],"yoast_head":"<!-- This site is optimized with the Yoast SEO plugin v21.9 - https:\/\/yoast.com\/wordpress\/plugins\/seo\/ -->\n<title>RIDA\u00aeUNITY System - \ud83d\udea8\ud83d\udea8\ud83d\udea8 Staging!!! Clinical Diagnostics \ud83d\udea8\ud83d\udea8\ud83d\udea8<\/title>\n<meta name=\"robots\" content=\"noindex, follow, max-snippet:-1, max-image-preview:large, max-video-preview:-1\" \/>\n<meta property=\"og:locale\" content=\"de_DE\" \/>\n<meta property=\"og:type\" content=\"article\" \/>\n<meta property=\"og:title\" content=\"RIDA\u00aeUNITY System - \ud83d\udea8\ud83d\udea8\ud83d\udea8 Staging!!! Clinical Diagnostics \ud83d\udea8\ud83d\udea8\ud83d\udea8\" \/>\n<meta property=\"og:description\" content=\"[vc_row][vc_column][vc_column_text css=&#8220;.vc_custom_1657803072625{margin-bottom: 0px !important;}&#8220;] RIDA\u00aeUNITY vereint Probenextraktion, PCR Setup und real-time PCR in einem Workflow f\u00fcr maximale Walk-away Zeit. [\/vc_column_text][\/vc_column][\/vc_row][vc_row][vc_column width=&#8220;1\/3&#8243;][vc_empty_space][mk_flipbox min_height=&#8220;100&#8243; image=&#8220;https:\/\/devclinical.r-biopharm.com\/wp-content\/uploads\/2022\/05\/rida-unity-gesamtansicht_panell-format_laboratory_neu_rgb_lowres_2021-09.jpg&#8220; front_title=&#8220;RIDA\u00aeUNITY&#8220; front_title_size=&#8220;18&#8243; back_title=&#8220;RIDA\u00aeUNITY (Art. Nr. ZUNITY)&#8220; back_title_size=&#8220;18&#8243; font_weight=&#8220;400&#8243; front_desc_size=&#8220;16&#8243; back_desc_size=&#8220;16&#8243; button_url=&#8220;https:\/\/devclinical.r-biopharm.com\/de\/produkte\/ridaunity\/&#8220; button_text=&#8220;Produkt ansehen&#8220; button_bg_color=&#8220;#4d4d4d&#8220; button_bg_hover_color=&#8220;#ffffff&#8220; el_class=&#8220;flippy&#8220;][vc_empty_space][\/vc_column][vc_column width=&#8220;1\/3&#8243;][\/vc_column][vc_column width=&#8220;1\/3&#8243;][\/vc_column][\/vc_row][vc_row][vc_column width=&#8220;1\/3&#8243;][vc_row_inner][vc_column_inner width=&#8220;1\/4&#8243;][vc_single_image image=&#8220;169273&#8243; img_size=&#8220;medium&#8220;][\/vc_column_inner][vc_column_inner width=&#8220;3\/4&#8243;][vc_column_text css=&#8220;.vc_custom_1657885459730{margin-bottom: 0px !important;}&#8220;] Effizient [\/vc_column_text][vc_column_text css=&#8220;.vc_custom_1657634102292{margin-bottom: 0px !important;}&#8220;] Pro [&hellip;]\" \/>\n<meta property=\"og:url\" content=\"https:\/\/devclinical.r-biopharm.com\/de\/ridaunity-system\/\" \/>\n<meta property=\"og:site_name\" content=\"\ud83d\udea8\ud83d\udea8\ud83d\udea8 Staging!!! Clinical Diagnostics \ud83d\udea8\ud83d\udea8\ud83d\udea8\" \/>\n<meta property=\"article:modified_time\" content=\"2022-11-24T09:25:00+00:00\" \/>\n<meta name=\"twitter:label1\" content=\"Gesch\u00e4tzte Lesezeit\" \/>\n\t<meta name=\"twitter:data1\" content=\"3\u00a0Minuten\" \/>\n<script type=\"application\/ld+json\" class=\"yoast-schema-graph\">{\"@context\":\"https:\/\/schema.org\",\"@graph\":[{\"@type\":\"WebPage\",\"@id\":\"https:\/\/devclinical.r-biopharm.com\/de\/ridaunity-system\/\",\"url\":\"https:\/\/devclinical.r-biopharm.com\/de\/ridaunity-system\/\",\"name\":\"RIDA\u00aeUNITY System - \ud83d\udea8\ud83d\udea8\ud83d\udea8 Staging!!! Clinical Diagnostics \ud83d\udea8\ud83d\udea8\ud83d\udea8\",\"isPartOf\":{\"@id\":\"https:\/\/devdevclinical.r-biopharm.com\/#website\"},\"datePublished\":\"2022-07-19T05:51:11+00:00\",\"dateModified\":\"2022-11-24T09:25:00+00:00\",\"breadcrumb\":{\"@id\":\"https:\/\/devclinical.r-biopharm.com\/de\/ridaunity-system\/#breadcrumb\"},\"inLanguage\":\"de\",\"potentialAction\":[{\"@type\":\"ReadAction\",\"target\":[\"https:\/\/devclinical.r-biopharm.com\/de\/ridaunity-system\/\"]}]},{\"@type\":\"BreadcrumbList\",\"@id\":\"https:\/\/devclinical.r-biopharm.com\/de\/ridaunity-system\/#breadcrumb\",\"itemListElement\":[{\"@type\":\"ListItem\",\"position\":1,\"name\":\"Home\",\"item\":\"https:\/\/devclinical.r-biopharm.com\/de\/\"},{\"@type\":\"ListItem\",\"position\":2,\"name\":\"RIDA\u00aeUNITY System\"}]},{\"@type\":\"WebSite\",\"@id\":\"https:\/\/devdevclinical.r-biopharm.com\/#website\",\"url\":\"https:\/\/devdevclinical.r-biopharm.com\/\",\"name\":\"\ud83d\udea8\ud83d\udea8\ud83d\udea8 Staging!!! Clinical Diagnostics \ud83d\udea8\ud83d\udea8\ud83d\udea8\",\"description\":\"A Division of the R-Biopharm Group\",\"potentialAction\":[{\"@type\":\"SearchAction\",\"target\":{\"@type\":\"EntryPoint\",\"urlTemplate\":\"https:\/\/devdevclinical.r-biopharm.com\/?s={search_term_string}\"},\"query-input\":\"required name=search_term_string\"}],\"inLanguage\":\"de\"}]}<\/script>\n<!-- \/ Yoast SEO plugin. -->","yoast_head_json":{"title":"RIDA\u00aeUNITY System - \ud83d\udea8\ud83d\udea8\ud83d\udea8 Staging!!! Clinical Diagnostics \ud83d\udea8\ud83d\udea8\ud83d\udea8","robots":{"index":"noindex","follow":"follow","max-snippet":"max-snippet:-1","max-image-preview":"max-image-preview:large","max-video-preview":"max-video-preview:-1"},"og_locale":"de_DE","og_type":"article","og_title":"RIDA\u00aeUNITY System - \ud83d\udea8\ud83d\udea8\ud83d\udea8 Staging!!! Clinical Diagnostics \ud83d\udea8\ud83d\udea8\ud83d\udea8","og_description":"[vc_row][vc_column][vc_column_text css=&#8220;.vc_custom_1657803072625{margin-bottom: 0px !important;}&#8220;] RIDA\u00aeUNITY vereint Probenextraktion, PCR Setup und real-time PCR in einem Workflow f\u00fcr maximale Walk-away Zeit. [\/vc_column_text][\/vc_column][\/vc_row][vc_row][vc_column width=&#8220;1\/3&#8243;][vc_empty_space][mk_flipbox min_height=&#8220;100&#8243; image=&#8220;https:\/\/devclinical.r-biopharm.com\/wp-content\/uploads\/2022\/05\/rida-unity-gesamtansicht_panell-format_laboratory_neu_rgb_lowres_2021-09.jpg&#8220; front_title=&#8220;RIDA\u00aeUNITY&#8220; front_title_size=&#8220;18&#8243; back_title=&#8220;RIDA\u00aeUNITY (Art. Nr. ZUNITY)&#8220; back_title_size=&#8220;18&#8243; font_weight=&#8220;400&#8243; front_desc_size=&#8220;16&#8243; back_desc_size=&#8220;16&#8243; button_url=&#8220;https:\/\/devclinical.r-biopharm.com\/de\/produkte\/ridaunity\/&#8220; button_text=&#8220;Produkt ansehen&#8220; button_bg_color=&#8220;#4d4d4d&#8220; button_bg_hover_color=&#8220;#ffffff&#8220; el_class=&#8220;flippy&#8220;][vc_empty_space][\/vc_column][vc_column width=&#8220;1\/3&#8243;][\/vc_column][vc_column width=&#8220;1\/3&#8243;][\/vc_column][\/vc_row][vc_row][vc_column width=&#8220;1\/3&#8243;][vc_row_inner][vc_column_inner width=&#8220;1\/4&#8243;][vc_single_image image=&#8220;169273&#8243; img_size=&#8220;medium&#8220;][\/vc_column_inner][vc_column_inner width=&#8220;3\/4&#8243;][vc_column_text css=&#8220;.vc_custom_1657885459730{margin-bottom: 0px !important;}&#8220;] Effizient [\/vc_column_text][vc_column_text css=&#8220;.vc_custom_1657634102292{margin-bottom: 0px !important;}&#8220;] Pro [&hellip;]","og_url":"https:\/\/devclinical.r-biopharm.com\/de\/ridaunity-system\/","og_site_name":"\ud83d\udea8\ud83d\udea8\ud83d\udea8 Staging!!! Clinical Diagnostics \ud83d\udea8\ud83d\udea8\ud83d\udea8","article_modified_time":"2022-11-24T09:25:00+00:00","twitter_misc":{"Gesch\u00e4tzte Lesezeit":"3\u00a0Minuten"},"schema":{"@context":"https:\/\/schema.org","@graph":[{"@type":"WebPage","@id":"https:\/\/devclinical.r-biopharm.com\/de\/ridaunity-system\/","url":"https:\/\/devclinical.r-biopharm.com\/de\/ridaunity-system\/","name":"RIDA\u00aeUNITY System - \ud83d\udea8\ud83d\udea8\ud83d\udea8 Staging!!! Clinical Diagnostics \ud83d\udea8\ud83d\udea8\ud83d\udea8","isPartOf":{"@id":"https:\/\/devdevclinical.r-biopharm.com\/#website"},"datePublished":"2022-07-19T05:51:11+00:00","dateModified":"2022-11-24T09:25:00+00:00","breadcrumb":{"@id":"https:\/\/devclinical.r-biopharm.com\/de\/ridaunity-system\/#breadcrumb"},"inLanguage":"de","potentialAction":[{"@type":"ReadAction","target":["https:\/\/devclinical.r-biopharm.com\/de\/ridaunity-system\/"]}]},{"@type":"BreadcrumbList","@id":"https:\/\/devclinical.r-biopharm.com\/de\/ridaunity-system\/#breadcrumb","itemListElement":[{"@type":"ListItem","position":1,"name":"Home","item":"https:\/\/devclinical.r-biopharm.com\/de\/"},{"@type":"ListItem","position":2,"name":"RIDA\u00aeUNITY System"}]},{"@type":"WebSite","@id":"https:\/\/devdevclinical.r-biopharm.com\/#website","url":"https:\/\/devdevclinical.r-biopharm.com\/","name":"\ud83d\udea8\ud83d\udea8\ud83d\udea8 Staging!!! Clinical Diagnostics \ud83d\udea8\ud83d\udea8\ud83d\udea8","description":"A Division of the R-Biopharm Group","potentialAction":[{"@type":"SearchAction","target":{"@type":"EntryPoint","urlTemplate":"https:\/\/devdevclinical.r-biopharm.com\/?s={search_term_string}"},"query-input":"required name=search_term_string"}],"inLanguage":"de"}]}},"_links":{"self":[{"href":"https:\/\/devclinical.r-biopharm.com\/de\/wp-json\/wp\/v2\/pages\/169728"}],"collection":[{"href":"https:\/\/devclinical.r-biopharm.com\/de\/wp-json\/wp\/v2\/pages"}],"about":[{"href":"https:\/\/devclinical.r-biopharm.com\/de\/wp-json\/wp\/v2\/types\/page"}],"author":[{"embeddable":true,"href":"https:\/\/devclinical.r-biopharm.com\/de\/wp-json\/wp\/v2\/users\/1"}],"replies":[{"embeddable":true,"href":"https:\/\/devclinical.r-biopharm.com\/de\/wp-json\/wp\/v2\/comments?post=169728"}],"version-history":[{"count":4,"href":"https:\/\/devclinical.r-biopharm.com\/de\/wp-json\/wp\/v2\/pages\/169728\/revisions"}],"predecessor-version":[{"id":171864,"href":"https:\/\/devclinical.r-biopharm.com\/de\/wp-json\/wp\/v2\/pages\/169728\/revisions\/171864"}],"wp:attachment":[{"href":"https:\/\/devclinical.r-biopharm.com\/de\/wp-json\/wp\/v2\/media?parent=169728"}],"curies":[{"name":"wp","href":"https:\/\/api.w.org\/{rel}","templated":true}]}}