{"id":169767,"date":"2022-07-19T07:51:02","date_gmt":"2022-07-19T05:51:02","guid":{"rendered":"https:\/\/clinical.r-biopharm.com\/?page_id=169767"},"modified":"2023-01-26T14:27:18","modified_gmt":"2023-01-26T13:27:18","slug":"ridaunity-pcr-assays","status":"publish","type":"page","link":"https:\/\/devclinical.r-biopharm.com\/de\/ridaunity-pcr-assays\/","title":{"rendered":"RIDA\u00aeUNITY PCR-Assays"},"content":{"rendered":"<div class=\"wpb-content-wrapper\">[vc_row][vc_column][vc_column_text css=&#8220;.vc_custom_1658211213670{margin-bottom: 0px !important;}&#8220;]Das RIDA\u00aeUNITY System bietet Ihnen eine flexible, intuitive und universelle L\u00f6sung f\u00fcr einen vollautomatischen Workflow in der molekularen Diagnostik.[\/vc_column_text][vc_empty_space][\/vc_column][\/vc_row][vc_row][vc_column width=&#8220;1\/3&#8243;][mk_flipbox min_height=&#8220;100&#8243; image=&#8220;https:\/\/devclinical.r-biopharm.com\/wp-content\/uploads\/2022\/07\/2022_rida-unity-bacterial-stool-panel_600x300px.jpg&#8220; front_title=&#8220;RIDA\u00aeUNITY Bacterial Stool Panel&#8220; front_title_size=&#8220;18&#8243; back_title=&#8220;RIDA\u00aeUNITY Bacterial Stool Panel (Art. Nr. UN2405)&#8220; back_title_size=&#8220;18&#8243; font_weight=&#8220;400&#8243; front_desc_size=&#8220;16&#8243; back_desc_size=&#8220;16&#8243; button_url=&#8220;https:\/\/devclinical.r-biopharm.com\/products\/ridaunity-bacterial-stool-panel\/&#8220; button_target=&#8220;_blank&#8220; button_text=&#8220;Produkt ansehen&#8220; button_bg_color=&#8220;#4d4d4d&#8220; button_bg_hover_color=&#8220;#ffffff&#8220; el_class=&#8220;flippy&#8220;][vc_empty_space][\/vc_column][vc_column width=&#8220;1\/3&#8243;][mk_flipbox min_height=&#8220;100&#8243; image=&#8220;https:\/\/devclinical.r-biopharm.com\/wp-content\/uploads\/2022\/08\/un2205-ridaunity-ehec-epec_laboratory_ebenen_rgb_600x300px_2022-05.jpg&#8220; front_title=&#8220;RIDA\u00aeUNITY EHEC\/EPEC&#8220; front_title_size=&#8220;18&#8243; back_title=&#8220;RIDA\u00aeUNITY EHEC\/EPEC (Art. Nr. UN2205)&#8220; back_title_size=&#8220;18&#8243; font_weight=&#8220;400&#8243; front_desc_size=&#8220;16&#8243; back_desc_size=&#8220;16&#8243; button_url=&#8220;https:\/\/devclinical.r-biopharm.com\/de\/produkte\/ridaunity-ehec-epec\/&#8220; button_target=&#8220;_blank&#8220; button_text=&#8220;Produkt ansehen&#8220; button_bg_color=&#8220;#4d4d4d&#8220; button_bg_hover_color=&#8220;#ffffff&#8220; el_class=&#8220;flippy&#8220;][vc_empty_space][\/vc_column][vc_column width=&#8220;1\/3&#8243;][mk_flipbox min_height=&#8220;100&#8243; image=&#8220;https:\/\/devclinical.r-biopharm.com\/wp-content\/uploads\/2022\/11\/un1415-ridaunity-norovirus-i-ii_neutral_rgb_900x450_2022-05.jpg&#8220; front_title=&#8220;RIDA\u00aeUNITY Norovirus I &#038; II&#8220; front_title_size=&#8220;18&#8243; back_title=&#8220;RIDA\u00aeUNITY Norovirus I &#038; II (Art. Nr. UN1415)&#8220; back_title_size=&#8220;18&#8243; font_weight=&#8220;400&#8243; front_desc_size=&#8220;16&#8243; back_desc_size=&#8220;16&#8243; button_url=&#8220;https:\/\/devclinical.r-biopharm.com\/de\/produkte\/ridaunity-norovirus-i-ii\/&#8220; button_target=&#8220;_blank&#8220; button_text=&#8220;Produkt ansehen&#8220; button_bg_color=&#8220;#4d4d4d&#8220; button_bg_hover_color=&#8220;#ffffff&#8220; el_class=&#8220;flippy&#8220;][vc_empty_space][\/vc_column][\/vc_row][vc_row][vc_column width=&#8220;1\/3&#8243;][mk_flipbox min_height=&#8220;100&#8243; image=&#8220;https:\/\/devclinical.r-biopharm.com\/wp-content\/uploads\/2023\/01\/un1725_rida-unity-parasitic-stool-panel-ii_neutral_600x300px_2022-11.jpg&#8220; front_title=&#8220;RIDA\u00aeUNITY Parasitic Stool Panel II&#8220; front_title_size=&#8220;18&#8243; back_title=&#8220;RIDA\u00aeUNITY Parasitic Stool Panel II (Art. Nr. UN1725)&#8220; back_title_size=&#8220;18&#8243; font_weight=&#8220;400&#8243; front_desc_size=&#8220;16&#8243; back_desc_size=&#8220;16&#8243; button_url=&#8220;https:\/\/devclinical.r-biopharm.com\/de\/produkte\/ridaunity-parasitic-stool-panel-ii\/&#8220; button_target=&#8220;_blank&#8220; button_text=&#8220;Produkt ansehen&#8220; button_bg_color=&#8220;#4d4d4d&#8220; button_bg_hover_color=&#8220;#ffffff&#8220; el_class=&#8220;flippy&#8220;][vc_empty_space][\/vc_column][vc_column width=&#8220;1\/3&#8243;][mk_flipbox min_height=&#8220;100&#8243; image=&#8220;https:\/\/devclinical.r-biopharm.com\/wp-content\/uploads\/2023\/01\/un1325_rida-unity-viral-stool-panel-ii_neutral_600x300px_2022-11.jpg&#8220; front_title=&#8220;RIDA\u00aeUNITY Viral Stool Panel II&#8220; front_title_size=&#8220;18&#8243; back_title=&#8220;RIDA\u00aeUNITY Viral Stool Panel II (Art. Nr. UN1325)&#8220; back_title_size=&#8220;18&#8243; font_weight=&#8220;400&#8243; front_desc_size=&#8220;16&#8243; back_desc_size=&#8220;16&#8243; button_url=&#8220;https:\/\/devclinical.r-biopharm.com\/de\/produkte\/ridaunity-viral-stool-panel-ii\/&#8220; button_target=&#8220;_blank&#8220; button_text=&#8220;Produkt ansehen&#8220; button_bg_color=&#8220;#4d4d4d&#8220; button_bg_hover_color=&#8220;#ffffff&#8220; el_class=&#8220;flippy&#8220;][vc_empty_space][\/vc_column][vc_column width=&#8220;1\/3&#8243;][mk_flipbox min_height=&#8220;100&#8243; image=&#8220;https:\/\/devclinical.r-biopharm.com\/wp-content\/uploads\/2023\/01\/un0010_rida-unity-internal-control-kit_neutral_600x300px_2022-11.jpg&#8220; front_title=&#8220;RIDA\u00aeUNITY Internal Control Kit&#8220; front_title_size=&#8220;18&#8243; back_title=&#8220;RIDA\u00aeUNITY Internal Control Kit (Art. Nr. UN0010)&#8220; back_title_size=&#8220;18&#8243; font_weight=&#8220;400&#8243; front_desc_size=&#8220;16&#8243; back_desc_size=&#8220;16&#8243; button_url=&#8220;https:\/\/devclinical.r-biopharm.com\/de\/produkte\/ridaunity-internal-control-kit\/&#8220; button_target=&#8220;_blank&#8220; button_text=&#8220;Produkt ansehen&#8220; button_bg_color=&#8220;#4d4d4d&#8220; button_bg_hover_color=&#8220;#ffffff&#8220; el_class=&#8220;flippy&#8220;][vc_empty_space][\/vc_column][\/vc_row][vc_row][vc_column][vc_column_text css=&#8220;.vc_custom_1658211240074{margin-bottom: 0px !important;}&#8220;]\n<h2>Ihre Vorteile:<\/h2>\n[\/vc_column_text][vc_empty_space][\/vc_column][\/vc_row][vc_row][vc_column width=&#8220;1\/6&#8243;][vc_single_image image=&#8220;169342&#8243; img_size=&#8220;full&#8220;][\/vc_column][vc_column width=&#8220;2\/3&#8243;][vc_column_text css=&#8220;.vc_custom_1658211294904{margin-bottom: 0px !important;}&#8220;]\n<h3>Effizient:<\/h3>\n<h4>Anwendung von bis zu sechs unterschiedlichen Assays parallel in einem Lauf mit 96 Reaktionen<br \/>\noder 288 Reaktionen pro Tag m\u00f6glich durch ein universelles Amplifikationsprotokoll.<\/h4>\n[\/vc_column_text][\/vc_column][vc_column width=&#8220;1\/6&#8243;][\/vc_column][\/vc_row][vc_row][vc_column][vc_empty_space][\/vc_column][\/vc_row][vc_row][vc_column width=&#8220;1\/6&#8243;][vc_single_image image=&#8220;169377&#8243; img_size=&#8220;full&#8220;][\/vc_column][vc_column width=&#8220;2\/3&#8243;][vc_column_text css=&#8220;.vc_custom_1658211330098{margin-bottom: 0px !important;}&#8220;]\n<h3>Intuitiv:<\/h3>\n<h4>Vollautomatische Abarbeitung mit dem RIDA\u00aeUNITY erm\u00f6glicht einen einfachen, intuitiven und flexiblen Workflow.<\/h4>\n[\/vc_column_text][\/vc_column][vc_column width=&#8220;1\/6&#8243;][\/vc_column][\/vc_row][vc_row][vc_column][vc_empty_space][\/vc_column][\/vc_row][vc_row][vc_column width=&#8220;1\/6&#8243;][vc_single_image image=&#8220;169332&#8243; img_size=&#8220;full&#8220;][\/vc_column][vc_column width=&#8220;2\/3&#8243;][vc_column_text css=&#8220;.vc_custom_1658211351260{margin-bottom: 0px !important;}&#8220;]\n<h3>Universell:<\/h3>\n<h4>Das RIDA\u00aeUNITY Internal Control Kit unterst\u00fctzt die Qualit\u00e4tssicherung als \u00fcbergreifende<br \/>\nProzesskontrolle f\u00fcr alle RIDA\u00aeUNITY Assay Kits.<\/h4>\n[\/vc_column_text][\/vc_column][vc_column width=&#8220;1\/6&#8243;][\/vc_column][\/vc_row][vc_row][vc_column][vc_empty_space][vc_column_text css=&#8220;.vc_custom_1658211371380{margin-bottom: 0px !important;}&#8220;]\n<h2>Produkt\u00fcbersicht:<\/h2>\n[\/vc_column_text][vc_empty_space][\/vc_column][\/vc_row][vc_row][vc_column width=&#8220;1\/3&#8243;][vc_single_image image=&#8220;172334&#8243; img_size=&#8220;full&#8220;][\/vc_column][vc_column width=&#8220;1\/3&#8243;][\/vc_column][vc_column width=&#8220;1\/3&#8243;][\/vc_column][\/vc_row]\n<\/div>","protected":false},"excerpt":{"rendered":"<p>[vc_row][vc_column][vc_column_text css=&#8220;.vc_custom_1658211213670{margin-bottom: 0px !important;}&#8220;]Das RIDA\u00aeUNITY System bietet Ihnen eine flexible, intuitive und universelle L\u00f6sung f\u00fcr einen vollautomatischen Workflow in der molekularen Diagnostik.[\/vc_column_text][vc_empty_space][\/vc_column][\/vc_row][vc_row][vc_column width=&#8220;1\/3&#8243;][mk_flipbox min_height=&#8220;100&#8243; image=&#8220;https:\/\/devclinical.r-biopharm.com\/wp-content\/uploads\/2022\/07\/2022_rida-unity-bacterial-stool-panel_600x300px.jpg&#8220; front_title=&#8220;RIDA\u00aeUNITY Bacterial Stool Panel&#8220; front_title_size=&#8220;18&#8243; back_title=&#8220;RIDA\u00aeUNITY Bacterial Stool Panel (Art. Nr. UN2405)&#8220; back_title_size=&#8220;18&#8243; font_weight=&#8220;400&#8243; front_desc_size=&#8220;16&#8243; back_desc_size=&#8220;16&#8243; button_url=&#8220;https:\/\/devclinical.r-biopharm.com\/products\/ridaunity-bacterial-stool-panel\/&#8220; button_target=&#8220;_blank&#8220; button_text=&#8220;Produkt ansehen&#8220; button_bg_color=&#8220;#4d4d4d&#8220; button_bg_hover_color=&#8220;#ffffff&#8220; el_class=&#8220;flippy&#8220;][vc_empty_space][\/vc_column][vc_column width=&#8220;1\/3&#8243;][mk_flipbox min_height=&#8220;100&#8243; image=&#8220;https:\/\/devclinical.r-biopharm.com\/wp-content\/uploads\/2022\/08\/un2205-ridaunity-ehec-epec_laboratory_ebenen_rgb_600x300px_2022-05.jpg&#8220; front_title=&#8220;RIDA\u00aeUNITY EHEC\/EPEC&#8220; front_title_size=&#8220;18&#8243; back_title=&#8220;RIDA\u00aeUNITY [&hellip;]<\/p>\n","protected":false},"author":1,"featured_media":0,"parent":0,"menu_order":0,"comment_status":"closed","ping_status":"closed","template":"","meta":{"content-type":"","_relevanssi_hide_post":"","_relevanssi_hide_content":"","_relevanssi_pin_for_all":"","_relevanssi_pin_keywords":"","_relevanssi_unpin_keywords":"","_relevanssi_related_keywords":"","_relevanssi_related_include_ids":"","_relevanssi_related_exclude_ids":"","_relevanssi_related_no_append":"","_relevanssi_related_not_related":"","_relevanssi_related_posts":"","_relevanssi_noindex_reason":"","footnotes":""},"acf":[],"yoast_head":"<!-- This site is optimized with the Yoast SEO plugin v21.9 - https:\/\/yoast.com\/wordpress\/plugins\/seo\/ -->\n<title>RIDA\u00aeUNITY PCR-Assays - \ud83d\udea8\ud83d\udea8\ud83d\udea8 Staging!!! Clinical Diagnostics \ud83d\udea8\ud83d\udea8\ud83d\udea8<\/title>\n<meta name=\"robots\" content=\"noindex, follow, max-snippet:-1, max-image-preview:large, max-video-preview:-1\" \/>\n<meta property=\"og:locale\" content=\"de_DE\" \/>\n<meta property=\"og:type\" content=\"article\" \/>\n<meta property=\"og:title\" content=\"RIDA\u00aeUNITY PCR-Assays - \ud83d\udea8\ud83d\udea8\ud83d\udea8 Staging!!! Clinical Diagnostics \ud83d\udea8\ud83d\udea8\ud83d\udea8\" \/>\n<meta property=\"og:description\" content=\"[vc_row][vc_column][vc_column_text css=&#8220;.vc_custom_1658211213670{margin-bottom: 0px !important;}&#8220;]Das RIDA\u00aeUNITY System bietet Ihnen eine flexible, intuitive und universelle L\u00f6sung f\u00fcr einen vollautomatischen Workflow in der molekularen Diagnostik.[\/vc_column_text][vc_empty_space][\/vc_column][\/vc_row][vc_row][vc_column width=&#8220;1\/3&#8243;][mk_flipbox min_height=&#8220;100&#8243; image=&#8220;https:\/\/devclinical.r-biopharm.com\/wp-content\/uploads\/2022\/07\/2022_rida-unity-bacterial-stool-panel_600x300px.jpg&#8220; front_title=&#8220;RIDA\u00aeUNITY Bacterial Stool Panel&#8220; front_title_size=&#8220;18&#8243; back_title=&#8220;RIDA\u00aeUNITY Bacterial Stool Panel (Art. Nr. UN2405)&#8220; back_title_size=&#8220;18&#8243; font_weight=&#8220;400&#8243; front_desc_size=&#8220;16&#8243; back_desc_size=&#8220;16&#8243; button_url=&#8220;https:\/\/devclinical.r-biopharm.com\/products\/ridaunity-bacterial-stool-panel\/&#8220; button_target=&#8220;_blank&#8220; button_text=&#8220;Produkt ansehen&#8220; button_bg_color=&#8220;#4d4d4d&#8220; button_bg_hover_color=&#8220;#ffffff&#8220; el_class=&#8220;flippy&#8220;][vc_empty_space][\/vc_column][vc_column width=&#8220;1\/3&#8243;][mk_flipbox min_height=&#8220;100&#8243; image=&#8220;https:\/\/devclinical.r-biopharm.com\/wp-content\/uploads\/2022\/08\/un2205-ridaunity-ehec-epec_laboratory_ebenen_rgb_600x300px_2022-05.jpg&#8220; front_title=&#8220;RIDA\u00aeUNITY EHEC\/EPEC&#8220; front_title_size=&#8220;18&#8243; back_title=&#8220;RIDA\u00aeUNITY [&hellip;]\" \/>\n<meta property=\"og:url\" content=\"https:\/\/devclinical.r-biopharm.com\/de\/ridaunity-pcr-assays\/\" \/>\n<meta property=\"og:site_name\" content=\"\ud83d\udea8\ud83d\udea8\ud83d\udea8 Staging!!! Clinical Diagnostics \ud83d\udea8\ud83d\udea8\ud83d\udea8\" \/>\n<meta property=\"article:modified_time\" content=\"2023-01-26T13:27:18+00:00\" \/>\n<meta name=\"twitter:label1\" content=\"Gesch\u00e4tzte Lesezeit\" \/>\n\t<meta name=\"twitter:data1\" content=\"2\u00a0Minuten\" \/>\n<script type=\"application\/ld+json\" class=\"yoast-schema-graph\">{\"@context\":\"https:\/\/schema.org\",\"@graph\":[{\"@type\":\"WebPage\",\"@id\":\"https:\/\/devclinical.r-biopharm.com\/de\/ridaunity-pcr-assays\/\",\"url\":\"https:\/\/devclinical.r-biopharm.com\/de\/ridaunity-pcr-assays\/\",\"name\":\"RIDA\u00aeUNITY PCR-Assays - \ud83d\udea8\ud83d\udea8\ud83d\udea8 Staging!!! Clinical Diagnostics \ud83d\udea8\ud83d\udea8\ud83d\udea8\",\"isPartOf\":{\"@id\":\"https:\/\/devdevclinical.r-biopharm.com\/#website\"},\"datePublished\":\"2022-07-19T05:51:02+00:00\",\"dateModified\":\"2023-01-26T13:27:18+00:00\",\"breadcrumb\":{\"@id\":\"https:\/\/devclinical.r-biopharm.com\/de\/ridaunity-pcr-assays\/#breadcrumb\"},\"inLanguage\":\"de\",\"potentialAction\":[{\"@type\":\"ReadAction\",\"target\":[\"https:\/\/devclinical.r-biopharm.com\/de\/ridaunity-pcr-assays\/\"]}]},{\"@type\":\"BreadcrumbList\",\"@id\":\"https:\/\/devclinical.r-biopharm.com\/de\/ridaunity-pcr-assays\/#breadcrumb\",\"itemListElement\":[{\"@type\":\"ListItem\",\"position\":1,\"name\":\"Home\",\"item\":\"https:\/\/devclinical.r-biopharm.com\/de\/\"},{\"@type\":\"ListItem\",\"position\":2,\"name\":\"RIDA\u00aeUNITY PCR-Assays\"}]},{\"@type\":\"WebSite\",\"@id\":\"https:\/\/devdevclinical.r-biopharm.com\/#website\",\"url\":\"https:\/\/devdevclinical.r-biopharm.com\/\",\"name\":\"\ud83d\udea8\ud83d\udea8\ud83d\udea8 Staging!!! Clinical Diagnostics \ud83d\udea8\ud83d\udea8\ud83d\udea8\",\"description\":\"A Division of the R-Biopharm Group\",\"potentialAction\":[{\"@type\":\"SearchAction\",\"target\":{\"@type\":\"EntryPoint\",\"urlTemplate\":\"https:\/\/devdevclinical.r-biopharm.com\/?s={search_term_string}\"},\"query-input\":\"required name=search_term_string\"}],\"inLanguage\":\"de\"}]}<\/script>\n<!-- \/ Yoast SEO plugin. -->","yoast_head_json":{"title":"RIDA\u00aeUNITY PCR-Assays - \ud83d\udea8\ud83d\udea8\ud83d\udea8 Staging!!! Clinical Diagnostics \ud83d\udea8\ud83d\udea8\ud83d\udea8","robots":{"index":"noindex","follow":"follow","max-snippet":"max-snippet:-1","max-image-preview":"max-image-preview:large","max-video-preview":"max-video-preview:-1"},"og_locale":"de_DE","og_type":"article","og_title":"RIDA\u00aeUNITY PCR-Assays - \ud83d\udea8\ud83d\udea8\ud83d\udea8 Staging!!! Clinical Diagnostics \ud83d\udea8\ud83d\udea8\ud83d\udea8","og_description":"[vc_row][vc_column][vc_column_text css=&#8220;.vc_custom_1658211213670{margin-bottom: 0px !important;}&#8220;]Das RIDA\u00aeUNITY System bietet Ihnen eine flexible, intuitive und universelle L\u00f6sung f\u00fcr einen vollautomatischen Workflow in der molekularen Diagnostik.[\/vc_column_text][vc_empty_space][\/vc_column][\/vc_row][vc_row][vc_column width=&#8220;1\/3&#8243;][mk_flipbox min_height=&#8220;100&#8243; image=&#8220;https:\/\/devclinical.r-biopharm.com\/wp-content\/uploads\/2022\/07\/2022_rida-unity-bacterial-stool-panel_600x300px.jpg&#8220; front_title=&#8220;RIDA\u00aeUNITY Bacterial Stool Panel&#8220; front_title_size=&#8220;18&#8243; back_title=&#8220;RIDA\u00aeUNITY Bacterial Stool Panel (Art. Nr. UN2405)&#8220; back_title_size=&#8220;18&#8243; font_weight=&#8220;400&#8243; front_desc_size=&#8220;16&#8243; back_desc_size=&#8220;16&#8243; button_url=&#8220;https:\/\/devclinical.r-biopharm.com\/products\/ridaunity-bacterial-stool-panel\/&#8220; button_target=&#8220;_blank&#8220; button_text=&#8220;Produkt ansehen&#8220; button_bg_color=&#8220;#4d4d4d&#8220; button_bg_hover_color=&#8220;#ffffff&#8220; el_class=&#8220;flippy&#8220;][vc_empty_space][\/vc_column][vc_column width=&#8220;1\/3&#8243;][mk_flipbox min_height=&#8220;100&#8243; image=&#8220;https:\/\/devclinical.r-biopharm.com\/wp-content\/uploads\/2022\/08\/un2205-ridaunity-ehec-epec_laboratory_ebenen_rgb_600x300px_2022-05.jpg&#8220; front_title=&#8220;RIDA\u00aeUNITY EHEC\/EPEC&#8220; front_title_size=&#8220;18&#8243; back_title=&#8220;RIDA\u00aeUNITY [&hellip;]","og_url":"https:\/\/devclinical.r-biopharm.com\/de\/ridaunity-pcr-assays\/","og_site_name":"\ud83d\udea8\ud83d\udea8\ud83d\udea8 Staging!!! Clinical Diagnostics \ud83d\udea8\ud83d\udea8\ud83d\udea8","article_modified_time":"2023-01-26T13:27:18+00:00","twitter_misc":{"Gesch\u00e4tzte Lesezeit":"2\u00a0Minuten"},"schema":{"@context":"https:\/\/schema.org","@graph":[{"@type":"WebPage","@id":"https:\/\/devclinical.r-biopharm.com\/de\/ridaunity-pcr-assays\/","url":"https:\/\/devclinical.r-biopharm.com\/de\/ridaunity-pcr-assays\/","name":"RIDA\u00aeUNITY PCR-Assays - \ud83d\udea8\ud83d\udea8\ud83d\udea8 Staging!!! Clinical Diagnostics \ud83d\udea8\ud83d\udea8\ud83d\udea8","isPartOf":{"@id":"https:\/\/devdevclinical.r-biopharm.com\/#website"},"datePublished":"2022-07-19T05:51:02+00:00","dateModified":"2023-01-26T13:27:18+00:00","breadcrumb":{"@id":"https:\/\/devclinical.r-biopharm.com\/de\/ridaunity-pcr-assays\/#breadcrumb"},"inLanguage":"de","potentialAction":[{"@type":"ReadAction","target":["https:\/\/devclinical.r-biopharm.com\/de\/ridaunity-pcr-assays\/"]}]},{"@type":"BreadcrumbList","@id":"https:\/\/devclinical.r-biopharm.com\/de\/ridaunity-pcr-assays\/#breadcrumb","itemListElement":[{"@type":"ListItem","position":1,"name":"Home","item":"https:\/\/devclinical.r-biopharm.com\/de\/"},{"@type":"ListItem","position":2,"name":"RIDA\u00aeUNITY PCR-Assays"}]},{"@type":"WebSite","@id":"https:\/\/devdevclinical.r-biopharm.com\/#website","url":"https:\/\/devdevclinical.r-biopharm.com\/","name":"\ud83d\udea8\ud83d\udea8\ud83d\udea8 Staging!!! Clinical Diagnostics \ud83d\udea8\ud83d\udea8\ud83d\udea8","description":"A Division of the R-Biopharm Group","potentialAction":[{"@type":"SearchAction","target":{"@type":"EntryPoint","urlTemplate":"https:\/\/devdevclinical.r-biopharm.com\/?s={search_term_string}"},"query-input":"required name=search_term_string"}],"inLanguage":"de"}]}},"_links":{"self":[{"href":"https:\/\/devclinical.r-biopharm.com\/de\/wp-json\/wp\/v2\/pages\/169767"}],"collection":[{"href":"https:\/\/devclinical.r-biopharm.com\/de\/wp-json\/wp\/v2\/pages"}],"about":[{"href":"https:\/\/devclinical.r-biopharm.com\/de\/wp-json\/wp\/v2\/types\/page"}],"author":[{"embeddable":true,"href":"https:\/\/devclinical.r-biopharm.com\/de\/wp-json\/wp\/v2\/users\/1"}],"replies":[{"embeddable":true,"href":"https:\/\/devclinical.r-biopharm.com\/de\/wp-json\/wp\/v2\/comments?post=169767"}],"version-history":[{"count":16,"href":"https:\/\/devclinical.r-biopharm.com\/de\/wp-json\/wp\/v2\/pages\/169767\/revisions"}],"predecessor-version":[{"id":172471,"href":"https:\/\/devclinical.r-biopharm.com\/de\/wp-json\/wp\/v2\/pages\/169767\/revisions\/172471"}],"wp:attachment":[{"href":"https:\/\/devclinical.r-biopharm.com\/de\/wp-json\/wp\/v2\/media?parent=169767"}],"curies":[{"name":"wp","href":"https:\/\/api.w.org\/{rel}","templated":true}]}}