{"id":175878,"date":"2025-01-21T09:40:41","date_gmt":"2025-01-21T08:40:41","guid":{"rendered":"https:\/\/devclinical.r-biopharm.com\/diagnostik\/tuberkulose\/"},"modified":"2025-06-26T09:20:30","modified_gmt":"2025-06-26T07:20:30","slug":"tuberkulose","status":"publish","type":"page","link":"https:\/\/devclinical.r-biopharm.com\/de\/diagnostik\/tuberkulose\/","title":{"rendered":"Tuberkulose"},"content":{"rendered":"\n<blockquote class=\"wp-block-quote\" style=\"padding-top:18px; position: relative;\">\r\n  <h2 class=\"wp-block-heading\" style=\"margin-bottom:0;\">\r\n    <span style=\"font-size:21px;\">Die Tuberkulose ist nach wie vor die weltweit h\u00e4ufigste Infektionskrankheit mit t\u00f6dlichem Ausgang.<\/span>\r\n  <\/h2>\r\n  <cite>WHO &#8211; Tuberkulose-Bericht 2024<\/cite>\r\n  <svg class=\"mk-svg-icon2\" xmlns=\"http:\/\/www.w3.org\/2000\/svg\" fill=\"#ba7aad\" viewbox=\"0 0 1664 1792\" style=\"position: absolute; left: 20px; top: 20px; width: 32px; height: 35px;\">\r\n    <path d=\"M768 960v384q0 80-56 136t-136 56h-384q-80 0-136-56t-56-136v-704q0-104 40.5-198.5t109.5-163.5 163.5-109.5 198.5-40.5h64q26 0 45 19t19 45v128q0 26-19 45t-45 19h-64q-106 0-181 75t-75 181v32q0 40 28 68t68 28h224q80 0 136 56t56 136zm896 0v384q0 80-56 136t-136 56h-384q-80 0-136-56t-56-136v-704q0-104 40.5-198.5t109.5-163.5 163.5-109.5 198.5-40.5h64q26 0 45 19t19 45v128q0 26-19 45t-45 19h-64q-106 0-181 75t-75 181v32q0 40 28 68t68 28h224q80 0 136 56t56 136z\"><\/path>\r\n  <\/svg>\r\n<\/blockquote>\n\n\n\n<div style=\"height:15px\" aria-hidden=\"true\" class=\"wp-block-spacer\"><\/div>\n\n\n\n<div class=\"wp-block-media-text is-stacked-on-mobile\" style=\"grid-template-columns:15% auto\"><figure class=\"wp-block-media-text__media\"><img loading=\"lazy\" decoding=\"async\" width=\"1024\" height=\"1024\" src=\"https:\/\/devclinical.r-biopharm.com\/wp-content\/uploads\/2025\/01\/icon-01-b-1024x1024.png\" alt=\"\" class=\"wp-image-175455 size-full\" srcset=\"https:\/\/devclinical.r-biopharm.com\/wp-content\/uploads\/2025\/01\/icon-01-b-1024x1024.png 1024w, https:\/\/devclinical.r-biopharm.com\/wp-content\/uploads\/2025\/01\/icon-01-b-300x300.png 300w, https:\/\/devclinical.r-biopharm.com\/wp-content\/uploads\/2025\/01\/icon-01-b-150x150.png 150w, https:\/\/devclinical.r-biopharm.com\/wp-content\/uploads\/2025\/01\/icon-01-b-768x768.png 768w, https:\/\/devclinical.r-biopharm.com\/wp-content\/uploads\/2025\/01\/icon-01-b-1536x1536.png 1536w, https:\/\/devclinical.r-biopharm.com\/wp-content\/uploads\/2025\/01\/icon-01-b-2048x2048.png 2048w, https:\/\/devclinical.r-biopharm.com\/wp-content\/uploads\/2025\/01\/icon-01-b-60x60.png 60w, https:\/\/devclinical.r-biopharm.com\/wp-content\/uploads\/2025\/01\/icon-01-b.png 600w\" sizes=\"(max-width: 1024px) 100vw, 1024px\" \/><\/figure><div class=\"wp-block-media-text__content\">\n<p>Im Jahr 2023 erkrankten 10,8 Millionen Menschen an Tuberkulose und 1,25 Millionen verloren ihr Leben.<br><small>(WHO &#8211; Tuberkulose-Bericht 2024)<\/small><\/p>\n<\/div><\/div>\n\n\n\n<div class=\"wp-block-media-text is-stacked-on-mobile\" style=\"grid-template-columns:15% auto\"><figure class=\"wp-block-media-text__media\"><img loading=\"lazy\" decoding=\"async\" width=\"1024\" height=\"1024\" src=\"https:\/\/devclinical.r-biopharm.com\/wp-content\/uploads\/2025\/01\/icon-02-a-1024x1024.png\" alt=\"\" class=\"wp-image-175446 size-full\" srcset=\"https:\/\/devclinical.r-biopharm.com\/wp-content\/uploads\/2025\/01\/icon-02-a-1024x1024.png 1024w, https:\/\/devclinical.r-biopharm.com\/wp-content\/uploads\/2025\/01\/icon-02-a-300x300.png 300w, https:\/\/devclinical.r-biopharm.com\/wp-content\/uploads\/2025\/01\/icon-02-a-150x150.png 150w, https:\/\/devclinical.r-biopharm.com\/wp-content\/uploads\/2025\/01\/icon-02-a-768x768.png 768w, https:\/\/devclinical.r-biopharm.com\/wp-content\/uploads\/2025\/01\/icon-02-a-1536x1536.png 1536w, https:\/\/devclinical.r-biopharm.com\/wp-content\/uploads\/2025\/01\/icon-02-a-2048x2048.png 2048w, https:\/\/devclinical.r-biopharm.com\/wp-content\/uploads\/2025\/01\/icon-02-a-60x60.png 60w, https:\/\/devclinical.r-biopharm.com\/wp-content\/uploads\/2025\/01\/icon-02-a.png 600w\" sizes=\"(max-width: 1024px) 100vw, 1024px\" \/><\/figure><div class=\"wp-block-media-text__content\">\n<p>Etwa ein Viertel der Weltbev\u00f6lkerung ist von einer latenten Tuberkulose betroffen, bei der das Risiko besteht, dass sich eine aktive Tuberkulose entwickelt.<\/p>\n<\/div><\/div>\n\n\n\n<div class=\"wp-block-media-text is-stacked-on-mobile\" style=\"grid-template-columns:15% auto\"><figure class=\"wp-block-media-text__media\"><img loading=\"lazy\" decoding=\"async\" width=\"1024\" height=\"1024\" src=\"https:\/\/devclinical.r-biopharm.com\/wp-content\/uploads\/2025\/01\/icon-03-1024x1024.png\" alt=\"\" class=\"wp-image-175394 size-full\" srcset=\"https:\/\/devclinical.r-biopharm.com\/wp-content\/uploads\/2025\/01\/icon-03-1024x1024.png 1024w, https:\/\/devclinical.r-biopharm.com\/wp-content\/uploads\/2025\/01\/icon-03-300x300.png 300w, https:\/\/devclinical.r-biopharm.com\/wp-content\/uploads\/2025\/01\/icon-03-150x150.png 150w, https:\/\/devclinical.r-biopharm.com\/wp-content\/uploads\/2025\/01\/icon-03-768x768.png 768w, https:\/\/devclinical.r-biopharm.com\/wp-content\/uploads\/2025\/01\/icon-03-1536x1536.png 1536w, https:\/\/devclinical.r-biopharm.com\/wp-content\/uploads\/2025\/01\/icon-03-2048x2048.png 2048w, https:\/\/devclinical.r-biopharm.com\/wp-content\/uploads\/2025\/01\/icon-03-60x60.png 60w, https:\/\/devclinical.r-biopharm.com\/wp-content\/uploads\/2025\/01\/icon-03.png 600w\" sizes=\"(max-width: 1024px) 100vw, 1024px\" \/><\/figure><div class=\"wp-block-media-text__content\">\n<p>Die fr\u00fchzeitige und zuverl\u00e4ssige Erkennung und Behandlung von Tuberkulose ist entscheidend, um die \u00dcbertragungskette zu durchbrechen und die Tuberkulose weltweit zu eliminieren.<\/p>\n<\/div><\/div>\n\n\n\n<div style=\"height:30px\" aria-hidden=\"true\" class=\"wp-block-spacer\"><\/div>\n\n\n\n<h2 class=\"wp-block-heading\">Tuberkulose-Diagnosel\u00f6sungen auf der Grundlage des neuen Markers IP-10<\/h2>\n\n\n\n<p>Nur drei Stimulationsr\u00f6hrchen und einen der zugeh\u00f6rigen Tests &#8211; entweder ELISA oder Lateral Flow \u2013 werden ben\u00f6tigt um Tuberkulose (TB) in allen Umgebungen, vom voll ausgestatteten Labor bis hin zu abgelegenen Standorten, zu bek\u00e4mpfen.<\/p>\n\n\n\n<p>Die TB-Diagnostik von R-Biopharm (<strong>CE IVDR<\/strong>) basiert auf dem Nachweis des Biomarkers IP-10 (Interferon-gamma-induziertes Protein 10), der nach spezifischer T-Zell-Stimulation mit Tuberkulose-Antigenen in bis zu 100-fach h\u00f6heren Konzentrationen als Interferon- \u03b3 (IFN\u2014\u03b3) vorliegt. IP-10 ist ein Chemokin, das als Reaktion auf IFN-\u03b3 freigesetzt wird und eine wichtige Rolle bei der Entz\u00fcndungsreaktion spielt.<\/p>\n\n\n\n<p>Diese neue Generation der TB-Diagnostik stellt damit einen gro\u00dfen Fortschritt gegen\u00fcber den herk\u00f6mmlichen Tests auf latente TB dar. Sie bietet Fachkr\u00e4ften des Gesundheitswesens eine einfache, zuverl\u00e4ssige, effiziente und leicht zug\u00e4ngliche Diagnostik f\u00fcr jedes Umfeld.<\/p>\n\n\n\n<div style=\"height:30px\" aria-hidden=\"true\" class=\"wp-block-spacer\"><\/div>\n\n\n\n<div class=\"wp-block-group is-layout-constrained wp-block-group-is-layout-constrained\"><div class=\"wp-block-group__inner-container\">\n<h2 class=\"wp-block-heading\">IP-10 und TB<\/h2>\n\n\n\n<ul>\n<li><strong>Etablierter Marker:<\/strong> IP-10 ist ein gut untersuchter Biomarker, dessen Zusammenhang mit TB in zahlreichen Ver\u00f6ffentlichungen nachgewiesen wurde.<\/li>\n\n\n\n<li><strong>Umfassendes Expressionsprofil:<\/strong> IP-10 steht in direktem Zusammenhang mit der Freisetzung von IFN-\u03b3. Es ist nicht auf die Aktivierung von T-Zellen beschr\u00e4nkt, sondern wird auch von anderen Immunzellen produziert, was zu deutlich h\u00f6heren Konzentrationen f\u00fchrt.<\/li>\n\n\n\n<li><strong>Empfindlichkeit:<\/strong> Das vorteilhafte Expressionsprofil von IP-10 kann zu einer verbesserten Empfindlichkeit beitragen, insbesondere bei anspruchsvollen Patientenkollektiven.<\/li>\n<\/ul>\n<\/div><\/div>\n\n\n\n<div style=\"height:30px\" aria-hidden=\"true\" class=\"wp-block-spacer\"><\/div>\n\n\n\n<h2 class=\"wp-block-heading\">Produkte<\/h2>\n\n\n\n<div class=\"wp-block-media-text is-stacked-on-mobile is-vertically-aligned-top\" style=\"grid-template-columns:30% auto\"><figure class=\"wp-block-media-text__media\"><img loading=\"lazy\" decoding=\"async\" width=\"1024\" height=\"1024\" src=\"https:\/\/devclinical.r-biopharm.com\/wp-content\/uploads\/2025\/01\/image-01-v4-1024x1024.jpg\" alt=\"\" class=\"wp-image-175648 size-medium\" srcset=\"https:\/\/devclinical.r-biopharm.com\/wp-content\/uploads\/2025\/01\/image-01-v4-1024x1024.jpg 1024w, https:\/\/devclinical.r-biopharm.com\/wp-content\/uploads\/2025\/01\/image-01-v4-300x300.jpg 300w, https:\/\/devclinical.r-biopharm.com\/wp-content\/uploads\/2025\/01\/image-01-v4-150x150.jpg 150w, https:\/\/devclinical.r-biopharm.com\/wp-content\/uploads\/2025\/01\/image-01-v4-1536x1536.jpg 1536w, https:\/\/devclinical.r-biopharm.com\/wp-content\/uploads\/2025\/01\/image-01-v4-2048x2048.jpg 2048w, https:\/\/devclinical.r-biopharm.com\/wp-content\/uploads\/2025\/01\/image-01-v4-60x60.jpg 60w\" sizes=\"(max-width: 1024px) 100vw, 1024px\" \/><\/figure><div class=\"wp-block-media-text__content\">\n<p><img decoding=\"async\" style=\"width: 60px;\" src=\"\/wp-content\/uploads\/2025\/01\/icon_a.png\" alt=\"\"><strong>RIDA\u00ae TB Tubes<\/strong>  <small>(CE IVDR)<\/small><\/p>\n\n\n\n<ul>\n<li>Nur 3 sterile Induktionsr\u00f6hrchen pro Patient<\/li>\n\n\n\n<li>3 Vakuum-Blutentnahmer\u00f6hrchen f\u00fcr die <strong>direkte Blutentnahme<\/strong> (negative Kontrolle, TB-spezifisches Testr\u00f6hrchen, unspezifische positive Kontrolle)<\/li>\n\n\n\n<li>ESAT-6 und CFP-10 als etablierte und spezifische TB-Antigene<\/li>\n\n\n\n<li>IP-10 induction in just <strong>16 h<\/strong><\/li>\n\n\n\n<li>Minimierte Wartezeiten<\/li>\n<\/ul>\n\n\n\n<p><small>&nbsp;<\/small><\/p>\n<\/div><\/div>\n\n\n\n<div class=\"wp-block-media-text is-stacked-on-mobile is-vertically-aligned-top\" style=\"grid-template-columns:30% auto\"><figure class=\"wp-block-media-text__media\"><img loading=\"lazy\" decoding=\"async\" width=\"1024\" height=\"1024\" src=\"https:\/\/devclinical.r-biopharm.com\/wp-content\/uploads\/2025\/01\/image-02-v8-1024x1024.jpg\" alt=\"\" class=\"wp-image-175655 size-medium\" srcset=\"https:\/\/devclinical.r-biopharm.com\/wp-content\/uploads\/2025\/01\/image-02-v8-1024x1024.jpg 1024w, https:\/\/devclinical.r-biopharm.com\/wp-content\/uploads\/2025\/01\/image-02-v8-300x300.jpg 300w, https:\/\/devclinical.r-biopharm.com\/wp-content\/uploads\/2025\/01\/image-02-v8-150x150.jpg 150w, https:\/\/devclinical.r-biopharm.com\/wp-content\/uploads\/2025\/01\/image-02-v8-1536x1536.jpg 1536w, https:\/\/devclinical.r-biopharm.com\/wp-content\/uploads\/2025\/01\/image-02-v8-2048x2048.jpg 2048w, https:\/\/devclinical.r-biopharm.com\/wp-content\/uploads\/2025\/01\/image-02-v8-60x60.jpg 60w\" sizes=\"(max-width: 1024px) 100vw, 1024px\" \/><\/figure><div class=\"wp-block-media-text__content\">\n<p><img decoding=\"async\" style=\"width: 60px;\" src=\"\/wp-content\/uploads\/2025\/01\/icon_b-v2.png\" alt=\"\"><strong>RIDA\u00aeQUICK TB<\/strong> <small>(CE IVDR)<\/small><\/p>\n\n\n\n<ul>\n<li>Lateral Flow Test &#8211; optimal f\u00fcr <strong>dezentrales Testen<\/strong><\/li>\n\n\n\n<li><strong>Eine Testkassette pro Patient<\/strong> f\u00fcr eine einfache Handhabung<\/li>\n\n\n\n<li>Ergebnisse in nur 15 Minuten, die eine sofortige Entscheidungsfindung erm\u00f6glichen<\/li>\n\n\n\n<li>Robuste kolloidale Goldtechnologie, die weniger lichtempfindlich ist und daher in allen Bereichen zuverl\u00e4ssig funktioniert (keine Fluoreszenz erforderlich)<\/li>\n\n\n\n<li>Einfaches Auslesen und Interpretieren der Ergebnisse mit dem RIDA\u00aeQ3-Reader<\/li>\n<\/ul>\n<\/div><\/div>\n\n\n\n<div class=\"wp-block-media-text is-stacked-on-mobile is-vertically-aligned-top\" style=\"grid-template-columns:30% auto\"><figure class=\"wp-block-media-text__media\"><img loading=\"lazy\" decoding=\"async\" width=\"1024\" height=\"1024\" src=\"https:\/\/devclinical.r-biopharm.com\/wp-content\/uploads\/2025\/01\/image-03-v7-1024x1024.jpg\" alt=\"\" class=\"wp-image-175370 size-medium\" srcset=\"https:\/\/devclinical.r-biopharm.com\/wp-content\/uploads\/2025\/01\/image-03-v7-1024x1024.jpg 1024w, https:\/\/devclinical.r-biopharm.com\/wp-content\/uploads\/2025\/01\/image-03-v7-300x300.jpg 300w, https:\/\/devclinical.r-biopharm.com\/wp-content\/uploads\/2025\/01\/image-03-v7-150x150.jpg 150w, https:\/\/devclinical.r-biopharm.com\/wp-content\/uploads\/2025\/01\/image-03-v7-1536x1536.jpg 1536w, https:\/\/devclinical.r-biopharm.com\/wp-content\/uploads\/2025\/01\/image-03-v7-2048x2048.jpg 2048w, https:\/\/devclinical.r-biopharm.com\/wp-content\/uploads\/2025\/01\/image-03-v7-60x60.jpg 60w\" sizes=\"(max-width: 1024px) 100vw, 1024px\" \/><\/figure><div class=\"wp-block-media-text__content\">\n<p><img decoding=\"async\" style=\"width: 60px;\" src=\"\/wp-content\/uploads\/2025\/01\/icon_c.png\" alt=\"\"><strong>RIDASCREEN\u00ae TB<\/strong> <small>(CE IVDR)<\/small><\/p>\n\n\n\n<ul>\n<li>ELISA-Test geeignet f\u00fcr die <strong>manuelle und automatisierte* Abarbeitung<\/strong><\/li>\n\n\n\n<li>Bis zu <strong>28 Bestimmungen pro Platte<\/strong><\/li>\n\n\n\n<li>F\u00fcr einen mittleren bis hohen Durchsatz<\/li>\n\n\n\n<li>Minimierte Wartezeiten<\/li>\n\n\n\n<li><strong>Alle erforderlichen Reagenzien<\/strong> in einem Kit f\u00fcr eine einfache Abarbeitung enthalten<\/li>\n<\/ul>\n\n\n\n<p><small style=\"margin-left:20px;\">* Protokoll vorhanden\/Validierung durch den Kunden<\/small><\/p>\n<\/div><\/div>\n\n\n\n<div style=\"height:30px\" aria-hidden=\"true\" class=\"wp-block-spacer\"><\/div>\n\n\n\n<h2 class=\"wp-block-heading\">Arbeitsablauf des IP-10-Tests<\/h2>\n\n\n\n<figure class=\"wp-block-image size-large\"><img loading=\"lazy\" decoding=\"async\" width=\"2038\" height=\"1334\" src=\"https:\/\/devclinical.r-biopharm.com\/wp-content\/uploads\/2025\/06\/ip-10_assay_workflow_de_2025-02.png\" alt=\"\" class=\"wp-image-175880\" srcset=\"https:\/\/devclinical.r-biopharm.com\/wp-content\/uploads\/2025\/06\/ip-10_assay_workflow_de_2025-02.png 2038w, https:\/\/devclinical.r-biopharm.com\/wp-content\/uploads\/2025\/06\/ip-10_assay_workflow_de_2025-02-768x502.png 768w\" sizes=\"(max-width: 2038px) 100vw, 2038px\" \/><\/figure>\n\n\n\n<div style=\"height:30px\" aria-hidden=\"true\" class=\"wp-block-spacer\"><\/div>\n\n\n\n<h2 class=\"wp-block-heading\">Leistungsdaten<\/h2>\n\n\n\n<p>Leistung im Vergleich zu QuantiFERON\u00ae-TB Gold Plus (QFT-Plus).<\/p>\n\n\n\n<p>Multizentrische diagnostische Studie mit 339 Patienten aus 7 Studienzentren in Deutschland und S\u00fcdafrika.<\/p>\n\n\n\n<h3 class=\"wp-block-heading\">85,2 % Sensitivit\u00e4t bei aktiven TB-Patienten gegen\u00fcber 71,7 % QFT-Plus<\/h3>\n\n\n\n<ul>\n<li>PPA und NPA mit QTF-Plus\n<ul>\n<li>Positive prozentuale \u00dcbereinstimmung 96,9 %<\/li>\n\n\n\n<li>Negative prozentuale \u00dcbereinstimmung 86,9 % <em>(Negative prozentuale \u00dcbereinstimmung niedriger aufgrund h\u00f6herer Empfindlichkeit des RIDASCREEN\u00ae TB bei klinisch best\u00e4tigten aktiven TB-Patienten<\/em>)<\/li>\n<\/ul>\n<\/li>\n<\/ul>\n\n\n\n<p><\/p>\n\n\n\n<ul>\n<li>Starke \u00dcbereinstimmung zwischen RIDA\u00aeQUICK TB und RIDASCREEN\u00ae TB\n<ul>\n<li>Positive prozentuale \u00dcbereinstimmung 92,1 %<\/li>\n\n\n\n<li>Negative prozentuale \u00dcbereinstimmung 98,9 %<\/li>\n<\/ul>\n<\/li>\n<\/ul>\n\n\n\n<p><\/p>\n\n\n\n<div style=\"height:30px\" aria-hidden=\"true\" class=\"wp-block-spacer\"><\/div>\n\n\n\n<h2 class=\"wp-block-heading\">Kontaktieren Sie uns f\u00fcr weitere Informationen<\/h2>\n\n\n\n<script charset=\"utf-8\" type=\"text\/javascript\" src=\"\/\/js.hsforms.net\/forms\/embed\/v2.js\"><\/script>\n<script>\n\n  hbspt.forms.create({\n\n    portalId: \"4832203\",\n\n    formId: \"f431c2c6-9c5e-4a7d-9488-2c4592a34847\",\n\n    region: \"na1\"\n\n  });\n<\/script>\n\n","protected":false},"excerpt":{"rendered":"<p>Die Tuberkulose ist nach wie vor die weltweit h\u00e4ufigste Infektionskrankheit mit t\u00f6dlichem Ausgang. WHO &#8211; Tuberkulose-Bericht 2024 Im Jahr 2023 erkrankten 10,8 Millionen Menschen an Tuberkulose und 1,25 Millionen verloren ihr Leben.(WHO &#8211; Tuberkulose-Bericht 2024) Etwa ein Viertel der Weltbev\u00f6lkerung ist von einer latenten Tuberkulose betroffen, bei der das Risiko besteht, dass sich eine aktive [&hellip;]<\/p>\n","protected":false},"author":1190,"featured_media":0,"parent":69758,"menu_order":-1,"comment_status":"closed","ping_status":"closed","template":"","meta":{"content-type":"","_relevanssi_hide_post":"","_relevanssi_hide_content":"","_relevanssi_pin_for_all":"","_relevanssi_pin_keywords":"","_relevanssi_unpin_keywords":"","_relevanssi_related_keywords":"","_relevanssi_related_include_ids":"","_relevanssi_related_exclude_ids":"","_relevanssi_related_no_append":"","_relevanssi_related_not_related":"","_relevanssi_related_posts":"175843,41506,86569,10989,172675,97244","_relevanssi_noindex_reason":"","footnotes":""},"acf":[],"yoast_head":"<!-- This site is optimized with the Yoast SEO plugin v21.9 - https:\/\/yoast.com\/wordpress\/plugins\/seo\/ -->\n<title>Tuberculosis diagnostics based on IP-10 marker (CE IVDR appd)<\/title>\n<meta name=\"description\" content=\"R-Biopharm&#039;s new generation TB diagnostic achieves 85.2% sensitivity in active TB patients versus 71.7% for QuantiFERON\u00ae-TB Gold Plus.\" \/>\n<meta name=\"robots\" content=\"noindex, follow, max-snippet:-1, max-image-preview:large, max-video-preview:-1\" \/>\n<meta property=\"og:locale\" content=\"de_DE\" \/>\n<meta property=\"og:type\" content=\"article\" \/>\n<meta property=\"og:title\" content=\"Tuberculosis diagnostics based on IP-10 marker (CE IVDR appd)\" \/>\n<meta property=\"og:description\" content=\"R-Biopharm&#039;s new generation TB diagnostic achieves 85.2% sensitivity in active TB patients versus 71.7% for QuantiFERON\u00ae-TB Gold Plus.\" \/>\n<meta property=\"og:url\" content=\"https:\/\/devclinical.r-biopharm.com\/de\/diagnostik\/tuberkulose\/\" \/>\n<meta property=\"og:site_name\" content=\"\ud83d\udea8\ud83d\udea8\ud83d\udea8 Staging!!! Clinical Diagnostics \ud83d\udea8\ud83d\udea8\ud83d\udea8\" \/>\n<meta property=\"article:modified_time\" content=\"2025-06-26T07:20:30+00:00\" \/>\n<meta property=\"og:image\" content=\"https:\/\/devclinical.r-biopharm.com\/wp-content\/uploads\/2025\/01\/icon-01-b-1024x1024.png\" \/>\n<meta name=\"twitter:label1\" content=\"Gesch\u00e4tzte Lesezeit\" \/>\n\t<meta name=\"twitter:data1\" content=\"5\u00a0Minuten\" \/>\n<script type=\"application\/ld+json\" class=\"yoast-schema-graph\">{\"@context\":\"https:\/\/schema.org\",\"@graph\":[{\"@type\":\"WebPage\",\"@id\":\"https:\/\/devclinical.r-biopharm.com\/de\/diagnostik\/tuberkulose\/\",\"url\":\"https:\/\/devclinical.r-biopharm.com\/de\/diagnostik\/tuberkulose\/\",\"name\":\"Tuberculosis diagnostics based on IP-10 marker (CE IVDR appd)\",\"isPartOf\":{\"@id\":\"https:\/\/devdevclinical.r-biopharm.com\/#website\"},\"datePublished\":\"2025-01-21T08:40:41+00:00\",\"dateModified\":\"2025-06-26T07:20:30+00:00\",\"description\":\"R-Biopharm's new generation TB diagnostic achieves 85.2% sensitivity in active TB patients versus 71.7% for QuantiFERON\u00ae-TB Gold Plus.\",\"breadcrumb\":{\"@id\":\"https:\/\/devclinical.r-biopharm.com\/de\/diagnostik\/tuberkulose\/#breadcrumb\"},\"inLanguage\":\"de\",\"potentialAction\":[{\"@type\":\"ReadAction\",\"target\":[\"https:\/\/devclinical.r-biopharm.com\/de\/diagnostik\/tuberkulose\/\"]}]},{\"@type\":\"BreadcrumbList\",\"@id\":\"https:\/\/devclinical.r-biopharm.com\/de\/diagnostik\/tuberkulose\/#breadcrumb\",\"itemListElement\":[{\"@type\":\"ListItem\",\"position\":1,\"name\":\"Home\",\"item\":\"https:\/\/devclinical.r-biopharm.com\/de\/\"},{\"@type\":\"ListItem\",\"position\":2,\"name\":\"Diagnostik\",\"item\":\"https:\/\/devclinical.r-biopharm.com\/de\/diagnostik\/\"},{\"@type\":\"ListItem\",\"position\":3,\"name\":\"Tuberkulose\"}]},{\"@type\":\"WebSite\",\"@id\":\"https:\/\/devdevclinical.r-biopharm.com\/#website\",\"url\":\"https:\/\/devdevclinical.r-biopharm.com\/\",\"name\":\"\ud83d\udea8\ud83d\udea8\ud83d\udea8 Staging!!! Clinical Diagnostics \ud83d\udea8\ud83d\udea8\ud83d\udea8\",\"description\":\"A Division of the R-Biopharm Group\",\"potentialAction\":[{\"@type\":\"SearchAction\",\"target\":{\"@type\":\"EntryPoint\",\"urlTemplate\":\"https:\/\/devdevclinical.r-biopharm.com\/?s={search_term_string}\"},\"query-input\":\"required name=search_term_string\"}],\"inLanguage\":\"de\"}]}<\/script>\n<!-- \/ Yoast SEO plugin. -->","yoast_head_json":{"title":"Tuberculosis diagnostics based on IP-10 marker (CE IVDR appd)","description":"R-Biopharm's new generation TB diagnostic achieves 85.2% sensitivity in active TB patients versus 71.7% for QuantiFERON\u00ae-TB Gold Plus.","robots":{"index":"noindex","follow":"follow","max-snippet":"max-snippet:-1","max-image-preview":"max-image-preview:large","max-video-preview":"max-video-preview:-1"},"og_locale":"de_DE","og_type":"article","og_title":"Tuberculosis diagnostics based on IP-10 marker (CE IVDR appd)","og_description":"R-Biopharm's new generation TB diagnostic achieves 85.2% sensitivity in active TB patients versus 71.7% for QuantiFERON\u00ae-TB Gold Plus.","og_url":"https:\/\/devclinical.r-biopharm.com\/de\/diagnostik\/tuberkulose\/","og_site_name":"\ud83d\udea8\ud83d\udea8\ud83d\udea8 Staging!!! Clinical Diagnostics \ud83d\udea8\ud83d\udea8\ud83d\udea8","article_modified_time":"2025-06-26T07:20:30+00:00","og_image":[{"url":"https:\/\/devclinical.r-biopharm.com\/wp-content\/uploads\/2025\/01\/icon-01-b-1024x1024.png"}],"twitter_misc":{"Gesch\u00e4tzte Lesezeit":"5\u00a0Minuten"},"schema":{"@context":"https:\/\/schema.org","@graph":[{"@type":"WebPage","@id":"https:\/\/devclinical.r-biopharm.com\/de\/diagnostik\/tuberkulose\/","url":"https:\/\/devclinical.r-biopharm.com\/de\/diagnostik\/tuberkulose\/","name":"Tuberculosis diagnostics based on IP-10 marker (CE IVDR appd)","isPartOf":{"@id":"https:\/\/devdevclinical.r-biopharm.com\/#website"},"datePublished":"2025-01-21T08:40:41+00:00","dateModified":"2025-06-26T07:20:30+00:00","description":"R-Biopharm's new generation TB diagnostic achieves 85.2% sensitivity in active TB patients versus 71.7% for QuantiFERON\u00ae-TB Gold Plus.","breadcrumb":{"@id":"https:\/\/devclinical.r-biopharm.com\/de\/diagnostik\/tuberkulose\/#breadcrumb"},"inLanguage":"de","potentialAction":[{"@type":"ReadAction","target":["https:\/\/devclinical.r-biopharm.com\/de\/diagnostik\/tuberkulose\/"]}]},{"@type":"BreadcrumbList","@id":"https:\/\/devclinical.r-biopharm.com\/de\/diagnostik\/tuberkulose\/#breadcrumb","itemListElement":[{"@type":"ListItem","position":1,"name":"Home","item":"https:\/\/devclinical.r-biopharm.com\/de\/"},{"@type":"ListItem","position":2,"name":"Diagnostik","item":"https:\/\/devclinical.r-biopharm.com\/de\/diagnostik\/"},{"@type":"ListItem","position":3,"name":"Tuberkulose"}]},{"@type":"WebSite","@id":"https:\/\/devdevclinical.r-biopharm.com\/#website","url":"https:\/\/devdevclinical.r-biopharm.com\/","name":"\ud83d\udea8\ud83d\udea8\ud83d\udea8 Staging!!! Clinical Diagnostics \ud83d\udea8\ud83d\udea8\ud83d\udea8","description":"A Division of the R-Biopharm Group","potentialAction":[{"@type":"SearchAction","target":{"@type":"EntryPoint","urlTemplate":"https:\/\/devdevclinical.r-biopharm.com\/?s={search_term_string}"},"query-input":"required name=search_term_string"}],"inLanguage":"de"}]}},"_links":{"self":[{"href":"https:\/\/devclinical.r-biopharm.com\/de\/wp-json\/wp\/v2\/pages\/175878"}],"collection":[{"href":"https:\/\/devclinical.r-biopharm.com\/de\/wp-json\/wp\/v2\/pages"}],"about":[{"href":"https:\/\/devclinical.r-biopharm.com\/de\/wp-json\/wp\/v2\/types\/page"}],"author":[{"embeddable":true,"href":"https:\/\/devclinical.r-biopharm.com\/de\/wp-json\/wp\/v2\/users\/1190"}],"replies":[{"embeddable":true,"href":"https:\/\/devclinical.r-biopharm.com\/de\/wp-json\/wp\/v2\/comments?post=175878"}],"version-history":[{"count":7,"href":"https:\/\/devclinical.r-biopharm.com\/de\/wp-json\/wp\/v2\/pages\/175878\/revisions"}],"predecessor-version":[{"id":175893,"href":"https:\/\/devclinical.r-biopharm.com\/de\/wp-json\/wp\/v2\/pages\/175878\/revisions\/175893"}],"up":[{"embeddable":true,"href":"https:\/\/devclinical.r-biopharm.com\/de\/wp-json\/wp\/v2\/pages\/69758"}],"wp:attachment":[{"href":"https:\/\/devclinical.r-biopharm.com\/de\/wp-json\/wp\/v2\/media?parent=175878"}],"curies":[{"name":"wp","href":"https:\/\/api.w.org\/{rel}","templated":true}]}}