{"id":69762,"date":"2015-10-05T11:55:38","date_gmt":"2015-10-05T09:55:38","guid":{"rendered":"http:\/\/clinical.rbiodev.de\/?page_id=69762\/"},"modified":"2019-07-08T10:07:40","modified_gmt":"2019-07-08T08:07:40","slug":"bakteriologie","status":"publish","type":"page","link":"https:\/\/devclinical.r-biopharm.com\/de\/diagnostik\/bakteriologie\/","title":{"rendered":"Bakteriologie"},"content":{"rendered":"<div class=\"wpb-content-wrapper\">[mk_page_section padding_top=&#8220;30&#8243; padding_bottom=&#8220;30&#8243; sidebar=&#8220;sidebar-1&#8243;][vc_column width=&#8220;2\/3&#8243;][vc_column_text]<strong>\u00dcbertragbare Krankheiten sind nach wie vor die h\u00e4ufigste Todesursache in den Schwellenl\u00e4ndern und ein gro\u00dfes Problem f\u00fcr die Volksgesundheit in Industriel\u00e4ndern.<\/strong><\/p>\n<p>Das Gesundheitswesen steht vor einer gro\u00dfen Herausforderung hinsichtlich der Diagnose und Behandlung von Infektionskrankheiten. Der effektive Einsatz verschiedener diagnostischer L\u00f6sungen kann die Erkennung und Kontrolle von Infektionskrankheiten, die durch Bakterien verursacht werden, erheblich verbessern. Das Laborverfahren muss sicherstellen, dass die Informationen aus dem Diagnosetest zuverl\u00e4ssig sind und rechtzeitig \u00fcbermittelt werden.<\/p>\n<h3 class=\"knubbel\">Diagnostikl\u00f6sungen in der klinischen Bakteriologie<\/h3>\n<p>Obwohl Kultur nach wie vor die etablierteste Methode in der klinischen Bakteriologie ist, gibt es eine steigende Anzahl von bakteriologisch-diagnostischen Labors, die kommerzielle IVD-Kits nutzen. Die validierten, zuverl\u00e4ssigen und schnellen L\u00f6sungen stellen einen gro\u00dfen Fortschritt im Vergleich zur arbeits- und zeitaufw\u00e4ndigen Kulturmethode dar, insbesondere hinsichtlich Spezifit\u00e4t und Sensitivit\u00e4t.<\/p>\n<p>Das Testportfolio von R-Biopharm f\u00fcr die Bakteriologie bietet eine breite Palette von L\u00f6sungen, die den diagnostischen Bed\u00fcrfnissen von Laboratorien jeder Gr\u00f6\u00dfenordnung gerecht werden. Zu den verf\u00fcgbaren Technologien geh\u00f6ren:[\/vc_column_text][mk_custom_list style=&#8220;mk-moon-circle-small&#8220;]\n<ul>\n<li>Echtzeit-PCR Testkits f\u00fcr verschiedene g\u00e4ngige Cycler<\/li>\n<li>Enzymimmunoassays, die f\u00fcr Automationsplattformen validiert sind<\/li>\n<li>Schnelltests in Form von Kassetten<\/li>\n<li>Microspot-Arrays<\/li>\n<li>Immunfluoreszenzassays (IFA)<\/li>\n<\/ul>\n[\/mk_custom_list][vc_column_text]Sie haben die Wahl aus einer Vielzahl von Systemen, um auf eine breite Palette von Parametern, u.a. <em>Legionella<\/em>, <em>Mycoplasma<\/em>, <em>Bordetella<\/em> und <em>C. diff<\/em>, zu testen.[\/vc_column_text][\/vc_column][vc_column width=&#8220;1\/3&#8243;][vc_column_text margin_bottom=&#8220;20&#8243;]\n<h3 style=\"margin-bottom: 25px;\">Indikation w\u00e4hlen<\/h3>\n<div class=\"facetwp-facet facetwp-facet-indication_fselect facetwp-type-fselect\" data-name=\"indication_fselect\" data-type=\"fselect\"><\/div>[\/vc_column_text][vc_column_text margin_bottom=&#8220;20&#8243;]\n<h3 style=\"margin-bottom: 25px;\">Technologie w\u00e4hlen<\/h3>\n<div class=\"facetwp-facet facetwp-facet-technology_fselect facetwp-type-fselect\" data-name=\"technology_fselect\" data-type=\"fselect\"><\/div>[\/vc_column_text][vc_column_text margin_bottom=&#8220;40&#8243;]\n<h3 style=\"margin-bottom: 25px;\">Passende Produkte zu Ihrer Auswahl<\/h3>\n<div class=\"facetwp-template\" data-name=\"bacteriology\"><ul class=\"product_facets\"><li>\n<a class=\"facetwp_pimg\" href=\"https:\/\/devclinical.r-biopharm.com\/de\/produkte\/ridaunity-ehec-epec\/\"><img loading=\"lazy\" decoding=\"async\" width=\"100\" height=\"50\" src=\"https:\/\/devclinical.r-biopharm.com\/wp-content\/uploads\/2022\/08\/un2205_rida-unity-ehec-epec_neutral_rgb_1200x600_2022-11-100x50.jpg\" class=\"recent-thumbs wp-post-image\" alt=\"\" itemprop=\"image\" \/><\/a>\n<div class=\"facetwp_title_container\"><a class=\"facetwp_ptitle\" href=\"https:\/\/devclinical.r-biopharm.com\/de\/produkte\/ridaunity-ehec-epec\/\">RIDA\u00aeUNITY EHEC\/EPEC<\/a><\/div>\n<\/li>\n\n<li>\n<a class=\"facetwp_pimg\" href=\"https:\/\/devclinical.r-biopharm.com\/de\/produkte\/ridaunity-bacterial-stool-panel\/\"><img loading=\"lazy\" decoding=\"async\" width=\"100\" height=\"50\" src=\"https:\/\/devclinical.r-biopharm.com\/wp-content\/uploads\/2022\/07\/un2405-ridaunity-bacterial-stool-panel_laboratory_rgb_lowres_2022-05-100x50.jpg\" class=\"recent-thumbs wp-post-image\" alt=\"\" itemprop=\"image\" \/><\/a>\n<div class=\"facetwp_title_container\"><a class=\"facetwp_ptitle\" href=\"https:\/\/devclinical.r-biopharm.com\/de\/produkte\/ridaunity-bacterial-stool-panel\/\">RIDA\u00aeUNITY Bacterial Stool Panel<\/a><\/div>\n<\/li>\n\n<li>\n<a class=\"facetwp_pimg\" href=\"https:\/\/devclinical.r-biopharm.com\/de\/produkte\/ridascreenhelicobacter\/\"><img loading=\"lazy\" decoding=\"async\" width=\"100\" height=\"50\" src=\"https:\/\/devclinical.r-biopharm.com\/wp-content\/uploads\/2018\/08\/2018-03_n2302-ridascreen-helicobacter_rgb_lowres-1-100x50.jpg\" class=\"recent-thumbs wp-post-image\" alt=\"n2302-ridascreen-helicobacter\" itemprop=\"image\" \/><\/a>\n<div class=\"facetwp_title_container\"><a class=\"facetwp_ptitle\" href=\"https:\/\/devclinical.r-biopharm.com\/de\/produkte\/ridascreenhelicobacter\/\">RIDASCREEN\u00ae Helicobacter<\/a><\/div>\n<\/li>\n\n<li>\n<a class=\"facetwp_pimg\" href=\"https:\/\/devclinical.r-biopharm.com\/de\/produkte\/ridaquick-helicobacter\/\"><img loading=\"lazy\" decoding=\"async\" width=\"100\" height=\"50\" src=\"https:\/\/devclinical.r-biopharm.com\/wp-content\/uploads\/2018\/08\/2018-03_n2303-rida-quick-helicobacter_rgb_lowres-1-100x50.jpg\" class=\"recent-thumbs wp-post-image\" alt=\"n2303-rida-quick-helicobacter\" itemprop=\"image\" \/><\/a>\n<div class=\"facetwp_title_container\"><a class=\"facetwp_ptitle\" href=\"https:\/\/devclinical.r-biopharm.com\/de\/produkte\/ridaquick-helicobacter\/\">RIDA\u00aeQUICK Helicobacter<\/a><\/div>\n<\/li>\n\n<li>\n<a class=\"facetwp_pimg\" href=\"https:\/\/devclinical.r-biopharm.com\/de\/produkte\/seraspot-anti-helicobacter-6-iga-igg\/\"><img loading=\"lazy\" decoding=\"async\" width=\"100\" height=\"50\" src=\"https:\/\/devclinical.r-biopharm.com\/wp-content\/uploads\/2016-01_seramun_seraspot-anti-borrelia-10-igg_neutral_rgb_lores-1-100x50.jpg\" class=\"recent-thumbs wp-post-image\" alt=\"\" srcset=\"https:\/\/devclinical.r-biopharm.com\/wp-content\/uploads\/2016-01_seramun_seraspot-anti-borrelia-10-igg_neutral_rgb_lores-1-100x50.jpg 100w, https:\/\/devclinical.r-biopharm.com\/wp-content\/uploads\/2016-01_seramun_seraspot-anti-borrelia-10-igg_neutral_rgb_lores-1-300x150.jpg 300w, https:\/\/devclinical.r-biopharm.com\/wp-content\/uploads\/2016-01_seramun_seraspot-anti-borrelia-10-igg_neutral_rgb_lores-1-353x179.jpg 353w, https:\/\/devclinical.r-biopharm.com\/wp-content\/uploads\/2016-01_seramun_seraspot-anti-borrelia-10-igg_neutral_rgb_lores-1-200x100.jpg 200w, https:\/\/devclinical.r-biopharm.com\/wp-content\/uploads\/2016-01_seramun_seraspot-anti-borrelia-10-igg_neutral_rgb_lores-1.jpg 600w\" sizes=\"(max-width: 100px) 100vw, 100px\" itemprop=\"image\" \/><\/a>\n<div class=\"facetwp_title_container\"><a class=\"facetwp_ptitle\" href=\"https:\/\/devclinical.r-biopharm.com\/de\/produkte\/seraspot-anti-helicobacter-6-iga-igg\/\">SeraSpot\u00ae Anti-Helicobacter-6 IgA \/ IgG<\/a><\/div>\n<\/li>\n\n<li>\n<a class=\"facetwp_pimg\" href=\"https:\/\/devclinical.r-biopharm.com\/de\/produkte\/seraspot-anti-treponema-4-igg-igm-2\/\"><img loading=\"lazy\" decoding=\"async\" width=\"100\" height=\"50\" src=\"https:\/\/devclinical.r-biopharm.com\/wp-content\/uploads\/2016-01_seramun_seraspot-anti-borrelia-10-igg_neutral_rgb_lores-1-100x50.jpg\" class=\"recent-thumbs wp-post-image\" alt=\"seraspot-anti-borrelia-10-igg\" srcset=\"https:\/\/devclinical.r-biopharm.com\/wp-content\/uploads\/2016-01_seramun_seraspot-anti-borrelia-10-igg_neutral_rgb_lores-1-100x50.jpg 100w, https:\/\/devclinical.r-biopharm.com\/wp-content\/uploads\/2016-01_seramun_seraspot-anti-borrelia-10-igg_neutral_rgb_lores-1-300x150.jpg 300w, https:\/\/devclinical.r-biopharm.com\/wp-content\/uploads\/2016-01_seramun_seraspot-anti-borrelia-10-igg_neutral_rgb_lores-1-353x179.jpg 353w, https:\/\/devclinical.r-biopharm.com\/wp-content\/uploads\/2016-01_seramun_seraspot-anti-borrelia-10-igg_neutral_rgb_lores-1-200x100.jpg 200w, https:\/\/devclinical.r-biopharm.com\/wp-content\/uploads\/2016-01_seramun_seraspot-anti-borrelia-10-igg_neutral_rgb_lores-1.jpg 600w\" sizes=\"(max-width: 100px) 100vw, 100px\" itemprop=\"image\" \/><\/a>\n<div class=\"facetwp_title_container\"><a class=\"facetwp_ptitle\" href=\"https:\/\/devclinical.r-biopharm.com\/de\/produkte\/seraspot-anti-treponema-4-igg-igm-2\/\">SeraSpot\u00ae Anti-Treponema-4 IgG \/ IgM<\/a><\/div>\n<\/li>\n\n<li>\n<a class=\"facetwp_pimg\" href=\"https:\/\/devclinical.r-biopharm.com\/de\/produkte\/seraspot-anti-borrelia-10-igg-igm\/\"><img loading=\"lazy\" decoding=\"async\" width=\"100\" height=\"50\" src=\"https:\/\/devclinical.r-biopharm.com\/wp-content\/uploads\/2016-01_seramun_seraspot-anti-borrelia-10-igg_neutral_rgb_lores-1-100x50.jpg\" class=\"recent-thumbs wp-post-image\" alt=\"seraspot-anti-borrelia-10-igg\" srcset=\"https:\/\/devclinical.r-biopharm.com\/wp-content\/uploads\/2016-01_seramun_seraspot-anti-borrelia-10-igg_neutral_rgb_lores-1-100x50.jpg 100w, https:\/\/devclinical.r-biopharm.com\/wp-content\/uploads\/2016-01_seramun_seraspot-anti-borrelia-10-igg_neutral_rgb_lores-1-300x150.jpg 300w, https:\/\/devclinical.r-biopharm.com\/wp-content\/uploads\/2016-01_seramun_seraspot-anti-borrelia-10-igg_neutral_rgb_lores-1-353x179.jpg 353w, https:\/\/devclinical.r-biopharm.com\/wp-content\/uploads\/2016-01_seramun_seraspot-anti-borrelia-10-igg_neutral_rgb_lores-1-200x100.jpg 200w, https:\/\/devclinical.r-biopharm.com\/wp-content\/uploads\/2016-01_seramun_seraspot-anti-borrelia-10-igg_neutral_rgb_lores-1.jpg 600w\" sizes=\"(max-width: 100px) 100vw, 100px\" itemprop=\"image\" \/><\/a>\n<div class=\"facetwp_title_container\"><a class=\"facetwp_ptitle\" href=\"https:\/\/devclinical.r-biopharm.com\/de\/produkte\/seraspot-anti-borrelia-10-igg-igm\/\">SeraSpot\u00ae Anti-Borrelia-10 IgG \/ IgM<\/a><\/div>\n<\/li>\n\n<li>\n<a class=\"facetwp_pimg\" href=\"https:\/\/devclinical.r-biopharm.com\/de\/produkte\/ridagene-sti-mycoplasma-panel-2\/\"><img loading=\"lazy\" decoding=\"async\" width=\"100\" height=\"50\" src=\"https:\/\/devclinical.r-biopharm.com\/wp-content\/uploads\/2017\/02\/2015-05_PG4945_RG-STI-Mycoplasma-Panel_RGB_LowRes-100x50.jpg\" class=\"recent-thumbs wp-post-image\" alt=\"\" srcset=\"https:\/\/devclinical.r-biopharm.com\/wp-content\/uploads\/2017\/02\/2015-05_PG4945_RG-STI-Mycoplasma-Panel_RGB_LowRes-100x50.jpg 100w, https:\/\/devclinical.r-biopharm.com\/wp-content\/uploads\/2017\/02\/2015-05_PG4945_RG-STI-Mycoplasma-Panel_RGB_LowRes-768x384.jpg 768w, https:\/\/devclinical.r-biopharm.com\/wp-content\/uploads\/2017\/02\/2015-05_PG4945_RG-STI-Mycoplasma-Panel_RGB_LowRes-1200x600.jpg 1200w, https:\/\/devclinical.r-biopharm.com\/wp-content\/uploads\/2017\/02\/2015-05_PG4945_RG-STI-Mycoplasma-Panel_RGB_LowRes-736x368.jpg 736w, https:\/\/devclinical.r-biopharm.com\/wp-content\/uploads\/2017\/02\/2015-05_PG4945_RG-STI-Mycoplasma-Panel_RGB_LowRes-200x100.jpg 200w, https:\/\/devclinical.r-biopharm.com\/wp-content\/uploads\/2017\/02\/2015-05_PG4945_RG-STI-Mycoplasma-Panel_RGB_LowRes-353x179.jpg 353w, https:\/\/devclinical.r-biopharm.com\/wp-content\/uploads\/2017\/02\/2015-05_PG4945_RG-STI-Mycoplasma-Panel_RGB_LowRes.jpg 600w\" sizes=\"(max-width: 100px) 100vw, 100px\" itemprop=\"image\" \/><\/a>\n<div class=\"facetwp_title_container\"><a class=\"facetwp_ptitle\" href=\"https:\/\/devclinical.r-biopharm.com\/de\/produkte\/ridagene-sti-mycoplasma-panel-2\/\">RIDA\u00aeGENE STI Mycoplasma Panel (de)<\/a><\/div>\n<\/li>\n\n<li>\n<a class=\"facetwp_pimg\" href=\"https:\/\/devclinical.r-biopharm.com\/de\/produkte\/ridascreen-verotoxin-2\/\"><img loading=\"lazy\" decoding=\"async\" width=\"100\" height=\"50\" src=\"https:\/\/devclinical.r-biopharm.com\/wp-content\/uploads\/default_elisa-2016-11_kd_ridascreen-elisa-generisch_neutral_rgb_lores_web-100x50.jpg\" class=\"recent-thumbs debug\" alt=\"\" srcset=\"https:\/\/devclinical.r-biopharm.com\/wp-content\/uploads\/default_elisa-2016-11_kd_ridascreen-elisa-generisch_neutral_rgb_lores_web-100x50.jpg 100w, https:\/\/devclinical.r-biopharm.com\/wp-content\/uploads\/default_elisa-2016-11_kd_ridascreen-elisa-generisch_neutral_rgb_lores_web-300x150.jpg 300w, https:\/\/devclinical.r-biopharm.com\/wp-content\/uploads\/default_elisa-2016-11_kd_ridascreen-elisa-generisch_neutral_rgb_lores_web-330x165.jpg 330w, https:\/\/devclinical.r-biopharm.com\/wp-content\/uploads\/default_elisa-2016-11_kd_ridascreen-elisa-generisch_neutral_rgb_lores_web.jpg 600w, https:\/\/devclinical.r-biopharm.com\/wp-content\/uploads\/default_elisa-2016-11_kd_ridascreen-elisa-generisch_neutral_rgb_lores_web-414x207.jpg 414w, https:\/\/devclinical.r-biopharm.com\/wp-content\/uploads\/default_elisa-2016-11_kd_ridascreen-elisa-generisch_neutral_rgb_lores_web-200x100.jpg 200w, https:\/\/devclinical.r-biopharm.com\/wp-content\/uploads\/default_elisa-2016-11_kd_ridascreen-elisa-generisch_neutral_rgb_lores_web-353x179.jpg 353w\" sizes=\"(max-width: 100px) 100vw, 100px\" itemprop=\"image\" \/><\/a>\n<div class=\"facetwp_title_container\"><a class=\"facetwp_ptitle\" href=\"https:\/\/devclinical.r-biopharm.com\/de\/produkte\/ridascreen-verotoxin-2\/\">RIDASCREEN\u00ae Verotoxin (de)<\/a><\/div>\n<\/li>\n\n<li>\n<a class=\"facetwp_pimg\" href=\"https:\/\/devclinical.r-biopharm.com\/de\/produkte\/ridagene-akkermansia-muciniphila\/\"><img loading=\"lazy\" decoding=\"async\" width=\"100\" height=\"50\" src=\"https:\/\/devclinical.r-biopharm.com\/wp-content\/uploads\/2016\/07\/2015-06_pg0145_rida-gene-akkermansia-muciniphila_rgb_600-x-300-100x50.jpg\" class=\"recent-thumbs wp-post-image\" alt=\"pg0145_rida-gene-akkermansia-muciniphila\" itemprop=\"image\" \/><\/a>\n<div class=\"facetwp_title_container\"><a class=\"facetwp_ptitle\" href=\"https:\/\/devclinical.r-biopharm.com\/de\/produkte\/ridagene-akkermansia-muciniphila\/\">RIDA\u00aeGENE Akkermansia muciniphila (de)<\/a><\/div>\n<\/li>\n\n<\/ul><\/div>[\/vc_column_text][\/vc_column][\/mk_page_section][mk_page_section bg_color=&#8220;#f7f7f7&#8243; padding_top=&#8220;0&#8243; padding_bottom=&#8220;0&#8243; sidebar=&#8220;sidebar-1&#8243;][vc_column css=&#8220;.vc_custom_1469015765963{margin-top: 25px !important;padding-bottom: 5px !important;}&#8220;][vc_column_text margin_bottom=&#8220;20&#8243;]\n<h2 class=\"knubbel\">Neuigkeiten aus dem Bereich Bakteriologie<\/h2>\n[\/vc_column_text][mk_blog_carousel cat=&#8220;238&#8243;][\/vc_column][\/mk_page_section][mk_page_section bg_color=&#8220;#ffffff&#8220; padding_top=&#8220;0&#8243; sidebar=&#8220;sidebar-1&#8243;][vc_column css=&#8220;.vc_custom_1467042052405{margin-top: 40px !important;}&#8220;][vc_column_text margin_bottom=&#8220;20&#8243;]\n<h2 class=\"knubbel\">Das k\u00f6nnte Sie auch interessieren<\/h2>\n[\/vc_column_text][vc_row_inner css=&#8220;.vc_custom_1468404266697{margin-bottom: 40px !important;}&#8220;][vc_column_inner width=&#8220;1\/3&#8243; css=&#8220;.vc_custom_1468416557833{padding-bottom: 10px !important;padding-left: 0px !important;}&#8220;][mk_flipbox_rb taxonomy=&#8220;diagnostic&#8220; tag_diagnostics=&#8220;bakteriologie&#8220; min_height=&#8220;200&#8243; button_bg_color=&#8220;#4d4d4d&#8220; button_bg_hover_color=&#8220;#ffffff&#8220; button_text=&#8220;Produktdetails&#8220;][\/vc_column_inner][vc_column_inner width=&#8220;1\/3&#8243; css=&#8220;.vc_custom_1468416552613{padding-right: 7.5px !important;padding-bottom: 10px !important;padding-left: 7.5px !important;}&#8220;][mk_flipbox_rb taxonomy=&#8220;diagnostic&#8220; tag_diagnostics=&#8220;bakteriologie&#8220; offset=&#8220;1&#8243; min_height=&#8220;200&#8243; button_bg_color=&#8220;#4d4d4d&#8220; button_bg_hover_color=&#8220;#ffffff&#8220; button_text=&#8220;Produktdetails&#8220;][\/vc_column_inner][vc_column_inner width=&#8220;1\/3&#8243; css=&#8220;.vc_custom_1468416547451{padding-right: 0px !important;padding-bottom: 10px !important;}&#8220;][mk_flipbox_rb taxonomy=&#8220;diagnostic&#8220; tag_diagnostics=&#8220;bakteriologie&#8220; offset=&#8220;2&#8243; min_height=&#8220;200&#8243; button_bg_color=&#8220;#4d4d4d&#8220; button_bg_hover_color=&#8220;#ffffff&#8220; button_text=&#8220;Produktdetails&#8220;][\/vc_column_inner][\/vc_row_inner][\/vc_column][\/mk_page_section][mk_page_section bg_color=&#8220;#f7f7f7&#8243; padding_top=&#8220;20&#8243; padding_bottom=&#8220;20&#8243; sidebar=&#8220;sidebar-1&#8243;][vc_column css=&#8220;.vc_custom_1468415774645{padding-top: 0px !important;padding-bottom: 0px !important;}&#8220;][vc_column_text disable_pattern=&#8220;false&#8220; align=&#8220;center&#8220;]\n<h2>Beratung zum Thema Bakteriologie<\/h2>\n<p>Fragen? Unser erfahrenes Team unterst\u00fctzt Sie gern mit individuell zugeschnittenen L\u00f6sungen f\u00fcr Ihre Diagnostik.[\/vc_column_text][mk_button dimension=&#8220;flat&#8220; url=&#8220;\/de\/kontakt\/&#8220; align=&#8220;center&#8220; margin_bottom=&#8220;&#8220; bg_color=&#8220;#4d4d4d&#8220; btn_hover_bg=&#8220;#ffffff&#8220; btn_hover_txt_color=&#8220;#4d4d4d&#8220;]Kontakt[\/mk_button][\/vc_column][\/mk_page_section]\n<\/div>","protected":false},"excerpt":{"rendered":"<p>[mk_page_section padding_top=&#8220;30&#8243; padding_bottom=&#8220;30&#8243; sidebar=&#8220;sidebar-1&#8243;][vc_column width=&#8220;2\/3&#8243;][vc_column_text]\u00dcbertragbare Krankheiten sind nach wie vor die h\u00e4ufigste Todesursache in den Schwellenl\u00e4ndern und ein gro\u00dfes Problem f\u00fcr die Volksgesundheit in Industriel\u00e4ndern. Das Gesundheitswesen steht vor einer gro\u00dfen Herausforderung hinsichtlich der Diagnose und Behandlung von Infektionskrankheiten. Der effektive Einsatz verschiedener diagnostischer L\u00f6sungen kann die Erkennung und Kontrolle von Infektionskrankheiten, die durch Bakterien [&hellip;]<\/p>\n","protected":false},"author":1,"featured_media":0,"parent":69758,"menu_order":0,"comment_status":"closed","ping_status":"closed","template":"","meta":{"content-type":"","_relevanssi_hide_post":"","_relevanssi_hide_content":"","_relevanssi_pin_for_all":"","_relevanssi_pin_keywords":"","_relevanssi_unpin_keywords":"","_relevanssi_related_keywords":"","_relevanssi_related_include_ids":"","_relevanssi_related_exclude_ids":"","_relevanssi_related_no_append":"","_relevanssi_related_not_related":"","_relevanssi_related_posts":"","_relevanssi_noindex_reason":"","footnotes":""},"acf":[],"yoast_head":"<!-- This site is optimized with the Yoast SEO plugin v21.9 - https:\/\/yoast.com\/wordpress\/plugins\/seo\/ -->\n<title>Bakteriologie - \ud83d\udea8\ud83d\udea8\ud83d\udea8 Staging!!! Clinical Diagnostics \ud83d\udea8\ud83d\udea8\ud83d\udea8<\/title>\n<meta name=\"robots\" content=\"noindex, follow, max-snippet:-1, max-image-preview:large, max-video-preview:-1\" \/>\n<meta property=\"og:locale\" content=\"de_DE\" \/>\n<meta property=\"og:type\" content=\"article\" \/>\n<meta property=\"og:title\" content=\"Bakteriologie - \ud83d\udea8\ud83d\udea8\ud83d\udea8 Staging!!! Clinical Diagnostics \ud83d\udea8\ud83d\udea8\ud83d\udea8\" \/>\n<meta property=\"og:description\" content=\"[mk_page_section padding_top=&#8220;30&#8243; padding_bottom=&#8220;30&#8243; sidebar=&#8220;sidebar-1&#8243;][vc_column width=&#8220;2\/3&#8243;][vc_column_text]\u00dcbertragbare Krankheiten sind nach wie vor die h\u00e4ufigste Todesursache in den Schwellenl\u00e4ndern und ein gro\u00dfes Problem f\u00fcr die Volksgesundheit in Industriel\u00e4ndern. Das Gesundheitswesen steht vor einer gro\u00dfen Herausforderung hinsichtlich der Diagnose und Behandlung von Infektionskrankheiten. Der effektive Einsatz verschiedener diagnostischer L\u00f6sungen kann die Erkennung und Kontrolle von Infektionskrankheiten, die durch Bakterien [&hellip;]\" \/>\n<meta property=\"og:url\" content=\"https:\/\/devclinical.r-biopharm.com\/de\/diagnostik\/bakteriologie\/\" \/>\n<meta property=\"og:site_name\" content=\"\ud83d\udea8\ud83d\udea8\ud83d\udea8 Staging!!! Clinical Diagnostics \ud83d\udea8\ud83d\udea8\ud83d\udea8\" \/>\n<meta property=\"article:modified_time\" content=\"2019-07-08T08:07:40+00:00\" \/>\n<meta name=\"twitter:label1\" content=\"Gesch\u00e4tzte Lesezeit\" \/>\n\t<meta name=\"twitter:data1\" content=\"3\u00a0Minuten\" \/>\n<script type=\"application\/ld+json\" class=\"yoast-schema-graph\">{\"@context\":\"https:\/\/schema.org\",\"@graph\":[{\"@type\":\"WebPage\",\"@id\":\"https:\/\/devclinical.r-biopharm.com\/de\/diagnostik\/bakteriologie\/\",\"url\":\"https:\/\/devclinical.r-biopharm.com\/de\/diagnostik\/bakteriologie\/\",\"name\":\"Bakteriologie - \ud83d\udea8\ud83d\udea8\ud83d\udea8 Staging!!! Clinical Diagnostics \ud83d\udea8\ud83d\udea8\ud83d\udea8\",\"isPartOf\":{\"@id\":\"https:\/\/devdevclinical.r-biopharm.com\/#website\"},\"datePublished\":\"2015-10-05T09:55:38+00:00\",\"dateModified\":\"2019-07-08T08:07:40+00:00\",\"breadcrumb\":{\"@id\":\"https:\/\/devclinical.r-biopharm.com\/de\/diagnostik\/bakteriologie\/#breadcrumb\"},\"inLanguage\":\"de\",\"potentialAction\":[{\"@type\":\"ReadAction\",\"target\":[\"https:\/\/devclinical.r-biopharm.com\/de\/diagnostik\/bakteriologie\/\"]}]},{\"@type\":\"BreadcrumbList\",\"@id\":\"https:\/\/devclinical.r-biopharm.com\/de\/diagnostik\/bakteriologie\/#breadcrumb\",\"itemListElement\":[{\"@type\":\"ListItem\",\"position\":1,\"name\":\"Home\",\"item\":\"https:\/\/devclinical.r-biopharm.com\/de\/\"},{\"@type\":\"ListItem\",\"position\":2,\"name\":\"Diagnostik\",\"item\":\"https:\/\/devclinical.r-biopharm.com\/de\/diagnostik\/\"},{\"@type\":\"ListItem\",\"position\":3,\"name\":\"Bakteriologie\"}]},{\"@type\":\"WebSite\",\"@id\":\"https:\/\/devdevclinical.r-biopharm.com\/#website\",\"url\":\"https:\/\/devdevclinical.r-biopharm.com\/\",\"name\":\"\ud83d\udea8\ud83d\udea8\ud83d\udea8 Staging!!! Clinical Diagnostics \ud83d\udea8\ud83d\udea8\ud83d\udea8\",\"description\":\"A Division of the R-Biopharm Group\",\"potentialAction\":[{\"@type\":\"SearchAction\",\"target\":{\"@type\":\"EntryPoint\",\"urlTemplate\":\"https:\/\/devdevclinical.r-biopharm.com\/?s={search_term_string}\"},\"query-input\":\"required name=search_term_string\"}],\"inLanguage\":\"de\"}]}<\/script>\n<!-- \/ Yoast SEO plugin. -->","yoast_head_json":{"title":"Bakteriologie - \ud83d\udea8\ud83d\udea8\ud83d\udea8 Staging!!! Clinical Diagnostics \ud83d\udea8\ud83d\udea8\ud83d\udea8","robots":{"index":"noindex","follow":"follow","max-snippet":"max-snippet:-1","max-image-preview":"max-image-preview:large","max-video-preview":"max-video-preview:-1"},"og_locale":"de_DE","og_type":"article","og_title":"Bakteriologie - \ud83d\udea8\ud83d\udea8\ud83d\udea8 Staging!!! Clinical Diagnostics \ud83d\udea8\ud83d\udea8\ud83d\udea8","og_description":"[mk_page_section padding_top=&#8220;30&#8243; padding_bottom=&#8220;30&#8243; sidebar=&#8220;sidebar-1&#8243;][vc_column width=&#8220;2\/3&#8243;][vc_column_text]\u00dcbertragbare Krankheiten sind nach wie vor die h\u00e4ufigste Todesursache in den Schwellenl\u00e4ndern und ein gro\u00dfes Problem f\u00fcr die Volksgesundheit in Industriel\u00e4ndern. Das Gesundheitswesen steht vor einer gro\u00dfen Herausforderung hinsichtlich der Diagnose und Behandlung von Infektionskrankheiten. Der effektive Einsatz verschiedener diagnostischer L\u00f6sungen kann die Erkennung und Kontrolle von Infektionskrankheiten, die durch Bakterien [&hellip;]","og_url":"https:\/\/devclinical.r-biopharm.com\/de\/diagnostik\/bakteriologie\/","og_site_name":"\ud83d\udea8\ud83d\udea8\ud83d\udea8 Staging!!! Clinical Diagnostics \ud83d\udea8\ud83d\udea8\ud83d\udea8","article_modified_time":"2019-07-08T08:07:40+00:00","twitter_misc":{"Gesch\u00e4tzte Lesezeit":"3\u00a0Minuten"},"schema":{"@context":"https:\/\/schema.org","@graph":[{"@type":"WebPage","@id":"https:\/\/devclinical.r-biopharm.com\/de\/diagnostik\/bakteriologie\/","url":"https:\/\/devclinical.r-biopharm.com\/de\/diagnostik\/bakteriologie\/","name":"Bakteriologie - \ud83d\udea8\ud83d\udea8\ud83d\udea8 Staging!!! Clinical Diagnostics \ud83d\udea8\ud83d\udea8\ud83d\udea8","isPartOf":{"@id":"https:\/\/devdevclinical.r-biopharm.com\/#website"},"datePublished":"2015-10-05T09:55:38+00:00","dateModified":"2019-07-08T08:07:40+00:00","breadcrumb":{"@id":"https:\/\/devclinical.r-biopharm.com\/de\/diagnostik\/bakteriologie\/#breadcrumb"},"inLanguage":"de","potentialAction":[{"@type":"ReadAction","target":["https:\/\/devclinical.r-biopharm.com\/de\/diagnostik\/bakteriologie\/"]}]},{"@type":"BreadcrumbList","@id":"https:\/\/devclinical.r-biopharm.com\/de\/diagnostik\/bakteriologie\/#breadcrumb","itemListElement":[{"@type":"ListItem","position":1,"name":"Home","item":"https:\/\/devclinical.r-biopharm.com\/de\/"},{"@type":"ListItem","position":2,"name":"Diagnostik","item":"https:\/\/devclinical.r-biopharm.com\/de\/diagnostik\/"},{"@type":"ListItem","position":3,"name":"Bakteriologie"}]},{"@type":"WebSite","@id":"https:\/\/devdevclinical.r-biopharm.com\/#website","url":"https:\/\/devdevclinical.r-biopharm.com\/","name":"\ud83d\udea8\ud83d\udea8\ud83d\udea8 Staging!!! Clinical Diagnostics \ud83d\udea8\ud83d\udea8\ud83d\udea8","description":"A Division of the R-Biopharm Group","potentialAction":[{"@type":"SearchAction","target":{"@type":"EntryPoint","urlTemplate":"https:\/\/devdevclinical.r-biopharm.com\/?s={search_term_string}"},"query-input":"required name=search_term_string"}],"inLanguage":"de"}]}},"_links":{"self":[{"href":"https:\/\/devclinical.r-biopharm.com\/de\/wp-json\/wp\/v2\/pages\/69762"}],"collection":[{"href":"https:\/\/devclinical.r-biopharm.com\/de\/wp-json\/wp\/v2\/pages"}],"about":[{"href":"https:\/\/devclinical.r-biopharm.com\/de\/wp-json\/wp\/v2\/types\/page"}],"author":[{"embeddable":true,"href":"https:\/\/devclinical.r-biopharm.com\/de\/wp-json\/wp\/v2\/users\/1"}],"replies":[{"embeddable":true,"href":"https:\/\/devclinical.r-biopharm.com\/de\/wp-json\/wp\/v2\/comments?post=69762"}],"version-history":[{"count":12,"href":"https:\/\/devclinical.r-biopharm.com\/de\/wp-json\/wp\/v2\/pages\/69762\/revisions"}],"predecessor-version":[{"id":97343,"href":"https:\/\/devclinical.r-biopharm.com\/de\/wp-json\/wp\/v2\/pages\/69762\/revisions\/97343"}],"up":[{"embeddable":true,"href":"https:\/\/devclinical.r-biopharm.com\/de\/wp-json\/wp\/v2\/pages\/69758"}],"wp:attachment":[{"href":"https:\/\/devclinical.r-biopharm.com\/de\/wp-json\/wp\/v2\/media?parent=69762"}],"curies":[{"name":"wp","href":"https:\/\/api.w.org\/{rel}","templated":true}]}}