{"id":69766,"date":"2015-10-05T11:42:27","date_gmt":"2015-10-05T09:42:27","guid":{"rendered":"http:\/\/clinical.rbiodev.de\/?page_id=69766\/"},"modified":"2019-07-08T14:31:11","modified_gmt":"2019-07-08T12:31:11","slug":"mykologie","status":"publish","type":"page","link":"https:\/\/devclinical.r-biopharm.com\/de\/diagnostik\/mykologie\/","title":{"rendered":"Mykologie"},"content":{"rendered":"<div class=\"wpb-content-wrapper\">[mk_page_section padding_top=&#8220;30&#8243; padding_bottom=&#8220;30&#8243; sidebar=&#8220;sidebar-1&#8243;][vc_column width=&#8220;2\/3&#8243;][vc_column_text]\n<div id=\"text-block-3\" class=\"mk-text-block \">\n<p><strong>Nach neuesten Erkenntnissen nimmt die Inzidenz von Pilzinfektionen zu. Berechnungen ergaben, dass Pilzinfektionen bei etwa einer Milliarde Menschen pro Jahr auftreten.<\/strong><\/p>\n<p>Obwohl Pilze viele wichtige Rollen in der menschlichen Hom\u00f6ostase spielen, k\u00f6nnen sie auch eine gesundheitliche Belastung f\u00fcr eine bestimmte Gruppe von Patienten darstellen. Wenn die Wirt-Pathogen-Balance gest\u00f6rt ist, kann eine Pilzinfektion zu schwerwiegenden Konsequenzen f\u00fchren. Ein ad\u00e4quater Nachweis des Wachstums der Pilze ist daher in der klinischen Mikrobiologie von gro\u00dfer Bedeutung. H\u00e4ufige Pilzinfektionen sind unter anderem:<\/p>\n<\/div>\n[\/vc_column_text][mk_custom_list style=&#8220;mk-moon-circle-small&#8220;]\n<ul>\n<li><em>Candida albicans<\/em> ist Teil der menschlichen Mikroflora. Die Ausbreitung von Candida im K\u00f6rpergewebe verursacht eine systemische Candidose. \u00dcberm\u00e4\u00dfiges und ungehindertes Wachstum entsteht durch eine St\u00f6rung des empfindlichen Gleichgewichts und manifestiert sich in Form von Mund- und\/oder Vaginal-Soor.<\/li>\n<li><em>Pneumocystis jirovecii<\/em> verursacht keinen Schaden bei gesunden Menschen und ist in der normalen Bev\u00f6lkerung weit verbreitet. Immungeschw\u00e4chte Menschen, die mit Pneumocystis jirovecii infiziert sind, entwickeln allerdings Pneumonien mit Symptomen wie trockener Husten, Kurzatmigkeit, Tachypnoe und Fieber. Pneumocystis jirovecii verursacht Atemwegsinfektionen und ist die h\u00e4ufigste opportunistische Erkrankung bei HIV-infizierten Menschen.<\/li>\n<\/ul>\n[\/mk_custom_list][vc_column_text]\n<div id=\"text-block-3\" class=\"mk-text-block \">\n<h3>Diagnostische L\u00f6sungen f\u00fcr die Mykologie<\/h3>\n<p>Das Testportfolio von R-Biopharm f\u00fcr die Mykologie bietet L\u00f6sungen, die auf die diagnostischen Bed\u00fcrfnisse von Laboren abgestimmt sind. Die verf\u00fcgbaren Technologien umfassen ELISA und PCR.<\/p>\n<\/div>\n[\/vc_column_text][\/vc_column][vc_column width=&#8220;1\/3&#8243;][vc_column_text margin_bottom=&#8220;20&#8243;]\n<h3 style=\"margin-bottom: 25px;\">Indikation w\u00e4hlen<\/h3>\n<div class=\"facetwp-facet facetwp-facet-indication_fselect facetwp-type-fselect\" data-name=\"indication_fselect\" data-type=\"fselect\"><\/div>[\/vc_column_text][vc_column_text margin_bottom=&#8220;20&#8243;]\n<h3 style=\"margin-bottom: 25px;\">Technologie w\u00e4hlen<\/h3>\n<div class=\"facetwp-facet facetwp-facet-technology_fselect facetwp-type-fselect\" data-name=\"technology_fselect\" data-type=\"fselect\"><\/div>[\/vc_column_text][vc_column_text margin_bottom=&#8220;40&#8243;]\n<h3 style=\"margin-bottom: 25px;\">Passende Produkte zu Ihrer Auswahl<\/h3>\n<div class=\"facetwp-template\" data-name=\"mycology\"><ul class=\"product_facets\"><li>\n<a class=\"facetwp_pimg\" href=\"https:\/\/devclinical.r-biopharm.com\/de\/produkte\/ridagene-pneumocystis-jirovecii\/\"><img loading=\"lazy\" decoding=\"async\" width=\"100\" height=\"50\" src=\"https:\/\/devclinical.r-biopharm.com\/wp-content\/uploads\/2017\/02\/2013-10_PG1905_RIDA-GENE-Pneumocystis-jirovecii_RGB_LoRes-100x50.jpg\" class=\"recent-thumbs wp-post-image\" alt=\"\" srcset=\"https:\/\/devclinical.r-biopharm.com\/wp-content\/uploads\/2017\/02\/2013-10_PG1905_RIDA-GENE-Pneumocystis-jirovecii_RGB_LoRes-100x50.jpg 100w, https:\/\/devclinical.r-biopharm.com\/wp-content\/uploads\/2017\/02\/2013-10_PG1905_RIDA-GENE-Pneumocystis-jirovecii_RGB_LoRes-768x384.jpg 768w, https:\/\/devclinical.r-biopharm.com\/wp-content\/uploads\/2017\/02\/2013-10_PG1905_RIDA-GENE-Pneumocystis-jirovecii_RGB_LoRes-1200x600.jpg 1200w, https:\/\/devclinical.r-biopharm.com\/wp-content\/uploads\/2017\/02\/2013-10_PG1905_RIDA-GENE-Pneumocystis-jirovecii_RGB_LoRes-736x368.jpg 736w, https:\/\/devclinical.r-biopharm.com\/wp-content\/uploads\/2017\/02\/2013-10_PG1905_RIDA-GENE-Pneumocystis-jirovecii_RGB_LoRes-200x100.jpg 200w, https:\/\/devclinical.r-biopharm.com\/wp-content\/uploads\/2017\/02\/2013-10_PG1905_RIDA-GENE-Pneumocystis-jirovecii_RGB_LoRes-353x179.jpg 353w, https:\/\/devclinical.r-biopharm.com\/wp-content\/uploads\/2017\/02\/2013-10_PG1905_RIDA-GENE-Pneumocystis-jirovecii_RGB_LoRes.jpg 600w\" sizes=\"(max-width: 100px) 100vw, 100px\" itemprop=\"image\" \/><\/a>\n<div class=\"facetwp_title_container\"><a class=\"facetwp_ptitle\" href=\"https:\/\/devclinical.r-biopharm.com\/de\/produkte\/ridagene-pneumocystis-jirovecii\/\">RIDA\u00aeGENE Pneumocystis jirovecii (de)<\/a><\/div>\n<\/li>\n\n<\/ul><\/div>[\/vc_column_text][\/vc_column][\/mk_page_section][mk_page_section bg_color=&#8220;#f7f7f7&#8243; padding_top=&#8220;0&#8243; padding_bottom=&#8220;0&#8243; sidebar=&#8220;sidebar-1&#8243;][vc_column css=&#8220;.vc_custom_1469015765963{margin-top: 25px !important;padding-bottom: 5px !important;}&#8220;][vc_column_text margin_bottom=&#8220;20&#8243;]\n<h2 class=\"knubbel\">Neuigkeiten aus dem Bereich Mykologie<\/h2>\n[\/vc_column_text][mk_blog_carousel][\/vc_column][\/mk_page_section][mk_page_section bg_color=&#8220;#ffffff&#8220; padding_top=&#8220;0&#8243; sidebar=&#8220;sidebar-1&#8243;][vc_column css=&#8220;.vc_custom_1467042052405{margin-top: 40px !important;}&#8220;][vc_column_text margin_bottom=&#8220;20&#8243;]\n<h2 class=\"knubbel\">Das k\u00f6nnte Sie auch interessieren<\/h2>\n[\/vc_column_text][vc_row_inner css=&#8220;.vc_custom_1468404266697{margin-bottom: 40px !important;}&#8220;][vc_column_inner width=&#8220;1\/3&#8243; css=&#8220;.vc_custom_1468416557833{padding-bottom: 10px !important;padding-left: 0px !important;}&#8220;][mk_flipbox_rb taxonomy=&#8220;diagnostic&#8220; tag_diagnostics=&#8220;mykologie&#8220; min_height=&#8220;200&#8243; button_bg_color=&#8220;#4d4d4d&#8220; button_bg_hover_color=&#8220;#ffffff&#8220; button_text=&#8220;Produktdetails&#8220;][\/vc_column_inner][vc_column_inner width=&#8220;1\/3&#8243; css=&#8220;.vc_custom_1468416552613{padding-right: 7.5px !important;padding-bottom: 10px !important;padding-left: 7.5px !important;}&#8220;][mk_flipbox_rb taxonomy=&#8220;diagnostic&#8220; tag_diagnostics=&#8220;mykologie&#8220; offset=&#8220;1&#8243; min_height=&#8220;200&#8243; button_bg_color=&#8220;#4d4d4d&#8220; button_bg_hover_color=&#8220;#ffffff&#8220; button_text=&#8220;Produktdetails&#8220;][\/vc_column_inner][vc_column_inner width=&#8220;1\/3&#8243; css=&#8220;.vc_custom_1468416547451{padding-right: 0px !important;padding-bottom: 10px !important;}&#8220;][mk_flipbox_rb taxonomy=&#8220;diagnostic&#8220; tag_diagnostics=&#8220;mykologie&#8220; offset=&#8220;2&#8243; min_height=&#8220;200&#8243; button_bg_color=&#8220;#4d4d4d&#8220; button_bg_hover_color=&#8220;#ffffff&#8220; button_text=&#8220;Produktdetails&#8220;][\/vc_column_inner][\/vc_row_inner][\/vc_column][\/mk_page_section][mk_page_section bg_color=&#8220;#f7f7f7&#8243; padding_top=&#8220;20&#8243; padding_bottom=&#8220;20&#8243; sidebar=&#8220;sidebar-1&#8243;][vc_column css=&#8220;.vc_custom_1468415774645{padding-top: 0px !important;padding-bottom: 0px !important;}&#8220;][vc_column_text disable_pattern=&#8220;false&#8220; align=&#8220;center&#8220;]\n<h2>Beratung zum Thema Mykologie<\/h2>\n<p>Fragen? Unser erfahrenes Team unterst\u00fctzt Sie gern mit individuell zugeschnittenen L\u00f6sungen f\u00fcr Ihre Diagnostik.[\/vc_column_text][mk_button dimension=&#8220;flat&#8220; url=&#8220;\/de\/kontakt\/&#8220; align=&#8220;center&#8220; margin_bottom=&#8220;&#8220; bg_color=&#8220;#4d4d4d&#8220; btn_hover_bg=&#8220;#ffffff&#8220; btn_hover_txt_color=&#8220;#4d4d4d&#8220;]Kontakt[\/mk_button][\/vc_column][\/mk_page_section]\n<\/div>","protected":false},"excerpt":{"rendered":"<p>[mk_page_section padding_top=&#8220;30&#8243; padding_bottom=&#8220;30&#8243; sidebar=&#8220;sidebar-1&#8243;][vc_column width=&#8220;2\/3&#8243;][vc_column_text] Nach neuesten Erkenntnissen nimmt die Inzidenz von Pilzinfektionen zu. Berechnungen ergaben, dass Pilzinfektionen bei etwa einer Milliarde Menschen pro Jahr auftreten. Obwohl Pilze viele wichtige Rollen in der menschlichen Hom\u00f6ostase spielen, k\u00f6nnen sie auch eine gesundheitliche Belastung f\u00fcr eine bestimmte Gruppe von Patienten darstellen. Wenn die Wirt-Pathogen-Balance gest\u00f6rt ist, kann [&hellip;]<\/p>\n","protected":false},"author":1,"featured_media":0,"parent":69758,"menu_order":0,"comment_status":"closed","ping_status":"closed","template":"","meta":{"content-type":"","_relevanssi_hide_post":"","_relevanssi_hide_content":"","_relevanssi_pin_for_all":"","_relevanssi_pin_keywords":"","_relevanssi_unpin_keywords":"","_relevanssi_related_keywords":"","_relevanssi_related_include_ids":"","_relevanssi_related_exclude_ids":"","_relevanssi_related_no_append":"","_relevanssi_related_not_related":"","_relevanssi_related_posts":"","_relevanssi_noindex_reason":"","footnotes":""},"acf":[],"yoast_head":"<!-- This site is optimized with the Yoast SEO plugin v21.9 - https:\/\/yoast.com\/wordpress\/plugins\/seo\/ -->\n<title>Mykologie - \ud83d\udea8\ud83d\udea8\ud83d\udea8 Staging!!! Clinical Diagnostics \ud83d\udea8\ud83d\udea8\ud83d\udea8<\/title>\n<meta name=\"robots\" content=\"noindex, follow, max-snippet:-1, max-image-preview:large, max-video-preview:-1\" \/>\n<meta property=\"og:locale\" content=\"de_DE\" \/>\n<meta property=\"og:type\" content=\"article\" \/>\n<meta property=\"og:title\" content=\"Mykologie - \ud83d\udea8\ud83d\udea8\ud83d\udea8 Staging!!! Clinical Diagnostics \ud83d\udea8\ud83d\udea8\ud83d\udea8\" \/>\n<meta property=\"og:description\" content=\"[mk_page_section padding_top=&#8220;30&#8243; padding_bottom=&#8220;30&#8243; sidebar=&#8220;sidebar-1&#8243;][vc_column width=&#8220;2\/3&#8243;][vc_column_text] Nach neuesten Erkenntnissen nimmt die Inzidenz von Pilzinfektionen zu. Berechnungen ergaben, dass Pilzinfektionen bei etwa einer Milliarde Menschen pro Jahr auftreten. Obwohl Pilze viele wichtige Rollen in der menschlichen Hom\u00f6ostase spielen, k\u00f6nnen sie auch eine gesundheitliche Belastung f\u00fcr eine bestimmte Gruppe von Patienten darstellen. Wenn die Wirt-Pathogen-Balance gest\u00f6rt ist, kann [&hellip;]\" \/>\n<meta property=\"og:url\" content=\"https:\/\/devclinical.r-biopharm.com\/de\/diagnostik\/mykologie\/\" \/>\n<meta property=\"og:site_name\" content=\"\ud83d\udea8\ud83d\udea8\ud83d\udea8 Staging!!! Clinical Diagnostics \ud83d\udea8\ud83d\udea8\ud83d\udea8\" \/>\n<meta property=\"article:modified_time\" content=\"2019-07-08T12:31:11+00:00\" \/>\n<meta name=\"twitter:label1\" content=\"Gesch\u00e4tzte Lesezeit\" \/>\n\t<meta name=\"twitter:data1\" content=\"3\u00a0Minuten\" \/>\n<script type=\"application\/ld+json\" class=\"yoast-schema-graph\">{\"@context\":\"https:\/\/schema.org\",\"@graph\":[{\"@type\":\"WebPage\",\"@id\":\"https:\/\/devclinical.r-biopharm.com\/de\/diagnostik\/mykologie\/\",\"url\":\"https:\/\/devclinical.r-biopharm.com\/de\/diagnostik\/mykologie\/\",\"name\":\"Mykologie - \ud83d\udea8\ud83d\udea8\ud83d\udea8 Staging!!! Clinical Diagnostics \ud83d\udea8\ud83d\udea8\ud83d\udea8\",\"isPartOf\":{\"@id\":\"https:\/\/devdevclinical.r-biopharm.com\/#website\"},\"datePublished\":\"2015-10-05T09:42:27+00:00\",\"dateModified\":\"2019-07-08T12:31:11+00:00\",\"breadcrumb\":{\"@id\":\"https:\/\/devclinical.r-biopharm.com\/de\/diagnostik\/mykologie\/#breadcrumb\"},\"inLanguage\":\"de\",\"potentialAction\":[{\"@type\":\"ReadAction\",\"target\":[\"https:\/\/devclinical.r-biopharm.com\/de\/diagnostik\/mykologie\/\"]}]},{\"@type\":\"BreadcrumbList\",\"@id\":\"https:\/\/devclinical.r-biopharm.com\/de\/diagnostik\/mykologie\/#breadcrumb\",\"itemListElement\":[{\"@type\":\"ListItem\",\"position\":1,\"name\":\"Home\",\"item\":\"https:\/\/devclinical.r-biopharm.com\/de\/\"},{\"@type\":\"ListItem\",\"position\":2,\"name\":\"Diagnostik\",\"item\":\"https:\/\/devclinical.r-biopharm.com\/de\/diagnostik\/\"},{\"@type\":\"ListItem\",\"position\":3,\"name\":\"Mykologie\"}]},{\"@type\":\"WebSite\",\"@id\":\"https:\/\/devdevclinical.r-biopharm.com\/#website\",\"url\":\"https:\/\/devdevclinical.r-biopharm.com\/\",\"name\":\"\ud83d\udea8\ud83d\udea8\ud83d\udea8 Staging!!! Clinical Diagnostics \ud83d\udea8\ud83d\udea8\ud83d\udea8\",\"description\":\"A Division of the R-Biopharm Group\",\"potentialAction\":[{\"@type\":\"SearchAction\",\"target\":{\"@type\":\"EntryPoint\",\"urlTemplate\":\"https:\/\/devdevclinical.r-biopharm.com\/?s={search_term_string}\"},\"query-input\":\"required name=search_term_string\"}],\"inLanguage\":\"de\"}]}<\/script>\n<!-- \/ Yoast SEO plugin. -->","yoast_head_json":{"title":"Mykologie - \ud83d\udea8\ud83d\udea8\ud83d\udea8 Staging!!! Clinical Diagnostics \ud83d\udea8\ud83d\udea8\ud83d\udea8","robots":{"index":"noindex","follow":"follow","max-snippet":"max-snippet:-1","max-image-preview":"max-image-preview:large","max-video-preview":"max-video-preview:-1"},"og_locale":"de_DE","og_type":"article","og_title":"Mykologie - \ud83d\udea8\ud83d\udea8\ud83d\udea8 Staging!!! Clinical Diagnostics \ud83d\udea8\ud83d\udea8\ud83d\udea8","og_description":"[mk_page_section padding_top=&#8220;30&#8243; padding_bottom=&#8220;30&#8243; sidebar=&#8220;sidebar-1&#8243;][vc_column width=&#8220;2\/3&#8243;][vc_column_text] Nach neuesten Erkenntnissen nimmt die Inzidenz von Pilzinfektionen zu. Berechnungen ergaben, dass Pilzinfektionen bei etwa einer Milliarde Menschen pro Jahr auftreten. Obwohl Pilze viele wichtige Rollen in der menschlichen Hom\u00f6ostase spielen, k\u00f6nnen sie auch eine gesundheitliche Belastung f\u00fcr eine bestimmte Gruppe von Patienten darstellen. Wenn die Wirt-Pathogen-Balance gest\u00f6rt ist, kann [&hellip;]","og_url":"https:\/\/devclinical.r-biopharm.com\/de\/diagnostik\/mykologie\/","og_site_name":"\ud83d\udea8\ud83d\udea8\ud83d\udea8 Staging!!! Clinical Diagnostics \ud83d\udea8\ud83d\udea8\ud83d\udea8","article_modified_time":"2019-07-08T12:31:11+00:00","twitter_misc":{"Gesch\u00e4tzte Lesezeit":"3\u00a0Minuten"},"schema":{"@context":"https:\/\/schema.org","@graph":[{"@type":"WebPage","@id":"https:\/\/devclinical.r-biopharm.com\/de\/diagnostik\/mykologie\/","url":"https:\/\/devclinical.r-biopharm.com\/de\/diagnostik\/mykologie\/","name":"Mykologie - \ud83d\udea8\ud83d\udea8\ud83d\udea8 Staging!!! Clinical Diagnostics \ud83d\udea8\ud83d\udea8\ud83d\udea8","isPartOf":{"@id":"https:\/\/devdevclinical.r-biopharm.com\/#website"},"datePublished":"2015-10-05T09:42:27+00:00","dateModified":"2019-07-08T12:31:11+00:00","breadcrumb":{"@id":"https:\/\/devclinical.r-biopharm.com\/de\/diagnostik\/mykologie\/#breadcrumb"},"inLanguage":"de","potentialAction":[{"@type":"ReadAction","target":["https:\/\/devclinical.r-biopharm.com\/de\/diagnostik\/mykologie\/"]}]},{"@type":"BreadcrumbList","@id":"https:\/\/devclinical.r-biopharm.com\/de\/diagnostik\/mykologie\/#breadcrumb","itemListElement":[{"@type":"ListItem","position":1,"name":"Home","item":"https:\/\/devclinical.r-biopharm.com\/de\/"},{"@type":"ListItem","position":2,"name":"Diagnostik","item":"https:\/\/devclinical.r-biopharm.com\/de\/diagnostik\/"},{"@type":"ListItem","position":3,"name":"Mykologie"}]},{"@type":"WebSite","@id":"https:\/\/devdevclinical.r-biopharm.com\/#website","url":"https:\/\/devdevclinical.r-biopharm.com\/","name":"\ud83d\udea8\ud83d\udea8\ud83d\udea8 Staging!!! Clinical Diagnostics \ud83d\udea8\ud83d\udea8\ud83d\udea8","description":"A Division of the R-Biopharm Group","potentialAction":[{"@type":"SearchAction","target":{"@type":"EntryPoint","urlTemplate":"https:\/\/devdevclinical.r-biopharm.com\/?s={search_term_string}"},"query-input":"required name=search_term_string"}],"inLanguage":"de"}]}},"_links":{"self":[{"href":"https:\/\/devclinical.r-biopharm.com\/de\/wp-json\/wp\/v2\/pages\/69766"}],"collection":[{"href":"https:\/\/devclinical.r-biopharm.com\/de\/wp-json\/wp\/v2\/pages"}],"about":[{"href":"https:\/\/devclinical.r-biopharm.com\/de\/wp-json\/wp\/v2\/types\/page"}],"author":[{"embeddable":true,"href":"https:\/\/devclinical.r-biopharm.com\/de\/wp-json\/wp\/v2\/users\/1"}],"replies":[{"embeddable":true,"href":"https:\/\/devclinical.r-biopharm.com\/de\/wp-json\/wp\/v2\/comments?post=69766"}],"version-history":[{"count":10,"href":"https:\/\/devclinical.r-biopharm.com\/de\/wp-json\/wp\/v2\/pages\/69766\/revisions"}],"predecessor-version":[{"id":97359,"href":"https:\/\/devclinical.r-biopharm.com\/de\/wp-json\/wp\/v2\/pages\/69766\/revisions\/97359"}],"up":[{"embeddable":true,"href":"https:\/\/devclinical.r-biopharm.com\/de\/wp-json\/wp\/v2\/pages\/69758"}],"wp:attachment":[{"href":"https:\/\/devclinical.r-biopharm.com\/de\/wp-json\/wp\/v2\/media?parent=69766"}],"curies":[{"name":"wp","href":"https:\/\/api.w.org\/{rel}","templated":true}]}}