{"id":69770,"date":"2015-10-05T11:42:21","date_gmt":"2015-10-05T09:42:21","guid":{"rendered":"http:\/\/clinical.rbiodev.de\/?page_id=69770\/"},"modified":"2021-12-08T11:15:54","modified_gmt":"2021-12-08T10:15:54","slug":"parasitologie","status":"publish","type":"page","link":"https:\/\/devclinical.r-biopharm.com\/de\/diagnostik\/parasitologie\/","title":{"rendered":"Parasitologie"},"content":{"rendered":"<div class=\"wpb-content-wrapper\">[mk_page_section padding_top=&#8220;30&#8243; padding_bottom=&#8220;30&#8243; sidebar=&#8220;sidebar-1&#8243;][vc_column width=&#8220;2\/3&#8243;][vc_column_text]\n<div id=\"text-block-3\" class=\"mk-text-block \">\n<p><strong>Infektionen mit Parasiten kommen sehr h\u00e4ufig in tropischen Klimaregionen vor, wobei das h\u00e4ufigste Beispiel f\u00fcr eine solche Infektion Malaria ist. In nicht-tropischen Gebieten sind die h\u00e4ufigsten Erkrankungen, die durch Parasiten verursacht werden, Trichomoniasis, Giardiasis, Kryptosporidiose, Am\u00f6biasis und Toxoplasmose.<\/strong><\/p>\n<p>Parasit\u00e4re Infektionen werden durch drei Arten von Organismen verursacht: Protozoen, Helminthen und Ektoparasiten. Infektionen mit Protozoen k\u00f6nnen beispielsweise durch Trinkwasser auftreten, das die Zellen der Protozoenorganismen enth\u00e4lt, oder durch unzureichend gegarte Nahrungsmittel. Giardia lamblia, Cryptosporidium parvum, Entamoeba histolytica und Dientamoeba fragilis sind die wichtigsten Diarrhoe verursachenden Protozoen.<\/p>\n<p>Aufgrund der leichten Ausbreitung ist eine schnelle und zuverl\u00e4ssige Diagnose einer parasit\u00e4ren Infektion in einem fr\u00fchen Stadium entscheidend f\u00fcr eine wirksame Therapie. Immunoassays und molekulare Diagnostik erm\u00f6glichen den Nachweis und die Differenzierung von parasit\u00e4ren Infektionen fr\u00fcher als herk\u00f6mmliche Methoden wie die Mikroskopie.<\/p>\n<h3 class=\"knubbel\">Innovative diagnostische L\u00f6sungen f\u00fcr die Parasitologie<\/h3>\n<p>R-Biopharm bietet verschiedene Technologien f\u00fcr die Parasitologie, die den diagnostischen und organisatorischen Bed\u00fcrfnissen von Laboratorien jeder Gr\u00f6\u00dfenordnung gerecht werden, u.a.:<\/p>\n<\/div>\n[\/vc_column_text][mk_custom_list style=&#8220;mk-moon-circle-small&#8220;]\n<ul>\n<li>Echtzeit-PCR Testkits f\u00fcr verschiedene Open-Platform-Cycler<\/li>\n<li>Enzymimmunoassays, die f\u00fcr Automationsplattformen validiert sind<\/li>\n<li>Schnelltests in Form einer Kassette oder eines Teststreifens &#8211; ein einfaches, schnelles, sensitives Verfahren f\u00fcr den Nachweis von viralen Antigenen in kleinen Probens\u00e4tzen<\/li>\n<\/ul>\n[\/mk_custom_list][vc_column_text]\n<div id=\"text-block-3\" class=\"mk-text-block \">\n<p>Sie haben die Wahl zwischen verschiedenen diagnostischen Systemen , um auf eine Vielzahl von Parasiten, wie z. B. Entamoeba, Giardia, Cryptosporidium und Toxocara, zu testen.<\/p>\n<\/div>\n[\/vc_column_text][vc_cta h2=&#8220;Parasitendiagnostik mit RIDA\u00aeGENE&#8220; shape=&#8220;square&#8220; style=&#8220;flat&#8220; add_button=&#8220;right&#8220; btn_title=&#8220;Download&#8220; btn_style=&#8220;flat&#8220; btn_shape=&#8220;square&#8220; btn_color=&#8220;inverse&#8220; btn_link=&#8220;url:https%3A%2F%2Fdevclinical.r-biopharm.com%2Fwp-content%2Fuploads%2F2020%2F04%2Frg_parasitendiagnostik_4p_de_2020-02.pdf|target:_blank&#8220;]Weitere Informationen zu unseren RIDA\u00aeGENE real-time PCR Kits f\u00fcr die Parasitendiagnostik finden Sie in unserer kostenfreien Brosch\u00fcre.[\/vc_cta][vc_cta h2=&#8220;Parasitendiagnostik mit RIDASCREEN\u00ae&#8220; shape=&#8220;square&#8220; style=&#8220;flat&#8220; add_button=&#8220;right&#8220; btn_title=&#8220;Download&#8220; btn_style=&#8220;flat&#8220; btn_shape=&#8220;square&#8220; btn_color=&#8220;inverse&#8220; btn_link=&#8220;url:https%3A%2F%2Fdevclinical.r-biopharm.com%2Fwp-content%2Fuploads%2Fsites%2F3%2F2018%2F05%2F2018-01_parasitendiagnostik_4p_de_lores.pdf||target:%20_blank|&#8220;]Weitere Informationen zu unseren RIDASCREEN\u00ae ELISA Kits f\u00fcr die Parasitendiagnostik finden Sie in unserer kostenfreien Brosch\u00fcre.[\/vc_cta][\/vc_column][vc_column width=&#8220;1\/3&#8243;][vc_column_text margin_bottom=&#8220;20&#8243;]\n<h3 style=\"margin-bottom: 25px;\">Indikation w\u00e4hlen<\/h3>\n<div class=\"facetwp-facet facetwp-facet-indication_fselect facetwp-type-fselect\" data-name=\"indication_fselect\" data-type=\"fselect\"><\/div>[\/vc_column_text][vc_column_text margin_bottom=&#8220;20&#8243;]\n<h3 style=\"margin-bottom: 25px;\">Technologie w\u00e4hlen<\/h3>\n<div class=\"facetwp-facet facetwp-facet-technology_fselect facetwp-type-fselect\" data-name=\"technology_fselect\" data-type=\"fselect\"><\/div>[\/vc_column_text][vc_column_text margin_bottom=&#8220;40&#8243;]\n<h3 style=\"margin-bottom: 25px;\">Passende Produkte zu Ihrer Auswahl<\/h3>\n<div class=\"facetwp-template\" data-name=\"parasitology\"><ul class=\"product_facets\"><li>\n<a class=\"facetwp_pimg\" href=\"https:\/\/devclinical.r-biopharm.com\/de\/produkte\/ridaunity-parasitic-stool-panel-ii\/\"><img loading=\"lazy\" decoding=\"async\" width=\"100\" height=\"50\" src=\"https:\/\/devclinical.r-biopharm.com\/wp-content\/uploads\/2022\/12\/un1725_rida-unity-parasitic-stool-panel-ii_neutral_rgb_1200x600_2022-11-100x50.jpg\" class=\"recent-thumbs wp-post-image\" alt=\"\" itemprop=\"image\" \/><\/a>\n<div class=\"facetwp_title_container\"><a class=\"facetwp_ptitle\" href=\"https:\/\/devclinical.r-biopharm.com\/de\/produkte\/ridaunity-parasitic-stool-panel-ii\/\">RIDA\u00aeUNITY Parasitic Stool Panel II<\/a><\/div>\n<\/li>\n\n<li>\n<a class=\"facetwp_pimg\" href=\"https:\/\/devclinical.r-biopharm.com\/de\/produkte\/ridagene-parasitic-stool-panel\/\"><img loading=\"lazy\" decoding=\"async\" width=\"100\" height=\"50\" src=\"https:\/\/devclinical.r-biopharm.com\/wp-content\/uploads\/2013\/11\/2014-05_ridagene_parasitidc-stool-panel-02_rgb_600-x-300-100x50.jpg\" class=\"recent-thumbs wp-post-image\" alt=\"ridagene_parasitic-stool-panel\" itemprop=\"image\" \/><\/a>\n<div class=\"facetwp_title_container\"><a class=\"facetwp_ptitle\" href=\"https:\/\/devclinical.r-biopharm.com\/de\/produkte\/ridagene-parasitic-stool-panel\/\">RIDA\u00aeGENE Parasitic Stool Panel I (de)<\/a><\/div>\n<\/li>\n\n<li>\n<a class=\"facetwp_pimg\" href=\"https:\/\/devclinical.r-biopharm.com\/de\/produkte\/ridagene-dientamoeba-fragilis-2\/\"><img loading=\"lazy\" decoding=\"async\" width=\"100\" height=\"50\" src=\"https:\/\/devclinical.r-biopharm.com\/wp-content\/uploads\/2014\/02\/2014-10_ridagene-dientamoeba-fragilis_rgb_600-x-300-100x50.jpg\" class=\"recent-thumbs wp-post-image\" alt=\"ridagene-dientamoeba-fragilis\" itemprop=\"image\" \/><\/a>\n<div class=\"facetwp_title_container\"><a class=\"facetwp_ptitle\" href=\"https:\/\/devclinical.r-biopharm.com\/de\/produkte\/ridagene-dientamoeba-fragilis-2\/\">RIDA\u00aeGENE Dientamoeba fragilis (de)<\/a><\/div>\n<\/li>\n\n<li>\n<a class=\"facetwp_pimg\" href=\"https:\/\/devclinical.r-biopharm.com\/de\/produkte\/ridagene-parasitic-stool-panel-ii\/\"><img loading=\"lazy\" decoding=\"async\" width=\"100\" height=\"50\" src=\"https:\/\/devclinical.r-biopharm.com\/wp-content\/uploads\/2013\/11\/pg1725-ridagene-parasitic-stool-panel-ii-with-content_neutral_rgb_lowres_2020-01-100x50.jpg\" class=\"recent-thumbs wp-post-image\" alt=\"\" itemprop=\"image\" \/><\/a>\n<div class=\"facetwp_title_container\"><a class=\"facetwp_ptitle\" href=\"https:\/\/devclinical.r-biopharm.com\/de\/produkte\/ridagene-parasitic-stool-panel-ii\/\">RIDA\u00aeGENE Parasitic Stool Panel II (de)<\/a><\/div>\n<\/li>\n\n<li>\n<a class=\"facetwp_pimg\" href=\"https:\/\/devclinical.r-biopharm.com\/de\/produkte\/ridaquick-cryptosporidiumgiardiaentamoeba-combi-kassetten\/\"><img loading=\"lazy\" decoding=\"async\" width=\"100\" height=\"50\" src=\"https:\/\/devclinical.r-biopharm.com\/wp-content\/uploads\/2012\/06\/2018-04_n1723_rq-crypto-giardia-entamoeba-kit-mit-inhalt_rgb_300x600-100x50.jpg\" class=\"recent-thumbs wp-post-image\" alt=\"n1723_rida-quick-crypto-giardia-entamoeba-kit\" itemprop=\"image\" \/><\/a>\n<div class=\"facetwp_title_container\"><a class=\"facetwp_ptitle\" href=\"https:\/\/devclinical.r-biopharm.com\/de\/produkte\/ridaquick-cryptosporidiumgiardiaentamoeba-combi-kassetten\/\">RIDA\u00aeQUICK Cryptosporidium \/ Giardia \/ Entamoeba Combi (Kassetten)  (de)<\/a><\/div>\n<\/li>\n\n<li>\n<a class=\"facetwp_pimg\" href=\"https:\/\/devclinical.r-biopharm.com\/de\/produkte\/ridaquick-entamoeba-kassetten\/\"><img loading=\"lazy\" decoding=\"async\" width=\"100\" height=\"50\" src=\"https:\/\/devclinical.r-biopharm.com\/wp-content\/uploads\/2012\/06\/2018-04_n2203_rq-verotoxin-o157-kit-mit-inhalt_rgb_lowres-100x50.jpg\" class=\"recent-thumbs wp-post-image\" alt=\"n2203_rida-quick-verotoxin-o157-kit\" srcset=\"https:\/\/devclinical.r-biopharm.com\/wp-content\/uploads\/2012\/06\/2018-04_n2203_rq-verotoxin-o157-kit-mit-inhalt_rgb_lowres-100x50.jpg 100w, https:\/\/devclinical.r-biopharm.com\/wp-content\/uploads\/2012\/06\/2018-04_n2203_rq-verotoxin-o157-kit-mit-inhalt_rgb_lowres-200x100.jpg 200w, https:\/\/devclinical.r-biopharm.com\/wp-content\/uploads\/2012\/06\/2018-04_n2203_rq-verotoxin-o157-kit-mit-inhalt_rgb_lowres-353x179.jpg 353w\" sizes=\"(max-width: 100px) 100vw, 100px\" itemprop=\"image\" \/><\/a>\n<div class=\"facetwp_title_container\"><a class=\"facetwp_ptitle\" href=\"https:\/\/devclinical.r-biopharm.com\/de\/produkte\/ridaquick-entamoeba-kassetten\/\">RIDA\u00aeQUICK Entamoeba (Kassetten)  (de)<\/a><\/div>\n<\/li>\n\n<li>\n<a class=\"facetwp_pimg\" href=\"https:\/\/devclinical.r-biopharm.com\/de\/produkte\/ridaquick-cryptosporidium-kassetten\/\"><img loading=\"lazy\" decoding=\"async\" width=\"100\" height=\"50\" src=\"https:\/\/devclinical.r-biopharm.com\/wp-content\/uploads\/2012\/06\/2018-04_n2203_rq-verotoxin-o157-kit-mit-inhalt_rgb_lowres-100x50.jpg\" class=\"recent-thumbs wp-post-image\" alt=\"n2203_rida-quick-verotoxin-o157-kit\" srcset=\"https:\/\/devclinical.r-biopharm.com\/wp-content\/uploads\/2012\/06\/2018-04_n2203_rq-verotoxin-o157-kit-mit-inhalt_rgb_lowres-100x50.jpg 100w, https:\/\/devclinical.r-biopharm.com\/wp-content\/uploads\/2012\/06\/2018-04_n2203_rq-verotoxin-o157-kit-mit-inhalt_rgb_lowres-200x100.jpg 200w, https:\/\/devclinical.r-biopharm.com\/wp-content\/uploads\/2012\/06\/2018-04_n2203_rq-verotoxin-o157-kit-mit-inhalt_rgb_lowres-353x179.jpg 353w\" sizes=\"(max-width: 100px) 100vw, 100px\" itemprop=\"image\" \/><\/a>\n<div class=\"facetwp_title_container\"><a class=\"facetwp_ptitle\" href=\"https:\/\/devclinical.r-biopharm.com\/de\/produkte\/ridaquick-cryptosporidium-kassetten\/\">RIDA\u00aeQUICK Cryptosporidium (Kassetten) (de)<\/a><\/div>\n<\/li>\n\n<li>\n<a class=\"facetwp_pimg\" href=\"https:\/\/devclinical.r-biopharm.com\/de\/produkte\/ridaquick-cryptosporidiumgiardia-combi-kassetten\/\"><img loading=\"lazy\" decoding=\"async\" width=\"100\" height=\"50\" src=\"https:\/\/devclinical.r-biopharm.com\/wp-content\/uploads\/2012\/06\/2018-04_n2203_rq-verotoxin-o157-kit-mit-inhalt_rgb_lowres-100x50.jpg\" class=\"recent-thumbs wp-post-image\" alt=\"n2203_rida-quick-verotoxin-o157-kit\" srcset=\"https:\/\/devclinical.r-biopharm.com\/wp-content\/uploads\/2012\/06\/2018-04_n2203_rq-verotoxin-o157-kit-mit-inhalt_rgb_lowres-100x50.jpg 100w, https:\/\/devclinical.r-biopharm.com\/wp-content\/uploads\/2012\/06\/2018-04_n2203_rq-verotoxin-o157-kit-mit-inhalt_rgb_lowres-200x100.jpg 200w, https:\/\/devclinical.r-biopharm.com\/wp-content\/uploads\/2012\/06\/2018-04_n2203_rq-verotoxin-o157-kit-mit-inhalt_rgb_lowres-353x179.jpg 353w\" sizes=\"(max-width: 100px) 100vw, 100px\" itemprop=\"image\" \/><\/a>\n<div class=\"facetwp_title_container\"><a class=\"facetwp_ptitle\" href=\"https:\/\/devclinical.r-biopharm.com\/de\/produkte\/ridaquick-cryptosporidiumgiardia-combi-kassetten\/\">RIDA\u00aeQUICK Cryptosporidium \/ Giardia Combi (Kassetten) (de)<\/a><\/div>\n<\/li>\n\n<li>\n<a class=\"facetwp_pimg\" href=\"https:\/\/devclinical.r-biopharm.com\/de\/produkte\/ridaquick-giardia-kassetten\/\"><img loading=\"lazy\" decoding=\"async\" width=\"100\" height=\"50\" src=\"https:\/\/devclinical.r-biopharm.com\/wp-content\/uploads\/2012\/06\/2018-04_n2203_rq-verotoxin-o157-kit-mit-inhalt_rgb_lowres-100x50.jpg\" class=\"recent-thumbs wp-post-image\" alt=\"n2203_rida-quick-verotoxin-o157-kit\" srcset=\"https:\/\/devclinical.r-biopharm.com\/wp-content\/uploads\/2012\/06\/2018-04_n2203_rq-verotoxin-o157-kit-mit-inhalt_rgb_lowres-100x50.jpg 100w, https:\/\/devclinical.r-biopharm.com\/wp-content\/uploads\/2012\/06\/2018-04_n2203_rq-verotoxin-o157-kit-mit-inhalt_rgb_lowres-200x100.jpg 200w, https:\/\/devclinical.r-biopharm.com\/wp-content\/uploads\/2012\/06\/2018-04_n2203_rq-verotoxin-o157-kit-mit-inhalt_rgb_lowres-353x179.jpg 353w\" sizes=\"(max-width: 100px) 100vw, 100px\" itemprop=\"image\" \/><\/a>\n<div class=\"facetwp_title_container\"><a class=\"facetwp_ptitle\" href=\"https:\/\/devclinical.r-biopharm.com\/de\/produkte\/ridaquick-giardia-kassetten\/\">RIDA\u00aeQUICK Giardia (Kassetten) (de)<\/a><\/div>\n<\/li>\n\n<li>\n<a class=\"facetwp_pimg\" href=\"https:\/\/devclinical.r-biopharm.com\/de\/produkte\/ridascreen-entamoeba\/\"><img loading=\"lazy\" decoding=\"async\" width=\"100\" height=\"50\" src=\"https:\/\/devclinical.r-biopharm.com\/wp-content\/uploads\/2016\/08\/2014-09_ridascreen-cryptosporidium-giardia-combi-m1-lowres-100x50.jpg\" class=\"recent-thumbs wp-post-image\" alt=\"ridascreen-cryptosporidium-giardia-combi-easy-kit\" srcset=\"https:\/\/devclinical.r-biopharm.com\/wp-content\/uploads\/2016\/08\/2014-09_ridascreen-cryptosporidium-giardia-combi-m1-lowres-100x50.jpg 100w, https:\/\/devclinical.r-biopharm.com\/wp-content\/uploads\/2016\/08\/2014-09_ridascreen-cryptosporidium-giardia-combi-m1-lowres-200x100.jpg 200w, https:\/\/devclinical.r-biopharm.com\/wp-content\/uploads\/2016\/08\/2014-09_ridascreen-cryptosporidium-giardia-combi-m1-lowres-353x179.jpg 353w\" sizes=\"(max-width: 100px) 100vw, 100px\" itemprop=\"image\" \/><\/a>\n<div class=\"facetwp_title_container\"><a class=\"facetwp_ptitle\" href=\"https:\/\/devclinical.r-biopharm.com\/de\/produkte\/ridascreen-entamoeba\/\">RIDASCREEN\u00ae Entamoeba (de)<\/a><\/div>\n<\/li>\n\n<\/ul><\/div>[\/vc_column_text][\/vc_column][\/mk_page_section][mk_page_section bg_color=&#8220;#f7f7f7&#8243; padding_top=&#8220;0&#8243; padding_bottom=&#8220;0&#8243; sidebar=&#8220;sidebar-1&#8243;][vc_column css=&#8220;.vc_custom_1469015765963{margin-top: 25px !important;padding-bottom: 5px !important;}&#8220;][vc_column_text margin_bottom=&#8220;20&#8243;]\n<h2 class=\"knubbel\">Neuigkeiten aus dem Bereich Parasitologie<\/h2>\n[\/vc_column_text][mk_blog_carousel cat=&#8220;241&#8243;][\/vc_column][\/mk_page_section][mk_page_section bg_color=&#8220;#ffffff&#8220; padding_top=&#8220;0&#8243; sidebar=&#8220;sidebar-1&#8243;][vc_column css=&#8220;.vc_custom_1467042052405{margin-top: 40px !important;}&#8220;][vc_column_text margin_bottom=&#8220;20&#8243;]\n<h2 class=\"knubbel\">Das k\u00f6nnte Sie auch interessieren<\/h2>\n[\/vc_column_text][vc_row_inner css=&#8220;.vc_custom_1468404266697{margin-bottom: 40px !important;}&#8220;][vc_column_inner width=&#8220;1\/3&#8243; css=&#8220;.vc_custom_1468416557833{padding-bottom: 10px !important;padding-left: 0px !important;}&#8220;][mk_flipbox_rb taxonomy=&#8220;diagnostic&#8220; tag_diagnostics=&#8220;parasitologie&#8220; min_height=&#8220;200&#8243; button_bg_color=&#8220;#4d4d4d&#8220; button_bg_hover_color=&#8220;#ffffff&#8220; button_text=&#8220;Produktinformationen&#8220;][\/vc_column_inner][vc_column_inner width=&#8220;1\/3&#8243; css=&#8220;.vc_custom_1468416552613{padding-right: 7.5px !important;padding-bottom: 10px !important;padding-left: 7.5px !important;}&#8220;][mk_flipbox_rb taxonomy=&#8220;diagnostic&#8220; tag_diagnostics=&#8220;parasitologie&#8220; offset=&#8220;1&#8243; min_height=&#8220;200&#8243; button_bg_color=&#8220;#4d4d4d&#8220; button_bg_hover_color=&#8220;#ffffff&#8220; button_text=&#8220;Produktinformationen&#8220;][\/vc_column_inner][vc_column_inner width=&#8220;1\/3&#8243; css=&#8220;.vc_custom_1468416547451{padding-right: 0px !important;padding-bottom: 10px !important;}&#8220;][mk_flipbox_rb taxonomy=&#8220;diagnostic&#8220; tag_diagnostics=&#8220;parasitologie&#8220; offset=&#8220;2&#8243; min_height=&#8220;200&#8243; button_bg_color=&#8220;#4d4d4d&#8220; button_bg_hover_color=&#8220;#ffffff&#8220; button_text=&#8220;Produktinformationen&#8220;][\/vc_column_inner][\/vc_row_inner][\/vc_column][\/mk_page_section][mk_page_section bg_color=&#8220;#f7f7f7&#8243; padding_top=&#8220;20&#8243; padding_bottom=&#8220;20&#8243; sidebar=&#8220;sidebar-1&#8243;][vc_column css=&#8220;.vc_custom_1468415774645{padding-top: 0px !important;padding-bottom: 0px !important;}&#8220;][vc_column_text disable_pattern=&#8220;false&#8220; align=&#8220;center&#8220;]\n<h2>Beratung zum Thema Parasitologie<\/h2>\n<p>Fragen? Unser erfahrenes Team unterst\u00fctzt Sie gern mit individuell zugeschnittenen L\u00f6sungen f\u00fcr Ihre Diagnostik.[\/vc_column_text][mk_button dimension=&#8220;flat&#8220; url=&#8220;\/de\/kontakt\/&#8220; align=&#8220;center&#8220; margin_bottom=&#8220;&#8220; bg_color=&#8220;#4d4d4d&#8220; btn_hover_bg=&#8220;#ffffff&#8220; btn_hover_txt_color=&#8220;#4d4d4d&#8220;]Kontakt[\/mk_button][\/vc_column][\/mk_page_section]\n<\/div>","protected":false},"excerpt":{"rendered":"<p>[mk_page_section padding_top=&#8220;30&#8243; padding_bottom=&#8220;30&#8243; sidebar=&#8220;sidebar-1&#8243;][vc_column width=&#8220;2\/3&#8243;][vc_column_text] Infektionen mit Parasiten kommen sehr h\u00e4ufig in tropischen Klimaregionen vor, wobei das h\u00e4ufigste Beispiel f\u00fcr eine solche Infektion Malaria ist. In nicht-tropischen Gebieten sind die h\u00e4ufigsten Erkrankungen, die durch Parasiten verursacht werden, Trichomoniasis, Giardiasis, Kryptosporidiose, Am\u00f6biasis und Toxoplasmose. Parasit\u00e4re Infektionen werden durch drei Arten von Organismen verursacht: Protozoen, Helminthen und [&hellip;]<\/p>\n","protected":false},"author":1,"featured_media":0,"parent":69758,"menu_order":0,"comment_status":"closed","ping_status":"closed","template":"","meta":{"content-type":"","_relevanssi_hide_post":"","_relevanssi_hide_content":"","_relevanssi_pin_for_all":"","_relevanssi_pin_keywords":"","_relevanssi_unpin_keywords":"","_relevanssi_related_keywords":"","_relevanssi_related_include_ids":"","_relevanssi_related_exclude_ids":"","_relevanssi_related_no_append":"","_relevanssi_related_not_related":"","_relevanssi_related_posts":"","_relevanssi_noindex_reason":"","footnotes":""},"acf":[],"yoast_head":"<!-- This site is optimized with the Yoast SEO plugin v21.9 - https:\/\/yoast.com\/wordpress\/plugins\/seo\/ -->\n<title>Parasitologie - \ud83d\udea8\ud83d\udea8\ud83d\udea8 Staging!!! Clinical Diagnostics \ud83d\udea8\ud83d\udea8\ud83d\udea8<\/title>\n<meta name=\"robots\" content=\"noindex, follow, max-snippet:-1, max-image-preview:large, max-video-preview:-1\" \/>\n<meta property=\"og:locale\" content=\"de_DE\" \/>\n<meta property=\"og:type\" content=\"article\" \/>\n<meta property=\"og:title\" content=\"Parasitologie - \ud83d\udea8\ud83d\udea8\ud83d\udea8 Staging!!! Clinical Diagnostics \ud83d\udea8\ud83d\udea8\ud83d\udea8\" \/>\n<meta property=\"og:description\" content=\"[mk_page_section padding_top=&#8220;30&#8243; padding_bottom=&#8220;30&#8243; sidebar=&#8220;sidebar-1&#8243;][vc_column width=&#8220;2\/3&#8243;][vc_column_text] Infektionen mit Parasiten kommen sehr h\u00e4ufig in tropischen Klimaregionen vor, wobei das h\u00e4ufigste Beispiel f\u00fcr eine solche Infektion Malaria ist. In nicht-tropischen Gebieten sind die h\u00e4ufigsten Erkrankungen, die durch Parasiten verursacht werden, Trichomoniasis, Giardiasis, Kryptosporidiose, Am\u00f6biasis und Toxoplasmose. Parasit\u00e4re Infektionen werden durch drei Arten von Organismen verursacht: Protozoen, Helminthen und [&hellip;]\" \/>\n<meta property=\"og:url\" content=\"https:\/\/devclinical.r-biopharm.com\/de\/diagnostik\/parasitologie\/\" \/>\n<meta property=\"og:site_name\" content=\"\ud83d\udea8\ud83d\udea8\ud83d\udea8 Staging!!! Clinical Diagnostics \ud83d\udea8\ud83d\udea8\ud83d\udea8\" \/>\n<meta property=\"article:modified_time\" content=\"2021-12-08T10:15:54+00:00\" \/>\n<meta name=\"twitter:label1\" content=\"Gesch\u00e4tzte Lesezeit\" \/>\n\t<meta name=\"twitter:data1\" content=\"2\u00a0Minuten\" \/>\n<script type=\"application\/ld+json\" class=\"yoast-schema-graph\">{\"@context\":\"https:\/\/schema.org\",\"@graph\":[{\"@type\":\"WebPage\",\"@id\":\"https:\/\/devclinical.r-biopharm.com\/de\/diagnostik\/parasitologie\/\",\"url\":\"https:\/\/devclinical.r-biopharm.com\/de\/diagnostik\/parasitologie\/\",\"name\":\"Parasitologie - \ud83d\udea8\ud83d\udea8\ud83d\udea8 Staging!!! Clinical Diagnostics \ud83d\udea8\ud83d\udea8\ud83d\udea8\",\"isPartOf\":{\"@id\":\"https:\/\/devdevclinical.r-biopharm.com\/#website\"},\"datePublished\":\"2015-10-05T09:42:21+00:00\",\"dateModified\":\"2021-12-08T10:15:54+00:00\",\"breadcrumb\":{\"@id\":\"https:\/\/devclinical.r-biopharm.com\/de\/diagnostik\/parasitologie\/#breadcrumb\"},\"inLanguage\":\"de\",\"potentialAction\":[{\"@type\":\"ReadAction\",\"target\":[\"https:\/\/devclinical.r-biopharm.com\/de\/diagnostik\/parasitologie\/\"]}]},{\"@type\":\"BreadcrumbList\",\"@id\":\"https:\/\/devclinical.r-biopharm.com\/de\/diagnostik\/parasitologie\/#breadcrumb\",\"itemListElement\":[{\"@type\":\"ListItem\",\"position\":1,\"name\":\"Home\",\"item\":\"https:\/\/devclinical.r-biopharm.com\/de\/\"},{\"@type\":\"ListItem\",\"position\":2,\"name\":\"Diagnostik\",\"item\":\"https:\/\/devclinical.r-biopharm.com\/de\/diagnostik\/\"},{\"@type\":\"ListItem\",\"position\":3,\"name\":\"Parasitologie\"}]},{\"@type\":\"WebSite\",\"@id\":\"https:\/\/devdevclinical.r-biopharm.com\/#website\",\"url\":\"https:\/\/devdevclinical.r-biopharm.com\/\",\"name\":\"\ud83d\udea8\ud83d\udea8\ud83d\udea8 Staging!!! Clinical Diagnostics \ud83d\udea8\ud83d\udea8\ud83d\udea8\",\"description\":\"A Division of the R-Biopharm Group\",\"potentialAction\":[{\"@type\":\"SearchAction\",\"target\":{\"@type\":\"EntryPoint\",\"urlTemplate\":\"https:\/\/devdevclinical.r-biopharm.com\/?s={search_term_string}\"},\"query-input\":\"required name=search_term_string\"}],\"inLanguage\":\"de\"}]}<\/script>\n<!-- \/ Yoast SEO plugin. -->","yoast_head_json":{"title":"Parasitologie - \ud83d\udea8\ud83d\udea8\ud83d\udea8 Staging!!! Clinical Diagnostics \ud83d\udea8\ud83d\udea8\ud83d\udea8","robots":{"index":"noindex","follow":"follow","max-snippet":"max-snippet:-1","max-image-preview":"max-image-preview:large","max-video-preview":"max-video-preview:-1"},"og_locale":"de_DE","og_type":"article","og_title":"Parasitologie - \ud83d\udea8\ud83d\udea8\ud83d\udea8 Staging!!! Clinical Diagnostics \ud83d\udea8\ud83d\udea8\ud83d\udea8","og_description":"[mk_page_section padding_top=&#8220;30&#8243; padding_bottom=&#8220;30&#8243; sidebar=&#8220;sidebar-1&#8243;][vc_column width=&#8220;2\/3&#8243;][vc_column_text] Infektionen mit Parasiten kommen sehr h\u00e4ufig in tropischen Klimaregionen vor, wobei das h\u00e4ufigste Beispiel f\u00fcr eine solche Infektion Malaria ist. In nicht-tropischen Gebieten sind die h\u00e4ufigsten Erkrankungen, die durch Parasiten verursacht werden, Trichomoniasis, Giardiasis, Kryptosporidiose, Am\u00f6biasis und Toxoplasmose. Parasit\u00e4re Infektionen werden durch drei Arten von Organismen verursacht: Protozoen, Helminthen und [&hellip;]","og_url":"https:\/\/devclinical.r-biopharm.com\/de\/diagnostik\/parasitologie\/","og_site_name":"\ud83d\udea8\ud83d\udea8\ud83d\udea8 Staging!!! Clinical Diagnostics \ud83d\udea8\ud83d\udea8\ud83d\udea8","article_modified_time":"2021-12-08T10:15:54+00:00","twitter_misc":{"Gesch\u00e4tzte Lesezeit":"2\u00a0Minuten"},"schema":{"@context":"https:\/\/schema.org","@graph":[{"@type":"WebPage","@id":"https:\/\/devclinical.r-biopharm.com\/de\/diagnostik\/parasitologie\/","url":"https:\/\/devclinical.r-biopharm.com\/de\/diagnostik\/parasitologie\/","name":"Parasitologie - \ud83d\udea8\ud83d\udea8\ud83d\udea8 Staging!!! Clinical Diagnostics \ud83d\udea8\ud83d\udea8\ud83d\udea8","isPartOf":{"@id":"https:\/\/devdevclinical.r-biopharm.com\/#website"},"datePublished":"2015-10-05T09:42:21+00:00","dateModified":"2021-12-08T10:15:54+00:00","breadcrumb":{"@id":"https:\/\/devclinical.r-biopharm.com\/de\/diagnostik\/parasitologie\/#breadcrumb"},"inLanguage":"de","potentialAction":[{"@type":"ReadAction","target":["https:\/\/devclinical.r-biopharm.com\/de\/diagnostik\/parasitologie\/"]}]},{"@type":"BreadcrumbList","@id":"https:\/\/devclinical.r-biopharm.com\/de\/diagnostik\/parasitologie\/#breadcrumb","itemListElement":[{"@type":"ListItem","position":1,"name":"Home","item":"https:\/\/devclinical.r-biopharm.com\/de\/"},{"@type":"ListItem","position":2,"name":"Diagnostik","item":"https:\/\/devclinical.r-biopharm.com\/de\/diagnostik\/"},{"@type":"ListItem","position":3,"name":"Parasitologie"}]},{"@type":"WebSite","@id":"https:\/\/devdevclinical.r-biopharm.com\/#website","url":"https:\/\/devdevclinical.r-biopharm.com\/","name":"\ud83d\udea8\ud83d\udea8\ud83d\udea8 Staging!!! Clinical Diagnostics \ud83d\udea8\ud83d\udea8\ud83d\udea8","description":"A Division of the R-Biopharm Group","potentialAction":[{"@type":"SearchAction","target":{"@type":"EntryPoint","urlTemplate":"https:\/\/devdevclinical.r-biopharm.com\/?s={search_term_string}"},"query-input":"required name=search_term_string"}],"inLanguage":"de"}]}},"_links":{"self":[{"href":"https:\/\/devclinical.r-biopharm.com\/de\/wp-json\/wp\/v2\/pages\/69770"}],"collection":[{"href":"https:\/\/devclinical.r-biopharm.com\/de\/wp-json\/wp\/v2\/pages"}],"about":[{"href":"https:\/\/devclinical.r-biopharm.com\/de\/wp-json\/wp\/v2\/types\/page"}],"author":[{"embeddable":true,"href":"https:\/\/devclinical.r-biopharm.com\/de\/wp-json\/wp\/v2\/users\/1"}],"replies":[{"embeddable":true,"href":"https:\/\/devclinical.r-biopharm.com\/de\/wp-json\/wp\/v2\/comments?post=69770"}],"version-history":[{"count":14,"href":"https:\/\/devclinical.r-biopharm.com\/de\/wp-json\/wp\/v2\/pages\/69770\/revisions"}],"predecessor-version":[{"id":156518,"href":"https:\/\/devclinical.r-biopharm.com\/de\/wp-json\/wp\/v2\/pages\/69770\/revisions\/156518"}],"up":[{"embeddable":true,"href":"https:\/\/devclinical.r-biopharm.com\/de\/wp-json\/wp\/v2\/pages\/69758"}],"wp:attachment":[{"href":"https:\/\/devclinical.r-biopharm.com\/de\/wp-json\/wp\/v2\/media?parent=69770"}],"curies":[{"name":"wp","href":"https:\/\/api.w.org\/{rel}","templated":true}]}}