{"id":69781,"date":"2015-10-05T11:41:12","date_gmt":"2015-10-05T09:41:12","guid":{"rendered":"http:\/\/clinical.rbiodev.de\/?page_id=69781\/"},"modified":"2022-12-21T13:11:55","modified_gmt":"2022-12-21T12:11:55","slug":"gastroenterologie","status":"publish","type":"page","link":"https:\/\/devclinical.r-biopharm.com\/de\/diagnostik\/gastroenterologie\/","title":{"rendered":"Gastroenterologie"},"content":{"rendered":"<div class=\"wpb-content-wrapper\">[mk_page_section padding_top=&#8220;30&#8243; padding_bottom=&#8220;30&#8243; sidebar=&#8220;sidebar-1&#8243;][vc_column width=&#8220;2\/3&#8243;][vc_column_text]<strong>Die gastroenterologischen Teste der R-Biopharm AG dienen der modernen Diagnostik von Erkrankungen des Verdauungstrakts \u2013 ob entz\u00fcndliche Darmerkrankungen, Darmkrebs oder Erkrankungen der Pankreas.<\/strong><\/p>\n<p>Die angebotenen ELISA-Tests eignen sich sowohl f\u00fcr manuell durchgef\u00fchrte als auch automatisierte Analysen. Hier im \u00dcberblick die Marker und ihre diagnostische Relevanz.<\/p>\n<h3 class=\"knubbel\">Biomarker f\u00fcr die klinische Diagnostik<\/h3>\n<p>Biologische Marker (Biomarker) sind messbare Indikatoren f\u00fcr einen spezifischen Zustand. F\u00fcr die Gastroenterologie sind die folgenden Biomarker relevant:[\/vc_column_text][mk_custom_list style=&#8220;mk-moon-circle-small&#8220;]\n<ul>\n<li><a href=\"https:\/\/devclinical.r-biopharm.com\/de\/produkte\/ridascreen-calprotectin-neue-version\/\">Calprotectin<\/a> ist ein hochspezifischer Marker f\u00fcr gastrointestinale Entz\u00fcndungen, der f\u00fcr die Differenzierung zwischen chronisch-entz\u00fcndlichen Darmerkrankungen und Reizdarm eingesetzt wird und sich ebenfalls f\u00fcr das Therapiemonitoring eignet.<\/li>\n<li><a href=\"https:\/\/devclinical.r-biopharm.com\/de\/produkte\/ridascreen-1-antitrypsin\/\">\u03b11-Antitrypsin<\/a> und <a href=\"https:\/\/devclinical.r-biopharm.com\/de\/produkte\/ridascreen-siga\/\">sIgA<\/a> sind zwei Marker, die den Zustand der Darmwand anzeigen und die relevant sind f\u00fcr das Monitoring und die Diagnose des Leaky Gut Syndroms.<\/li>\n<li><a href=\"https:\/\/devclinical.r-biopharm.com\/de\/produkte\/pancreatic-elastase-elisa\/\">Pankreas Elastase<\/a> ist ein Marker f\u00fcr den Nachweis von Pankreasinsuffizienz und akuter Pankreatitis.<\/li>\n<\/ul>\n[\/mk_custom_list][vc_cta h2=&#8220;Therapeutisches Drug Monitoring&#8220; shape=&#8220;square&#8220; style=&#8220;flat&#8220; color=&#8220;grey&#8220; add_button=&#8220;right&#8220; btn_title=&#8220;Weiterlesen&#8220; btn_style=&#8220;flat&#8220; btn_shape=&#8220;square&#8220; btn_color=&#8220;inverse&#8220; btn_link=&#8220;url:https%3A%2F%2Fdevclinical.r-biopharm.com%2Fde%2Findikation%2Ftherapeutisches-drug-monitoring%2F||target:%20_blank|&#8220;]Therapeutisches Drug Monitoring von Infliximab (IFX, Remicade\u00ae) und Adalimumab (Humira\u00ae) optimiert die Therapie und reduziert die Behandlungskosten.[\/vc_cta][vc_cta h2=&#8220;Produkt\u00fcbersicht&#8220; shape=&#8220;square&#8220; style=&#8220;flat&#8220; color=&#8220;grey&#8220; add_button=&#8220;right&#8220; btn_title=&#8220;Download&#8220; btn_style=&#8220;flat&#8220; btn_shape=&#8220;square&#8220; btn_color=&#8220;inverse&#8220; btn_link=&#8220;url:https%3A%2F%2Fdevclinical.r-biopharm.com%2Fwp-content%2Fuploads%2F2022%2F12%2Fgastro_therapeutisches-medikamenten-monitoring_4p_de_2020-08.pdf|target:_blank&#8220;]Weitere Informationen zu unserem Testkit-Portfolio f\u00fcr die Gastroenterologie finden Sie in unserer kostenfreien Brosch\u00fcre.[\/vc_cta][\/vc_column][vc_column width=&#8220;1\/3&#8243;][vc_column_text margin_bottom=&#8220;20&#8243;]\n<h3 style=\"margin-bottom: 25px;\">Indikation w\u00e4hlen<\/h3>\n<div class=\"facetwp-facet facetwp-facet-indication_fselect facetwp-type-fselect\" data-name=\"indication_fselect\" data-type=\"fselect\"><\/div>[\/vc_column_text][vc_column_text margin_bottom=&#8220;20&#8243;]\n<h3 style=\"margin-bottom: 25px;\">Technologie w\u00e4hlen<\/h3>\n<div class=\"facetwp-facet facetwp-facet-technology_fselect facetwp-type-fselect\" data-name=\"technology_fselect\" data-type=\"fselect\"><\/div>[\/vc_column_text][vc_column_text margin_bottom=&#8220;40&#8243;]\n<h3>Passende Produkte zu Ihrer Auswahl<\/h3>\n<div class=\"facetwp-template\" data-name=\"gastroenterology\"><ul class=\"product_facets\"><li>\n<a class=\"facetwp_pimg\" href=\"https:\/\/devclinical.r-biopharm.com\/de\/produkte\/ridascreen-ust-monitoring\/\"><img loading=\"lazy\" decoding=\"async\" width=\"100\" height=\"50\" src=\"https:\/\/devclinical.r-biopharm.com\/wp-content\/uploads\/2021\/08\/g09049-ridascreen-ust-monitoring_neutral_rgb_lowres_2021-05-100x50.jpg\" class=\"recent-thumbs wp-post-image\" alt=\"\" itemprop=\"image\" \/><\/a>\n<div class=\"facetwp_title_container\"><a class=\"facetwp_ptitle\" href=\"https:\/\/devclinical.r-biopharm.com\/de\/produkte\/ridascreen-ust-monitoring\/\">RIDASCREEN\u00ae UST Monitoring<\/a><\/div>\n<\/li>\n\n<li>\n<a class=\"facetwp_pimg\" href=\"https:\/\/devclinical.r-biopharm.com\/de\/produkte\/ridascreen\/\"><img loading=\"lazy\" decoding=\"async\" width=\"100\" height=\"50\" src=\"https:\/\/devclinical.r-biopharm.com\/wp-content\/uploads\/2019\/02\/g09047-ridascreen-glm-monitoring_neutral_rgb_2019-10-100x50.jpg\" class=\"recent-thumbs wp-post-image\" alt=\"\" srcset=\"https:\/\/devclinical.r-biopharm.com\/wp-content\/uploads\/2019\/02\/g09047-ridascreen-glm-monitoring_neutral_rgb_2019-10-100x50.jpg 100w, https:\/\/devclinical.r-biopharm.com\/wp-content\/uploads\/2019\/02\/g09047-ridascreen-glm-monitoring_neutral_rgb_2019-10-200x100.jpg 200w, https:\/\/devclinical.r-biopharm.com\/wp-content\/uploads\/2019\/02\/g09047-ridascreen-glm-monitoring_neutral_rgb_2019-10-353x179.jpg 353w\" sizes=\"(max-width: 100px) 100vw, 100px\" itemprop=\"image\" \/><\/a>\n<div class=\"facetwp_title_container\"><a class=\"facetwp_ptitle\" href=\"https:\/\/devclinical.r-biopharm.com\/de\/produkte\/ridascreen\/\">RIDASCREEN\u00ae GLM Monitoring<\/a><\/div>\n<\/li>\n\n<li>\n<a class=\"facetwp_pimg\" href=\"https:\/\/devclinical.r-biopharm.com\/de\/produkte\/ridaquick-adm-monitoring\/\"><img loading=\"lazy\" decoding=\"async\" width=\"100\" height=\"50\" src=\"https:\/\/devclinical.r-biopharm.com\/wp-content\/uploads\/2018\/08\/2018-08_gn3043-ridaquick-adm-monitoring-kit_rgb_600x300-100x50.jpg\" class=\"recent-thumbs wp-post-image\" alt=\"gn3043-ridaquick-adm-monitoring-kit\" itemprop=\"image\" \/><\/a>\n<div class=\"facetwp_title_container\"><a class=\"facetwp_ptitle\" href=\"https:\/\/devclinical.r-biopharm.com\/de\/produkte\/ridaquick-adm-monitoring\/\">RIDA\u00aeQUICK ADM Monitoring<\/a><\/div>\n<\/li>\n\n<li>\n<a class=\"facetwp_pimg\" href=\"https:\/\/devclinical.r-biopharm.com\/de\/produkte\/ridatube-2\/\"><img loading=\"lazy\" decoding=\"async\" width=\"100\" height=\"50\" src=\"https:\/\/devclinical.r-biopharm.com\/wp-content\/uploads\/2018\/07\/2018-08_gz3013-ridatube-01_rgb_600x300-100x50.jpg\" class=\"recent-thumbs wp-post-image\" alt=\"gz3013-ridatube\" itemprop=\"image\" \/><\/a>\n<div class=\"facetwp_title_container\"><a class=\"facetwp_ptitle\" href=\"https:\/\/devclinical.r-biopharm.com\/de\/produkte\/ridatube-2\/\">RIDA\u00aeTUBE<\/a><\/div>\n<\/li>\n\n<li>\n<a class=\"facetwp_pimg\" href=\"https:\/\/devclinical.r-biopharm.com\/de\/produkte\/ridascreen-vdz-monitoring\/\"><img loading=\"lazy\" decoding=\"async\" width=\"100\" height=\"50\" src=\"https:\/\/devclinical.r-biopharm.com\/wp-content\/uploads\/2017\/12\/2019-03_g09045-rs-vdz-monitoring_600x300-100x50.jpg\" class=\"recent-thumbs wp-post-image\" alt=\"g09045-rs-vdz-monitoring\" itemprop=\"image\" \/><\/a>\n<div class=\"facetwp_title_container\"><a class=\"facetwp_ptitle\" href=\"https:\/\/devclinical.r-biopharm.com\/de\/produkte\/ridascreen-vdz-monitoring\/\">RIDASCREEN\u00ae VDZ Monitoring<\/a><\/div>\n<\/li>\n\n<li>\n<a class=\"facetwp_pimg\" href=\"https:\/\/devclinical.r-biopharm.com\/de\/produkte\/ridatube-calprotectin-fuer-g09036-ridascreencalprotectin\/\"><img loading=\"lazy\" decoding=\"async\" width=\"100\" height=\"50\" src=\"https:\/\/devclinical.r-biopharm.com\/wp-content\/uploads\/2017\/06\/2017-09_gz3016_rida-tube-calprotectin-kit_neutral_web-100x50.jpg\" class=\"recent-thumbs wp-post-image\" alt=\"gz3016_rida-tube-calprotectin-kit\" srcset=\"https:\/\/devclinical.r-biopharm.com\/wp-content\/uploads\/2017\/06\/2017-09_gz3016_rida-tube-calprotectin-kit_neutral_web-100x50.jpg 100w, https:\/\/devclinical.r-biopharm.com\/wp-content\/uploads\/2017\/06\/2017-09_gz3016_rida-tube-calprotectin-kit_neutral_web-300x150.jpg 300w, https:\/\/devclinical.r-biopharm.com\/wp-content\/uploads\/2017\/06\/2017-09_gz3016_rida-tube-calprotectin-kit_neutral_web-353x179.jpg 353w, https:\/\/devclinical.r-biopharm.com\/wp-content\/uploads\/2017\/06\/2017-09_gz3016_rida-tube-calprotectin-kit_neutral_web-200x100.jpg 200w, https:\/\/devclinical.r-biopharm.com\/wp-content\/uploads\/2017\/06\/2017-09_gz3016_rida-tube-calprotectin-kit_neutral_web.jpg 600w\" sizes=\"(max-width: 100px) 100vw, 100px\" itemprop=\"image\" \/><\/a>\n<div class=\"facetwp_title_container\"><a class=\"facetwp_ptitle\" href=\"https:\/\/devclinical.r-biopharm.com\/de\/produkte\/ridatube-calprotectin-fuer-g09036-ridascreencalprotectin\/\">RIDA\u00aeTUBE Calprotectin (f\u00fcr G09036) (de)<\/a><\/div>\n<\/li>\n\n<li>\n<a class=\"facetwp_pimg\" href=\"https:\/\/devclinical.r-biopharm.com\/de\/produkte\/ridascreen-anti-adm-antibodies-2\/\"><img loading=\"lazy\" decoding=\"async\" width=\"100\" height=\"50\" src=\"https:\/\/devclinical.r-biopharm.com\/wp-content\/uploads\/2017\/04\/2017-04_g09044_rs-anti-adm-antibodies_neutral_rgb_600-x-300-100x50.jpg\" class=\"recent-thumbs wp-post-image\" alt=\"g09044_ridascreen-anti-adm-antibodies\" itemprop=\"image\" \/><\/a>\n<div class=\"facetwp_title_container\"><a class=\"facetwp_ptitle\" href=\"https:\/\/devclinical.r-biopharm.com\/de\/produkte\/ridascreen-anti-adm-antibodies-2\/\">RIDASCREEN\u00ae Anti-ADM Antibodies (de)<\/a><\/div>\n<\/li>\n\n<li>\n<a class=\"facetwp_pimg\" href=\"https:\/\/devclinical.r-biopharm.com\/de\/produkte\/ridaquick-ifx-monitoring-control-set-2\/\"><img loading=\"lazy\" decoding=\"async\" width=\"100\" height=\"50\" src=\"https:\/\/devclinical.r-biopharm.com\/wp-content\/uploads\/2016\/12\/2017-04_gp3041_rq-ifx-monitoring-control-set_lab_rgb_600-x-300-100x50.jpg\" class=\"recent-thumbs wp-post-image\" alt=\"gp3041_rq-ifx-monitoring-control-set\" itemprop=\"image\" \/><\/a>\n<div class=\"facetwp_title_container\"><a class=\"facetwp_ptitle\" href=\"https:\/\/devclinical.r-biopharm.com\/de\/produkte\/ridaquick-ifx-monitoring-control-set-2\/\">RIDA\u00aeQUICK IFX Monitoring Control Set (de)<\/a><\/div>\n<\/li>\n\n<li>\n<a class=\"facetwp_pimg\" href=\"https:\/\/devclinical.r-biopharm.com\/de\/produkte\/ridaquick-ifx-monitoring-2\/\"><img loading=\"lazy\" decoding=\"async\" width=\"100\" height=\"50\" src=\"https:\/\/devclinical.r-biopharm.com\/wp-content\/uploads\/2016\/12\/2016-07_gn3041_rida-quick-ifx-monitoring_neutral_rgb_600-x-300-100x50.jpg\" class=\"recent-thumbs wp-post-image\" alt=\"gn3041_rida-quick-ifx-monitoring\" itemprop=\"image\" \/><\/a>\n<div class=\"facetwp_title_container\"><a class=\"facetwp_ptitle\" href=\"https:\/\/devclinical.r-biopharm.com\/de\/produkte\/ridaquick-ifx-monitoring-2\/\">RIDA\u00aeQUICK IFX Monitoring (de)<\/a><\/div>\n<\/li>\n\n<li>\n<a class=\"facetwp_pimg\" href=\"https:\/\/devclinical.r-biopharm.com\/de\/produkte\/ridascreen-adm-monitoring-2\/\"><img loading=\"lazy\" decoding=\"async\" width=\"100\" height=\"50\" src=\"https:\/\/devclinical.r-biopharm.com\/wp-content\/uploads\/2016\/03\/2016-05_g09043_rs_adm-monitoring_rgb_600-x-300-100x50.jpg\" class=\"recent-thumbs wp-post-image\" alt=\"g09043_ridascreen_adm-monitoring\" itemprop=\"image\" \/><\/a>\n<div class=\"facetwp_title_container\"><a class=\"facetwp_ptitle\" href=\"https:\/\/devclinical.r-biopharm.com\/de\/produkte\/ridascreen-adm-monitoring-2\/\">RIDASCREEN\u00ae ADM Monitoring (de)<\/a><\/div>\n<\/li>\n\n<\/ul><\/div>[\/vc_column_text][\/vc_column][\/mk_page_section][mk_page_section bg_color=&#8220;#f7f7f7&#8243; padding_top=&#8220;0&#8243; padding_bottom=&#8220;0&#8243; sidebar=&#8220;sidebar-1&#8243;][vc_column css=&#8220;.vc_custom_1469015765963{margin-top: 25px !important;padding-bottom: 5px !important;}&#8220;][vc_column_text margin_bottom=&#8220;20&#8243;]\n<h2 class=\"knubbel\">Neuigkeiten aus dem Bereich Gastroenterologie<\/h2>\n[\/vc_column_text][mk_blog_carousel cat=&#8220;239&#8243;][\/vc_column][\/mk_page_section][mk_page_section bg_color=&#8220;#ffffff&#8220; padding_top=&#8220;0&#8243; sidebar=&#8220;sidebar-1&#8243;][vc_column css=&#8220;.vc_custom_1467042052405{margin-top: 40px !important;}&#8220;][vc_column_text margin_bottom=&#8220;20&#8243;]\n<h2 class=\"knubbel\">Das k\u00f6nnte Sie auch interessieren<\/h2>\n[\/vc_column_text][vc_row_inner css=&#8220;.vc_custom_1468404266697{margin-bottom: 40px !important;}&#8220;][vc_column_inner width=&#8220;1\/3&#8243; css=&#8220;.vc_custom_1468416557833{padding-bottom: 10px !important;padding-left: 0px !important;}&#8220;][mk_flipbox_rb taxonomy=&#8220;diagnostic&#8220; tag_diagnostics=&#8220;gastroenterologie&#8220; min_height=&#8220;200&#8243; button_bg_color=&#8220;#4d4d4d&#8220; button_bg_hover_color=&#8220;#ffffff&#8220; button_text=&#8220;Produktdetails&#8220;][\/vc_column_inner][vc_column_inner width=&#8220;1\/3&#8243; css=&#8220;.vc_custom_1468416552613{padding-right: 7.5px !important;padding-bottom: 10px !important;padding-left: 7.5px !important;}&#8220;][mk_flipbox_rb taxonomy=&#8220;diagnostic&#8220; tag_diagnostics=&#8220;gastroenterologie&#8220; offset=&#8220;1&#8243; min_height=&#8220;200&#8243; button_bg_color=&#8220;#4d4d4d&#8220; button_bg_hover_color=&#8220;#ffffff&#8220; button_text=&#8220;Produktdetails&#8220;][\/vc_column_inner][vc_column_inner width=&#8220;1\/3&#8243; css=&#8220;.vc_custom_1468416547451{padding-right: 0px !important;padding-bottom: 10px !important;}&#8220;][mk_flipbox_rb taxonomy=&#8220;diagnostic&#8220; tag_diagnostics=&#8220;gastroenterologie&#8220; offset=&#8220;2&#8243; min_height=&#8220;200&#8243; button_bg_color=&#8220;#4d4d4d&#8220; button_bg_hover_color=&#8220;#ffffff&#8220; button_text=&#8220;Produktdetails&#8220;][\/vc_column_inner][\/vc_row_inner][\/vc_column][\/mk_page_section][mk_page_section bg_color=&#8220;#f7f7f7&#8243; padding_top=&#8220;20&#8243; padding_bottom=&#8220;20&#8243; sidebar=&#8220;sidebar-1&#8243;][vc_column css=&#8220;.vc_custom_1468415774645{padding-top: 0px !important;padding-bottom: 0px !important;}&#8220;][vc_column_text disable_pattern=&#8220;false&#8220; align=&#8220;center&#8220;]\n<h2>Beratung zum Thema Gastroenterologie<\/h2>\n<p>Fragen? Unser erfahrenes Team unterst\u00fctzt Sie gern mit individuell zugeschnittenen L\u00f6sungen f\u00fcr Ihre Diagnostik.[\/vc_column_text][mk_button dimension=&#8220;flat&#8220; url=&#8220;\/de\/kontakt\/&#8220; align=&#8220;center&#8220; margin_bottom=&#8220;&#8220; bg_color=&#8220;#4d4d4d&#8220; btn_hover_bg=&#8220;#ffffff&#8220; btn_hover_txt_color=&#8220;#4d4d4d&#8220;]Kontakt[\/mk_button][\/vc_column][\/mk_page_section]\n<\/div>","protected":false},"excerpt":{"rendered":"<p>[mk_page_section padding_top=&#8220;30&#8243; padding_bottom=&#8220;30&#8243; sidebar=&#8220;sidebar-1&#8243;][vc_column width=&#8220;2\/3&#8243;][vc_column_text]Die gastroenterologischen Teste der R-Biopharm AG dienen der modernen Diagnostik von Erkrankungen des Verdauungstrakts \u2013 ob entz\u00fcndliche Darmerkrankungen, Darmkrebs oder Erkrankungen der Pankreas. Die angebotenen ELISA-Tests eignen sich sowohl f\u00fcr manuell durchgef\u00fchrte als auch automatisierte Analysen. Hier im \u00dcberblick die Marker und ihre diagnostische Relevanz. Biomarker f\u00fcr die klinische Diagnostik Biologische [&hellip;]<\/p>\n","protected":false},"author":1,"featured_media":0,"parent":69758,"menu_order":0,"comment_status":"closed","ping_status":"closed","template":"","meta":{"content-type":"","_relevanssi_hide_post":"","_relevanssi_hide_content":"","_relevanssi_pin_for_all":"","_relevanssi_pin_keywords":"","_relevanssi_unpin_keywords":"","_relevanssi_related_keywords":"","_relevanssi_related_include_ids":"","_relevanssi_related_exclude_ids":"","_relevanssi_related_no_append":"","_relevanssi_related_not_related":"","_relevanssi_related_posts":"","_relevanssi_noindex_reason":"","footnotes":""},"acf":[],"yoast_head":"<!-- This site is optimized with the Yoast SEO plugin v21.9 - https:\/\/yoast.com\/wordpress\/plugins\/seo\/ -->\n<title>Gastroenterologie - \ud83d\udea8\ud83d\udea8\ud83d\udea8 Staging!!! Clinical Diagnostics \ud83d\udea8\ud83d\udea8\ud83d\udea8<\/title>\n<meta name=\"robots\" content=\"noindex, follow, max-snippet:-1, max-image-preview:large, max-video-preview:-1\" \/>\n<meta property=\"og:locale\" content=\"de_DE\" \/>\n<meta property=\"og:type\" content=\"article\" \/>\n<meta property=\"og:title\" content=\"Gastroenterologie - \ud83d\udea8\ud83d\udea8\ud83d\udea8 Staging!!! Clinical Diagnostics \ud83d\udea8\ud83d\udea8\ud83d\udea8\" \/>\n<meta property=\"og:description\" content=\"[mk_page_section padding_top=&#8220;30&#8243; padding_bottom=&#8220;30&#8243; sidebar=&#8220;sidebar-1&#8243;][vc_column width=&#8220;2\/3&#8243;][vc_column_text]Die gastroenterologischen Teste der R-Biopharm AG dienen der modernen Diagnostik von Erkrankungen des Verdauungstrakts \u2013 ob entz\u00fcndliche Darmerkrankungen, Darmkrebs oder Erkrankungen der Pankreas. Die angebotenen ELISA-Tests eignen sich sowohl f\u00fcr manuell durchgef\u00fchrte als auch automatisierte Analysen. Hier im \u00dcberblick die Marker und ihre diagnostische Relevanz. Biomarker f\u00fcr die klinische Diagnostik Biologische [&hellip;]\" \/>\n<meta property=\"og:url\" content=\"https:\/\/devclinical.r-biopharm.com\/de\/diagnostik\/gastroenterologie\/\" \/>\n<meta property=\"og:site_name\" content=\"\ud83d\udea8\ud83d\udea8\ud83d\udea8 Staging!!! Clinical Diagnostics \ud83d\udea8\ud83d\udea8\ud83d\udea8\" \/>\n<meta property=\"article:modified_time\" content=\"2022-12-21T12:11:55+00:00\" \/>\n<meta name=\"twitter:label1\" content=\"Gesch\u00e4tzte Lesezeit\" \/>\n\t<meta name=\"twitter:data1\" content=\"2\u00a0Minuten\" \/>\n<script type=\"application\/ld+json\" class=\"yoast-schema-graph\">{\"@context\":\"https:\/\/schema.org\",\"@graph\":[{\"@type\":\"WebPage\",\"@id\":\"https:\/\/devclinical.r-biopharm.com\/de\/diagnostik\/gastroenterologie\/\",\"url\":\"https:\/\/devclinical.r-biopharm.com\/de\/diagnostik\/gastroenterologie\/\",\"name\":\"Gastroenterologie - \ud83d\udea8\ud83d\udea8\ud83d\udea8 Staging!!! Clinical Diagnostics \ud83d\udea8\ud83d\udea8\ud83d\udea8\",\"isPartOf\":{\"@id\":\"https:\/\/devdevclinical.r-biopharm.com\/#website\"},\"datePublished\":\"2015-10-05T09:41:12+00:00\",\"dateModified\":\"2022-12-21T12:11:55+00:00\",\"breadcrumb\":{\"@id\":\"https:\/\/devclinical.r-biopharm.com\/de\/diagnostik\/gastroenterologie\/#breadcrumb\"},\"inLanguage\":\"de\",\"potentialAction\":[{\"@type\":\"ReadAction\",\"target\":[\"https:\/\/devclinical.r-biopharm.com\/de\/diagnostik\/gastroenterologie\/\"]}]},{\"@type\":\"BreadcrumbList\",\"@id\":\"https:\/\/devclinical.r-biopharm.com\/de\/diagnostik\/gastroenterologie\/#breadcrumb\",\"itemListElement\":[{\"@type\":\"ListItem\",\"position\":1,\"name\":\"Home\",\"item\":\"https:\/\/devclinical.r-biopharm.com\/de\/\"},{\"@type\":\"ListItem\",\"position\":2,\"name\":\"Diagnostik\",\"item\":\"https:\/\/devclinical.r-biopharm.com\/de\/diagnostik\/\"},{\"@type\":\"ListItem\",\"position\":3,\"name\":\"Gastroenterologie\"}]},{\"@type\":\"WebSite\",\"@id\":\"https:\/\/devdevclinical.r-biopharm.com\/#website\",\"url\":\"https:\/\/devdevclinical.r-biopharm.com\/\",\"name\":\"\ud83d\udea8\ud83d\udea8\ud83d\udea8 Staging!!! Clinical Diagnostics \ud83d\udea8\ud83d\udea8\ud83d\udea8\",\"description\":\"A Division of the R-Biopharm Group\",\"potentialAction\":[{\"@type\":\"SearchAction\",\"target\":{\"@type\":\"EntryPoint\",\"urlTemplate\":\"https:\/\/devdevclinical.r-biopharm.com\/?s={search_term_string}\"},\"query-input\":\"required name=search_term_string\"}],\"inLanguage\":\"de\"}]}<\/script>\n<!-- \/ Yoast SEO plugin. -->","yoast_head_json":{"title":"Gastroenterologie - \ud83d\udea8\ud83d\udea8\ud83d\udea8 Staging!!! Clinical Diagnostics \ud83d\udea8\ud83d\udea8\ud83d\udea8","robots":{"index":"noindex","follow":"follow","max-snippet":"max-snippet:-1","max-image-preview":"max-image-preview:large","max-video-preview":"max-video-preview:-1"},"og_locale":"de_DE","og_type":"article","og_title":"Gastroenterologie - \ud83d\udea8\ud83d\udea8\ud83d\udea8 Staging!!! Clinical Diagnostics \ud83d\udea8\ud83d\udea8\ud83d\udea8","og_description":"[mk_page_section padding_top=&#8220;30&#8243; padding_bottom=&#8220;30&#8243; sidebar=&#8220;sidebar-1&#8243;][vc_column width=&#8220;2\/3&#8243;][vc_column_text]Die gastroenterologischen Teste der R-Biopharm AG dienen der modernen Diagnostik von Erkrankungen des Verdauungstrakts \u2013 ob entz\u00fcndliche Darmerkrankungen, Darmkrebs oder Erkrankungen der Pankreas. Die angebotenen ELISA-Tests eignen sich sowohl f\u00fcr manuell durchgef\u00fchrte als auch automatisierte Analysen. Hier im \u00dcberblick die Marker und ihre diagnostische Relevanz. Biomarker f\u00fcr die klinische Diagnostik Biologische [&hellip;]","og_url":"https:\/\/devclinical.r-biopharm.com\/de\/diagnostik\/gastroenterologie\/","og_site_name":"\ud83d\udea8\ud83d\udea8\ud83d\udea8 Staging!!! Clinical Diagnostics \ud83d\udea8\ud83d\udea8\ud83d\udea8","article_modified_time":"2022-12-21T12:11:55+00:00","twitter_misc":{"Gesch\u00e4tzte Lesezeit":"2\u00a0Minuten"},"schema":{"@context":"https:\/\/schema.org","@graph":[{"@type":"WebPage","@id":"https:\/\/devclinical.r-biopharm.com\/de\/diagnostik\/gastroenterologie\/","url":"https:\/\/devclinical.r-biopharm.com\/de\/diagnostik\/gastroenterologie\/","name":"Gastroenterologie - \ud83d\udea8\ud83d\udea8\ud83d\udea8 Staging!!! Clinical Diagnostics \ud83d\udea8\ud83d\udea8\ud83d\udea8","isPartOf":{"@id":"https:\/\/devdevclinical.r-biopharm.com\/#website"},"datePublished":"2015-10-05T09:41:12+00:00","dateModified":"2022-12-21T12:11:55+00:00","breadcrumb":{"@id":"https:\/\/devclinical.r-biopharm.com\/de\/diagnostik\/gastroenterologie\/#breadcrumb"},"inLanguage":"de","potentialAction":[{"@type":"ReadAction","target":["https:\/\/devclinical.r-biopharm.com\/de\/diagnostik\/gastroenterologie\/"]}]},{"@type":"BreadcrumbList","@id":"https:\/\/devclinical.r-biopharm.com\/de\/diagnostik\/gastroenterologie\/#breadcrumb","itemListElement":[{"@type":"ListItem","position":1,"name":"Home","item":"https:\/\/devclinical.r-biopharm.com\/de\/"},{"@type":"ListItem","position":2,"name":"Diagnostik","item":"https:\/\/devclinical.r-biopharm.com\/de\/diagnostik\/"},{"@type":"ListItem","position":3,"name":"Gastroenterologie"}]},{"@type":"WebSite","@id":"https:\/\/devdevclinical.r-biopharm.com\/#website","url":"https:\/\/devdevclinical.r-biopharm.com\/","name":"\ud83d\udea8\ud83d\udea8\ud83d\udea8 Staging!!! Clinical Diagnostics \ud83d\udea8\ud83d\udea8\ud83d\udea8","description":"A Division of the R-Biopharm Group","potentialAction":[{"@type":"SearchAction","target":{"@type":"EntryPoint","urlTemplate":"https:\/\/devdevclinical.r-biopharm.com\/?s={search_term_string}"},"query-input":"required name=search_term_string"}],"inLanguage":"de"}]}},"_links":{"self":[{"href":"https:\/\/devclinical.r-biopharm.com\/de\/wp-json\/wp\/v2\/pages\/69781"}],"collection":[{"href":"https:\/\/devclinical.r-biopharm.com\/de\/wp-json\/wp\/v2\/pages"}],"about":[{"href":"https:\/\/devclinical.r-biopharm.com\/de\/wp-json\/wp\/v2\/types\/page"}],"author":[{"embeddable":true,"href":"https:\/\/devclinical.r-biopharm.com\/de\/wp-json\/wp\/v2\/users\/1"}],"replies":[{"embeddable":true,"href":"https:\/\/devclinical.r-biopharm.com\/de\/wp-json\/wp\/v2\/comments?post=69781"}],"version-history":[{"count":21,"href":"https:\/\/devclinical.r-biopharm.com\/de\/wp-json\/wp\/v2\/pages\/69781\/revisions"}],"predecessor-version":[{"id":172165,"href":"https:\/\/devclinical.r-biopharm.com\/de\/wp-json\/wp\/v2\/pages\/69781\/revisions\/172165"}],"up":[{"embeddable":true,"href":"https:\/\/devclinical.r-biopharm.com\/de\/wp-json\/wp\/v2\/pages\/69758"}],"wp:attachment":[{"href":"https:\/\/devclinical.r-biopharm.com\/de\/wp-json\/wp\/v2\/media?parent=69781"}],"curies":[{"name":"wp","href":"https:\/\/api.w.org\/{rel}","templated":true}]}}