{"id":73563,"date":"2015-10-05T11:44:04","date_gmt":"2015-10-05T09:44:04","guid":{"rendered":"http:\/\/clinical.rbiodev.de\/?page_id=73563\/"},"modified":"2023-02-16T16:24:49","modified_gmt":"2023-02-16T15:24:49","slug":"gastrointestinale-infektionen","status":"publish","type":"page","link":"https:\/\/devclinical.r-biopharm.com\/de\/indikation\/gastrointestinale-infektionen\/","title":{"rendered":"Gastrointestinale Infektionen"},"content":{"rendered":"<div class=\"wpb-content-wrapper\">[mk_page_section padding_top=&#8220;30&#8243; padding_bottom=&#8220;30&#8243; sidebar=&#8220;sidebar-1&#8243;][vc_column width=&#8220;2\/3&#8243;][vc_column_text]<strong>Gastrointestinale Infektionen sind virale, bakterielle oder parasit\u00e4re Infektionen, die Gastroenteritis, eine Entz\u00fcndung des Magen-Darm-Trakts, die Magen, D\u00fcnndarm und Dickdarm betrifft, verursachen. Typische Symptome sind Durchfall, Erbrechen und Bauchschmerzen.<\/strong><\/p>\n<p>Die Durchfallerkrankung ist ein gro\u00dfes Problem in der Gesundheitspflege, die ca. 2 Milliarden Gastroenteritisf\u00e4lle weltweit verursacht. Diarrh\u00f6e ist die zweith\u00e4ufigste Todesursache bei Kindern unter 5 Jahren. In vielen F\u00e4llen sind Magen-Darm-Infektionen selbstlimitierend und innerhalb weniger Tage \u00fcberwunden. In Pflegeeinrichtungen und bei bestimmten Populationen, wie Neugeborenen \/ Kleinkindern, Patienten mit geschw\u00e4chtem Immunsystem und \u00e4lteren Menschen, sind sie m\u00f6glicherweise schwerwiegend.<\/p>\n<p>Magen-Darm-Infektionen k\u00f6nnen durch Bakterien, Viren und Parasiten verursacht werden. Die klinischen Symptome sind nahezu identisch. Somit ist es schwierig und nahezu unm\u00f6glich, die pathogene Ursache nur anhand klinischer Merkmale zu bestimmen.<\/p>\n<p>Schnelle Diagnose, angemessene Behandlung und Infektionskontrolle sind wichtige Ma\u00dfnahmen in diesem Kontext. Echtzeit-PCR erm\u00f6glicht den gleichzeitigen Nachweis und die Differenzierung von viralen, bakteriellen und parasit\u00e4ren Magen-Darm-Pathogenen.<\/p>\n<p>Wir bieten Echtzeit-PCR-Kits f\u00fcr den Nachweis einer gro\u00dfen Anzahl von Pathogenen an, darunter:[\/vc_column_text][mk_custom_list style=&#8220;mk-moon-circle-small&#8220;]\n<ul>\n<li>Viren &#8211; z.B. Adenovirus, Astrovirus, Enterovirus, Norovirus, Rotavirus, Sapovirus<\/li>\n<li>Bakterien &#8211; z.B. <em>Campylobacter jejuni<\/em>, <em>Clostridium difficile, E. coli, Helicobacter pylori, Salmonella, Staphylococcus aureus, Yersinia enterocolitica<br \/>\n<\/em><\/li>\n<li>Parasiten &#8211; z.B. <em>Cryptosporidium parvum<\/em>, <em>Dientamoeba fragilis<\/em>, <em>Entamoeba histolytica<\/em>, <em>Giardia lamblia<\/em>.<\/li>\n<\/ul>\n[\/mk_custom_list][vc_cta h2=&#8220;Virale gastrointestinale Infektionen&#8220; shape=&#8220;square&#8220; style=&#8220;flat&#8220; add_button=&#8220;right&#8220; btn_title=&#8220;Download&#8220; btn_style=&#8220;flat&#8220; btn_shape=&#8220;square&#8220; btn_color=&#8220;inverse&#8220; btn_link=&#8220;url:https%3A%2F%2Fdevclinical.r-biopharm.com%2Fwp-content%2Fuploads%2F2020%2F04%2Frg_virale_gastroenteritis_4p_de_2020-02.pdf|target:_blank&#8220;]Weitere Informationen zur molekularen Diagnostik von viraler Gastroenteritis finden Sie in unserer kostenfreien Brosch\u00fcre.[\/vc_cta][vc_cta h2=&#8220;Parasit\u00e4re gastrointestinale Infektionen&#8220; shape=&#8220;square&#8220; style=&#8220;flat&#8220; add_button=&#8220;right&#8220; btn_title=&#8220;Download&#8220; btn_style=&#8220;flat&#8220; btn_shape=&#8220;square&#8220; btn_color=&#8220;inverse&#8220; btn_link=&#8220;url:https%3A%2F%2Fdevclinical.r-biopharm.com%2Fwp-content%2Fuploads%2F2020%2F04%2Frg_parasitendiagnostik_4p_de_2020-02.pdf|target:_blank&#8220;]Weitere Informationen zu unseren RIDA\u00aeGENE real-time PCR-Kits f\u00fcr die Parasitendiagnostik finden Sie in unserer kostenfreien Brosch\u00fcre.[\/vc_cta][\/vc_column][vc_column width=&#8220;1\/3&#8243;][vc_column_text margin_bottom=&#8220;20&#8243;]\n<h3 style=\"margin-bottom: 25px;\">Technologie w\u00e4hlen<\/h3>\n<div class=\"facetwp-facet facetwp-facet-technology_fselect facetwp-type-fselect\" data-name=\"technology_fselect\" data-type=\"fselect\"><\/div>[\/vc_column_text][vc_column_text margin_bottom=&#8220;20&#8243;]\n<h3 style=\"margin-bottom: 25px;\">Diagnostischen Bereich w\u00e4hlen<\/h3>\n<div class=\"facetwp-facet facetwp-facet-diagnostics_fselect facetwp-type-fselect\" data-name=\"diagnostics_fselect\" data-type=\"fselect\"><\/div>[\/vc_column_text][vc_column_text margin_bottom=&#8220;40&#8243;]\n<h3 style=\"margin-bottom: 25px;\">Passende Produkte zu Ihrer Auswahl<\/h3>\n<div class=\"facetwp-template\" data-name=\"gastrointestinal_infections\"><ul class=\"product_facets\"><li>\n<a class=\"facetwp_pimg\" href=\"https:\/\/devclinical.r-biopharm.com\/de\/produkte\/ridaunity-viral-stool-panel-ii\/\"><img loading=\"lazy\" decoding=\"async\" width=\"100\" height=\"50\" src=\"https:\/\/devclinical.r-biopharm.com\/wp-content\/uploads\/2023\/01\/un1325_rida-unity-viral-stool-panel-ii_neutral_rgb_1200x600_2022-11-100x50.jpg\" class=\"recent-thumbs wp-post-image\" alt=\"\" srcset=\"https:\/\/devclinical.r-biopharm.com\/wp-content\/uploads\/2023\/01\/un1325_rida-unity-viral-stool-panel-ii_neutral_rgb_1200x600_2022-11-100x50.jpg 100w, https:\/\/devclinical.r-biopharm.com\/wp-content\/uploads\/2023\/01\/un1325_rida-unity-viral-stool-panel-ii_neutral_rgb_1200x600_2022-11-768x384.jpg 768w, https:\/\/devclinical.r-biopharm.com\/wp-content\/uploads\/2023\/01\/un1325_rida-unity-viral-stool-panel-ii_neutral_rgb_1200x600_2022-11-353x179.jpg 353w, https:\/\/devclinical.r-biopharm.com\/wp-content\/uploads\/2023\/01\/un1325_rida-unity-viral-stool-panel-ii_neutral_rgb_1200x600_2022-11.jpg 1200w\" sizes=\"(max-width: 100px) 100vw, 100px\" itemprop=\"image\" \/><\/a>\n<div class=\"facetwp_title_container\"><a class=\"facetwp_ptitle\" href=\"https:\/\/devclinical.r-biopharm.com\/de\/produkte\/ridaunity-viral-stool-panel-ii\/\">RIDA\u00aeUNITY Viral Stool Panel II<\/a><\/div>\n<\/li>\n\n<li>\n<a class=\"facetwp_pimg\" href=\"https:\/\/devclinical.r-biopharm.com\/de\/produkte\/ridaunity-parasitic-stool-panel-ii\/\"><img loading=\"lazy\" decoding=\"async\" width=\"100\" height=\"50\" src=\"https:\/\/devclinical.r-biopharm.com\/wp-content\/uploads\/2022\/12\/un1725_rida-unity-parasitic-stool-panel-ii_neutral_rgb_1200x600_2022-11-100x50.jpg\" class=\"recent-thumbs wp-post-image\" alt=\"\" itemprop=\"image\" \/><\/a>\n<div class=\"facetwp_title_container\"><a class=\"facetwp_ptitle\" href=\"https:\/\/devclinical.r-biopharm.com\/de\/produkte\/ridaunity-parasitic-stool-panel-ii\/\">RIDA\u00aeUNITY Parasitic Stool Panel II<\/a><\/div>\n<\/li>\n\n<li>\n<a class=\"facetwp_pimg\" href=\"https:\/\/devclinical.r-biopharm.com\/de\/produkte\/ridaunity-norovirus-i-ii\/\"><img loading=\"lazy\" decoding=\"async\" width=\"100\" height=\"50\" src=\"https:\/\/devclinical.r-biopharm.com\/wp-content\/uploads\/2022\/11\/un1415_rida-unity-norovirus-i-ii_neutral_rgb_1200x600_2022-11-100x50.jpg\" class=\"recent-thumbs wp-post-image\" alt=\"\" itemprop=\"image\" \/><\/a>\n<div class=\"facetwp_title_container\"><a class=\"facetwp_ptitle\" href=\"https:\/\/devclinical.r-biopharm.com\/de\/produkte\/ridaunity-norovirus-i-ii\/\">RIDA\u00aeUNITY Norovirus I &amp; II<\/a><\/div>\n<\/li>\n\n<li>\n<a class=\"facetwp_pimg\" href=\"https:\/\/devclinical.r-biopharm.com\/de\/produkte\/ridaunity-ehec-epec\/\"><img loading=\"lazy\" decoding=\"async\" width=\"100\" height=\"50\" src=\"https:\/\/devclinical.r-biopharm.com\/wp-content\/uploads\/2022\/08\/un2205_rida-unity-ehec-epec_neutral_rgb_1200x600_2022-11-100x50.jpg\" class=\"recent-thumbs wp-post-image\" alt=\"\" itemprop=\"image\" \/><\/a>\n<div class=\"facetwp_title_container\"><a class=\"facetwp_ptitle\" href=\"https:\/\/devclinical.r-biopharm.com\/de\/produkte\/ridaunity-ehec-epec\/\">RIDA\u00aeUNITY EHEC\/EPEC<\/a><\/div>\n<\/li>\n\n<li>\n<a class=\"facetwp_pimg\" href=\"https:\/\/devclinical.r-biopharm.com\/de\/produkte\/ridaunity-bacterial-stool-panel\/\"><img loading=\"lazy\" decoding=\"async\" width=\"100\" height=\"50\" src=\"https:\/\/devclinical.r-biopharm.com\/wp-content\/uploads\/2022\/07\/un2405-ridaunity-bacterial-stool-panel_laboratory_rgb_lowres_2022-05-100x50.jpg\" class=\"recent-thumbs wp-post-image\" alt=\"\" itemprop=\"image\" \/><\/a>\n<div class=\"facetwp_title_container\"><a class=\"facetwp_ptitle\" href=\"https:\/\/devclinical.r-biopharm.com\/de\/produkte\/ridaunity-bacterial-stool-panel\/\">RIDA\u00aeUNITY Bacterial Stool Panel<\/a><\/div>\n<\/li>\n\n<li>\n<a class=\"facetwp_pimg\" href=\"https:\/\/devclinical.r-biopharm.com\/de\/produkte\/ridagene-viral-stool-panel-iii\/\"><img loading=\"lazy\" decoding=\"async\" width=\"100\" height=\"50\" src=\"https:\/\/devclinical.r-biopharm.com\/wp-content\/uploads\/2019\/01\/2018-12_pg1335_rida-gene-viral-stool-panel-iii-mit-inhalt__rgb_lowres-100x50.jpg\" class=\"recent-thumbs wp-post-image\" alt=\"\" itemprop=\"image\" \/><\/a>\n<div class=\"facetwp_title_container\"><a class=\"facetwp_ptitle\" href=\"https:\/\/devclinical.r-biopharm.com\/de\/produkte\/ridagene-viral-stool-panel-iii\/\">RIDA\u00aeGENE Viral Stool Panel III<\/a><\/div>\n<\/li>\n\n<li>\n<a class=\"facetwp_pimg\" href=\"https:\/\/devclinical.r-biopharm.com\/de\/produkte\/ridascreenhelicobacter\/\"><img loading=\"lazy\" decoding=\"async\" width=\"100\" height=\"50\" src=\"https:\/\/devclinical.r-biopharm.com\/wp-content\/uploads\/2018\/08\/2018-03_n2302-ridascreen-helicobacter_rgb_lowres-1-100x50.jpg\" class=\"recent-thumbs wp-post-image\" alt=\"n2302-ridascreen-helicobacter\" itemprop=\"image\" \/><\/a>\n<div class=\"facetwp_title_container\"><a class=\"facetwp_ptitle\" href=\"https:\/\/devclinical.r-biopharm.com\/de\/produkte\/ridascreenhelicobacter\/\">RIDASCREEN\u00ae Helicobacter<\/a><\/div>\n<\/li>\n\n<li>\n<a class=\"facetwp_pimg\" href=\"https:\/\/devclinical.r-biopharm.com\/de\/produkte\/ridaquick-helicobacter\/\"><img loading=\"lazy\" decoding=\"async\" width=\"100\" height=\"50\" src=\"https:\/\/devclinical.r-biopharm.com\/wp-content\/uploads\/2018\/08\/2018-03_n2303-rida-quick-helicobacter_rgb_lowres-1-100x50.jpg\" class=\"recent-thumbs wp-post-image\" alt=\"n2303-rida-quick-helicobacter\" itemprop=\"image\" \/><\/a>\n<div class=\"facetwp_title_container\"><a class=\"facetwp_ptitle\" href=\"https:\/\/devclinical.r-biopharm.com\/de\/produkte\/ridaquick-helicobacter\/\">RIDA\u00aeQUICK Helicobacter<\/a><\/div>\n<\/li>\n\n<li>\n<a class=\"facetwp_pimg\" href=\"https:\/\/devclinical.r-biopharm.com\/de\/produkte\/seraspot-anti-helicobacter-6-iga-igg\/\"><img loading=\"lazy\" decoding=\"async\" width=\"100\" height=\"50\" src=\"https:\/\/devclinical.r-biopharm.com\/wp-content\/uploads\/2016-01_seramun_seraspot-anti-borrelia-10-igg_neutral_rgb_lores-1-100x50.jpg\" class=\"recent-thumbs wp-post-image\" alt=\"\" srcset=\"https:\/\/devclinical.r-biopharm.com\/wp-content\/uploads\/2016-01_seramun_seraspot-anti-borrelia-10-igg_neutral_rgb_lores-1-100x50.jpg 100w, https:\/\/devclinical.r-biopharm.com\/wp-content\/uploads\/2016-01_seramun_seraspot-anti-borrelia-10-igg_neutral_rgb_lores-1-300x150.jpg 300w, https:\/\/devclinical.r-biopharm.com\/wp-content\/uploads\/2016-01_seramun_seraspot-anti-borrelia-10-igg_neutral_rgb_lores-1-353x179.jpg 353w, https:\/\/devclinical.r-biopharm.com\/wp-content\/uploads\/2016-01_seramun_seraspot-anti-borrelia-10-igg_neutral_rgb_lores-1-200x100.jpg 200w, https:\/\/devclinical.r-biopharm.com\/wp-content\/uploads\/2016-01_seramun_seraspot-anti-borrelia-10-igg_neutral_rgb_lores-1.jpg 600w\" sizes=\"(max-width: 100px) 100vw, 100px\" itemprop=\"image\" \/><\/a>\n<div class=\"facetwp_title_container\"><a class=\"facetwp_ptitle\" href=\"https:\/\/devclinical.r-biopharm.com\/de\/produkte\/seraspot-anti-helicobacter-6-iga-igg\/\">SeraSpot\u00ae Anti-Helicobacter-6 IgA \/ IgG<\/a><\/div>\n<\/li>\n\n<li>\n<a class=\"facetwp_pimg\" href=\"https:\/\/devclinical.r-biopharm.com\/de\/produkte\/ridaquick-rota-adeno-noro-combi\/\"><img loading=\"lazy\" decoding=\"async\" width=\"100\" height=\"50\" src=\"https:\/\/devclinical.r-biopharm.com\/wp-content\/uploads\/2018\/03\/2018-03_n1903-rida-quick-rotaadernonoro-combi_rgb_lowres-1-100x50.jpg\" class=\"recent-thumbs wp-post-image\" alt=\"n1903-rida-quick-rota-adeno-noro-combi\" srcset=\"https:\/\/devclinical.r-biopharm.com\/wp-content\/uploads\/2018\/03\/2018-03_n1903-rida-quick-rotaadernonoro-combi_rgb_lowres-1-100x50.jpg 100w, https:\/\/devclinical.r-biopharm.com\/wp-content\/uploads\/2018\/03\/2018-03_n1903-rida-quick-rotaadernonoro-combi_rgb_lowres-1-300x147.jpg 300w, https:\/\/devclinical.r-biopharm.com\/wp-content\/uploads\/2018\/03\/2018-03_n1903-rida-quick-rotaadernonoro-combi_rgb_lowres-1-353x179.jpg 353w, https:\/\/devclinical.r-biopharm.com\/wp-content\/uploads\/2018\/03\/2018-03_n1903-rida-quick-rotaadernonoro-combi_rgb_lowres-1-200x100.jpg 200w, https:\/\/devclinical.r-biopharm.com\/wp-content\/uploads\/2018\/03\/2018-03_n1903-rida-quick-rotaadernonoro-combi_rgb_lowres-1-600x300.jpg 600w, https:\/\/devclinical.r-biopharm.com\/wp-content\/uploads\/2018\/03\/2018-03_n1903-rida-quick-rotaadernonoro-combi_rgb_lowres-1.jpg 613w\" sizes=\"(max-width: 100px) 100vw, 100px\" itemprop=\"image\" \/><\/a>\n<div class=\"facetwp_title_container\"><a class=\"facetwp_ptitle\" href=\"https:\/\/devclinical.r-biopharm.com\/de\/produkte\/ridaquick-rota-adeno-noro-combi\/\">RIDA\u00aeQUICK Rota\/Adeno\/Noro Combi<\/a><\/div>\n<\/li>\n\n<\/ul><\/div>[\/vc_column_text][\/vc_column][\/mk_page_section][mk_page_section bg_color=&#8220;#f7f7f7&#8243; padding_top=&#8220;0&#8243; padding_bottom=&#8220;0&#8243; sidebar=&#8220;sidebar-1&#8243;][vc_column css=&#8220;.vc_custom_1469015765963{margin-top: 25px !important;padding-bottom: 5px !important;}&#8220;][vc_column_text margin_bottom=&#8220;20&#8243;]\n<h2 class=\"knubbel\">Neuigkeiten aus dem Bereich gastrointestinale Infektionen<\/h2>\n[\/vc_column_text][mk_blog_carousel cat=&#8220;246&#8243;][\/vc_column][\/mk_page_section][mk_page_section bg_color=&#8220;#ffffff&#8220; padding_top=&#8220;0&#8243; sidebar=&#8220;sidebar-1&#8243;][vc_column css=&#8220;.vc_custom_1467042052405{margin-top: 40px !important;}&#8220;][vc_column_text margin_bottom=&#8220;20&#8243;]\n<h2 class=\"knubbel\">Das k\u00f6nnte Sie auch interessieren<\/h2>\n[\/vc_column_text][vc_row_inner css=&#8220;.vc_custom_1468404266697{margin-bottom: 40px !important;}&#8220;][vc_column_inner width=&#8220;1\/3&#8243; css=&#8220;.vc_custom_1468416557833{padding-bottom: 10px !important;padding-left: 0px !important;}&#8220;][mk_flipbox_rb taxonomy=&#8220;indication&#8220; tag_indication=&#8220;gastrointestinale-infektionen&#8220; min_height=&#8220;200&#8243; button_bg_color=&#8220;#4d4d4d&#8220; button_bg_hover_color=&#8220;#ffffff&#8220; button_text=&#8220;Produktdetails&#8220;][\/vc_column_inner][vc_column_inner width=&#8220;1\/3&#8243; css=&#8220;.vc_custom_1468416552613{padding-right: 7.5px !important;padding-bottom: 10px !important;padding-left: 7.5px !important;}&#8220;][mk_flipbox_rb taxonomy=&#8220;indication&#8220; tag_indication=&#8220;gastrointestinale-infektionen&#8220; offset=&#8220;1&#8243; min_height=&#8220;200&#8243; button_bg_color=&#8220;#4d4d4d&#8220; button_bg_hover_color=&#8220;#ffffff&#8220; button_text=&#8220;Produktdetails&#8220;][\/vc_column_inner][vc_column_inner width=&#8220;1\/3&#8243; css=&#8220;.vc_custom_1468416547451{padding-right: 0px !important;padding-bottom: 10px !important;}&#8220;][mk_flipbox_rb taxonomy=&#8220;indication&#8220; tag_indication=&#8220;gastrointestinale-infektionen&#8220; offset=&#8220;2&#8243; min_height=&#8220;200&#8243; button_bg_color=&#8220;#4d4d4d&#8220; button_bg_hover_color=&#8220;#ffffff&#8220; button_text=&#8220;Produktdetails&#8220;][\/vc_column_inner][\/vc_row_inner][\/vc_column][\/mk_page_section][mk_page_section bg_color=&#8220;#f7f7f7&#8243; padding_top=&#8220;20&#8243; padding_bottom=&#8220;20&#8243; sidebar=&#8220;sidebar-1&#8243;][vc_column css=&#8220;.vc_custom_1468415774645{padding-top: 0px !important;padding-bottom: 0px !important;}&#8220;][vc_column_text disable_pattern=&#8220;false&#8220; align=&#8220;center&#8220;]\n<h2>Beratung zum Thema gastrointestinale Infektionen<\/h2>\n<p>Fragen? Unser erfahrenes Team unterst\u00fctzt Sie gern mit individuell zugeschnittenen L\u00f6sungen f\u00fcr Ihre Diagnostik.[\/vc_column_text][mk_button dimension=&#8220;flat&#8220; url=&#8220;\/de\/kontakt\/&#8220; align=&#8220;center&#8220; margin_bottom=&#8220;&#8220; bg_color=&#8220;#4d4d4d&#8220; btn_hover_bg=&#8220;#ffffff&#8220; btn_hover_txt_color=&#8220;#4d4d4d&#8220;]Kontakt[\/mk_button][\/vc_column][\/mk_page_section]\n<\/div>","protected":false},"excerpt":{"rendered":"<p>[mk_page_section padding_top=&#8220;30&#8243; padding_bottom=&#8220;30&#8243; sidebar=&#8220;sidebar-1&#8243;][vc_column width=&#8220;2\/3&#8243;][vc_column_text]Gastrointestinale Infektionen sind virale, bakterielle oder parasit\u00e4re Infektionen, die Gastroenteritis, eine Entz\u00fcndung des Magen-Darm-Trakts, die Magen, D\u00fcnndarm und Dickdarm betrifft, verursachen. Typische Symptome sind Durchfall, Erbrechen und Bauchschmerzen. Die Durchfallerkrankung ist ein gro\u00dfes Problem in der Gesundheitspflege, die ca. 2 Milliarden Gastroenteritisf\u00e4lle weltweit verursacht. Diarrh\u00f6e ist die zweith\u00e4ufigste Todesursache bei Kindern [&hellip;]<\/p>\n","protected":false},"author":1,"featured_media":0,"parent":73557,"menu_order":0,"comment_status":"closed","ping_status":"closed","template":"","meta":{"content-type":"","_relevanssi_hide_post":"","_relevanssi_hide_content":"","_relevanssi_pin_for_all":"","_relevanssi_pin_keywords":"","_relevanssi_unpin_keywords":"","_relevanssi_related_keywords":"","_relevanssi_related_include_ids":"","_relevanssi_related_exclude_ids":"","_relevanssi_related_no_append":"","_relevanssi_related_not_related":"","_relevanssi_related_posts":"","_relevanssi_noindex_reason":"","footnotes":""},"acf":[],"yoast_head":"<!-- This site is optimized with the Yoast SEO plugin v21.9 - https:\/\/yoast.com\/wordpress\/plugins\/seo\/ -->\n<title>Gastrointestinale Infektionen - \ud83d\udea8\ud83d\udea8\ud83d\udea8 Staging!!! Clinical Diagnostics \ud83d\udea8\ud83d\udea8\ud83d\udea8<\/title>\n<meta name=\"robots\" content=\"noindex, follow, max-snippet:-1, max-image-preview:large, max-video-preview:-1\" \/>\n<meta property=\"og:locale\" content=\"de_DE\" \/>\n<meta property=\"og:type\" content=\"article\" \/>\n<meta property=\"og:title\" content=\"Gastrointestinale Infektionen - \ud83d\udea8\ud83d\udea8\ud83d\udea8 Staging!!! Clinical Diagnostics \ud83d\udea8\ud83d\udea8\ud83d\udea8\" \/>\n<meta property=\"og:description\" content=\"[mk_page_section padding_top=&#8220;30&#8243; padding_bottom=&#8220;30&#8243; sidebar=&#8220;sidebar-1&#8243;][vc_column width=&#8220;2\/3&#8243;][vc_column_text]Gastrointestinale Infektionen sind virale, bakterielle oder parasit\u00e4re Infektionen, die Gastroenteritis, eine Entz\u00fcndung des Magen-Darm-Trakts, die Magen, D\u00fcnndarm und Dickdarm betrifft, verursachen. Typische Symptome sind Durchfall, Erbrechen und Bauchschmerzen. Die Durchfallerkrankung ist ein gro\u00dfes Problem in der Gesundheitspflege, die ca. 2 Milliarden Gastroenteritisf\u00e4lle weltweit verursacht. Diarrh\u00f6e ist die zweith\u00e4ufigste Todesursache bei Kindern [&hellip;]\" \/>\n<meta property=\"og:url\" content=\"https:\/\/devclinical.r-biopharm.com\/de\/indikation\/gastrointestinale-infektionen\/\" \/>\n<meta property=\"og:site_name\" content=\"\ud83d\udea8\ud83d\udea8\ud83d\udea8 Staging!!! Clinical Diagnostics \ud83d\udea8\ud83d\udea8\ud83d\udea8\" \/>\n<meta property=\"article:modified_time\" content=\"2023-02-16T15:24:49+00:00\" \/>\n<meta name=\"twitter:label1\" content=\"Gesch\u00e4tzte Lesezeit\" \/>\n\t<meta name=\"twitter:data1\" content=\"2\u00a0Minuten\" \/>\n<script type=\"application\/ld+json\" class=\"yoast-schema-graph\">{\"@context\":\"https:\/\/schema.org\",\"@graph\":[{\"@type\":\"WebPage\",\"@id\":\"https:\/\/devclinical.r-biopharm.com\/de\/indikation\/gastrointestinale-infektionen\/\",\"url\":\"https:\/\/devclinical.r-biopharm.com\/de\/indikation\/gastrointestinale-infektionen\/\",\"name\":\"Gastrointestinale Infektionen - \ud83d\udea8\ud83d\udea8\ud83d\udea8 Staging!!! Clinical Diagnostics \ud83d\udea8\ud83d\udea8\ud83d\udea8\",\"isPartOf\":{\"@id\":\"https:\/\/devdevclinical.r-biopharm.com\/#website\"},\"datePublished\":\"2015-10-05T09:44:04+00:00\",\"dateModified\":\"2023-02-16T15:24:49+00:00\",\"breadcrumb\":{\"@id\":\"https:\/\/devclinical.r-biopharm.com\/de\/indikation\/gastrointestinale-infektionen\/#breadcrumb\"},\"inLanguage\":\"de\",\"potentialAction\":[{\"@type\":\"ReadAction\",\"target\":[\"https:\/\/devclinical.r-biopharm.com\/de\/indikation\/gastrointestinale-infektionen\/\"]}]},{\"@type\":\"BreadcrumbList\",\"@id\":\"https:\/\/devclinical.r-biopharm.com\/de\/indikation\/gastrointestinale-infektionen\/#breadcrumb\",\"itemListElement\":[{\"@type\":\"ListItem\",\"position\":1,\"name\":\"Home\",\"item\":\"https:\/\/devclinical.r-biopharm.com\/de\/\"},{\"@type\":\"ListItem\",\"position\":2,\"name\":\"Indikation\",\"item\":\"https:\/\/devclinical.r-biopharm.com\/de\/indikation\/\"},{\"@type\":\"ListItem\",\"position\":3,\"name\":\"Gastrointestinale Infektionen\"}]},{\"@type\":\"WebSite\",\"@id\":\"https:\/\/devdevclinical.r-biopharm.com\/#website\",\"url\":\"https:\/\/devdevclinical.r-biopharm.com\/\",\"name\":\"\ud83d\udea8\ud83d\udea8\ud83d\udea8 Staging!!! Clinical Diagnostics \ud83d\udea8\ud83d\udea8\ud83d\udea8\",\"description\":\"A Division of the R-Biopharm Group\",\"potentialAction\":[{\"@type\":\"SearchAction\",\"target\":{\"@type\":\"EntryPoint\",\"urlTemplate\":\"https:\/\/devdevclinical.r-biopharm.com\/?s={search_term_string}\"},\"query-input\":\"required name=search_term_string\"}],\"inLanguage\":\"de\"}]}<\/script>\n<!-- \/ Yoast SEO plugin. -->","yoast_head_json":{"title":"Gastrointestinale Infektionen - \ud83d\udea8\ud83d\udea8\ud83d\udea8 Staging!!! Clinical Diagnostics \ud83d\udea8\ud83d\udea8\ud83d\udea8","robots":{"index":"noindex","follow":"follow","max-snippet":"max-snippet:-1","max-image-preview":"max-image-preview:large","max-video-preview":"max-video-preview:-1"},"og_locale":"de_DE","og_type":"article","og_title":"Gastrointestinale Infektionen - \ud83d\udea8\ud83d\udea8\ud83d\udea8 Staging!!! Clinical Diagnostics \ud83d\udea8\ud83d\udea8\ud83d\udea8","og_description":"[mk_page_section padding_top=&#8220;30&#8243; padding_bottom=&#8220;30&#8243; sidebar=&#8220;sidebar-1&#8243;][vc_column width=&#8220;2\/3&#8243;][vc_column_text]Gastrointestinale Infektionen sind virale, bakterielle oder parasit\u00e4re Infektionen, die Gastroenteritis, eine Entz\u00fcndung des Magen-Darm-Trakts, die Magen, D\u00fcnndarm und Dickdarm betrifft, verursachen. Typische Symptome sind Durchfall, Erbrechen und Bauchschmerzen. Die Durchfallerkrankung ist ein gro\u00dfes Problem in der Gesundheitspflege, die ca. 2 Milliarden Gastroenteritisf\u00e4lle weltweit verursacht. Diarrh\u00f6e ist die zweith\u00e4ufigste Todesursache bei Kindern [&hellip;]","og_url":"https:\/\/devclinical.r-biopharm.com\/de\/indikation\/gastrointestinale-infektionen\/","og_site_name":"\ud83d\udea8\ud83d\udea8\ud83d\udea8 Staging!!! Clinical Diagnostics \ud83d\udea8\ud83d\udea8\ud83d\udea8","article_modified_time":"2023-02-16T15:24:49+00:00","twitter_misc":{"Gesch\u00e4tzte Lesezeit":"2\u00a0Minuten"},"schema":{"@context":"https:\/\/schema.org","@graph":[{"@type":"WebPage","@id":"https:\/\/devclinical.r-biopharm.com\/de\/indikation\/gastrointestinale-infektionen\/","url":"https:\/\/devclinical.r-biopharm.com\/de\/indikation\/gastrointestinale-infektionen\/","name":"Gastrointestinale Infektionen - \ud83d\udea8\ud83d\udea8\ud83d\udea8 Staging!!! Clinical Diagnostics \ud83d\udea8\ud83d\udea8\ud83d\udea8","isPartOf":{"@id":"https:\/\/devdevclinical.r-biopharm.com\/#website"},"datePublished":"2015-10-05T09:44:04+00:00","dateModified":"2023-02-16T15:24:49+00:00","breadcrumb":{"@id":"https:\/\/devclinical.r-biopharm.com\/de\/indikation\/gastrointestinale-infektionen\/#breadcrumb"},"inLanguage":"de","potentialAction":[{"@type":"ReadAction","target":["https:\/\/devclinical.r-biopharm.com\/de\/indikation\/gastrointestinale-infektionen\/"]}]},{"@type":"BreadcrumbList","@id":"https:\/\/devclinical.r-biopharm.com\/de\/indikation\/gastrointestinale-infektionen\/#breadcrumb","itemListElement":[{"@type":"ListItem","position":1,"name":"Home","item":"https:\/\/devclinical.r-biopharm.com\/de\/"},{"@type":"ListItem","position":2,"name":"Indikation","item":"https:\/\/devclinical.r-biopharm.com\/de\/indikation\/"},{"@type":"ListItem","position":3,"name":"Gastrointestinale Infektionen"}]},{"@type":"WebSite","@id":"https:\/\/devdevclinical.r-biopharm.com\/#website","url":"https:\/\/devdevclinical.r-biopharm.com\/","name":"\ud83d\udea8\ud83d\udea8\ud83d\udea8 Staging!!! Clinical Diagnostics \ud83d\udea8\ud83d\udea8\ud83d\udea8","description":"A Division of the R-Biopharm Group","potentialAction":[{"@type":"SearchAction","target":{"@type":"EntryPoint","urlTemplate":"https:\/\/devdevclinical.r-biopharm.com\/?s={search_term_string}"},"query-input":"required name=search_term_string"}],"inLanguage":"de"}]}},"_links":{"self":[{"href":"https:\/\/devclinical.r-biopharm.com\/de\/wp-json\/wp\/v2\/pages\/73563"}],"collection":[{"href":"https:\/\/devclinical.r-biopharm.com\/de\/wp-json\/wp\/v2\/pages"}],"about":[{"href":"https:\/\/devclinical.r-biopharm.com\/de\/wp-json\/wp\/v2\/types\/page"}],"author":[{"embeddable":true,"href":"https:\/\/devclinical.r-biopharm.com\/de\/wp-json\/wp\/v2\/users\/1"}],"replies":[{"embeddable":true,"href":"https:\/\/devclinical.r-biopharm.com\/de\/wp-json\/wp\/v2\/comments?post=73563"}],"version-history":[{"count":20,"href":"https:\/\/devclinical.r-biopharm.com\/de\/wp-json\/wp\/v2\/pages\/73563\/revisions"}],"predecessor-version":[{"id":175899,"href":"https:\/\/devclinical.r-biopharm.com\/de\/wp-json\/wp\/v2\/pages\/73563\/revisions\/175899"}],"up":[{"embeddable":true,"href":"https:\/\/devclinical.r-biopharm.com\/de\/wp-json\/wp\/v2\/pages\/73557"}],"wp:attachment":[{"href":"https:\/\/devclinical.r-biopharm.com\/de\/wp-json\/wp\/v2\/media?parent=73563"}],"curies":[{"name":"wp","href":"https:\/\/api.w.org\/{rel}","templated":true}]}}