{"id":73572,"date":"2015-10-05T11:44:28","date_gmt":"2015-10-05T09:44:28","guid":{"rendered":"http:\/\/clinical.rbiodev.de\/?page_id=73572\/"},"modified":"2024-01-18T10:56:39","modified_gmt":"2024-01-18T09:56:39","slug":"sexuell-uebertragbare-infektionen","status":"publish","type":"page","link":"https:\/\/devclinical.r-biopharm.com\/de\/indikation\/sexuell-uebertragbare-infektionen\/","title":{"rendered":"Sexuell \u00fcbertragbare Infektionen"},"content":{"rendered":"<div class=\"wpb-content-wrapper\">[mk_page_section padding_top=&#8220;30&#8243; padding_bottom=&#8220;30&#8243; sidebar=&#8220;sidebar-1&#8243;][vc_column width=&#8220;2\/3&#8243;][vc_column_text css=&#8220;.vc_custom_1705571795354{margin-bottom: 0px !important;}&#8220;]<strong>Sexuell \u00fcbertragbare Infektionen (engl.STI): Herausforderungen und Pr\u00e4vention<\/strong><\/p>\n<p>STIs, \u00fcberwiegend durch Geschlechtsverkehr \u00fcbertragen, werden von \u00fcber 30 Pathogenen verursacht. Die heilbare Syphilis, Gonorrhoe, Chlamydien und Trichomoniasis betreffen j\u00e4hrlich sch\u00e4tzungsweise 374 Millionen Menschen, was die Dringlichkeit von Pr\u00e4vention unterstreicht. Symptome sind oft subtil oder fehlen, was das Risiko der \u00dcbertragung erh\u00f6ht. Fr\u00fche, genaue Pathogenidentifikation ist auch deshalb entscheidend, da unbehandelte STIs zu schwerwiegenden Komplikationen f\u00fchren k\u00f6nnen.<\/p>\n<p>Die Vielfalt der Symptome, die oft asymptomatische Natur und die h\u00e4ufigen Mehrfachinfektionen bei sexuell \u00fcbertragbaren Erkrankungen betonen die Relevanz des hochplexigen Testens. Dies erm\u00f6glicht in einem Ansatz eine umfassende Detektion wichtiger sexuell \u00fcbertragbarer Pathogene.<\/p>\n<p>Das hochplexige Testen zielt darauf ab, nicht nur Symptome und naheliegende Diagnosen zu best\u00e4tigen, sondern auch eine Infektion mit subtile oder fehlenden Symptome zu erfassen und damit schwerwiegende Verl\u00e4ufe oder Komplikationen vorzubeugen. Angesichts der steigenden Pr\u00e4valenz von STIs und der Gefahr von Antibiotikaresistenzen wird das hochplexige Testen zu einem entscheidenden Instrument f\u00fcr die Pr\u00e4vention, Fr\u00fcherkennung und wirksame Behandlung von STIs.<\/p>\n<p>Systeml\u00f6sungen von AusDiagnostics <a href=\"https:\/\/devclinical.r-biopharm.com\/de\/news\/systemloesungen-von-ausdiagnostics\/\">(Mehr Erfahren)<\/a>[\/vc_column_text][\/vc_column][vc_column width=&#8220;1\/3&#8243;][vc_column_text margin_bottom=&#8220;20&#8243;]\n<h3 style=\"margin-bottom: 25px;\">Technologie w\u00e4hlen<\/h3>\n<div class=\"facetwp-facet facetwp-facet-technology_fselect facetwp-type-fselect\" data-name=\"technology_fselect\" data-type=\"fselect\"><\/div>[\/vc_column_text][vc_column_text margin_bottom=&#8220;20&#8243;]\n<h3 style=\"margin-bottom: 25px;\">Diagnostischen Bereich w\u00e4hlen<\/h3>\n<div class=\"facetwp-facet facetwp-facet-diagnostics_fselect facetwp-type-fselect\" data-name=\"diagnostics_fselect\" data-type=\"fselect\"><\/div>[\/vc_column_text][vc_column_text margin_bottom=&#8220;40&#8243;]\n<h3 style=\"margin-bottom: 25px;\">Passende Produkte zu Ihrer Auswahl<\/h3>\n<div class=\"facetwp-template\" data-name=\"sexually_transmitted_infections\"><ul class=\"product_facets\"><li>\n<a class=\"facetwp_pimg\" href=\"https:\/\/devclinical.r-biopharm.com\/de\/produkte\/seraspot-anti-treponema-4-igg-igm-2\/\"><img loading=\"lazy\" decoding=\"async\" width=\"100\" height=\"50\" src=\"https:\/\/devclinical.r-biopharm.com\/wp-content\/uploads\/2016-01_seramun_seraspot-anti-borrelia-10-igg_neutral_rgb_lores-1-100x50.jpg\" class=\"recent-thumbs wp-post-image\" alt=\"seraspot-anti-borrelia-10-igg\" srcset=\"https:\/\/devclinical.r-biopharm.com\/wp-content\/uploads\/2016-01_seramun_seraspot-anti-borrelia-10-igg_neutral_rgb_lores-1-100x50.jpg 100w, https:\/\/devclinical.r-biopharm.com\/wp-content\/uploads\/2016-01_seramun_seraspot-anti-borrelia-10-igg_neutral_rgb_lores-1-300x150.jpg 300w, https:\/\/devclinical.r-biopharm.com\/wp-content\/uploads\/2016-01_seramun_seraspot-anti-borrelia-10-igg_neutral_rgb_lores-1-353x179.jpg 353w, https:\/\/devclinical.r-biopharm.com\/wp-content\/uploads\/2016-01_seramun_seraspot-anti-borrelia-10-igg_neutral_rgb_lores-1-200x100.jpg 200w, https:\/\/devclinical.r-biopharm.com\/wp-content\/uploads\/2016-01_seramun_seraspot-anti-borrelia-10-igg_neutral_rgb_lores-1.jpg 600w\" sizes=\"(max-width: 100px) 100vw, 100px\" itemprop=\"image\" \/><\/a>\n<div class=\"facetwp_title_container\"><a class=\"facetwp_ptitle\" href=\"https:\/\/devclinical.r-biopharm.com\/de\/produkte\/seraspot-anti-treponema-4-igg-igm-2\/\">SeraSpot\u00ae Anti-Treponema-4 IgG \/ IgM<\/a><\/div>\n<\/li>\n\n<li>\n<a class=\"facetwp_pimg\" href=\"https:\/\/devclinical.r-biopharm.com\/de\/produkte\/ridagene-sti-mycoplasma-panel-2\/\"><img loading=\"lazy\" decoding=\"async\" width=\"100\" height=\"50\" src=\"https:\/\/devclinical.r-biopharm.com\/wp-content\/uploads\/2017\/02\/2015-05_PG4945_RG-STI-Mycoplasma-Panel_RGB_LowRes-100x50.jpg\" class=\"recent-thumbs wp-post-image\" alt=\"\" srcset=\"https:\/\/devclinical.r-biopharm.com\/wp-content\/uploads\/2017\/02\/2015-05_PG4945_RG-STI-Mycoplasma-Panel_RGB_LowRes-100x50.jpg 100w, https:\/\/devclinical.r-biopharm.com\/wp-content\/uploads\/2017\/02\/2015-05_PG4945_RG-STI-Mycoplasma-Panel_RGB_LowRes-768x384.jpg 768w, https:\/\/devclinical.r-biopharm.com\/wp-content\/uploads\/2017\/02\/2015-05_PG4945_RG-STI-Mycoplasma-Panel_RGB_LowRes-1200x600.jpg 1200w, https:\/\/devclinical.r-biopharm.com\/wp-content\/uploads\/2017\/02\/2015-05_PG4945_RG-STI-Mycoplasma-Panel_RGB_LowRes-736x368.jpg 736w, https:\/\/devclinical.r-biopharm.com\/wp-content\/uploads\/2017\/02\/2015-05_PG4945_RG-STI-Mycoplasma-Panel_RGB_LowRes-200x100.jpg 200w, https:\/\/devclinical.r-biopharm.com\/wp-content\/uploads\/2017\/02\/2015-05_PG4945_RG-STI-Mycoplasma-Panel_RGB_LowRes-353x179.jpg 353w, https:\/\/devclinical.r-biopharm.com\/wp-content\/uploads\/2017\/02\/2015-05_PG4945_RG-STI-Mycoplasma-Panel_RGB_LowRes.jpg 600w\" sizes=\"(max-width: 100px) 100vw, 100px\" itemprop=\"image\" \/><\/a>\n<div class=\"facetwp_title_container\"><a class=\"facetwp_ptitle\" href=\"https:\/\/devclinical.r-biopharm.com\/de\/produkte\/ridagene-sti-mycoplasma-panel-2\/\">RIDA\u00aeGENE STI Mycoplasma Panel (de)<\/a><\/div>\n<\/li>\n\n<\/ul><\/div>[\/vc_column_text][\/vc_column][\/mk_page_section][mk_page_section bg_color=&#8220;#f7f7f7&#8243; padding_top=&#8220;0&#8243; padding_bottom=&#8220;0&#8243; sidebar=&#8220;sidebar-1&#8243;][vc_column css=&#8220;.vc_custom_1469015765963{margin-top: 25px !important;padding-bottom: 5px !important;}&#8220;][vc_column_text margin_bottom=&#8220;20&#8243;]\n<h2 class=\"knubbel\">Neuigkeiten aus dem Bereich STI<\/h2>\n[\/vc_column_text][mk_blog_carousel][\/vc_column][\/mk_page_section][mk_page_section bg_color=&#8220;#ffffff&#8220; padding_top=&#8220;0&#8243; sidebar=&#8220;sidebar-1&#8243;][vc_column css=&#8220;.vc_custom_1467042052405{margin-top: 40px !important;}&#8220;][vc_column_text margin_bottom=&#8220;20&#8243;]\n<h2 class=\"knubbel\">Das k\u00f6nnte Sie auch interessieren<\/h2>\n[\/vc_column_text][vc_row_inner css=&#8220;.vc_custom_1468404266697{margin-bottom: 40px !important;}&#8220;][vc_column_inner width=&#8220;1\/3&#8243; css=&#8220;.vc_custom_1468416557833{padding-bottom: 10px !important;padding-left: 0px !important;}&#8220;][mk_flipbox_rb taxonomy=&#8220;indication&#8220; tag_indication=&#8220;sexuell-ubertragbare-infektionen&#8220; min_height=&#8220;200&#8243; button_bg_color=&#8220;#4d4d4d&#8220; button_bg_hover_color=&#8220;#ffffff&#8220; button_text=&#8220;Produktdetails&#8220;][\/vc_column_inner][vc_column_inner width=&#8220;1\/3&#8243; css=&#8220;.vc_custom_1468416552613{padding-right: 7.5px !important;padding-bottom: 10px !important;padding-left: 7.5px !important;}&#8220;][mk_flipbox_rb taxonomy=&#8220;indication&#8220; tag_indication=&#8220;sexuell-ubertragbare-infektionen&#8220; offset=&#8220;1&#8243; min_height=&#8220;200&#8243; button_bg_color=&#8220;#4d4d4d&#8220; button_bg_hover_color=&#8220;#ffffff&#8220; button_text=&#8220;Produktdetails&#8220;][\/vc_column_inner][vc_column_inner width=&#8220;1\/3&#8243; css=&#8220;.vc_custom_1468416547451{padding-right: 0px !important;padding-bottom: 10px !important;}&#8220;][mk_flipbox_rb taxonomy=&#8220;indication&#8220; tag_indication=&#8220;sexuell-ubertragbare-infektionen&#8220; offset=&#8220;2&#8243; min_height=&#8220;200&#8243; button_bg_color=&#8220;#4d4d4d&#8220; button_bg_hover_color=&#8220;#ffffff&#8220; button_text=&#8220;Produktdetails&#8220;][\/vc_column_inner][\/vc_row_inner][\/vc_column][\/mk_page_section][mk_page_section bg_color=&#8220;#f7f7f7&#8243; padding_top=&#8220;20&#8243; padding_bottom=&#8220;20&#8243; sidebar=&#8220;sidebar-1&#8243;][vc_column css=&#8220;.vc_custom_1468415774645{padding-top: 0px !important;padding-bottom: 0px !important;}&#8220;][vc_column_text disable_pattern=&#8220;false&#8220; align=&#8220;center&#8220;]\n<h2>Beratung zum Thema STI<\/h2>\n<p>Fragen? Unser erfahrenes Team unterst\u00fctzt Sie gern mit individuell zugeschnittenen L\u00f6sungen f\u00fcr Ihre Diagnostik.[\/vc_column_text][mk_button dimension=&#8220;flat&#8220; url=&#8220;\/de\/kontakt\/&#8220; align=&#8220;center&#8220; margin_bottom=&#8220;&#8220; bg_color=&#8220;#4d4d4d&#8220; btn_hover_bg=&#8220;#ffffff&#8220; btn_hover_txt_color=&#8220;#4d4d4d&#8220;]Kontakt[\/mk_button][\/vc_column][\/mk_page_section]\n<\/div>","protected":false},"excerpt":{"rendered":"<p>[mk_page_section padding_top=&#8220;30&#8243; padding_bottom=&#8220;30&#8243; sidebar=&#8220;sidebar-1&#8243;][vc_column width=&#8220;2\/3&#8243;][vc_column_text css=&#8220;.vc_custom_1705571795354{margin-bottom: 0px !important;}&#8220;]Sexuell \u00fcbertragbare Infektionen (engl.STI): Herausforderungen und Pr\u00e4vention STIs, \u00fcberwiegend durch Geschlechtsverkehr \u00fcbertragen, werden von \u00fcber 30 Pathogenen verursacht. Die heilbare Syphilis, Gonorrhoe, Chlamydien und Trichomoniasis betreffen j\u00e4hrlich sch\u00e4tzungsweise 374 Millionen Menschen, was die Dringlichkeit von Pr\u00e4vention unterstreicht. Symptome sind oft subtil oder fehlen, was das Risiko der \u00dcbertragung [&hellip;]<\/p>\n","protected":false},"author":1,"featured_media":0,"parent":73557,"menu_order":0,"comment_status":"closed","ping_status":"closed","template":"","meta":{"content-type":"","_relevanssi_hide_post":"","_relevanssi_hide_content":"","_relevanssi_pin_for_all":"","_relevanssi_pin_keywords":"","_relevanssi_unpin_keywords":"","_relevanssi_related_keywords":"","_relevanssi_related_include_ids":"","_relevanssi_related_exclude_ids":"","_relevanssi_related_no_append":"","_relevanssi_related_not_related":"","_relevanssi_related_posts":"","_relevanssi_noindex_reason":"","footnotes":""},"acf":[],"yoast_head":"<!-- This site is optimized with the Yoast SEO plugin v21.9 - https:\/\/yoast.com\/wordpress\/plugins\/seo\/ -->\n<title>Sexuell \u00fcbertragbare Infektionen - \ud83d\udea8\ud83d\udea8\ud83d\udea8 Staging!!! Clinical Diagnostics \ud83d\udea8\ud83d\udea8\ud83d\udea8<\/title>\n<meta name=\"robots\" content=\"noindex, follow, max-snippet:-1, max-image-preview:large, max-video-preview:-1\" \/>\n<meta property=\"og:locale\" content=\"de_DE\" \/>\n<meta property=\"og:type\" content=\"article\" \/>\n<meta property=\"og:title\" content=\"Sexuell \u00fcbertragbare Infektionen - \ud83d\udea8\ud83d\udea8\ud83d\udea8 Staging!!! Clinical Diagnostics \ud83d\udea8\ud83d\udea8\ud83d\udea8\" \/>\n<meta property=\"og:description\" content=\"[mk_page_section padding_top=&#8220;30&#8243; padding_bottom=&#8220;30&#8243; sidebar=&#8220;sidebar-1&#8243;][vc_column width=&#8220;2\/3&#8243;][vc_column_text css=&#8220;.vc_custom_1705571795354{margin-bottom: 0px !important;}&#8220;]Sexuell \u00fcbertragbare Infektionen (engl.STI): Herausforderungen und Pr\u00e4vention STIs, \u00fcberwiegend durch Geschlechtsverkehr \u00fcbertragen, werden von \u00fcber 30 Pathogenen verursacht. Die heilbare Syphilis, Gonorrhoe, Chlamydien und Trichomoniasis betreffen j\u00e4hrlich sch\u00e4tzungsweise 374 Millionen Menschen, was die Dringlichkeit von Pr\u00e4vention unterstreicht. Symptome sind oft subtil oder fehlen, was das Risiko der \u00dcbertragung [&hellip;]\" \/>\n<meta property=\"og:url\" content=\"https:\/\/devclinical.r-biopharm.com\/de\/indikation\/sexuell-uebertragbare-infektionen\/\" \/>\n<meta property=\"og:site_name\" content=\"\ud83d\udea8\ud83d\udea8\ud83d\udea8 Staging!!! Clinical Diagnostics \ud83d\udea8\ud83d\udea8\ud83d\udea8\" \/>\n<meta property=\"article:modified_time\" content=\"2024-01-18T09:56:39+00:00\" \/>\n<meta name=\"twitter:label1\" content=\"Gesch\u00e4tzte Lesezeit\" \/>\n\t<meta name=\"twitter:data1\" content=\"2\u00a0Minuten\" \/>\n<script type=\"application\/ld+json\" class=\"yoast-schema-graph\">{\"@context\":\"https:\/\/schema.org\",\"@graph\":[{\"@type\":\"WebPage\",\"@id\":\"https:\/\/devclinical.r-biopharm.com\/de\/indikation\/sexuell-uebertragbare-infektionen\/\",\"url\":\"https:\/\/devclinical.r-biopharm.com\/de\/indikation\/sexuell-uebertragbare-infektionen\/\",\"name\":\"Sexuell \u00fcbertragbare Infektionen - \ud83d\udea8\ud83d\udea8\ud83d\udea8 Staging!!! Clinical Diagnostics \ud83d\udea8\ud83d\udea8\ud83d\udea8\",\"isPartOf\":{\"@id\":\"https:\/\/devdevclinical.r-biopharm.com\/#website\"},\"datePublished\":\"2015-10-05T09:44:28+00:00\",\"dateModified\":\"2024-01-18T09:56:39+00:00\",\"breadcrumb\":{\"@id\":\"https:\/\/devclinical.r-biopharm.com\/de\/indikation\/sexuell-uebertragbare-infektionen\/#breadcrumb\"},\"inLanguage\":\"de\",\"potentialAction\":[{\"@type\":\"ReadAction\",\"target\":[\"https:\/\/devclinical.r-biopharm.com\/de\/indikation\/sexuell-uebertragbare-infektionen\/\"]}]},{\"@type\":\"BreadcrumbList\",\"@id\":\"https:\/\/devclinical.r-biopharm.com\/de\/indikation\/sexuell-uebertragbare-infektionen\/#breadcrumb\",\"itemListElement\":[{\"@type\":\"ListItem\",\"position\":1,\"name\":\"Home\",\"item\":\"https:\/\/devclinical.r-biopharm.com\/de\/\"},{\"@type\":\"ListItem\",\"position\":2,\"name\":\"Indikation\",\"item\":\"https:\/\/devclinical.r-biopharm.com\/de\/indikation\/\"},{\"@type\":\"ListItem\",\"position\":3,\"name\":\"Sexuell \u00fcbertragbare Infektionen\"}]},{\"@type\":\"WebSite\",\"@id\":\"https:\/\/devdevclinical.r-biopharm.com\/#website\",\"url\":\"https:\/\/devdevclinical.r-biopharm.com\/\",\"name\":\"\ud83d\udea8\ud83d\udea8\ud83d\udea8 Staging!!! Clinical Diagnostics \ud83d\udea8\ud83d\udea8\ud83d\udea8\",\"description\":\"A Division of the R-Biopharm Group\",\"potentialAction\":[{\"@type\":\"SearchAction\",\"target\":{\"@type\":\"EntryPoint\",\"urlTemplate\":\"https:\/\/devdevclinical.r-biopharm.com\/?s={search_term_string}\"},\"query-input\":\"required name=search_term_string\"}],\"inLanguage\":\"de\"}]}<\/script>\n<!-- \/ Yoast SEO plugin. -->","yoast_head_json":{"title":"Sexuell \u00fcbertragbare Infektionen - \ud83d\udea8\ud83d\udea8\ud83d\udea8 Staging!!! Clinical Diagnostics \ud83d\udea8\ud83d\udea8\ud83d\udea8","robots":{"index":"noindex","follow":"follow","max-snippet":"max-snippet:-1","max-image-preview":"max-image-preview:large","max-video-preview":"max-video-preview:-1"},"og_locale":"de_DE","og_type":"article","og_title":"Sexuell \u00fcbertragbare Infektionen - \ud83d\udea8\ud83d\udea8\ud83d\udea8 Staging!!! Clinical Diagnostics \ud83d\udea8\ud83d\udea8\ud83d\udea8","og_description":"[mk_page_section padding_top=&#8220;30&#8243; padding_bottom=&#8220;30&#8243; sidebar=&#8220;sidebar-1&#8243;][vc_column width=&#8220;2\/3&#8243;][vc_column_text css=&#8220;.vc_custom_1705571795354{margin-bottom: 0px !important;}&#8220;]Sexuell \u00fcbertragbare Infektionen (engl.STI): Herausforderungen und Pr\u00e4vention STIs, \u00fcberwiegend durch Geschlechtsverkehr \u00fcbertragen, werden von \u00fcber 30 Pathogenen verursacht. Die heilbare Syphilis, Gonorrhoe, Chlamydien und Trichomoniasis betreffen j\u00e4hrlich sch\u00e4tzungsweise 374 Millionen Menschen, was die Dringlichkeit von Pr\u00e4vention unterstreicht. Symptome sind oft subtil oder fehlen, was das Risiko der \u00dcbertragung [&hellip;]","og_url":"https:\/\/devclinical.r-biopharm.com\/de\/indikation\/sexuell-uebertragbare-infektionen\/","og_site_name":"\ud83d\udea8\ud83d\udea8\ud83d\udea8 Staging!!! Clinical Diagnostics \ud83d\udea8\ud83d\udea8\ud83d\udea8","article_modified_time":"2024-01-18T09:56:39+00:00","twitter_misc":{"Gesch\u00e4tzte Lesezeit":"2\u00a0Minuten"},"schema":{"@context":"https:\/\/schema.org","@graph":[{"@type":"WebPage","@id":"https:\/\/devclinical.r-biopharm.com\/de\/indikation\/sexuell-uebertragbare-infektionen\/","url":"https:\/\/devclinical.r-biopharm.com\/de\/indikation\/sexuell-uebertragbare-infektionen\/","name":"Sexuell \u00fcbertragbare Infektionen - \ud83d\udea8\ud83d\udea8\ud83d\udea8 Staging!!! Clinical Diagnostics \ud83d\udea8\ud83d\udea8\ud83d\udea8","isPartOf":{"@id":"https:\/\/devdevclinical.r-biopharm.com\/#website"},"datePublished":"2015-10-05T09:44:28+00:00","dateModified":"2024-01-18T09:56:39+00:00","breadcrumb":{"@id":"https:\/\/devclinical.r-biopharm.com\/de\/indikation\/sexuell-uebertragbare-infektionen\/#breadcrumb"},"inLanguage":"de","potentialAction":[{"@type":"ReadAction","target":["https:\/\/devclinical.r-biopharm.com\/de\/indikation\/sexuell-uebertragbare-infektionen\/"]}]},{"@type":"BreadcrumbList","@id":"https:\/\/devclinical.r-biopharm.com\/de\/indikation\/sexuell-uebertragbare-infektionen\/#breadcrumb","itemListElement":[{"@type":"ListItem","position":1,"name":"Home","item":"https:\/\/devclinical.r-biopharm.com\/de\/"},{"@type":"ListItem","position":2,"name":"Indikation","item":"https:\/\/devclinical.r-biopharm.com\/de\/indikation\/"},{"@type":"ListItem","position":3,"name":"Sexuell \u00fcbertragbare Infektionen"}]},{"@type":"WebSite","@id":"https:\/\/devdevclinical.r-biopharm.com\/#website","url":"https:\/\/devdevclinical.r-biopharm.com\/","name":"\ud83d\udea8\ud83d\udea8\ud83d\udea8 Staging!!! Clinical Diagnostics \ud83d\udea8\ud83d\udea8\ud83d\udea8","description":"A Division of the R-Biopharm Group","potentialAction":[{"@type":"SearchAction","target":{"@type":"EntryPoint","urlTemplate":"https:\/\/devdevclinical.r-biopharm.com\/?s={search_term_string}"},"query-input":"required name=search_term_string"}],"inLanguage":"de"}]}},"_links":{"self":[{"href":"https:\/\/devclinical.r-biopharm.com\/de\/wp-json\/wp\/v2\/pages\/73572"}],"collection":[{"href":"https:\/\/devclinical.r-biopharm.com\/de\/wp-json\/wp\/v2\/pages"}],"about":[{"href":"https:\/\/devclinical.r-biopharm.com\/de\/wp-json\/wp\/v2\/types\/page"}],"author":[{"embeddable":true,"href":"https:\/\/devclinical.r-biopharm.com\/de\/wp-json\/wp\/v2\/users\/1"}],"replies":[{"embeddable":true,"href":"https:\/\/devclinical.r-biopharm.com\/de\/wp-json\/wp\/v2\/comments?post=73572"}],"version-history":[{"count":10,"href":"https:\/\/devclinical.r-biopharm.com\/de\/wp-json\/wp\/v2\/pages\/73572\/revisions"}],"predecessor-version":[{"id":174153,"href":"https:\/\/devclinical.r-biopharm.com\/de\/wp-json\/wp\/v2\/pages\/73572\/revisions\/174153"}],"up":[{"embeddable":true,"href":"https:\/\/devclinical.r-biopharm.com\/de\/wp-json\/wp\/v2\/pages\/73557"}],"wp:attachment":[{"href":"https:\/\/devclinical.r-biopharm.com\/de\/wp-json\/wp\/v2\/media?parent=73572"}],"curies":[{"name":"wp","href":"https:\/\/api.w.org\/{rel}","templated":true}]}}