{"id":73580,"date":"2015-02-23T09:53:32","date_gmt":"2015-02-23T08:53:32","guid":{"rendered":"http:\/\/clinical.rbiodev.de\/?page_id=73580\/"},"modified":"2024-01-03T12:31:07","modified_gmt":"2024-01-03T11:31:07","slug":"technologien","status":"publish","type":"page","link":"https:\/\/devclinical.r-biopharm.com\/de\/technologien\/","title":{"rendered":"Technologien"},"content":{"rendered":"<div class=\"wpb-content-wrapper\">[vc_row][vc_column css=&#8220;.vc_custom_1447952416846{margin-top: 30px !important;}&#8220;][vc_column_text]<strong>Wir arbeiten permanent an der Entwicklung neuer innovativer Technologien f\u00fcr die klinische Diagnostik. Zu unseren zuverl\u00e4ssigen und einfach anzuwendenen Methoden z\u00e4hlen ELISA, real-time PCR, Lateral Flow Tests, Blot Tests und mehr.<\/strong><\/p>\n<p>Hier finden Sie unsere Testmethoden im \u00dcberblick:[\/vc_column_text][\/vc_column][\/vc_row][vc_row][vc_column][mk_padding_divider size=&#8220;39&#8243;][mk_imagebox show_as=&#8220;column&#8220; column=&#8220;4&#8243; padding=&#8220;5&#8243; el_class=&#8220;overview-img&#8220;][mk_imagebox_item item_image=&#8220;https:\/\/devclinical.r-biopharm.com\/wp-content\/uploads\/2017-01_website-icons-cd_240x240px_array_.png&#8220; image_padding=&#8220;false&#8220; background_color=&#8220;#ffffff&#8220; btn_text=&#8220;Array&#8220; btn_url=&#8220;\/de\/technologien\/array\/&#8220; btn_background_color=&#8220;#ffffff&#8220; btn_text_color=&#8220;#585858&#8243; btn_hover_background_color=&#8220;#b3b2b2&#8243; el_class=&#8220;120px&#8220;][\/mk_imagebox_item][mk_imagebox_item item_image=&#8220;https:\/\/devclinical.r-biopharm.com\/wp-content\/uploads\/2016-09_website-icons-cd_240x240px_lateral-flow-dip-sticks.png&#8220; image_padding=&#8220;false&#8220; background_color=&#8220;#ffffff&#8220; title_text_size=&#8220;26&#8243; btn_text=&#8220;Immunoblot&#8220; btn_url=&#8220;\/de\/technologien\/immunoblot\/&#8220; btn_background_color=&#8220;#ffffff&#8220; btn_text_color=&#8220;#585858&#8243; btn_hover_background_color=&#8220;#b3b2b2&#8243; el_class=&#8220;120px&#8220;][\/mk_imagebox_item][mk_imagebox_item item_image=&#8220;https:\/\/devclinical.r-biopharm.com\/wp-content\/uploads\/2016-09_WEBSITE-Icons-CD_240x240px_ELISA.png&#8220; image_padding=&#8220;false&#8220; background_color=&#8220;#ffffff&#8220; btn_text=&#8220;ELISA&#8220; btn_url=&#8220;\/de\/technologien\/elisa\/&#8220; btn_background_color=&#8220;#ffffff&#8220; btn_text_color=&#8220;#58585a&#8220; btn_hover_background_color=&#8220;#b3b2b2&#8243; el_class=&#8220;120px&#8220;][\/mk_imagebox_item][mk_imagebox_item item_image=&#8220;https:\/\/devclinical.r-biopharm.com\/wp-content\/uploads\/2016-09_WEBSITE-Icons-CD_240x240px_PCR.png&#8220; image_padding=&#8220;false&#8220; background_color=&#8220;#ffffff&#8220; btn_text=&#8220;Real-time PCR&#8220; btn_url=&#8220;\/de\/technologien\/qpcr\/&#8220; btn_background_color=&#8220;#ffffff&#8220; btn_text_color=&#8220;#585858&#8243; btn_hover_background_color=&#8220;#b3b2b2&#8243; el_class=&#8220;120px&#8220;][\/mk_imagebox_item][\/mk_imagebox][mk_padding_divider size=&#8220;30&#8243;][mk_imagebox show_as=&#8220;column&#8220; column=&#8220;4&#8243; padding=&#8220;5&#8243; el_class=&#8220;overview-img&#8220;][mk_imagebox_item item_image=&#8220;https:\/\/devclinical.r-biopharm.com\/wp-content\/uploads\/2016-09_WEBSITE-Icons-CD_240x240px_Lateral-Flow-Cassette.png&#8220; image_padding=&#8220;false&#8220; background_color=&#8220;#ffffff&#8220; btn_text=&#8220;Schnelltests&#8220; btn_url=&#8220;\/de\/technologien\/schnelltests\/&#8220; btn_background_color=&#8220;#ffffff&#8220; btn_text_color=&#8220;#585858&#8243; btn_hover_background_color=&#8220;#b3b2b2&#8243;][\/mk_imagebox_item][mk_imagebox_item item_image=&#8220;https:\/\/devclinical.r-biopharm.com\/wp-content\/uploads\/2020\/05\/2020-05_website-icons-cd_240x240px_quality-assessment-products.png&#8220; image_padding=&#8220;false&#8220; background_color=&#8220;#ffffff&#8220; btn_text=&#8220;Qualit\u00e4tskontrollen&#8220; btn_url=&#8220;https:\/\/devclinical.r-biopharm.com\/de\/technologien\/qualitaetskontrollen\/&#8220; btn_background_color=&#8220;#ffffff&#8220; btn_text_color=&#8220;#585858&#8243; btn_hover_background_color=&#8220;#b3b2b2&#8243; el_class=&#8220;120px&#8220;][\/mk_imagebox_item][\/mk_imagebox][mk_padding_divider][\/vc_column][\/vc_row][mk_page_section bg_color=&#8220;#f7f7f7&#8243; padding_top=&#8220;20&#8243; padding_bottom=&#8220;20&#8243; sidebar=&#8220;sidebar-1&#8243;][vc_column][vc_column_text disable_pattern=&#8220;false&#8220; align=&#8220;center&#8220;]\n<h2>Beratung zu unseren Technologien<\/h2>\n<p>Fragen? Unser erfahrenes Team unterst\u00fctzt Sie gern mit individuell zugeschnittenen L\u00f6sungen f\u00fcr Ihre Diagnostik.[\/vc_column_text][mk_button dimension=&#8220;flat&#8220; url=&#8220;\/de\/kontakt\/&#8220; align=&#8220;center&#8220; margin_bottom=&#8220;&#8220; bg_color=&#8220;#4d4d4d&#8220; btn_hover_bg=&#8220;#ffffff&#8220; btn_hover_txt_color=&#8220;#4d4d4d&#8220;]Kontakt[\/mk_button][\/vc_column][\/mk_page_section]\n<\/div>","protected":false},"excerpt":{"rendered":"<p>[vc_row][vc_column css=&#8220;.vc_custom_1447952416846{margin-top: 30px !important;}&#8220;][vc_column_text]Wir arbeiten permanent an der Entwicklung neuer innovativer Technologien f\u00fcr die klinische Diagnostik. Zu unseren zuverl\u00e4ssigen und einfach anzuwendenen Methoden z\u00e4hlen ELISA, real-time PCR, Lateral Flow Tests, Blot Tests und mehr. Hier finden Sie unsere Testmethoden im \u00dcberblick:[\/vc_column_text][\/vc_column][\/vc_row][vc_row][vc_column][mk_padding_divider size=&#8220;39&#8243;][mk_imagebox show_as=&#8220;column&#8220; column=&#8220;4&#8243; padding=&#8220;5&#8243; el_class=&#8220;overview-img&#8220;][mk_imagebox_item item_image=&#8220;https:\/\/devclinical.r-biopharm.com\/wp-content\/uploads\/2017-01_website-icons-cd_240x240px_array_.png&#8220; image_padding=&#8220;false&#8220; background_color=&#8220;#ffffff&#8220; btn_text=&#8220;Array&#8220; btn_url=&#8220;\/de\/technologien\/array\/&#8220; btn_background_color=&#8220;#ffffff&#8220; btn_text_color=&#8220;#585858&#8243; btn_hover_background_color=&#8220;#b3b2b2&#8243; el_class=&#8220;120px&#8220;][\/mk_imagebox_item][mk_imagebox_item [&hellip;]<\/p>\n","protected":false},"author":1,"featured_media":0,"parent":0,"menu_order":0,"comment_status":"closed","ping_status":"closed","template":"","meta":{"content-type":"","_relevanssi_hide_post":"","_relevanssi_hide_content":"","_relevanssi_pin_for_all":"","_relevanssi_pin_keywords":"","_relevanssi_unpin_keywords":"","_relevanssi_related_keywords":"","_relevanssi_related_include_ids":"","_relevanssi_related_exclude_ids":"","_relevanssi_related_no_append":"","_relevanssi_related_not_related":"","_relevanssi_related_posts":"","_relevanssi_noindex_reason":"","footnotes":""},"acf":[],"yoast_head":"<!-- This site is optimized with the Yoast SEO plugin v21.9 - https:\/\/yoast.com\/wordpress\/plugins\/seo\/ -->\n<title>Technologien - \ud83d\udea8\ud83d\udea8\ud83d\udea8 Staging!!! Clinical Diagnostics \ud83d\udea8\ud83d\udea8\ud83d\udea8<\/title>\n<meta name=\"robots\" content=\"noindex, follow, max-snippet:-1, max-image-preview:large, max-video-preview:-1\" \/>\n<meta property=\"og:locale\" content=\"de_DE\" \/>\n<meta property=\"og:type\" content=\"article\" \/>\n<meta property=\"og:title\" content=\"Technologien - \ud83d\udea8\ud83d\udea8\ud83d\udea8 Staging!!! Clinical Diagnostics \ud83d\udea8\ud83d\udea8\ud83d\udea8\" \/>\n<meta property=\"og:description\" content=\"[vc_row][vc_column css=&#8220;.vc_custom_1447952416846{margin-top: 30px !important;}&#8220;][vc_column_text]Wir arbeiten permanent an der Entwicklung neuer innovativer Technologien f\u00fcr die klinische Diagnostik. Zu unseren zuverl\u00e4ssigen und einfach anzuwendenen Methoden z\u00e4hlen ELISA, real-time PCR, Lateral Flow Tests, Blot Tests und mehr. Hier finden Sie unsere Testmethoden im \u00dcberblick:[\/vc_column_text][\/vc_column][\/vc_row][vc_row][vc_column][mk_padding_divider size=&#8220;39&#8243;][mk_imagebox show_as=&#8220;column&#8220; column=&#8220;4&#8243; padding=&#8220;5&#8243; el_class=&#8220;overview-img&#8220;][mk_imagebox_item item_image=&#8220;https:\/\/devclinical.r-biopharm.com\/wp-content\/uploads\/2017-01_website-icons-cd_240x240px_array_.png&#8220; image_padding=&#8220;false&#8220; background_color=&#8220;#ffffff&#8220; btn_text=&#8220;Array&#8220; btn_url=&#8220;\/de\/technologien\/array\/&#8220; btn_background_color=&#8220;#ffffff&#8220; btn_text_color=&#8220;#585858&#8243; btn_hover_background_color=&#8220;#b3b2b2&#8243; el_class=&#8220;120px&#8220;][\/mk_imagebox_item][mk_imagebox_item [&hellip;]\" \/>\n<meta property=\"og:url\" content=\"https:\/\/devclinical.r-biopharm.com\/de\/technologien\/\" \/>\n<meta property=\"og:site_name\" content=\"\ud83d\udea8\ud83d\udea8\ud83d\udea8 Staging!!! Clinical Diagnostics \ud83d\udea8\ud83d\udea8\ud83d\udea8\" \/>\n<meta property=\"article:modified_time\" content=\"2024-01-03T11:31:07+00:00\" \/>\n<meta name=\"twitter:label1\" content=\"Gesch\u00e4tzte Lesezeit\" \/>\n\t<meta name=\"twitter:data1\" content=\"1\u00a0Minute\" \/>\n<script type=\"application\/ld+json\" class=\"yoast-schema-graph\">{\"@context\":\"https:\/\/schema.org\",\"@graph\":[{\"@type\":\"WebPage\",\"@id\":\"https:\/\/devclinical.r-biopharm.com\/de\/technologien\/\",\"url\":\"https:\/\/devclinical.r-biopharm.com\/de\/technologien\/\",\"name\":\"Technologien - \ud83d\udea8\ud83d\udea8\ud83d\udea8 Staging!!! Clinical Diagnostics \ud83d\udea8\ud83d\udea8\ud83d\udea8\",\"isPartOf\":{\"@id\":\"https:\/\/devdevclinical.r-biopharm.com\/#website\"},\"datePublished\":\"2015-02-23T08:53:32+00:00\",\"dateModified\":\"2024-01-03T11:31:07+00:00\",\"breadcrumb\":{\"@id\":\"https:\/\/devclinical.r-biopharm.com\/de\/technologien\/#breadcrumb\"},\"inLanguage\":\"de\",\"potentialAction\":[{\"@type\":\"ReadAction\",\"target\":[\"https:\/\/devclinical.r-biopharm.com\/de\/technologien\/\"]}]},{\"@type\":\"BreadcrumbList\",\"@id\":\"https:\/\/devclinical.r-biopharm.com\/de\/technologien\/#breadcrumb\",\"itemListElement\":[{\"@type\":\"ListItem\",\"position\":1,\"name\":\"Home\",\"item\":\"https:\/\/devclinical.r-biopharm.com\/de\/\"},{\"@type\":\"ListItem\",\"position\":2,\"name\":\"Technologien\"}]},{\"@type\":\"WebSite\",\"@id\":\"https:\/\/devdevclinical.r-biopharm.com\/#website\",\"url\":\"https:\/\/devdevclinical.r-biopharm.com\/\",\"name\":\"\ud83d\udea8\ud83d\udea8\ud83d\udea8 Staging!!! Clinical Diagnostics \ud83d\udea8\ud83d\udea8\ud83d\udea8\",\"description\":\"A Division of the R-Biopharm Group\",\"potentialAction\":[{\"@type\":\"SearchAction\",\"target\":{\"@type\":\"EntryPoint\",\"urlTemplate\":\"https:\/\/devdevclinical.r-biopharm.com\/?s={search_term_string}\"},\"query-input\":\"required name=search_term_string\"}],\"inLanguage\":\"de\"}]}<\/script>\n<!-- \/ Yoast SEO plugin. -->","yoast_head_json":{"title":"Technologien - \ud83d\udea8\ud83d\udea8\ud83d\udea8 Staging!!! Clinical Diagnostics \ud83d\udea8\ud83d\udea8\ud83d\udea8","robots":{"index":"noindex","follow":"follow","max-snippet":"max-snippet:-1","max-image-preview":"max-image-preview:large","max-video-preview":"max-video-preview:-1"},"og_locale":"de_DE","og_type":"article","og_title":"Technologien - \ud83d\udea8\ud83d\udea8\ud83d\udea8 Staging!!! Clinical Diagnostics \ud83d\udea8\ud83d\udea8\ud83d\udea8","og_description":"[vc_row][vc_column css=&#8220;.vc_custom_1447952416846{margin-top: 30px !important;}&#8220;][vc_column_text]Wir arbeiten permanent an der Entwicklung neuer innovativer Technologien f\u00fcr die klinische Diagnostik. Zu unseren zuverl\u00e4ssigen und einfach anzuwendenen Methoden z\u00e4hlen ELISA, real-time PCR, Lateral Flow Tests, Blot Tests und mehr. Hier finden Sie unsere Testmethoden im \u00dcberblick:[\/vc_column_text][\/vc_column][\/vc_row][vc_row][vc_column][mk_padding_divider size=&#8220;39&#8243;][mk_imagebox show_as=&#8220;column&#8220; column=&#8220;4&#8243; padding=&#8220;5&#8243; el_class=&#8220;overview-img&#8220;][mk_imagebox_item item_image=&#8220;https:\/\/devclinical.r-biopharm.com\/wp-content\/uploads\/2017-01_website-icons-cd_240x240px_array_.png&#8220; image_padding=&#8220;false&#8220; background_color=&#8220;#ffffff&#8220; btn_text=&#8220;Array&#8220; btn_url=&#8220;\/de\/technologien\/array\/&#8220; btn_background_color=&#8220;#ffffff&#8220; btn_text_color=&#8220;#585858&#8243; btn_hover_background_color=&#8220;#b3b2b2&#8243; el_class=&#8220;120px&#8220;][\/mk_imagebox_item][mk_imagebox_item [&hellip;]","og_url":"https:\/\/devclinical.r-biopharm.com\/de\/technologien\/","og_site_name":"\ud83d\udea8\ud83d\udea8\ud83d\udea8 Staging!!! Clinical Diagnostics \ud83d\udea8\ud83d\udea8\ud83d\udea8","article_modified_time":"2024-01-03T11:31:07+00:00","twitter_misc":{"Gesch\u00e4tzte Lesezeit":"1\u00a0Minute"},"schema":{"@context":"https:\/\/schema.org","@graph":[{"@type":"WebPage","@id":"https:\/\/devclinical.r-biopharm.com\/de\/technologien\/","url":"https:\/\/devclinical.r-biopharm.com\/de\/technologien\/","name":"Technologien - \ud83d\udea8\ud83d\udea8\ud83d\udea8 Staging!!! Clinical Diagnostics \ud83d\udea8\ud83d\udea8\ud83d\udea8","isPartOf":{"@id":"https:\/\/devdevclinical.r-biopharm.com\/#website"},"datePublished":"2015-02-23T08:53:32+00:00","dateModified":"2024-01-03T11:31:07+00:00","breadcrumb":{"@id":"https:\/\/devclinical.r-biopharm.com\/de\/technologien\/#breadcrumb"},"inLanguage":"de","potentialAction":[{"@type":"ReadAction","target":["https:\/\/devclinical.r-biopharm.com\/de\/technologien\/"]}]},{"@type":"BreadcrumbList","@id":"https:\/\/devclinical.r-biopharm.com\/de\/technologien\/#breadcrumb","itemListElement":[{"@type":"ListItem","position":1,"name":"Home","item":"https:\/\/devclinical.r-biopharm.com\/de\/"},{"@type":"ListItem","position":2,"name":"Technologien"}]},{"@type":"WebSite","@id":"https:\/\/devdevclinical.r-biopharm.com\/#website","url":"https:\/\/devdevclinical.r-biopharm.com\/","name":"\ud83d\udea8\ud83d\udea8\ud83d\udea8 Staging!!! Clinical Diagnostics \ud83d\udea8\ud83d\udea8\ud83d\udea8","description":"A Division of the R-Biopharm Group","potentialAction":[{"@type":"SearchAction","target":{"@type":"EntryPoint","urlTemplate":"https:\/\/devdevclinical.r-biopharm.com\/?s={search_term_string}"},"query-input":"required name=search_term_string"}],"inLanguage":"de"}]}},"_links":{"self":[{"href":"https:\/\/devclinical.r-biopharm.com\/de\/wp-json\/wp\/v2\/pages\/73580"}],"collection":[{"href":"https:\/\/devclinical.r-biopharm.com\/de\/wp-json\/wp\/v2\/pages"}],"about":[{"href":"https:\/\/devclinical.r-biopharm.com\/de\/wp-json\/wp\/v2\/types\/page"}],"author":[{"embeddable":true,"href":"https:\/\/devclinical.r-biopharm.com\/de\/wp-json\/wp\/v2\/users\/1"}],"replies":[{"embeddable":true,"href":"https:\/\/devclinical.r-biopharm.com\/de\/wp-json\/wp\/v2\/comments?post=73580"}],"version-history":[{"count":15,"href":"https:\/\/devclinical.r-biopharm.com\/de\/wp-json\/wp\/v2\/pages\/73580\/revisions"}],"predecessor-version":[{"id":174122,"href":"https:\/\/devclinical.r-biopharm.com\/de\/wp-json\/wp\/v2\/pages\/73580\/revisions\/174122"}],"wp:attachment":[{"href":"https:\/\/devclinical.r-biopharm.com\/de\/wp-json\/wp\/v2\/media?parent=73580"}],"curies":[{"name":"wp","href":"https:\/\/api.w.org\/{rel}","templated":true}]}}