{"id":73593,"date":"2016-08-16T09:32:34","date_gmt":"2016-08-16T07:32:34","guid":{"rendered":"http:\/\/clinical.rbiodev.de\/?page_id=73593\/"},"modified":"2022-10-31T12:04:01","modified_gmt":"2022-10-31T11:04:01","slug":"schnelltests","status":"publish","type":"page","link":"https:\/\/devclinical.r-biopharm.com\/de\/technologien\/schnelltests\/","title":{"rendered":"Schnelltests"},"content":{"rendered":"<div class=\"wpb-content-wrapper\">[mk_page_section padding_top=&#8220;30&#8243; padding_bottom=&#8220;30&#8243; sidebar=&#8220;sidebar-1&#8243;][vc_column width=&#8220;2\/3&#8243;][vc_column_text]<strong>Die Produktlinie RIDA\u00aeQUICK umfasst Lateral Flow-Schnelltests f\u00fcr die klinische Diagnostik. Die Lateral-Flow-Tests sind eine schnelle und bequeme L\u00f6sung f\u00fcr den qualitativen Nachweis von Toxinen sowie viralen und bakteriellen Antigenen.<\/strong><\/p>\n<p>Die RIDA\u00aeQUICK Lateral Flow-Tests werden in zwei Formaten angeboten:[\/vc_column_text][mk_custom_list style=&#8220;mk-moon-circle-small&#8220;]\n<ul>\n<li>Teststreifen \u2013 der Teststreifen wird in den klaren \u00dcberstand der Probe getaucht<\/li>\n<li>Kassetten \u2013 Proben werden in die Probenvertiefung der Testkassette dispensiert<\/li>\n<\/ul>\n[\/mk_custom_list][vc_column_text]Bei den RIDA\u00aeQUICK Produkten handelt es sich um immunchromatographische Lateral Flow-Tests in einem Schritt, bei denen antigenspezifische Antik\u00f6rper an rote Latexpartikel gebunden sind. Andere spezifische Antik\u00f6rper gegen das Pathogen sind fest an die Membran gebunden. Alternativ werden biotinylierte und goldmarkierte Antik\u00f6rper, die anschlie\u00dfend an Biotin gebunden sind, verwendet.<\/p>\n<p>RIDA\u00aeQUICK Produkte sind \u00fcberwiegend f\u00fcr die Analyse von Stuhlproben vorgesehen. Alle RIDA\u00aeQUICK Lateral Flow-Tests von R-Biopharm tragen das CE-Zeichen.[\/vc_column_text][vc_cta h2=&#8220;RIDA\u00aeQUICK Produkt\u00fcbersicht&#8220; shape=&#8220;square&#8220; style=&#8220;flat&#8220; color=&#8220;grey&#8220; add_button=&#8220;right&#8220; btn_title=&#8220;Download&#8220; btn_style=&#8220;flat&#8220; btn_shape=&#8220;square&#8220; btn_color=&#8220;inverse&#8220; btn_link=&#8220;url:https%3A%2F%2Fdevclinical.r-biopharm.com%2Fwp-content%2Fuploads%2F2022%2F10%2F2021-07_rida-quick-schnelltests_uebersicht_4p_de_hires_einzelseiten.pdf|target:_blank&#8220;]Weitere Informationen \u00fcber unsere RIDA\u00aeQUICK Schnelltests finden Sie in unserer kostenfreien Brosch\u00fcre.[\/vc_cta][\/vc_column][vc_column width=&#8220;1\/3&#8243;][vc_column_text margin_bottom=&#8220;20&#8243;]\n<h3 style=\"margin-bottom: 25px;\">Indikation w\u00e4hlen<\/h3>\n<div class=\"facetwp-facet facetwp-facet-indication_fselect facetwp-type-fselect\" data-name=\"indication_fselect\" data-type=\"fselect\"><\/div>[\/vc_column_text][vc_column_text margin_bottom=&#8220;20&#8243;]\n<h3 style=\"margin-bottom: 25px;\">Diagnostischen Bereich w\u00e4hlen<\/h3>\n<div class=\"facetwp-facet facetwp-facet-diagnostics_fselect facetwp-type-fselect\" data-name=\"diagnostics_fselect\" data-type=\"fselect\"><\/div>[\/vc_column_text][vc_column_text margin_bottom=&#8220;40&#8243;]\n<h3 style=\"margin-bottom: 25px;\">Passende Produkte zu Ihrer Auswahl<\/h3>\n<div class=\"facetwp-template\" data-name=\"rapid_test\"><ul class=\"product_facets\"><li>\n<a class=\"facetwp_pimg\" href=\"https:\/\/devclinical.r-biopharm.com\/de\/produkte\/ridaquick-helicobacter\/\"><img loading=\"lazy\" decoding=\"async\" width=\"100\" height=\"50\" src=\"https:\/\/devclinical.r-biopharm.com\/wp-content\/uploads\/2018\/08\/2018-03_n2303-rida-quick-helicobacter_rgb_lowres-1-100x50.jpg\" class=\"recent-thumbs wp-post-image\" alt=\"n2303-rida-quick-helicobacter\" itemprop=\"image\" \/><\/a>\n<div class=\"facetwp_title_container\"><a class=\"facetwp_ptitle\" href=\"https:\/\/devclinical.r-biopharm.com\/de\/produkte\/ridaquick-helicobacter\/\">RIDA\u00aeQUICK Helicobacter<\/a><\/div>\n<\/li>\n\n<li>\n<a class=\"facetwp_pimg\" href=\"https:\/\/devclinical.r-biopharm.com\/de\/produkte\/ridaquick-adm-monitoring\/\"><img loading=\"lazy\" decoding=\"async\" width=\"100\" height=\"50\" src=\"https:\/\/devclinical.r-biopharm.com\/wp-content\/uploads\/2018\/08\/2018-08_gn3043-ridaquick-adm-monitoring-kit_rgb_600x300-100x50.jpg\" class=\"recent-thumbs wp-post-image\" alt=\"gn3043-ridaquick-adm-monitoring-kit\" itemprop=\"image\" \/><\/a>\n<div class=\"facetwp_title_container\"><a class=\"facetwp_ptitle\" href=\"https:\/\/devclinical.r-biopharm.com\/de\/produkte\/ridaquick-adm-monitoring\/\">RIDA\u00aeQUICK ADM Monitoring<\/a><\/div>\n<\/li>\n\n<li>\n<a class=\"facetwp_pimg\" href=\"https:\/\/devclinical.r-biopharm.com\/de\/produkte\/ridaquick-rota-adeno-noro-combi\/\"><img loading=\"lazy\" decoding=\"async\" width=\"100\" height=\"50\" src=\"https:\/\/devclinical.r-biopharm.com\/wp-content\/uploads\/2018\/03\/2018-03_n1903-rida-quick-rotaadernonoro-combi_rgb_lowres-1-100x50.jpg\" class=\"recent-thumbs wp-post-image\" alt=\"n1903-rida-quick-rota-adeno-noro-combi\" srcset=\"https:\/\/devclinical.r-biopharm.com\/wp-content\/uploads\/2018\/03\/2018-03_n1903-rida-quick-rotaadernonoro-combi_rgb_lowres-1-100x50.jpg 100w, https:\/\/devclinical.r-biopharm.com\/wp-content\/uploads\/2018\/03\/2018-03_n1903-rida-quick-rotaadernonoro-combi_rgb_lowres-1-300x147.jpg 300w, https:\/\/devclinical.r-biopharm.com\/wp-content\/uploads\/2018\/03\/2018-03_n1903-rida-quick-rotaadernonoro-combi_rgb_lowres-1-353x179.jpg 353w, https:\/\/devclinical.r-biopharm.com\/wp-content\/uploads\/2018\/03\/2018-03_n1903-rida-quick-rotaadernonoro-combi_rgb_lowres-1-200x100.jpg 200w, https:\/\/devclinical.r-biopharm.com\/wp-content\/uploads\/2018\/03\/2018-03_n1903-rida-quick-rotaadernonoro-combi_rgb_lowres-1-600x300.jpg 600w, https:\/\/devclinical.r-biopharm.com\/wp-content\/uploads\/2018\/03\/2018-03_n1903-rida-quick-rotaadernonoro-combi_rgb_lowres-1.jpg 613w\" sizes=\"(max-width: 100px) 100vw, 100px\" itemprop=\"image\" \/><\/a>\n<div class=\"facetwp_title_container\"><a class=\"facetwp_ptitle\" href=\"https:\/\/devclinical.r-biopharm.com\/de\/produkte\/ridaquick-rota-adeno-noro-combi\/\">RIDA\u00aeQUICK Rota\/Adeno\/Noro Combi<\/a><\/div>\n<\/li>\n\n<li>\n<a class=\"facetwp_pimg\" href=\"https:\/\/devclinical.r-biopharm.com\/de\/produkte\/ridaquick-scan-ii-2\/\"><img loading=\"lazy\" decoding=\"async\" width=\"100\" height=\"50\" src=\"https:\/\/devclinical.r-biopharm.com\/wp-content\/uploads\/2017\/05\/2016-06_ridaquick-scan-ii_rgb_600-x-300-100x50.jpg\" class=\"recent-thumbs wp-post-image\" alt=\"ridaquick-scan-ii\" itemprop=\"image\" \/><\/a>\n<div class=\"facetwp_title_container\"><a class=\"facetwp_ptitle\" href=\"https:\/\/devclinical.r-biopharm.com\/de\/produkte\/ridaquick-scan-ii-2\/\">RIDA\u00aeQUICK SCAN II (de)<\/a><\/div>\n<\/li>\n\n<li>\n<a class=\"facetwp_pimg\" href=\"https:\/\/devclinical.r-biopharm.com\/de\/produkte\/ridaquick-ifx-monitoring-2\/\"><img loading=\"lazy\" decoding=\"async\" width=\"100\" height=\"50\" src=\"https:\/\/devclinical.r-biopharm.com\/wp-content\/uploads\/2016\/12\/2016-07_gn3041_rida-quick-ifx-monitoring_neutral_rgb_600-x-300-100x50.jpg\" class=\"recent-thumbs wp-post-image\" alt=\"gn3041_rida-quick-ifx-monitoring\" itemprop=\"image\" \/><\/a>\n<div class=\"facetwp_title_container\"><a class=\"facetwp_ptitle\" href=\"https:\/\/devclinical.r-biopharm.com\/de\/produkte\/ridaquick-ifx-monitoring-2\/\">RIDA\u00aeQUICK IFX Monitoring (de)<\/a><\/div>\n<\/li>\n\n<li>\n<a class=\"facetwp_pimg\" href=\"https:\/\/devclinical.r-biopharm.com\/de\/produkte\/ridaquick-clostridium-difficile-gdh-2\/\"><img loading=\"lazy\" decoding=\"async\" width=\"100\" height=\"50\" src=\"https:\/\/devclinical.r-biopharm.com\/wp-content\/uploads\/2013\/05\/2013-03-ridaquick-c-difficile-gdh_600-x-300-100x50.jpg\" class=\"recent-thumbs wp-post-image\" alt=\"ridaquick-clostridium-difficile-gdh\" itemprop=\"image\" \/><\/a>\n<div class=\"facetwp_title_container\"><a class=\"facetwp_ptitle\" href=\"https:\/\/devclinical.r-biopharm.com\/de\/produkte\/ridaquick-clostridium-difficile-gdh-2\/\">RIDA\u00aeQUICK Clostridium difficile GDH (de)<\/a><\/div>\n<\/li>\n\n<li>\n<a class=\"facetwp_pimg\" href=\"https:\/\/devclinical.r-biopharm.com\/de\/produkte\/ridaquick-norovirus-3\/\"><img loading=\"lazy\" decoding=\"async\" width=\"100\" height=\"50\" src=\"https:\/\/devclinical.r-biopharm.com\/wp-content\/uploads\/2017\/02\/2012-10-_N1402_RIDA-QUICK-Norovirus-Kit_RGB_LoRes-100x50.jpg\" class=\"recent-thumbs wp-post-image\" alt=\"\" srcset=\"https:\/\/devclinical.r-biopharm.com\/wp-content\/uploads\/2017\/02\/2012-10-_N1402_RIDA-QUICK-Norovirus-Kit_RGB_LoRes-100x50.jpg 100w, https:\/\/devclinical.r-biopharm.com\/wp-content\/uploads\/2017\/02\/2012-10-_N1402_RIDA-QUICK-Norovirus-Kit_RGB_LoRes-768x384.jpg 768w, https:\/\/devclinical.r-biopharm.com\/wp-content\/uploads\/2017\/02\/2012-10-_N1402_RIDA-QUICK-Norovirus-Kit_RGB_LoRes-1200x600.jpg 1200w, https:\/\/devclinical.r-biopharm.com\/wp-content\/uploads\/2017\/02\/2012-10-_N1402_RIDA-QUICK-Norovirus-Kit_RGB_LoRes-736x368.jpg 736w, https:\/\/devclinical.r-biopharm.com\/wp-content\/uploads\/2017\/02\/2012-10-_N1402_RIDA-QUICK-Norovirus-Kit_RGB_LoRes-200x100.jpg 200w, https:\/\/devclinical.r-biopharm.com\/wp-content\/uploads\/2017\/02\/2012-10-_N1402_RIDA-QUICK-Norovirus-Kit_RGB_LoRes-353x179.jpg 353w, https:\/\/devclinical.r-biopharm.com\/wp-content\/uploads\/2017\/02\/2012-10-_N1402_RIDA-QUICK-Norovirus-Kit_RGB_LoRes.jpg 600w\" sizes=\"(max-width: 100px) 100vw, 100px\" itemprop=\"image\" \/><\/a>\n<div class=\"facetwp_title_container\"><a class=\"facetwp_ptitle\" href=\"https:\/\/devclinical.r-biopharm.com\/de\/produkte\/ridaquick-norovirus-3\/\">RIDA\u00aeQUICK Norovirus (de)<\/a><\/div>\n<\/li>\n\n<li>\n<a class=\"facetwp_pimg\" href=\"https:\/\/devclinical.r-biopharm.com\/de\/produkte\/ridaquick-cryptosporidiumgiardiaentamoeba-combi-kassetten\/\"><img loading=\"lazy\" decoding=\"async\" width=\"100\" height=\"50\" src=\"https:\/\/devclinical.r-biopharm.com\/wp-content\/uploads\/2012\/06\/2018-04_n1723_rq-crypto-giardia-entamoeba-kit-mit-inhalt_rgb_300x600-100x50.jpg\" class=\"recent-thumbs wp-post-image\" alt=\"n1723_rida-quick-crypto-giardia-entamoeba-kit\" itemprop=\"image\" \/><\/a>\n<div class=\"facetwp_title_container\"><a class=\"facetwp_ptitle\" href=\"https:\/\/devclinical.r-biopharm.com\/de\/produkte\/ridaquick-cryptosporidiumgiardiaentamoeba-combi-kassetten\/\">RIDA\u00aeQUICK Cryptosporidium \/ Giardia \/ Entamoeba Combi (Kassetten)  (de)<\/a><\/div>\n<\/li>\n\n<li>\n<a class=\"facetwp_pimg\" href=\"https:\/\/devclinical.r-biopharm.com\/de\/produkte\/ridaquick-entamoeba-kassetten\/\"><img loading=\"lazy\" decoding=\"async\" width=\"100\" height=\"50\" src=\"https:\/\/devclinical.r-biopharm.com\/wp-content\/uploads\/2012\/06\/2018-04_n2203_rq-verotoxin-o157-kit-mit-inhalt_rgb_lowres-100x50.jpg\" class=\"recent-thumbs wp-post-image\" alt=\"n2203_rida-quick-verotoxin-o157-kit\" srcset=\"https:\/\/devclinical.r-biopharm.com\/wp-content\/uploads\/2012\/06\/2018-04_n2203_rq-verotoxin-o157-kit-mit-inhalt_rgb_lowres-100x50.jpg 100w, https:\/\/devclinical.r-biopharm.com\/wp-content\/uploads\/2012\/06\/2018-04_n2203_rq-verotoxin-o157-kit-mit-inhalt_rgb_lowres-200x100.jpg 200w, https:\/\/devclinical.r-biopharm.com\/wp-content\/uploads\/2012\/06\/2018-04_n2203_rq-verotoxin-o157-kit-mit-inhalt_rgb_lowres-353x179.jpg 353w\" sizes=\"(max-width: 100px) 100vw, 100px\" itemprop=\"image\" \/><\/a>\n<div class=\"facetwp_title_container\"><a class=\"facetwp_ptitle\" href=\"https:\/\/devclinical.r-biopharm.com\/de\/produkte\/ridaquick-entamoeba-kassetten\/\">RIDA\u00aeQUICK Entamoeba (Kassetten)  (de)<\/a><\/div>\n<\/li>\n\n<li>\n<a class=\"facetwp_pimg\" href=\"https:\/\/devclinical.r-biopharm.com\/de\/produkte\/ridaquick-cryptosporidium-kassetten\/\"><img loading=\"lazy\" decoding=\"async\" width=\"100\" height=\"50\" src=\"https:\/\/devclinical.r-biopharm.com\/wp-content\/uploads\/2012\/06\/2018-04_n2203_rq-verotoxin-o157-kit-mit-inhalt_rgb_lowres-100x50.jpg\" class=\"recent-thumbs wp-post-image\" alt=\"n2203_rida-quick-verotoxin-o157-kit\" srcset=\"https:\/\/devclinical.r-biopharm.com\/wp-content\/uploads\/2012\/06\/2018-04_n2203_rq-verotoxin-o157-kit-mit-inhalt_rgb_lowres-100x50.jpg 100w, https:\/\/devclinical.r-biopharm.com\/wp-content\/uploads\/2012\/06\/2018-04_n2203_rq-verotoxin-o157-kit-mit-inhalt_rgb_lowres-200x100.jpg 200w, https:\/\/devclinical.r-biopharm.com\/wp-content\/uploads\/2012\/06\/2018-04_n2203_rq-verotoxin-o157-kit-mit-inhalt_rgb_lowres-353x179.jpg 353w\" sizes=\"(max-width: 100px) 100vw, 100px\" itemprop=\"image\" \/><\/a>\n<div class=\"facetwp_title_container\"><a class=\"facetwp_ptitle\" href=\"https:\/\/devclinical.r-biopharm.com\/de\/produkte\/ridaquick-cryptosporidium-kassetten\/\">RIDA\u00aeQUICK Cryptosporidium (Kassetten) (de)<\/a><\/div>\n<\/li>\n\n<\/ul><\/div>[\/vc_column_text][\/vc_column][\/mk_page_section][mk_page_section bg_color=&#8220;#f7f7f7&#8243; padding_top=&#8220;0&#8243; padding_bottom=&#8220;0&#8243; sidebar=&#8220;sidebar-1&#8243;][vc_column css=&#8220;.vc_custom_1469015765963{margin-top: 25px !important;padding-bottom: 5px !important;}&#8220;][vc_column_text margin_bottom=&#8220;20&#8243;]\n<h2 class=\"knubbel\">Neuigkeiten aus dem Bereich Schnelltests<\/h2>\n[\/vc_column_text][mk_blog_carousel cat=&#8220;257&#8243;][\/vc_column][\/mk_page_section][mk_page_section bg_color=&#8220;#ffffff&#8220; padding_top=&#8220;0&#8243; sidebar=&#8220;sidebar-1&#8243;][vc_column css=&#8220;.vc_custom_1467042052405{margin-top: 40px !important;}&#8220;][vc_column_text margin_bottom=&#8220;20&#8243;]\n<h2 class=\"knubbel\">Das k\u00f6nnte Sie auch interessieren<\/h2>\n[\/vc_column_text][vc_row_inner css=&#8220;.vc_custom_1468404266697{margin-bottom: 40px !important;}&#8220;][vc_column_inner width=&#8220;1\/3&#8243; css=&#8220;.vc_custom_1468416557833{padding-bottom: 10px !important;padding-left: 0px !important;}&#8220;][mk_flipbox_rb taxonomy=&#8220;technology&#8220; tag_technology=&#8220;schnelltest&#8220; min_height=&#8220;200&#8243; button_bg_color=&#8220;#4d4d4d&#8220; button_bg_hover_color=&#8220;#ffffff&#8220; button_text=&#8220;Produktdetails&#8220;][\/vc_column_inner][vc_column_inner width=&#8220;1\/3&#8243; css=&#8220;.vc_custom_1468416552613{padding-right: 7.5px !important;padding-bottom: 10px !important;padding-left: 7.5px !important;}&#8220;][mk_flipbox_rb taxonomy=&#8220;technology&#8220; tag_technology=&#8220;schnelltest&#8220; offset=&#8220;1&#8243; min_height=&#8220;200&#8243; button_bg_color=&#8220;#4d4d4d&#8220; button_bg_hover_color=&#8220;#ffffff&#8220; button_text=&#8220;Produktdetails&#8220;][\/vc_column_inner][vc_column_inner width=&#8220;1\/3&#8243; css=&#8220;.vc_custom_1468416547451{padding-right: 0px !important;padding-bottom: 10px !important;}&#8220;][mk_flipbox_rb taxonomy=&#8220;technology&#8220; tag_technology=&#8220;schnelltest&#8220; offset=&#8220;2&#8243; min_height=&#8220;200&#8243; button_bg_color=&#8220;#4d4d4d&#8220; button_bg_hover_color=&#8220;#ffffff&#8220; button_text=&#8220;Produktdetails&#8220;][\/vc_column_inner][\/vc_row_inner][\/vc_column][\/mk_page_section][mk_page_section bg_color=&#8220;#f7f7f7&#8243; padding_top=&#8220;20&#8243; padding_bottom=&#8220;20&#8243; sidebar=&#8220;sidebar-1&#8243;][vc_column css=&#8220;.vc_custom_1468415774645{padding-top: 0px !important;padding-bottom: 0px !important;}&#8220;][vc_column_text disable_pattern=&#8220;false&#8220; align=&#8220;center&#8220;]\n<h2>Beratung zum Thema Schnelltests<\/h2>\n<p>Fragen? Unser erfahrenes Team unterst\u00fctzt Sie gern mit individuell zugeschnittenen L\u00f6sungen f\u00fcr Ihre Diagnostik.[\/vc_column_text][mk_button dimension=&#8220;flat&#8220; url=&#8220;\/de\/kontakt\/&#8220; align=&#8220;center&#8220; margin_bottom=&#8220;&#8220; bg_color=&#8220;#4d4d4d&#8220; btn_hover_bg=&#8220;#ffffff&#8220; btn_hover_txt_color=&#8220;#4d4d4d&#8220;]Kontakt[\/mk_button][\/vc_column][\/mk_page_section]\n<\/div>","protected":false},"excerpt":{"rendered":"<p>[mk_page_section padding_top=&#8220;30&#8243; padding_bottom=&#8220;30&#8243; sidebar=&#8220;sidebar-1&#8243;][vc_column width=&#8220;2\/3&#8243;][vc_column_text]Die Produktlinie RIDA\u00aeQUICK umfasst Lateral Flow-Schnelltests f\u00fcr die klinische Diagnostik. Die Lateral-Flow-Tests sind eine schnelle und bequeme L\u00f6sung f\u00fcr den qualitativen Nachweis von Toxinen sowie viralen und bakteriellen Antigenen. Die RIDA\u00aeQUICK Lateral Flow-Tests werden in zwei Formaten angeboten:[\/vc_column_text][mk_custom_list style=&#8220;mk-moon-circle-small&#8220;] Teststreifen \u2013 der Teststreifen wird in den klaren \u00dcberstand der Probe getaucht [&hellip;]<\/p>\n","protected":false},"author":1,"featured_media":0,"parent":73580,"menu_order":0,"comment_status":"closed","ping_status":"closed","template":"","meta":{"content-type":"","_relevanssi_hide_post":"","_relevanssi_hide_content":"","_relevanssi_pin_for_all":"","_relevanssi_pin_keywords":"","_relevanssi_unpin_keywords":"","_relevanssi_related_keywords":"","_relevanssi_related_include_ids":"","_relevanssi_related_exclude_ids":"","_relevanssi_related_no_append":"","_relevanssi_related_not_related":"","_relevanssi_related_posts":"","_relevanssi_noindex_reason":"","footnotes":""},"acf":[],"yoast_head":"<!-- This site is optimized with the Yoast SEO plugin v21.9 - https:\/\/yoast.com\/wordpress\/plugins\/seo\/ -->\n<title>Schnelltests - \ud83d\udea8\ud83d\udea8\ud83d\udea8 Staging!!! Clinical Diagnostics \ud83d\udea8\ud83d\udea8\ud83d\udea8<\/title>\n<meta name=\"robots\" content=\"noindex, follow, max-snippet:-1, max-image-preview:large, max-video-preview:-1\" \/>\n<meta property=\"og:locale\" content=\"de_DE\" \/>\n<meta property=\"og:type\" content=\"article\" \/>\n<meta property=\"og:title\" content=\"Schnelltests - \ud83d\udea8\ud83d\udea8\ud83d\udea8 Staging!!! Clinical Diagnostics \ud83d\udea8\ud83d\udea8\ud83d\udea8\" \/>\n<meta property=\"og:description\" content=\"[mk_page_section padding_top=&#8220;30&#8243; padding_bottom=&#8220;30&#8243; sidebar=&#8220;sidebar-1&#8243;][vc_column width=&#8220;2\/3&#8243;][vc_column_text]Die Produktlinie RIDA\u00aeQUICK umfasst Lateral Flow-Schnelltests f\u00fcr die klinische Diagnostik. Die Lateral-Flow-Tests sind eine schnelle und bequeme L\u00f6sung f\u00fcr den qualitativen Nachweis von Toxinen sowie viralen und bakteriellen Antigenen. Die RIDA\u00aeQUICK Lateral Flow-Tests werden in zwei Formaten angeboten:[\/vc_column_text][mk_custom_list style=&#8220;mk-moon-circle-small&#8220;] Teststreifen \u2013 der Teststreifen wird in den klaren \u00dcberstand der Probe getaucht [&hellip;]\" \/>\n<meta property=\"og:url\" content=\"https:\/\/devclinical.r-biopharm.com\/de\/technologien\/schnelltests\/\" \/>\n<meta property=\"og:site_name\" content=\"\ud83d\udea8\ud83d\udea8\ud83d\udea8 Staging!!! Clinical Diagnostics \ud83d\udea8\ud83d\udea8\ud83d\udea8\" \/>\n<meta property=\"article:modified_time\" content=\"2022-10-31T11:04:01+00:00\" \/>\n<meta name=\"twitter:label1\" content=\"Gesch\u00e4tzte Lesezeit\" \/>\n\t<meta name=\"twitter:data1\" content=\"2\u00a0Minuten\" \/>\n<script type=\"application\/ld+json\" class=\"yoast-schema-graph\">{\"@context\":\"https:\/\/schema.org\",\"@graph\":[{\"@type\":\"WebPage\",\"@id\":\"https:\/\/devclinical.r-biopharm.com\/de\/technologien\/schnelltests\/\",\"url\":\"https:\/\/devclinical.r-biopharm.com\/de\/technologien\/schnelltests\/\",\"name\":\"Schnelltests - \ud83d\udea8\ud83d\udea8\ud83d\udea8 Staging!!! Clinical Diagnostics \ud83d\udea8\ud83d\udea8\ud83d\udea8\",\"isPartOf\":{\"@id\":\"https:\/\/devdevclinical.r-biopharm.com\/#website\"},\"datePublished\":\"2016-08-16T07:32:34+00:00\",\"dateModified\":\"2022-10-31T11:04:01+00:00\",\"breadcrumb\":{\"@id\":\"https:\/\/devclinical.r-biopharm.com\/de\/technologien\/schnelltests\/#breadcrumb\"},\"inLanguage\":\"de\",\"potentialAction\":[{\"@type\":\"ReadAction\",\"target\":[\"https:\/\/devclinical.r-biopharm.com\/de\/technologien\/schnelltests\/\"]}]},{\"@type\":\"BreadcrumbList\",\"@id\":\"https:\/\/devclinical.r-biopharm.com\/de\/technologien\/schnelltests\/#breadcrumb\",\"itemListElement\":[{\"@type\":\"ListItem\",\"position\":1,\"name\":\"Home\",\"item\":\"https:\/\/devclinical.r-biopharm.com\/de\/\"},{\"@type\":\"ListItem\",\"position\":2,\"name\":\"Technologien\",\"item\":\"https:\/\/devclinical.r-biopharm.com\/de\/technologien\/\"},{\"@type\":\"ListItem\",\"position\":3,\"name\":\"Schnelltests\"}]},{\"@type\":\"WebSite\",\"@id\":\"https:\/\/devdevclinical.r-biopharm.com\/#website\",\"url\":\"https:\/\/devdevclinical.r-biopharm.com\/\",\"name\":\"\ud83d\udea8\ud83d\udea8\ud83d\udea8 Staging!!! Clinical Diagnostics \ud83d\udea8\ud83d\udea8\ud83d\udea8\",\"description\":\"A Division of the R-Biopharm Group\",\"potentialAction\":[{\"@type\":\"SearchAction\",\"target\":{\"@type\":\"EntryPoint\",\"urlTemplate\":\"https:\/\/devdevclinical.r-biopharm.com\/?s={search_term_string}\"},\"query-input\":\"required name=search_term_string\"}],\"inLanguage\":\"de\"}]}<\/script>\n<!-- \/ Yoast SEO plugin. -->","yoast_head_json":{"title":"Schnelltests - \ud83d\udea8\ud83d\udea8\ud83d\udea8 Staging!!! Clinical Diagnostics \ud83d\udea8\ud83d\udea8\ud83d\udea8","robots":{"index":"noindex","follow":"follow","max-snippet":"max-snippet:-1","max-image-preview":"max-image-preview:large","max-video-preview":"max-video-preview:-1"},"og_locale":"de_DE","og_type":"article","og_title":"Schnelltests - \ud83d\udea8\ud83d\udea8\ud83d\udea8 Staging!!! Clinical Diagnostics \ud83d\udea8\ud83d\udea8\ud83d\udea8","og_description":"[mk_page_section padding_top=&#8220;30&#8243; padding_bottom=&#8220;30&#8243; sidebar=&#8220;sidebar-1&#8243;][vc_column width=&#8220;2\/3&#8243;][vc_column_text]Die Produktlinie RIDA\u00aeQUICK umfasst Lateral Flow-Schnelltests f\u00fcr die klinische Diagnostik. Die Lateral-Flow-Tests sind eine schnelle und bequeme L\u00f6sung f\u00fcr den qualitativen Nachweis von Toxinen sowie viralen und bakteriellen Antigenen. Die RIDA\u00aeQUICK Lateral Flow-Tests werden in zwei Formaten angeboten:[\/vc_column_text][mk_custom_list style=&#8220;mk-moon-circle-small&#8220;] Teststreifen \u2013 der Teststreifen wird in den klaren \u00dcberstand der Probe getaucht [&hellip;]","og_url":"https:\/\/devclinical.r-biopharm.com\/de\/technologien\/schnelltests\/","og_site_name":"\ud83d\udea8\ud83d\udea8\ud83d\udea8 Staging!!! Clinical Diagnostics \ud83d\udea8\ud83d\udea8\ud83d\udea8","article_modified_time":"2022-10-31T11:04:01+00:00","twitter_misc":{"Gesch\u00e4tzte Lesezeit":"2\u00a0Minuten"},"schema":{"@context":"https:\/\/schema.org","@graph":[{"@type":"WebPage","@id":"https:\/\/devclinical.r-biopharm.com\/de\/technologien\/schnelltests\/","url":"https:\/\/devclinical.r-biopharm.com\/de\/technologien\/schnelltests\/","name":"Schnelltests - \ud83d\udea8\ud83d\udea8\ud83d\udea8 Staging!!! Clinical Diagnostics \ud83d\udea8\ud83d\udea8\ud83d\udea8","isPartOf":{"@id":"https:\/\/devdevclinical.r-biopharm.com\/#website"},"datePublished":"2016-08-16T07:32:34+00:00","dateModified":"2022-10-31T11:04:01+00:00","breadcrumb":{"@id":"https:\/\/devclinical.r-biopharm.com\/de\/technologien\/schnelltests\/#breadcrumb"},"inLanguage":"de","potentialAction":[{"@type":"ReadAction","target":["https:\/\/devclinical.r-biopharm.com\/de\/technologien\/schnelltests\/"]}]},{"@type":"BreadcrumbList","@id":"https:\/\/devclinical.r-biopharm.com\/de\/technologien\/schnelltests\/#breadcrumb","itemListElement":[{"@type":"ListItem","position":1,"name":"Home","item":"https:\/\/devclinical.r-biopharm.com\/de\/"},{"@type":"ListItem","position":2,"name":"Technologien","item":"https:\/\/devclinical.r-biopharm.com\/de\/technologien\/"},{"@type":"ListItem","position":3,"name":"Schnelltests"}]},{"@type":"WebSite","@id":"https:\/\/devdevclinical.r-biopharm.com\/#website","url":"https:\/\/devdevclinical.r-biopharm.com\/","name":"\ud83d\udea8\ud83d\udea8\ud83d\udea8 Staging!!! Clinical Diagnostics \ud83d\udea8\ud83d\udea8\ud83d\udea8","description":"A Division of the R-Biopharm Group","potentialAction":[{"@type":"SearchAction","target":{"@type":"EntryPoint","urlTemplate":"https:\/\/devdevclinical.r-biopharm.com\/?s={search_term_string}"},"query-input":"required name=search_term_string"}],"inLanguage":"de"}]}},"_links":{"self":[{"href":"https:\/\/devclinical.r-biopharm.com\/de\/wp-json\/wp\/v2\/pages\/73593"}],"collection":[{"href":"https:\/\/devclinical.r-biopharm.com\/de\/wp-json\/wp\/v2\/pages"}],"about":[{"href":"https:\/\/devclinical.r-biopharm.com\/de\/wp-json\/wp\/v2\/types\/page"}],"author":[{"embeddable":true,"href":"https:\/\/devclinical.r-biopharm.com\/de\/wp-json\/wp\/v2\/users\/1"}],"replies":[{"embeddable":true,"href":"https:\/\/devclinical.r-biopharm.com\/de\/wp-json\/wp\/v2\/comments?post=73593"}],"version-history":[{"count":15,"href":"https:\/\/devclinical.r-biopharm.com\/de\/wp-json\/wp\/v2\/pages\/73593\/revisions"}],"predecessor-version":[{"id":171466,"href":"https:\/\/devclinical.r-biopharm.com\/de\/wp-json\/wp\/v2\/pages\/73593\/revisions\/171466"}],"up":[{"embeddable":true,"href":"https:\/\/devclinical.r-biopharm.com\/de\/wp-json\/wp\/v2\/pages\/73580"}],"wp:attachment":[{"href":"https:\/\/devclinical.r-biopharm.com\/de\/wp-json\/wp\/v2\/media?parent=73593"}],"curies":[{"name":"wp","href":"https:\/\/api.w.org\/{rel}","templated":true}]}}