{"id":73598,"date":"2016-12-15T15:39:16","date_gmt":"2016-12-15T14:39:16","guid":{"rendered":"http:\/\/clinical.rbiodev.de\/?page_id=73598\/"},"modified":"2019-07-08T10:00:33","modified_gmt":"2019-07-08T08:00:33","slug":"autoimmunitaet","status":"publish","type":"page","link":"https:\/\/devclinical.r-biopharm.com\/de\/diagnostik\/autoimmunitaet\/","title":{"rendered":"Autoimmunit\u00e4t"},"content":{"rendered":"<div class=\"wpb-content-wrapper\">[mk_page_section padding_top=&#8220;30&#8243; padding_bottom=&#8220;30&#8243; sidebar=&#8220;sidebar-1&#8243;][vc_column width=&#8220;2\/3&#8243;][vc_column_text css=&#8220;.vc_custom_1524467228377{margin-bottom: 0px !important;}&#8220;]<strong>Mit der neuen Produktlinie <em>SeraSpot<\/em>\u00ae bietet Ihnen R-Biopharm ein neuartiges Microspot Array f\u00fcr die Multiplex-Diagnostik von Autoimmunerkrankungen.<\/strong><\/p>\n<p>Bei Autoimmunerkrankungen greift das Immunsystem Organe des eigenen K\u00f6rpers an. Je nach angegriffenem Gewebe (z.B. Nerven, Gelenke, Leber) k\u00f6nnen sich die Symptome und das Krankheitsbild unterscheiden. Derzeit sind rund 81 verschiedene Autoimmunerkrankungen bekannt. Dabei kann es sich entweder um lokale (z.B. organ-spezifische) Erkrankungen handeln oder um systemische Autoimmunerkrankungen.<\/p>\n<p>Viele Autoimmunerkrankungen sind durch Autoantik\u00f6rper gekennzeichnet. Die Autoantik\u00f6rper k\u00f6nnen direkt pathogen (z.B. Anti-GBM) oder krankheitsassoziiert sein. Sie k\u00f6nnen als prognostischer Marker (z.B. Anti-AMA-M2) oder bei der Therapieverlaufskontrolle der Patienten (z.B. Anti-dsDNA) von Relevanz sein. Vor allem kommt Ihnen eine hohe Bedeutung in der Differentialdiagnose von Autoimmunerkrankungen (z.B. Anti-Mi2) zu. Je fr\u00fcher eine Autoimmunerkrankung diagnostiziert wird, desto besser ist\u00a0 die Prognose f\u00fcr den Patienten. Das gilt insbesondere bei progressiven (z.B. rheumatischen oder fibrotischen) Erkrankungen, die zu irreversiblen Sch\u00e4den f\u00fchren k\u00f6nnen.<\/p>\n<h3 class=\"knubbel\">Autoimmun-Diagnostik<\/h3>\n<p>Die Autoantik\u00f6rper-Bestimmung\u00a0 ist ein wichtiger Baustein f\u00fcr die Diagnose und die Behandlung von Autoimmunerkrankungen. R-Biopharm bietet mit <em>SeraSpot<\/em>\u00ae, einem neuen <a href=\"https:\/\/devclinical.r-biopharm.com\/de\/technologien\/array\/\">Microspot Array<\/a> f\u00fcr die Diagnose von Autoimmun- und Infektionserkrankungen. Derzeit besteht die <em>SeraSpot<\/em>\u00ae Plattform aus 4 verschiedenen Microspot Arrays zuz\u00fcglich einem Microspot Array Scanner f\u00fcr die Diagnostik von Bindegewebserkrankungen, autoimmuner Lebererkrankung oder systemischer Vasculitis und des Goodpasture-Syndroms.[\/vc_column_text][vc_accordions style=&#8220;simple-style&#8220; open_toggle=&#8220;-1&#8243; container_bg_color=&#8220;#ffffff&#8220;][vc_accordion_tab icon=&#8220;mk-moon-circle-small&#8220; title=&#8220;Kollagenosen&#8220;][vc_column_text]Kollagenosen sind systemische entz\u00fcndlich-rheumatische Erkrankungen mit meist chronischem Verlauf (systemische Bindegewebserkrankungen), die z. T. \u00fcberlappend auftreten k\u00f6nnen (Overlap-Syndrome). Zu den Kollagenosen z\u00e4hlen:<\/p>\n[\/vc_column_text][mk_custom_list style=&#8220;mk-moon-circle-small&#8220;]\n<ul>\n<li>Systemischer Lupus erythematodes (SLE) und Subformen<\/li>\n<li>\u0095Sj\u00f6gren-Syndrom (SjS)<\/li>\n<li>Systemische Sklerodermie (SC)<\/li>\n<li>Idiopathische (autoimmune) Myositiden<\/li>\n<li>Mixed connective tissue disease (MCTD oder Sharp-Syndrom)<\/li>\n<li>Overlap-Syndrome.<\/li>\n<\/ul>\n[\/mk_custom_list][\/vc_accordion_tab][vc_accordion_tab icon=&#8220;mk-moon-circle-small&#8220; title=&#8220;Autoimmune Lebererkrankungen&#8220;][vc_column_text]Bei den autoimmunen Lebererkrankungen unterscheidet man zwischen:[\/vc_column_text][mk_custom_list style=&#8220;mk-moon-circle-small&#8220;]\n<ul>\n<li>Autoimmunhepatitis (AIH) Typ I bis III<\/li>\n<li>Prim\u00e4rer billi\u00e4rer Zirrhose (PBC<\/li>\n<li>Prim\u00e4rer sklerosierender Cholangitis (PSC)<\/li>\n<li>\u00dcberlappungssyndrome von AIH und PBC bzw. PSC .<\/li>\n<\/ul>\n[\/mk_custom_list][vc_column_text]Diese chronischen Erkrankungen unklarer \u00c4tiologie k\u00f6nnen nach Jahren zur Entwicklung einer Leberzirrhose f\u00fchren. Eine rechtzeitige Diagnose mit folgerichtiger Therapie kann eine derartige Entwicklung in vielen F\u00e4llen verhindern. Alle Lebererkrankungen sind in der Fr\u00fchphase durch erh\u00f6hte Werte von Transaminasen charakterisiert. Hinzu k\u00f6nnen unspezifische Symptome wie \u00dcbelkeit, M\u00fcdigkeit, Gelenk- und Muskelschmerzen kommen.<\/p>\n<p>F\u00fcr die Diagnose autoimmuner Lebererkrankungen sind nach Ausschluss einer viralen Hepatitis-Pathogenese der Nachweis von Autoantik\u00f6rpern gegen spezifische Leberantigene von entscheidender Bedeutung. Eine fr\u00fchzeitige Diagnose mit nachfolgender Therapie korreliert mit einer guten Prognose.<\/p>\n[\/vc_column_text][\/vc_accordion_tab][vc_accordion_tab icon=&#8220;mk-moon-circle-small&#8220; title=&#8220;Prim\u00e4re systemische Vaskulitiden&#8220;][vc_column_text]Prim\u00e4re systemische Vaskulitiden von kleinen und mittelgro\u00dfen Gef\u00e4\u00dfen unbekannter \u00c4tiologie sind mit anti-neutrophilen zytoplasmatischen Antik\u00f6rpern assoziiert (ANCA). Die drei Formen von Vaskulitis im Zusammenhang mit ANCA sind:[\/vc_column_text][mk_custom_list style=&#8220;mk-moon-circle-small&#8220;]\n<ul>\n<li>Granulomatose mit Polyangiitis (Wegener&#8217;s) (GPA)<\/li>\n<li>Mikroskopische Polyangiitis (MPA)<\/li>\n<li>Wegenersche Granulomatose mit Polyangiitis (Churg-Strauss-Syndrom) (EGPA).<\/li>\n<\/ul>\n[\/mk_custom_list][vc_column_text]Neutrophile Granulozyten treten geh\u00e4uft an den L\u00e4sionen kleiner Gef\u00e4\u00dfe auf, wahrscheinlich in Folge einer direkten Aktivierung durch ANCA. Dadurch wird ein destruktiver Entz\u00fcndungsprozess initiiert. In den betreffenden L\u00e4sionen lassen sich keine Immunglobuline oder Komplementkomponenten (sog. \u201epauci-immune\u201c Vaskulitis) nachweisen. Die Hauptantigene bei ANCA sind MPO, PR3 und GBM, die alle mit\u00a0 SeraSpot\u00ae Vaskulitis-3 IgG detektiert werden k\u00f6nnen.<\/p>\n[\/vc_column_text][\/vc_accordion_tab][vc_accordion_tab icon=&#8220;mk-moon-circle-small&#8220; title=&#8220;Goodpasture-Syndrom&#8220;][vc_column_text]Das Goodpasture-Syndrom ist eine Glomerulonephritis, mit oder ohne pulmonaler Blutung, die durch zirkulierende Antik\u00f6rper gegen die glomerul\u00e4re Basalmembran (Anti-GBM) gekennzeichnet ist. Eine fr\u00fchzeitige Diagnose und Behandlung dieses Syndroms sind entscheidend f\u00fcr die Heilungschancen. Manchmal ist das Goodpasture-Syndrom \u00fcberlagert mit einer ANCA-positiven systemischen Vaskulitis. Etwa jeder dritte Betroffene hat neben den Anti-GBM-Antik\u00f6rpern auch einen ANCA-positiven Befund. Die ANCA-Positivit\u00e4t geht dem Auftreten der Anti-GBM-Antik\u00f6rper oft einige Monate oder sogar Jahre voraus.<\/p>\n[\/vc_column_text][\/vc_accordion_tab][\/vc_accordions][\/vc_column][vc_column width=&#8220;1\/3&#8243;][vc_column_text margin_bottom=&#8220;20&#8243;]\n<h3 style=\"margin-bottom: 25px;\">Indikation w\u00e4hlen<\/h3>\n<div class=\"facetwp-facet facetwp-facet-indication_fselect facetwp-type-fselect\" data-name=\"indication_fselect\" data-type=\"fselect\"><\/div>[\/vc_column_text][vc_column_text margin_bottom=&#8220;20&#8243;]\n<h3 style=\"margin-bottom: 25px;\">Technologie w\u00e4hlen<\/h3>\n<div class=\"facetwp-facet facetwp-facet-technology_fselect facetwp-type-fselect\" data-name=\"technology_fselect\" data-type=\"fselect\"><\/div>[\/vc_column_text][vc_column_text margin_bottom=&#8220;40&#8243;]\n<h3 style=\"margin-bottom: 25px;\"><\/h3>\n<h3 style=\"margin-bottom: 25px;\">Passende Produkte zu Ihrer Auswahl<\/h3>\n<div class=\"facetwp-template\" data-name=\"autoimmunity\"><ul class=\"product_facets\"><li>\n<a class=\"facetwp_pimg\" href=\"https:\/\/devclinical.r-biopharm.com\/de\/produkte\/seraspot-hepak-7-igg\/\"><img loading=\"lazy\" decoding=\"async\" width=\"100\" height=\"50\" src=\"https:\/\/devclinical.r-biopharm.com\/wp-content\/uploads\/2016-01_seramun_seraspot-anti-borrelia-10-igg_neutral_rgb_lores-1-100x50.jpg\" class=\"recent-thumbs wp-post-image\" alt=\"seraspot-anti-borrelia-10-igg\" srcset=\"https:\/\/devclinical.r-biopharm.com\/wp-content\/uploads\/2016-01_seramun_seraspot-anti-borrelia-10-igg_neutral_rgb_lores-1-100x50.jpg 100w, https:\/\/devclinical.r-biopharm.com\/wp-content\/uploads\/2016-01_seramun_seraspot-anti-borrelia-10-igg_neutral_rgb_lores-1-300x150.jpg 300w, https:\/\/devclinical.r-biopharm.com\/wp-content\/uploads\/2016-01_seramun_seraspot-anti-borrelia-10-igg_neutral_rgb_lores-1-353x179.jpg 353w, https:\/\/devclinical.r-biopharm.com\/wp-content\/uploads\/2016-01_seramun_seraspot-anti-borrelia-10-igg_neutral_rgb_lores-1-200x100.jpg 200w, https:\/\/devclinical.r-biopharm.com\/wp-content\/uploads\/2016-01_seramun_seraspot-anti-borrelia-10-igg_neutral_rgb_lores-1.jpg 600w\" sizes=\"(max-width: 100px) 100vw, 100px\" itemprop=\"image\" \/><\/a>\n<div class=\"facetwp_title_container\"><a class=\"facetwp_ptitle\" href=\"https:\/\/devclinical.r-biopharm.com\/de\/produkte\/seraspot-hepak-7-igg\/\">SeraSpot\u00ae HepAk-7 IgG<\/a><\/div>\n<\/li>\n\n<li>\n<a class=\"facetwp_pimg\" href=\"https:\/\/devclinical.r-biopharm.com\/de\/produkte\/seraspot-vaskulitis-3-igg\/\"><img loading=\"lazy\" decoding=\"async\" width=\"100\" height=\"50\" src=\"https:\/\/devclinical.r-biopharm.com\/wp-content\/uploads\/2016-01_seramun_seraspot-anti-borrelia-10-igg_neutral_rgb_lores-1-100x50.jpg\" class=\"recent-thumbs wp-post-image\" alt=\"seraspot-anti-borrelia-10-igg\" srcset=\"https:\/\/devclinical.r-biopharm.com\/wp-content\/uploads\/2016-01_seramun_seraspot-anti-borrelia-10-igg_neutral_rgb_lores-1-100x50.jpg 100w, https:\/\/devclinical.r-biopharm.com\/wp-content\/uploads\/2016-01_seramun_seraspot-anti-borrelia-10-igg_neutral_rgb_lores-1-300x150.jpg 300w, https:\/\/devclinical.r-biopharm.com\/wp-content\/uploads\/2016-01_seramun_seraspot-anti-borrelia-10-igg_neutral_rgb_lores-1-353x179.jpg 353w, https:\/\/devclinical.r-biopharm.com\/wp-content\/uploads\/2016-01_seramun_seraspot-anti-borrelia-10-igg_neutral_rgb_lores-1-200x100.jpg 200w, https:\/\/devclinical.r-biopharm.com\/wp-content\/uploads\/2016-01_seramun_seraspot-anti-borrelia-10-igg_neutral_rgb_lores-1.jpg 600w\" sizes=\"(max-width: 100px) 100vw, 100px\" itemprop=\"image\" \/><\/a>\n<div class=\"facetwp_title_container\"><a class=\"facetwp_ptitle\" href=\"https:\/\/devclinical.r-biopharm.com\/de\/produkte\/seraspot-vaskulitis-3-igg\/\">SeraSpot\u00ae Vaskulitis-3 IgG<\/a><\/div>\n<\/li>\n\n<li>\n<a class=\"facetwp_pimg\" href=\"https:\/\/devclinical.r-biopharm.com\/de\/produkte\/seraspot-ana-17-igg\/\"><img loading=\"lazy\" decoding=\"async\" width=\"100\" height=\"50\" src=\"https:\/\/devclinical.r-biopharm.com\/wp-content\/uploads\/2016-01_seramun_seraspot-anti-borrelia-10-igg_neutral_rgb_lores-1-100x50.jpg\" class=\"recent-thumbs wp-post-image\" alt=\"seraspot-anti-borrelia-10-igg\" srcset=\"https:\/\/devclinical.r-biopharm.com\/wp-content\/uploads\/2016-01_seramun_seraspot-anti-borrelia-10-igg_neutral_rgb_lores-1-100x50.jpg 100w, https:\/\/devclinical.r-biopharm.com\/wp-content\/uploads\/2016-01_seramun_seraspot-anti-borrelia-10-igg_neutral_rgb_lores-1-300x150.jpg 300w, https:\/\/devclinical.r-biopharm.com\/wp-content\/uploads\/2016-01_seramun_seraspot-anti-borrelia-10-igg_neutral_rgb_lores-1-353x179.jpg 353w, https:\/\/devclinical.r-biopharm.com\/wp-content\/uploads\/2016-01_seramun_seraspot-anti-borrelia-10-igg_neutral_rgb_lores-1-200x100.jpg 200w, https:\/\/devclinical.r-biopharm.com\/wp-content\/uploads\/2016-01_seramun_seraspot-anti-borrelia-10-igg_neutral_rgb_lores-1.jpg 600w\" sizes=\"(max-width: 100px) 100vw, 100px\" itemprop=\"image\" \/><\/a>\n<div class=\"facetwp_title_container\"><a class=\"facetwp_ptitle\" href=\"https:\/\/devclinical.r-biopharm.com\/de\/produkte\/seraspot-ana-17-igg\/\">SeraSpot\u00ae ANA-17 IgG<\/a><\/div>\n<\/li>\n\n<\/ul><\/div>[\/vc_column_text][\/vc_column][\/mk_page_section][mk_page_section bg_color=&#8220;#f7f7f7&#8243; padding_top=&#8220;0&#8243; padding_bottom=&#8220;0&#8243; sidebar=&#8220;sidebar-1&#8243;][vc_column css=&#8220;.vc_custom_1469015765963{margin-top: 25px !important;padding-bottom: 5px !important;}&#8220;][vc_column_text margin_bottom=&#8220;20&#8243;]\n<h2 class=\"knubbel\">Neuigkeiten im Bereich Autoimmunit\u00e4t<\/h2>\n[\/vc_column_text][mk_blog_carousel cat=&#8220;213&#8243;][\/vc_column][\/mk_page_section][mk_page_section bg_color=&#8220;#ffffff&#8220; padding_top=&#8220;0&#8243; sidebar=&#8220;sidebar-1&#8243;][vc_column css=&#8220;.vc_custom_1467042052405{margin-top: 40px !important;}&#8220;][vc_column_text margin_bottom=&#8220;20&#8243;]\n<h2 class=\"knubbel\">Das k\u00f6nnte Sie auch interessieren<\/h2>\n[\/vc_column_text][vc_row_inner css=&#8220;.vc_custom_1468404266697{margin-bottom: 40px !important;}&#8220;][vc_column_inner width=&#8220;1\/3&#8243; css=&#8220;.vc_custom_1468416557833{padding-bottom: 10px !important;padding-left: 0px !important;}&#8220;][mk_flipbox_rb taxonomy=&#8220;diagnostic&#8220; tag_diagnostics=&#8220;autoimmunitat&#8220; min_height=&#8220;200&#8243; button_bg_color=&#8220;#4d4d4d&#8220; button_bg_hover_color=&#8220;#ffffff&#8220; button_text=&#8220;Produktdetails&#8220;][\/vc_column_inner][vc_column_inner width=&#8220;1\/3&#8243; css=&#8220;.vc_custom_1468416552613{padding-right: 7.5px !important;padding-bottom: 10px !important;padding-left: 7.5px !important;}&#8220;][mk_flipbox_rb taxonomy=&#8220;diagnostic&#8220; tag_diagnostics=&#8220;autoimmunitat&#8220; offset=&#8220;1&#8243; min_height=&#8220;200&#8243; button_bg_color=&#8220;#4d4d4d&#8220; button_bg_hover_color=&#8220;#ffffff&#8220; button_text=&#8220;Produktdetails&#8220;][\/vc_column_inner][vc_column_inner width=&#8220;1\/3&#8243; css=&#8220;.vc_custom_1468416547451{padding-right: 0px !important;padding-bottom: 10px !important;}&#8220;][mk_flipbox_rb taxonomy=&#8220;diagnostic&#8220; tag_diagnostics=&#8220;autoimmunitat&#8220; offset=&#8220;2&#8243; min_height=&#8220;200&#8243; button_bg_color=&#8220;#4d4d4d&#8220; button_bg_hover_color=&#8220;#ffffff&#8220; button_text=&#8220;Produktdetails&#8220;][\/vc_column_inner][\/vc_row_inner][\/vc_column][\/mk_page_section][mk_page_section bg_color=&#8220;#f7f7f7&#8243; padding_top=&#8220;20&#8243; padding_bottom=&#8220;20&#8243; sidebar=&#8220;sidebar-1&#8243;][vc_column css=&#8220;.vc_custom_1468415774645{padding-top: 0px !important;padding-bottom: 0px !important;}&#8220;][vc_column_text disable_pattern=&#8220;false&#8220; align=&#8220;center&#8220;]\n<h2>Beratung zum Thema Autoimmun-Diagnostik<\/h2>\n<p>Fragen? Unser erfahrenes Team unterst\u00fctzt Sie gern mit individuell zugeschnittenen L\u00f6sungen f\u00fcr Ihre Diagnostik.[\/vc_column_text][mk_button dimension=&#8220;flat&#8220; url=&#8220;\/de\/kontakt\/&#8220; align=&#8220;center&#8220; margin_bottom=&#8220;&#8220; bg_color=&#8220;#4d4d4d&#8220; btn_hover_bg=&#8220;#ffffff&#8220; btn_hover_txt_color=&#8220;#4d4d4d&#8220;]Kontakt[\/mk_button][\/vc_column][\/mk_page_section]\n<\/div>","protected":false},"excerpt":{"rendered":"<p>[mk_page_section padding_top=&#8220;30&#8243; padding_bottom=&#8220;30&#8243; sidebar=&#8220;sidebar-1&#8243;][vc_column width=&#8220;2\/3&#8243;][vc_column_text css=&#8220;.vc_custom_1524467228377{margin-bottom: 0px !important;}&#8220;]Mit der neuen Produktlinie SeraSpot\u00ae bietet Ihnen R-Biopharm ein neuartiges Microspot Array f\u00fcr die Multiplex-Diagnostik von Autoimmunerkrankungen. Bei Autoimmunerkrankungen greift das Immunsystem Organe des eigenen K\u00f6rpers an. Je nach angegriffenem Gewebe (z.B. Nerven, Gelenke, Leber) k\u00f6nnen sich die Symptome und das Krankheitsbild unterscheiden. Derzeit sind rund 81 verschiedene [&hellip;]<\/p>\n","protected":false},"author":1,"featured_media":73783,"parent":69758,"menu_order":0,"comment_status":"closed","ping_status":"closed","template":"","meta":{"content-type":"","_relevanssi_hide_post":"","_relevanssi_hide_content":"","_relevanssi_pin_for_all":"","_relevanssi_pin_keywords":"","_relevanssi_unpin_keywords":"","_relevanssi_related_keywords":"","_relevanssi_related_include_ids":"","_relevanssi_related_exclude_ids":"","_relevanssi_related_no_append":"","_relevanssi_related_not_related":"","_relevanssi_related_posts":"","_relevanssi_noindex_reason":"","footnotes":""},"acf":[],"yoast_head":"<!-- This site is optimized with the Yoast SEO plugin v21.9 - https:\/\/yoast.com\/wordpress\/plugins\/seo\/ -->\n<title>Autoimmunit\u00e4t - \ud83d\udea8\ud83d\udea8\ud83d\udea8 Staging!!! Clinical Diagnostics \ud83d\udea8\ud83d\udea8\ud83d\udea8<\/title>\n<meta name=\"robots\" content=\"noindex, follow, max-snippet:-1, max-image-preview:large, max-video-preview:-1\" \/>\n<meta property=\"og:locale\" content=\"de_DE\" \/>\n<meta property=\"og:type\" content=\"article\" \/>\n<meta property=\"og:title\" content=\"Autoimmunit\u00e4t - \ud83d\udea8\ud83d\udea8\ud83d\udea8 Staging!!! Clinical Diagnostics \ud83d\udea8\ud83d\udea8\ud83d\udea8\" \/>\n<meta property=\"og:description\" content=\"[mk_page_section padding_top=&#8220;30&#8243; padding_bottom=&#8220;30&#8243; sidebar=&#8220;sidebar-1&#8243;][vc_column width=&#8220;2\/3&#8243;][vc_column_text css=&#8220;.vc_custom_1524467228377{margin-bottom: 0px !important;}&#8220;]Mit der neuen Produktlinie SeraSpot\u00ae bietet Ihnen R-Biopharm ein neuartiges Microspot Array f\u00fcr die Multiplex-Diagnostik von Autoimmunerkrankungen. Bei Autoimmunerkrankungen greift das Immunsystem Organe des eigenen K\u00f6rpers an. Je nach angegriffenem Gewebe (z.B. Nerven, Gelenke, Leber) k\u00f6nnen sich die Symptome und das Krankheitsbild unterscheiden. Derzeit sind rund 81 verschiedene [&hellip;]\" \/>\n<meta property=\"og:url\" content=\"https:\/\/devclinical.r-biopharm.com\/de\/diagnostik\/autoimmunitaet\/\" \/>\n<meta property=\"og:site_name\" content=\"\ud83d\udea8\ud83d\udea8\ud83d\udea8 Staging!!! Clinical Diagnostics \ud83d\udea8\ud83d\udea8\ud83d\udea8\" \/>\n<meta property=\"article:modified_time\" content=\"2019-07-08T08:00:33+00:00\" \/>\n<meta property=\"og:image\" content=\"https:\/\/devclinical.r-biopharm.com\/wp-content\/uploads\/bannergrafik_autoimmundiagnostik.jpg\" \/>\n\t<meta property=\"og:image:width\" content=\"3000\" \/>\n\t<meta property=\"og:image:height\" content=\"600\" \/>\n\t<meta property=\"og:image:type\" content=\"image\/jpeg\" \/>\n<meta name=\"twitter:label1\" content=\"Gesch\u00e4tzte Lesezeit\" \/>\n\t<meta name=\"twitter:data1\" content=\"5\u00a0Minuten\" \/>\n<script type=\"application\/ld+json\" class=\"yoast-schema-graph\">{\"@context\":\"https:\/\/schema.org\",\"@graph\":[{\"@type\":\"WebPage\",\"@id\":\"https:\/\/devclinical.r-biopharm.com\/de\/diagnostik\/autoimmunitaet\/\",\"url\":\"https:\/\/devclinical.r-biopharm.com\/de\/diagnostik\/autoimmunitaet\/\",\"name\":\"Autoimmunit\u00e4t - \ud83d\udea8\ud83d\udea8\ud83d\udea8 Staging!!! Clinical Diagnostics \ud83d\udea8\ud83d\udea8\ud83d\udea8\",\"isPartOf\":{\"@id\":\"https:\/\/devdevclinical.r-biopharm.com\/#website\"},\"datePublished\":\"2016-12-15T14:39:16+00:00\",\"dateModified\":\"2019-07-08T08:00:33+00:00\",\"breadcrumb\":{\"@id\":\"https:\/\/devclinical.r-biopharm.com\/de\/diagnostik\/autoimmunitaet\/#breadcrumb\"},\"inLanguage\":\"de\",\"potentialAction\":[{\"@type\":\"ReadAction\",\"target\":[\"https:\/\/devclinical.r-biopharm.com\/de\/diagnostik\/autoimmunitaet\/\"]}]},{\"@type\":\"BreadcrumbList\",\"@id\":\"https:\/\/devclinical.r-biopharm.com\/de\/diagnostik\/autoimmunitaet\/#breadcrumb\",\"itemListElement\":[{\"@type\":\"ListItem\",\"position\":1,\"name\":\"Home\",\"item\":\"https:\/\/devclinical.r-biopharm.com\/de\/\"},{\"@type\":\"ListItem\",\"position\":2,\"name\":\"Diagnostik\",\"item\":\"https:\/\/devclinical.r-biopharm.com\/de\/diagnostik\/\"},{\"@type\":\"ListItem\",\"position\":3,\"name\":\"Autoimmunit\u00e4t\"}]},{\"@type\":\"WebSite\",\"@id\":\"https:\/\/devdevclinical.r-biopharm.com\/#website\",\"url\":\"https:\/\/devdevclinical.r-biopharm.com\/\",\"name\":\"\ud83d\udea8\ud83d\udea8\ud83d\udea8 Staging!!! Clinical Diagnostics \ud83d\udea8\ud83d\udea8\ud83d\udea8\",\"description\":\"A Division of the R-Biopharm Group\",\"potentialAction\":[{\"@type\":\"SearchAction\",\"target\":{\"@type\":\"EntryPoint\",\"urlTemplate\":\"https:\/\/devdevclinical.r-biopharm.com\/?s={search_term_string}\"},\"query-input\":\"required name=search_term_string\"}],\"inLanguage\":\"de\"}]}<\/script>\n<!-- \/ Yoast SEO plugin. -->","yoast_head_json":{"title":"Autoimmunit\u00e4t - \ud83d\udea8\ud83d\udea8\ud83d\udea8 Staging!!! Clinical Diagnostics \ud83d\udea8\ud83d\udea8\ud83d\udea8","robots":{"index":"noindex","follow":"follow","max-snippet":"max-snippet:-1","max-image-preview":"max-image-preview:large","max-video-preview":"max-video-preview:-1"},"og_locale":"de_DE","og_type":"article","og_title":"Autoimmunit\u00e4t - \ud83d\udea8\ud83d\udea8\ud83d\udea8 Staging!!! Clinical Diagnostics \ud83d\udea8\ud83d\udea8\ud83d\udea8","og_description":"[mk_page_section padding_top=&#8220;30&#8243; padding_bottom=&#8220;30&#8243; sidebar=&#8220;sidebar-1&#8243;][vc_column width=&#8220;2\/3&#8243;][vc_column_text css=&#8220;.vc_custom_1524467228377{margin-bottom: 0px !important;}&#8220;]Mit der neuen Produktlinie SeraSpot\u00ae bietet Ihnen R-Biopharm ein neuartiges Microspot Array f\u00fcr die Multiplex-Diagnostik von Autoimmunerkrankungen. Bei Autoimmunerkrankungen greift das Immunsystem Organe des eigenen K\u00f6rpers an. Je nach angegriffenem Gewebe (z.B. Nerven, Gelenke, Leber) k\u00f6nnen sich die Symptome und das Krankheitsbild unterscheiden. Derzeit sind rund 81 verschiedene [&hellip;]","og_url":"https:\/\/devclinical.r-biopharm.com\/de\/diagnostik\/autoimmunitaet\/","og_site_name":"\ud83d\udea8\ud83d\udea8\ud83d\udea8 Staging!!! Clinical Diagnostics \ud83d\udea8\ud83d\udea8\ud83d\udea8","article_modified_time":"2019-07-08T08:00:33+00:00","og_image":[{"width":3000,"height":600,"url":"https:\/\/devclinical.r-biopharm.com\/wp-content\/uploads\/bannergrafik_autoimmundiagnostik.jpg","type":"image\/jpeg"}],"twitter_misc":{"Gesch\u00e4tzte Lesezeit":"5\u00a0Minuten"},"schema":{"@context":"https:\/\/schema.org","@graph":[{"@type":"WebPage","@id":"https:\/\/devclinical.r-biopharm.com\/de\/diagnostik\/autoimmunitaet\/","url":"https:\/\/devclinical.r-biopharm.com\/de\/diagnostik\/autoimmunitaet\/","name":"Autoimmunit\u00e4t - \ud83d\udea8\ud83d\udea8\ud83d\udea8 Staging!!! Clinical Diagnostics \ud83d\udea8\ud83d\udea8\ud83d\udea8","isPartOf":{"@id":"https:\/\/devdevclinical.r-biopharm.com\/#website"},"datePublished":"2016-12-15T14:39:16+00:00","dateModified":"2019-07-08T08:00:33+00:00","breadcrumb":{"@id":"https:\/\/devclinical.r-biopharm.com\/de\/diagnostik\/autoimmunitaet\/#breadcrumb"},"inLanguage":"de","potentialAction":[{"@type":"ReadAction","target":["https:\/\/devclinical.r-biopharm.com\/de\/diagnostik\/autoimmunitaet\/"]}]},{"@type":"BreadcrumbList","@id":"https:\/\/devclinical.r-biopharm.com\/de\/diagnostik\/autoimmunitaet\/#breadcrumb","itemListElement":[{"@type":"ListItem","position":1,"name":"Home","item":"https:\/\/devclinical.r-biopharm.com\/de\/"},{"@type":"ListItem","position":2,"name":"Diagnostik","item":"https:\/\/devclinical.r-biopharm.com\/de\/diagnostik\/"},{"@type":"ListItem","position":3,"name":"Autoimmunit\u00e4t"}]},{"@type":"WebSite","@id":"https:\/\/devdevclinical.r-biopharm.com\/#website","url":"https:\/\/devdevclinical.r-biopharm.com\/","name":"\ud83d\udea8\ud83d\udea8\ud83d\udea8 Staging!!! Clinical Diagnostics \ud83d\udea8\ud83d\udea8\ud83d\udea8","description":"A Division of the R-Biopharm Group","potentialAction":[{"@type":"SearchAction","target":{"@type":"EntryPoint","urlTemplate":"https:\/\/devdevclinical.r-biopharm.com\/?s={search_term_string}"},"query-input":"required name=search_term_string"}],"inLanguage":"de"}]}},"_links":{"self":[{"href":"https:\/\/devclinical.r-biopharm.com\/de\/wp-json\/wp\/v2\/pages\/73598"}],"collection":[{"href":"https:\/\/devclinical.r-biopharm.com\/de\/wp-json\/wp\/v2\/pages"}],"about":[{"href":"https:\/\/devclinical.r-biopharm.com\/de\/wp-json\/wp\/v2\/types\/page"}],"author":[{"embeddable":true,"href":"https:\/\/devclinical.r-biopharm.com\/de\/wp-json\/wp\/v2\/users\/1"}],"replies":[{"embeddable":true,"href":"https:\/\/devclinical.r-biopharm.com\/de\/wp-json\/wp\/v2\/comments?post=73598"}],"version-history":[{"count":17,"href":"https:\/\/devclinical.r-biopharm.com\/de\/wp-json\/wp\/v2\/pages\/73598\/revisions"}],"predecessor-version":[{"id":97337,"href":"https:\/\/devclinical.r-biopharm.com\/de\/wp-json\/wp\/v2\/pages\/73598\/revisions\/97337"}],"up":[{"embeddable":true,"href":"https:\/\/devclinical.r-biopharm.com\/de\/wp-json\/wp\/v2\/pages\/69758"}],"wp:featuredmedia":[{"embeddable":true,"href":"https:\/\/devclinical.r-biopharm.com\/de\/wp-json\/wp\/v2\/media\/73783"}],"wp:attachment":[{"href":"https:\/\/devclinical.r-biopharm.com\/de\/wp-json\/wp\/v2\/media?parent=73598"}],"curies":[{"name":"wp","href":"https:\/\/api.w.org\/{rel}","templated":true}]}}