{"id":73609,"date":"2016-12-15T15:55:36","date_gmt":"2016-12-15T14:55:36","guid":{"rendered":"http:\/\/clinical.rbiodev.de\/?page_id=73609\/"},"modified":"2021-06-01T15:33:16","modified_gmt":"2021-06-01T13:33:16","slug":"stechmuecken-uebertragene-krankheiten","status":"publish","type":"page","link":"https:\/\/devclinical.r-biopharm.com\/de\/indikation\/stechmuecken-uebertragene-krankheiten\/","title":{"rendered":"Von Stechm\u00fccken \u00fcbertragene Krankheiten"},"content":{"rendered":"<div class=\"wpb-content-wrapper\">[mk_page_section padding_top=&#8220;30&#8243; padding_bottom=&#8220;30&#8243; sidebar=&#8220;sidebar-1&#8243;][vc_column width=&#8220;2\/3&#8243;][vc_column_text css=&#8220;.vc_custom_1527602316128{margin-bottom: 0px !important;}&#8220;]<strong>Infektionen, die von Stechm\u00fccken \u00fcbertragen werden, sind weltweit verbreitet und verursachen jedes Jahr \u00fcber eine Million Todesf\u00e4lle. Die Globalisierung des Reisens und des Handels sowie Umweltver\u00e4nderungen haben einen starken Einfluss auf die \u00dcbertragung der Infektionskrankheiten, deren Anzahl in den vergangenen Jahren kontinuierlich gestiegen ist.<br \/>\n<\/strong><\/p>\n<p>Da verschiedene von Stechm\u00fccken \u00fcbertragene Krankheiten \u00e4hnliche Symptome hervorrufen k\u00f6nnen (z.B. Fieber, Muskel- und Gelenkschmerzen), ist ein Labortest \u00e4u\u00dferst wichtig, um die Genese der Erkrankung zu bestimmen und somit eine geeignete Behandlung einzuleiten.<\/p>\n<h3 class=\"knubbel\">Malaria<\/h3>\n<p>Malaria ist eine potenziell lebensgef\u00e4hrliche Krankheit, die durch eine Infektion mit dem Parasit Plasmodium hervorgerufen und von weiblichen Anopheles-Moskitos \u00fcbertragen wird. Malaria z\u00e4hlt zu einem der weltweit gr\u00f6\u00dften Gesundheitsproblemen mit gesch\u00e4tzten 400.000 Todesf\u00e4llen jedes Jahr.<\/p>\n<h3 class=\"knubbel\">Zika<\/h3>\n<p>Zika ist eine Viruserkrankung, die vorrangig von infizierten Moskitos der Gattung Aedes \u00fcbertragen wird. \u00dcblicherweise zeigen Personen, die mit dem Zika-Virus infiziert sind, nur leichte Symptome. Wissenschaftliche Erkenntnisse zeigen jedoch, dass das Zika-Virus ein Ausl\u00f6ser f\u00fcr Mikrozephalie und das Guillain-Barr\u00e9 Syndrom ist, was die Wichtigkeit einer zuverl\u00e4ssigen und schnellen klinischen Diagnose hervorhebt.<\/p>\n<h3 class=\"knubbel\">Chikungunya<\/h3>\n<p>Chikungunya ist eine Viruserkrankung, die von infizierten Moskitos der Gattung Aedes \u00fcbertragen wird. Die \u00dcbertragung ist nicht begrenzt auf Afrika und Asien; in den vergangenen Jahren gab es auch F\u00e4lle in Amerika und sogar in Europa. Da die Erkrankung dieselben Krankheitszeichen zeigt wie eine Dengue-Infektion und dadurch leicht fehldiagnostiziert werden kann, ist eine Differentialdiagnose unerl\u00e4sslich f\u00fcr eine geeignete Behandlung.<\/p>\n<h3 class=\"knubbel\">Dengue<\/h3>\n<p>Dengue ist die h\u00e4ufigste Krankheit, die durch Arboviren verursacht wird. Sie wird von infizierten Moskitos der Gattung Aedes \u00fcbertragen. Etwa die H\u00e4lfte der Weltbev\u00f6lkerung lebt in gef\u00e4hrdeten Gebieten, was zu gesch\u00e4tzten 390 Millionen Infektionen pro Jahr f\u00fchrt. Da es keine spezifische Behandlung gibt, kann eine fr\u00fchzeitige Erkennung und eine schnelle unterst\u00fctzende Behandlung die Sterblichkeitsrate bei schweren Dengue-F\u00e4llen senken.[\/vc_column_text][vc_cta h2=&#8220;Weitere Informationen&#8220; shape=&#8220;square&#8220; style=&#8220;flat&#8220; color=&#8220;grey&#8220; add_button=&#8220;right&#8220; btn_title=&#8220;Download&#8220; btn_style=&#8220;flat&#8220; btn_shape=&#8220;square&#8220; btn_color=&#8220;inverse&#8220; btn_link=&#8220;url:https%3A%2F%2Fdevclinical.r-biopharm.com%2Fwp-content%2Fuploads%2Fsites%2F3%2F2018%2F05%2F2017-10_antikrp.nachweis._moskito-bertr.-infektionen_4p_de_lores.pdf||target:%20_blank|&#8220;]Weitere Informationen \u00fcber Infektionen, die von Stechm\u00fccken \u00fcbertragen werden, finden Sie in unserer kostenfreien Brosch\u00fcre.[\/vc_cta][\/vc_column][vc_column width=&#8220;1\/3&#8243;][vc_column_text margin_bottom=&#8220;20&#8243;]\n<h3 style=\"margin-bottom: 25px\">Technologie w\u00e4hlen<\/h3>\n<div class=\"facetwp-facet facetwp-facet-technology_fselect facetwp-type-fselect\" data-name=\"technology_fselect\" data-type=\"fselect\"><\/div>[\/vc_column_text][vc_column_text margin_bottom=&#8220;20&#8243;]\n<h3 style=\"margin-bottom: 25px\">Diagnostischen Bereich w\u00e4hlen<\/h3>\n<div class=\"facetwp-facet facetwp-facet-diagnostics_fselect facetwp-type-fselect\" data-name=\"diagnostics_fselect\" data-type=\"fselect\"><\/div>[\/vc_column_text][vc_column_text margin_bottom=&#8220;40&#8243;]\n<h3 style=\"margin-bottom: 25px\">Passende Produkte zu Ihrer Auswahl<\/h3>\n<div class=\"facetwp-template\" data-name=\"mosquito_borne_diseases\"><ul class=\"product_facets\"><\/ul><\/div>[\/vc_column_text][\/vc_column][\/mk_page_section][mk_page_section bg_color=&#8220;#f7f7f7&#8243; padding_top=&#8220;0&#8243; padding_bottom=&#8220;0&#8243; sidebar=&#8220;sidebar-1&#8243;][vc_column css=&#8220;.vc_custom_1469015765963{margin-top: 25px !important;padding-bottom: 5px !important;}&#8220;][vc_column_text margin_bottom=&#8220;20&#8243;]\n<h2 class=\"knubbel\">Neuigkeiten im Bereich Infektionskrankheiten<\/h2>\n[\/vc_column_text][mk_blog_carousel cat=&#8220;248&#8243;][\/vc_column][\/mk_page_section][mk_page_section bg_color=&#8220;#ffffff&#8220; padding_top=&#8220;0&#8243; sidebar=&#8220;sidebar-1&#8243;][vc_column css=&#8220;.vc_custom_1467042052405{margin-top: 40px !important;}&#8220;][vc_column_text margin_bottom=&#8220;20&#8243;]\n<h2 class=\"knubbel\">Das k\u00f6nnte Sie auch interessieren<\/h2>\n[\/vc_column_text][vc_row_inner css=&#8220;.vc_custom_1468404266697{margin-bottom: 40px !important;}&#8220;][vc_column_inner width=&#8220;1\/3&#8243; css=&#8220;.vc_custom_1468416557833{padding-bottom: 10px !important;padding-left: 0px !important;}&#8220;][mk_flipbox_rb taxonomy=&#8220;indication&#8220; tag_indication=&#8220;stechmucken&#8220; min_height=&#8220;200&#8243; button_bg_color=&#8220;#4d4d4d&#8220; button_bg_hover_color=&#8220;#ffffff&#8220; button_text=&#8220;Produktdetails&#8220;][\/vc_column_inner][vc_column_inner width=&#8220;1\/3&#8243; css=&#8220;.vc_custom_1468416552613{padding-right: 7.5px !important;padding-bottom: 10px !important;padding-left: 7.5px !important;}&#8220;][mk_flipbox_rb taxonomy=&#8220;indication&#8220; tag_indication=&#8220;stechmucken&#8220; offset=&#8220;1&#8243; min_height=&#8220;200&#8243; button_bg_color=&#8220;#4d4d4d&#8220; button_bg_hover_color=&#8220;#ffffff&#8220; button_text=&#8220;Produktdetails&#8220;][\/vc_column_inner][vc_column_inner width=&#8220;1\/3&#8243; css=&#8220;.vc_custom_1468416547451{padding-right: 0px !important;padding-bottom: 10px !important;}&#8220;][mk_flipbox_rb taxonomy=&#8220;indication&#8220; tag_indication=&#8220;stechmucken&#8220; offset=&#8220;2&#8243; min_height=&#8220;200&#8243; button_bg_color=&#8220;#4d4d4d&#8220; button_bg_hover_color=&#8220;#ffffff&#8220; button_text=&#8220;Produktdetails&#8220;][\/vc_column_inner][\/vc_row_inner][\/vc_column][\/mk_page_section][mk_page_section bg_color=&#8220;#f7f7f7&#8243; padding_top=&#8220;20&#8243; padding_bottom=&#8220;20&#8243; sidebar=&#8220;sidebar-1&#8243;][vc_column css=&#8220;.vc_custom_1468415774645{padding-top: 0px !important;padding-bottom: 0px !important;}&#8220;][vc_column_text disable_pattern=&#8220;false&#8220; align=&#8220;center&#8220;]\n<h2>Beratung zum Thema Infektionskrankheiten<\/h2>\n<p>Fragen? Unser erfahrenes Team unterst\u00fctzt Sie gern mit individuell zugeschnittenen L\u00f6sungen f\u00fcr Ihre Diagnostik.[\/vc_column_text][mk_button dimension=&#8220;flat&#8220; url=&#8220;\/de\/kontakt\/&#8220; align=&#8220;center&#8220; margin_bottom=&#8220;&#8220; bg_color=&#8220;#4d4d4d&#8220; btn_hover_bg=&#8220;#ffffff&#8220; btn_hover_txt_color=&#8220;#4d4d4d&#8220;]Kontakt[\/mk_button][\/vc_column][\/mk_page_section]\n<\/div>","protected":false},"excerpt":{"rendered":"<p>[mk_page_section padding_top=&#8220;30&#8243; padding_bottom=&#8220;30&#8243; sidebar=&#8220;sidebar-1&#8243;][vc_column width=&#8220;2\/3&#8243;][vc_column_text css=&#8220;.vc_custom_1527602316128{margin-bottom: 0px !important;}&#8220;]Infektionen, die von Stechm\u00fccken \u00fcbertragen werden, sind weltweit verbreitet und verursachen jedes Jahr \u00fcber eine Million Todesf\u00e4lle. Die Globalisierung des Reisens und des Handels sowie Umweltver\u00e4nderungen haben einen starken Einfluss auf die \u00dcbertragung der Infektionskrankheiten, deren Anzahl in den vergangenen Jahren kontinuierlich gestiegen ist. Da verschiedene von Stechm\u00fccken [&hellip;]<\/p>\n","protected":false},"author":1,"featured_media":0,"parent":73557,"menu_order":0,"comment_status":"closed","ping_status":"closed","template":"","meta":{"content-type":"","_relevanssi_hide_post":"","_relevanssi_hide_content":"","_relevanssi_pin_for_all":"","_relevanssi_pin_keywords":"","_relevanssi_unpin_keywords":"","_relevanssi_related_keywords":"","_relevanssi_related_include_ids":"","_relevanssi_related_exclude_ids":"","_relevanssi_related_no_append":"","_relevanssi_related_not_related":"","_relevanssi_related_posts":"","_relevanssi_noindex_reason":"","footnotes":""},"acf":[],"yoast_head":"<!-- This site is optimized with the Yoast SEO plugin v21.9 - https:\/\/yoast.com\/wordpress\/plugins\/seo\/ -->\n<title>Von Stechm\u00fccken \u00fcbertragene Krankheiten - \ud83d\udea8\ud83d\udea8\ud83d\udea8 Staging!!! Clinical Diagnostics \ud83d\udea8\ud83d\udea8\ud83d\udea8<\/title>\n<meta name=\"robots\" content=\"noindex, follow, max-snippet:-1, max-image-preview:large, max-video-preview:-1\" \/>\n<meta property=\"og:locale\" content=\"de_DE\" \/>\n<meta property=\"og:type\" content=\"article\" \/>\n<meta property=\"og:title\" content=\"Von Stechm\u00fccken \u00fcbertragene Krankheiten - \ud83d\udea8\ud83d\udea8\ud83d\udea8 Staging!!! Clinical Diagnostics \ud83d\udea8\ud83d\udea8\ud83d\udea8\" \/>\n<meta property=\"og:description\" content=\"[mk_page_section padding_top=&#8220;30&#8243; padding_bottom=&#8220;30&#8243; sidebar=&#8220;sidebar-1&#8243;][vc_column width=&#8220;2\/3&#8243;][vc_column_text css=&#8220;.vc_custom_1527602316128{margin-bottom: 0px !important;}&#8220;]Infektionen, die von Stechm\u00fccken \u00fcbertragen werden, sind weltweit verbreitet und verursachen jedes Jahr \u00fcber eine Million Todesf\u00e4lle. Die Globalisierung des Reisens und des Handels sowie Umweltver\u00e4nderungen haben einen starken Einfluss auf die \u00dcbertragung der Infektionskrankheiten, deren Anzahl in den vergangenen Jahren kontinuierlich gestiegen ist. Da verschiedene von Stechm\u00fccken [&hellip;]\" \/>\n<meta property=\"og:url\" content=\"https:\/\/devclinical.r-biopharm.com\/de\/?page_id=73609\" \/>\n<meta property=\"og:site_name\" content=\"\ud83d\udea8\ud83d\udea8\ud83d\udea8 Staging!!! Clinical Diagnostics \ud83d\udea8\ud83d\udea8\ud83d\udea8\" \/>\n<meta property=\"article:modified_time\" content=\"2021-06-01T13:33:16+00:00\" \/>\n<meta name=\"twitter:label1\" content=\"Gesch\u00e4tzte Lesezeit\" \/>\n\t<meta name=\"twitter:data1\" content=\"4\u00a0Minuten\" \/>\n<script type=\"application\/ld+json\" class=\"yoast-schema-graph\">{\"@context\":\"https:\/\/schema.org\",\"@graph\":[{\"@type\":\"WebPage\",\"@id\":\"https:\/\/devclinical.r-biopharm.com\/de\/?page_id=73609\",\"url\":\"https:\/\/devclinical.r-biopharm.com\/de\/?page_id=73609\",\"name\":\"Von Stechm\u00fccken \u00fcbertragene Krankheiten - \ud83d\udea8\ud83d\udea8\ud83d\udea8 Staging!!! Clinical Diagnostics \ud83d\udea8\ud83d\udea8\ud83d\udea8\",\"isPartOf\":{\"@id\":\"https:\/\/devdevclinical.r-biopharm.com\/#website\"},\"datePublished\":\"2016-12-15T14:55:36+00:00\",\"dateModified\":\"2021-06-01T13:33:16+00:00\",\"breadcrumb\":{\"@id\":\"https:\/\/devclinical.r-biopharm.com\/de\/?page_id=73609#breadcrumb\"},\"inLanguage\":\"de\",\"potentialAction\":[{\"@type\":\"ReadAction\",\"target\":[\"https:\/\/devclinical.r-biopharm.com\/de\/?page_id=73609\"]}]},{\"@type\":\"BreadcrumbList\",\"@id\":\"https:\/\/devclinical.r-biopharm.com\/de\/?page_id=73609#breadcrumb\",\"itemListElement\":[{\"@type\":\"ListItem\",\"position\":1,\"name\":\"Home\",\"item\":\"https:\/\/devclinical.r-biopharm.com\/de\/\"},{\"@type\":\"ListItem\",\"position\":2,\"name\":\"Indikation\",\"item\":\"https:\/\/devclinical.r-biopharm.com\/de\/indikation\/\"},{\"@type\":\"ListItem\",\"position\":3,\"name\":\"Private: Von Stechm\u00fccken \u00fcbertragene Krankheiten\"}]},{\"@type\":\"WebSite\",\"@id\":\"https:\/\/devdevclinical.r-biopharm.com\/#website\",\"url\":\"https:\/\/devdevclinical.r-biopharm.com\/\",\"name\":\"\ud83d\udea8\ud83d\udea8\ud83d\udea8 Staging!!! Clinical Diagnostics \ud83d\udea8\ud83d\udea8\ud83d\udea8\",\"description\":\"A Division of the R-Biopharm Group\",\"potentialAction\":[{\"@type\":\"SearchAction\",\"target\":{\"@type\":\"EntryPoint\",\"urlTemplate\":\"https:\/\/devdevclinical.r-biopharm.com\/?s={search_term_string}\"},\"query-input\":\"required name=search_term_string\"}],\"inLanguage\":\"de\"}]}<\/script>\n<!-- \/ Yoast SEO plugin. -->","yoast_head_json":{"title":"Von Stechm\u00fccken \u00fcbertragene Krankheiten - \ud83d\udea8\ud83d\udea8\ud83d\udea8 Staging!!! Clinical Diagnostics \ud83d\udea8\ud83d\udea8\ud83d\udea8","robots":{"index":"noindex","follow":"follow","max-snippet":"max-snippet:-1","max-image-preview":"max-image-preview:large","max-video-preview":"max-video-preview:-1"},"og_locale":"de_DE","og_type":"article","og_title":"Von Stechm\u00fccken \u00fcbertragene Krankheiten - \ud83d\udea8\ud83d\udea8\ud83d\udea8 Staging!!! Clinical Diagnostics \ud83d\udea8\ud83d\udea8\ud83d\udea8","og_description":"[mk_page_section padding_top=&#8220;30&#8243; padding_bottom=&#8220;30&#8243; sidebar=&#8220;sidebar-1&#8243;][vc_column width=&#8220;2\/3&#8243;][vc_column_text css=&#8220;.vc_custom_1527602316128{margin-bottom: 0px !important;}&#8220;]Infektionen, die von Stechm\u00fccken \u00fcbertragen werden, sind weltweit verbreitet und verursachen jedes Jahr \u00fcber eine Million Todesf\u00e4lle. Die Globalisierung des Reisens und des Handels sowie Umweltver\u00e4nderungen haben einen starken Einfluss auf die \u00dcbertragung der Infektionskrankheiten, deren Anzahl in den vergangenen Jahren kontinuierlich gestiegen ist. Da verschiedene von Stechm\u00fccken [&hellip;]","og_url":"https:\/\/devclinical.r-biopharm.com\/de\/?page_id=73609","og_site_name":"\ud83d\udea8\ud83d\udea8\ud83d\udea8 Staging!!! Clinical Diagnostics \ud83d\udea8\ud83d\udea8\ud83d\udea8","article_modified_time":"2021-06-01T13:33:16+00:00","twitter_misc":{"Gesch\u00e4tzte Lesezeit":"4\u00a0Minuten"},"schema":{"@context":"https:\/\/schema.org","@graph":[{"@type":"WebPage","@id":"https:\/\/devclinical.r-biopharm.com\/de\/?page_id=73609","url":"https:\/\/devclinical.r-biopharm.com\/de\/?page_id=73609","name":"Von Stechm\u00fccken \u00fcbertragene Krankheiten - \ud83d\udea8\ud83d\udea8\ud83d\udea8 Staging!!! Clinical Diagnostics \ud83d\udea8\ud83d\udea8\ud83d\udea8","isPartOf":{"@id":"https:\/\/devdevclinical.r-biopharm.com\/#website"},"datePublished":"2016-12-15T14:55:36+00:00","dateModified":"2021-06-01T13:33:16+00:00","breadcrumb":{"@id":"https:\/\/devclinical.r-biopharm.com\/de\/?page_id=73609#breadcrumb"},"inLanguage":"de","potentialAction":[{"@type":"ReadAction","target":["https:\/\/devclinical.r-biopharm.com\/de\/?page_id=73609"]}]},{"@type":"BreadcrumbList","@id":"https:\/\/devclinical.r-biopharm.com\/de\/?page_id=73609#breadcrumb","itemListElement":[{"@type":"ListItem","position":1,"name":"Home","item":"https:\/\/devclinical.r-biopharm.com\/de\/"},{"@type":"ListItem","position":2,"name":"Indikation","item":"https:\/\/devclinical.r-biopharm.com\/de\/indikation\/"},{"@type":"ListItem","position":3,"name":"Private: Von Stechm\u00fccken \u00fcbertragene Krankheiten"}]},{"@type":"WebSite","@id":"https:\/\/devdevclinical.r-biopharm.com\/#website","url":"https:\/\/devdevclinical.r-biopharm.com\/","name":"\ud83d\udea8\ud83d\udea8\ud83d\udea8 Staging!!! Clinical Diagnostics \ud83d\udea8\ud83d\udea8\ud83d\udea8","description":"A Division of the R-Biopharm Group","potentialAction":[{"@type":"SearchAction","target":{"@type":"EntryPoint","urlTemplate":"https:\/\/devdevclinical.r-biopharm.com\/?s={search_term_string}"},"query-input":"required name=search_term_string"}],"inLanguage":"de"}]}},"_links":{"self":[{"href":"https:\/\/devclinical.r-biopharm.com\/de\/wp-json\/wp\/v2\/pages\/73609"}],"collection":[{"href":"https:\/\/devclinical.r-biopharm.com\/de\/wp-json\/wp\/v2\/pages"}],"about":[{"href":"https:\/\/devclinical.r-biopharm.com\/de\/wp-json\/wp\/v2\/types\/page"}],"author":[{"embeddable":true,"href":"https:\/\/devclinical.r-biopharm.com\/de\/wp-json\/wp\/v2\/users\/1"}],"replies":[{"embeddable":true,"href":"https:\/\/devclinical.r-biopharm.com\/de\/wp-json\/wp\/v2\/comments?post=73609"}],"version-history":[{"count":19,"href":"https:\/\/devclinical.r-biopharm.com\/de\/wp-json\/wp\/v2\/pages\/73609\/revisions"}],"predecessor-version":[{"id":154162,"href":"https:\/\/devclinical.r-biopharm.com\/de\/wp-json\/wp\/v2\/pages\/73609\/revisions\/154162"}],"up":[{"embeddable":true,"href":"https:\/\/devclinical.r-biopharm.com\/de\/wp-json\/wp\/v2\/pages\/73557"}],"wp:attachment":[{"href":"https:\/\/devclinical.r-biopharm.com\/de\/wp-json\/wp\/v2\/media?parent=73609"}],"curies":[{"name":"wp","href":"https:\/\/api.w.org\/{rel}","templated":true}]}}