{"id":73679,"date":"2016-08-15T16:03:27","date_gmt":"2016-08-15T14:03:27","guid":{"rendered":"http:\/\/clinical.rbiodev.de\/?page_id=73679\/"},"modified":"2023-09-11T13:09:17","modified_gmt":"2023-09-11T11:09:17","slug":"flyer","status":"publish","type":"page","link":"https:\/\/devclinical.r-biopharm.com\/de\/medien\/flyer\/","title":{"rendered":"Flyer"},"content":{"rendered":"<div class=\"wpb-content-wrapper\">[vc_row css=&#8220;.vc_custom_1479819385638{margin-top: 30px !important;}&#8220;][vc_column][vc_column_text]<strong>Sie interessieren sich f\u00fcr unsere Produktlinien im Bereich der klinischen Diagnostik? Unser Flyer sind die ideale Quelle f\u00fcr klare und verst\u00e4ndliche Produktinformationen. Verschaffen Sie sich einen \u00dcberblick \u00fcber unsere diagnostischen L\u00f6sungen und finden Sie das Produkt, das perfekt zu Ihren Anforderungen passt.<\/strong><\/p>\n<p>St\u00f6bern Sie durch unser Angebot an Flyern und Brosch\u00fcren und laden Sie sich die gew\u00fcnschten Informationen herunter. Sie haben noch Fragen oder m\u00f6chten weiterf\u00fchrende Informationen? Wir helfen Ihnen gern. <a href=\"https:\/\/devclinical.r-biopharm.com\/de\/kontakt\/\">Rufen Sie an oder schreiben Sie uns<\/a>![\/vc_column_text][vc_tabs style=&#8220;simple&#8220; container_bg_color=&#8220;#ffffff&#8220;][vc_tab title=&#8220;Allergologie&#8220; tab_id=&#8220;1508143507583-2-0&#8243;][vc_row_inner][vc_column_inner width=&#8220;1\/4&#8243;][mk_image src=&#8220;https:\/\/devclinical.r-biopharm.com\/wp-content\/uploads\/ccd-inhibitor.jpg&#8220; image_size=&#8220;medium&#8220; link=&#8220;\/wp-content\/uploads\/2018\/01\/2015-10_rida_ccd-inhibitor_4p_de_lores.pdf&#8220; target=&#8220;_blank&#8220; title=&#8220;RIDA\u00ae CCD-Inhibitor&#8220; desc=&#8220;PDF (935 KB)&#8220; caption_location=&#8220;outside-image&#8220;][\/vc_column_inner][vc_column_inner width=&#8220;1\/4&#8243;][\/vc_column_inner][vc_column_inner width=&#8220;1\/4&#8243;][\/vc_column_inner][vc_column_inner width=&#8220;1\/4&#8243;][\/vc_column_inner][\/vc_row_inner][\/vc_tab][vc_tab title=&#8220;Bakteriologie&#8220; tab_id=&#8220;1508144217637-5-1&#8243;][vc_row_inner][vc_column_inner width=&#8220;1\/4&#8243;][mk_image src=&#8220;https:\/\/devclinical.r-biopharm.com\/wp-content\/uploads\/2022\/05\/250x175px_rg-respiratorische-erreger_de.jpg&#8220; image_size=&#8220;medium&#8220; link=&#8220;https:\/\/devclinical.r-biopharm.com\/wp-content\/uploads\/2022\/05\/pcr_rg-respiratorische-erreger_de_2021-11.pdf&#8220; target=&#8220;_blank&#8220; title=&#8220;Respiratorische Erreger&#8220; desc=&#8220;PDF (966 KB)&#8220; caption_location=&#8220;outside-image&#8220;][\/vc_column_inner][vc_column_inner width=&#8220;1\/4&#8243;][mk_image src=&#8220;https:\/\/devclinical.r-biopharm.com\/wp-content\/uploads\/2018\/01\/vorschaubild-broschre-e-coli.jpg&#8220; image_size=&#8220;medium&#8220; link=&#8220;\/wp-content\/uploads\/2018\/01\/2016-09_rg-e.coli-nachweis_4p_de_lores.pdf&#8220; target=&#8220;_blank&#8220; title=&#8220;Diagnostik pathogener E. coli&#8220; desc=&#8220;PDF (679 KB)&#8220; caption_location=&#8220;outside-image&#8220;][\/vc_column_inner][vc_column_inner width=&#8220;1\/4&#8243;][mk_image src=&#8220;https:\/\/devclinical.r-biopharm.com\/wp-content\/uploads\/2018\/05\/serologie_infektionsdiagnostik-12p.jpg&#8220; image_size=&#8220;medium&#8220; link=&#8220;https:\/\/devclinical.r-biopharm.com\/wp-content\/uploads\/2019\/06\/serologie_infektionsdiagnostik_12p_de_2019-02_lores.pdf&#8220; target=&#8220;_blank&#8220; title=&#8220;Serologische Infektionsdiagnostik&#8220; desc=&#8220;PDF (439 KB)&#8220; caption_location=&#8220;outside-image&#8220;][\/vc_column_inner][vc_column_inner width=&#8220;1\/4&#8243;][mk_image src=&#8220;https:\/\/devclinical.r-biopharm.com\/wp-content\/uploads\/2022\/05\/250x175px_rg-bacterial-imbalance_de.jpg&#8220; image_size=&#8220;medium&#8220; link=&#8220;https:\/\/devclinical.r-biopharm.com\/wp-content\/uploads\/2022\/05\/rida-gene-bacterielle-imbalance_2-page-flyer_lores_2016-03.pdf&#8220; target=&#8220;_blank&#8220; title=&#8220;Bakterielle Imbalance&#8220; desc=&#8220;PDF (390 KB)&#8220; caption_location=&#8220;outside-image&#8220;][\/vc_column_inner][\/vc_row_inner][\/vc_tab][vc_tab title=&#8220;Gastroenterologie&#8220; tab_id=&#8220;1508141501-1-24&#8243;][vc_row_inner][vc_column_inner width=&#8220;1\/4&#8243;][mk_image src=&#8220;https:\/\/devclinical.r-biopharm.com\/wp-content\/uploads\/2023\/03\/gastro-tdm_de_03_2023.png&#8220; image_size=&#8220;medium&#8220; link=&#8220;https:\/\/devclinical.r-biopharm.com\/wp-content\/uploads\/2023\/03\/gastro_therapeutisches-medikamenten-monitoring_de_2023-03.pdf&#8220; target=&#8220;_blank&#8220; title=&#8220;Therapeutisches Medikamenten-Monitoring&#8220; desc=&#8220;PDF (1 MB)&#8220; caption_location=&#8220;outside-image&#8220;][\/vc_column_inner][vc_column_inner width=&#8220;1\/4&#8243;][mk_image src=&#8220;https:\/\/devclinical.r-biopharm.com\/wp-content\/uploads\/2018\/06\/rs-calprotectin-4p.jpg&#8220; image_size=&#8220;medium&#8220; link=&#8220;\/wp-content\/uploads\/2018\/06\/2017-07_g09036_rs-calprotectin_4p_de_lores.pdf&#8220; target=&#8220;_blank&#8220; title=&#8220;Calprotectin&#8220; desc=&#8220;PDF (698 KB)&#8220; caption_location=&#8220;outside-image&#8220;][\/vc_column_inner][vc_column_inner width=&#8220;1\/4&#8243;][mk_image src=&#8220;https:\/\/devclinical.r-biopharm.com\/wp-content\/uploads\/2018\/01\/vorschaubild-broschre-pankreas-elastase.jpg&#8220; image_size=&#8220;medium&#8220; link=&#8220;\/wp-content\/uploads\/2018\/01\/2017-07_gastro_pankreas-elastase-_4p_de_lores.pdf&#8220; target=&#8220;_blank&#8220; title=&#8220;Pankreas-Elastase&#8220; desc=&#8220;PDF (589 KB)&#8220; caption_location=&#8220;outside-image&#8220;][\/vc_column_inner][vc_column_inner width=&#8220;1\/4&#8243;][mk_image src=&#8220;https:\/\/devclinical.r-biopharm.com\/wp-content\/uploads\/2018\/06\/leaky-gut-syndrom-4p.jpg&#8220; image_size=&#8220;medium&#8220; link=&#8220;\/wp-content\/uploads\/2018\/06\/2015-05_leaky-gut-brochure_4p_de_lores.pdf&#8220; target=&#8220;_blank&#8220; title=&#8220;Leaky Gut Syndrom&#8220; desc=&#8220;PDF (449 KB)&#8220; caption_location=&#8220;outside-image&#8220;][\/vc_column_inner][\/vc_row_inner][vc_row_inner][vc_column_inner width=&#8220;1\/4&#8243;][mk_image src=&#8220;https:\/\/devclinical.r-biopharm.com\/wp-content\/uploads\/2018\/01\/vorschaubild-broschre-tdm.jpg&#8220; image_size=&#8220;medium&#8220; link=&#8220;https:\/\/devclinical.r-biopharm.com\/wp-content\/uploads\/2018\/08\/2018-07_gastro_rsrq_tdm_2p_de_lores.pdf&#8220; target=&#8220;_blank&#8220; title=&#8220;Therapeutisches Medikamenten-Monitoring&#8220; desc=&#8220;PDF (353 KB)&#8220; caption_location=&#8220;outside-image&#8220;][\/vc_column_inner][vc_column_inner width=&#8220;1\/4&#8243;][mk_image src=&#8220;https:\/\/devclinical.r-biopharm.com\/wp-content\/uploads\/2018\/01\/vorschaubild-broschre-ifx.jpg&#8220; image_size=&#8220;medium&#8220; link=&#8220;\/wp-content\/uploads\/2018\/05\/2018-01_gn3041_rq-ifx-monitoring_2p_de_lores_pfizer.pdf&#8220; target=&#8220;_blank&#8220; title=&#8220;IFX-Monitoring&#8220; desc=&#8220;PDF (332 KB)&#8220; caption_location=&#8220;outside-image&#8220;][\/vc_column_inner][vc_column_inner width=&#8220;1\/4&#8243;][mk_image src=&#8220;https:\/\/devclinical.r-biopharm.com\/wp-content\/uploads\/2018\/06\/gastro-handout-2p-de.jpg&#8220; image_size=&#8220;medium&#8220; link=&#8220;\/wp-content\/uploads\/2018\/06\/2018-01_gastro_handout_2p_de_lores.pdf&#8220; target=&#8220;_blank&#8220; title=&#8220;Gastroenterologie \u00dcberblick&#8220; desc=&#8220;PDF (150 KB)&#8220; caption_location=&#8220;outside-image&#8220;][\/vc_column_inner][vc_column_inner width=&#8220;1\/4&#8243;][\/vc_column_inner][\/vc_row_inner][\/vc_tab][vc_tab title=&#8220;Humangenetik&#8220; tab_id=&#8220;1543825117407-7-10&#8243;][vc_row_inner][vc_column_inner width=&#8220;1\/4&#8243;][mk_image src=&#8220;https:\/\/devclinical.r-biopharm.com\/wp-content\/uploads\/2019\/08\/2019-08_flyer-cover_bechterews-disease_de.jpg&#8220; image_size=&#8220;medium&#8220; link=&#8220;https:\/\/devclinical.r-biopharm.com\/wp-content\/uploads\/2019\/08\/py0205_rg_hla-b27_2p_de_2019-06_lores.pdf&#8220; target=&#8220;_blank&#8220; title=&#8220;Morbus Bechterew&#8220; desc=&#8220;PDF (567 KB)&#8220; caption_location=&#8220;outside-image&#8220;][\/vc_column_inner][vc_column_inner width=&#8220;1\/4&#8243;][mk_image src=&#8220;https:\/\/devclinical.r-biopharm.com\/wp-content\/uploads\/2023\/09\/unbenannt-1.png&#8220; image_size=&#8220;medium&#8220; link=&#8220;https:\/\/devclinical.r-biopharm.com\/wp-content\/uploads\/2023\/09\/rida-gene-humangenetik_produktlinie_4p_de_2023-07.pdf&#8220; target=&#8220;_blank&#8220; title=&#8220;Humangenetik&#8220; desc=&#8220;PDF (567 KB)&#8220; caption_location=&#8220;outside-image&#8220;][\/vc_column_inner][vc_column_inner width=&#8220;1\/4&#8243;][\/vc_column_inner][vc_column_inner width=&#8220;1\/4&#8243;][\/vc_column_inner][\/vc_row_inner][\/vc_tab][vc_tab title=&#8220;Parasitologie&#8220; tab_id=&#8220;1508146178945-6-6&#8243;][vc_row_inner][vc_column_inner width=&#8220;1\/4&#8243;][mk_image src=&#8220;https:\/\/devclinical.r-biopharm.com\/wp-content\/uploads\/2018\/05\/parasitendiagnostik-4p.jpg&#8220; image_size=&#8220;medium&#8220; link=&#8220;\/wp-content\/uploads\/2018\/05\/2018-01_parasitendiagnostik_4p_de_lores.pdf&#8220; target=&#8220;_blank&#8220; title=&#8220;Parasitendiagnostik (ELISA)&#8220; desc=&#8220;PDF (566 KB)&#8220; caption_location=&#8220;outside-image&#8220;][\/vc_column_inner][vc_column_inner width=&#8220;1\/4&#8243;][mk_image src=&#8220;https:\/\/devclinical.r-biopharm.com\/wp-content\/uploads\/2020\/04\/2020-04_cover_rg-parasite-diagnostics-4p_de.jpg&#8220; image_size=&#8220;medium&#8220; link=&#8220;https:\/\/devclinical.r-biopharm.com\/wp-content\/uploads\/2020\/04\/rg_parasitendiagnostik_4p_de_2020-02.pdf&#8220; target=&#8220;_blank&#8220; title=&#8220;Parasitendiagnostik (PCR)&#8220; desc=&#8220;PDF (411 KB)&#8220; caption_location=&#8220;outside-image&#8220;][\/vc_column_inner][vc_column_inner width=&#8220;1\/4&#8243;][\/vc_column_inner][vc_column_inner width=&#8220;1\/4&#8243;][\/vc_column_inner][\/vc_row_inner][\/vc_tab][vc_tab title=&#8220;Virologie&#8220; tab_id=&#8220;1508146507300-7-4&#8243;][vc_row_inner][vc_column_inner width=&#8220;1\/4&#8243;][mk_image src=&#8220;https:\/\/devclinical.r-biopharm.com\/wp-content\/uploads\/2022\/05\/250x175px_rg-respiratorische-erreger_de.jpg&#8220; image_size=&#8220;medium&#8220; link=&#8220;https:\/\/devclinical.r-biopharm.com\/wp-content\/uploads\/2022\/05\/pcr_rg-respiratorische-erreger_de_2021-11.pdf&#8220; target=&#8220;_blank&#8220; title=&#8220;Respiratorische Erreger&#8220; desc=&#8220;PDF (966 KB)&#8220; caption_location=&#8220;outside-image&#8220;][\/vc_column_inner][vc_column_inner width=&#8220;1\/4&#8243;][mk_image src=&#8220;https:\/\/devclinical.r-biopharm.com\/wp-content\/uploads\/2020\/04\/2020-04_cover_rg-viral-gastroenteritis-4p_de.jpg&#8220; image_size=&#8220;medium&#8220; link=&#8220;https:\/\/devclinical.r-biopharm.com\/wp-content\/uploads\/2020\/04\/rg_virale_gastroenteritis_4p_de_2020-02.pdf&#8220; target=&#8220;_blank&#8220; title=&#8220;Virale Gastroenteritis&#8220; desc=&#8220;PDF (399 KB)&#8220; caption_location=&#8220;outside-image&#8220;][\/vc_column_inner][vc_column_inner width=&#8220;1\/4&#8243;][mk_image src=&#8220;https:\/\/devclinical.r-biopharm.com\/wp-content\/uploads\/2018\/06\/rq-rota-adeno-noro-4p.jpg&#8220; image_size=&#8220;medium&#8220; link=&#8220;\/wp-content\/uploads\/2018\/06\/2018-03_n1903_rq_rota-adeno-noro_4-seiter_de_lores.pdf&#8220; target=&#8220;_blank&#8220; title=&#8220;Rota \/ Adeno \/ Norovirus&#8220; desc=&#8220;PDF (3,2 MB)&#8220; caption_location=&#8220;outside-image&#8220;][\/vc_column_inner][vc_column_inner width=&#8220;1\/4&#8243;][mk_image src=&#8220;https:\/\/devclinical.r-biopharm.com\/wp-content\/uploads\/2022\/05\/250x175px_rg-sars-cov-2_de.jpg&#8220; image_size=&#8220;medium&#8220; link=&#8220;https:\/\/devclinical.r-biopharm.com\/wp-content\/uploads\/2022\/05\/2020-11_pg6815-pg6820_rg-sars-cov-2_ce_2p_de.pdf&#8220; target=&#8220;_blank&#8220; title=&#8220;RIDA\u00aeGENE SARS-CoV-2&#8243; desc=&#8220;PDF (232 KB)&#8220; caption_location=&#8220;outside-image&#8220;][\/vc_column_inner][\/vc_row_inner][vc_row_inner][vc_column_inner width=&#8220;1\/4&#8243;][mk_image src=&#8220;https:\/\/devclinical.r-biopharm.com\/wp-content\/uploads\/2022\/05\/250x175px_rg-flu-u.-sars-cov-2_de.jpg&#8220; image_size=&#8220;medium&#8220; link=&#8220;https:\/\/devclinical.r-biopharm.com\/wp-content\/uploads\/2022\/05\/pg6825_rg-flu-u.-sars-cov-2_2p_de_2021-01.pdf&#8220; target=&#8220;_blank&#8220; title=&#8220;IDA\u00aeGENE Flu &amp; SARS-CoV-2 Test&#8220; desc=&#8220;PDF (213 KB)&#8220; caption_location=&#8220;outside-image&#8220;][\/vc_column_inner][vc_column_inner width=&#8220;1\/4&#8243;][\/vc_column_inner][vc_column_inner width=&#8220;1\/4&#8243;][\/vc_column_inner][vc_column_inner width=&#8220;1\/4&#8243;][\/vc_column_inner][\/vc_row_inner][\/vc_tab][vc_tab title=&#8220;Technologien &amp; Systeme&#8220; tab_id=&#8220;1508141501-2-76&#8243;][vc_row_inner][vc_column_inner width=&#8220;1\/4&#8243;][mk_image src=&#8220;https:\/\/devclinical.r-biopharm.com\/wp-content\/uploads\/2021\/07\/pcr-flyer.jpg&#8220; image_size=&#8220;full&#8220; link=&#8220;https:\/\/devclinical.r-biopharm.com\/wp-content\/uploads\/2022\/07\/pcr_uebersicht_4p_de_2022-07.pdf&#8220; target=&#8220;_blank&#8220; title=&#8220;RIDA\u00aeGENE real-time PCR&#8220; desc=&#8220;PDF (277 KB)&#8220; caption_location=&#8220;outside-image&#8220;][\/vc_column_inner][vc_column_inner width=&#8220;1\/4&#8243;][mk_image src=&#8220;https:\/\/devclinical.r-biopharm.com\/wp-content\/uploads\/2022\/11\/rida-quick-schnelltests_de.jpg&#8220; image_size=&#8220;medium&#8220; link=&#8220;https:\/\/devclinical.r-biopharm.com\/wp-content\/uploads\/2022\/10\/2021-07_rida-quick-schnelltests_uebersicht_4p_de_hires_einzelseiten.pdf&#8220; target=&#8220;_blank&#8220; title=&#8220;RIDA\u00aeQUICK Schnelltests&#8220; desc=&#8220;PDF (1 MB)&#8220; caption_location=&#8220;outside-image&#8220;][\/vc_column_inner][vc_column_inner width=&#8220;1\/4&#8243;][mk_image src=&#8220;https:\/\/devclinical.r-biopharm.com\/wp-content\/uploads\/2022\/11\/easy-kit_de.jpg&#8220; image_size=&#8220;medium&#8220; link=&#8220;https:\/\/devclinical.r-biopharm.com\/wp-content\/uploads\/2022\/10\/2022-06_easy-kit_4-seiter_de_fin_web.pdf&#8220; target=&#8220;_blank&#8220; title=&#8220;RIDASCREEN\u00ae EasyKit&#8220; desc=&#8220;PDF (414 KB)&#8220; caption_location=&#8220;outside-image&#8220;][\/vc_column_inner][vc_column_inner width=&#8220;1\/4&#8243;][mk_image src=&#8220;https:\/\/devclinical.r-biopharm.com\/wp-content\/uploads\/2018\/05\/seraspot-4p.jpg&#8220; image_size=&#8220;medium&#8220; link=&#8220;\/wp-content\/uploads\/2018\/05\/2018-03_seraspot_4p_de_lores.pdf&#8220; target=&#8220;_blank&#8220; title=&#8220;SeraSpot\u00ae&#8220; desc=&#8220;PDF (696 KB)&#8220; caption_location=&#8220;outside-image&#8220;][\/vc_column_inner][\/vc_row_inner][vc_row_inner][vc_column_inner width=&#8220;1\/4&#8243;][mk_image src=&#8220;https:\/\/devclinical.r-biopharm.com\/wp-content\/uploads\/2021\/08\/rida-seek-faktenbibel_de.jpg&#8220; image_size=&#8220;medium&#8220; link=&#8220;https:\/\/devclinical.r-biopharm.com\/wp-content\/uploads\/2021\/08\/ridaseek-faktenfibel_de.pdf&#8220; target=&#8220;_blank&#8220; title=&#8220;RIDA\u00aeSEEK&#8220; desc=&#8220;PDF (619 KB)&#8220; caption_location=&#8220;outside-image&#8220;][\/vc_column_inner][vc_column_inner width=&#8220;1\/4&#8243;][mk_image src=&#8220;https:\/\/devclinical.r-biopharm.com\/wp-content\/uploads\/2020\/02\/cover_gertebroschre-1.jpg&#8220; image_size=&#8220;medium&#8220; link=&#8220;https:\/\/devclinical.r-biopharm.com\/wp-content\/uploads\/2020\/02\/gertebroschre_klinische_diagnostik_225x170mm_de_2019-04_lores.pdf&#8220; target=&#8220;_blank&#8220; title=&#8220;Automationsl\u00f6sungen&#8220; desc=&#8220;PDF (4,5 MB)&#8220; caption_location=&#8220;outside-image&#8220;][\/vc_column_inner][vc_column_inner width=&#8220;1\/4&#8243;][\/vc_column_inner][vc_column_inner width=&#8220;1\/4&#8243;][\/vc_column_inner][\/vc_row_inner][\/vc_tab][\/vc_tabs][\/vc_column][\/vc_row][mk_page_section bg_color=&#8220;#f7f7f7&#8243; padding_top=&#8220;20&#8243; padding_bottom=&#8220;20&#8243; sidebar=&#8220;sidebar-1&#8243;][vc_column][vc_column_text disable_pattern=&#8220;false&#8220; align=&#8220;center&#8220;]\n<h2>Beratung<\/h2>\n<p>Fragen? Unser erfahrenes Team unterst\u00fctzt Sie gern mit individuell zugeschnittenen L\u00f6sungen f\u00fcr Ihre Diagnostik.[\/vc_column_text][mk_button dimension=&#8220;flat&#8220; url=&#8220;\/de\/kontakt\/&#8220; align=&#8220;center&#8220; margin_bottom=&#8220;&#8220; bg_color=&#8220;#4d4d4d&#8220; btn_hover_bg=&#8220;#ffffff&#8220; btn_hover_txt_color=&#8220;#4d4d4d&#8220;]Kontakt[\/mk_button][\/vc_column][\/mk_page_section]\n<\/div>","protected":false},"excerpt":{"rendered":"<p>[vc_row css=&#8220;.vc_custom_1479819385638{margin-top: 30px !important;}&#8220;][vc_column][vc_column_text]Sie interessieren sich f\u00fcr unsere Produktlinien im Bereich der klinischen Diagnostik? Unser Flyer sind die ideale Quelle f\u00fcr klare und verst\u00e4ndliche Produktinformationen. Verschaffen Sie sich einen \u00dcberblick \u00fcber unsere diagnostischen L\u00f6sungen und finden Sie das Produkt, das perfekt zu Ihren Anforderungen passt. St\u00f6bern Sie durch unser Angebot an Flyern und Brosch\u00fcren und [&hellip;]<\/p>\n","protected":false},"author":1,"featured_media":0,"parent":73675,"menu_order":0,"comment_status":"closed","ping_status":"closed","template":"","meta":{"content-type":"","_relevanssi_hide_post":"","_relevanssi_hide_content":"","_relevanssi_pin_for_all":"","_relevanssi_pin_keywords":"","_relevanssi_unpin_keywords":"","_relevanssi_related_keywords":"","_relevanssi_related_include_ids":"","_relevanssi_related_exclude_ids":"","_relevanssi_related_no_append":"","_relevanssi_related_not_related":"","_relevanssi_related_posts":"","_relevanssi_noindex_reason":"","footnotes":""},"acf":[],"yoast_head":"<!-- This site is optimized with the Yoast SEO plugin v21.9 - https:\/\/yoast.com\/wordpress\/plugins\/seo\/ -->\n<title>Flyer - \ud83d\udea8\ud83d\udea8\ud83d\udea8 Staging!!! Clinical Diagnostics \ud83d\udea8\ud83d\udea8\ud83d\udea8<\/title>\n<meta name=\"robots\" content=\"noindex, follow, max-snippet:-1, max-image-preview:large, max-video-preview:-1\" \/>\n<meta property=\"og:locale\" content=\"de_DE\" \/>\n<meta property=\"og:type\" content=\"article\" \/>\n<meta property=\"og:title\" content=\"Flyer - \ud83d\udea8\ud83d\udea8\ud83d\udea8 Staging!!! Clinical Diagnostics \ud83d\udea8\ud83d\udea8\ud83d\udea8\" \/>\n<meta property=\"og:description\" content=\"[vc_row css=&#8220;.vc_custom_1479819385638{margin-top: 30px !important;}&#8220;][vc_column][vc_column_text]Sie interessieren sich f\u00fcr unsere Produktlinien im Bereich der klinischen Diagnostik? Unser Flyer sind die ideale Quelle f\u00fcr klare und verst\u00e4ndliche Produktinformationen. Verschaffen Sie sich einen \u00dcberblick \u00fcber unsere diagnostischen L\u00f6sungen und finden Sie das Produkt, das perfekt zu Ihren Anforderungen passt. St\u00f6bern Sie durch unser Angebot an Flyern und Brosch\u00fcren und [&hellip;]\" \/>\n<meta property=\"og:url\" content=\"https:\/\/devclinical.r-biopharm.com\/de\/medien\/flyer\/\" \/>\n<meta property=\"og:site_name\" content=\"\ud83d\udea8\ud83d\udea8\ud83d\udea8 Staging!!! Clinical Diagnostics \ud83d\udea8\ud83d\udea8\ud83d\udea8\" \/>\n<meta property=\"article:modified_time\" content=\"2023-09-11T11:09:17+00:00\" \/>\n<meta name=\"twitter:label1\" content=\"Gesch\u00e4tzte Lesezeit\" \/>\n\t<meta name=\"twitter:data1\" content=\"2\u00a0Minuten\" \/>\n<script type=\"application\/ld+json\" class=\"yoast-schema-graph\">{\"@context\":\"https:\/\/schema.org\",\"@graph\":[{\"@type\":\"WebPage\",\"@id\":\"https:\/\/devclinical.r-biopharm.com\/de\/medien\/flyer\/\",\"url\":\"https:\/\/devclinical.r-biopharm.com\/de\/medien\/flyer\/\",\"name\":\"Flyer - \ud83d\udea8\ud83d\udea8\ud83d\udea8 Staging!!! Clinical Diagnostics \ud83d\udea8\ud83d\udea8\ud83d\udea8\",\"isPartOf\":{\"@id\":\"https:\/\/devdevclinical.r-biopharm.com\/#website\"},\"datePublished\":\"2016-08-15T14:03:27+00:00\",\"dateModified\":\"2023-09-11T11:09:17+00:00\",\"breadcrumb\":{\"@id\":\"https:\/\/devclinical.r-biopharm.com\/de\/medien\/flyer\/#breadcrumb\"},\"inLanguage\":\"de\",\"potentialAction\":[{\"@type\":\"ReadAction\",\"target\":[\"https:\/\/devclinical.r-biopharm.com\/de\/medien\/flyer\/\"]}]},{\"@type\":\"BreadcrumbList\",\"@id\":\"https:\/\/devclinical.r-biopharm.com\/de\/medien\/flyer\/#breadcrumb\",\"itemListElement\":[{\"@type\":\"ListItem\",\"position\":1,\"name\":\"Home\",\"item\":\"https:\/\/devclinical.r-biopharm.com\/de\/\"},{\"@type\":\"ListItem\",\"position\":2,\"name\":\"Medien\",\"item\":\"https:\/\/devclinical.r-biopharm.com\/de\/medien\/\"},{\"@type\":\"ListItem\",\"position\":3,\"name\":\"Flyer\"}]},{\"@type\":\"WebSite\",\"@id\":\"https:\/\/devdevclinical.r-biopharm.com\/#website\",\"url\":\"https:\/\/devdevclinical.r-biopharm.com\/\",\"name\":\"\ud83d\udea8\ud83d\udea8\ud83d\udea8 Staging!!! Clinical Diagnostics \ud83d\udea8\ud83d\udea8\ud83d\udea8\",\"description\":\"A Division of the R-Biopharm Group\",\"potentialAction\":[{\"@type\":\"SearchAction\",\"target\":{\"@type\":\"EntryPoint\",\"urlTemplate\":\"https:\/\/devdevclinical.r-biopharm.com\/?s={search_term_string}\"},\"query-input\":\"required name=search_term_string\"}],\"inLanguage\":\"de\"}]}<\/script>\n<!-- \/ Yoast SEO plugin. -->","yoast_head_json":{"title":"Flyer - \ud83d\udea8\ud83d\udea8\ud83d\udea8 Staging!!! Clinical Diagnostics \ud83d\udea8\ud83d\udea8\ud83d\udea8","robots":{"index":"noindex","follow":"follow","max-snippet":"max-snippet:-1","max-image-preview":"max-image-preview:large","max-video-preview":"max-video-preview:-1"},"og_locale":"de_DE","og_type":"article","og_title":"Flyer - \ud83d\udea8\ud83d\udea8\ud83d\udea8 Staging!!! Clinical Diagnostics \ud83d\udea8\ud83d\udea8\ud83d\udea8","og_description":"[vc_row css=&#8220;.vc_custom_1479819385638{margin-top: 30px !important;}&#8220;][vc_column][vc_column_text]Sie interessieren sich f\u00fcr unsere Produktlinien im Bereich der klinischen Diagnostik? Unser Flyer sind die ideale Quelle f\u00fcr klare und verst\u00e4ndliche Produktinformationen. Verschaffen Sie sich einen \u00dcberblick \u00fcber unsere diagnostischen L\u00f6sungen und finden Sie das Produkt, das perfekt zu Ihren Anforderungen passt. St\u00f6bern Sie durch unser Angebot an Flyern und Brosch\u00fcren und [&hellip;]","og_url":"https:\/\/devclinical.r-biopharm.com\/de\/medien\/flyer\/","og_site_name":"\ud83d\udea8\ud83d\udea8\ud83d\udea8 Staging!!! Clinical Diagnostics \ud83d\udea8\ud83d\udea8\ud83d\udea8","article_modified_time":"2023-09-11T11:09:17+00:00","twitter_misc":{"Gesch\u00e4tzte Lesezeit":"2\u00a0Minuten"},"schema":{"@context":"https:\/\/schema.org","@graph":[{"@type":"WebPage","@id":"https:\/\/devclinical.r-biopharm.com\/de\/medien\/flyer\/","url":"https:\/\/devclinical.r-biopharm.com\/de\/medien\/flyer\/","name":"Flyer - \ud83d\udea8\ud83d\udea8\ud83d\udea8 Staging!!! Clinical Diagnostics \ud83d\udea8\ud83d\udea8\ud83d\udea8","isPartOf":{"@id":"https:\/\/devdevclinical.r-biopharm.com\/#website"},"datePublished":"2016-08-15T14:03:27+00:00","dateModified":"2023-09-11T11:09:17+00:00","breadcrumb":{"@id":"https:\/\/devclinical.r-biopharm.com\/de\/medien\/flyer\/#breadcrumb"},"inLanguage":"de","potentialAction":[{"@type":"ReadAction","target":["https:\/\/devclinical.r-biopharm.com\/de\/medien\/flyer\/"]}]},{"@type":"BreadcrumbList","@id":"https:\/\/devclinical.r-biopharm.com\/de\/medien\/flyer\/#breadcrumb","itemListElement":[{"@type":"ListItem","position":1,"name":"Home","item":"https:\/\/devclinical.r-biopharm.com\/de\/"},{"@type":"ListItem","position":2,"name":"Medien","item":"https:\/\/devclinical.r-biopharm.com\/de\/medien\/"},{"@type":"ListItem","position":3,"name":"Flyer"}]},{"@type":"WebSite","@id":"https:\/\/devdevclinical.r-biopharm.com\/#website","url":"https:\/\/devdevclinical.r-biopharm.com\/","name":"\ud83d\udea8\ud83d\udea8\ud83d\udea8 Staging!!! Clinical Diagnostics \ud83d\udea8\ud83d\udea8\ud83d\udea8","description":"A Division of the R-Biopharm Group","potentialAction":[{"@type":"SearchAction","target":{"@type":"EntryPoint","urlTemplate":"https:\/\/devdevclinical.r-biopharm.com\/?s={search_term_string}"},"query-input":"required name=search_term_string"}],"inLanguage":"de"}]}},"_links":{"self":[{"href":"https:\/\/devclinical.r-biopharm.com\/de\/wp-json\/wp\/v2\/pages\/73679"}],"collection":[{"href":"https:\/\/devclinical.r-biopharm.com\/de\/wp-json\/wp\/v2\/pages"}],"about":[{"href":"https:\/\/devclinical.r-biopharm.com\/de\/wp-json\/wp\/v2\/types\/page"}],"author":[{"embeddable":true,"href":"https:\/\/devclinical.r-biopharm.com\/de\/wp-json\/wp\/v2\/users\/1"}],"replies":[{"embeddable":true,"href":"https:\/\/devclinical.r-biopharm.com\/de\/wp-json\/wp\/v2\/comments?post=73679"}],"version-history":[{"count":100,"href":"https:\/\/devclinical.r-biopharm.com\/de\/wp-json\/wp\/v2\/pages\/73679\/revisions"}],"predecessor-version":[{"id":173952,"href":"https:\/\/devclinical.r-biopharm.com\/de\/wp-json\/wp\/v2\/pages\/73679\/revisions\/173952"}],"up":[{"embeddable":true,"href":"https:\/\/devclinical.r-biopharm.com\/de\/wp-json\/wp\/v2\/pages\/73675"}],"wp:attachment":[{"href":"https:\/\/devclinical.r-biopharm.com\/de\/wp-json\/wp\/v2\/media?parent=73679"}],"curies":[{"name":"wp","href":"https:\/\/api.w.org\/{rel}","templated":true}]}}