{"id":73681,"date":"2016-11-22T11:41:52","date_gmt":"2016-11-22T10:41:52","guid":{"rendered":"http:\/\/clinical.rbiodev.de\/?page_id=73681\/"},"modified":"2022-07-28T14:05:08","modified_gmt":"2022-07-28T12:05:08","slug":"videos","status":"publish","type":"page","link":"https:\/\/devclinical.r-biopharm.com\/de\/medien\/videos\/","title":{"rendered":"Videos"},"content":{"rendered":"<div class=\"wpb-content-wrapper\">[vc_row css=&#8220;.vc_custom_1479811421633{margin-top: 30px !important;margin-bottom: 30px !important;}&#8220;][\/vc_row][vc_column][vc_column_text css=&#8220;.vc_custom_1540915920220{margin-bottom: 0px !important;}&#8220;]<strong>Ein Bild sagt mehr als tausend Worte \u2013 und ein Film sagt mehr als tausend Bilder. Wenn Sie mehr \u00fcber unsere Produkte erfahren m\u00f6chten, sind unsere Videos der beste Weg. Hier bekommen Sie einen Einblick in unsere diagnostischen L\u00f6sungen, entdecken die Besonderheiten unserer Produkte und lernen, wie Sie unsere Produkte verwenden.<\/strong><\/p>\n<p>Hier finden Sie Videos zu unseren L\u00f6sungen im Bereich der klinischen Diagnostik. Wenn Sie an weiteren R-Biopharm Videos interessiert sind, besuchen Sie unseren <a href=\"https:\/\/www.youtube.com\/user\/RBiopharmAG\" target=\"_blank\" rel=\"noopener noreferrer\">YouTube Kanal<\/a>!<\/p>\n[\/vc_column_text][\/vc_column][vc_row css=&#8220;.vc_custom_1479811421633{margin-top: 30px !important;margin-bottom: 30px !important;}&#8220;][vc_column width=&#8220;1\/2&#8243;][vc_video link=&#8220;https:\/\/www.youtube.com\/watch?v=K2fW_PkBAAw&#8220;][vc_empty_space][\/vc_column][vc_column width=&#8220;1\/2&#8243;][vc_column_text css=&#8220;.vc_custom_1581502464993{margin-bottom: 0px !important;}&#8220;]\n<h3 class=\"knubbel\">Therapeutisches Drug Monitoring<\/h3>\n<p>Mit den R-Biopharm Test Kits f\u00fcr therapeutisches Medikamenten-Monitoring (engl. Therapeutic Drug Monitoring, TDM) k\u00f6nnen Sie die Medikamentenkonzentration im Blut des Patienten messen, um die Dosis an die individuellen Bed\u00fcrfnisse anzupassen. Dieses Video erkl\u00e4rt, warum das wichtig ist.<\/p>\n<ul>\n<li><a href=\"https:\/\/devclinical.r-biopharm.com\/de\/indikation\/therapeutisches-drug-monitoring\/\">Weitere Informationen zu TDM<\/a><\/li>\n<\/ul>\n[\/vc_column_text][\/vc_column][\/vc_row][vc_row css=&#8220;.vc_custom_1479811421633{margin-top: 30px !important;margin-bottom: 30px !important;}&#8220;][vc_column width=&#8220;1\/2&#8243;][vc_video link=&#8220;https:\/\/www.youtube.com\/watch?v=FK75sHDbEnM&#8220;][vc_empty_space][\/vc_column][vc_column width=&#8220;1\/2&#8243;][vc_column_text css=&#8220;.vc_custom_1581502553664{margin-bottom: 0px !important;}&#8220;]\n<h3 class=\"knubbel\">Real-time PCR: Effizientere Analysen mit RIDA\u00aeSEEK<\/h3>\n<p>Real-time PCR-Tests bieten viele Vorteile und sind aus der klinischen Diagnostik nicht mehr wegzudenken. Doch wie effizient die Tests sind, h\u00e4ngt auch von der verwendeten Software ab. Mit der neuen automatisierten Auswertungs- und Dokumentationssoftware RIDA\u00aeSEEK k\u00f6nnen Labore ihre Prozesse optimieren und viel Zeit sparen.<\/p>\n<ul>\n<li><a href=\"https:\/\/devclinical.r-biopharm.com\/de\/produkte\/ridaseek\/\">Weitere Informationen zu RIDA\u00aeSEEK<\/a><\/li>\n<\/ul>\n[\/vc_column_text][\/vc_column][\/vc_row][vc_row css=&#8220;.vc_custom_1479811421633{margin-top: 30px !important;margin-bottom: 30px !important;}&#8220;][vc_column width=&#8220;1\/2&#8243;][vc_video link=&#8220;https:\/\/www.youtube.com\/watch?v=0kMs6ta6tvs&#8220;][vc_empty_space][\/vc_column][vc_column width=&#8220;1\/2&#8243;][vc_column_text css=&#8220;.vc_custom_1581502617840{margin-bottom: 0px !important;}&#8220;]\n<h3 class=\"knubbel\">RIDA\u00aeQUICK ADM Monitoring: Der Nutzen von Schnelltests<\/h3>\n<p>Patienten mit Morbus Crohn, Colitis ulcerosa oder anderen entz\u00fcndlichen Erkrankungen werden oft mit Adalimumab behandelt. Ein langfristiger Therapieerfolg stellt sich jedoch nicht immer ein. Wie eine aktuelle Studie belegt, k\u00f6nnen Schnelltests f\u00fcr Adalimumab-Konzentrationen der Schl\u00fcssel sein. In diesem Video pr\u00e4sentiert Dr. Bram Verstockt die Ergebnisse der Studie.<\/p>\n<ul>\n<li><a href=\"https:\/\/devclinical.r-biopharm.com\/de\/produkte\/ridaquick-adm-monitoring\/\">Weitere Informationen zu RIDA\u00aeQUICK ADM Monitoring<\/a><\/li>\n<\/ul>\n[\/vc_column_text][\/vc_column][\/vc_row][vc_row css=&#8220;.vc_custom_1479811421633{margin-top: 30px !important;margin-bottom: 30px !important;}&#8220;][vc_column width=&#8220;1\/2&#8243;][vc_video link=&#8220;https:\/\/www.youtube.com\/watch?v=PqjTng8OPao&#8220;][vc_empty_space][\/vc_column][vc_column width=&#8220;1\/2&#8243;][vc_column_text css=&#8220;.vc_custom_1549888932300{margin-bottom: 0px !important;}&#8220;]\n<h3 class=\"knubbel\">RIDA qLine\u00ae autoBlot<\/h3>\n<p>Lernen Sie den RIDA qLine\u00ae autoBlot (Art. Nr. ZG3101) kennen, den vollautomatischen Analyzer f\u00fcr 36 RIDA qLine\u00ae Allergy Teststreifen von R-Biopharm.[\/vc_column_text][\/vc_column][\/vc_row][vc_row css=&#8220;.vc_custom_1479811421633{margin-top: 30px !important;margin-bottom: 30px !important;}&#8220;][vc_column width=&#8220;1\/2&#8243;][vc_video link=&#8220;https:\/\/www.youtube.com\/watch?v=CwFDl2L9NN4&#8243;][vc_empty_space][\/vc_column][vc_column width=&#8220;1\/2&#8243;][vc_column_text css=&#8220;.vc_custom_1581502682864{margin-bottom: 0px !important;}&#8220;]\n<h3 class=\"knubbel\">RIDA\u00aeQUICK IFX Monitoring<\/h3>\n<p>Der Schnelltest RIDA\u00aeQUICK IFX Monitoring ist ein immunchromatographischer Lateral Flow-Test f\u00fcr das therapeutische Medikamenten-Monitoring, mit dem Infliximab (IFX, Remicade\u00ae) und die Biosimilars Remsima\u00ae und Inflectra\u00ae innerhalb von nur 20 Minuten quantitativ bestimmt werden k\u00f6nnen.<\/p>\n<ul>\n<li><a href=\"https:\/\/devclinical.r-biopharm.com\/de\/produkte\/ridaquick-ifx-monitoring-2\/\">Weitere Informationen zu RIDA\u00aeQUICK IFX Monitoring<\/a><\/li>\n<\/ul>\n[\/vc_column_text][\/vc_column][\/vc_row][vc_row css=&#8220;.vc_custom_1479811421633{margin-top: 30px !important;margin-bottom: 30px !important;}&#8220;][vc_column width=&#8220;1\/2&#8243;][vc_video link=&#8220;https:\/\/www.youtube.com\/watch?v=FFX02uu4ts4&#8243;][vc_empty_space][\/vc_column][vc_column width=&#8220;1\/2&#8243;][vc_column_text css=&#8220;.vc_custom_1581502728656{margin-bottom: 0px !important;}&#8220;]\n<h3 class=\"knubbel\">RIDA\u00aeCHIP FoodGuide \u2013 Microarray f\u00fcr verz\u00f6gerte Nahrungsmittelallergien<\/h3>\n<p>Sch\u00e4tzungsweise 20 % bis 40 % der Bev\u00f6lkerung haben eine IgG-vermittelte (Typ III) Nahrungsmittelallergie. Solche IgG-vermittelten Nahrungsmittelallergien sind nicht sofort offensichtlich, sondern k\u00f6nnen zu einer Reihe an verz\u00f6gerten Symptomen f\u00fchren (z. B. chronische Darmerkrankungen, Kopfschmerzen, Migr\u00e4ne, \u00dcbergewicht), ohne erkennbaren Bezug zu bestimmten Nahrungsmitteln. Der RIDA\u00aeCHIP FoodGuide ist eine verl\u00e4ssliche, schnelle und komfortable L\u00f6sung f\u00fcr den Nachweis von spezifischen IgG-Antik\u00f6rpern gegen Nahrungsmittelallergene.<\/p>\n<ul>\n<li><a href=\"https:\/\/devclinical.r-biopharm.com\/de\/produkte\/ridachip-foodguide-25-50-100\/\">Weitere Informationen zu RIDA\u00aeCHIP FoodGuide<\/a><\/li>\n<\/ul>\n[\/vc_column_text][\/vc_column][\/vc_row][vc_row css=&#8220;.vc_custom_1479811421633{margin-top: 30px !important;margin-bottom: 30px !important;}&#8220;][vc_column width=&#8220;1\/2&#8243;][vc_video link=&#8220;https:\/\/www.youtube.com\/watch?v=tsXlbsoeQ80&#8243;][vc_empty_space][\/vc_column][vc_column width=&#8220;1\/2&#8243;][vc_column_text css=&#8220;.vc_custom_1581502799305{margin-bottom: 0px !important;}&#8220;]\n<h3 class=\"knubbel\">ABCB1 \u2013 der Gentest zur Optimierung der Depressionsbehandlung<\/h3>\n<p>Der ABCB1-Test ist ein molekulargenetisches Diagnostikverfahren, das den Arzt bei der Therapie eines Patienten mit Antidepressiva unterst\u00fctzt. Der Arzt kann die individuelle Disposition des Patienten in seine Behandlungsentscheidungen einflie\u00dfen lassen und somit schneller ein geeignetes Medikament in der richtigen Dosierung w\u00e4hlen. Damit steigt die Wahrscheinlichkeit eines schnellen Ansprechens auf Antidepressiva; erfolglose Behandlungsversuche und unerw\u00fcnschte Nebenwirkungen k\u00f6nnen vermieden werden.<\/p>\n<ul>\n<li><a href=\"https:\/\/devclinical.r-biopharm.com\/de\/produkte\/ridaprecision-abcb1\/\">Weitere Informationen zu RIDA\u00aePRECISION ABCB1<\/a><\/li>\n<\/ul>\n[\/vc_column_text][\/vc_column][\/vc_row][vc_row css=&#8220;.vc_custom_1479811421633{margin-top: 30px !important;margin-bottom: 30px !important;}&#8220;][vc_column width=&#8220;1\/2&#8243;][vc_video link=&#8220;https:\/\/www.youtube.com\/watch?v=FZxsLrq02i4&#8243;][vc_empty_space][\/vc_column][vc_column width=&#8220;1\/2&#8243;][vc_column_text css=&#8220;.vc_custom_1581502840753{margin-bottom: 0px !important;}&#8220;]\n<h3 class=\"knubbel\"><em>SeraSpot<\/em>\u00ae \u2013 Microspot-Arrays f\u00fcr effiziente Multiplex-Diagnostik<\/h3>\n<p><em>SeraSpot<\/em>\u00ae \u2013 Ihre Komplettl\u00f6sung f\u00fcr die Diagnostik von Autoimmun- oder Infektionskrankheiten. Die innovative Technologie vereint die diagnostischen M\u00f6glichkeiten moderner Array-Technologie mit den Vorteilen der etablierten und automatisierten ELISA Abarbeitung.<\/p>\n<ul>\n<li><a href=\"https:\/\/devclinical.r-biopharm.com\/de\/technologien\/array\/\">Weitere Informationen zu <em>SeraSpot<\/em>\u00ae<\/a><\/li>\n<\/ul>\n[\/vc_column_text][\/vc_column][\/vc_row][vc_row css=&#8220;.vc_custom_1479811421633{margin-top: 30px !important;margin-bottom: 30px !important;}&#8220;][vc_column width=&#8220;1\/2&#8243;][vc_video link=&#8220;https:\/\/www.youtube.com\/watch?v=6Dh5YJO-WdY&#8220;][vc_empty_space][\/vc_column][vc_column width=&#8220;1\/2&#8243;][vc_column_text css=&#8220;.vc_custom_1581502977876{margin-bottom: 0px !important;}&#8220;]\n<h3 class=\"knubbel\">RIDASCREEN\u00ae Foodscreen \u2013 Blood Collection Card<\/h3>\n<p>Mit der RIDASCREEN\u00ae Foodscreen Blood Collection Card k\u00f6nnen Proben von humanem Kapillarblut bequem entnommen und an ein Labor gesandt werden. Das Kit dient als Zubeh\u00f6r f\u00fcr den Allergentest RIDASCREEN\u00ae Spec. IgG Foodscreen.<\/p>\n<ul>\n<li><a href=\"https:\/\/devclinical.r-biopharm.com\/de\/diagnostik\/allergologie\/verzoegerte-nahrungsmittelallergie\/\">Weitere Informationen zu RIDASCREEN\u00ae Foodscreen<\/a><\/li>\n<\/ul>\n[\/vc_column_text][\/vc_column][\/vc_row][vc_row disable_element=&#8220;yes&#8220; css=&#8220;.vc_custom_1589892660728{margin-top: 30px !important;margin-bottom: 30px !important;}&#8220;][vc_column width=&#8220;1\/2&#8243;][vc_video link=&#8220;https:\/\/www.youtube.com\/watch?v=kpxjqGCfCtw&#8220;][vc_empty_space][\/vc_column][vc_column width=&#8220;1\/2&#8243;][vc_column_text css=&#8220;.vc_custom_1549888440325{margin-bottom: 0px !important;}&#8220;]\n<h3 class=\"knubbel\">Aila\u00ae \u2013 die flexible Pipettier-Plattform<\/h3>\n<p>Aila\u00ae ist eine PCR set-up L\u00f6sung f\u00fcr Liquid-Handling-Anwendungen im\u00a0molekulardiagnostischen Routinelabor.[\/vc_column_text][\/vc_column][\/vc_row][mk_page_section bg_color=&#8220;#f7f7f7&#8243; padding_top=&#8220;20&#8243; padding_bottom=&#8220;20&#8243; sidebar=&#8220;sidebar-1&#8243;][vc_column][vc_column_text disable_pattern=&#8220;false&#8220; align=&#8220;center&#8220;]\n<h2>Beratung<\/h2>\n<p>Fragen? Unser erfahrenes Team unterst\u00fctzt Sie gern mit individuell zugeschnittenen L\u00f6sungen f\u00fcr Ihre Diagnostik.[\/vc_column_text][mk_button dimension=&#8220;flat&#8220; url=&#8220;\/de\/kontakt\/&#8220; align=&#8220;center&#8220; margin_bottom=&#8220;&#8220; bg_color=&#8220;#4d4d4d&#8220; btn_hover_bg=&#8220;#ffffff&#8220; btn_hover_txt_color=&#8220;#4d4d4d&#8220;]Kontakt[\/mk_button][\/vc_column][\/mk_page_section]\n<\/div>","protected":false},"excerpt":{"rendered":"<p>[vc_row css=&#8220;.vc_custom_1479811421633{margin-top: 30px !important;margin-bottom: 30px !important;}&#8220;][\/vc_row][vc_column][vc_column_text css=&#8220;.vc_custom_1540915920220{margin-bottom: 0px !important;}&#8220;]Ein Bild sagt mehr als tausend Worte \u2013 und ein Film sagt mehr als tausend Bilder. Wenn Sie mehr \u00fcber unsere Produkte erfahren m\u00f6chten, sind unsere Videos der beste Weg. Hier bekommen Sie einen Einblick in unsere diagnostischen L\u00f6sungen, entdecken die Besonderheiten unserer Produkte und lernen, wie [&hellip;]<\/p>\n","protected":false},"author":1,"featured_media":0,"parent":73675,"menu_order":0,"comment_status":"closed","ping_status":"closed","template":"","meta":{"content-type":"","_relevanssi_hide_post":"","_relevanssi_hide_content":"","_relevanssi_pin_for_all":"","_relevanssi_pin_keywords":"","_relevanssi_unpin_keywords":"","_relevanssi_related_keywords":"","_relevanssi_related_include_ids":"","_relevanssi_related_exclude_ids":"","_relevanssi_related_no_append":"","_relevanssi_related_not_related":"","_relevanssi_related_posts":"","_relevanssi_noindex_reason":"","footnotes":""},"acf":[],"yoast_head":"<!-- This site is optimized with the Yoast SEO plugin v21.9 - https:\/\/yoast.com\/wordpress\/plugins\/seo\/ -->\n<title>Videos - \ud83d\udea8\ud83d\udea8\ud83d\udea8 Staging!!! Clinical Diagnostics \ud83d\udea8\ud83d\udea8\ud83d\udea8<\/title>\n<meta name=\"robots\" content=\"noindex, follow, max-snippet:-1, max-image-preview:large, max-video-preview:-1\" \/>\n<meta property=\"og:locale\" content=\"de_DE\" \/>\n<meta property=\"og:type\" content=\"article\" \/>\n<meta property=\"og:title\" content=\"Videos - \ud83d\udea8\ud83d\udea8\ud83d\udea8 Staging!!! Clinical Diagnostics \ud83d\udea8\ud83d\udea8\ud83d\udea8\" \/>\n<meta property=\"og:description\" content=\"[vc_row css=&#8220;.vc_custom_1479811421633{margin-top: 30px !important;margin-bottom: 30px !important;}&#8220;][\/vc_row][vc_column][vc_column_text css=&#8220;.vc_custom_1540915920220{margin-bottom: 0px !important;}&#8220;]Ein Bild sagt mehr als tausend Worte \u2013 und ein Film sagt mehr als tausend Bilder. Wenn Sie mehr \u00fcber unsere Produkte erfahren m\u00f6chten, sind unsere Videos der beste Weg. Hier bekommen Sie einen Einblick in unsere diagnostischen L\u00f6sungen, entdecken die Besonderheiten unserer Produkte und lernen, wie [&hellip;]\" \/>\n<meta property=\"og:url\" content=\"https:\/\/devclinical.r-biopharm.com\/de\/medien\/videos\/\" \/>\n<meta property=\"og:site_name\" content=\"\ud83d\udea8\ud83d\udea8\ud83d\udea8 Staging!!! Clinical Diagnostics \ud83d\udea8\ud83d\udea8\ud83d\udea8\" \/>\n<meta property=\"article:modified_time\" content=\"2022-07-28T12:05:08+00:00\" \/>\n<meta name=\"twitter:label1\" content=\"Gesch\u00e4tzte Lesezeit\" \/>\n\t<meta name=\"twitter:data1\" content=\"6\u00a0Minuten\" \/>\n<script type=\"application\/ld+json\" class=\"yoast-schema-graph\">{\"@context\":\"https:\/\/schema.org\",\"@graph\":[{\"@type\":\"WebPage\",\"@id\":\"https:\/\/devclinical.r-biopharm.com\/de\/medien\/videos\/\",\"url\":\"https:\/\/devclinical.r-biopharm.com\/de\/medien\/videos\/\",\"name\":\"Videos - \ud83d\udea8\ud83d\udea8\ud83d\udea8 Staging!!! Clinical Diagnostics \ud83d\udea8\ud83d\udea8\ud83d\udea8\",\"isPartOf\":{\"@id\":\"https:\/\/devdevclinical.r-biopharm.com\/#website\"},\"datePublished\":\"2016-11-22T10:41:52+00:00\",\"dateModified\":\"2022-07-28T12:05:08+00:00\",\"breadcrumb\":{\"@id\":\"https:\/\/devclinical.r-biopharm.com\/de\/medien\/videos\/#breadcrumb\"},\"inLanguage\":\"de\",\"potentialAction\":[{\"@type\":\"ReadAction\",\"target\":[\"https:\/\/devclinical.r-biopharm.com\/de\/medien\/videos\/\"]}]},{\"@type\":\"BreadcrumbList\",\"@id\":\"https:\/\/devclinical.r-biopharm.com\/de\/medien\/videos\/#breadcrumb\",\"itemListElement\":[{\"@type\":\"ListItem\",\"position\":1,\"name\":\"Home\",\"item\":\"https:\/\/devclinical.r-biopharm.com\/de\/\"},{\"@type\":\"ListItem\",\"position\":2,\"name\":\"Medien\",\"item\":\"https:\/\/devclinical.r-biopharm.com\/de\/medien\/\"},{\"@type\":\"ListItem\",\"position\":3,\"name\":\"Videos\"}]},{\"@type\":\"WebSite\",\"@id\":\"https:\/\/devdevclinical.r-biopharm.com\/#website\",\"url\":\"https:\/\/devdevclinical.r-biopharm.com\/\",\"name\":\"\ud83d\udea8\ud83d\udea8\ud83d\udea8 Staging!!! Clinical Diagnostics \ud83d\udea8\ud83d\udea8\ud83d\udea8\",\"description\":\"A Division of the R-Biopharm Group\",\"potentialAction\":[{\"@type\":\"SearchAction\",\"target\":{\"@type\":\"EntryPoint\",\"urlTemplate\":\"https:\/\/devdevclinical.r-biopharm.com\/?s={search_term_string}\"},\"query-input\":\"required name=search_term_string\"}],\"inLanguage\":\"de\"}]}<\/script>\n<!-- \/ Yoast SEO plugin. -->","yoast_head_json":{"title":"Videos - \ud83d\udea8\ud83d\udea8\ud83d\udea8 Staging!!! Clinical Diagnostics \ud83d\udea8\ud83d\udea8\ud83d\udea8","robots":{"index":"noindex","follow":"follow","max-snippet":"max-snippet:-1","max-image-preview":"max-image-preview:large","max-video-preview":"max-video-preview:-1"},"og_locale":"de_DE","og_type":"article","og_title":"Videos - \ud83d\udea8\ud83d\udea8\ud83d\udea8 Staging!!! Clinical Diagnostics \ud83d\udea8\ud83d\udea8\ud83d\udea8","og_description":"[vc_row css=&#8220;.vc_custom_1479811421633{margin-top: 30px !important;margin-bottom: 30px !important;}&#8220;][\/vc_row][vc_column][vc_column_text css=&#8220;.vc_custom_1540915920220{margin-bottom: 0px !important;}&#8220;]Ein Bild sagt mehr als tausend Worte \u2013 und ein Film sagt mehr als tausend Bilder. Wenn Sie mehr \u00fcber unsere Produkte erfahren m\u00f6chten, sind unsere Videos der beste Weg. Hier bekommen Sie einen Einblick in unsere diagnostischen L\u00f6sungen, entdecken die Besonderheiten unserer Produkte und lernen, wie [&hellip;]","og_url":"https:\/\/devclinical.r-biopharm.com\/de\/medien\/videos\/","og_site_name":"\ud83d\udea8\ud83d\udea8\ud83d\udea8 Staging!!! Clinical Diagnostics \ud83d\udea8\ud83d\udea8\ud83d\udea8","article_modified_time":"2022-07-28T12:05:08+00:00","twitter_misc":{"Gesch\u00e4tzte Lesezeit":"6\u00a0Minuten"},"schema":{"@context":"https:\/\/schema.org","@graph":[{"@type":"WebPage","@id":"https:\/\/devclinical.r-biopharm.com\/de\/medien\/videos\/","url":"https:\/\/devclinical.r-biopharm.com\/de\/medien\/videos\/","name":"Videos - \ud83d\udea8\ud83d\udea8\ud83d\udea8 Staging!!! Clinical Diagnostics \ud83d\udea8\ud83d\udea8\ud83d\udea8","isPartOf":{"@id":"https:\/\/devdevclinical.r-biopharm.com\/#website"},"datePublished":"2016-11-22T10:41:52+00:00","dateModified":"2022-07-28T12:05:08+00:00","breadcrumb":{"@id":"https:\/\/devclinical.r-biopharm.com\/de\/medien\/videos\/#breadcrumb"},"inLanguage":"de","potentialAction":[{"@type":"ReadAction","target":["https:\/\/devclinical.r-biopharm.com\/de\/medien\/videos\/"]}]},{"@type":"BreadcrumbList","@id":"https:\/\/devclinical.r-biopharm.com\/de\/medien\/videos\/#breadcrumb","itemListElement":[{"@type":"ListItem","position":1,"name":"Home","item":"https:\/\/devclinical.r-biopharm.com\/de\/"},{"@type":"ListItem","position":2,"name":"Medien","item":"https:\/\/devclinical.r-biopharm.com\/de\/medien\/"},{"@type":"ListItem","position":3,"name":"Videos"}]},{"@type":"WebSite","@id":"https:\/\/devdevclinical.r-biopharm.com\/#website","url":"https:\/\/devdevclinical.r-biopharm.com\/","name":"\ud83d\udea8\ud83d\udea8\ud83d\udea8 Staging!!! Clinical Diagnostics \ud83d\udea8\ud83d\udea8\ud83d\udea8","description":"A Division of the R-Biopharm Group","potentialAction":[{"@type":"SearchAction","target":{"@type":"EntryPoint","urlTemplate":"https:\/\/devdevclinical.r-biopharm.com\/?s={search_term_string}"},"query-input":"required name=search_term_string"}],"inLanguage":"de"}]}},"_links":{"self":[{"href":"https:\/\/devclinical.r-biopharm.com\/de\/wp-json\/wp\/v2\/pages\/73681"}],"collection":[{"href":"https:\/\/devclinical.r-biopharm.com\/de\/wp-json\/wp\/v2\/pages"}],"about":[{"href":"https:\/\/devclinical.r-biopharm.com\/de\/wp-json\/wp\/v2\/types\/page"}],"author":[{"embeddable":true,"href":"https:\/\/devclinical.r-biopharm.com\/de\/wp-json\/wp\/v2\/users\/1"}],"replies":[{"embeddable":true,"href":"https:\/\/devclinical.r-biopharm.com\/de\/wp-json\/wp\/v2\/comments?post=73681"}],"version-history":[{"count":14,"href":"https:\/\/devclinical.r-biopharm.com\/de\/wp-json\/wp\/v2\/pages\/73681\/revisions"}],"predecessor-version":[{"id":170155,"href":"https:\/\/devclinical.r-biopharm.com\/de\/wp-json\/wp\/v2\/pages\/73681\/revisions\/170155"}],"up":[{"embeddable":true,"href":"https:\/\/devclinical.r-biopharm.com\/de\/wp-json\/wp\/v2\/pages\/73675"}],"wp:attachment":[{"href":"https:\/\/devclinical.r-biopharm.com\/de\/wp-json\/wp\/v2\/media?parent=73681"}],"curies":[{"name":"wp","href":"https:\/\/api.w.org\/{rel}","templated":true}]}}