{"id":75872,"date":"2017-06-23T14:07:43","date_gmt":"2017-06-23T12:07:43","guid":{"rendered":"http:\/\/clinical.rbiodev.de\/?page_id=75872"},"modified":"2019-10-28T10:45:01","modified_gmt":"2019-10-28T09:45:01","slug":"typ-i-allergien","status":"publish","type":"page","link":"https:\/\/devclinical.r-biopharm.com\/de\/diagnostik\/allergologie\/typ-i-allergien\/","title":{"rendered":"Typ I-Allergien"},"content":{"rendered":"<div class=\"wpb-content-wrapper\">[mk_page_section padding_top=&#8220;30&#8243; padding_bottom=&#8220;30&#8243; sidebar=&#8220;sidebar-1&#8243;][vc_column width=&#8220;2\/3&#8243;][vc_column_text]<strong> Die Verbreitung von Allergien nimmt weltweit zu. Man geht davon aus, dass allein in Europa 15\u00a0% der Bev\u00f6lkerung betroffen ist. Allergiespezifische Labortests sind heutzutage unabdingbare Instrumente f\u00fcr die Diagnose von Allergien.<\/strong><\/p>\n<p>Patienten weisen h\u00e4ufig eine gro\u00dfe Bandbreite verschiedener Symptome und Sensibilisierungsmuster gegen\u00fcber mehreren Allergenen auf. Es ist notwendig, das Blut eines Patienten zu testen, wann immer der Verdacht auf eine allergische oder heftige Reaktion besteht. Die Allergiediagnostik von R-Biopharm bietet zwei quantitative Testverfahren f\u00fcr die Erkennung von Antik\u00f6rpern: Enzym-Immunoassay (RIDASCREEN\u00ae\u00a0Allergy ELISA) und Immunoblot (RIDA qLine\u00ae\u00a0Allergy).<\/p>\n<h3 class=\"knubbel\">RIDASCREEN\u00ae Allergy ELISA \u2013 Enzym-Immunoassay zur Erkennung allergenspezifischer IgE\/IgG-Antik\u00f6rper<\/h3>\n<p>Der RIDASCREEN\u00ae\u00a0Allergy ELISA zur Bestimmung des total und spezifischen IgE bzw. des spezifischen IgG ist ein Enzym-Immunoassay, bei dem die Allergene zur Erkennung spezifischer IgE\/IgG kovalent an Zellulosescheiben gebunden werden. Da die Allergiediagnostik flexible und individuelle L\u00f6sungen bei der Produktzusammensetzung verlangt, bietet R-Biopharm AG eine gro\u00dfe Bandbreite von Produkten an, die eigens f\u00fcr diese unterschiedlichen Bed\u00fcrfnisse konzipiert wurden:[\/vc_column_text][mk_custom_list style=&#8220;mk-moon-circle-small&#8220;]\n<ul>\n<li>Total IgE<\/li>\n<li>Allergy Basic \u2013 teilbare 8-Well-Streifen<\/li>\n<li>Allergy Advance \u2013 anpassbares Panel von 8 Allergenen in 8-Well-Streifen<\/li>\n<li>Allergy Active \u2013 vorbest\u00fcckte Mikrotiterplatte mit angepasster Allergenzusammensetzung<\/li>\n<\/ul>\n[\/mk_custom_list][vc_column_text]\n<h3 class=\"knubbel\">RIDA qLine\u00ae Allergy \u2013 Allergie-Panele zur quantitativen Analyse von spezifischem IgE in Humanserum oder -plasma<\/h3>\n<p>Die derzeit am h\u00e4ufigsten verwendeten In-vitro-Allergiediagnostik-Testsysteme sind entweder kostenintensive quantitative Einzel-Allergentests oder wirtschaftlichere und leicht zu handhabende semiquantitative Panel-Testsysteme. R-Biopharm AG hat sich der Herausforderung gestellt, ein ausgekl\u00fcgeltes In-vitro-Testsystem zu entwickeln, welche die quantitative Bestimmung mit einer sehr wirtschaftlichen und einfachen Handhabung kombiniert.<\/p>\n[\/vc_column_text][mk_custom_list style=&#8220;mk-moon-circle-small&#8220;]\n<ul>\n<li>Quantitativ \u2013 Standardkurve auf jedem Streifen<\/li>\n<li>Wirtschaftlich \u2013 Allergen-Panele mit bis zu 20 Allergenen f\u00fcr eine effiziente Diagnostik<\/li>\n<li>Zuverl\u00e4ssig \u2013 Standardkurve, die an der \u201ezweiten WHO IRP 75\/502\u00a0f\u00fcr menschliches IgE\u201c kalibriert ist<\/li>\n<li>Anpassbar \u2013 kundenspezifische Allergenzusammensetzungen f\u00fcr eine flexible, individuelle Diagnostik<\/li>\n<li>Individuell \u2013 Softwareevaluierung mit individuell konzipierbarem Bericht<\/li>\n<\/ul>\n[\/mk_custom_list][\/vc_column][vc_column width=&#8220;1\/3&#8243;][vc_column_text margin_bottom=&#8220;20&#8243;]\n<h3>Indikation w\u00e4hlen<\/h3>\n<div class=\"facetwp-facet facetwp-facet-indication_fselect facetwp-type-fselect\" data-name=\"indication_fselect\" data-type=\"fselect\"><\/div>[\/vc_column_text][vc_column_text margin_bottom=&#8220;20&#8243;]\n<h3>Technologie w\u00e4hlen<\/h3>\n<div class=\"facetwp-facet facetwp-facet-technology_fselect facetwp-type-fselect\" data-name=\"technology_fselect\" data-type=\"fselect\"><\/div>[\/vc_column_text][vc_column_text margin_bottom=&#8220;40&#8243;]\n<h3><\/h3>\n<h3>Passende Produkte zu Ihrer Auswahl<\/h3>\n<div class=\"facetwp-template\" data-name=\"allergology\"><ul class=\"product_facets\"><li>\n<a class=\"facetwp_pimg\" href=\"https:\/\/devclinical.r-biopharm.com\/de\/produkte\/ridachip-foodguide-25-50-100-200\/\"><img loading=\"lazy\" decoding=\"async\" width=\"100\" height=\"50\" src=\"https:\/\/devclinical.r-biopharm.com\/wp-content\/uploads\/2018\/08\/2017-07_a8503_rida-chip-foodguide_neutral_rgb_600-x-300-100x50.jpg\" class=\"recent-thumbs wp-post-image\" alt=\"a8503_rida-chip-foodguide\" itemprop=\"image\" \/><\/a>\n<div class=\"facetwp_title_container\"><a class=\"facetwp_ptitle\" href=\"https:\/\/devclinical.r-biopharm.com\/de\/produkte\/ridachip-foodguide-25-50-100-200\/\">RIDA\u00aeCHIP FoodGuide 25, 50, 100, 200<\/a><\/div>\n<\/li>\n\n<li>\n<a class=\"facetwp_pimg\" href=\"https:\/\/devclinical.r-biopharm.com\/de\/produkte\/rida-qline-allergy-panel-2-3\/\"><img loading=\"lazy\" decoding=\"async\" width=\"100\" height=\"50\" src=\"https:\/\/devclinical.r-biopharm.com\/wp-content\/uploads\/2016\/12\/2012-10-rida-qline-allergy-panel_rgb_600-x-300-100x50.jpg\" class=\"recent-thumbs wp-post-image\" alt=\"rida-qline-allergy-panel\" itemprop=\"image\" \/><\/a>\n<div class=\"facetwp_title_container\"><a class=\"facetwp_ptitle\" href=\"https:\/\/devclinical.r-biopharm.com\/de\/produkte\/rida-qline-allergy-panel-2-3\/\">RIDA qLine\u00ae Allergy Panel 1-4 (de)<\/a><\/div>\n<\/li>\n\n<li>\n<a class=\"facetwp_pimg\" href=\"https:\/\/devclinical.r-biopharm.com\/de\/produkte\/68079-2-2\/\"><img loading=\"lazy\" decoding=\"async\" width=\"100\" height=\"50\" src=\"https:\/\/devclinical.r-biopharm.com\/wp-content\/uploads\/2016\/08\/2014-09_rida-ccd-inhibitor_rgb_600-x-300-100x50.jpg\" class=\"recent-thumbs wp-post-image\" alt=\"rida-ccd-inhibitor\" itemprop=\"image\" \/><\/a>\n<div class=\"facetwp_title_container\"><a class=\"facetwp_ptitle\" href=\"https:\/\/devclinical.r-biopharm.com\/de\/produkte\/68079-2-2\/\">RIDA\u00ae CCD-Inhibitor (de)<\/a><\/div>\n<\/li>\n\n<li>\n<a class=\"facetwp_pimg\" href=\"https:\/\/devclinical.r-biopharm.com\/de\/produkte\/ridascreen-foodscreen-blood-collection-kit-2\/\"><img loading=\"lazy\" decoding=\"async\" width=\"100\" height=\"50\" src=\"https:\/\/devclinical.r-biopharm.com\/wp-content\/uploads\/2013\/11\/2018-03_a8025-bcc-a8025-ridascreen-blood-collection-kit_mit-inhalt_cmyk_600-x-300-100x50.jpg\" class=\"recent-thumbs wp-post-image\" alt=\"a8025-ridascreen-blood-collection-kit\" itemprop=\"image\" \/><\/a>\n<div class=\"facetwp_title_container\"><a class=\"facetwp_ptitle\" href=\"https:\/\/devclinical.r-biopharm.com\/de\/produkte\/ridascreen-foodscreen-blood-collection-kit-2\/\">RIDASCREEN\u00ae Foodscreen Blood Collection Kit (de)<\/a><\/div>\n<\/li>\n\n<li>\n<a class=\"facetwp_pimg\" href=\"https:\/\/devclinical.r-biopharm.com\/de\/produkte\/ridascreen-foodscreen-blood-collection-card-2\/\"><img loading=\"lazy\" decoding=\"async\" width=\"100\" height=\"50\" src=\"https:\/\/devclinical.r-biopharm.com\/wp-content\/uploads\/2013\/11\/2018-03_a8025-bcc-a8025-ridascreen-blood-collection-kit_karten_cmyk_600-x-300-100x50.jpg\" class=\"recent-thumbs wp-post-image\" alt=\"a8025-ridascreen-blood-collection-card\" itemprop=\"image\" \/><\/a>\n<div class=\"facetwp_title_container\"><a class=\"facetwp_ptitle\" href=\"https:\/\/devclinical.r-biopharm.com\/de\/produkte\/ridascreen-foodscreen-blood-collection-card-2\/\">RIDASCREEN\u00ae Foodscreen Blood Collection Card (de)<\/a><\/div>\n<\/li>\n\n<li>\n<a class=\"facetwp_pimg\" href=\"https:\/\/devclinical.r-biopharm.com\/de\/produkte\/ridascreen-spec-igg-foodscreen-prescreen-customized-2\/\"><img loading=\"lazy\" decoding=\"async\" width=\"100\" height=\"50\" src=\"https:\/\/devclinical.r-biopharm.com\/wp-content\/uploads\/default_elisa-2016-11_kd_ridascreen-elisa-generisch_neutral_rgb_lores_web-100x50.jpg\" class=\"recent-thumbs debug\" alt=\"\" srcset=\"https:\/\/devclinical.r-biopharm.com\/wp-content\/uploads\/default_elisa-2016-11_kd_ridascreen-elisa-generisch_neutral_rgb_lores_web-100x50.jpg 100w, https:\/\/devclinical.r-biopharm.com\/wp-content\/uploads\/default_elisa-2016-11_kd_ridascreen-elisa-generisch_neutral_rgb_lores_web-300x150.jpg 300w, https:\/\/devclinical.r-biopharm.com\/wp-content\/uploads\/default_elisa-2016-11_kd_ridascreen-elisa-generisch_neutral_rgb_lores_web-330x165.jpg 330w, https:\/\/devclinical.r-biopharm.com\/wp-content\/uploads\/default_elisa-2016-11_kd_ridascreen-elisa-generisch_neutral_rgb_lores_web.jpg 600w, https:\/\/devclinical.r-biopharm.com\/wp-content\/uploads\/default_elisa-2016-11_kd_ridascreen-elisa-generisch_neutral_rgb_lores_web-414x207.jpg 414w, https:\/\/devclinical.r-biopharm.com\/wp-content\/uploads\/default_elisa-2016-11_kd_ridascreen-elisa-generisch_neutral_rgb_lores_web-200x100.jpg 200w, https:\/\/devclinical.r-biopharm.com\/wp-content\/uploads\/default_elisa-2016-11_kd_ridascreen-elisa-generisch_neutral_rgb_lores_web-353x179.jpg 353w\" sizes=\"(max-width: 100px) 100vw, 100px\" itemprop=\"image\" \/><\/a>\n<div class=\"facetwp_title_container\"><a class=\"facetwp_ptitle\" href=\"https:\/\/devclinical.r-biopharm.com\/de\/produkte\/ridascreen-spec-igg-foodscreen-prescreen-customized-2\/\">RIDASCREEN\u00ae Spec. IgG Foodscreen Prescreen Customized (de)<\/a><\/div>\n<\/li>\n\n<li>\n<a class=\"facetwp_pimg\" href=\"https:\/\/devclinical.r-biopharm.com\/de\/produkte\/ridascreen-spec-igg-foodscreen-prescreen-1-2\/\"><img loading=\"lazy\" decoding=\"async\" width=\"100\" height=\"50\" src=\"https:\/\/devclinical.r-biopharm.com\/wp-content\/uploads\/default_elisa-2016-11_kd_ridascreen-elisa-generisch_neutral_rgb_lores_web-100x50.jpg\" class=\"recent-thumbs debug\" alt=\"\" srcset=\"https:\/\/devclinical.r-biopharm.com\/wp-content\/uploads\/default_elisa-2016-11_kd_ridascreen-elisa-generisch_neutral_rgb_lores_web-100x50.jpg 100w, https:\/\/devclinical.r-biopharm.com\/wp-content\/uploads\/default_elisa-2016-11_kd_ridascreen-elisa-generisch_neutral_rgb_lores_web-300x150.jpg 300w, https:\/\/devclinical.r-biopharm.com\/wp-content\/uploads\/default_elisa-2016-11_kd_ridascreen-elisa-generisch_neutral_rgb_lores_web-330x165.jpg 330w, https:\/\/devclinical.r-biopharm.com\/wp-content\/uploads\/default_elisa-2016-11_kd_ridascreen-elisa-generisch_neutral_rgb_lores_web.jpg 600w, https:\/\/devclinical.r-biopharm.com\/wp-content\/uploads\/default_elisa-2016-11_kd_ridascreen-elisa-generisch_neutral_rgb_lores_web-414x207.jpg 414w, https:\/\/devclinical.r-biopharm.com\/wp-content\/uploads\/default_elisa-2016-11_kd_ridascreen-elisa-generisch_neutral_rgb_lores_web-200x100.jpg 200w, https:\/\/devclinical.r-biopharm.com\/wp-content\/uploads\/default_elisa-2016-11_kd_ridascreen-elisa-generisch_neutral_rgb_lores_web-353x179.jpg 353w\" sizes=\"(max-width: 100px) 100vw, 100px\" itemprop=\"image\" \/><\/a>\n<div class=\"facetwp_title_container\"><a class=\"facetwp_ptitle\" href=\"https:\/\/devclinical.r-biopharm.com\/de\/produkte\/ridascreen-spec-igg-foodscreen-prescreen-1-2\/\">RIDASCREEN\u00ae Spec. IgG Foodscreen Prescreen 1 (de)<\/a><\/div>\n<\/li>\n\n<li>\n<a class=\"facetwp_pimg\" href=\"https:\/\/devclinical.r-biopharm.com\/de\/produkte\/ridascreen-spec-igg-foodscreen-customized-plate-2\/\"><img loading=\"lazy\" decoding=\"async\" width=\"100\" height=\"50\" src=\"https:\/\/devclinical.r-biopharm.com\/wp-content\/uploads\/default_elisa-2016-11_kd_ridascreen-elisa-generisch_neutral_rgb_lores_web-100x50.jpg\" class=\"recent-thumbs debug\" alt=\"\" srcset=\"https:\/\/devclinical.r-biopharm.com\/wp-content\/uploads\/default_elisa-2016-11_kd_ridascreen-elisa-generisch_neutral_rgb_lores_web-100x50.jpg 100w, https:\/\/devclinical.r-biopharm.com\/wp-content\/uploads\/default_elisa-2016-11_kd_ridascreen-elisa-generisch_neutral_rgb_lores_web-300x150.jpg 300w, https:\/\/devclinical.r-biopharm.com\/wp-content\/uploads\/default_elisa-2016-11_kd_ridascreen-elisa-generisch_neutral_rgb_lores_web-330x165.jpg 330w, https:\/\/devclinical.r-biopharm.com\/wp-content\/uploads\/default_elisa-2016-11_kd_ridascreen-elisa-generisch_neutral_rgb_lores_web.jpg 600w, https:\/\/devclinical.r-biopharm.com\/wp-content\/uploads\/default_elisa-2016-11_kd_ridascreen-elisa-generisch_neutral_rgb_lores_web-414x207.jpg 414w, https:\/\/devclinical.r-biopharm.com\/wp-content\/uploads\/default_elisa-2016-11_kd_ridascreen-elisa-generisch_neutral_rgb_lores_web-200x100.jpg 200w, https:\/\/devclinical.r-biopharm.com\/wp-content\/uploads\/default_elisa-2016-11_kd_ridascreen-elisa-generisch_neutral_rgb_lores_web-353x179.jpg 353w\" sizes=\"(max-width: 100px) 100vw, 100px\" itemprop=\"image\" \/><\/a>\n<div class=\"facetwp_title_container\"><a class=\"facetwp_ptitle\" href=\"https:\/\/devclinical.r-biopharm.com\/de\/produkte\/ridascreen-spec-igg-foodscreen-customized-plate-2\/\">RIDASCREEN\u00ae Spec. IgG Foodscreen Customized Plate (de)<\/a><\/div>\n<\/li>\n\n<li>\n<a class=\"facetwp_pimg\" href=\"https:\/\/devclinical.r-biopharm.com\/de\/produkte\/ridascreen-spec-igg-foodscreen-plate-6-2\/\"><img loading=\"lazy\" decoding=\"async\" width=\"100\" height=\"50\" src=\"https:\/\/devclinical.r-biopharm.com\/wp-content\/uploads\/2015-12_rs-spec-igg-foodscreen-plate-6_rgb_lores-100x50.jpg\" class=\"recent-thumbs wp-post-image\" alt=\"\" srcset=\"https:\/\/devclinical.r-biopharm.com\/wp-content\/uploads\/2015-12_rs-spec-igg-foodscreen-plate-6_rgb_lores-100x50.jpg 100w, https:\/\/devclinical.r-biopharm.com\/wp-content\/uploads\/2015-12_rs-spec-igg-foodscreen-plate-6_rgb_lores-200x100.jpg 200w\" sizes=\"(max-width: 100px) 100vw, 100px\" itemprop=\"image\" \/><\/a>\n<div class=\"facetwp_title_container\"><a class=\"facetwp_ptitle\" href=\"https:\/\/devclinical.r-biopharm.com\/de\/produkte\/ridascreen-spec-igg-foodscreen-plate-6-2\/\">RIDASCREEN\u00ae Spec. IgG Foodscreen Plate 6 (de)<\/a><\/div>\n<\/li>\n\n<li>\n<a class=\"facetwp_pimg\" href=\"https:\/\/devclinical.r-biopharm.com\/de\/produkte\/ridascreen-spec-igg-foodscreen-plate-3-2\/\"><img loading=\"lazy\" decoding=\"async\" width=\"100\" height=\"50\" src=\"https:\/\/devclinical.r-biopharm.com\/wp-content\/uploads\/2015-12_rs-spec-igg-foodscreen-plate-3_rgb_lores-100x50.jpg\" class=\"recent-thumbs wp-post-image\" alt=\"\" srcset=\"https:\/\/devclinical.r-biopharm.com\/wp-content\/uploads\/2015-12_rs-spec-igg-foodscreen-plate-3_rgb_lores-100x50.jpg 100w, https:\/\/devclinical.r-biopharm.com\/wp-content\/uploads\/2015-12_rs-spec-igg-foodscreen-plate-3_rgb_lores-200x100.jpg 200w\" sizes=\"(max-width: 100px) 100vw, 100px\" itemprop=\"image\" \/><\/a>\n<div class=\"facetwp_title_container\"><a class=\"facetwp_ptitle\" href=\"https:\/\/devclinical.r-biopharm.com\/de\/produkte\/ridascreen-spec-igg-foodscreen-plate-3-2\/\">RIDASCREEN\u00ae Spec. IgG Foodscreen Plate 3 (de)<\/a><\/div>\n<\/li>\n\n<\/ul><\/div>[\/vc_column_text][\/vc_column][\/mk_page_section][mk_page_section bg_color=&#8220;#f7f7f7&#8243; padding_top=&#8220;0&#8243; padding_bottom=&#8220;0&#8243; sidebar=&#8220;sidebar-1&#8243;][vc_column css=&#8220;.vc_custom_1469015765963{margin-top: 25px !important;padding-bottom: 5px !important;}&#8220;][vc_column_text margin_bottom=&#8220;20&#8243;]\n<h2 class=\"knubbel\">Neuigkeiten aus dem Bereich Allergologie<\/h2>\n[\/vc_column_text][mk_blog_carousel cat=&#8220;236&#8243;][\/vc_column][\/mk_page_section][mk_page_section bg_color=&#8220;#ffffff&#8220; padding_top=&#8220;0&#8243; sidebar=&#8220;sidebar-1&#8243;][vc_column css=&#8220;.vc_custom_1467042052405{margin-top: 40px !important;}&#8220;][vc_column_text margin_bottom=&#8220;20&#8243;]\n<h2 class=\"knubbel\">Das k\u00f6nnte Sie auch interessieren<\/h2>\n[\/vc_column_text][vc_row_inner css=&#8220;.vc_custom_1468404266697{margin-bottom: 40px !important;}&#8220;][vc_column_inner width=&#8220;1\/3&#8243; css=&#8220;.vc_custom_1468416557833{padding-bottom: 10px !important;padding-left: 0px !important;}&#8220;][mk_flipbox_rb taxonomy=&#8220;diagnostic&#8220; tag_diagnostics=&#8220;allergologie&#8220; min_height=&#8220;200&#8243; button_bg_color=&#8220;#4d4d4d&#8220; button_bg_hover_color=&#8220;#ffffff&#8220; button_text=&#8220;More information&#8220;][\/vc_column_inner][vc_column_inner width=&#8220;1\/3&#8243; css=&#8220;.vc_custom_1468416552613{padding-right: 7.5px !important;padding-bottom: 10px !important;padding-left: 7.5px !important;}&#8220;][mk_flipbox_rb taxonomy=&#8220;diagnostic&#8220; tag_diagnostics=&#8220;allergologie&#8220; offset=&#8220;1&#8243; min_height=&#8220;200&#8243; button_bg_color=&#8220;#4d4d4d&#8220; button_bg_hover_color=&#8220;#ffffff&#8220; button_text=&#8220;More information&#8220;][\/vc_column_inner][vc_column_inner width=&#8220;1\/3&#8243; css=&#8220;.vc_custom_1468416547451{padding-right: 0px !important;padding-bottom: 10px !important;}&#8220;][mk_flipbox_rb taxonomy=&#8220;diagnostic&#8220; tag_diagnostics=&#8220;allergologie&#8220; offset=&#8220;2&#8243; min_height=&#8220;200&#8243; button_bg_color=&#8220;#4d4d4d&#8220; button_bg_hover_color=&#8220;#ffffff&#8220; button_text=&#8220;More information&#8220;][\/vc_column_inner][\/vc_row_inner][\/vc_column][\/mk_page_section][mk_page_section bg_color=&#8220;#f7f7f7&#8243; padding_top=&#8220;20&#8243; padding_bottom=&#8220;20&#8243; sidebar=&#8220;sidebar-1&#8243;][vc_column css=&#8220;.vc_custom_1468415774645{padding-top: 0px !important;padding-bottom: 0px !important;}&#8220;][vc_column_text disable_pattern=&#8220;false&#8220; align=&#8220;center&#8220;]\n<h2>Beratung zum Thema Allergologie<\/h2>\n<p>Fragen? Unser erfahrenes Team unterst\u00fctzt Sie gern mit individuell zugeschnittenen L\u00f6sungen f\u00fcr Ihre Diagnostik.[\/vc_column_text][mk_button dimension=&#8220;flat&#8220; url=&#8220;\/de\/kontakt\/&#8220; align=&#8220;center&#8220; margin_bottom=&#8220;&#8220; bg_color=&#8220;#4d4d4d&#8220; btn_hover_bg=&#8220;#ffffff&#8220; btn_hover_txt_color=&#8220;#4d4d4d&#8220;]Kontakt[\/mk_button][\/vc_column][\/mk_page_section]\n<\/div>","protected":false},"excerpt":{"rendered":"<p>[mk_page_section padding_top=&#8220;30&#8243; padding_bottom=&#8220;30&#8243; sidebar=&#8220;sidebar-1&#8243;][vc_column width=&#8220;2\/3&#8243;][vc_column_text] Die Verbreitung von Allergien nimmt weltweit zu. Man geht davon aus, dass allein in Europa 15\u00a0% der Bev\u00f6lkerung betroffen ist. Allergiespezifische Labortests sind heutzutage unabdingbare Instrumente f\u00fcr die Diagnose von Allergien. Patienten weisen h\u00e4ufig eine gro\u00dfe Bandbreite verschiedener Symptome und Sensibilisierungsmuster gegen\u00fcber mehreren Allergenen auf. Es ist notwendig, das Blut [&hellip;]<\/p>\n","protected":false},"author":27,"featured_media":0,"parent":69754,"menu_order":0,"comment_status":"closed","ping_status":"closed","template":"","meta":{"content-type":"","_relevanssi_hide_post":"","_relevanssi_hide_content":"","_relevanssi_pin_for_all":"","_relevanssi_pin_keywords":"","_relevanssi_unpin_keywords":"","_relevanssi_related_keywords":"","_relevanssi_related_include_ids":"","_relevanssi_related_exclude_ids":"","_relevanssi_related_no_append":"","_relevanssi_related_not_related":"","_relevanssi_related_posts":"","_relevanssi_noindex_reason":"","footnotes":""},"acf":[],"yoast_head":"<!-- This site is optimized with the Yoast SEO plugin v21.9 - https:\/\/yoast.com\/wordpress\/plugins\/seo\/ -->\n<title>Typ I-Allergien - \ud83d\udea8\ud83d\udea8\ud83d\udea8 Staging!!! Clinical Diagnostics \ud83d\udea8\ud83d\udea8\ud83d\udea8<\/title>\n<meta name=\"robots\" content=\"noindex, follow, max-snippet:-1, max-image-preview:large, max-video-preview:-1\" \/>\n<meta property=\"og:locale\" content=\"de_DE\" \/>\n<meta property=\"og:type\" content=\"article\" \/>\n<meta property=\"og:title\" content=\"Typ I-Allergien - \ud83d\udea8\ud83d\udea8\ud83d\udea8 Staging!!! Clinical Diagnostics \ud83d\udea8\ud83d\udea8\ud83d\udea8\" \/>\n<meta property=\"og:description\" content=\"[mk_page_section padding_top=&#8220;30&#8243; padding_bottom=&#8220;30&#8243; sidebar=&#8220;sidebar-1&#8243;][vc_column width=&#8220;2\/3&#8243;][vc_column_text] Die Verbreitung von Allergien nimmt weltweit zu. Man geht davon aus, dass allein in Europa 15\u00a0% der Bev\u00f6lkerung betroffen ist. Allergiespezifische Labortests sind heutzutage unabdingbare Instrumente f\u00fcr die Diagnose von Allergien. Patienten weisen h\u00e4ufig eine gro\u00dfe Bandbreite verschiedener Symptome und Sensibilisierungsmuster gegen\u00fcber mehreren Allergenen auf. Es ist notwendig, das Blut [&hellip;]\" \/>\n<meta property=\"og:url\" content=\"https:\/\/devclinical.r-biopharm.com\/de\/diagnostik\/allergologie\/typ-i-allergien\/\" \/>\n<meta property=\"og:site_name\" content=\"\ud83d\udea8\ud83d\udea8\ud83d\udea8 Staging!!! Clinical Diagnostics \ud83d\udea8\ud83d\udea8\ud83d\udea8\" \/>\n<meta property=\"article:modified_time\" content=\"2019-10-28T09:45:01+00:00\" \/>\n<meta name=\"twitter:label1\" content=\"Gesch\u00e4tzte Lesezeit\" \/>\n\t<meta name=\"twitter:data1\" content=\"4\u00a0Minuten\" \/>\n<script type=\"application\/ld+json\" class=\"yoast-schema-graph\">{\"@context\":\"https:\/\/schema.org\",\"@graph\":[{\"@type\":\"WebPage\",\"@id\":\"https:\/\/devclinical.r-biopharm.com\/de\/diagnostik\/allergologie\/typ-i-allergien\/\",\"url\":\"https:\/\/devclinical.r-biopharm.com\/de\/diagnostik\/allergologie\/typ-i-allergien\/\",\"name\":\"Typ I-Allergien - \ud83d\udea8\ud83d\udea8\ud83d\udea8 Staging!!! Clinical Diagnostics \ud83d\udea8\ud83d\udea8\ud83d\udea8\",\"isPartOf\":{\"@id\":\"https:\/\/devdevclinical.r-biopharm.com\/#website\"},\"datePublished\":\"2017-06-23T12:07:43+00:00\",\"dateModified\":\"2019-10-28T09:45:01+00:00\",\"breadcrumb\":{\"@id\":\"https:\/\/devclinical.r-biopharm.com\/de\/diagnostik\/allergologie\/typ-i-allergien\/#breadcrumb\"},\"inLanguage\":\"de\",\"potentialAction\":[{\"@type\":\"ReadAction\",\"target\":[\"https:\/\/devclinical.r-biopharm.com\/de\/diagnostik\/allergologie\/typ-i-allergien\/\"]}]},{\"@type\":\"BreadcrumbList\",\"@id\":\"https:\/\/devclinical.r-biopharm.com\/de\/diagnostik\/allergologie\/typ-i-allergien\/#breadcrumb\",\"itemListElement\":[{\"@type\":\"ListItem\",\"position\":1,\"name\":\"Home\",\"item\":\"https:\/\/devclinical.r-biopharm.com\/de\/\"},{\"@type\":\"ListItem\",\"position\":2,\"name\":\"Diagnostik\",\"item\":\"https:\/\/devclinical.r-biopharm.com\/de\/diagnostik\/\"},{\"@type\":\"ListItem\",\"position\":3,\"name\":\"Allergologie\",\"item\":\"https:\/\/devclinical.r-biopharm.com\/de\/diagnostik\/allergologie\/\"},{\"@type\":\"ListItem\",\"position\":4,\"name\":\"Typ I-Allergien\"}]},{\"@type\":\"WebSite\",\"@id\":\"https:\/\/devdevclinical.r-biopharm.com\/#website\",\"url\":\"https:\/\/devdevclinical.r-biopharm.com\/\",\"name\":\"\ud83d\udea8\ud83d\udea8\ud83d\udea8 Staging!!! Clinical Diagnostics \ud83d\udea8\ud83d\udea8\ud83d\udea8\",\"description\":\"A Division of the R-Biopharm Group\",\"potentialAction\":[{\"@type\":\"SearchAction\",\"target\":{\"@type\":\"EntryPoint\",\"urlTemplate\":\"https:\/\/devdevclinical.r-biopharm.com\/?s={search_term_string}\"},\"query-input\":\"required name=search_term_string\"}],\"inLanguage\":\"de\"}]}<\/script>\n<!-- \/ Yoast SEO plugin. -->","yoast_head_json":{"title":"Typ I-Allergien - \ud83d\udea8\ud83d\udea8\ud83d\udea8 Staging!!! Clinical Diagnostics \ud83d\udea8\ud83d\udea8\ud83d\udea8","robots":{"index":"noindex","follow":"follow","max-snippet":"max-snippet:-1","max-image-preview":"max-image-preview:large","max-video-preview":"max-video-preview:-1"},"og_locale":"de_DE","og_type":"article","og_title":"Typ I-Allergien - \ud83d\udea8\ud83d\udea8\ud83d\udea8 Staging!!! Clinical Diagnostics \ud83d\udea8\ud83d\udea8\ud83d\udea8","og_description":"[mk_page_section padding_top=&#8220;30&#8243; padding_bottom=&#8220;30&#8243; sidebar=&#8220;sidebar-1&#8243;][vc_column width=&#8220;2\/3&#8243;][vc_column_text] Die Verbreitung von Allergien nimmt weltweit zu. Man geht davon aus, dass allein in Europa 15\u00a0% der Bev\u00f6lkerung betroffen ist. Allergiespezifische Labortests sind heutzutage unabdingbare Instrumente f\u00fcr die Diagnose von Allergien. Patienten weisen h\u00e4ufig eine gro\u00dfe Bandbreite verschiedener Symptome und Sensibilisierungsmuster gegen\u00fcber mehreren Allergenen auf. Es ist notwendig, das Blut [&hellip;]","og_url":"https:\/\/devclinical.r-biopharm.com\/de\/diagnostik\/allergologie\/typ-i-allergien\/","og_site_name":"\ud83d\udea8\ud83d\udea8\ud83d\udea8 Staging!!! Clinical Diagnostics \ud83d\udea8\ud83d\udea8\ud83d\udea8","article_modified_time":"2019-10-28T09:45:01+00:00","twitter_misc":{"Gesch\u00e4tzte Lesezeit":"4\u00a0Minuten"},"schema":{"@context":"https:\/\/schema.org","@graph":[{"@type":"WebPage","@id":"https:\/\/devclinical.r-biopharm.com\/de\/diagnostik\/allergologie\/typ-i-allergien\/","url":"https:\/\/devclinical.r-biopharm.com\/de\/diagnostik\/allergologie\/typ-i-allergien\/","name":"Typ I-Allergien - \ud83d\udea8\ud83d\udea8\ud83d\udea8 Staging!!! Clinical Diagnostics \ud83d\udea8\ud83d\udea8\ud83d\udea8","isPartOf":{"@id":"https:\/\/devdevclinical.r-biopharm.com\/#website"},"datePublished":"2017-06-23T12:07:43+00:00","dateModified":"2019-10-28T09:45:01+00:00","breadcrumb":{"@id":"https:\/\/devclinical.r-biopharm.com\/de\/diagnostik\/allergologie\/typ-i-allergien\/#breadcrumb"},"inLanguage":"de","potentialAction":[{"@type":"ReadAction","target":["https:\/\/devclinical.r-biopharm.com\/de\/diagnostik\/allergologie\/typ-i-allergien\/"]}]},{"@type":"BreadcrumbList","@id":"https:\/\/devclinical.r-biopharm.com\/de\/diagnostik\/allergologie\/typ-i-allergien\/#breadcrumb","itemListElement":[{"@type":"ListItem","position":1,"name":"Home","item":"https:\/\/devclinical.r-biopharm.com\/de\/"},{"@type":"ListItem","position":2,"name":"Diagnostik","item":"https:\/\/devclinical.r-biopharm.com\/de\/diagnostik\/"},{"@type":"ListItem","position":3,"name":"Allergologie","item":"https:\/\/devclinical.r-biopharm.com\/de\/diagnostik\/allergologie\/"},{"@type":"ListItem","position":4,"name":"Typ I-Allergien"}]},{"@type":"WebSite","@id":"https:\/\/devdevclinical.r-biopharm.com\/#website","url":"https:\/\/devdevclinical.r-biopharm.com\/","name":"\ud83d\udea8\ud83d\udea8\ud83d\udea8 Staging!!! Clinical Diagnostics \ud83d\udea8\ud83d\udea8\ud83d\udea8","description":"A Division of the R-Biopharm Group","potentialAction":[{"@type":"SearchAction","target":{"@type":"EntryPoint","urlTemplate":"https:\/\/devdevclinical.r-biopharm.com\/?s={search_term_string}"},"query-input":"required name=search_term_string"}],"inLanguage":"de"}]}},"_links":{"self":[{"href":"https:\/\/devclinical.r-biopharm.com\/de\/wp-json\/wp\/v2\/pages\/75872"}],"collection":[{"href":"https:\/\/devclinical.r-biopharm.com\/de\/wp-json\/wp\/v2\/pages"}],"about":[{"href":"https:\/\/devclinical.r-biopharm.com\/de\/wp-json\/wp\/v2\/types\/page"}],"author":[{"embeddable":true,"href":"https:\/\/devclinical.r-biopharm.com\/de\/wp-json\/wp\/v2\/users\/27"}],"replies":[{"embeddable":true,"href":"https:\/\/devclinical.r-biopharm.com\/de\/wp-json\/wp\/v2\/comments?post=75872"}],"version-history":[{"count":10,"href":"https:\/\/devclinical.r-biopharm.com\/de\/wp-json\/wp\/v2\/pages\/75872\/revisions"}],"predecessor-version":[{"id":102042,"href":"https:\/\/devclinical.r-biopharm.com\/de\/wp-json\/wp\/v2\/pages\/75872\/revisions\/102042"}],"up":[{"embeddable":true,"href":"https:\/\/devclinical.r-biopharm.com\/de\/wp-json\/wp\/v2\/pages\/69754"}],"wp:attachment":[{"href":"https:\/\/devclinical.r-biopharm.com\/de\/wp-json\/wp\/v2\/media?parent=75872"}],"curies":[{"name":"wp","href":"https:\/\/api.w.org\/{rel}","templated":true}]}}