{"id":76026,"date":"2017-01-23T11:41:49","date_gmt":"2017-01-23T10:41:49","guid":{"rendered":"http:\/\/clinical.rbiodev.de\/?page_id=76026"},"modified":"2020-12-16T12:53:25","modified_gmt":"2020-12-16T11:53:25","slug":"publikationen","status":"publish","type":"page","link":"https:\/\/devclinical.r-biopharm.com\/de\/medien\/publikationen\/","title":{"rendered":"Publikationen"},"content":{"rendered":"<div class=\"wpb-content-wrapper\">[vc_row css=&#8220;.vc_custom_1479819385638{margin-top: 30px !important;}&#8220;][vc_column][vc_column_text]<strong>Wir bei R-Biopharm m\u00f6chten diagnostische Produkte entwickeln, die sowohl f\u00fcr den Anwender als auch f\u00fcr den Patienten von Wert sind. Wissenschaftliche Forschung ist deshalb sehr wichtig f\u00fcr uns. Unsere Publikationen sind Beweis der Kompetenz und jahrelangen Erfahrung unserer Mitarbeiter im Bereich der klinischen Diagnostik.<\/strong><\/p>\n<p>Hier finden Sie unsere wissenschaftlichen Poster \u2013 ver\u00f6ffentlicht von R-Biopharm Mitarbeitern und auf Konferenzen auf der ganzen Welt pr\u00e4sentiert. St\u00f6bern Sie durch die Kategorien, finden Sie aktuelle Publikationen und gewinnen Sie einen Einblick in neue wissenschaftliche Erkenntnisse der klinischen Diagnostik![\/vc_column_text][\/vc_column][\/vc_row][vc_row css=&#8220;.vc_custom_1479819407804{margin-bottom: 30px !important;}&#8220;][vc_column][vc_tabs orientation=&#8220;vertical&#8220; container_bg_color=&#8220;#ffffff&#8220;][vc_tab title=&#8220;Autoimmunerkrankungen&#8220; tab_id=&#8220;1479810936-1-94&#8243;][vc_row_inner][vc_column_inner][mk_custom_list style=&#8220;mk-moon-circle-small&#8220;]\n<ul>\n<li><a href=\"\/wp-content\/uploads\/vaskulitis-poster-dresden_09-2015_v05_ah.pdf\">Evaluation of a multiparametric spotimmunoassay (SIA) for the detection of autoantibodies in ANCA associated vasculitis<\/a><\/li>\n<\/ul>\n[\/mk_custom_list][\/vc_column_inner][\/vc_row_inner][\/vc_tab][vc_tab title=&#8220;Gastrointestinale Infektionen&#8220; tab_id=&#8220;1479811086917-2-6&#8243;][vc_row_inner][vc_column_inner][mk_custom_list style=&#8220;mk-moon-circle-small&#8220;]\n<ul>\n<li><a href=\"\/wp-content\/uploads\/2013-03_poster_bsp_eccmid_ansicht.pdf\">Evaluation of a novel multiplex real-time PCR assay for the detection of <em>Campylobacter<\/em> spp., <em>Salmonella<\/em> spp. and <em>Y. enterocolitica<\/em> in stool specimen<\/a><\/li>\n<li><a href=\"\/wp-content\/uploads\/2013-03_poster_ehec-epec_eccmid_ansicht.pdf\">Evaluation and comparison of the RIDA\u00aeGENE EHEC\/EPEC real-time PCR for the detection of stec (Shiga toxin-producing E. coli) from human feces, liquid enrichment broth and agar plate<\/a><\/li>\n<li><a href=\"\/wp-content\/uploads\/2015-03_rida-gene-sapovirus_poster-landscape-din-a0_lowres.pdf\">RIDA\u00aeGENE Sapovirus \u2013 A new qualitative real-time PCR Assay for the detection of Sapovirus in human stool samples<\/a><\/li>\n<li><a href=\"\/wp-content\/uploads\/2016-03_rida-gene-h.pylori_e-poster-landscape_final_kalwyk.pdf\">RIDA\u00aeGENE Helicobacter pylori is a sensitive and specific real-time PCR test for the simultaneous detection and differentiation of Helicobacter pylori and its resistance to clarithromycin in human tissue biopsies<\/a><\/li>\n<\/ul>\n[\/mk_custom_list][\/vc_column_inner][\/vc_row_inner][\/vc_tab][vc_tab title=&#8220;Nosokomiale Infektionen&#8220; tab_id=&#8220;1479811126169-2-10&#8243;][vc_row_inner][vc_column_inner][mk_custom_list style=&#8220;mk-moon-circle-small&#8220;]\n<ul>\n<li><a href=\"\/wp-content\/uploads\/04-2011_eccmid_rida-gene-c.diff-.pdf\">Evaluation of the RIDA\u00aeGENE Clostridium difficile &amp; Toxin A\/B for molecular detection of toxigenic Clostridium difficile in diarrheal feces compared to cytotoxicity neutralization assay and BD GeneOhmTM Cdiff assay<\/a><\/li>\n<li><a href=\"\/wp-content\/uploads\/2013-09_poster-rg-mrsa-lightcyler_emmd_portrait_lowres.pdf\">Co\/wp-content\/uploads\/04-2011_eccmid_rida-gene-c.diff-.pdfmparison of the R-Biopharm AG RIDA\u00aeGENE MRSA LC2.0 and the Roche LightCycler\u00ae MRSA Advanced assay for the laboratory diagnosis of MRSA<\/a><\/li>\n<li><a href=\"\/wp-content\/uploads\/2014-03_poster_rg-pvl_cvs_landscape_en_lowres.pdf\">Evaluation of the R-Biopharm RIDA\u00aeGENE PVL real-time PCR assay for the laboratory diagnosis of skin and soft tissue infections caused by PVL<\/a><\/li>\n<\/ul>\n[\/mk_custom_list][\/vc_column_inner][\/vc_row_inner][\/vc_tab][vc_tab title=&#8220;Moskito-\u00fcbertragene Infektionen&#8220; tab_id=&#8220;1479811138606-3-3&#8243;][vc_row_inner][vc_column_inner][mk_custom_list style=&#8220;mk-moon-circle-small&#8220;]\n<ul>\n<li><a href=\"\/wp-content\/uploads\/2016-08_pg6205ruo_rg-zika-virus_poster-portrait_en_lores.pdf\">RIDA\u00aeGENE Zika Virus: A new commercial real-time RT-PCR assay for sensitive and reliable detection of zika virus in urine and plasma samples<\/a><\/li>\n<\/ul>\n[\/mk_custom_list][\/vc_column_inner][\/vc_row_inner][\/vc_tab][vc_tab title=&#8220;Parasit\u00e4re Infektionen&#8220; tab_id=&#8220;1485178113374-4-10&#8243;][vc_row_inner][vc_column_inner][mk_custom_list style=&#8220;mk-moon-circle-small&#8220;]\n<ul>\n<li><a href=\"\/wp-content\/uploads\/2015-03_rida-gene-dientamoeba-fragilis_poster-landscape-din-a0_lowres.pdf\">Clinical evaluation of the RIDA\u00aeGENE Dientamoeba fragilis real-time PCR assay in human stool samples<\/a><\/li>\n<\/ul>\n[\/mk_custom_list][\/vc_column_inner][\/vc_row_inner][\/vc_tab][vc_tab title=&#8220;Atemwegsinfektionen&#8220; tab_id=&#8220;1485178132242-5-8&#8243;][vc_row_inner][vc_column_inner][mk_custom_list style=&#8220;mk-moon-circle-small&#8220;]\n<ul>\n<li><a href=\"\/wp-content\/uploads\/2014-03_poster_rg-pneumocystis-jirovecii_eposter_landscape_en_lowres.pdf\">Evaluation of a novel RIDA\u00aeGENE Pneumocystis jirovecii real-time PCR assay for the diagnosis of Pneumcystis jirovecii pneumonia<\/a><\/li>\n<li><a href=\"\/wp-content\/uploads\/2014-03_poster_rg_bordetella_eccmid_landscape_en_lowres.pdf\">Evaluation of the RIDA\u00aeGENE Bordetella real-time PCR assay for the laboratory diagnosis of Bordetella infections<\/a><\/li>\n<li><a href=\"\/wp-content\/uploads\/2015-03_rida-gene-parainfluenza_poster-landscape-din-a0_lowres.pdf\">The new RIDA\u00aeGENE Parainfluenza real-time PCR is a sensitive and specific assay for the detection and differentiation of HPIV1, HPIV3 and HPIV2\/4<\/a><\/li>\n<li><a href=\"\/wp-content\/uploads\/2016-03_rida-gene-flu_e-poster-landscape_lores.pdf\">Sensitive and reliable detection of Influenza A (H1N1), Influenza A (H3N2) and Influenza B by commercial real-time PCR assays: RIDA\u00aeGENE Flu and RIDA\u00aeGENE Flu LC2.0 real-time PCR<\/a><\/li>\n<\/ul>\n[\/mk_custom_list][\/vc_column_inner][\/vc_row_inner][\/vc_tab][vc_tab title=&#8220;Therapeutisches Drug Monitoring&#8220; tab_id=&#8220;1544618714970-6-1&#8243;][vc_row_inner][vc_column_inner][mk_custom_list style=&#8220;mk-moon-circle-small&#8220;]\n<ul>\n<li><a href=\"https:\/\/devclinical.r-biopharm.com\/wp-content\/uploads\/2018\/11\/2018-10_rida-quick-adm-monitoring_din-a3_en_hires.pdf\">Validation of the RIDA\u00aeQUICK ADM Monitoring<\/a><\/li>\n<li><a href=\"https:\/\/devclinical.r-biopharm.com\/wp-content\/uploads\/2019\/04\/gastro_adalimumab-monitoring_poster_2019-02_en.pdf\" target=\"_blank\" rel=\"noopener noreferrer\">Performance of a rapid test for adalimumab monitoring versus conventional ELISA in a routine laboratory setting<\/a><\/li>\n<\/ul>\n[\/mk_custom_list][\/vc_column_inner][\/vc_row_inner][\/vc_tab][\/vc_tabs][\/vc_column][\/vc_row][mk_page_section bg_color=&#8220;#f7f7f7&#8243; padding_top=&#8220;20&#8243; padding_bottom=&#8220;20&#8243; sidebar=&#8220;sidebar-1&#8243;][vc_column][vc_column_text disable_pattern=&#8220;false&#8220; align=&#8220;center&#8220;]\n<h2>Beratung<\/h2>\n<p>Fragen? Unser erfahrenes Team unterst\u00fctzt Sie gern mit individuell zugeschnittenen L\u00f6sungen f\u00fcr Ihre Diagnostik.[\/vc_column_text][mk_button dimension=&#8220;flat&#8220; url=&#8220;\/de\/kontakt\/&#8220; align=&#8220;center&#8220; margin_bottom=&#8220;&#8220; bg_color=&#8220;#4d4d4d&#8220; btn_hover_bg=&#8220;#ffffff&#8220; btn_hover_txt_color=&#8220;#4d4d4d&#8220;]Kontakt[\/mk_button][\/vc_column][\/mk_page_section]\n<\/div>","protected":false},"excerpt":{"rendered":"<p>[vc_row css=&#8220;.vc_custom_1479819385638{margin-top: 30px !important;}&#8220;][vc_column][vc_column_text]Wir bei R-Biopharm m\u00f6chten diagnostische Produkte entwickeln, die sowohl f\u00fcr den Anwender als auch f\u00fcr den Patienten von Wert sind. Wissenschaftliche Forschung ist deshalb sehr wichtig f\u00fcr uns. Unsere Publikationen sind Beweis der Kompetenz und jahrelangen Erfahrung unserer Mitarbeiter im Bereich der klinischen Diagnostik. Hier finden Sie unsere wissenschaftlichen Poster \u2013 ver\u00f6ffentlicht [&hellip;]<\/p>\n","protected":false},"author":27,"featured_media":0,"parent":73675,"menu_order":0,"comment_status":"closed","ping_status":"closed","template":"","meta":{"content-type":"","_relevanssi_hide_post":"","_relevanssi_hide_content":"","_relevanssi_pin_for_all":"","_relevanssi_pin_keywords":"","_relevanssi_unpin_keywords":"","_relevanssi_related_keywords":"","_relevanssi_related_include_ids":"","_relevanssi_related_exclude_ids":"","_relevanssi_related_no_append":"","_relevanssi_related_not_related":"","_relevanssi_related_posts":"","_relevanssi_noindex_reason":"","footnotes":""},"acf":[],"yoast_head":"<!-- This site is optimized with the Yoast SEO plugin v21.9 - https:\/\/yoast.com\/wordpress\/plugins\/seo\/ -->\n<title>Publikationen - \ud83d\udea8\ud83d\udea8\ud83d\udea8 Staging!!! Clinical Diagnostics \ud83d\udea8\ud83d\udea8\ud83d\udea8<\/title>\n<meta name=\"robots\" content=\"noindex, follow, max-snippet:-1, max-image-preview:large, max-video-preview:-1\" \/>\n<meta property=\"og:locale\" content=\"de_DE\" \/>\n<meta property=\"og:type\" content=\"article\" \/>\n<meta property=\"og:title\" content=\"Publikationen - \ud83d\udea8\ud83d\udea8\ud83d\udea8 Staging!!! Clinical Diagnostics \ud83d\udea8\ud83d\udea8\ud83d\udea8\" \/>\n<meta property=\"og:description\" content=\"[vc_row css=&#8220;.vc_custom_1479819385638{margin-top: 30px !important;}&#8220;][vc_column][vc_column_text]Wir bei R-Biopharm m\u00f6chten diagnostische Produkte entwickeln, die sowohl f\u00fcr den Anwender als auch f\u00fcr den Patienten von Wert sind. Wissenschaftliche Forschung ist deshalb sehr wichtig f\u00fcr uns. Unsere Publikationen sind Beweis der Kompetenz und jahrelangen Erfahrung unserer Mitarbeiter im Bereich der klinischen Diagnostik. Hier finden Sie unsere wissenschaftlichen Poster \u2013 ver\u00f6ffentlicht [&hellip;]\" \/>\n<meta property=\"og:url\" content=\"https:\/\/devclinical.r-biopharm.com\/de\/medien\/publikationen\/\" \/>\n<meta property=\"og:site_name\" content=\"\ud83d\udea8\ud83d\udea8\ud83d\udea8 Staging!!! Clinical Diagnostics \ud83d\udea8\ud83d\udea8\ud83d\udea8\" \/>\n<meta property=\"article:modified_time\" content=\"2020-12-16T11:53:25+00:00\" \/>\n<meta name=\"twitter:label1\" content=\"Gesch\u00e4tzte Lesezeit\" \/>\n\t<meta name=\"twitter:data1\" content=\"4\u00a0Minuten\" \/>\n<script type=\"application\/ld+json\" class=\"yoast-schema-graph\">{\"@context\":\"https:\/\/schema.org\",\"@graph\":[{\"@type\":\"WebPage\",\"@id\":\"https:\/\/devclinical.r-biopharm.com\/de\/medien\/publikationen\/\",\"url\":\"https:\/\/devclinical.r-biopharm.com\/de\/medien\/publikationen\/\",\"name\":\"Publikationen - \ud83d\udea8\ud83d\udea8\ud83d\udea8 Staging!!! Clinical Diagnostics \ud83d\udea8\ud83d\udea8\ud83d\udea8\",\"isPartOf\":{\"@id\":\"https:\/\/devdevclinical.r-biopharm.com\/#website\"},\"datePublished\":\"2017-01-23T10:41:49+00:00\",\"dateModified\":\"2020-12-16T11:53:25+00:00\",\"breadcrumb\":{\"@id\":\"https:\/\/devclinical.r-biopharm.com\/de\/medien\/publikationen\/#breadcrumb\"},\"inLanguage\":\"de\",\"potentialAction\":[{\"@type\":\"ReadAction\",\"target\":[\"https:\/\/devclinical.r-biopharm.com\/de\/medien\/publikationen\/\"]}]},{\"@type\":\"BreadcrumbList\",\"@id\":\"https:\/\/devclinical.r-biopharm.com\/de\/medien\/publikationen\/#breadcrumb\",\"itemListElement\":[{\"@type\":\"ListItem\",\"position\":1,\"name\":\"Home\",\"item\":\"https:\/\/devclinical.r-biopharm.com\/de\/\"},{\"@type\":\"ListItem\",\"position\":2,\"name\":\"Medien\",\"item\":\"https:\/\/devclinical.r-biopharm.com\/de\/medien\/\"},{\"@type\":\"ListItem\",\"position\":3,\"name\":\"Publikationen\"}]},{\"@type\":\"WebSite\",\"@id\":\"https:\/\/devdevclinical.r-biopharm.com\/#website\",\"url\":\"https:\/\/devdevclinical.r-biopharm.com\/\",\"name\":\"\ud83d\udea8\ud83d\udea8\ud83d\udea8 Staging!!! Clinical Diagnostics \ud83d\udea8\ud83d\udea8\ud83d\udea8\",\"description\":\"A Division of the R-Biopharm Group\",\"potentialAction\":[{\"@type\":\"SearchAction\",\"target\":{\"@type\":\"EntryPoint\",\"urlTemplate\":\"https:\/\/devdevclinical.r-biopharm.com\/?s={search_term_string}\"},\"query-input\":\"required name=search_term_string\"}],\"inLanguage\":\"de\"}]}<\/script>\n<!-- \/ Yoast SEO plugin. -->","yoast_head_json":{"title":"Publikationen - \ud83d\udea8\ud83d\udea8\ud83d\udea8 Staging!!! Clinical Diagnostics \ud83d\udea8\ud83d\udea8\ud83d\udea8","robots":{"index":"noindex","follow":"follow","max-snippet":"max-snippet:-1","max-image-preview":"max-image-preview:large","max-video-preview":"max-video-preview:-1"},"og_locale":"de_DE","og_type":"article","og_title":"Publikationen - \ud83d\udea8\ud83d\udea8\ud83d\udea8 Staging!!! Clinical Diagnostics \ud83d\udea8\ud83d\udea8\ud83d\udea8","og_description":"[vc_row css=&#8220;.vc_custom_1479819385638{margin-top: 30px !important;}&#8220;][vc_column][vc_column_text]Wir bei R-Biopharm m\u00f6chten diagnostische Produkte entwickeln, die sowohl f\u00fcr den Anwender als auch f\u00fcr den Patienten von Wert sind. Wissenschaftliche Forschung ist deshalb sehr wichtig f\u00fcr uns. Unsere Publikationen sind Beweis der Kompetenz und jahrelangen Erfahrung unserer Mitarbeiter im Bereich der klinischen Diagnostik. Hier finden Sie unsere wissenschaftlichen Poster \u2013 ver\u00f6ffentlicht [&hellip;]","og_url":"https:\/\/devclinical.r-biopharm.com\/de\/medien\/publikationen\/","og_site_name":"\ud83d\udea8\ud83d\udea8\ud83d\udea8 Staging!!! Clinical Diagnostics \ud83d\udea8\ud83d\udea8\ud83d\udea8","article_modified_time":"2020-12-16T11:53:25+00:00","twitter_misc":{"Gesch\u00e4tzte Lesezeit":"4\u00a0Minuten"},"schema":{"@context":"https:\/\/schema.org","@graph":[{"@type":"WebPage","@id":"https:\/\/devclinical.r-biopharm.com\/de\/medien\/publikationen\/","url":"https:\/\/devclinical.r-biopharm.com\/de\/medien\/publikationen\/","name":"Publikationen - \ud83d\udea8\ud83d\udea8\ud83d\udea8 Staging!!! Clinical Diagnostics \ud83d\udea8\ud83d\udea8\ud83d\udea8","isPartOf":{"@id":"https:\/\/devdevclinical.r-biopharm.com\/#website"},"datePublished":"2017-01-23T10:41:49+00:00","dateModified":"2020-12-16T11:53:25+00:00","breadcrumb":{"@id":"https:\/\/devclinical.r-biopharm.com\/de\/medien\/publikationen\/#breadcrumb"},"inLanguage":"de","potentialAction":[{"@type":"ReadAction","target":["https:\/\/devclinical.r-biopharm.com\/de\/medien\/publikationen\/"]}]},{"@type":"BreadcrumbList","@id":"https:\/\/devclinical.r-biopharm.com\/de\/medien\/publikationen\/#breadcrumb","itemListElement":[{"@type":"ListItem","position":1,"name":"Home","item":"https:\/\/devclinical.r-biopharm.com\/de\/"},{"@type":"ListItem","position":2,"name":"Medien","item":"https:\/\/devclinical.r-biopharm.com\/de\/medien\/"},{"@type":"ListItem","position":3,"name":"Publikationen"}]},{"@type":"WebSite","@id":"https:\/\/devdevclinical.r-biopharm.com\/#website","url":"https:\/\/devdevclinical.r-biopharm.com\/","name":"\ud83d\udea8\ud83d\udea8\ud83d\udea8 Staging!!! Clinical Diagnostics \ud83d\udea8\ud83d\udea8\ud83d\udea8","description":"A Division of the R-Biopharm Group","potentialAction":[{"@type":"SearchAction","target":{"@type":"EntryPoint","urlTemplate":"https:\/\/devdevclinical.r-biopharm.com\/?s={search_term_string}"},"query-input":"required name=search_term_string"}],"inLanguage":"de"}]}},"_links":{"self":[{"href":"https:\/\/devclinical.r-biopharm.com\/de\/wp-json\/wp\/v2\/pages\/76026"}],"collection":[{"href":"https:\/\/devclinical.r-biopharm.com\/de\/wp-json\/wp\/v2\/pages"}],"about":[{"href":"https:\/\/devclinical.r-biopharm.com\/de\/wp-json\/wp\/v2\/types\/page"}],"author":[{"embeddable":true,"href":"https:\/\/devclinical.r-biopharm.com\/de\/wp-json\/wp\/v2\/users\/27"}],"replies":[{"embeddable":true,"href":"https:\/\/devclinical.r-biopharm.com\/de\/wp-json\/wp\/v2\/comments?post=76026"}],"version-history":[{"count":11,"href":"https:\/\/devclinical.r-biopharm.com\/de\/wp-json\/wp\/v2\/pages\/76026\/revisions"}],"predecessor-version":[{"id":151885,"href":"https:\/\/devclinical.r-biopharm.com\/de\/wp-json\/wp\/v2\/pages\/76026\/revisions\/151885"}],"up":[{"embeddable":true,"href":"https:\/\/devclinical.r-biopharm.com\/de\/wp-json\/wp\/v2\/pages\/73675"}],"wp:attachment":[{"href":"https:\/\/devclinical.r-biopharm.com\/de\/wp-json\/wp\/v2\/media?parent=76026"}],"curies":[{"name":"wp","href":"https:\/\/api.w.org\/{rel}","templated":true}]}}