{"id":88581,"date":"2015-06-02T08:25:20","date_gmt":"2015-06-02T06:25:20","guid":{"rendered":"https:\/\/clinical.r-biopharm.com\/buscador-de-productos\/"},"modified":"2018-03-16T10:53:02","modified_gmt":"2018-03-16T09:53:02","slug":"buscador-de-productos","status":"publish","type":"page","link":"https:\/\/devclinical.r-biopharm.com\/es\/buscador-de-productos\/","title":{"rendered":"Buscador de productos"},"content":{"rendered":"<div class=\"wpb-content-wrapper\">[vc_row css=&#8221;.vc_custom_1477653654953{padding-bottom: 40px !important;}&#8221;][vc_column][vc_column_text]<strong>R-Biopharm ofrece diferentes soluciones de prueba para una amplia gama de indicaciones y campos diagn\u00f3sticos. Consulte nuestra cartera completa de productos aqu\u00ed y busque el producto que necesita.<\/strong><\/p>\n<p>Utilice los men\u00fas desplegables que aparecen abajo para seleccionar un campo diagn\u00f3stico, una tecnolog\u00eda o una indicaci\u00f3n para los que necesite una soluci\u00f3n anal\u00edtica. Puede combinar los tres cuadros y seleccionar varias opciones para delimitar su selecci\u00f3n. Los productos que coincidan con sus criterios de selecci\u00f3n se enumerar\u00e1n abajo.[\/vc_column_text][\/vc_column][\/vc_row][vc_row css=&#8221;.vc_custom_1477653716740{padding-bottom: 40px !important;}&#8221;][vc_column width=&#8221;1\/3&#8243;][vc_column_text]\n<h3>Seleccione un campo\u00a0diagn\u00f3stico<\/h3>\n<div class=\"facetwp-facet facetwp-facet-diagnostics_fselect facetwp-type-fselect\" data-name=\"diagnostics_fselect\" data-type=\"fselect\"><\/div>[\/vc_column_text][\/vc_column][vc_column width=&#8221;1\/3&#8243;][vc_column_text]\n<h3>Seleccione una tecnolog\u00eda<\/h3>\n<div class=\"facetwp-facet facetwp-facet-technology_fselect facetwp-type-fselect\" data-name=\"technology_fselect\" data-type=\"fselect\"><\/div>[\/vc_column_text][\/vc_column][vc_column width=&#8221;1\/3&#8243;][vc_column_text]\n<h3>Seleccione una indicaci\u00f3n<\/h3>\n<div class=\"facetwp-facet facetwp-facet-indication_fselect facetwp-type-fselect\" data-name=\"indication_fselect\" data-type=\"fselect\"><\/div>[\/vc_column_text][\/vc_column][\/vc_row][vc_row][vc_column el_class=&#8221;finder&#8221;][vc_column_text margin_bottom=&#8221;20&#8243;]\n<h2>Sus resultados<\/h2>\n[\/vc_column_text][vc_column_text]<div class=\"facetwp-template\" data-name=\"default_finder\"><ul class=\"product_facets\"><\/ul><\/div>[\/vc_column_text][\/vc_column][\/vc_row]\n<\/div>","protected":false},"excerpt":{"rendered":"<p>[vc_row css=&#8221;.vc_custom_1477653654953{padding-bottom: 40px !important;}&#8221;][vc_column][vc_column_text]R-Biopharm ofrece diferentes soluciones de prueba para una amplia gama de indicaciones y campos diagn\u00f3sticos. Consulte nuestra cartera completa de productos aqu\u00ed y busque el producto que necesita. Utilice los men\u00fas desplegables que aparecen abajo para seleccionar un campo diagn\u00f3stico, una tecnolog\u00eda o una indicaci\u00f3n para los que necesite una soluci\u00f3n anal\u00edtica. [&hellip;]<\/p>\n","protected":false},"author":1,"featured_media":0,"parent":0,"menu_order":0,"comment_status":"closed","ping_status":"closed","template":"","meta":{"content-type":"","_relevanssi_hide_post":"","_relevanssi_hide_content":"","_relevanssi_pin_for_all":"","_relevanssi_pin_keywords":"","_relevanssi_unpin_keywords":"","_relevanssi_related_keywords":"","_relevanssi_related_include_ids":"","_relevanssi_related_exclude_ids":"","_relevanssi_related_no_append":"","_relevanssi_related_not_related":"","_relevanssi_related_posts":"","_relevanssi_noindex_reason":"","footnotes":""},"acf":[],"yoast_head":"<!-- This site is optimized with the Yoast SEO plugin v21.9 - https:\/\/yoast.com\/wordpress\/plugins\/seo\/ -->\n<title>Buscador de productos de R-Biopharm - Encuentre la soluci\u00f3n de an\u00e1lisis que necesita<\/title>\n<meta name=\"description\" content=\"Ofrecemos soluciones anal\u00edticas para una amplia gama de indicaciones y campos diagn\u00f3sticos. Consulte nuestra cartera completa de productos aqu\u00ed y busque el producto que necesita.\" \/>\n<meta name=\"robots\" content=\"noindex, follow, max-snippet:-1, max-image-preview:large, max-video-preview:-1\" \/>\n<meta property=\"og:locale\" content=\"es_ES\" \/>\n<meta property=\"og:type\" content=\"article\" \/>\n<meta property=\"og:title\" content=\"Buscador de productos de R-Biopharm - Encuentre la soluci\u00f3n de an\u00e1lisis que necesita\" \/>\n<meta property=\"og:description\" content=\"Ofrecemos soluciones anal\u00edticas para una amplia gama de indicaciones y campos diagn\u00f3sticos. Consulte nuestra cartera completa de productos aqu\u00ed y busque el producto que necesita.\" \/>\n<meta property=\"og:url\" content=\"https:\/\/devclinical.r-biopharm.com\/es\/buscador-de-productos\/\" \/>\n<meta property=\"og:site_name\" content=\"\ud83d\udea8\ud83d\udea8\ud83d\udea8 Staging!!! Clinical Diagnostics \ud83d\udea8\ud83d\udea8\ud83d\udea8\" \/>\n<meta property=\"article:modified_time\" content=\"2018-03-16T09:53:02+00:00\" \/>\n<meta name=\"twitter:label1\" content=\"Est. reading time\" \/>\n\t<meta name=\"twitter:data1\" content=\"1 minute\" \/>\n<script type=\"application\/ld+json\" class=\"yoast-schema-graph\">{\"@context\":\"https:\/\/schema.org\",\"@graph\":[{\"@type\":\"WebPage\",\"@id\":\"https:\/\/devclinical.r-biopharm.com\/es\/buscador-de-productos\/\",\"url\":\"https:\/\/devclinical.r-biopharm.com\/es\/buscador-de-productos\/\",\"name\":\"Buscador de productos de R-Biopharm - Encuentre la soluci\u00f3n de an\u00e1lisis que necesita\",\"isPartOf\":{\"@id\":\"https:\/\/devdevclinical.r-biopharm.com\/#website\"},\"datePublished\":\"2015-06-02T06:25:20+00:00\",\"dateModified\":\"2018-03-16T09:53:02+00:00\",\"description\":\"Ofrecemos soluciones anal\u00edticas para una amplia gama de indicaciones y campos diagn\u00f3sticos. Consulte nuestra cartera completa de productos aqu\u00ed y busque el producto que necesita.\",\"breadcrumb\":{\"@id\":\"https:\/\/devclinical.r-biopharm.com\/es\/buscador-de-productos\/#breadcrumb\"},\"inLanguage\":\"es-ES\",\"potentialAction\":[{\"@type\":\"ReadAction\",\"target\":[\"https:\/\/devclinical.r-biopharm.com\/es\/buscador-de-productos\/\"]}]},{\"@type\":\"BreadcrumbList\",\"@id\":\"https:\/\/devclinical.r-biopharm.com\/es\/buscador-de-productos\/#breadcrumb\",\"itemListElement\":[{\"@type\":\"ListItem\",\"position\":1,\"name\":\"Home\",\"item\":\"https:\/\/devclinical.r-biopharm.com\/es\/\"},{\"@type\":\"ListItem\",\"position\":2,\"name\":\"Buscador de productos\"}]},{\"@type\":\"WebSite\",\"@id\":\"https:\/\/devdevclinical.r-biopharm.com\/#website\",\"url\":\"https:\/\/devdevclinical.r-biopharm.com\/\",\"name\":\"\ud83d\udea8\ud83d\udea8\ud83d\udea8 Staging!!! Clinical Diagnostics \ud83d\udea8\ud83d\udea8\ud83d\udea8\",\"description\":\"A Division of the R-Biopharm Group\",\"potentialAction\":[{\"@type\":\"SearchAction\",\"target\":{\"@type\":\"EntryPoint\",\"urlTemplate\":\"https:\/\/devdevclinical.r-biopharm.com\/?s={search_term_string}\"},\"query-input\":\"required name=search_term_string\"}],\"inLanguage\":\"es-ES\"}]}<\/script>\n<!-- \/ Yoast SEO plugin. -->","yoast_head_json":{"title":"Buscador de productos de R-Biopharm - Encuentre la soluci\u00f3n de an\u00e1lisis que necesita","description":"Ofrecemos soluciones anal\u00edticas para una amplia gama de indicaciones y campos diagn\u00f3sticos. Consulte nuestra cartera completa de productos aqu\u00ed y busque el producto que necesita.","robots":{"index":"noindex","follow":"follow","max-snippet":"max-snippet:-1","max-image-preview":"max-image-preview:large","max-video-preview":"max-video-preview:-1"},"og_locale":"es_ES","og_type":"article","og_title":"Buscador de productos de R-Biopharm - Encuentre la soluci\u00f3n de an\u00e1lisis que necesita","og_description":"Ofrecemos soluciones anal\u00edticas para una amplia gama de indicaciones y campos diagn\u00f3sticos. Consulte nuestra cartera completa de productos aqu\u00ed y busque el producto que necesita.","og_url":"https:\/\/devclinical.r-biopharm.com\/es\/buscador-de-productos\/","og_site_name":"\ud83d\udea8\ud83d\udea8\ud83d\udea8 Staging!!! Clinical Diagnostics \ud83d\udea8\ud83d\udea8\ud83d\udea8","article_modified_time":"2018-03-16T09:53:02+00:00","twitter_misc":{"Est. reading time":"1 minute"},"schema":{"@context":"https:\/\/schema.org","@graph":[{"@type":"WebPage","@id":"https:\/\/devclinical.r-biopharm.com\/es\/buscador-de-productos\/","url":"https:\/\/devclinical.r-biopharm.com\/es\/buscador-de-productos\/","name":"Buscador de productos de R-Biopharm - Encuentre la soluci\u00f3n de an\u00e1lisis que necesita","isPartOf":{"@id":"https:\/\/devdevclinical.r-biopharm.com\/#website"},"datePublished":"2015-06-02T06:25:20+00:00","dateModified":"2018-03-16T09:53:02+00:00","description":"Ofrecemos soluciones anal\u00edticas para una amplia gama de indicaciones y campos diagn\u00f3sticos. Consulte nuestra cartera completa de productos aqu\u00ed y busque el producto que necesita.","breadcrumb":{"@id":"https:\/\/devclinical.r-biopharm.com\/es\/buscador-de-productos\/#breadcrumb"},"inLanguage":"es-ES","potentialAction":[{"@type":"ReadAction","target":["https:\/\/devclinical.r-biopharm.com\/es\/buscador-de-productos\/"]}]},{"@type":"BreadcrumbList","@id":"https:\/\/devclinical.r-biopharm.com\/es\/buscador-de-productos\/#breadcrumb","itemListElement":[{"@type":"ListItem","position":1,"name":"Home","item":"https:\/\/devclinical.r-biopharm.com\/es\/"},{"@type":"ListItem","position":2,"name":"Buscador de productos"}]},{"@type":"WebSite","@id":"https:\/\/devdevclinical.r-biopharm.com\/#website","url":"https:\/\/devdevclinical.r-biopharm.com\/","name":"\ud83d\udea8\ud83d\udea8\ud83d\udea8 Staging!!! Clinical Diagnostics \ud83d\udea8\ud83d\udea8\ud83d\udea8","description":"A Division of the R-Biopharm Group","potentialAction":[{"@type":"SearchAction","target":{"@type":"EntryPoint","urlTemplate":"https:\/\/devdevclinical.r-biopharm.com\/?s={search_term_string}"},"query-input":"required name=search_term_string"}],"inLanguage":"es-ES"}]}},"_links":{"self":[{"href":"https:\/\/devclinical.r-biopharm.com\/es\/wp-json\/wp\/v2\/pages\/88581"}],"collection":[{"href":"https:\/\/devclinical.r-biopharm.com\/es\/wp-json\/wp\/v2\/pages"}],"about":[{"href":"https:\/\/devclinical.r-biopharm.com\/es\/wp-json\/wp\/v2\/types\/page"}],"author":[{"embeddable":true,"href":"https:\/\/devclinical.r-biopharm.com\/es\/wp-json\/wp\/v2\/users\/1"}],"replies":[{"embeddable":true,"href":"https:\/\/devclinical.r-biopharm.com\/es\/wp-json\/wp\/v2\/comments?post=88581"}],"version-history":[{"count":6,"href":"https:\/\/devclinical.r-biopharm.com\/es\/wp-json\/wp\/v2\/pages\/88581\/revisions"}],"predecessor-version":[{"id":89434,"href":"https:\/\/devclinical.r-biopharm.com\/es\/wp-json\/wp\/v2\/pages\/88581\/revisions\/89434"}],"wp:attachment":[{"href":"https:\/\/devclinical.r-biopharm.com\/es\/wp-json\/wp\/v2\/media?parent=88581"}],"curies":[{"name":"wp","href":"https:\/\/api.w.org\/{rel}","templated":true}]}}