{"id":88614,"date":"2015-10-05T11:41:12","date_gmt":"2015-10-05T09:41:12","guid":{"rendered":"https:\/\/clinical.r-biopharm.com\/diagnostico\/gastroenterologia\/"},"modified":"2022-02-17T12:42:08","modified_gmt":"2022-02-17T11:42:08","slug":"gastroenterologia","status":"publish","type":"page","link":"https:\/\/devclinical.r-biopharm.com\/es\/diagnostico\/gastroenterologia\/","title":{"rendered":"Gastroenterolog\u00eda"},"content":{"rendered":"<div class=\"wpb-content-wrapper\">[mk_page_section padding_top=&#8221;30&#8243; padding_bottom=&#8221;30&#8243; sidebar=&#8221;sidebar-1&#8243;][vc_column width=&#8221;2\/3&#8243;][vc_column_text]<strong>Nuestra cartera de productos de gastroenterolog\u00eda no solo est\u00e1 dedicada al diagn\u00f3stico avanzado de enfermedades intestinales, como la enfermedad inflamatoria intestinal o la insuficiencia pancre\u00e1tica, sino que tambi\u00e9n es perfectamente adecuada para la prevenci\u00f3n de este tipo de enfermedades, como el c\u00e1ncer de colon. <\/strong><\/p>\n<p>Los ensayos ELISA son adecuados para el an\u00e1lisis de una sola placa o de vol\u00famenes medios o grandes en lectores autom\u00e1ticos. A continuaci\u00f3n, se incluye informaci\u00f3n breve sobre los marcadores y su importancia diagn\u00f3stica.<\/p>\n<h3 class=\"knubbel\">Biomarcadores para el diagn\u00f3stico cl\u00ednico<\/h3>\n<p>Los marcadores biol\u00f3gicos (biomarcadores) son indicadores medibles para enfermedades concretas. Los biomarcadores siguientes son pertinentes en gastroenterolog\u00eda:[\/vc_column_text][mk_custom_list style=&#8221;mk-moon-circle-small&#8221;]\n<ul>\n<li>La <a href=\"https:\/\/devclinical.r-biopharm.com\/products\/ridascreen-calprotectin-test-ibd-ibs\/\">calprotectina<\/a> es un indicador muy espec\u00edfico de inflamaci\u00f3n gastrointestinal y se utiliza para diferenciaci\u00f3n de EII y SII, as\u00ed como para monitorizar el tratamiento.<\/li>\n<li>La <a href=\"https:\/\/devclinical.r-biopharm.com\/products\/ridascreen-1-antitrypsin\/\">\u03b11-antitripsina<\/a> y la <a href=\"https:\/\/devclinical.r-biopharm.com\/products\/ridascreen-siga\/\">sIgA<\/a> indican la integridad de la pared intestinal, lo cual resulta pertinente para controlar y diagnosticar el s\u00edndrome del intestino permeable.<\/li>\n<li>Para la detecci\u00f3n de insuficiencia pancre\u00e1tica y pancreatitis se utiliza la <a href=\"https:\/\/devclinical.r-biopharm.com\/products\/pankreatic-elastase-elisa\/\">elastasa pancre\u00e1tica<\/a>.<\/li>\n<\/ul>\n[\/mk_custom_list][vc_cta h2=&#8221;Monitorizaci\u00f3n terap\u00e9utica de f\u00e1rmacos&#8221; shape=&#8221;square&#8221; style=&#8221;flat&#8221; add_button=&#8221;right&#8221; btn_title=&#8221;M\u00e1s informaci\u00f3n&#8221; btn_style=&#8221;flat&#8221; btn_shape=&#8221;square&#8221; btn_color=&#8221;inverse&#8221; btn_link=&#8221;url:https%3A%2F%2Fdevclinical.r-biopharm.com%2Fes%2Findicacion%2Fmonitorizacion-terapeutica-de-farmacos%2F|||&#8221;]La monitorizaci\u00f3n terap\u00e9utica de f\u00e1rmacos de Infliximab (IFX, Remicade\u00ae) y Adalimumab (Humira\u00ae) ayuda optimizar y reducir los costes del tratamiento.[\/vc_cta][\/vc_column][vc_column width=&#8221;1\/3&#8243;][vc_column_text margin_bottom=&#8221;20&#8243;]\n<h3 style=\"margin-bottom: 25px;\">Seleccione una indicaci\u00f3n<\/h3>\n<div class=\"facetwp-facet facetwp-facet-indication_fselect facetwp-type-fselect\" data-name=\"indication_fselect\" data-type=\"fselect\"><\/div>[\/vc_column_text][vc_column_text margin_bottom=&#8221;20&#8243;]\n<h3 style=\"margin-bottom: 25px;\">Seleccione una tecnolog\u00eda<\/h3>\n<div class=\"facetwp-facet facetwp-facet-technology_fselect facetwp-type-fselect\" data-name=\"technology_fselect\" data-type=\"fselect\"><\/div>[\/vc_column_text][vc_column_text margin_bottom=&#8221;40&#8243;]\n<h3>Seleccione su producto de gastroenterolog\u00eda<\/h3>\n<div class=\"facetwp-template\" data-name=\"gastroenterology\"><ul class=\"product_facets\"><\/ul><\/div>[\/vc_column_text][\/vc_column][\/mk_page_section][mk_page_section bg_color=&#8221;#f7f7f7&#8243; padding_top=&#8221;0&#8243; padding_bottom=&#8221;0&#8243; sidebar=&#8221;sidebar-1&#8243;][vc_column css=&#8221;.vc_custom_1469015765963{margin-top: 25px !important;padding-bottom: 5px !important;}&#8221;][vc_column_text margin_bottom=&#8221;20&#8243; css=&#8221;.vc_custom_1530023784937{margin-bottom: 20px !important;}&#8221;]\n<h2 class=\"knubbel\">Noticias recientes<\/h2>\n[\/vc_column_text][mk_blog_carousel][\/vc_column][\/mk_page_section][mk_page_section bg_color=&#8221;#ffffff&#8221; padding_top=&#8221;0&#8243; sidebar=&#8221;sidebar-1&#8243;][vc_column css=&#8221;.vc_custom_1467042052405{margin-top: 40px !important;}&#8221;][vc_column_text margin_bottom=&#8221;20&#8243;]\n<h2 class=\"knubbel\">Otra informaci\u00f3n de inter\u00e9s<\/h2>\n[\/vc_column_text][vc_row_inner css=&#8221;.vc_custom_1468404266697{margin-bottom: 40px !important;}&#8221;][vc_column_inner width=&#8221;1\/3&#8243; css=&#8221;.vc_custom_1468416557833{padding-bottom: 10px !important;padding-left: 0px !important;}&#8221;][mk_flipbox_rb taxonomy=&#8221;diagnostic&#8221; tag_diagnostics=&#8221;gastroenterology&#8221; min_height=&#8221;200&#8243; button_bg_color=&#8221;#4d4d4d&#8221; button_bg_hover_color=&#8221;#ffffff&#8221; button_text=&#8221;More&#8221;][\/vc_column_inner][vc_column_inner width=&#8221;1\/3&#8243; css=&#8221;.vc_custom_1468416552613{padding-right: 7.5px !important;padding-bottom: 10px !important;padding-left: 7.5px !important;}&#8221;][mk_flipbox_rb taxonomy=&#8221;diagnostic&#8221; tag_diagnostics=&#8221;gastroenterology&#8221; offset=&#8221;1&#8243; min_height=&#8221;200&#8243; button_bg_color=&#8221;#4d4d4d&#8221; button_bg_hover_color=&#8221;#ffffff&#8221; button_text=&#8221;More&#8221;][\/vc_column_inner][vc_column_inner width=&#8221;1\/3&#8243; css=&#8221;.vc_custom_1468416547451{padding-right: 0px !important;padding-bottom: 10px !important;}&#8221;][mk_flipbox_rb taxonomy=&#8221;diagnostic&#8221; tag_diagnostics=&#8221;gastroenterology&#8221; offset=&#8221;2&#8243; min_height=&#8221;200&#8243; button_bg_color=&#8221;#4d4d4d&#8221; button_bg_hover_color=&#8221;#ffffff&#8221; button_text=&#8221;More&#8221;][\/vc_column_inner][\/vc_row_inner][\/vc_column][\/mk_page_section][mk_page_section bg_color=&#8221;#f7f7f7&#8243; padding_top=&#8221;20&#8243; padding_bottom=&#8221;20&#8243; sidebar=&#8221;sidebar-1&#8243;][vc_column css=&#8221;.vc_custom_1468415774645{padding-top: 0px !important;padding-bottom: 0px !important;}&#8221;][vc_column_text disable_pattern=&#8221;false&#8221; align=&#8221;center&#8221;]\n<h2>Asistencia sobre gastroenterolog\u00eda<\/h2>\n<p>\u00bfPreguntas? Recurra a los conocimientos especializados de nuestro equipo. Le respaldamos a usted y su empresa en todas las fases del proceso anal\u00edtico para garantizar su \u00e9xito[\/vc_column_text][mk_button dimension=&#8221;flat&#8221; url=&#8221;\/es\/contacto\/&#8221; align=&#8221;center&#8221; margin_bottom=&#8221;&#8221; bg_color=&#8221;#4d4d4d&#8221; btn_hover_bg=&#8221;#ffffff&#8221; btn_hover_txt_color=&#8221;#4d4d4d&#8221;]Escr\u00edbanos[\/mk_button][\/vc_column][\/mk_page_section]\n<\/div>","protected":false},"excerpt":{"rendered":"<p>[mk_page_section padding_top=&#8221;30&#8243; padding_bottom=&#8221;30&#8243; sidebar=&#8221;sidebar-1&#8243;][vc_column width=&#8221;2\/3&#8243;][vc_column_text]Nuestra cartera de productos de gastroenterolog\u00eda no solo est\u00e1 dedicada al diagn\u00f3stico avanzado de enfermedades intestinales, como la enfermedad inflamatoria intestinal o la insuficiencia pancre\u00e1tica, sino que tambi\u00e9n es perfectamente adecuada para la prevenci\u00f3n de este tipo de enfermedades, como el c\u00e1ncer de colon. Los ensayos ELISA son adecuados para el [&hellip;]<\/p>\n","protected":false},"author":1,"featured_media":0,"parent":88515,"menu_order":0,"comment_status":"closed","ping_status":"closed","template":"","meta":{"content-type":"","_relevanssi_hide_post":"","_relevanssi_hide_content":"","_relevanssi_pin_for_all":"","_relevanssi_pin_keywords":"","_relevanssi_unpin_keywords":"","_relevanssi_related_keywords":"","_relevanssi_related_include_ids":"","_relevanssi_related_exclude_ids":"","_relevanssi_related_no_append":"","_relevanssi_related_not_related":"","_relevanssi_related_posts":"","_relevanssi_noindex_reason":"","footnotes":""},"acf":[],"yoast_head":"<!-- This site is optimized with the Yoast SEO plugin v21.9 - https:\/\/yoast.com\/wordpress\/plugins\/seo\/ -->\n<title>Gastroenterolog\u00eda: Kits de ensayo para diagn\u00f3stico de enfermedades intestinales<\/title>\n<meta name=\"description\" content=\"Kits de ensayos gastroenterol\u00f3gicos para diagn\u00f3stico de enfermedades intestinales como el c\u00e1ncer de colon, la enfermedad inflamatoria intestinal y la insuficiencia pancre\u00e1tica.\" \/>\n<meta name=\"robots\" content=\"noindex, follow, max-snippet:-1, max-image-preview:large, max-video-preview:-1\" \/>\n<meta property=\"og:locale\" content=\"es_ES\" \/>\n<meta property=\"og:type\" content=\"article\" \/>\n<meta property=\"og:title\" content=\"Gastroenterolog\u00eda: Kits de ensayo para diagn\u00f3stico de enfermedades intestinales\" \/>\n<meta property=\"og:description\" content=\"Kits de ensayos gastroenterol\u00f3gicos para diagn\u00f3stico de enfermedades intestinales como el c\u00e1ncer de colon, la enfermedad inflamatoria intestinal y la insuficiencia pancre\u00e1tica.\" \/>\n<meta property=\"og:url\" content=\"https:\/\/devclinical.r-biopharm.com\/es\/diagnostico\/gastroenterologia\/\" \/>\n<meta property=\"og:site_name\" content=\"\ud83d\udea8\ud83d\udea8\ud83d\udea8 Staging!!! Clinical Diagnostics \ud83d\udea8\ud83d\udea8\ud83d\udea8\" \/>\n<meta property=\"article:modified_time\" content=\"2022-02-17T11:42:08+00:00\" \/>\n<meta name=\"twitter:label1\" content=\"Est. reading time\" \/>\n\t<meta name=\"twitter:data1\" content=\"2 minutes\" \/>\n<script type=\"application\/ld+json\" class=\"yoast-schema-graph\">{\"@context\":\"https:\/\/schema.org\",\"@graph\":[{\"@type\":\"WebPage\",\"@id\":\"https:\/\/devclinical.r-biopharm.com\/es\/diagnostico\/gastroenterologia\/\",\"url\":\"https:\/\/devclinical.r-biopharm.com\/es\/diagnostico\/gastroenterologia\/\",\"name\":\"Gastroenterolog\u00eda: Kits de ensayo para diagn\u00f3stico de enfermedades intestinales\",\"isPartOf\":{\"@id\":\"https:\/\/devdevclinical.r-biopharm.com\/#website\"},\"datePublished\":\"2015-10-05T09:41:12+00:00\",\"dateModified\":\"2022-02-17T11:42:08+00:00\",\"description\":\"Kits de ensayos gastroenterol\u00f3gicos para diagn\u00f3stico de enfermedades intestinales como el c\u00e1ncer de colon, la enfermedad inflamatoria intestinal y la insuficiencia pancre\u00e1tica.\",\"breadcrumb\":{\"@id\":\"https:\/\/devclinical.r-biopharm.com\/es\/diagnostico\/gastroenterologia\/#breadcrumb\"},\"inLanguage\":\"es-ES\",\"potentialAction\":[{\"@type\":\"ReadAction\",\"target\":[\"https:\/\/devclinical.r-biopharm.com\/es\/diagnostico\/gastroenterologia\/\"]}]},{\"@type\":\"BreadcrumbList\",\"@id\":\"https:\/\/devclinical.r-biopharm.com\/es\/diagnostico\/gastroenterologia\/#breadcrumb\",\"itemListElement\":[{\"@type\":\"ListItem\",\"position\":1,\"name\":\"Home\",\"item\":\"https:\/\/devclinical.r-biopharm.com\/es\/\"},{\"@type\":\"ListItem\",\"position\":2,\"name\":\"Diagn\u00f3stico\",\"item\":\"https:\/\/devclinical.r-biopharm.com\/es\/diagnostico\/\"},{\"@type\":\"ListItem\",\"position\":3,\"name\":\"Gastroenterolog\u00eda\"}]},{\"@type\":\"WebSite\",\"@id\":\"https:\/\/devdevclinical.r-biopharm.com\/#website\",\"url\":\"https:\/\/devdevclinical.r-biopharm.com\/\",\"name\":\"\ud83d\udea8\ud83d\udea8\ud83d\udea8 Staging!!! Clinical Diagnostics \ud83d\udea8\ud83d\udea8\ud83d\udea8\",\"description\":\"A Division of the R-Biopharm Group\",\"potentialAction\":[{\"@type\":\"SearchAction\",\"target\":{\"@type\":\"EntryPoint\",\"urlTemplate\":\"https:\/\/devdevclinical.r-biopharm.com\/?s={search_term_string}\"},\"query-input\":\"required name=search_term_string\"}],\"inLanguage\":\"es-ES\"}]}<\/script>\n<!-- \/ Yoast SEO plugin. -->","yoast_head_json":{"title":"Gastroenterolog\u00eda: Kits de ensayo para diagn\u00f3stico de enfermedades intestinales","description":"Kits de ensayos gastroenterol\u00f3gicos para diagn\u00f3stico de enfermedades intestinales como el c\u00e1ncer de colon, la enfermedad inflamatoria intestinal y la insuficiencia pancre\u00e1tica.","robots":{"index":"noindex","follow":"follow","max-snippet":"max-snippet:-1","max-image-preview":"max-image-preview:large","max-video-preview":"max-video-preview:-1"},"og_locale":"es_ES","og_type":"article","og_title":"Gastroenterolog\u00eda: Kits de ensayo para diagn\u00f3stico de enfermedades intestinales","og_description":"Kits de ensayos gastroenterol\u00f3gicos para diagn\u00f3stico de enfermedades intestinales como el c\u00e1ncer de colon, la enfermedad inflamatoria intestinal y la insuficiencia pancre\u00e1tica.","og_url":"https:\/\/devclinical.r-biopharm.com\/es\/diagnostico\/gastroenterologia\/","og_site_name":"\ud83d\udea8\ud83d\udea8\ud83d\udea8 Staging!!! Clinical Diagnostics \ud83d\udea8\ud83d\udea8\ud83d\udea8","article_modified_time":"2022-02-17T11:42:08+00:00","twitter_misc":{"Est. reading time":"2 minutes"},"schema":{"@context":"https:\/\/schema.org","@graph":[{"@type":"WebPage","@id":"https:\/\/devclinical.r-biopharm.com\/es\/diagnostico\/gastroenterologia\/","url":"https:\/\/devclinical.r-biopharm.com\/es\/diagnostico\/gastroenterologia\/","name":"Gastroenterolog\u00eda: Kits de ensayo para diagn\u00f3stico de enfermedades intestinales","isPartOf":{"@id":"https:\/\/devdevclinical.r-biopharm.com\/#website"},"datePublished":"2015-10-05T09:41:12+00:00","dateModified":"2022-02-17T11:42:08+00:00","description":"Kits de ensayos gastroenterol\u00f3gicos para diagn\u00f3stico de enfermedades intestinales como el c\u00e1ncer de colon, la enfermedad inflamatoria intestinal y la insuficiencia pancre\u00e1tica.","breadcrumb":{"@id":"https:\/\/devclinical.r-biopharm.com\/es\/diagnostico\/gastroenterologia\/#breadcrumb"},"inLanguage":"es-ES","potentialAction":[{"@type":"ReadAction","target":["https:\/\/devclinical.r-biopharm.com\/es\/diagnostico\/gastroenterologia\/"]}]},{"@type":"BreadcrumbList","@id":"https:\/\/devclinical.r-biopharm.com\/es\/diagnostico\/gastroenterologia\/#breadcrumb","itemListElement":[{"@type":"ListItem","position":1,"name":"Home","item":"https:\/\/devclinical.r-biopharm.com\/es\/"},{"@type":"ListItem","position":2,"name":"Diagn\u00f3stico","item":"https:\/\/devclinical.r-biopharm.com\/es\/diagnostico\/"},{"@type":"ListItem","position":3,"name":"Gastroenterolog\u00eda"}]},{"@type":"WebSite","@id":"https:\/\/devdevclinical.r-biopharm.com\/#website","url":"https:\/\/devdevclinical.r-biopharm.com\/","name":"\ud83d\udea8\ud83d\udea8\ud83d\udea8 Staging!!! Clinical Diagnostics \ud83d\udea8\ud83d\udea8\ud83d\udea8","description":"A Division of the R-Biopharm Group","potentialAction":[{"@type":"SearchAction","target":{"@type":"EntryPoint","urlTemplate":"https:\/\/devdevclinical.r-biopharm.com\/?s={search_term_string}"},"query-input":"required name=search_term_string"}],"inLanguage":"es-ES"}]}},"_links":{"self":[{"href":"https:\/\/devclinical.r-biopharm.com\/es\/wp-json\/wp\/v2\/pages\/88614"}],"collection":[{"href":"https:\/\/devclinical.r-biopharm.com\/es\/wp-json\/wp\/v2\/pages"}],"about":[{"href":"https:\/\/devclinical.r-biopharm.com\/es\/wp-json\/wp\/v2\/types\/page"}],"author":[{"embeddable":true,"href":"https:\/\/devclinical.r-biopharm.com\/es\/wp-json\/wp\/v2\/users\/1"}],"replies":[{"embeddable":true,"href":"https:\/\/devclinical.r-biopharm.com\/es\/wp-json\/wp\/v2\/comments?post=88614"}],"version-history":[{"count":22,"href":"https:\/\/devclinical.r-biopharm.com\/es\/wp-json\/wp\/v2\/pages\/88614\/revisions"}],"predecessor-version":[{"id":157315,"href":"https:\/\/devclinical.r-biopharm.com\/es\/wp-json\/wp\/v2\/pages\/88614\/revisions\/157315"}],"up":[{"embeddable":true,"href":"https:\/\/devclinical.r-biopharm.com\/es\/wp-json\/wp\/v2\/pages\/88515"}],"wp:attachment":[{"href":"https:\/\/devclinical.r-biopharm.com\/es\/wp-json\/wp\/v2\/media?parent=88614"}],"curies":[{"name":"wp","href":"https:\/\/api.w.org\/{rel}","templated":true}]}}