{"id":88645,"date":"2015-10-05T11:42:07","date_gmt":"2015-10-05T09:42:07","guid":{"rendered":"https:\/\/clinical.r-biopharm.com\/diagnostico\/virologia\/"},"modified":"2019-07-08T14:42:29","modified_gmt":"2019-07-08T12:42:29","slug":"virologia","status":"publish","type":"page","link":"https:\/\/devclinical.r-biopharm.com\/es\/diagnostico\/virologia\/","title":{"rendered":"Virolog\u00eda"},"content":{"rendered":"<div class=\"wpb-content-wrapper\">[mk_page_section padding_top=&#8221;30&#8243; padding_bottom=&#8221;30&#8243; sidebar=&#8221;sidebar-1&#8243;][vc_column width=&#8221;2\/3&#8243;][vc_column_text]\n<div id=\"text-block-3\" class=\"mk-text-block \">\n<p><strong>La virolog\u00eda cl\u00ednica ha ido cambiando r\u00e1pidamente en los \u00faltimos a\u00f1os. Un laboratorio moderno de virolog\u00eda cl\u00ednica realiza varias pruebas, como an\u00e1lisis r\u00e1pido de ant\u00edgenos, serolog\u00eda o diagn\u00f3sticos moleculares, para prestar los mejores servicios a las instituciones sanitarias y a los pacientes.<\/strong><\/p>\n<p>El uso efectivo de estas plataformas de diagn\u00f3stico permite detectar en tiempo oportuno y controlar las enfermedades infecciosas causadas por agentes v\u00edricos. Ofrecemos una cartera rica de par\u00e1metros y tecnolog\u00edas para virolog\u00eda cl\u00ednica, con un \u00e9nfasis especial en los virus que causan infecciones gastrointestinales y respiratorias.<\/p>\n<h3 class=\"knubbel\">Gripe: la enfermedad infecciosa respiratoria m\u00e1s frecuente del mundo<\/h3>\n<p>La gripe, tambi\u00e9n llamada influenza, es la enfermedad infecciosa respiratoria m\u00e1s frecuente; la gripe de los tipos A y B provoca las epidemias de gripe anual. La mayor\u00eda de las infecciones por gripe de tipo A en humanos se deben a los subtipos H1N1 y H3N2. De 3 a 5 millones de personas se infectan de gripe en todo el mundo, y aproximadamente 250\u00a0000 \u2013 500\u00a0000 fallecen por esta enfermedad cada a\u00f1o.<\/p>\n<h3 class=\"knubbel\">Diagn\u00f3stico de norovirus: diagn\u00f3stico r\u00e1pido en brotes, siempre en la vanguardia<\/h3>\n<p>Los norovirus son una causa importante de gastroenteritis en todo el mundo, estim\u00e1ndose en 23 millones los casos al a\u00f1o solo en EE.UU. Con frecuencia son la causa de brotes en instalaciones comunitarias, por ejemplo, en residencias de ancianos, hospitales, prisiones y cruceros. Dado que los brotes de norovirus se notifican con mayor frecuencia que los brotes causados por pat\u00f3genos bacterianos, pueden tener una repercusi\u00f3n considerable en la salud p\u00fablica.<\/p>\n<p>Los ensayos diagn\u00f3sticos fiables para norovirus de R-Biopharm ayudan a los laboratorios cl\u00ednicos de todos los tama\u00f1os a detectar la infecci\u00f3n por norovirus de un modo r\u00e1pido y sencillo. En funci\u00f3n de sus necesidades, los laboratorios pueden escoger en nuestra cartera de productos de ELISA, ensayos r\u00e1pidos o PCR.<\/p>\n<h3 class=\"knubbel\">Soluciones diagn\u00f3sticas innovadoras para virolog\u00eda<\/h3>\n<p>Nuestro cat\u00e1logo de virolog\u00eda ofrece tecnolog\u00edas que satisfacen las necesidades diagn\u00f3sticas y organizativas de laboratorios grandes y peque\u00f1os, e incluye:<\/p>\n<\/div>\n[\/vc_column_text][mk_custom_list style=&#8221;mk-moon-circle-small&#8221;]\n<ul>\n<li>Kits de ensayo de PCR en tiempo real, adecuados para diferentes termocicladores de plataforma abierta<\/li>\n<li>Inmunoensayos enzim\u00e1ticos validados para plataformas de automatizaci\u00f3n<\/li>\n<li>Ensayos r\u00e1pidos en forma de casete o tira sumergible: un m\u00e9todo directo, r\u00e1pido y sensible para detectar ant\u00edgenos v\u00edricos en conjuntos peque\u00f1os de muestras<\/li>\n<\/ul>\n[\/mk_custom_list][vc_column_text]Puede escoger entre varios sistemas diferentes para analizar una variedad de pat\u00f3genos v\u00edricos, incluidos los de gripe, norovirus, rotavirus, adenovirus, adenovirus, astrovirus, enterovirus, VSR, virus paragripal, ECE, VHS, parotiditis, sarampi\u00f3n, parvovirus\u00a0y sapovirus.[\/vc_column_text][\/vc_column][vc_column width=&#8221;1\/3&#8243;][vc_column_text margin_bottom=&#8221;20&#8243;]\n<h3 style=\"margin-bottom: 25px;\">Seleccione una indicaci\u00f3n<\/h3>\n<div class=\"facetwp-facet facetwp-facet-indication_fselect facetwp-type-fselect\" data-name=\"indication_fselect\" data-type=\"fselect\"><\/div>[\/vc_column_text][vc_column_text margin_bottom=&#8221;20&#8243;]\n<h3 style=\"margin-bottom: 25px;\">Seleccione una tecnolog\u00eda<\/h3>\n<div class=\"facetwp-facet facetwp-facet-technology_fselect facetwp-type-fselect\" data-name=\"technology_fselect\" data-type=\"fselect\"><\/div>[\/vc_column_text][vc_column_text margin_bottom=&#8221;40&#8243;]\n<h3 style=\"margin-bottom: 25px;\">Seleccione su producto de virolog\u00eda<\/h3>\n<div class=\"facetwp-template\" data-name=\"virology\"><ul class=\"product_facets\"><\/ul><\/div>[\/vc_column_text][\/vc_column][\/mk_page_section][mk_page_section bg_color=&#8221;#f7f7f7&#8243; padding_top=&#8221;0&#8243; padding_bottom=&#8221;0&#8243; sidebar=&#8221;sidebar-1&#8243;][vc_column css=&#8221;.vc_custom_1469015765963{margin-top: 25px !important;padding-bottom: 5px !important;}&#8221;][vc_column_text margin_bottom=&#8221;20&#8243; css=&#8221;.vc_custom_1530023834506{margin-bottom: 20px !important;}&#8221;]\n<h2 class=\"knubbel\">Noticias recientes<\/h2>\n[\/vc_column_text][mk_blog_carousel][\/vc_column][\/mk_page_section][mk_page_section bg_color=&#8221;#ffffff&#8221; padding_top=&#8221;0&#8243; sidebar=&#8221;sidebar-1&#8243;][vc_column css=&#8221;.vc_custom_1467042052405{margin-top: 40px !important;}&#8221;][vc_column_text margin_bottom=&#8221;20&#8243;]\n<h2 class=\"knubbel\">Otra informaci\u00f3n de inter\u00e9s<\/h2>\n[\/vc_column_text][vc_row_inner css=&#8221;.vc_custom_1468404266697{margin-bottom: 40px !important;}&#8221;][vc_column_inner width=&#8221;1\/3&#8243; css=&#8221;.vc_custom_1468416557833{padding-bottom: 10px !important;padding-left: 0px !important;}&#8221;][mk_flipbox_rb taxonomy=&#8221;diagnostic&#8221; tag_diagnostics=&#8221;virology&#8221; min_height=&#8221;200&#8243; button_bg_color=&#8221;#4d4d4d&#8221; button_bg_hover_color=&#8221;#ffffff&#8221; button_text=&#8221;More&#8221;][\/vc_column_inner][vc_column_inner width=&#8221;1\/3&#8243; css=&#8221;.vc_custom_1468416552613{padding-right: 7.5px !important;padding-bottom: 10px !important;padding-left: 7.5px !important;}&#8221;][mk_flipbox_rb taxonomy=&#8221;diagnostic&#8221; tag_diagnostics=&#8221;virology&#8221; offset=&#8221;1&#8243; min_height=&#8221;200&#8243; button_bg_color=&#8221;#4d4d4d&#8221; button_bg_hover_color=&#8221;#ffffff&#8221; button_text=&#8221;More&#8221;][\/vc_column_inner][vc_column_inner width=&#8221;1\/3&#8243; css=&#8221;.vc_custom_1468416547451{padding-right: 0px !important;padding-bottom: 10px !important;}&#8221;][mk_flipbox_rb taxonomy=&#8221;diagnostic&#8221; tag_diagnostics=&#8221;virology&#8221; offset=&#8221;2&#8243; min_height=&#8221;200&#8243; button_bg_color=&#8221;#4d4d4d&#8221; button_bg_hover_color=&#8221;#ffffff&#8221; button_text=&#8221;More&#8221;][\/vc_column_inner][\/vc_row_inner][\/vc_column][\/mk_page_section][mk_page_section bg_color=&#8221;#f7f7f7&#8243; padding_top=&#8221;20&#8243; padding_bottom=&#8221;20&#8243; sidebar=&#8221;sidebar-1&#8243;][vc_column css=&#8221;.vc_custom_1468415774645{padding-top: 0px !important;padding-bottom: 0px !important;}&#8221;][vc_column_text disable_pattern=&#8221;false&#8221; align=&#8221;center&#8221;]\n<h2>Asistencia en relaci\u00f3n con virolog\u00eda<\/h2>\n<p>\u00bfPreguntas? Recurra a los conocimientos especializados de nuestro equipo. Le respaldamos a usted y su empresa en todas las fases del proceso anal\u00edtico para garantizar su \u00e9xito[\/vc_column_text][mk_button dimension=&#8221;flat&#8221; url=&#8221;\/es\/contacto\/&#8221; align=&#8221;center&#8221; margin_bottom=&#8221;&#8221; bg_color=&#8221;#4d4d4d&#8221; btn_hover_bg=&#8221;#ffffff&#8221; btn_hover_txt_color=&#8221;#4d4d4d&#8221;]Escr\u00edbanos[\/mk_button][\/vc_column][\/mk_page_section]\n<\/div>","protected":false},"excerpt":{"rendered":"<p>[mk_page_section padding_top=&#8221;30&#8243; padding_bottom=&#8221;30&#8243; sidebar=&#8221;sidebar-1&#8243;][vc_column width=&#8221;2\/3&#8243;][vc_column_text] La virolog\u00eda cl\u00ednica ha ido cambiando r\u00e1pidamente en los \u00faltimos a\u00f1os. Un laboratorio moderno de virolog\u00eda cl\u00ednica realiza varias pruebas, como an\u00e1lisis r\u00e1pido de ant\u00edgenos, serolog\u00eda o diagn\u00f3sticos moleculares, para prestar los mejores servicios a las instituciones sanitarias y a los pacientes. El uso efectivo de estas plataformas de diagn\u00f3stico [&hellip;]<\/p>\n","protected":false},"author":1,"featured_media":0,"parent":88515,"menu_order":0,"comment_status":"closed","ping_status":"closed","template":"","meta":{"content-type":"","_relevanssi_hide_post":"","_relevanssi_hide_content":"","_relevanssi_pin_for_all":"","_relevanssi_pin_keywords":"","_relevanssi_unpin_keywords":"","_relevanssi_related_keywords":"","_relevanssi_related_include_ids":"","_relevanssi_related_exclude_ids":"","_relevanssi_related_no_append":"","_relevanssi_related_not_related":"","_relevanssi_related_posts":"","_relevanssi_noindex_reason":"","footnotes":""},"acf":[],"yoast_head":"<!-- This site is optimized with the Yoast SEO plugin v21.9 - https:\/\/yoast.com\/wordpress\/plugins\/seo\/ -->\n<title>Virolog\u00eda: Kits de ensayo para el diagn\u00f3stico de infecciones v\u00edricas<\/title>\n<meta name=\"description\" content=\"Los virus son una de las principales causas de infecciones. Ofrecemos soluciones innovadoras en el campo de la virolog\u00eda cl\u00ednica: vea nuestra cartera de productos de diagn\u00f3stico de infecciones v\u00edricas aqu\u00ed.\" \/>\n<meta name=\"robots\" content=\"noindex, follow, max-snippet:-1, max-image-preview:large, max-video-preview:-1\" \/>\n<meta property=\"og:locale\" content=\"es_ES\" \/>\n<meta property=\"og:type\" content=\"article\" \/>\n<meta property=\"og:title\" content=\"Virolog\u00eda: Kits de ensayo para el diagn\u00f3stico de infecciones v\u00edricas\" \/>\n<meta property=\"og:description\" content=\"Los virus son una de las principales causas de infecciones. Ofrecemos soluciones innovadoras en el campo de la virolog\u00eda cl\u00ednica: vea nuestra cartera de productos de diagn\u00f3stico de infecciones v\u00edricas aqu\u00ed.\" \/>\n<meta property=\"og:url\" content=\"https:\/\/devclinical.r-biopharm.com\/es\/diagnostico\/virologia\/\" \/>\n<meta property=\"og:site_name\" content=\"\ud83d\udea8\ud83d\udea8\ud83d\udea8 Staging!!! Clinical Diagnostics \ud83d\udea8\ud83d\udea8\ud83d\udea8\" \/>\n<meta property=\"article:modified_time\" content=\"2019-07-08T12:42:29+00:00\" \/>\n<meta name=\"twitter:label1\" content=\"Est. reading time\" \/>\n\t<meta name=\"twitter:data1\" content=\"4 minutes\" \/>\n<script type=\"application\/ld+json\" class=\"yoast-schema-graph\">{\"@context\":\"https:\/\/schema.org\",\"@graph\":[{\"@type\":\"WebPage\",\"@id\":\"https:\/\/devclinical.r-biopharm.com\/es\/diagnostico\/virologia\/\",\"url\":\"https:\/\/devclinical.r-biopharm.com\/es\/diagnostico\/virologia\/\",\"name\":\"Virolog\u00eda: Kits de ensayo para el diagn\u00f3stico de infecciones v\u00edricas\",\"isPartOf\":{\"@id\":\"https:\/\/devdevclinical.r-biopharm.com\/#website\"},\"datePublished\":\"2015-10-05T09:42:07+00:00\",\"dateModified\":\"2019-07-08T12:42:29+00:00\",\"description\":\"Los virus son una de las principales causas de infecciones. Ofrecemos soluciones innovadoras en el campo de la virolog\u00eda cl\u00ednica: vea nuestra cartera de productos de diagn\u00f3stico de infecciones v\u00edricas aqu\u00ed.\",\"breadcrumb\":{\"@id\":\"https:\/\/devclinical.r-biopharm.com\/es\/diagnostico\/virologia\/#breadcrumb\"},\"inLanguage\":\"es-ES\",\"potentialAction\":[{\"@type\":\"ReadAction\",\"target\":[\"https:\/\/devclinical.r-biopharm.com\/es\/diagnostico\/virologia\/\"]}]},{\"@type\":\"BreadcrumbList\",\"@id\":\"https:\/\/devclinical.r-biopharm.com\/es\/diagnostico\/virologia\/#breadcrumb\",\"itemListElement\":[{\"@type\":\"ListItem\",\"position\":1,\"name\":\"Home\",\"item\":\"https:\/\/devclinical.r-biopharm.com\/es\/\"},{\"@type\":\"ListItem\",\"position\":2,\"name\":\"Diagn\u00f3stico\",\"item\":\"https:\/\/devclinical.r-biopharm.com\/es\/diagnostico\/\"},{\"@type\":\"ListItem\",\"position\":3,\"name\":\"Virolog\u00eda\"}]},{\"@type\":\"WebSite\",\"@id\":\"https:\/\/devdevclinical.r-biopharm.com\/#website\",\"url\":\"https:\/\/devdevclinical.r-biopharm.com\/\",\"name\":\"\ud83d\udea8\ud83d\udea8\ud83d\udea8 Staging!!! Clinical Diagnostics \ud83d\udea8\ud83d\udea8\ud83d\udea8\",\"description\":\"A Division of the R-Biopharm Group\",\"potentialAction\":[{\"@type\":\"SearchAction\",\"target\":{\"@type\":\"EntryPoint\",\"urlTemplate\":\"https:\/\/devdevclinical.r-biopharm.com\/?s={search_term_string}\"},\"query-input\":\"required name=search_term_string\"}],\"inLanguage\":\"es-ES\"}]}<\/script>\n<!-- \/ Yoast SEO plugin. -->","yoast_head_json":{"title":"Virolog\u00eda: Kits de ensayo para el diagn\u00f3stico de infecciones v\u00edricas","description":"Los virus son una de las principales causas de infecciones. Ofrecemos soluciones innovadoras en el campo de la virolog\u00eda cl\u00ednica: vea nuestra cartera de productos de diagn\u00f3stico de infecciones v\u00edricas aqu\u00ed.","robots":{"index":"noindex","follow":"follow","max-snippet":"max-snippet:-1","max-image-preview":"max-image-preview:large","max-video-preview":"max-video-preview:-1"},"og_locale":"es_ES","og_type":"article","og_title":"Virolog\u00eda: Kits de ensayo para el diagn\u00f3stico de infecciones v\u00edricas","og_description":"Los virus son una de las principales causas de infecciones. Ofrecemos soluciones innovadoras en el campo de la virolog\u00eda cl\u00ednica: vea nuestra cartera de productos de diagn\u00f3stico de infecciones v\u00edricas aqu\u00ed.","og_url":"https:\/\/devclinical.r-biopharm.com\/es\/diagnostico\/virologia\/","og_site_name":"\ud83d\udea8\ud83d\udea8\ud83d\udea8 Staging!!! Clinical Diagnostics \ud83d\udea8\ud83d\udea8\ud83d\udea8","article_modified_time":"2019-07-08T12:42:29+00:00","twitter_misc":{"Est. reading time":"4 minutes"},"schema":{"@context":"https:\/\/schema.org","@graph":[{"@type":"WebPage","@id":"https:\/\/devclinical.r-biopharm.com\/es\/diagnostico\/virologia\/","url":"https:\/\/devclinical.r-biopharm.com\/es\/diagnostico\/virologia\/","name":"Virolog\u00eda: Kits de ensayo para el diagn\u00f3stico de infecciones v\u00edricas","isPartOf":{"@id":"https:\/\/devdevclinical.r-biopharm.com\/#website"},"datePublished":"2015-10-05T09:42:07+00:00","dateModified":"2019-07-08T12:42:29+00:00","description":"Los virus son una de las principales causas de infecciones. Ofrecemos soluciones innovadoras en el campo de la virolog\u00eda cl\u00ednica: vea nuestra cartera de productos de diagn\u00f3stico de infecciones v\u00edricas aqu\u00ed.","breadcrumb":{"@id":"https:\/\/devclinical.r-biopharm.com\/es\/diagnostico\/virologia\/#breadcrumb"},"inLanguage":"es-ES","potentialAction":[{"@type":"ReadAction","target":["https:\/\/devclinical.r-biopharm.com\/es\/diagnostico\/virologia\/"]}]},{"@type":"BreadcrumbList","@id":"https:\/\/devclinical.r-biopharm.com\/es\/diagnostico\/virologia\/#breadcrumb","itemListElement":[{"@type":"ListItem","position":1,"name":"Home","item":"https:\/\/devclinical.r-biopharm.com\/es\/"},{"@type":"ListItem","position":2,"name":"Diagn\u00f3stico","item":"https:\/\/devclinical.r-biopharm.com\/es\/diagnostico\/"},{"@type":"ListItem","position":3,"name":"Virolog\u00eda"}]},{"@type":"WebSite","@id":"https:\/\/devdevclinical.r-biopharm.com\/#website","url":"https:\/\/devdevclinical.r-biopharm.com\/","name":"\ud83d\udea8\ud83d\udea8\ud83d\udea8 Staging!!! Clinical Diagnostics \ud83d\udea8\ud83d\udea8\ud83d\udea8","description":"A Division of the R-Biopharm Group","potentialAction":[{"@type":"SearchAction","target":{"@type":"EntryPoint","urlTemplate":"https:\/\/devdevclinical.r-biopharm.com\/?s={search_term_string}"},"query-input":"required name=search_term_string"}],"inLanguage":"es-ES"}]}},"_links":{"self":[{"href":"https:\/\/devclinical.r-biopharm.com\/es\/wp-json\/wp\/v2\/pages\/88645"}],"collection":[{"href":"https:\/\/devclinical.r-biopharm.com\/es\/wp-json\/wp\/v2\/pages"}],"about":[{"href":"https:\/\/devclinical.r-biopharm.com\/es\/wp-json\/wp\/v2\/types\/page"}],"author":[{"embeddable":true,"href":"https:\/\/devclinical.r-biopharm.com\/es\/wp-json\/wp\/v2\/users\/1"}],"replies":[{"embeddable":true,"href":"https:\/\/devclinical.r-biopharm.com\/es\/wp-json\/wp\/v2\/comments?post=88645"}],"version-history":[{"count":16,"href":"https:\/\/devclinical.r-biopharm.com\/es\/wp-json\/wp\/v2\/pages\/88645\/revisions"}],"predecessor-version":[{"id":97371,"href":"https:\/\/devclinical.r-biopharm.com\/es\/wp-json\/wp\/v2\/pages\/88645\/revisions\/97371"}],"up":[{"embeddable":true,"href":"https:\/\/devclinical.r-biopharm.com\/es\/wp-json\/wp\/v2\/pages\/88515"}],"wp:attachment":[{"href":"https:\/\/devclinical.r-biopharm.com\/es\/wp-json\/wp\/v2\/media?parent=88645"}],"curies":[{"name":"wp","href":"https:\/\/api.w.org\/{rel}","templated":true}]}}