{"id":88670,"date":"2015-10-05T11:42:27","date_gmt":"2015-10-05T09:42:27","guid":{"rendered":"https:\/\/clinical.r-biopharm.com\/diagnostico\/micologia\/"},"modified":"2019-07-08T14:30:07","modified_gmt":"2019-07-08T12:30:07","slug":"micologia","status":"publish","type":"page","link":"https:\/\/devclinical.r-biopharm.com\/es\/diagnostico\/micologia\/","title":{"rendered":"Micolog\u00eda"},"content":{"rendered":"<div class=\"wpb-content-wrapper\">[mk_page_section padding_top=&#8221;30&#8243; padding_bottom=&#8221;30&#8243; sidebar=&#8221;sidebar-1&#8243;][vc_column width=&#8221;2\/3&#8243;][vc_column_text]\n<div id=\"text-block-3\" class=\"mk-text-block \">\n<p><strong>De acuerdo con algunas pruebas recientes, la incidencia de las infecciones f\u00fangicas est\u00e1 aumentando. Se ha calculado que aproximadamente mil millones de personas sufren infecciones por hongos cada a\u00f1o.<\/strong><\/p>\n<p>A pesar de que los hongos desempe\u00f1an numerosas funciones esenciales en la homeostasis humana, tambi\u00e9n representan una carga sanitaria en algunos grupos de pacientes. Cuando se altera el equilibrio hu\u00e9sped\/hongo pat\u00f3geno, una infecci\u00f3n f\u00fangica puede tener consecuencias graves. Por este motivo, resulta muy importante la detecci\u00f3n adecuada del crecimiento de agentes f\u00fangicos en microbiolog\u00eda cl\u00ednica. Entre las infecciones f\u00fangicas frecuentes cabe destacar:<\/p>\n<\/div>\n[\/vc_column_text][mk_custom_list style=&#8221;mk-moon-circle-small&#8221;]\n<ul>\n<li>El hongo <em>Candida albicans<\/em> forma parte de la microflora humana. La diseminaci\u00f3n de <em>Candida<\/em> a los tejidos corporales provoca candidiasis sist\u00e9mica. Una alteraci\u00f3n del equilibrio sensible provoca su crecimiento excesivo y libre, y se manifiesta en forma de \u00falceras bucales y\/o vaginales.<\/li>\n<li>El hongo <em>Pneumocystis jirovecii<\/em> no causa ning\u00fan da\u00f1o en personas sanas y est\u00e1 muy extendido entre la poblaci\u00f3n. Sin embargo, las personas inmunodeprimidas infectadas con <em>Pneumocystis jirovecii<\/em> desarrollan neumon\u00eda con s\u00edntomas que incluyen tos seca, dificultad para respirar, taquipnea y fiebre. El hongo <em>Pneumocystis jirovecii<\/em> causa infecciones respiratorias y es la enfermedad oportunista m\u00e1s frecuente en personas infectadas por el VIH.<\/li>\n<\/ul>\n[\/mk_custom_list][vc_column_text]\n<div id=\"text-block-3\" class=\"mk-text-block \">\n<h3>Soluciones diagn\u00f3sticas para micolog\u00eda<\/h3>\n<p>La cartera de ensayos de micolog\u00eda de R-Biopharm ofrece las tecnolog\u00edas ELISA y PCR para cubrir las necesidades diagn\u00f3sticas de los laboratorios.<\/p>\n<\/div>\n[\/vc_column_text][\/vc_column][vc_column width=&#8221;1\/3&#8243;][vc_column_text margin_bottom=&#8221;20&#8243;]\n<h3 style=\"margin-bottom: 25px;\">Seleccione una indicaci\u00f3n<\/h3>\n<div class=\"facetwp-facet facetwp-facet-indication_fselect facetwp-type-fselect\" data-name=\"indication_fselect\" data-type=\"fselect\"><\/div>[\/vc_column_text][vc_column_text margin_bottom=&#8221;20&#8243;]\n<h3 style=\"margin-bottom: 25px;\">Seleccione una tecnolog\u00eda<\/h3>\n<div class=\"facetwp-facet facetwp-facet-technology_fselect facetwp-type-fselect\" data-name=\"technology_fselect\" data-type=\"fselect\"><\/div>[\/vc_column_text][vc_column_text margin_bottom=&#8221;40&#8243;]\n<h3 style=\"margin-bottom: 25px;\">Seleccione su producto de micolog\u00eda<\/h3>\n<div class=\"facetwp-template\" data-name=\"mycology\"><ul class=\"product_facets\"><\/ul><\/div>[\/vc_column_text][\/vc_column][\/mk_page_section][mk_page_section bg_color=&#8221;#f7f7f7&#8243; padding_top=&#8221;0&#8243; padding_bottom=&#8221;0&#8243; sidebar=&#8221;sidebar-1&#8243;][vc_column css=&#8221;.vc_custom_1469015765963{margin-top: 25px !important;padding-bottom: 5px !important;}&#8221;][vc_column_text margin_bottom=&#8221;20&#8243; css=&#8221;.vc_custom_1530023804960{margin-bottom: 20px !important;}&#8221;]\n<h2 class=\"knubbel\">Noticias recientes<\/h2>\n[\/vc_column_text][mk_blog_carousel][\/vc_column][\/mk_page_section][mk_page_section bg_color=&#8221;#ffffff&#8221; padding_top=&#8221;0&#8243; sidebar=&#8221;sidebar-1&#8243;][vc_column css=&#8221;.vc_custom_1467042052405{margin-top: 40px !important;}&#8221;][vc_column_text margin_bottom=&#8221;20&#8243;]\n<h2 class=\"knubbel\">Otra informaci\u00f3n de inter\u00e9s<\/h2>\n[\/vc_column_text][vc_row_inner css=&#8221;.vc_custom_1468404266697{margin-bottom: 40px !important;}&#8221;][vc_column_inner width=&#8221;1\/3&#8243; css=&#8221;.vc_custom_1468416557833{padding-bottom: 10px !important;padding-left: 0px !important;}&#8221;][mk_flipbox_rb taxonomy=&#8221;diagnostic&#8221; tag_diagnostics=&#8221;mycology&#8221; min_height=&#8221;200&#8243; button_bg_color=&#8221;#4d4d4d&#8221; button_bg_hover_color=&#8221;#ffffff&#8221; button_text=&#8221;More&#8221;][\/vc_column_inner][vc_column_inner width=&#8221;1\/3&#8243; css=&#8221;.vc_custom_1468416552613{padding-right: 7.5px !important;padding-bottom: 10px !important;padding-left: 7.5px !important;}&#8221;][mk_flipbox_rb taxonomy=&#8221;diagnostic&#8221; tag_diagnostics=&#8221;mycology&#8221; offset=&#8221;1&#8243; min_height=&#8221;200&#8243; button_bg_color=&#8221;#4d4d4d&#8221; button_bg_hover_color=&#8221;#ffffff&#8221; button_text=&#8221;More&#8221;][\/vc_column_inner][vc_column_inner width=&#8221;1\/3&#8243; css=&#8221;.vc_custom_1468416547451{padding-right: 0px !important;padding-bottom: 10px !important;}&#8221;][mk_flipbox_rb taxonomy=&#8221;diagnostic&#8221; tag_diagnostics=&#8221;mycology&#8221; offset=&#8221;2&#8243; min_height=&#8221;200&#8243; button_bg_color=&#8221;#4d4d4d&#8221; button_bg_hover_color=&#8221;#ffffff&#8221; button_text=&#8221;More&#8221;][\/vc_column_inner][\/vc_row_inner][\/vc_column][\/mk_page_section][mk_page_section bg_color=&#8221;#f7f7f7&#8243; padding_top=&#8221;20&#8243; padding_bottom=&#8221;20&#8243; sidebar=&#8221;sidebar-1&#8243;][vc_column css=&#8221;.vc_custom_1468415774645{padding-top: 0px !important;padding-bottom: 0px !important;}&#8221;][vc_column_text disable_pattern=&#8221;false&#8221; align=&#8221;center&#8221;]\n<h2>Asistencia en relaci\u00f3n con micolog\u00eda<\/h2>\n<p>\u00bfPreguntas? Recurra a los conocimientos especializados de nuestro equipo. Le respaldamos a usted y su empresa en todas las fases del proceso anal\u00edtico para garantizar su \u00e9xito[\/vc_column_text][mk_button dimension=&#8221;flat&#8221; url=&#8221;\/es\/contacto\/&#8221; align=&#8221;center&#8221; margin_bottom=&#8221;&#8221; bg_color=&#8221;#4d4d4d&#8221; btn_hover_bg=&#8221;#ffffff&#8221; btn_hover_txt_color=&#8221;#4d4d4d&#8221;]Escr\u00edbanos[\/mk_button][\/vc_column][\/mk_page_section]\n<\/div>","protected":false},"excerpt":{"rendered":"<p>[mk_page_section padding_top=&#8221;30&#8243; padding_bottom=&#8221;30&#8243; sidebar=&#8221;sidebar-1&#8243;][vc_column width=&#8221;2\/3&#8243;][vc_column_text] De acuerdo con algunas pruebas recientes, la incidencia de las infecciones f\u00fangicas est\u00e1 aumentando. Se ha calculado que aproximadamente mil millones de personas sufren infecciones por hongos cada a\u00f1o. A pesar de que los hongos desempe\u00f1an numerosas funciones esenciales en la homeostasis humana, tambi\u00e9n representan una carga sanitaria en algunos [&hellip;]<\/p>\n","protected":false},"author":1,"featured_media":0,"parent":88515,"menu_order":0,"comment_status":"closed","ping_status":"closed","template":"","meta":{"content-type":"","_relevanssi_hide_post":"","_relevanssi_hide_content":"","_relevanssi_pin_for_all":"","_relevanssi_pin_keywords":"","_relevanssi_unpin_keywords":"","_relevanssi_related_keywords":"","_relevanssi_related_include_ids":"","_relevanssi_related_exclude_ids":"","_relevanssi_related_no_append":"","_relevanssi_related_not_related":"","_relevanssi_related_posts":"","_relevanssi_noindex_reason":"","footnotes":""},"acf":[],"yoast_head":"<!-- This site is optimized with the Yoast SEO plugin v21.9 - https:\/\/yoast.com\/wordpress\/plugins\/seo\/ -->\n<title>Micolog\u00eda: Kits de ensayo para el diagn\u00f3stico de infecciones micol\u00f3gicas<\/title>\n<meta name=\"description\" content=\"La incidencia de las infecciones f\u00fangicas va en aumento. Vea nuestras soluciones innovadoras para diagn\u00f3stico de micolog\u00eda cl\u00ednica aqu\u00ed.\" \/>\n<meta name=\"robots\" content=\"noindex, follow, max-snippet:-1, max-image-preview:large, max-video-preview:-1\" \/>\n<meta property=\"og:locale\" content=\"es_ES\" \/>\n<meta property=\"og:type\" content=\"article\" \/>\n<meta property=\"og:title\" content=\"Micolog\u00eda: Kits de ensayo para el diagn\u00f3stico de infecciones micol\u00f3gicas\" \/>\n<meta property=\"og:description\" content=\"La incidencia de las infecciones f\u00fangicas va en aumento. Vea nuestras soluciones innovadoras para diagn\u00f3stico de micolog\u00eda cl\u00ednica aqu\u00ed.\" \/>\n<meta property=\"og:url\" content=\"https:\/\/devclinical.r-biopharm.com\/es\/diagnostico\/micologia\/\" \/>\n<meta property=\"og:site_name\" content=\"\ud83d\udea8\ud83d\udea8\ud83d\udea8 Staging!!! Clinical Diagnostics \ud83d\udea8\ud83d\udea8\ud83d\udea8\" \/>\n<meta property=\"article:modified_time\" content=\"2019-07-08T12:30:07+00:00\" \/>\n<meta name=\"twitter:label1\" content=\"Est. reading time\" \/>\n\t<meta name=\"twitter:data1\" content=\"3 minutes\" \/>\n<script type=\"application\/ld+json\" class=\"yoast-schema-graph\">{\"@context\":\"https:\/\/schema.org\",\"@graph\":[{\"@type\":\"WebPage\",\"@id\":\"https:\/\/devclinical.r-biopharm.com\/es\/diagnostico\/micologia\/\",\"url\":\"https:\/\/devclinical.r-biopharm.com\/es\/diagnostico\/micologia\/\",\"name\":\"Micolog\u00eda: Kits de ensayo para el diagn\u00f3stico de infecciones micol\u00f3gicas\",\"isPartOf\":{\"@id\":\"https:\/\/devdevclinical.r-biopharm.com\/#website\"},\"datePublished\":\"2015-10-05T09:42:27+00:00\",\"dateModified\":\"2019-07-08T12:30:07+00:00\",\"description\":\"La incidencia de las infecciones f\u00fangicas va en aumento. Vea nuestras soluciones innovadoras para diagn\u00f3stico de micolog\u00eda cl\u00ednica aqu\u00ed.\",\"breadcrumb\":{\"@id\":\"https:\/\/devclinical.r-biopharm.com\/es\/diagnostico\/micologia\/#breadcrumb\"},\"inLanguage\":\"es-ES\",\"potentialAction\":[{\"@type\":\"ReadAction\",\"target\":[\"https:\/\/devclinical.r-biopharm.com\/es\/diagnostico\/micologia\/\"]}]},{\"@type\":\"BreadcrumbList\",\"@id\":\"https:\/\/devclinical.r-biopharm.com\/es\/diagnostico\/micologia\/#breadcrumb\",\"itemListElement\":[{\"@type\":\"ListItem\",\"position\":1,\"name\":\"Home\",\"item\":\"https:\/\/devclinical.r-biopharm.com\/es\/\"},{\"@type\":\"ListItem\",\"position\":2,\"name\":\"Diagn\u00f3stico\",\"item\":\"https:\/\/devclinical.r-biopharm.com\/es\/diagnostico\/\"},{\"@type\":\"ListItem\",\"position\":3,\"name\":\"Micolog\u00eda\"}]},{\"@type\":\"WebSite\",\"@id\":\"https:\/\/devdevclinical.r-biopharm.com\/#website\",\"url\":\"https:\/\/devdevclinical.r-biopharm.com\/\",\"name\":\"\ud83d\udea8\ud83d\udea8\ud83d\udea8 Staging!!! Clinical Diagnostics \ud83d\udea8\ud83d\udea8\ud83d\udea8\",\"description\":\"A Division of the R-Biopharm Group\",\"potentialAction\":[{\"@type\":\"SearchAction\",\"target\":{\"@type\":\"EntryPoint\",\"urlTemplate\":\"https:\/\/devdevclinical.r-biopharm.com\/?s={search_term_string}\"},\"query-input\":\"required name=search_term_string\"}],\"inLanguage\":\"es-ES\"}]}<\/script>\n<!-- \/ Yoast SEO plugin. -->","yoast_head_json":{"title":"Micolog\u00eda: Kits de ensayo para el diagn\u00f3stico de infecciones micol\u00f3gicas","description":"La incidencia de las infecciones f\u00fangicas va en aumento. Vea nuestras soluciones innovadoras para diagn\u00f3stico de micolog\u00eda cl\u00ednica aqu\u00ed.","robots":{"index":"noindex","follow":"follow","max-snippet":"max-snippet:-1","max-image-preview":"max-image-preview:large","max-video-preview":"max-video-preview:-1"},"og_locale":"es_ES","og_type":"article","og_title":"Micolog\u00eda: Kits de ensayo para el diagn\u00f3stico de infecciones micol\u00f3gicas","og_description":"La incidencia de las infecciones f\u00fangicas va en aumento. Vea nuestras soluciones innovadoras para diagn\u00f3stico de micolog\u00eda cl\u00ednica aqu\u00ed.","og_url":"https:\/\/devclinical.r-biopharm.com\/es\/diagnostico\/micologia\/","og_site_name":"\ud83d\udea8\ud83d\udea8\ud83d\udea8 Staging!!! Clinical Diagnostics \ud83d\udea8\ud83d\udea8\ud83d\udea8","article_modified_time":"2019-07-08T12:30:07+00:00","twitter_misc":{"Est. reading time":"3 minutes"},"schema":{"@context":"https:\/\/schema.org","@graph":[{"@type":"WebPage","@id":"https:\/\/devclinical.r-biopharm.com\/es\/diagnostico\/micologia\/","url":"https:\/\/devclinical.r-biopharm.com\/es\/diagnostico\/micologia\/","name":"Micolog\u00eda: Kits de ensayo para el diagn\u00f3stico de infecciones micol\u00f3gicas","isPartOf":{"@id":"https:\/\/devdevclinical.r-biopharm.com\/#website"},"datePublished":"2015-10-05T09:42:27+00:00","dateModified":"2019-07-08T12:30:07+00:00","description":"La incidencia de las infecciones f\u00fangicas va en aumento. Vea nuestras soluciones innovadoras para diagn\u00f3stico de micolog\u00eda cl\u00ednica aqu\u00ed.","breadcrumb":{"@id":"https:\/\/devclinical.r-biopharm.com\/es\/diagnostico\/micologia\/#breadcrumb"},"inLanguage":"es-ES","potentialAction":[{"@type":"ReadAction","target":["https:\/\/devclinical.r-biopharm.com\/es\/diagnostico\/micologia\/"]}]},{"@type":"BreadcrumbList","@id":"https:\/\/devclinical.r-biopharm.com\/es\/diagnostico\/micologia\/#breadcrumb","itemListElement":[{"@type":"ListItem","position":1,"name":"Home","item":"https:\/\/devclinical.r-biopharm.com\/es\/"},{"@type":"ListItem","position":2,"name":"Diagn\u00f3stico","item":"https:\/\/devclinical.r-biopharm.com\/es\/diagnostico\/"},{"@type":"ListItem","position":3,"name":"Micolog\u00eda"}]},{"@type":"WebSite","@id":"https:\/\/devdevclinical.r-biopharm.com\/#website","url":"https:\/\/devdevclinical.r-biopharm.com\/","name":"\ud83d\udea8\ud83d\udea8\ud83d\udea8 Staging!!! Clinical Diagnostics \ud83d\udea8\ud83d\udea8\ud83d\udea8","description":"A Division of the R-Biopharm Group","potentialAction":[{"@type":"SearchAction","target":{"@type":"EntryPoint","urlTemplate":"https:\/\/devdevclinical.r-biopharm.com\/?s={search_term_string}"},"query-input":"required name=search_term_string"}],"inLanguage":"es-ES"}]}},"_links":{"self":[{"href":"https:\/\/devclinical.r-biopharm.com\/es\/wp-json\/wp\/v2\/pages\/88670"}],"collection":[{"href":"https:\/\/devclinical.r-biopharm.com\/es\/wp-json\/wp\/v2\/pages"}],"about":[{"href":"https:\/\/devclinical.r-biopharm.com\/es\/wp-json\/wp\/v2\/types\/page"}],"author":[{"embeddable":true,"href":"https:\/\/devclinical.r-biopharm.com\/es\/wp-json\/wp\/v2\/users\/1"}],"replies":[{"embeddable":true,"href":"https:\/\/devclinical.r-biopharm.com\/es\/wp-json\/wp\/v2\/comments?post=88670"}],"version-history":[{"count":14,"href":"https:\/\/devclinical.r-biopharm.com\/es\/wp-json\/wp\/v2\/pages\/88670\/revisions"}],"predecessor-version":[{"id":97358,"href":"https:\/\/devclinical.r-biopharm.com\/es\/wp-json\/wp\/v2\/pages\/88670\/revisions\/97358"}],"up":[{"embeddable":true,"href":"https:\/\/devclinical.r-biopharm.com\/es\/wp-json\/wp\/v2\/pages\/88515"}],"wp:attachment":[{"href":"https:\/\/devclinical.r-biopharm.com\/es\/wp-json\/wp\/v2\/media?parent=88670"}],"curies":[{"name":"wp","href":"https:\/\/api.w.org\/{rel}","templated":true}]}}