{"id":88693,"date":"2015-10-05T11:44:04","date_gmt":"2015-10-05T09:44:04","guid":{"rendered":"https:\/\/clinical.r-biopharm.com\/indicacion\/infecciones-gastrointestinales\/"},"modified":"2023-02-16T16:25:50","modified_gmt":"2023-02-16T15:25:50","slug":"infecciones-gastrointestinales","status":"publish","type":"page","link":"https:\/\/devclinical.r-biopharm.com\/es\/indicacion\/infecciones-gastrointestinales\/","title":{"rendered":"Infecciones gastrointestinales"},"content":{"rendered":"<div class=\"wpb-content-wrapper\">[mk_page_section padding_top=&#8221;30&#8243; padding_bottom=&#8221;30&#8243; sidebar=&#8221;sidebar-1&#8243;][vc_column width=&#8221;2\/3&#8243;][vc_column_text]<strong>Las infecciones gastrointestinales pueden ser causadas por virus, bacterias o par\u00e1sitos que provocan gastroenteritis, una inflamaci\u00f3n del tubo gastrointestinal que afecta al est\u00f3mago, el intestino delgado y el colon. Los s\u00edntomas t\u00edpicos son diarrea, v\u00f3mitos y dolor abdominal.<\/strong><\/p>\n<p>La enfermedad diarreica es un problema sanitario de gran importancia que causa en torno a 2000 millones de casos de gastroenteritis en todo el mundo y, adem\u00e1s, la diarrea es la segunda causa m\u00e1s frecuente de muerte en ni\u00f1os menores de 5 a\u00f1os. En numerosos casos, las infecciones gastrointestinales remiten espont\u00e1neamente y se resuelven en pocos d\u00edas. Sin embargo, en el entorno sanitario y en poblaciones concretas, como reci\u00e9n nacidos\/lactantes, pacientes inmunodeprimidos y personas de edad avanzada, son potencialmente graves.<\/p>\n<p>Las infecciones gastrointestinales pueden ser causadas por bacterias, virus y par\u00e1sitos, con s\u00edntomas cl\u00ednicos pr\u00e1cticamente id\u00e9nticos, de modo que resulta complicado o pr\u00e1cticamente imposible determinar la causa solo con el cuadro cl\u00ednico.<\/p>\n<p>El diagn\u00f3stico r\u00e1pido, el tratamiento adecuado y el control de la infecci\u00f3n son medidas importantes en estos contextos. Ofrecemos diversos sistemas de ensayo para diagn\u00f3stico de infecciones gastrointestinales, como ELISA, PCR en tiempo real, pruebas r\u00e1pidas, inmunotransferencia y las nuevas pruebas Microspot arrays. La PCR en tiempo real permite la detecci\u00f3n y diferenciaci\u00f3n simult\u00e1neas de virus, bacterias y par\u00e1sitos gastrointestinales.<\/p>\n<p>Ofrecemos an\u00e1lisis de diagn\u00f3stico para la detecci\u00f3n de un gran n\u00famero de pat\u00f3genos:[\/vc_column_text][mk_custom_list style=&#8221;mk-icon-chevron-right&#8221;]\n<ul>\n<li>Virus, incluidos adenovirus, astrovirus, enterovirus, norovirus, rotavirus, sapovirus<\/li>\n<li>Bacterias, incluidas <em>Campylobacter jejuni<\/em>, <em>Clostridium difficile, E. coli, Helicobacter pylori, Salmonella, Staphylococcus aureus, Yersinia enterocolitica<br \/>\n<\/em><\/li>\n<li>Par\u00e1sitos, incluidos<em> Cryptosporidium parvum<\/em>, <em>Dientamoeba fragilis<\/em>, <em>Entamoeba histolytica<\/em>, <em>Giardia lamblia<\/em>.<\/li>\n<\/ul>\n[\/mk_custom_list][\/vc_column][vc_column width=&#8221;1\/3&#8243;][vc_column_text margin_bottom=&#8221;20&#8243;]\n<h3 style=\"margin-bottom: 25px;\">Seleccione una tecnolog\u00eda<\/h3>\n<div class=\"facetwp-facet facetwp-facet-technology_fselect facetwp-type-fselect\" data-name=\"technology_fselect\" data-type=\"fselect\"><\/div>[\/vc_column_text][vc_column_text margin_bottom=&#8221;20&#8243;]\n<h3 style=\"margin-bottom: 25px;\">Seleccione un campo diagn\u00f3stico<\/h3>\n<div class=\"facetwp-facet facetwp-facet-diagnostics_fselect facetwp-type-fselect\" data-name=\"diagnostics_fselect\" data-type=\"fselect\"><\/div>[\/vc_column_text][vc_column_text margin_bottom=&#8221;40&#8243;]\n<h3 style=\"margin-bottom: 25px;\">Seleccione su producto para infecciones gastrointestinales<\/h3>\n<div class=\"facetwp-template\" data-name=\"gastrointestinal_infections\"><ul class=\"product_facets\"><\/ul><\/div>[\/vc_column_text][\/vc_column][\/mk_page_section][mk_page_section bg_color=&#8221;#f7f7f7&#8243; padding_top=&#8221;0&#8243; padding_bottom=&#8221;0&#8243; sidebar=&#8221;sidebar-1&#8243;][vc_column css=&#8221;.vc_custom_1469015765963{margin-top: 25px !important;padding-bottom: 5px !important;}&#8221;][vc_column_text margin_bottom=&#8221;20&#8243; css=&#8221;.vc_custom_1530027540052{margin-bottom: 20px !important;}&#8221;]\n<h2 class=\"knubbel\">Noticias recientes<\/h2>\n[\/vc_column_text][mk_blog_carousel][\/vc_column][\/mk_page_section][mk_page_section bg_color=&#8221;#ffffff&#8221; padding_top=&#8221;0&#8243; sidebar=&#8221;sidebar-1&#8243;][vc_column css=&#8221;.vc_custom_1467042052405{margin-top: 40px !important;}&#8221;][vc_column_text margin_bottom=&#8221;20&#8243;]\n<h2 class=\"knubbel\">Otra informaci\u00f3n de inter\u00e9s<\/h2>\n[\/vc_column_text][vc_row_inner css=&#8221;.vc_custom_1468404266697{margin-bottom: 40px !important;}&#8221;][vc_column_inner width=&#8221;1\/3&#8243; css=&#8221;.vc_custom_1468416557833{padding-bottom: 10px !important;padding-left: 0px !important;}&#8221;][mk_flipbox_rb taxonomy=&#8221;indication&#8221; tag_indication=&#8221;gastrointestinal-infections&#8221; min_height=&#8221;200&#8243; button_bg_color=&#8221;#4d4d4d&#8221; button_bg_hover_color=&#8221;#ffffff&#8221; button_text=&#8221;More&#8221;][\/vc_column_inner][vc_column_inner width=&#8221;1\/3&#8243; css=&#8221;.vc_custom_1468416552613{padding-right: 7.5px !important;padding-bottom: 10px !important;padding-left: 7.5px !important;}&#8221;][mk_flipbox_rb taxonomy=&#8221;indication&#8221; tag_indication=&#8221;gastrointestinal-infections&#8221; offset=&#8221;1&#8243; min_height=&#8221;200&#8243; button_bg_color=&#8221;#4d4d4d&#8221; button_bg_hover_color=&#8221;#ffffff&#8221; button_text=&#8221;More&#8221;][\/vc_column_inner][vc_column_inner width=&#8221;1\/3&#8243; css=&#8221;.vc_custom_1468416547451{padding-right: 0px !important;padding-bottom: 10px !important;}&#8221;][mk_flipbox_rb taxonomy=&#8221;indication&#8221; tag_indication=&#8221;gastrointestinal-infections&#8221; offset=&#8221;2&#8243; min_height=&#8221;200&#8243; button_bg_color=&#8221;#4d4d4d&#8221; button_bg_hover_color=&#8221;#ffffff&#8221; button_text=&#8221;More&#8221;][\/vc_column_inner][\/vc_row_inner][\/vc_column][\/mk_page_section][mk_page_section bg_color=&#8221;#f7f7f7&#8243; padding_top=&#8221;20&#8243; padding_bottom=&#8221;20&#8243; sidebar=&#8221;sidebar-1&#8243;][vc_column css=&#8221;.vc_custom_1468415774645{padding-top: 0px !important;padding-bottom: 0px !important;}&#8221;][vc_column_text disable_pattern=&#8221;false&#8221; align=&#8221;center&#8221;]\n<h2>Asistencia en relaci\u00f3n con las infecciones gastrointestinales<\/h2>\n<p>\u00bfPreguntas? Recurra a los conocimientos especializados de nuestro equipo. Le respaldamos a usted y su empresa en todas las fases del proceso anal\u00edtico para garantizar su \u00e9xito[\/vc_column_text][mk_button dimension=&#8221;flat&#8221; url=&#8221;\/es\/contacto\/&#8221; align=&#8221;center&#8221; margin_bottom=&#8221;&#8221; bg_color=&#8221;#4d4d4d&#8221; btn_hover_bg=&#8221;#ffffff&#8221; btn_hover_txt_color=&#8221;#4d4d4d&#8221;]Escr\u00edbanos[\/mk_button][\/vc_column][\/mk_page_section]\n<\/div>","protected":false},"excerpt":{"rendered":"<p>[mk_page_section padding_top=&#8221;30&#8243; padding_bottom=&#8221;30&#8243; sidebar=&#8221;sidebar-1&#8243;][vc_column width=&#8221;2\/3&#8243;][vc_column_text]Las infecciones gastrointestinales pueden ser causadas por virus, bacterias o par\u00e1sitos que provocan gastroenteritis, una inflamaci\u00f3n del tubo gastrointestinal que afecta al est\u00f3mago, el intestino delgado y el colon. Los s\u00edntomas t\u00edpicos son diarrea, v\u00f3mitos y dolor abdominal. La enfermedad diarreica es un problema sanitario de gran importancia que causa en [&hellip;]<\/p>\n","protected":false},"author":1,"featured_media":0,"parent":88547,"menu_order":0,"comment_status":"closed","ping_status":"closed","template":"","meta":{"content-type":"","_relevanssi_hide_post":"","_relevanssi_hide_content":"","_relevanssi_pin_for_all":"","_relevanssi_pin_keywords":"","_relevanssi_unpin_keywords":"","_relevanssi_related_keywords":"","_relevanssi_related_include_ids":"","_relevanssi_related_exclude_ids":"","_relevanssi_related_no_append":"","_relevanssi_related_not_related":"","_relevanssi_related_posts":"","_relevanssi_noindex_reason":"","footnotes":""},"acf":[],"yoast_head":"<!-- This site is optimized with the Yoast SEO plugin v21.9 - https:\/\/yoast.com\/wordpress\/plugins\/seo\/ -->\n<title>Infecciones gastrointestinales: Soluciones modernas para diagn\u00f3stico de infecciones<\/title>\n<meta name=\"description\" content=\"Diversas bacterias, virus y par\u00e1sitos pueden provocar infecciones gastrointestinales. Nuestros sistemas de an\u00e1lisis garantizan un diagn\u00f3stico fiable y, como resultado, el tratamiento correcto.\" \/>\n<meta name=\"robots\" content=\"noindex, follow, max-snippet:-1, max-image-preview:large, max-video-preview:-1\" \/>\n<meta property=\"og:locale\" content=\"es_ES\" \/>\n<meta property=\"og:type\" content=\"article\" \/>\n<meta property=\"og:title\" content=\"Infecciones gastrointestinales: Soluciones modernas para diagn\u00f3stico de infecciones\" \/>\n<meta property=\"og:description\" content=\"Diversas bacterias, virus y par\u00e1sitos pueden provocar infecciones gastrointestinales. Nuestros sistemas de an\u00e1lisis garantizan un diagn\u00f3stico fiable y, como resultado, el tratamiento correcto.\" \/>\n<meta property=\"og:url\" content=\"https:\/\/devclinical.r-biopharm.com\/es\/indicacion\/infecciones-gastrointestinales\/\" \/>\n<meta property=\"og:site_name\" content=\"\ud83d\udea8\ud83d\udea8\ud83d\udea8 Staging!!! Clinical Diagnostics \ud83d\udea8\ud83d\udea8\ud83d\udea8\" \/>\n<meta property=\"article:modified_time\" content=\"2023-02-16T15:25:50+00:00\" \/>\n<meta name=\"twitter:label1\" content=\"Est. reading time\" \/>\n\t<meta name=\"twitter:data1\" content=\"3 minutes\" \/>\n<script type=\"application\/ld+json\" class=\"yoast-schema-graph\">{\"@context\":\"https:\/\/schema.org\",\"@graph\":[{\"@type\":\"WebPage\",\"@id\":\"https:\/\/devclinical.r-biopharm.com\/es\/indicacion\/infecciones-gastrointestinales\/\",\"url\":\"https:\/\/devclinical.r-biopharm.com\/es\/indicacion\/infecciones-gastrointestinales\/\",\"name\":\"Infecciones gastrointestinales: Soluciones modernas para diagn\u00f3stico de infecciones\",\"isPartOf\":{\"@id\":\"https:\/\/devdevclinical.r-biopharm.com\/#website\"},\"datePublished\":\"2015-10-05T09:44:04+00:00\",\"dateModified\":\"2023-02-16T15:25:50+00:00\",\"description\":\"Diversas bacterias, virus y par\u00e1sitos pueden provocar infecciones gastrointestinales. Nuestros sistemas de an\u00e1lisis garantizan un diagn\u00f3stico fiable y, como resultado, el tratamiento correcto.\",\"breadcrumb\":{\"@id\":\"https:\/\/devclinical.r-biopharm.com\/es\/indicacion\/infecciones-gastrointestinales\/#breadcrumb\"},\"inLanguage\":\"es-ES\",\"potentialAction\":[{\"@type\":\"ReadAction\",\"target\":[\"https:\/\/devclinical.r-biopharm.com\/es\/indicacion\/infecciones-gastrointestinales\/\"]}]},{\"@type\":\"BreadcrumbList\",\"@id\":\"https:\/\/devclinical.r-biopharm.com\/es\/indicacion\/infecciones-gastrointestinales\/#breadcrumb\",\"itemListElement\":[{\"@type\":\"ListItem\",\"position\":1,\"name\":\"Home\",\"item\":\"https:\/\/devclinical.r-biopharm.com\/es\/\"},{\"@type\":\"ListItem\",\"position\":2,\"name\":\"Indicaci\u00f3n\",\"item\":\"https:\/\/devclinical.r-biopharm.com\/es\/indicacion\/\"},{\"@type\":\"ListItem\",\"position\":3,\"name\":\"Infecciones gastrointestinales\"}]},{\"@type\":\"WebSite\",\"@id\":\"https:\/\/devdevclinical.r-biopharm.com\/#website\",\"url\":\"https:\/\/devdevclinical.r-biopharm.com\/\",\"name\":\"\ud83d\udea8\ud83d\udea8\ud83d\udea8 Staging!!! Clinical Diagnostics \ud83d\udea8\ud83d\udea8\ud83d\udea8\",\"description\":\"A Division of the R-Biopharm Group\",\"potentialAction\":[{\"@type\":\"SearchAction\",\"target\":{\"@type\":\"EntryPoint\",\"urlTemplate\":\"https:\/\/devdevclinical.r-biopharm.com\/?s={search_term_string}\"},\"query-input\":\"required name=search_term_string\"}],\"inLanguage\":\"es-ES\"}]}<\/script>\n<!-- \/ Yoast SEO plugin. -->","yoast_head_json":{"title":"Infecciones gastrointestinales: Soluciones modernas para diagn\u00f3stico de infecciones","description":"Diversas bacterias, virus y par\u00e1sitos pueden provocar infecciones gastrointestinales. Nuestros sistemas de an\u00e1lisis garantizan un diagn\u00f3stico fiable y, como resultado, el tratamiento correcto.","robots":{"index":"noindex","follow":"follow","max-snippet":"max-snippet:-1","max-image-preview":"max-image-preview:large","max-video-preview":"max-video-preview:-1"},"og_locale":"es_ES","og_type":"article","og_title":"Infecciones gastrointestinales: Soluciones modernas para diagn\u00f3stico de infecciones","og_description":"Diversas bacterias, virus y par\u00e1sitos pueden provocar infecciones gastrointestinales. Nuestros sistemas de an\u00e1lisis garantizan un diagn\u00f3stico fiable y, como resultado, el tratamiento correcto.","og_url":"https:\/\/devclinical.r-biopharm.com\/es\/indicacion\/infecciones-gastrointestinales\/","og_site_name":"\ud83d\udea8\ud83d\udea8\ud83d\udea8 Staging!!! Clinical Diagnostics \ud83d\udea8\ud83d\udea8\ud83d\udea8","article_modified_time":"2023-02-16T15:25:50+00:00","twitter_misc":{"Est. reading time":"3 minutes"},"schema":{"@context":"https:\/\/schema.org","@graph":[{"@type":"WebPage","@id":"https:\/\/devclinical.r-biopharm.com\/es\/indicacion\/infecciones-gastrointestinales\/","url":"https:\/\/devclinical.r-biopharm.com\/es\/indicacion\/infecciones-gastrointestinales\/","name":"Infecciones gastrointestinales: Soluciones modernas para diagn\u00f3stico de infecciones","isPartOf":{"@id":"https:\/\/devdevclinical.r-biopharm.com\/#website"},"datePublished":"2015-10-05T09:44:04+00:00","dateModified":"2023-02-16T15:25:50+00:00","description":"Diversas bacterias, virus y par\u00e1sitos pueden provocar infecciones gastrointestinales. Nuestros sistemas de an\u00e1lisis garantizan un diagn\u00f3stico fiable y, como resultado, el tratamiento correcto.","breadcrumb":{"@id":"https:\/\/devclinical.r-biopharm.com\/es\/indicacion\/infecciones-gastrointestinales\/#breadcrumb"},"inLanguage":"es-ES","potentialAction":[{"@type":"ReadAction","target":["https:\/\/devclinical.r-biopharm.com\/es\/indicacion\/infecciones-gastrointestinales\/"]}]},{"@type":"BreadcrumbList","@id":"https:\/\/devclinical.r-biopharm.com\/es\/indicacion\/infecciones-gastrointestinales\/#breadcrumb","itemListElement":[{"@type":"ListItem","position":1,"name":"Home","item":"https:\/\/devclinical.r-biopharm.com\/es\/"},{"@type":"ListItem","position":2,"name":"Indicaci\u00f3n","item":"https:\/\/devclinical.r-biopharm.com\/es\/indicacion\/"},{"@type":"ListItem","position":3,"name":"Infecciones gastrointestinales"}]},{"@type":"WebSite","@id":"https:\/\/devdevclinical.r-biopharm.com\/#website","url":"https:\/\/devdevclinical.r-biopharm.com\/","name":"\ud83d\udea8\ud83d\udea8\ud83d\udea8 Staging!!! Clinical Diagnostics \ud83d\udea8\ud83d\udea8\ud83d\udea8","description":"A Division of the R-Biopharm Group","potentialAction":[{"@type":"SearchAction","target":{"@type":"EntryPoint","urlTemplate":"https:\/\/devdevclinical.r-biopharm.com\/?s={search_term_string}"},"query-input":"required name=search_term_string"}],"inLanguage":"es-ES"}]}},"_links":{"self":[{"href":"https:\/\/devclinical.r-biopharm.com\/es\/wp-json\/wp\/v2\/pages\/88693"}],"collection":[{"href":"https:\/\/devclinical.r-biopharm.com\/es\/wp-json\/wp\/v2\/pages"}],"about":[{"href":"https:\/\/devclinical.r-biopharm.com\/es\/wp-json\/wp\/v2\/types\/page"}],"author":[{"embeddable":true,"href":"https:\/\/devclinical.r-biopharm.com\/es\/wp-json\/wp\/v2\/users\/1"}],"replies":[{"embeddable":true,"href":"https:\/\/devclinical.r-biopharm.com\/es\/wp-json\/wp\/v2\/comments?post=88693"}],"version-history":[{"count":16,"href":"https:\/\/devclinical.r-biopharm.com\/es\/wp-json\/wp\/v2\/pages\/88693\/revisions"}],"predecessor-version":[{"id":172624,"href":"https:\/\/devclinical.r-biopharm.com\/es\/wp-json\/wp\/v2\/pages\/88693\/revisions\/172624"}],"up":[{"embeddable":true,"href":"https:\/\/devclinical.r-biopharm.com\/es\/wp-json\/wp\/v2\/pages\/88547"}],"wp:attachment":[{"href":"https:\/\/devclinical.r-biopharm.com\/es\/wp-json\/wp\/v2\/media?parent=88693"}],"curies":[{"name":"wp","href":"https:\/\/api.w.org\/{rel}","templated":true}]}}