{"id":88715,"date":"2015-10-05T11:44:13","date_gmt":"2015-10-05T09:44:13","guid":{"rendered":"https:\/\/clinical.r-biopharm.com\/indicacion\/infecciones-contraidas-en-el-hospital\/"},"modified":"2019-07-08T15:09:58","modified_gmt":"2019-07-08T13:09:58","slug":"infecciones-contraidas-en-el-hospital","status":"publish","type":"page","link":"https:\/\/devclinical.r-biopharm.com\/es\/indicacion\/infecciones-contraidas-en-el-hospital\/","title":{"rendered":"Infecciones contra\u00eddas en el hospital"},"content":{"rendered":"<div class=\"wpb-content-wrapper\">[mk_page_section padding_top=&#8221;30&#8243; padding_bottom=&#8221;30&#8243; sidebar=&#8221;sidebar-1&#8243;][vc_column width=&#8221;2\/3&#8243;][vc_column_text]<strong>Las infecciones contra\u00eddas en el hospital, tambi\u00e9n conocidas como infecciones nosocomiales, son infecciones que se han contra\u00eddo durante la hospitalizaci\u00f3n o durante el tratamiento en un hospital u otra instalaci\u00f3n cl\u00ednica.<\/strong><\/p>\n<p>Las infecciones pueden propagarse, por ejemplo, a trav\u00e9s del personal sanitario, por equipos contaminados, en la ropa de capa o por gotitas en el aire. Las infecciones contra\u00eddas en el hospital se clasifican como:[\/vc_column_text][mk_custom_list style=&#8221;mk-moon-circle-small&#8221;]\n<ul>\n<li>Infecciones ex\u00f3genas: infecciones debidas a un pat\u00f3geno en el entorno del paciente<\/li>\n<li>Infecciones end\u00f3genas: pueden agruparse en infecciones primarias y secundarias. Las infecciones end\u00f3genas primarias son las causadas por pat\u00f3genos de la propia flora del paciente. Si el pat\u00f3geno se ha introducido en la flora del paciente y ha provocado una infecci\u00f3n durante la administraci\u00f3n de un tratamiento, se denomina infecci\u00f3n end\u00f3gena secundaria.<\/li>\n<\/ul>\n[\/mk_custom_list][vc_column_text]Los tipos m\u00e1s frecuentes de infecciones contra\u00eddas en el hospital son las infecciones de las v\u00edas urinarias, septicemia causada por cat\u00e9teres venosos, neumon\u00eda e infecciones despu\u00e9s de una intervenci\u00f3n quir\u00fargica. En el caso de las infecciones gastrointestinales contra\u00eddas en el hospital, el <em>Clostridium difficile<\/em> es el pat\u00f3geno m\u00e1s frecuente. Se sabe que todos los tipos de microorganismos, incluidas bacterias y hongos, pueden provocar infecciones asociadas al hospital que resultan dif\u00edciles de tratar, especialmente en caso de cepas resistentes a antibi\u00f3ticos, como el <em>Staphylococcus aureus<\/em> resistente a la meticilina (SARM).<\/p>\n<p>Seg\u00fan los Centros de Control y Prevenci\u00f3n de Enfermedades (CDC, Centers of Disease Control), al menos uno de cada 25 pacientes hospitalizados aproximadamente tiene una infecci\u00f3n asociada a la atenci\u00f3n sanitaria cada d\u00eda. De acuerdo con una Encuesta de prevalencia de infecciones contra\u00eddas en el hospital, en 2011 se estimaron en aproximadamente 722 000 las infecciones contra\u00eddas en hospitales de cuidados intensivos en EE. UU. Adem\u00e1s, 75 000 pacientes con infecciones contra\u00eddas en el hospital fallecieron durante la hospitalizaci\u00f3n. En Europa, se estima que dos tercios de las 25 000 muertes anuales est\u00e1n causadas por infecciones por bacterias gram-negativas.<\/p>\n<p>Las razones principales que influyen en la aparici\u00f3n de infecciones contra\u00eddas en el hospital incluyen la edad y enfermedad de los pacientes, los conocimientos del personal sanitario sobre procedimientos higi\u00e9nicos y de prevenci\u00f3n de infecciones, as\u00ed como la organizaci\u00f3n de los hospitales. Los protocolos de saneamiento incluyen, por ejemplo, esterilizaci\u00f3n del equipo, lavado de manos meticuloso, lavados con alcohol antes y despu\u00e9s del contacto con cada paciente y uso m\u00e1s cuidadoso de los antibi\u00f3ticos. Los estudios han demostrado que las tasas de infecciones contra\u00eddas en el hospital de algunas infecciones pueden reducirse en m\u00e1s de un 70\u00a0% si el personal sanitario conoce los problemas con las infecciones y si se respetan los protocolos de saneamiento.[\/vc_column_text][\/vc_column][vc_column width=&#8221;1\/3&#8243;][vc_column_text margin_bottom=&#8221;20&#8243;]\n<h3 style=\"margin-bottom: 25px;\">Seleccione una tecnolog\u00eda<\/h3>\n<div class=\"facetwp-facet facetwp-facet-technology_fselect facetwp-type-fselect\" data-name=\"technology_fselect\" data-type=\"fselect\"><\/div>[\/vc_column_text][vc_column_text margin_bottom=&#8221;20&#8243;]\n<h3 style=\"margin-bottom: 25px;\">Seleccione un campo diagn\u00f3stico<\/h3>\n<div class=\"facetwp-facet facetwp-facet-diagnostics_fselect facetwp-type-fselect\" data-name=\"diagnostics_fselect\" data-type=\"fselect\"><\/div>[\/vc_column_text][vc_column_text margin_bottom=&#8221;40&#8243;]\n<h3 style=\"margin-bottom: 25px;\">Seleccione su producto para infecciones nosocomiales<\/h3>\n<div class=\"facetwp-template\" data-name=\"hospital_acquired_infections\"><ul class=\"product_facets\"><\/ul><\/div>[\/vc_column_text][\/vc_column][\/mk_page_section][mk_page_section bg_color=&#8221;#f7f7f7&#8243; padding_top=&#8221;0&#8243; padding_bottom=&#8221;0&#8243; sidebar=&#8221;sidebar-1&#8243;][vc_column css=&#8221;.vc_custom_1469015765963{margin-top: 25px !important;padding-bottom: 5px !important;}&#8221;][vc_column_text margin_bottom=&#8221;20&#8243; css=&#8221;.vc_custom_1530027555132{margin-bottom: 20px !important;}&#8221;]\n<h2 class=\"knubbel\">Noticias recientes<\/h2>\n[\/vc_column_text][mk_blog_carousel][\/vc_column][\/mk_page_section][mk_page_section bg_color=&#8221;#ffffff&#8221; padding_top=&#8221;0&#8243; sidebar=&#8221;sidebar-1&#8243;][vc_column css=&#8221;.vc_custom_1467042052405{margin-top: 40px !important;}&#8221;][vc_column_text margin_bottom=&#8221;20&#8243;]\n<h2 class=\"knubbel\">Otra informaci\u00f3n de inter\u00e9s<\/h2>\n[\/vc_column_text][vc_row_inner css=&#8221;.vc_custom_1468404266697{margin-bottom: 40px !important;}&#8221;][vc_column_inner width=&#8221;1\/3&#8243; css=&#8221;.vc_custom_1468416557833{padding-bottom: 10px !important;padding-left: 0px !important;}&#8221;][mk_flipbox_rb taxonomy=&#8221;indication&#8221; tag_indication=&#8221;hospital-acquired-infections&#8221; min_height=&#8221;200&#8243; button_bg_color=&#8221;#4d4d4d&#8221; button_bg_hover_color=&#8221;#ffffff&#8221; button_text=&#8221;More&#8221;][\/vc_column_inner][vc_column_inner width=&#8221;1\/3&#8243; css=&#8221;.vc_custom_1468416552613{padding-right: 7.5px !important;padding-bottom: 10px !important;padding-left: 7.5px !important;}&#8221;][mk_flipbox_rb taxonomy=&#8221;indication&#8221; tag_indication=&#8221;hospital-acquired-infections&#8221; offset=&#8221;1&#8243; min_height=&#8221;200&#8243; button_bg_color=&#8221;#4d4d4d&#8221; button_bg_hover_color=&#8221;#ffffff&#8221; button_text=&#8221;More&#8221;][\/vc_column_inner][vc_column_inner width=&#8221;1\/3&#8243; css=&#8221;.vc_custom_1468416547451{padding-right: 0px !important;padding-bottom: 10px !important;}&#8221;][mk_flipbox_rb taxonomy=&#8221;indication&#8221; tag_indication=&#8221;hospital-acquired-infections&#8221; offset=&#8221;2&#8243; min_height=&#8221;200&#8243; button_bg_color=&#8221;#4d4d4d&#8221; button_bg_hover_color=&#8221;#ffffff&#8221; button_text=&#8221;More&#8221;][\/vc_column_inner][\/vc_row_inner][\/vc_column][\/mk_page_section][mk_page_section bg_color=&#8221;#f7f7f7&#8243; padding_top=&#8221;20&#8243; padding_bottom=&#8221;20&#8243; sidebar=&#8221;sidebar-1&#8243;][vc_column css=&#8221;.vc_custom_1468415774645{padding-top: 0px !important;padding-bottom: 0px !important;}&#8221;][vc_column_text disable_pattern=&#8221;false&#8221; align=&#8221;center&#8221;]\n<h2>Asistencia en relaci\u00f3n con las infecciones contra\u00eddas en el hospital<\/h2>\n<p>\u00bfPreguntas? Recurra a los conocimientos especializados de nuestro equipo. Le respaldamos a usted y su empresa en todas las fases del proceso anal\u00edtico para garantizar su \u00e9xito[\/vc_column_text][mk_button dimension=&#8221;flat&#8221; url=&#8221;\/es\/contacto\/&#8221; align=&#8221;center&#8221; margin_bottom=&#8221;&#8221; bg_color=&#8221;#4d4d4d&#8221; btn_hover_bg=&#8221;#ffffff&#8221; btn_hover_txt_color=&#8221;#4d4d4d&#8221;]Escr\u00edbanos[\/mk_button][\/vc_column][\/mk_page_section]\n<\/div>","protected":false},"excerpt":{"rendered":"<p>[mk_page_section padding_top=&#8221;30&#8243; padding_bottom=&#8221;30&#8243; sidebar=&#8221;sidebar-1&#8243;][vc_column width=&#8221;2\/3&#8243;][vc_column_text]Las infecciones contra\u00eddas en el hospital, tambi\u00e9n conocidas como infecciones nosocomiales, son infecciones que se han contra\u00eddo durante la hospitalizaci\u00f3n o durante el tratamiento en un hospital u otra instalaci\u00f3n cl\u00ednica. Las infecciones pueden propagarse, por ejemplo, a trav\u00e9s del personal sanitario, por equipos contaminados, en la ropa de capa o [&hellip;]<\/p>\n","protected":false},"author":1,"featured_media":0,"parent":88547,"menu_order":0,"comment_status":"closed","ping_status":"closed","template":"","meta":{"content-type":"","_relevanssi_hide_post":"","_relevanssi_hide_content":"","_relevanssi_pin_for_all":"","_relevanssi_pin_keywords":"","_relevanssi_unpin_keywords":"","_relevanssi_related_keywords":"","_relevanssi_related_include_ids":"","_relevanssi_related_exclude_ids":"","_relevanssi_related_no_append":"","_relevanssi_related_not_related":"","_relevanssi_related_posts":"","_relevanssi_noindex_reason":"","footnotes":""},"acf":[],"yoast_head":"<!-- This site is optimized with the Yoast SEO plugin v21.9 - https:\/\/yoast.com\/wordpress\/plugins\/seo\/ -->\n<title>Infecciones contra\u00eddas en el hospital: Soluciones eficientes para diagn\u00f3stico de infecciones<\/title>\n<meta name=\"description\" content=\"Las infecciones contra\u00eddas en el hospital, tambi\u00e9n denominadas infecciones nosocomiales, pueden deberse a diversos pat\u00f3genos. Ofrecemos sistemas de an\u00e1lisis para un diagn\u00f3stico fiable.\" \/>\n<meta name=\"robots\" content=\"noindex, follow, max-snippet:-1, max-image-preview:large, max-video-preview:-1\" \/>\n<meta property=\"og:locale\" content=\"es_ES\" \/>\n<meta property=\"og:type\" content=\"article\" \/>\n<meta property=\"og:title\" content=\"Infecciones contra\u00eddas en el hospital: Soluciones eficientes para diagn\u00f3stico de infecciones\" \/>\n<meta property=\"og:description\" content=\"Las infecciones contra\u00eddas en el hospital, tambi\u00e9n denominadas infecciones nosocomiales, pueden deberse a diversos pat\u00f3genos. Ofrecemos sistemas de an\u00e1lisis para un diagn\u00f3stico fiable.\" \/>\n<meta property=\"og:url\" content=\"https:\/\/devclinical.r-biopharm.com\/es\/indicacion\/infecciones-contraidas-en-el-hospital\/\" \/>\n<meta property=\"og:site_name\" content=\"\ud83d\udea8\ud83d\udea8\ud83d\udea8 Staging!!! Clinical Diagnostics \ud83d\udea8\ud83d\udea8\ud83d\udea8\" \/>\n<meta property=\"article:modified_time\" content=\"2019-07-08T13:09:58+00:00\" \/>\n<meta name=\"twitter:label1\" content=\"Est. reading time\" \/>\n\t<meta name=\"twitter:data1\" content=\"5 minutes\" \/>\n<script type=\"application\/ld+json\" class=\"yoast-schema-graph\">{\"@context\":\"https:\/\/schema.org\",\"@graph\":[{\"@type\":\"WebPage\",\"@id\":\"https:\/\/devclinical.r-biopharm.com\/es\/indicacion\/infecciones-contraidas-en-el-hospital\/\",\"url\":\"https:\/\/devclinical.r-biopharm.com\/es\/indicacion\/infecciones-contraidas-en-el-hospital\/\",\"name\":\"Infecciones contra\u00eddas en el hospital: Soluciones eficientes para diagn\u00f3stico de infecciones\",\"isPartOf\":{\"@id\":\"https:\/\/devdevclinical.r-biopharm.com\/#website\"},\"datePublished\":\"2015-10-05T09:44:13+00:00\",\"dateModified\":\"2019-07-08T13:09:58+00:00\",\"description\":\"Las infecciones contra\u00eddas en el hospital, tambi\u00e9n denominadas infecciones nosocomiales, pueden deberse a diversos pat\u00f3genos. Ofrecemos sistemas de an\u00e1lisis para un diagn\u00f3stico fiable.\",\"breadcrumb\":{\"@id\":\"https:\/\/devclinical.r-biopharm.com\/es\/indicacion\/infecciones-contraidas-en-el-hospital\/#breadcrumb\"},\"inLanguage\":\"es-ES\",\"potentialAction\":[{\"@type\":\"ReadAction\",\"target\":[\"https:\/\/devclinical.r-biopharm.com\/es\/indicacion\/infecciones-contraidas-en-el-hospital\/\"]}]},{\"@type\":\"BreadcrumbList\",\"@id\":\"https:\/\/devclinical.r-biopharm.com\/es\/indicacion\/infecciones-contraidas-en-el-hospital\/#breadcrumb\",\"itemListElement\":[{\"@type\":\"ListItem\",\"position\":1,\"name\":\"Home\",\"item\":\"https:\/\/devclinical.r-biopharm.com\/es\/\"},{\"@type\":\"ListItem\",\"position\":2,\"name\":\"Indicaci\u00f3n\",\"item\":\"https:\/\/devclinical.r-biopharm.com\/es\/indicacion\/\"},{\"@type\":\"ListItem\",\"position\":3,\"name\":\"Infecciones contra\u00eddas en el hospital\"}]},{\"@type\":\"WebSite\",\"@id\":\"https:\/\/devdevclinical.r-biopharm.com\/#website\",\"url\":\"https:\/\/devdevclinical.r-biopharm.com\/\",\"name\":\"\ud83d\udea8\ud83d\udea8\ud83d\udea8 Staging!!! Clinical Diagnostics \ud83d\udea8\ud83d\udea8\ud83d\udea8\",\"description\":\"A Division of the R-Biopharm Group\",\"potentialAction\":[{\"@type\":\"SearchAction\",\"target\":{\"@type\":\"EntryPoint\",\"urlTemplate\":\"https:\/\/devdevclinical.r-biopharm.com\/?s={search_term_string}\"},\"query-input\":\"required name=search_term_string\"}],\"inLanguage\":\"es-ES\"}]}<\/script>\n<!-- \/ Yoast SEO plugin. -->","yoast_head_json":{"title":"Infecciones contra\u00eddas en el hospital: Soluciones eficientes para diagn\u00f3stico de infecciones","description":"Las infecciones contra\u00eddas en el hospital, tambi\u00e9n denominadas infecciones nosocomiales, pueden deberse a diversos pat\u00f3genos. Ofrecemos sistemas de an\u00e1lisis para un diagn\u00f3stico fiable.","robots":{"index":"noindex","follow":"follow","max-snippet":"max-snippet:-1","max-image-preview":"max-image-preview:large","max-video-preview":"max-video-preview:-1"},"og_locale":"es_ES","og_type":"article","og_title":"Infecciones contra\u00eddas en el hospital: Soluciones eficientes para diagn\u00f3stico de infecciones","og_description":"Las infecciones contra\u00eddas en el hospital, tambi\u00e9n denominadas infecciones nosocomiales, pueden deberse a diversos pat\u00f3genos. Ofrecemos sistemas de an\u00e1lisis para un diagn\u00f3stico fiable.","og_url":"https:\/\/devclinical.r-biopharm.com\/es\/indicacion\/infecciones-contraidas-en-el-hospital\/","og_site_name":"\ud83d\udea8\ud83d\udea8\ud83d\udea8 Staging!!! Clinical Diagnostics \ud83d\udea8\ud83d\udea8\ud83d\udea8","article_modified_time":"2019-07-08T13:09:58+00:00","twitter_misc":{"Est. reading time":"5 minutes"},"schema":{"@context":"https:\/\/schema.org","@graph":[{"@type":"WebPage","@id":"https:\/\/devclinical.r-biopharm.com\/es\/indicacion\/infecciones-contraidas-en-el-hospital\/","url":"https:\/\/devclinical.r-biopharm.com\/es\/indicacion\/infecciones-contraidas-en-el-hospital\/","name":"Infecciones contra\u00eddas en el hospital: Soluciones eficientes para diagn\u00f3stico de infecciones","isPartOf":{"@id":"https:\/\/devdevclinical.r-biopharm.com\/#website"},"datePublished":"2015-10-05T09:44:13+00:00","dateModified":"2019-07-08T13:09:58+00:00","description":"Las infecciones contra\u00eddas en el hospital, tambi\u00e9n denominadas infecciones nosocomiales, pueden deberse a diversos pat\u00f3genos. Ofrecemos sistemas de an\u00e1lisis para un diagn\u00f3stico fiable.","breadcrumb":{"@id":"https:\/\/devclinical.r-biopharm.com\/es\/indicacion\/infecciones-contraidas-en-el-hospital\/#breadcrumb"},"inLanguage":"es-ES","potentialAction":[{"@type":"ReadAction","target":["https:\/\/devclinical.r-biopharm.com\/es\/indicacion\/infecciones-contraidas-en-el-hospital\/"]}]},{"@type":"BreadcrumbList","@id":"https:\/\/devclinical.r-biopharm.com\/es\/indicacion\/infecciones-contraidas-en-el-hospital\/#breadcrumb","itemListElement":[{"@type":"ListItem","position":1,"name":"Home","item":"https:\/\/devclinical.r-biopharm.com\/es\/"},{"@type":"ListItem","position":2,"name":"Indicaci\u00f3n","item":"https:\/\/devclinical.r-biopharm.com\/es\/indicacion\/"},{"@type":"ListItem","position":3,"name":"Infecciones contra\u00eddas en el hospital"}]},{"@type":"WebSite","@id":"https:\/\/devdevclinical.r-biopharm.com\/#website","url":"https:\/\/devdevclinical.r-biopharm.com\/","name":"\ud83d\udea8\ud83d\udea8\ud83d\udea8 Staging!!! Clinical Diagnostics \ud83d\udea8\ud83d\udea8\ud83d\udea8","description":"A Division of the R-Biopharm Group","potentialAction":[{"@type":"SearchAction","target":{"@type":"EntryPoint","urlTemplate":"https:\/\/devdevclinical.r-biopharm.com\/?s={search_term_string}"},"query-input":"required name=search_term_string"}],"inLanguage":"es-ES"}]}},"_links":{"self":[{"href":"https:\/\/devclinical.r-biopharm.com\/es\/wp-json\/wp\/v2\/pages\/88715"}],"collection":[{"href":"https:\/\/devclinical.r-biopharm.com\/es\/wp-json\/wp\/v2\/pages"}],"about":[{"href":"https:\/\/devclinical.r-biopharm.com\/es\/wp-json\/wp\/v2\/types\/page"}],"author":[{"embeddable":true,"href":"https:\/\/devclinical.r-biopharm.com\/es\/wp-json\/wp\/v2\/users\/1"}],"replies":[{"embeddable":true,"href":"https:\/\/devclinical.r-biopharm.com\/es\/wp-json\/wp\/v2\/comments?post=88715"}],"version-history":[{"count":16,"href":"https:\/\/devclinical.r-biopharm.com\/es\/wp-json\/wp\/v2\/pages\/88715\/revisions"}],"predecessor-version":[{"id":97389,"href":"https:\/\/devclinical.r-biopharm.com\/es\/wp-json\/wp\/v2\/pages\/88715\/revisions\/97389"}],"up":[{"embeddable":true,"href":"https:\/\/devclinical.r-biopharm.com\/es\/wp-json\/wp\/v2\/pages\/88547"}],"wp:attachment":[{"href":"https:\/\/devclinical.r-biopharm.com\/es\/wp-json\/wp\/v2\/media?parent=88715"}],"curies":[{"name":"wp","href":"https:\/\/api.w.org\/{rel}","templated":true}]}}