{"id":88737,"date":"2015-10-05T11:44:21","date_gmt":"2015-10-05T09:44:21","guid":{"rendered":"https:\/\/clinical.r-biopharm.com\/indicacion\/infecciones-respiratorias\/"},"modified":"2019-07-08T15:31:36","modified_gmt":"2019-07-08T13:31:36","slug":"infecciones-respiratorias","status":"publish","type":"page","link":"https:\/\/devclinical.r-biopharm.com\/es\/indicacion\/infecciones-respiratorias\/","title":{"rendered":"Infecciones respiratorias"},"content":{"rendered":"<div class=\"wpb-content-wrapper\">[mk_page_section padding_top=&#8221;30&#8243; padding_bottom=&#8221;30&#8243; sidebar=&#8221;sidebar-1&#8243;][vc_column width=&#8221;2\/3&#8243;][vc_column_text]<strong>Los pat\u00f3genos respiratorios est\u00e1n presentes en todo el mundo y causan brotes y s\u00edntomas graves. Las infecciones de las v\u00edas respiratorias afectan a todos los grupos de edad y son una causa significativa de mortalidad, especialmente en pacientes inmunodeprimidos.<\/strong><\/p>\n<p>De acuerdo con las estad\u00edsticas de la UE, en 2012, el 8 % de todas las muertes tuvieron su causa en enfermedades del sistema respiratorio. Los pat\u00f3genos pueden ser cualquier tipo de microorganismo, aunque los virus son los causantes de la mayor parte de las infecciones. Las infecciones pueden encontrarse en las v\u00edas respiratorias altas o bajas, siendo menos frecuentes pero en general m\u00e1s graves aquellas que afectan a las v\u00edas respiratorias bajas:[\/vc_column_text][mk_custom_list style=&#8221;mk-moon-circle-small&#8221;]\n<ul>\n<li>Las infecciones de las v\u00edas respiratorias altas afectan a la nariz, senos paranasales, faringe y laringe, y las infecciones habituales incluyen la gripe y el resfriado com\u00fan.<\/li>\n<li>Las infecciones de las v\u00edas respiratorias bajas afectan a la tr\u00e1quea, bronquios y pulmones. La neumon\u00eda y la bronquitis son las infecciones de este tipo m\u00e1s frecuentes. Los virus de la gripe pueden provocar infecciones en las v\u00edas respiratorias tanto altas como bajas, pudiendo observarse las infecciones de las v\u00edas respiratorias bajas con m\u00e1s frecuencia en ni\u00f1os.<\/li>\n<\/ul>\n[\/mk_custom_list][vc_column_text]Numerosos virus diferentes pueden provocar resfriados comunes, como los adenovirus, coronavirus, metapneumovirus humano (MPVh) y rinovirus, de los cuales los rinovirus son los causantes principales de los resfriados estacionales en primavera y oto\u00f1o. La propagaci\u00f3n de los virus se produce principalmente a trav\u00e9s de secreciones nasales de personas infectadas a las manos y, en \u00faltima instancia, la boca de personas sanas. Los s\u00edntomas del resfriado son leves y normalmente desaparecen en 4 a 10 d\u00edas.<\/p>\n<p>Por su parte, los s\u00edntomas de la gripe son diferentes y en general m\u00e1s graves, con dolores de cabeza intensos y fiebre. Existen tres tipos diferentes de virus de la gripe con numerosas cepas diferentes. El 95\u00a0% de los casos de gripe se deben al virus de la gripe tipo A y las cepas que causan nuevos brotes var\u00edan en sus secuencias, lo cual complica la vacunaci\u00f3n. Un estudio de los CDC concluy\u00f3 que, por t\u00e9rmino medio, cada a\u00f1o se hospitaliza a m\u00e1s de 200\u00a0000 personas en EE. UU. debido a enfermedades causadas por infecciones por virus de la gripe estacional.<\/p>\n<p>En ni\u00f1os, adem\u00e1s de los virus citados anteriormente, tambi\u00e9n causan infecciones de las v\u00edas respiratorias los enterovirus y el virus sincitial respiratorio (VSR). En EE. UU., el VSR causa m\u00e1s de 50 000 hospitalizaciones en ni\u00f1os menores de 5 a\u00f1os. El MPVh muestra la misma estacionalidad que el VSR y es responsable de hasta un 15\u00a0% de los casos de bronquiolitis en ni\u00f1os de uno a tres a\u00f1os de edad y mayores.[\/vc_column_text][\/vc_column][vc_column width=&#8221;1\/3&#8243;][vc_column_text margin_bottom=&#8221;20&#8243;]\n<h3 style=\"margin-bottom: 25px;\">Seleccione una tecnolog\u00eda<\/h3>\n<div class=\"facetwp-facet facetwp-facet-technology_fselect facetwp-type-fselect\" data-name=\"technology_fselect\" data-type=\"fselect\"><\/div>[\/vc_column_text][vc_column_text margin_bottom=&#8221;20&#8243;]\n<h3 style=\"margin-bottom: 25px;\">Seleccione un campo diagn\u00f3stico<\/h3>\n<div class=\"facetwp-facet facetwp-facet-diagnostics_fselect facetwp-type-fselect\" data-name=\"diagnostics_fselect\" data-type=\"fselect\"><\/div>[\/vc_column_text][vc_column_text margin_bottom=&#8221;40&#8243;]\n<h3 style=\"margin-bottom: 25px;\">Seleccione su producto para infecciones\u00a0respiratorias<\/h3>\n<div class=\"facetwp-template\" data-name=\"respiratory_infections\"><ul class=\"product_facets\"><\/ul><\/div>[\/vc_column_text][\/vc_column][\/mk_page_section][mk_page_section bg_color=&#8221;#f7f7f7&#8243; padding_top=&#8221;0&#8243; padding_bottom=&#8221;0&#8243; sidebar=&#8221;sidebar-1&#8243;][vc_column css=&#8221;.vc_custom_1469015765963{margin-top: 25px !important;padding-bottom: 5px !important;}&#8221;][vc_column_text margin_bottom=&#8221;20&#8243; css=&#8221;.vc_custom_1530027601666{margin-bottom: 20px !important;}&#8221;]\n<h2 class=\"knubbel\">Noticias recientes<\/h2>\n[\/vc_column_text][mk_blog_carousel][\/vc_column][\/mk_page_section][mk_page_section bg_color=&#8221;#ffffff&#8221; padding_top=&#8221;0&#8243; sidebar=&#8221;sidebar-1&#8243;][vc_column css=&#8221;.vc_custom_1467042052405{margin-top: 40px !important;}&#8221;][vc_column_text margin_bottom=&#8221;20&#8243;]\n<h2 class=\"knubbel\">Otra informaci\u00f3n de inter\u00e9s<\/h2>\n[\/vc_column_text][vc_row_inner css=&#8221;.vc_custom_1468404266697{margin-bottom: 40px !important;}&#8221;][vc_column_inner width=&#8221;1\/3&#8243; css=&#8221;.vc_custom_1468416557833{padding-bottom: 10px !important;padding-left: 0px !important;}&#8221;][mk_flipbox_rb taxonomy=&#8221;indication&#8221; tag_indication=&#8221;respiratory-infections&#8221; min_height=&#8221;200&#8243; button_bg_color=&#8221;#4d4d4d&#8221; button_bg_hover_color=&#8221;#ffffff&#8221; button_text=&#8221;More&#8221;][\/vc_column_inner][vc_column_inner width=&#8221;1\/3&#8243; css=&#8221;.vc_custom_1468416552613{padding-right: 7.5px !important;padding-bottom: 10px !important;padding-left: 7.5px !important;}&#8221;][mk_flipbox_rb taxonomy=&#8221;indication&#8221; tag_indication=&#8221;respiratory-infections&#8221; offset=&#8221;1&#8243; min_height=&#8221;200&#8243; button_bg_color=&#8221;#4d4d4d&#8221; button_bg_hover_color=&#8221;#ffffff&#8221; button_text=&#8221;More&#8221;][\/vc_column_inner][vc_column_inner width=&#8221;1\/3&#8243; css=&#8221;.vc_custom_1468416547451{padding-right: 0px !important;padding-bottom: 10px !important;}&#8221;][mk_flipbox_rb taxonomy=&#8221;indication&#8221; tag_indication=&#8221;respiratory-infections&#8221; offset=&#8221;2&#8243; min_height=&#8221;200&#8243; button_bg_color=&#8221;#4d4d4d&#8221; button_bg_hover_color=&#8221;#ffffff&#8221; button_text=&#8221;More&#8221;][\/vc_column_inner][\/vc_row_inner][\/vc_column][\/mk_page_section][mk_page_section bg_color=&#8221;#f7f7f7&#8243; padding_top=&#8221;20&#8243; padding_bottom=&#8221;20&#8243; sidebar=&#8221;sidebar-1&#8243;][vc_column css=&#8221;.vc_custom_1468415774645{padding-top: 0px !important;padding-bottom: 0px !important;}&#8221;][vc_column_text disable_pattern=&#8221;false&#8221; align=&#8221;center&#8221;]\n<h2>Asistencia en relaci\u00f3n con las infecciones respiratorias<\/h2>\n<p>\u00bfPreguntas? Recurra a los conocimientos especializados de nuestro equipo. Le respaldamos a usted y su empresa en todas las fases del proceso anal\u00edtico para garantizar su \u00e9xito[\/vc_column_text][mk_button dimension=&#8221;flat&#8221; url=&#8221;\/es\/contacto\/&#8221; align=&#8221;center&#8221; margin_bottom=&#8221;&#8221; bg_color=&#8221;#4d4d4d&#8221; btn_hover_bg=&#8221;#ffffff&#8221; btn_hover_txt_color=&#8221;#4d4d4d&#8221;]Escr\u00edbanos[\/mk_button][\/vc_column][\/mk_page_section]\n<\/div>","protected":false},"excerpt":{"rendered":"<p>[mk_page_section padding_top=&#8221;30&#8243; padding_bottom=&#8221;30&#8243; sidebar=&#8221;sidebar-1&#8243;][vc_column width=&#8221;2\/3&#8243;][vc_column_text]Los pat\u00f3genos respiratorios est\u00e1n presentes en todo el mundo y causan brotes y s\u00edntomas graves. Las infecciones de las v\u00edas respiratorias afectan a todos los grupos de edad y son una causa significativa de mortalidad, especialmente en pacientes inmunodeprimidos. De acuerdo con las estad\u00edsticas de la UE, en 2012, el 8 [&hellip;]<\/p>\n","protected":false},"author":1,"featured_media":0,"parent":88547,"menu_order":0,"comment_status":"closed","ping_status":"closed","template":"","meta":{"content-type":"","_relevanssi_hide_post":"","_relevanssi_hide_content":"","_relevanssi_pin_for_all":"","_relevanssi_pin_keywords":"","_relevanssi_unpin_keywords":"","_relevanssi_related_keywords":"","_relevanssi_related_include_ids":"","_relevanssi_related_exclude_ids":"","_relevanssi_related_no_append":"","_relevanssi_related_not_related":"","_relevanssi_related_posts":"","_relevanssi_noindex_reason":"","footnotes":""},"acf":[],"yoast_head":"<!-- This site is optimized with the Yoast SEO plugin v21.9 - https:\/\/yoast.com\/wordpress\/plugins\/seo\/ -->\n<title>Infecciones respiratorias: Diagn\u00f3stico de infecciones de las v\u00edas respiratorias<\/title>\n<meta name=\"description\" content=\"Las infecciones de las v\u00edas respiratorias pueden deberse a diversos pat\u00f3genos. Ofrecemos sistemas de an\u00e1lisis modernos para un diagn\u00f3stico fiable de las infecciones de las v\u00edas respiratorias.\" \/>\n<meta name=\"robots\" content=\"noindex, follow, max-snippet:-1, max-image-preview:large, max-video-preview:-1\" \/>\n<meta property=\"og:locale\" content=\"es_ES\" \/>\n<meta property=\"og:type\" content=\"article\" \/>\n<meta property=\"og:title\" content=\"Infecciones respiratorias: Diagn\u00f3stico de infecciones de las v\u00edas respiratorias\" \/>\n<meta property=\"og:description\" content=\"Las infecciones de las v\u00edas respiratorias pueden deberse a diversos pat\u00f3genos. Ofrecemos sistemas de an\u00e1lisis modernos para un diagn\u00f3stico fiable de las infecciones de las v\u00edas respiratorias.\" \/>\n<meta property=\"og:url\" content=\"https:\/\/devclinical.r-biopharm.com\/es\/indicacion\/infecciones-respiratorias\/\" \/>\n<meta property=\"og:site_name\" content=\"\ud83d\udea8\ud83d\udea8\ud83d\udea8 Staging!!! Clinical Diagnostics \ud83d\udea8\ud83d\udea8\ud83d\udea8\" \/>\n<meta property=\"article:modified_time\" content=\"2019-07-08T13:31:36+00:00\" \/>\n<meta name=\"twitter:label1\" content=\"Est. reading time\" \/>\n\t<meta name=\"twitter:data1\" content=\"4 minutes\" \/>\n<script type=\"application\/ld+json\" class=\"yoast-schema-graph\">{\"@context\":\"https:\/\/schema.org\",\"@graph\":[{\"@type\":\"WebPage\",\"@id\":\"https:\/\/devclinical.r-biopharm.com\/es\/indicacion\/infecciones-respiratorias\/\",\"url\":\"https:\/\/devclinical.r-biopharm.com\/es\/indicacion\/infecciones-respiratorias\/\",\"name\":\"Infecciones respiratorias: Diagn\u00f3stico de infecciones de las v\u00edas respiratorias\",\"isPartOf\":{\"@id\":\"https:\/\/devdevclinical.r-biopharm.com\/#website\"},\"datePublished\":\"2015-10-05T09:44:21+00:00\",\"dateModified\":\"2019-07-08T13:31:36+00:00\",\"description\":\"Las infecciones de las v\u00edas respiratorias pueden deberse a diversos pat\u00f3genos. Ofrecemos sistemas de an\u00e1lisis modernos para un diagn\u00f3stico fiable de las infecciones de las v\u00edas respiratorias.\",\"breadcrumb\":{\"@id\":\"https:\/\/devclinical.r-biopharm.com\/es\/indicacion\/infecciones-respiratorias\/#breadcrumb\"},\"inLanguage\":\"es-ES\",\"potentialAction\":[{\"@type\":\"ReadAction\",\"target\":[\"https:\/\/devclinical.r-biopharm.com\/es\/indicacion\/infecciones-respiratorias\/\"]}]},{\"@type\":\"BreadcrumbList\",\"@id\":\"https:\/\/devclinical.r-biopharm.com\/es\/indicacion\/infecciones-respiratorias\/#breadcrumb\",\"itemListElement\":[{\"@type\":\"ListItem\",\"position\":1,\"name\":\"Home\",\"item\":\"https:\/\/devclinical.r-biopharm.com\/es\/\"},{\"@type\":\"ListItem\",\"position\":2,\"name\":\"Indicaci\u00f3n\",\"item\":\"https:\/\/devclinical.r-biopharm.com\/es\/indicacion\/\"},{\"@type\":\"ListItem\",\"position\":3,\"name\":\"Infecciones respiratorias\"}]},{\"@type\":\"WebSite\",\"@id\":\"https:\/\/devdevclinical.r-biopharm.com\/#website\",\"url\":\"https:\/\/devdevclinical.r-biopharm.com\/\",\"name\":\"\ud83d\udea8\ud83d\udea8\ud83d\udea8 Staging!!! Clinical Diagnostics \ud83d\udea8\ud83d\udea8\ud83d\udea8\",\"description\":\"A Division of the R-Biopharm Group\",\"potentialAction\":[{\"@type\":\"SearchAction\",\"target\":{\"@type\":\"EntryPoint\",\"urlTemplate\":\"https:\/\/devdevclinical.r-biopharm.com\/?s={search_term_string}\"},\"query-input\":\"required name=search_term_string\"}],\"inLanguage\":\"es-ES\"}]}<\/script>\n<!-- \/ Yoast SEO plugin. -->","yoast_head_json":{"title":"Infecciones respiratorias: Diagn\u00f3stico de infecciones de las v\u00edas respiratorias","description":"Las infecciones de las v\u00edas respiratorias pueden deberse a diversos pat\u00f3genos. Ofrecemos sistemas de an\u00e1lisis modernos para un diagn\u00f3stico fiable de las infecciones de las v\u00edas respiratorias.","robots":{"index":"noindex","follow":"follow","max-snippet":"max-snippet:-1","max-image-preview":"max-image-preview:large","max-video-preview":"max-video-preview:-1"},"og_locale":"es_ES","og_type":"article","og_title":"Infecciones respiratorias: Diagn\u00f3stico de infecciones de las v\u00edas respiratorias","og_description":"Las infecciones de las v\u00edas respiratorias pueden deberse a diversos pat\u00f3genos. Ofrecemos sistemas de an\u00e1lisis modernos para un diagn\u00f3stico fiable de las infecciones de las v\u00edas respiratorias.","og_url":"https:\/\/devclinical.r-biopharm.com\/es\/indicacion\/infecciones-respiratorias\/","og_site_name":"\ud83d\udea8\ud83d\udea8\ud83d\udea8 Staging!!! Clinical Diagnostics \ud83d\udea8\ud83d\udea8\ud83d\udea8","article_modified_time":"2019-07-08T13:31:36+00:00","twitter_misc":{"Est. reading time":"4 minutes"},"schema":{"@context":"https:\/\/schema.org","@graph":[{"@type":"WebPage","@id":"https:\/\/devclinical.r-biopharm.com\/es\/indicacion\/infecciones-respiratorias\/","url":"https:\/\/devclinical.r-biopharm.com\/es\/indicacion\/infecciones-respiratorias\/","name":"Infecciones respiratorias: Diagn\u00f3stico de infecciones de las v\u00edas respiratorias","isPartOf":{"@id":"https:\/\/devdevclinical.r-biopharm.com\/#website"},"datePublished":"2015-10-05T09:44:21+00:00","dateModified":"2019-07-08T13:31:36+00:00","description":"Las infecciones de las v\u00edas respiratorias pueden deberse a diversos pat\u00f3genos. Ofrecemos sistemas de an\u00e1lisis modernos para un diagn\u00f3stico fiable de las infecciones de las v\u00edas respiratorias.","breadcrumb":{"@id":"https:\/\/devclinical.r-biopharm.com\/es\/indicacion\/infecciones-respiratorias\/#breadcrumb"},"inLanguage":"es-ES","potentialAction":[{"@type":"ReadAction","target":["https:\/\/devclinical.r-biopharm.com\/es\/indicacion\/infecciones-respiratorias\/"]}]},{"@type":"BreadcrumbList","@id":"https:\/\/devclinical.r-biopharm.com\/es\/indicacion\/infecciones-respiratorias\/#breadcrumb","itemListElement":[{"@type":"ListItem","position":1,"name":"Home","item":"https:\/\/devclinical.r-biopharm.com\/es\/"},{"@type":"ListItem","position":2,"name":"Indicaci\u00f3n","item":"https:\/\/devclinical.r-biopharm.com\/es\/indicacion\/"},{"@type":"ListItem","position":3,"name":"Infecciones respiratorias"}]},{"@type":"WebSite","@id":"https:\/\/devdevclinical.r-biopharm.com\/#website","url":"https:\/\/devdevclinical.r-biopharm.com\/","name":"\ud83d\udea8\ud83d\udea8\ud83d\udea8 Staging!!! Clinical Diagnostics \ud83d\udea8\ud83d\udea8\ud83d\udea8","description":"A Division of the R-Biopharm Group","potentialAction":[{"@type":"SearchAction","target":{"@type":"EntryPoint","urlTemplate":"https:\/\/devdevclinical.r-biopharm.com\/?s={search_term_string}"},"query-input":"required name=search_term_string"}],"inLanguage":"es-ES"}]}},"_links":{"self":[{"href":"https:\/\/devclinical.r-biopharm.com\/es\/wp-json\/wp\/v2\/pages\/88737"}],"collection":[{"href":"https:\/\/devclinical.r-biopharm.com\/es\/wp-json\/wp\/v2\/pages"}],"about":[{"href":"https:\/\/devclinical.r-biopharm.com\/es\/wp-json\/wp\/v2\/types\/page"}],"author":[{"embeddable":true,"href":"https:\/\/devclinical.r-biopharm.com\/es\/wp-json\/wp\/v2\/users\/1"}],"replies":[{"embeddable":true,"href":"https:\/\/devclinical.r-biopharm.com\/es\/wp-json\/wp\/v2\/comments?post=88737"}],"version-history":[{"count":16,"href":"https:\/\/devclinical.r-biopharm.com\/es\/wp-json\/wp\/v2\/pages\/88737\/revisions"}],"predecessor-version":[{"id":97402,"href":"https:\/\/devclinical.r-biopharm.com\/es\/wp-json\/wp\/v2\/pages\/88737\/revisions\/97402"}],"up":[{"embeddable":true,"href":"https:\/\/devclinical.r-biopharm.com\/es\/wp-json\/wp\/v2\/pages\/88547"}],"wp:attachment":[{"href":"https:\/\/devclinical.r-biopharm.com\/es\/wp-json\/wp\/v2\/media?parent=88737"}],"curies":[{"name":"wp","href":"https:\/\/api.w.org\/{rel}","templated":true}]}}