{"id":88738,"date":"2015-10-05T11:55:38","date_gmt":"2015-10-05T09:55:38","guid":{"rendered":"https:\/\/clinical.r-biopharm.com\/diagnostico\/bacteriologia\/"},"modified":"2019-07-08T10:06:57","modified_gmt":"2019-07-08T08:06:57","slug":"bacteriologia","status":"publish","type":"page","link":"https:\/\/devclinical.r-biopharm.com\/es\/diagnostico\/bacteriologia\/","title":{"rendered":"Bacteriolog\u00eda"},"content":{"rendered":"<div class=\"wpb-content-wrapper\">[mk_page_section padding_top=&#8221;30&#8243; padding_bottom=&#8221;30&#8243; sidebar=&#8221;sidebar-1&#8243;][vc_column width=&#8221;2\/3&#8243;][vc_column_text]<strong>Las enfermedades contagiosas contin\u00faan siendo la causa m\u00e1s frecuente de muerte en econom\u00edas emergentes y representan un enorme problema de salud p\u00fablica en los pa\u00edses desarrollados.<\/strong><\/p>\n<p>Los servicios sanitarios se enfrentan a dificultades significativas en t\u00e9rminos de diagn\u00f3stico y tratamiento de las enfermedades infecciosas. El uso efectivo de varias soluciones diagn\u00f3sticas puede mejorar considerablemente la detecci\u00f3n y el control de las enfermedades infecciosas causadas por bacterias. El procedimiento de laboratorio debe garantizar que la informaci\u00f3n derivada de las pruebas diagn\u00f3sticas sea fiable y pueda comunicarse en tiempo oportuno.<\/p>\n<h3 class=\"knubbel\">Soluciones diagn\u00f3sticas en bacteriolog\u00eda cl\u00ednica<\/h3>\n<p>A pesar de que el cultivo en medio contin\u00faa siendo el m\u00e9todo m\u00e1s consolidado en bacteriolog\u00eda cl\u00ednica, cada vez m\u00e1s laboratorios de bacteriolog\u00eda diagn\u00f3stica utilizan kits de IVD comerciales en sus procedimientos. Las soluciones r\u00e1pidas, fiables y validadas ofrecen un gran avance sobre el m\u00e9todo con medio de cultivo, que exige tiempo y trabajo, especialmente en t\u00e9rminos de especificidad y sensibilidad.<\/p>\n<p>La cartera de ensayos de bacteriolog\u00eda de R-Biopharm ofrece una amplia variedad de soluciones que satisfacen las necesidades diagn\u00f3sticas de laboratorios tanto grandes como peque\u00f1os. Las tecnolog\u00edas disponibles incluyen:[\/vc_column_text][mk_custom_list style=&#8221;mk-moon-circle-small&#8221;]\n<ul>\n<li>Kits de ensayo de PCR en tiempo real adecuados para instrumentos de PCR en tiempo real utilizados habitualmente<\/li>\n<li>Inmunoensayos enzim\u00e1ticos validados para plataformas de automatizaci\u00f3n<\/li>\n<li>Ensayos r\u00e1pidos en forma de casete<\/li>\n<li>Microspot arrays<\/li>\n<li>Ensayos de inmunofluorescencia (IFA)<\/li>\n<\/ul>\n[\/mk_custom_list][vc_column_text]Puede elegir entre diferentes sistemas para analizar una amplia variedad de par\u00e1metros, incluidos <em>Legionella<\/em>, Mycoplasma, <em>Bordetella<\/em> y <em>Clostridium difficile<\/em>.[\/vc_column_text][\/vc_column][vc_column width=&#8221;1\/3&#8243;][vc_column_text margin_bottom=&#8221;20&#8243;]\n<h3 style=\"margin-bottom: 25px;\">Seleccione una indicaci\u00f3n<\/h3>\n<div class=\"facetwp-facet facetwp-facet-indication_fselect facetwp-type-fselect\" data-name=\"indication_fselect\" data-type=\"fselect\"><\/div>[\/vc_column_text][vc_column_text margin_bottom=&#8221;20&#8243;]\n<h3 style=\"margin-bottom: 25px;\">Seleccione una tecnolog\u00eda<\/h3>\n<div class=\"facetwp-facet facetwp-facet-technology_fselect facetwp-type-fselect\" data-name=\"technology_fselect\" data-type=\"fselect\"><\/div>[\/vc_column_text][vc_column_text margin_bottom=&#8221;40&#8243;]\n<h3 style=\"margin-bottom: 25px;\">Seleccione su producto de bacteriolog\u00eda<\/h3>\n<div class=\"facetwp-template\" data-name=\"bacteriology\"><ul class=\"product_facets\"><\/ul><\/div>[\/vc_column_text][\/vc_column][\/mk_page_section][mk_page_section bg_color=&#8221;#f7f7f7&#8243; padding_top=&#8221;0&#8243; padding_bottom=&#8221;0&#8243; sidebar=&#8221;sidebar-1&#8243;][vc_column css=&#8221;.vc_custom_1469015765963{margin-top: 25px !important;padding-bottom: 5px !important;}&#8221;][vc_column_text margin_bottom=&#8221;20&#8243; css=&#8221;.vc_custom_1530023772824{margin-bottom: 20px !important;}&#8221;]\n<h2 class=\"knubbel\">Noticias recientes<\/h2>\n[\/vc_column_text][mk_blog_carousel][\/vc_column][\/mk_page_section][mk_page_section bg_color=&#8221;#ffffff&#8221; padding_top=&#8221;0&#8243; sidebar=&#8221;sidebar-1&#8243;][vc_column css=&#8221;.vc_custom_1467042052405{margin-top: 40px !important;}&#8221;][vc_column_text margin_bottom=&#8221;20&#8243;]\n<h2 class=\"knubbel\">Otra informaci\u00f3n de inter\u00e9s<\/h2>\n[\/vc_column_text][vc_row_inner css=&#8221;.vc_custom_1468404266697{margin-bottom: 40px !important;}&#8221;][vc_column_inner width=&#8221;1\/3&#8243; css=&#8221;.vc_custom_1468416557833{padding-bottom: 10px !important;padding-left: 0px !important;}&#8221;][mk_flipbox_rb taxonomy=&#8221;diagnostic&#8221; tag_diagnostics=&#8221;bacteriology&#8221; min_height=&#8221;200&#8243; button_bg_color=&#8221;#4d4d4d&#8221; button_bg_hover_color=&#8221;#ffffff&#8221; button_text=&#8221;More&#8221;][\/vc_column_inner][vc_column_inner width=&#8221;1\/3&#8243; css=&#8221;.vc_custom_1468416552613{padding-right: 7.5px !important;padding-bottom: 10px !important;padding-left: 7.5px !important;}&#8221;][mk_flipbox_rb taxonomy=&#8221;diagnostic&#8221; tag_diagnostics=&#8221;bacteriology&#8221; offset=&#8221;1&#8243; min_height=&#8221;200&#8243; button_bg_color=&#8221;#4d4d4d&#8221; button_bg_hover_color=&#8221;#ffffff&#8221; button_text=&#8221;More&#8221;][\/vc_column_inner][vc_column_inner width=&#8221;1\/3&#8243; css=&#8221;.vc_custom_1468416547451{padding-right: 0px !important;padding-bottom: 10px !important;}&#8221;][mk_flipbox_rb taxonomy=&#8221;diagnostic&#8221; tag_diagnostics=&#8221;bacteriology&#8221; offset=&#8221;2&#8243; min_height=&#8221;200&#8243; button_bg_color=&#8221;#4d4d4d&#8221; button_bg_hover_color=&#8221;#ffffff&#8221; button_text=&#8221;More&#8221;][\/vc_column_inner][\/vc_row_inner][\/vc_column][\/mk_page_section][mk_page_section bg_color=&#8221;#f7f7f7&#8243; padding_top=&#8221;20&#8243; padding_bottom=&#8221;20&#8243; sidebar=&#8221;sidebar-1&#8243;][vc_column css=&#8221;.vc_custom_1468415774645{padding-top: 0px !important;padding-bottom: 0px !important;}&#8221;][vc_column_text disable_pattern=&#8221;false&#8221; align=&#8221;center&#8221;]\n<h2>Asistencia en relaci\u00f3n con bacteriolog\u00eda<\/h2>\n<p>\u00bfPreguntas? Recurra a los conocimientos especializados de nuestro equipo. Le respaldamos a usted y su empresa en todas las fases del proceso anal\u00edtico para garantizar su \u00e9xito[\/vc_column_text][mk_button dimension=&#8221;flat&#8221; url=&#8221;\/es\/contacto\/&#8221; align=&#8221;center&#8221; margin_bottom=&#8221;&#8221; bg_color=&#8221;#4d4d4d&#8221; btn_hover_bg=&#8221;#ffffff&#8221; btn_hover_txt_color=&#8221;#4d4d4d&#8221;]Escr\u00edbanos[\/mk_button][\/vc_column][\/mk_page_section]\n<\/div>","protected":false},"excerpt":{"rendered":"<p>[mk_page_section padding_top=&#8221;30&#8243; padding_bottom=&#8221;30&#8243; sidebar=&#8221;sidebar-1&#8243;][vc_column width=&#8221;2\/3&#8243;][vc_column_text]Las enfermedades contagiosas contin\u00faan siendo la causa m\u00e1s frecuente de muerte en econom\u00edas emergentes y representan un enorme problema de salud p\u00fablica en los pa\u00edses desarrollados. Los servicios sanitarios se enfrentan a dificultades significativas en t\u00e9rminos de diagn\u00f3stico y tratamiento de las enfermedades infecciosas. El uso efectivo de varias soluciones diagn\u00f3sticas [&hellip;]<\/p>\n","protected":false},"author":1,"featured_media":0,"parent":88515,"menu_order":0,"comment_status":"closed","ping_status":"closed","template":"","meta":{"content-type":"","_relevanssi_hide_post":"","_relevanssi_hide_content":"","_relevanssi_pin_for_all":"","_relevanssi_pin_keywords":"","_relevanssi_unpin_keywords":"","_relevanssi_related_keywords":"","_relevanssi_related_include_ids":"","_relevanssi_related_exclude_ids":"","_relevanssi_related_no_append":"","_relevanssi_related_not_related":"","_relevanssi_related_posts":"","_relevanssi_noindex_reason":"","footnotes":""},"acf":[],"yoast_head":"<!-- This site is optimized with the Yoast SEO plugin v21.9 - https:\/\/yoast.com\/wordpress\/plugins\/seo\/ -->\n<title>Bacteriolog\u00eda: Kits de ensayo para el diagn\u00f3stico de infecciones bacterianas<\/title>\n<meta name=\"description\" content=\"Las bacterias son una importante causa de infecciones. Ofrecemos soluciones innovadoras en bacteriolog\u00eda cl\u00ednica. Explore nuestra cartera de productos para diagn\u00f3stico de infecciones bacterianas.\" \/>\n<meta name=\"robots\" content=\"noindex, follow, max-snippet:-1, max-image-preview:large, max-video-preview:-1\" \/>\n<meta property=\"og:locale\" content=\"es_ES\" \/>\n<meta property=\"og:type\" content=\"article\" \/>\n<meta property=\"og:title\" content=\"Bacteriolog\u00eda: Kits de ensayo para el diagn\u00f3stico de infecciones bacterianas\" \/>\n<meta property=\"og:description\" content=\"Las bacterias son una importante causa de infecciones. Ofrecemos soluciones innovadoras en bacteriolog\u00eda cl\u00ednica. Explore nuestra cartera de productos para diagn\u00f3stico de infecciones bacterianas.\" \/>\n<meta property=\"og:url\" content=\"https:\/\/devclinical.r-biopharm.com\/es\/diagnostico\/bacteriologia\/\" \/>\n<meta property=\"og:site_name\" content=\"\ud83d\udea8\ud83d\udea8\ud83d\udea8 Staging!!! Clinical Diagnostics \ud83d\udea8\ud83d\udea8\ud83d\udea8\" \/>\n<meta property=\"article:modified_time\" content=\"2019-07-08T08:06:57+00:00\" \/>\n<meta name=\"twitter:label1\" content=\"Est. reading time\" \/>\n\t<meta name=\"twitter:data1\" content=\"3 minutes\" \/>\n<script type=\"application\/ld+json\" class=\"yoast-schema-graph\">{\"@context\":\"https:\/\/schema.org\",\"@graph\":[{\"@type\":\"WebPage\",\"@id\":\"https:\/\/devclinical.r-biopharm.com\/es\/diagnostico\/bacteriologia\/\",\"url\":\"https:\/\/devclinical.r-biopharm.com\/es\/diagnostico\/bacteriologia\/\",\"name\":\"Bacteriolog\u00eda: Kits de ensayo para el diagn\u00f3stico de infecciones bacterianas\",\"isPartOf\":{\"@id\":\"https:\/\/devdevclinical.r-biopharm.com\/#website\"},\"datePublished\":\"2015-10-05T09:55:38+00:00\",\"dateModified\":\"2019-07-08T08:06:57+00:00\",\"description\":\"Las bacterias son una importante causa de infecciones. Ofrecemos soluciones innovadoras en bacteriolog\u00eda cl\u00ednica. Explore nuestra cartera de productos para diagn\u00f3stico de infecciones bacterianas.\",\"breadcrumb\":{\"@id\":\"https:\/\/devclinical.r-biopharm.com\/es\/diagnostico\/bacteriologia\/#breadcrumb\"},\"inLanguage\":\"es-ES\",\"potentialAction\":[{\"@type\":\"ReadAction\",\"target\":[\"https:\/\/devclinical.r-biopharm.com\/es\/diagnostico\/bacteriologia\/\"]}]},{\"@type\":\"BreadcrumbList\",\"@id\":\"https:\/\/devclinical.r-biopharm.com\/es\/diagnostico\/bacteriologia\/#breadcrumb\",\"itemListElement\":[{\"@type\":\"ListItem\",\"position\":1,\"name\":\"Home\",\"item\":\"https:\/\/devclinical.r-biopharm.com\/es\/\"},{\"@type\":\"ListItem\",\"position\":2,\"name\":\"Diagn\u00f3stico\",\"item\":\"https:\/\/devclinical.r-biopharm.com\/es\/diagnostico\/\"},{\"@type\":\"ListItem\",\"position\":3,\"name\":\"Bacteriolog\u00eda\"}]},{\"@type\":\"WebSite\",\"@id\":\"https:\/\/devdevclinical.r-biopharm.com\/#website\",\"url\":\"https:\/\/devdevclinical.r-biopharm.com\/\",\"name\":\"\ud83d\udea8\ud83d\udea8\ud83d\udea8 Staging!!! Clinical Diagnostics \ud83d\udea8\ud83d\udea8\ud83d\udea8\",\"description\":\"A Division of the R-Biopharm Group\",\"potentialAction\":[{\"@type\":\"SearchAction\",\"target\":{\"@type\":\"EntryPoint\",\"urlTemplate\":\"https:\/\/devdevclinical.r-biopharm.com\/?s={search_term_string}\"},\"query-input\":\"required name=search_term_string\"}],\"inLanguage\":\"es-ES\"}]}<\/script>\n<!-- \/ Yoast SEO plugin. -->","yoast_head_json":{"title":"Bacteriolog\u00eda: Kits de ensayo para el diagn\u00f3stico de infecciones bacterianas","description":"Las bacterias son una importante causa de infecciones. Ofrecemos soluciones innovadoras en bacteriolog\u00eda cl\u00ednica. Explore nuestra cartera de productos para diagn\u00f3stico de infecciones bacterianas.","robots":{"index":"noindex","follow":"follow","max-snippet":"max-snippet:-1","max-image-preview":"max-image-preview:large","max-video-preview":"max-video-preview:-1"},"og_locale":"es_ES","og_type":"article","og_title":"Bacteriolog\u00eda: Kits de ensayo para el diagn\u00f3stico de infecciones bacterianas","og_description":"Las bacterias son una importante causa de infecciones. Ofrecemos soluciones innovadoras en bacteriolog\u00eda cl\u00ednica. Explore nuestra cartera de productos para diagn\u00f3stico de infecciones bacterianas.","og_url":"https:\/\/devclinical.r-biopharm.com\/es\/diagnostico\/bacteriologia\/","og_site_name":"\ud83d\udea8\ud83d\udea8\ud83d\udea8 Staging!!! Clinical Diagnostics \ud83d\udea8\ud83d\udea8\ud83d\udea8","article_modified_time":"2019-07-08T08:06:57+00:00","twitter_misc":{"Est. reading time":"3 minutes"},"schema":{"@context":"https:\/\/schema.org","@graph":[{"@type":"WebPage","@id":"https:\/\/devclinical.r-biopharm.com\/es\/diagnostico\/bacteriologia\/","url":"https:\/\/devclinical.r-biopharm.com\/es\/diagnostico\/bacteriologia\/","name":"Bacteriolog\u00eda: Kits de ensayo para el diagn\u00f3stico de infecciones bacterianas","isPartOf":{"@id":"https:\/\/devdevclinical.r-biopharm.com\/#website"},"datePublished":"2015-10-05T09:55:38+00:00","dateModified":"2019-07-08T08:06:57+00:00","description":"Las bacterias son una importante causa de infecciones. Ofrecemos soluciones innovadoras en bacteriolog\u00eda cl\u00ednica. Explore nuestra cartera de productos para diagn\u00f3stico de infecciones bacterianas.","breadcrumb":{"@id":"https:\/\/devclinical.r-biopharm.com\/es\/diagnostico\/bacteriologia\/#breadcrumb"},"inLanguage":"es-ES","potentialAction":[{"@type":"ReadAction","target":["https:\/\/devclinical.r-biopharm.com\/es\/diagnostico\/bacteriologia\/"]}]},{"@type":"BreadcrumbList","@id":"https:\/\/devclinical.r-biopharm.com\/es\/diagnostico\/bacteriologia\/#breadcrumb","itemListElement":[{"@type":"ListItem","position":1,"name":"Home","item":"https:\/\/devclinical.r-biopharm.com\/es\/"},{"@type":"ListItem","position":2,"name":"Diagn\u00f3stico","item":"https:\/\/devclinical.r-biopharm.com\/es\/diagnostico\/"},{"@type":"ListItem","position":3,"name":"Bacteriolog\u00eda"}]},{"@type":"WebSite","@id":"https:\/\/devdevclinical.r-biopharm.com\/#website","url":"https:\/\/devdevclinical.r-biopharm.com\/","name":"\ud83d\udea8\ud83d\udea8\ud83d\udea8 Staging!!! Clinical Diagnostics \ud83d\udea8\ud83d\udea8\ud83d\udea8","description":"A Division of the R-Biopharm Group","potentialAction":[{"@type":"SearchAction","target":{"@type":"EntryPoint","urlTemplate":"https:\/\/devdevclinical.r-biopharm.com\/?s={search_term_string}"},"query-input":"required name=search_term_string"}],"inLanguage":"es-ES"}]}},"_links":{"self":[{"href":"https:\/\/devclinical.r-biopharm.com\/es\/wp-json\/wp\/v2\/pages\/88738"}],"collection":[{"href":"https:\/\/devclinical.r-biopharm.com\/es\/wp-json\/wp\/v2\/pages"}],"about":[{"href":"https:\/\/devclinical.r-biopharm.com\/es\/wp-json\/wp\/v2\/types\/page"}],"author":[{"embeddable":true,"href":"https:\/\/devclinical.r-biopharm.com\/es\/wp-json\/wp\/v2\/users\/1"}],"replies":[{"embeddable":true,"href":"https:\/\/devclinical.r-biopharm.com\/es\/wp-json\/wp\/v2\/comments?post=88738"}],"version-history":[{"count":16,"href":"https:\/\/devclinical.r-biopharm.com\/es\/wp-json\/wp\/v2\/pages\/88738\/revisions"}],"predecessor-version":[{"id":97342,"href":"https:\/\/devclinical.r-biopharm.com\/es\/wp-json\/wp\/v2\/pages\/88738\/revisions\/97342"}],"up":[{"embeddable":true,"href":"https:\/\/devclinical.r-biopharm.com\/es\/wp-json\/wp\/v2\/pages\/88515"}],"wp:attachment":[{"href":"https:\/\/devclinical.r-biopharm.com\/es\/wp-json\/wp\/v2\/media?parent=88738"}],"curies":[{"name":"wp","href":"https:\/\/api.w.org\/{rel}","templated":true}]}}