{"id":88761,"date":"2016-08-16T08:24:27","date_gmt":"2016-08-16T06:24:27","guid":{"rendered":"https:\/\/clinical.r-biopharm.com\/tecnologias\/ensayos-de-inmunotransferencia\/"},"modified":"2018-07-10T17:34:58","modified_gmt":"2018-07-10T15:34:58","slug":"ensayos-de-inmunotransferencia","status":"publish","type":"page","link":"https:\/\/devclinical.r-biopharm.com\/es\/tecnologias\/ensayos-de-inmunotransferencia\/","title":{"rendered":"Ensayos de inmunotransferencia"},"content":{"rendered":"<div class=\"wpb-content-wrapper\">[mk_page_section padding_top=&#8221;30&#8243; padding_bottom=&#8221;30&#8243; sidebar=&#8221;sidebar-1&#8243;][vc_column width=&#8221;2\/3&#8243;][vc_column_text]<strong>La inmunotransferencia ofrece un m\u00e9todo pr\u00e1ctico para la detecci\u00f3n de anticuerpos. R-Biopharm fabrica varios formatos de inmunotransferencia que permiten un diagn\u00f3stico fiable de alergias o enfermedades infecciosas, mediante detecci\u00f3n de anticuerpos espec\u00edficos presentes en la sangre de los pacientes.<\/strong><\/p>\n<p>Los ensayos de inmunotransferencia son inmunoensayos enzim\u00e1ticos en una membrana de nitrocelulosa. Las mol\u00e9culas purificadas, por ejemplo, ant\u00edgenos de pat\u00f3genos o al\u00e9rgenos individuales, se inmovilizan en l\u00edneas separadas dependiendo del producto ofrecido. Si los anticuerpos espec\u00edficos para las dianas inmovilizadas est\u00e1n presentes en la muestra, se unen a la mol\u00e9cula en la membrana. Posteriormente, se detectan utilizando el principio de interacci\u00f3n biotina &#8211; estreptavidina. Como consecuencia, unas bandas de color visibles indican un resultado positivo.<\/p>\n<p>En el caso de diagn\u00f3sticos serol\u00f3gicos, debe utilizarse el ensayo de inmunotransferencia para confirmar los resultados positivos o aclarar resultados inespec\u00edficos con otros m\u00e9todos serol\u00f3gicos.<\/p>\n<p>Todas las inmunotransferencias RIDA\u00ae para el diagn\u00f3stico cl\u00ednico de R-Biopharm cuentan con el marcado CE.[\/vc_column_text][\/vc_column][vc_column width=&#8221;1\/3&#8243;][vc_column_text margin_bottom=&#8221;20&#8243;]\n<h3 style=\"margin-bottom: 25px;\">Seleccione una indicaci\u00f3n<\/h3>\n<div class=\"facetwp-facet facetwp-facet-indication_fselect facetwp-type-fselect\" data-name=\"indication_fselect\" data-type=\"fselect\"><\/div>[\/vc_column_text][vc_column_text margin_bottom=&#8221;20&#8243;]\n<h3 style=\"margin-bottom: 25px;\">Seleccione un campo diagn\u00f3stico<\/h3>\n<div class=\"facetwp-facet facetwp-facet-diagnostics_fselect facetwp-type-fselect\" data-name=\"diagnostics_fselect\" data-type=\"fselect\"><\/div>[\/vc_column_text][vc_column_text margin_bottom=&#8221;40&#8243;]\n<h3 style=\"margin-bottom: 25px;\">Seleccione su producto de inmunotransferencia<\/h3>\n<div class=\"facetwp-template\" data-name=\"blots\"><ul class=\"product_facets\"><\/ul><\/div>[\/vc_column_text][\/vc_column][\/mk_page_section][mk_page_section bg_color=&#8221;#f7f7f7&#8243; padding_top=&#8221;0&#8243; padding_bottom=&#8221;0&#8243; sidebar=&#8221;sidebar-1&#8243;][vc_column css=&#8221;.vc_custom_1469015765963{margin-top: 25px !important;padding-bottom: 5px !important;}&#8221;][vc_column_text margin_bottom=&#8221;20&#8243; css=&#8221;.vc_custom_1530027762491{margin-bottom: 20px !important;}&#8221;]\n<h2 class=\"knubbel\">Noticias recientes<\/h2>\n[\/vc_column_text][mk_blog_carousel][\/vc_column][\/mk_page_section][mk_page_section bg_color=&#8221;#ffffff&#8221; padding_top=&#8221;0&#8243; sidebar=&#8221;sidebar-1&#8243;][vc_column css=&#8221;.vc_custom_1467042052405{margin-top: 40px !important;}&#8221;][vc_column_text margin_bottom=&#8221;20&#8243;]\n<h2 class=\"knubbel\">Otra informaci\u00f3n de inter\u00e9s<\/h2>\n[\/vc_column_text][vc_row_inner css=&#8221;.vc_custom_1468404266697{margin-bottom: 40px !important;}&#8221;][vc_column_inner width=&#8221;1\/3&#8243; css=&#8221;.vc_custom_1468416557833{padding-bottom: 10px !important;padding-left: 0px !important;}&#8221;][mk_flipbox_rb taxonomy=&#8221;technology&#8221; tag_technology=&#8221;blot&#8221; min_height=&#8221;200&#8243; button_bg_color=&#8221;#4d4d4d&#8221; button_bg_hover_color=&#8221;#ffffff&#8221; button_text=&#8221;More&#8221;][\/vc_column_inner][vc_column_inner width=&#8221;1\/3&#8243; css=&#8221;.vc_custom_1468416552613{padding-right: 7.5px !important;padding-bottom: 10px !important;padding-left: 7.5px !important;}&#8221;][mk_flipbox_rb taxonomy=&#8221;technology&#8221; tag_technology=&#8221;blot&#8221; offset=&#8221;1&#8243; min_height=&#8221;200&#8243; button_bg_color=&#8221;#4d4d4d&#8221; button_bg_hover_color=&#8221;#ffffff&#8221; button_text=&#8221;More&#8221;][\/vc_column_inner][vc_column_inner width=&#8221;1\/3&#8243; css=&#8221;.vc_custom_1468416547451{padding-right: 0px !important;padding-bottom: 10px !important;}&#8221;][mk_flipbox_rb taxonomy=&#8221;technology&#8221; tag_technology=&#8221;blot&#8221; offset=&#8221;2&#8243; min_height=&#8221;200&#8243; button_bg_color=&#8221;#4d4d4d&#8221; button_bg_hover_color=&#8221;#ffffff&#8221; button_text=&#8221;More&#8221;][\/vc_column_inner][\/vc_row_inner][\/vc_column][\/mk_page_section][mk_page_section bg_color=&#8221;#f7f7f7&#8243; padding_top=&#8221;20&#8243; padding_bottom=&#8221;20&#8243; sidebar=&#8221;sidebar-1&#8243;][vc_column css=&#8221;.vc_custom_1468415774645{padding-top: 0px !important;padding-bottom: 0px !important;}&#8221;][vc_column_text disable_pattern=&#8221;false&#8221; align=&#8221;center&#8221;]\n<h2>Asistencia en relaci\u00f3n con la inmunotransferencia<\/h2>\n<p>\u00bfPreguntas? Recurra a los conocimientos especializados de nuestro equipo. Le respaldamos a usted y su empresa en todas las fases del proceso anal\u00edtico para garantizar su \u00e9xito[\/vc_column_text][mk_button dimension=&#8221;flat&#8221; url=&#8221;\/es\/contacto\/&#8221; align=&#8221;center&#8221; margin_bottom=&#8221;&#8221; bg_color=&#8221;#4d4d4d&#8221; btn_hover_bg=&#8221;#ffffff&#8221; btn_hover_txt_color=&#8221;#4d4d4d&#8221;]Escr\u00edbanos[\/mk_button][\/vc_column][\/mk_page_section]\n<\/div>","protected":false},"excerpt":{"rendered":"<p>[mk_page_section padding_top=&#8221;30&#8243; padding_bottom=&#8221;30&#8243; sidebar=&#8221;sidebar-1&#8243;][vc_column width=&#8221;2\/3&#8243;][vc_column_text]La inmunotransferencia ofrece un m\u00e9todo pr\u00e1ctico para la detecci\u00f3n de anticuerpos. R-Biopharm fabrica varios formatos de inmunotransferencia que permiten un diagn\u00f3stico fiable de alergias o enfermedades infecciosas, mediante detecci\u00f3n de anticuerpos espec\u00edficos presentes en la sangre de los pacientes. Los ensayos de inmunotransferencia son inmunoensayos enzim\u00e1ticos en una membrana de nitrocelulosa. [&hellip;]<\/p>\n","protected":false},"author":1,"featured_media":0,"parent":88548,"menu_order":0,"comment_status":"closed","ping_status":"closed","template":"","meta":{"content-type":"","_relevanssi_hide_post":"","_relevanssi_hide_content":"","_relevanssi_pin_for_all":"","_relevanssi_pin_keywords":"","_relevanssi_unpin_keywords":"","_relevanssi_related_keywords":"","_relevanssi_related_include_ids":"","_relevanssi_related_exclude_ids":"","_relevanssi_related_no_append":"","_relevanssi_related_not_related":"","_relevanssi_related_posts":"","_relevanssi_noindex_reason":"","footnotes":""},"acf":[],"yoast_head":"<!-- This site is optimized with the Yoast SEO plugin v21.9 - https:\/\/yoast.com\/wordpress\/plugins\/seo\/ -->\n<title>Immunotransferencia: Un m\u00e9todo pr\u00e1ctico para detectar anticuerpos durante el diagn\u00f3stico cl\u00ednico<\/title>\n<meta name=\"description\" content=\"Los ensayos de inmunotransferencia son pruebas precisas y fiables para diversas aplicaciones en el \u00e1rea del diagn\u00f3stico cl\u00ednico. Vea todos los an\u00e1lisis de inmunotransferencia de R-Biopharm aqu\u00ed.\" \/>\n<meta name=\"robots\" content=\"noindex, follow, max-snippet:-1, max-image-preview:large, max-video-preview:-1\" \/>\n<meta property=\"og:locale\" content=\"es_ES\" \/>\n<meta property=\"og:type\" content=\"article\" \/>\n<meta property=\"og:title\" content=\"Immunotransferencia: Un m\u00e9todo pr\u00e1ctico para detectar anticuerpos durante el diagn\u00f3stico cl\u00ednico\" \/>\n<meta property=\"og:description\" content=\"Los ensayos de inmunotransferencia son pruebas precisas y fiables para diversas aplicaciones en el \u00e1rea del diagn\u00f3stico cl\u00ednico. Vea todos los an\u00e1lisis de inmunotransferencia de R-Biopharm aqu\u00ed.\" \/>\n<meta property=\"og:url\" content=\"https:\/\/devclinical.r-biopharm.com\/es\/tecnologias\/ensayos-de-inmunotransferencia\/\" \/>\n<meta property=\"og:site_name\" content=\"\ud83d\udea8\ud83d\udea8\ud83d\udea8 Staging!!! Clinical Diagnostics \ud83d\udea8\ud83d\udea8\ud83d\udea8\" \/>\n<meta property=\"article:modified_time\" content=\"2018-07-10T15:34:58+00:00\" \/>\n<meta name=\"twitter:label1\" content=\"Est. reading time\" \/>\n\t<meta name=\"twitter:data1\" content=\"3 minutes\" \/>\n<script type=\"application\/ld+json\" class=\"yoast-schema-graph\">{\"@context\":\"https:\/\/schema.org\",\"@graph\":[{\"@type\":\"WebPage\",\"@id\":\"https:\/\/devclinical.r-biopharm.com\/es\/tecnologias\/ensayos-de-inmunotransferencia\/\",\"url\":\"https:\/\/devclinical.r-biopharm.com\/es\/tecnologias\/ensayos-de-inmunotransferencia\/\",\"name\":\"Immunotransferencia: Un m\u00e9todo pr\u00e1ctico para detectar anticuerpos durante el diagn\u00f3stico cl\u00ednico\",\"isPartOf\":{\"@id\":\"https:\/\/devdevclinical.r-biopharm.com\/#website\"},\"datePublished\":\"2016-08-16T06:24:27+00:00\",\"dateModified\":\"2018-07-10T15:34:58+00:00\",\"description\":\"Los ensayos de inmunotransferencia son pruebas precisas y fiables para diversas aplicaciones en el \u00e1rea del diagn\u00f3stico cl\u00ednico. Vea todos los an\u00e1lisis de inmunotransferencia de R-Biopharm aqu\u00ed.\",\"breadcrumb\":{\"@id\":\"https:\/\/devclinical.r-biopharm.com\/es\/tecnologias\/ensayos-de-inmunotransferencia\/#breadcrumb\"},\"inLanguage\":\"es-ES\",\"potentialAction\":[{\"@type\":\"ReadAction\",\"target\":[\"https:\/\/devclinical.r-biopharm.com\/es\/tecnologias\/ensayos-de-inmunotransferencia\/\"]}]},{\"@type\":\"BreadcrumbList\",\"@id\":\"https:\/\/devclinical.r-biopharm.com\/es\/tecnologias\/ensayos-de-inmunotransferencia\/#breadcrumb\",\"itemListElement\":[{\"@type\":\"ListItem\",\"position\":1,\"name\":\"Home\",\"item\":\"https:\/\/devclinical.r-biopharm.com\/es\/\"},{\"@type\":\"ListItem\",\"position\":2,\"name\":\"Tecnolog\u00edas\",\"item\":\"https:\/\/devclinical.r-biopharm.com\/es\/tecnologias\/\"},{\"@type\":\"ListItem\",\"position\":3,\"name\":\"Ensayos de inmunotransferencia\"}]},{\"@type\":\"WebSite\",\"@id\":\"https:\/\/devdevclinical.r-biopharm.com\/#website\",\"url\":\"https:\/\/devdevclinical.r-biopharm.com\/\",\"name\":\"\ud83d\udea8\ud83d\udea8\ud83d\udea8 Staging!!! Clinical Diagnostics \ud83d\udea8\ud83d\udea8\ud83d\udea8\",\"description\":\"A Division of the R-Biopharm Group\",\"potentialAction\":[{\"@type\":\"SearchAction\",\"target\":{\"@type\":\"EntryPoint\",\"urlTemplate\":\"https:\/\/devdevclinical.r-biopharm.com\/?s={search_term_string}\"},\"query-input\":\"required name=search_term_string\"}],\"inLanguage\":\"es-ES\"}]}<\/script>\n<!-- \/ Yoast SEO plugin. -->","yoast_head_json":{"title":"Immunotransferencia: Un m\u00e9todo pr\u00e1ctico para detectar anticuerpos durante el diagn\u00f3stico cl\u00ednico","description":"Los ensayos de inmunotransferencia son pruebas precisas y fiables para diversas aplicaciones en el \u00e1rea del diagn\u00f3stico cl\u00ednico. Vea todos los an\u00e1lisis de inmunotransferencia de R-Biopharm aqu\u00ed.","robots":{"index":"noindex","follow":"follow","max-snippet":"max-snippet:-1","max-image-preview":"max-image-preview:large","max-video-preview":"max-video-preview:-1"},"og_locale":"es_ES","og_type":"article","og_title":"Immunotransferencia: Un m\u00e9todo pr\u00e1ctico para detectar anticuerpos durante el diagn\u00f3stico cl\u00ednico","og_description":"Los ensayos de inmunotransferencia son pruebas precisas y fiables para diversas aplicaciones en el \u00e1rea del diagn\u00f3stico cl\u00ednico. Vea todos los an\u00e1lisis de inmunotransferencia de R-Biopharm aqu\u00ed.","og_url":"https:\/\/devclinical.r-biopharm.com\/es\/tecnologias\/ensayos-de-inmunotransferencia\/","og_site_name":"\ud83d\udea8\ud83d\udea8\ud83d\udea8 Staging!!! Clinical Diagnostics \ud83d\udea8\ud83d\udea8\ud83d\udea8","article_modified_time":"2018-07-10T15:34:58+00:00","twitter_misc":{"Est. reading time":"3 minutes"},"schema":{"@context":"https:\/\/schema.org","@graph":[{"@type":"WebPage","@id":"https:\/\/devclinical.r-biopharm.com\/es\/tecnologias\/ensayos-de-inmunotransferencia\/","url":"https:\/\/devclinical.r-biopharm.com\/es\/tecnologias\/ensayos-de-inmunotransferencia\/","name":"Immunotransferencia: Un m\u00e9todo pr\u00e1ctico para detectar anticuerpos durante el diagn\u00f3stico cl\u00ednico","isPartOf":{"@id":"https:\/\/devdevclinical.r-biopharm.com\/#website"},"datePublished":"2016-08-16T06:24:27+00:00","dateModified":"2018-07-10T15:34:58+00:00","description":"Los ensayos de inmunotransferencia son pruebas precisas y fiables para diversas aplicaciones en el \u00e1rea del diagn\u00f3stico cl\u00ednico. Vea todos los an\u00e1lisis de inmunotransferencia de R-Biopharm aqu\u00ed.","breadcrumb":{"@id":"https:\/\/devclinical.r-biopharm.com\/es\/tecnologias\/ensayos-de-inmunotransferencia\/#breadcrumb"},"inLanguage":"es-ES","potentialAction":[{"@type":"ReadAction","target":["https:\/\/devclinical.r-biopharm.com\/es\/tecnologias\/ensayos-de-inmunotransferencia\/"]}]},{"@type":"BreadcrumbList","@id":"https:\/\/devclinical.r-biopharm.com\/es\/tecnologias\/ensayos-de-inmunotransferencia\/#breadcrumb","itemListElement":[{"@type":"ListItem","position":1,"name":"Home","item":"https:\/\/devclinical.r-biopharm.com\/es\/"},{"@type":"ListItem","position":2,"name":"Tecnolog\u00edas","item":"https:\/\/devclinical.r-biopharm.com\/es\/tecnologias\/"},{"@type":"ListItem","position":3,"name":"Ensayos de inmunotransferencia"}]},{"@type":"WebSite","@id":"https:\/\/devdevclinical.r-biopharm.com\/#website","url":"https:\/\/devdevclinical.r-biopharm.com\/","name":"\ud83d\udea8\ud83d\udea8\ud83d\udea8 Staging!!! Clinical Diagnostics \ud83d\udea8\ud83d\udea8\ud83d\udea8","description":"A Division of the R-Biopharm Group","potentialAction":[{"@type":"SearchAction","target":{"@type":"EntryPoint","urlTemplate":"https:\/\/devdevclinical.r-biopharm.com\/?s={search_term_string}"},"query-input":"required name=search_term_string"}],"inLanguage":"es-ES"}]}},"_links":{"self":[{"href":"https:\/\/devclinical.r-biopharm.com\/es\/wp-json\/wp\/v2\/pages\/88761"}],"collection":[{"href":"https:\/\/devclinical.r-biopharm.com\/es\/wp-json\/wp\/v2\/pages"}],"about":[{"href":"https:\/\/devclinical.r-biopharm.com\/es\/wp-json\/wp\/v2\/types\/page"}],"author":[{"embeddable":true,"href":"https:\/\/devclinical.r-biopharm.com\/es\/wp-json\/wp\/v2\/users\/1"}],"replies":[{"embeddable":true,"href":"https:\/\/devclinical.r-biopharm.com\/es\/wp-json\/wp\/v2\/comments?post=88761"}],"version-history":[{"count":13,"href":"https:\/\/devclinical.r-biopharm.com\/es\/wp-json\/wp\/v2\/pages\/88761\/revisions"}],"predecessor-version":[{"id":91882,"href":"https:\/\/devclinical.r-biopharm.com\/es\/wp-json\/wp\/v2\/pages\/88761\/revisions\/91882"}],"up":[{"embeddable":true,"href":"https:\/\/devclinical.r-biopharm.com\/es\/wp-json\/wp\/v2\/pages\/88548"}],"wp:attachment":[{"href":"https:\/\/devclinical.r-biopharm.com\/es\/wp-json\/wp\/v2\/media?parent=88761"}],"curies":[{"name":"wp","href":"https:\/\/api.w.org\/{rel}","templated":true}]}}