{"id":88762,"date":"2016-08-16T09:29:14","date_gmt":"2016-08-16T07:29:14","guid":{"rendered":"https:\/\/clinical.r-biopharm.com\/tecnologias\/pcr-en-tiempo-real\/"},"modified":"2019-07-08T15:47:01","modified_gmt":"2019-07-08T13:47:01","slug":"pcr-en-tiempo-real","status":"publish","type":"page","link":"https:\/\/devclinical.r-biopharm.com\/es\/tecnologias\/pcr-en-tiempo-real\/","title":{"rendered":"PCR en tiempo real"},"content":{"rendered":"<div class=\"wpb-content-wrapper\">[mk_page_section padding_top=&#8221;30&#8243; padding_bottom=&#8221;30&#8243; sidebar=&#8221;sidebar-1&#8243;][vc_column width=&#8221;2\/3&#8243;][vc_column_text]<strong>Los m\u00e9todos de detecci\u00f3n molecular han revolucionado el diagn\u00f3stico m\u00e9dico y son una parte esencial del laboratorio de diagn\u00f3stico actual.<\/strong><\/p>\n<p>En numerosas \u00e1reas de enfermedades infecciosas, los m\u00e9todos cl\u00e1sicos de detecci\u00f3n, como cultivos e inmunoensayos, han sido sustituidos o complementados con la reacci\u00f3n en cadena de la polimerasa (PCR) en tiempo real.<\/p>\n<h3>Principio del ensayo de PCR en tiempo real<\/h3>\n<p>Mediante la detecci\u00f3n directa del ADN o ARN del pat\u00f3geno, la PCR en tiempo real ofrece un diagn\u00f3stico temprano y muy espec\u00edfico, de modo que permite establecer un tratamiento r\u00e1pido y selectivo para cada paciente; despu\u00e9s del aislamiento del ADN, se amplifican fragmentos del gen diana (amplicones) y, si est\u00e1n presentes, se detectan con sondas de hidr\u00f3lisis fluorescentes. La se\u00f1al de fluorescencia aumenta con la cantidad de amplicones formados, que detecta la unidad \u00f3ptica del instrumento de PCR en tiempo real.<\/p>\n<h3>Resumen de RIDA\u00aeGENE<\/h3>\n<p>Los kits RIDA\u00aeGENE de R-Biopharm se basan en tecnolog\u00eda de PCR en tiempo real para la detecci\u00f3n cualitativa directa de infecciones gastrointestinales, infecciones contra\u00eddas en el hospital, infecciones respiratorias, infecciones de transmisi\u00f3n sexual (ITS) y otros par\u00e1metros.[\/vc_column_text][mk_custom_list style=&#8221;mk-moon-circle-small&#8221;]\n<ul>\n<li>Alta sensibilidad y especificidad: PCR en tiempo real con tecnolog\u00eda de sonda de hidr\u00f3lisis Taqman<\/li>\n<li>Completo: contiene todos los componentes necesarios<\/li>\n<li>Fiable: el control de extracci\u00f3n incluido detecta la inhibici\u00f3n de PCR, monitoriza la integridad del reactivo y confirma la extracci\u00f3n eficiente de \u00e1cido nucleico<\/li>\n<li>Flexible: compatible con varios instrumentos de PCR en tiempo real, como LightCycler\u00ae series, Rotor-Gene Q, ABI7500, Mx3005P y CFX96\u2122<\/li>\n<li>Eficiente: solo un perfil de PCR para ensayos de ADN o ARN<\/li>\n<li>Validado: Marcado CE-IVD, QCMD, INSTAND y participaci\u00f3n en la evaluaci\u00f3n de calidad UK NEQAS<\/li>\n<\/ul>\n[\/mk_custom_list][vc_cta h2=&#8221;M\u00e1s informaci\u00f3n&#8221; shape=&#8221;square&#8221; style=&#8221;flat&#8221; color=&#8221;grey&#8221; add_button=&#8221;right&#8221; btn_title=&#8221;Descargar&#8221; btn_style=&#8221;flat&#8221; btn_shape=&#8221;square&#8221; btn_color=&#8221;inverse&#8221; btn_link=&#8221;url:https%3A%2F%2Fdevclinical.r-biopharm.com%2Fwp-content%2Fuploads%2Fsites%2F3%2F2017%2F11%2F2016-10_rida-gene_portfolio_booklet_en_lores.pdf|&#8221;]Encontrar\u00e1 m\u00e1s informaci\u00f3n acerca de los kits de PCR en tiempo real RIDA\u00aeGENE en nuestro folleto gratuito para el cliente.[\/vc_cta][\/vc_column][vc_column width=&#8221;1\/3&#8243;][vc_column_text margin_bottom=&#8221;20&#8243;]\n<h3 style=\"margin-bottom: 25px;\">Seleccione una indicaci\u00f3n<\/h3>\n<div class=\"facetwp-facet facetwp-facet-indication_fselect facetwp-type-fselect\" data-name=\"indication_fselect\" data-type=\"fselect\"><\/div>[\/vc_column_text][vc_column_text margin_bottom=&#8221;20&#8243;]\n<h3 style=\"margin-bottom: 25px;\">Seleccione un campo diagn\u00f3stico<\/h3>\n<div class=\"facetwp-facet facetwp-facet-diagnostics_fselect facetwp-type-fselect\" data-name=\"diagnostics_fselect\" data-type=\"fselect\"><\/div>[\/vc_column_text][vc_column_text margin_bottom=&#8221;40&#8243;]\n<h3 style=\"margin-bottom: 25px;\">Seleccione su producto de PCR\u00a0en tiempo real<\/h3>\n<div class=\"facetwp-template\" data-name=\"qpcr\"><ul class=\"product_facets\"><\/ul><\/div>[\/vc_column_text][\/vc_column][\/mk_page_section][mk_page_section bg_color=&#8221;#f7f7f7&#8243; padding_top=&#8221;0&#8243; padding_bottom=&#8221;0&#8243; sidebar=&#8221;sidebar-1&#8243;][vc_column css=&#8221;.vc_custom_1469015765963{margin-top: 25px !important;padding-bottom: 5px !important;}&#8221;][vc_column_text margin_bottom=&#8221;20&#8243; css=&#8221;.vc_custom_1530027736625{margin-bottom: 20px !important;}&#8221;]\n<h2 class=\"knubbel\">Noticias recientes<\/h2>\n[\/vc_column_text][mk_blog_carousel][\/vc_column][\/mk_page_section][mk_page_section bg_color=&#8221;#ffffff&#8221; padding_top=&#8221;0&#8243; sidebar=&#8221;sidebar-1&#8243;][vc_column css=&#8221;.vc_custom_1467042052405{margin-top: 40px !important;}&#8221;][vc_column_text margin_bottom=&#8221;20&#8243;]\n<h2 class=\"knubbel\">Otra informaci\u00f3n de inter\u00e9s<\/h2>\n[\/vc_column_text][vc_row_inner css=&#8221;.vc_custom_1468404266697{margin-bottom: 40px !important;}&#8221;][vc_column_inner width=&#8221;1\/3&#8243; css=&#8221;.vc_custom_1468416557833{padding-bottom: 10px !important;padding-left: 0px !important;}&#8221;][mk_flipbox_rb taxonomy=&#8221;technology&#8221; tag_technology=&#8221;qpcr-de&#8221; min_height=&#8221;200&#8243; button_bg_color=&#8221;#4d4d4d&#8221; button_bg_hover_color=&#8221;#ffffff&#8221; button_text=&#8221;More&#8221;][\/vc_column_inner][vc_column_inner width=&#8221;1\/3&#8243; css=&#8221;.vc_custom_1468416552613{padding-right: 7.5px !important;padding-bottom: 10px !important;padding-left: 7.5px !important;}&#8221;][mk_flipbox_rb taxonomy=&#8221;technology&#8221; tag_technology=&#8221;qpcr-de&#8221; offset=&#8221;1&#8243; min_height=&#8221;200&#8243; button_bg_color=&#8221;#4d4d4d&#8221; button_bg_hover_color=&#8221;#ffffff&#8221; button_text=&#8221;More&#8221;][\/vc_column_inner][vc_column_inner width=&#8221;1\/3&#8243; css=&#8221;.vc_custom_1468416547451{padding-right: 0px !important;padding-bottom: 10px !important;}&#8221;][mk_flipbox_rb taxonomy=&#8221;technology&#8221; tag_technology=&#8221;qpcr-de&#8221; offset=&#8221;2&#8243; min_height=&#8221;200&#8243; button_bg_color=&#8221;#4d4d4d&#8221; button_bg_hover_color=&#8221;#ffffff&#8221; button_text=&#8221;More&#8221;][\/vc_column_inner][\/vc_row_inner][\/vc_column][\/mk_page_section][mk_page_section bg_color=&#8221;#f7f7f7&#8243; padding_top=&#8221;20&#8243; padding_bottom=&#8221;20&#8243; sidebar=&#8221;sidebar-1&#8243;][vc_column css=&#8221;.vc_custom_1468415774645{padding-top: 0px !important;padding-bottom: 0px !important;}&#8221;][vc_column_text disable_pattern=&#8221;false&#8221; align=&#8221;center&#8221;]\n<h2>Asistencia en relaci\u00f3n con PCR en tiempo real<\/h2>\n<p>\u00bfPreguntas? Recurra a los conocimientos especializados de nuestro equipo. Le respaldamos a usted y su empresa en todas las fases del proceso anal\u00edtico para garantizar su \u00e9xito[\/vc_column_text][mk_button dimension=&#8221;flat&#8221; url=&#8221;\/es\/contacto\/&#8221; align=&#8221;center&#8221; margin_bottom=&#8221;&#8221; bg_color=&#8221;#4d4d4d&#8221; btn_hover_bg=&#8221;#ffffff&#8221; btn_hover_txt_color=&#8221;#4d4d4d&#8221;]Escr\u00edbanos[\/mk_button][\/vc_column][\/mk_page_section]\n<\/div>","protected":false},"excerpt":{"rendered":"<p>[mk_page_section padding_top=&#8221;30&#8243; padding_bottom=&#8221;30&#8243; sidebar=&#8221;sidebar-1&#8243;][vc_column width=&#8221;2\/3&#8243;][vc_column_text]Los m\u00e9todos de detecci\u00f3n molecular han revolucionado el diagn\u00f3stico m\u00e9dico y son una parte esencial del laboratorio de diagn\u00f3stico actual. En numerosas \u00e1reas de enfermedades infecciosas, los m\u00e9todos cl\u00e1sicos de detecci\u00f3n, como cultivos e inmunoensayos, han sido sustituidos o complementados con la reacci\u00f3n en cadena de la polimerasa (PCR) en tiempo [&hellip;]<\/p>\n","protected":false},"author":1,"featured_media":0,"parent":88548,"menu_order":0,"comment_status":"closed","ping_status":"closed","template":"","meta":{"content-type":"","_relevanssi_hide_post":"","_relevanssi_hide_content":"","_relevanssi_pin_for_all":"","_relevanssi_pin_keywords":"","_relevanssi_unpin_keywords":"","_relevanssi_related_keywords":"","_relevanssi_related_include_ids":"","_relevanssi_related_exclude_ids":"","_relevanssi_related_no_append":"","_relevanssi_related_not_related":"","_relevanssi_related_posts":"","_relevanssi_noindex_reason":"","footnotes":""},"acf":[],"yoast_head":"<!-- This site is optimized with the Yoast SEO plugin v21.9 - https:\/\/yoast.com\/wordpress\/plugins\/seo\/ -->\n<title>PCR en tiempo real: M\u00e9todos moleculares para diagn\u00f3stico cl\u00ednico<\/title>\n<meta name=\"description\" content=\"En la actualidad, el diagn\u00f3stico molecular constituye una parte esencial de la rutina de laboratorio. Descubra nuestros kits PCR en tiempo real de alta sensibilidad RIDA\u00aeGENE para el diagn\u00f3stico de infecciones.\" \/>\n<meta name=\"robots\" content=\"noindex, follow, max-snippet:-1, max-image-preview:large, max-video-preview:-1\" \/>\n<meta property=\"og:locale\" content=\"es_ES\" \/>\n<meta property=\"og:type\" content=\"article\" \/>\n<meta property=\"og:title\" content=\"PCR en tiempo real: M\u00e9todos moleculares para diagn\u00f3stico cl\u00ednico\" \/>\n<meta property=\"og:description\" content=\"En la actualidad, el diagn\u00f3stico molecular constituye una parte esencial de la rutina de laboratorio. Descubra nuestros kits PCR en tiempo real de alta sensibilidad RIDA\u00aeGENE para el diagn\u00f3stico de infecciones.\" \/>\n<meta property=\"og:url\" content=\"https:\/\/devclinical.r-biopharm.com\/es\/tecnologias\/pcr-en-tiempo-real\/\" \/>\n<meta property=\"og:site_name\" content=\"\ud83d\udea8\ud83d\udea8\ud83d\udea8 Staging!!! Clinical Diagnostics \ud83d\udea8\ud83d\udea8\ud83d\udea8\" \/>\n<meta property=\"article:modified_time\" content=\"2019-07-08T13:47:01+00:00\" \/>\n<meta name=\"twitter:label1\" content=\"Est. reading time\" \/>\n\t<meta name=\"twitter:data1\" content=\"4 minutes\" \/>\n<script type=\"application\/ld+json\" class=\"yoast-schema-graph\">{\"@context\":\"https:\/\/schema.org\",\"@graph\":[{\"@type\":\"WebPage\",\"@id\":\"https:\/\/devclinical.r-biopharm.com\/es\/tecnologias\/pcr-en-tiempo-real\/\",\"url\":\"https:\/\/devclinical.r-biopharm.com\/es\/tecnologias\/pcr-en-tiempo-real\/\",\"name\":\"PCR en tiempo real: M\u00e9todos moleculares para diagn\u00f3stico cl\u00ednico\",\"isPartOf\":{\"@id\":\"https:\/\/devdevclinical.r-biopharm.com\/#website\"},\"datePublished\":\"2016-08-16T07:29:14+00:00\",\"dateModified\":\"2019-07-08T13:47:01+00:00\",\"description\":\"En la actualidad, el diagn\u00f3stico molecular constituye una parte esencial de la rutina de laboratorio. Descubra nuestros kits PCR en tiempo real de alta sensibilidad RIDA\u00aeGENE para el diagn\u00f3stico de infecciones.\",\"breadcrumb\":{\"@id\":\"https:\/\/devclinical.r-biopharm.com\/es\/tecnologias\/pcr-en-tiempo-real\/#breadcrumb\"},\"inLanguage\":\"es-ES\",\"potentialAction\":[{\"@type\":\"ReadAction\",\"target\":[\"https:\/\/devclinical.r-biopharm.com\/es\/tecnologias\/pcr-en-tiempo-real\/\"]}]},{\"@type\":\"BreadcrumbList\",\"@id\":\"https:\/\/devclinical.r-biopharm.com\/es\/tecnologias\/pcr-en-tiempo-real\/#breadcrumb\",\"itemListElement\":[{\"@type\":\"ListItem\",\"position\":1,\"name\":\"Home\",\"item\":\"https:\/\/devclinical.r-biopharm.com\/es\/\"},{\"@type\":\"ListItem\",\"position\":2,\"name\":\"Tecnolog\u00edas\",\"item\":\"https:\/\/devclinical.r-biopharm.com\/es\/tecnologias\/\"},{\"@type\":\"ListItem\",\"position\":3,\"name\":\"PCR en tiempo real\"}]},{\"@type\":\"WebSite\",\"@id\":\"https:\/\/devdevclinical.r-biopharm.com\/#website\",\"url\":\"https:\/\/devdevclinical.r-biopharm.com\/\",\"name\":\"\ud83d\udea8\ud83d\udea8\ud83d\udea8 Staging!!! Clinical Diagnostics \ud83d\udea8\ud83d\udea8\ud83d\udea8\",\"description\":\"A Division of the R-Biopharm Group\",\"potentialAction\":[{\"@type\":\"SearchAction\",\"target\":{\"@type\":\"EntryPoint\",\"urlTemplate\":\"https:\/\/devdevclinical.r-biopharm.com\/?s={search_term_string}\"},\"query-input\":\"required name=search_term_string\"}],\"inLanguage\":\"es-ES\"}]}<\/script>\n<!-- \/ Yoast SEO plugin. -->","yoast_head_json":{"title":"PCR en tiempo real: M\u00e9todos moleculares para diagn\u00f3stico cl\u00ednico","description":"En la actualidad, el diagn\u00f3stico molecular constituye una parte esencial de la rutina de laboratorio. Descubra nuestros kits PCR en tiempo real de alta sensibilidad RIDA\u00aeGENE para el diagn\u00f3stico de infecciones.","robots":{"index":"noindex","follow":"follow","max-snippet":"max-snippet:-1","max-image-preview":"max-image-preview:large","max-video-preview":"max-video-preview:-1"},"og_locale":"es_ES","og_type":"article","og_title":"PCR en tiempo real: M\u00e9todos moleculares para diagn\u00f3stico cl\u00ednico","og_description":"En la actualidad, el diagn\u00f3stico molecular constituye una parte esencial de la rutina de laboratorio. Descubra nuestros kits PCR en tiempo real de alta sensibilidad RIDA\u00aeGENE para el diagn\u00f3stico de infecciones.","og_url":"https:\/\/devclinical.r-biopharm.com\/es\/tecnologias\/pcr-en-tiempo-real\/","og_site_name":"\ud83d\udea8\ud83d\udea8\ud83d\udea8 Staging!!! Clinical Diagnostics \ud83d\udea8\ud83d\udea8\ud83d\udea8","article_modified_time":"2019-07-08T13:47:01+00:00","twitter_misc":{"Est. reading time":"4 minutes"},"schema":{"@context":"https:\/\/schema.org","@graph":[{"@type":"WebPage","@id":"https:\/\/devclinical.r-biopharm.com\/es\/tecnologias\/pcr-en-tiempo-real\/","url":"https:\/\/devclinical.r-biopharm.com\/es\/tecnologias\/pcr-en-tiempo-real\/","name":"PCR en tiempo real: M\u00e9todos moleculares para diagn\u00f3stico cl\u00ednico","isPartOf":{"@id":"https:\/\/devdevclinical.r-biopharm.com\/#website"},"datePublished":"2016-08-16T07:29:14+00:00","dateModified":"2019-07-08T13:47:01+00:00","description":"En la actualidad, el diagn\u00f3stico molecular constituye una parte esencial de la rutina de laboratorio. Descubra nuestros kits PCR en tiempo real de alta sensibilidad RIDA\u00aeGENE para el diagn\u00f3stico de infecciones.","breadcrumb":{"@id":"https:\/\/devclinical.r-biopharm.com\/es\/tecnologias\/pcr-en-tiempo-real\/#breadcrumb"},"inLanguage":"es-ES","potentialAction":[{"@type":"ReadAction","target":["https:\/\/devclinical.r-biopharm.com\/es\/tecnologias\/pcr-en-tiempo-real\/"]}]},{"@type":"BreadcrumbList","@id":"https:\/\/devclinical.r-biopharm.com\/es\/tecnologias\/pcr-en-tiempo-real\/#breadcrumb","itemListElement":[{"@type":"ListItem","position":1,"name":"Home","item":"https:\/\/devclinical.r-biopharm.com\/es\/"},{"@type":"ListItem","position":2,"name":"Tecnolog\u00edas","item":"https:\/\/devclinical.r-biopharm.com\/es\/tecnologias\/"},{"@type":"ListItem","position":3,"name":"PCR en tiempo real"}]},{"@type":"WebSite","@id":"https:\/\/devdevclinical.r-biopharm.com\/#website","url":"https:\/\/devdevclinical.r-biopharm.com\/","name":"\ud83d\udea8\ud83d\udea8\ud83d\udea8 Staging!!! Clinical Diagnostics \ud83d\udea8\ud83d\udea8\ud83d\udea8","description":"A Division of the R-Biopharm Group","potentialAction":[{"@type":"SearchAction","target":{"@type":"EntryPoint","urlTemplate":"https:\/\/devdevclinical.r-biopharm.com\/?s={search_term_string}"},"query-input":"required name=search_term_string"}],"inLanguage":"es-ES"}]}},"_links":{"self":[{"href":"https:\/\/devclinical.r-biopharm.com\/es\/wp-json\/wp\/v2\/pages\/88762"}],"collection":[{"href":"https:\/\/devclinical.r-biopharm.com\/es\/wp-json\/wp\/v2\/pages"}],"about":[{"href":"https:\/\/devclinical.r-biopharm.com\/es\/wp-json\/wp\/v2\/types\/page"}],"author":[{"embeddable":true,"href":"https:\/\/devclinical.r-biopharm.com\/es\/wp-json\/wp\/v2\/users\/1"}],"replies":[{"embeddable":true,"href":"https:\/\/devclinical.r-biopharm.com\/es\/wp-json\/wp\/v2\/comments?post=88762"}],"version-history":[{"count":18,"href":"https:\/\/devclinical.r-biopharm.com\/es\/wp-json\/wp\/v2\/pages\/88762\/revisions"}],"predecessor-version":[{"id":97414,"href":"https:\/\/devclinical.r-biopharm.com\/es\/wp-json\/wp\/v2\/pages\/88762\/revisions\/97414"}],"up":[{"embeddable":true,"href":"https:\/\/devclinical.r-biopharm.com\/es\/wp-json\/wp\/v2\/pages\/88548"}],"wp:attachment":[{"href":"https:\/\/devclinical.r-biopharm.com\/es\/wp-json\/wp\/v2\/media?parent=88762"}],"curies":[{"name":"wp","href":"https:\/\/api.w.org\/{rel}","templated":true}]}}