{"id":88873,"date":"2017-06-20T11:41:48","date_gmt":"2017-06-20T09:41:48","guid":{"rendered":"https:\/\/clinical.r-biopharm.com\/diagnostico\/alergologia\/alergias-alimentarias-retardadas\/"},"modified":"2018-05-23T11:10:35","modified_gmt":"2018-05-23T09:10:35","slug":"alergias-alimentarias-retardadas","status":"publish","type":"page","link":"https:\/\/devclinical.r-biopharm.com\/es\/diagnostico\/alergologia\/alergias-alimentarias-retardadas\/","title":{"rendered":"Alergias alimentarias retardadas"},"content":{"rendered":"<div class=\"wpb-content-wrapper\">[mk_page_section padding_top=&#8221;30&#8243; padding_bottom=&#8221;30&#8243; sidebar=&#8221;sidebar-1&#8243;][vc_column width=&#8221;2\/3&#8243;][vc_column_text]\n<h3>Alergias alimentarias retardadas: un problema cada vez mayor<\/h3>\n<p>Las alergias pueden provocar numerosos problemas de salud. Se estima que entre el 20 y el 40\u00a0% de la poblaci\u00f3n sufre una alergia alimentaria (tipo III) mediada por IgG. Estas alergias alimentarias mediadas por IgG no se perciben de inmediato, sino que inducen una amplia variedad de s\u00edntomas retardados (p. ej., trastornos digestivos cr\u00f3nicos, cefaleas, migra\u00f1as y problemas de peso) que pueden parecer no tener relaci\u00f3n con alimentos concretos.<\/p>\n<h3 class=\"knubbel\">C\u00f3mo detectar una alergia alimentaria retardada<\/h3>\n<p>RIDASCREEN\u00ae Spec. IgG Foodscreen detecta alergias alimentarias retardadas. Este ensayo ELISA preciso y fiable identifica anticuerpos IgG espec\u00edficos para alimentos concretos en el suero humano. RIDASCREEN\u00ae Spec. IgG Foodscreen es un inmunoensayo enzim\u00e1tico para la detecci\u00f3n de anticuerpos IgG espec\u00edficos contra ant\u00edgenos de alimentos en suero humano. Analiza las reacciones de los anticuerpos IgG a hasta 271 posibles desencadenantes de enfermedades cr\u00f3nicas. RIDASCREEN\u00ae Spec. IgG Foodscreen proporciona placas prerrecubiertas en un formato modular que ofrece a los pacientes diferentes an\u00e1lisis entre los que elegir.[\/vc_column_text][vc_column_text]Varias placas en un sistema modular: seleccione la prueba que mejor se adapte a su paciente:[\/vc_column_text][vc_accordions style=&#8221;simple-style&#8221; open_toggle=&#8221;-1&#8243; container_bg_color=&#8221;#ffffff&#8221;][vc_accordion_tab icon=&#8221;mk-icon-chevron-right&#8221; title=&#8221;RIDASCREEN\u00ae Spec. IgG Foodscreen Prescreen 1: &#8220;][vc_column_text]<strong><a href=\"https:\/\/devclinical.r-biopharm.com\/products\/ridascreen-spec-igg-foodscreen-prescreen-1\/\">Prescreen 1<\/a><\/strong> se ha dise\u00f1ado para analizar la sensibilizaci\u00f3n general a los alimentos m\u00e1s frecuentes. Se trata de una herramienta que ahorra costes y que se utiliza para seleccionar la composici\u00f3n de al\u00e9rgenos para an\u00e1lisis posteriores. Se prueban los 22 alimentos m\u00e1s frecuentes. La placa se ha dise\u00f1ado para cuatro pacientes.[\/vc_column_text][\/vc_accordion_tab][vc_accordion_tab icon=&#8221;mk-icon-chevron-right&#8221; title=&#8221;RIDASCREEN\u00ae Spec. IgG Foodscreen Plate 6: &#8220;][vc_column_text]<a href=\"https:\/\/devclinical.r-biopharm.com\/products\/ridascreen-spec-igg-foodscreen-plate-6\/\"><strong>Plate 6<\/strong><\/a> se ha dise\u00f1ado para dos pacientes e incluye los 44 alimentos m\u00e1s frecuentes.<\/p>\n[\/vc_column_text][\/vc_accordion_tab][vc_accordion_tab icon=&#8221;mk-icon-chevron-right&#8221; title=&#8221;RIDASCREEN\u00ae Spec. IgG Foodscreen Plate 1, Plate 2, Plate 3: &#8220;][vc_column_text]Plate 1, 2 y 3 presentan una composici\u00f3n modular: <strong><a href=\"https:\/\/devclinical.r-biopharm.com\/products\/ridascreen-spec-igg-foodscreen-plate-1\/\">Plate 1<\/a><\/strong> (90 al\u00e9rgenos) incluye los alimentos m\u00e1s frecuentes, <a href=\"https:\/\/devclinical.r-biopharm.com\/products\/ridascreen-spec-igg-foodscreen-plate-2\/\"><strong>Plate 2<\/strong><\/a> (90 al\u00e9rgenos) incluye alternativas frecuentes a los alimentos de Plate 1, y <a href=\"https:\/\/devclinical.r-biopharm.com\/products\/ridascreen-spec-igg-foodscreen-plate-3\/\"><strong>Plate 3<\/strong><\/a> (91 al\u00e9rgenos) incluye alimentos raros y ex\u00f3ticos, as\u00ed como hierbas y especias. Cada placa se ha dise\u00f1ado para un paciente.[\/vc_column_text][\/vc_accordion_tab][vc_accordion_tab icon=&#8221;mk-icon-chevron-right&#8221; title=&#8221;RIDASCREEN\u00ae Spec. IgG Foodscreen Customized Plate y Customized Prescreen: &#8220;][vc_column_text]Las placas <strong><a href=\"https:\/\/devclinical.r-biopharm.com\/products\/ridascreen-spec-igg-foodscreen-customized-plate\/\">Customized Plate<\/a><\/strong> y <strong><a href=\"https:\/\/devclinical.r-biopharm.com\/products\/ridascreen-spec-igg-foodscreen-prescreen-customized\/\">Customized Prescreen<\/a><\/strong> se han dise\u00f1ado para una configuraci\u00f3n individual con un m\u00e1ximo de 91 al\u00e9rgenos por placa para uno o m\u00e1s pacientes. El sistema es extremadamente flexible y muy individualizado, ofreciendo una selecci\u00f3n de m\u00e1s de 300 al\u00e9rgenos, incluidos los al\u00e9rgenos espec\u00edficos de la regi\u00f3n, entre los que elegir.<\/p>\n[\/vc_column_text][\/vc_accordion_tab][\/vc_accordions][vc_column_text]\n<h3 class=\"knubbel\">RIDASCREEN\u00ae Blood Collection Kit: recogida de muestras sumamente sencilla<\/h3>\n<p>El Blood Collection Kit se ha dise\u00f1ado especialmente para mejorar la recogida de muestras. Unas pocas gotas de sangre capilar ser\u00e1n suficientes para poder detectar IgG contra hasta 180 alimentos. Las muestras pueden recogerse en cualquier lugar, incluso en casa. Las muestras de sangre seca pueden enviarse f\u00e1cilmente por correo est\u00e1ndar.[\/vc_column_text][vc_accordions style=&#8221;simple-style&#8221; open_toggle=&#8221;-1&#8243; container_bg_color=&#8221;#ffffff&#8221;][vc_accordion_tab icon=&#8221;mk-icon-chevron-right&#8221; title=&#8221;Kit de extracci\u00f3n de sangre RIDASCREEN\u00ae Foodscreen&#8221;][vc_column_text]El <a href=\"https:\/\/devclinical.r-biopharm.com\/products\/ridascreen-foodscreen-blood-collection-kit\/\"><strong>Blood Collection Kit<\/strong><\/a> contiene todos los componentes necesarios para recoger c\u00f3modamente una muestra de sangre capilar. Basta con unas pocas gotas de sangre. Las muestras pueden recogerse en cualquier lugar, incluso en casa. Las muestras de sangre seca pueden enviarse f\u00e1cilmente por correo est\u00e1ndar.[\/vc_column_text][\/vc_accordion_tab][vc_accordion_tab icon=&#8221;mk-icon-chevron-right&#8221; title=&#8221;RIDASCREEN\u00ae Foodscreen Blood Collection Card&#8221;][vc_column_text]Tambi\u00e9n ofrecemos un paquete que contiene 100 tarjetas <strong><a href=\"https:\/\/devclinical.r-biopharm.com\/products\/ridascreen-foodscreen-blood-collection-card\/\">Blood Collection Cards<\/a><\/strong>; de este modo, los profesionales pueden utilizar las tarjetas de recogida de sangre con su propio equipo, como las lancetas est\u00e9riles.<\/p>\n[\/vc_column_text][\/vc_accordion_tab][\/vc_accordions][vc_column_text]\n<h3 class=\"knubbel\">Beneficios de RIDASCREEN\u00ae Spec. IgG Foodscreen<\/h3>\n<p>El ensayo RIDASCREEN\u00ae Spec. IgG Foodscreen preciso y fiable ofrece numerosos beneficios:[\/vc_column_text][mk_custom_list]\n<ul>\n<li>Sistema modular para detecci\u00f3n sistem\u00e1tica<\/li>\n<li>Placas espec\u00edficas de cliente disponibles para diagn\u00f3sticos flexibles e individuales<\/li>\n<li>Con certificaci\u00f3n ISO y CE<\/li>\n<li>Reproducibilidad excelente<\/li>\n<li>Ensayos regulares interlaboratorios<\/li>\n<li>Producci\u00f3n estandarizada de al\u00e9rgenos<\/li>\n<li>Curva est\u00e1ndar calibrada de acuerdo con una preparaci\u00f3n de referencia internacional &#8220;1.\u00aa IRP 67\/86 de la OMS para IgG humana&#8221;.<\/li>\n<li>Vida \u00fatil de 24 meses<\/li>\n<\/ul>\n[\/mk_custom_list][\/vc_column][vc_column width=&#8221;1\/3&#8243;][vc_column_text margin_bottom=&#8221;20&#8243;]\n<h3 style=\"margin-bottom: 25px;\">Seleccione una indicaci\u00f3n<\/h3>\n<div class=\"facetwp-facet facetwp-facet-indication_fselect facetwp-type-fselect\" data-name=\"indication_fselect\" data-type=\"fselect\"><\/div>[\/vc_column_text][vc_column_text margin_bottom=&#8221;20&#8243;]\n<h3 style=\"margin-bottom: 25px;\">Seleccione una tecnolog\u00eda<\/h3>\n<div class=\"facetwp-facet facetwp-facet-technology_fselect facetwp-type-fselect\" data-name=\"technology_fselect\" data-type=\"fselect\"><\/div>[\/vc_column_text][vc_column_text margin_bottom=&#8221;40&#8243;]\n<h3 style=\"margin-bottom: 25px;\"><\/h3>\n<h3 style=\"margin-bottom: 25px;\">Seleccione su producto de alergolog\u00eda<\/h3>\n<div class=\"facetwp-template\" data-name=\"allergology\"><ul class=\"product_facets\"><\/ul><\/div>[\/vc_column_text][\/vc_column][\/mk_page_section][mk_page_section bg_color=&#8221;#f7f7f7&#8243; padding_top=&#8221;0&#8243; padding_bottom=&#8221;0&#8243; sidebar=&#8221;sidebar-1&#8243;][vc_column css=&#8221;.vc_custom_1469015765963{margin-top: 25px !important;padding-bottom: 5px !important;}&#8221;][vc_column_text margin_bottom=&#8221;20&#8243;]\n<h2 class=\"knubbel\">Noticias recientes sobre alergolog\u00eda<\/h2>\n[\/vc_column_text][mk_blog_carousel cat=&#8221;212&#8243;][\/vc_column][\/mk_page_section][mk_page_section bg_color=&#8221;#ffffff&#8221; padding_top=&#8221;0&#8243; sidebar=&#8221;sidebar-1&#8243;][vc_column css=&#8221;.vc_custom_1467042052405{margin-top: 40px !important;}&#8221;][vc_column_text margin_bottom=&#8221;20&#8243;]\n<h2 class=\"knubbel\">Otra informaci\u00f3n de inter\u00e9s<\/h2>\n[\/vc_column_text][vc_row_inner css=&#8221;.vc_custom_1468404266697{margin-bottom: 40px !important;}&#8221;][vc_column_inner width=&#8221;1\/3&#8243; css=&#8221;.vc_custom_1468416557833{padding-bottom: 10px !important;padding-left: 0px !important;}&#8221;][mk_flipbox_rb taxonomy=&#8221;diagnostic&#8221; tag_diagnostics=&#8221;allergology&#8221; min_height=&#8221;200&#8243; button_bg_color=&#8221;#4d4d4d&#8221; button_bg_hover_color=&#8221;#ffffff&#8221; button_text=&#8221;More information&#8221;][\/vc_column_inner][vc_column_inner width=&#8221;1\/3&#8243; css=&#8221;.vc_custom_1468416552613{padding-right: 7.5px !important;padding-bottom: 10px !important;padding-left: 7.5px !important;}&#8221;][mk_flipbox_rb taxonomy=&#8221;diagnostic&#8221; tag_diagnostics=&#8221;allergology&#8221; offset=&#8221;1&#8243; min_height=&#8221;200&#8243; button_bg_color=&#8221;#4d4d4d&#8221; button_bg_hover_color=&#8221;#ffffff&#8221; button_text=&#8221;More information&#8221;][\/vc_column_inner][vc_column_inner width=&#8221;1\/3&#8243; css=&#8221;.vc_custom_1468416547451{padding-right: 0px !important;padding-bottom: 10px !important;}&#8221;][mk_flipbox_rb taxonomy=&#8221;diagnostic&#8221; tag_diagnostics=&#8221;allergology&#8221; offset=&#8221;2&#8243; min_height=&#8221;200&#8243; button_bg_color=&#8221;#4d4d4d&#8221; button_bg_hover_color=&#8221;#ffffff&#8221; button_text=&#8221;More information&#8221;][\/vc_column_inner][\/vc_row_inner][\/vc_column][\/mk_page_section][mk_page_section bg_color=&#8221;#f7f7f7&#8243; padding_top=&#8221;20&#8243; padding_bottom=&#8221;20&#8243; sidebar=&#8221;sidebar-1&#8243;][vc_column css=&#8221;.vc_custom_1468415774645{padding-top: 0px !important;padding-bottom: 0px !important;}&#8221;][vc_column_text disable_pattern=&#8221;false&#8221; align=&#8221;center&#8221;]\n<h2>Asistencia en relaci\u00f3n con la alergolog\u00eda<\/h2>\n<p>\u00bfPreguntas? Recurra a los conocimientos especializados de nuestro equipo. Le respaldamos a usted y su empresa en todas las fases del proceso anal\u00edtico para garantizar su \u00e9xito[\/vc_column_text][mk_button dimension=&#8221;flat&#8221; url=&#8221;\/es\/contacto\/&#8221; align=&#8221;center&#8221; margin_bottom=&#8221;&#8221; bg_color=&#8221;#4d4d4d&#8221; btn_hover_bg=&#8221;#ffffff&#8221; btn_hover_txt_color=&#8221;#4d4d4d&#8221;]Escr\u00edbanos[\/mk_button][\/vc_column][\/mk_page_section]\n<\/div>","protected":false},"excerpt":{"rendered":"<p>[mk_page_section padding_top=&#8221;30&#8243; padding_bottom=&#8221;30&#8243; sidebar=&#8221;sidebar-1&#8243;][vc_column width=&#8221;2\/3&#8243;][vc_column_text] Alergias alimentarias retardadas: un problema cada vez mayor Las alergias pueden provocar numerosos problemas de salud. Se estima que entre el 20 y el 40\u00a0% de la poblaci\u00f3n sufre una alergia alimentaria (tipo III) mediada por IgG. Estas alergias alimentarias mediadas por IgG no se perciben de inmediato, sino que [&hellip;]<\/p>\n","protected":false},"author":27,"featured_media":0,"parent":88613,"menu_order":0,"comment_status":"closed","ping_status":"closed","template":"","meta":{"content-type":"","_relevanssi_hide_post":"","_relevanssi_hide_content":"","_relevanssi_pin_for_all":"","_relevanssi_pin_keywords":"","_relevanssi_unpin_keywords":"","_relevanssi_related_keywords":"","_relevanssi_related_include_ids":"","_relevanssi_related_exclude_ids":"","_relevanssi_related_no_append":"","_relevanssi_related_not_related":"","_relevanssi_related_posts":"","_relevanssi_noindex_reason":"","footnotes":""},"acf":[],"yoast_head":"<!-- This site is optimized with the Yoast SEO plugin v21.9 - https:\/\/yoast.com\/wordpress\/plugins\/seo\/ -->\n<title>Diagn\u00f3stico de alergias: Pruebas fiables para el diagn\u00f3stico de alergias<\/title>\n<meta name=\"description\" content=\"Cada vez m\u00e1s personas sufren alergias. Ofrecemos m\u00e9todos de prueba de vanguardia para detecci\u00f3n de anticuerpos IgE e IgG en sangre, que cuentan con gran precisi\u00f3n y fiabilidad.\" \/>\n<meta name=\"robots\" content=\"noindex, follow, max-snippet:-1, max-image-preview:large, max-video-preview:-1\" \/>\n<meta property=\"og:locale\" content=\"es_ES\" \/>\n<meta property=\"og:type\" content=\"article\" \/>\n<meta property=\"og:title\" content=\"Diagn\u00f3stico de alergias: Pruebas fiables para el diagn\u00f3stico de alergias\" \/>\n<meta property=\"og:description\" content=\"Cada vez m\u00e1s personas sufren alergias. Ofrecemos m\u00e9todos de prueba de vanguardia para detecci\u00f3n de anticuerpos IgE e IgG en sangre, que cuentan con gran precisi\u00f3n y fiabilidad.\" \/>\n<meta property=\"og:url\" content=\"https:\/\/devclinical.r-biopharm.com\/es\/diagnostico\/alergologia\/alergias-alimentarias-retardadas\/\" \/>\n<meta property=\"og:site_name\" content=\"\ud83d\udea8\ud83d\udea8\ud83d\udea8 Staging!!! Clinical Diagnostics \ud83d\udea8\ud83d\udea8\ud83d\udea8\" \/>\n<meta property=\"article:modified_time\" content=\"2018-05-23T09:10:35+00:00\" \/>\n<meta name=\"twitter:label1\" content=\"Est. reading time\" \/>\n\t<meta name=\"twitter:data1\" content=\"6 minutes\" \/>\n<script type=\"application\/ld+json\" class=\"yoast-schema-graph\">{\"@context\":\"https:\/\/schema.org\",\"@graph\":[{\"@type\":\"WebPage\",\"@id\":\"https:\/\/devclinical.r-biopharm.com\/es\/diagnostico\/alergologia\/alergias-alimentarias-retardadas\/\",\"url\":\"https:\/\/devclinical.r-biopharm.com\/es\/diagnostico\/alergologia\/alergias-alimentarias-retardadas\/\",\"name\":\"Diagn\u00f3stico de alergias: Pruebas fiables para el diagn\u00f3stico de alergias\",\"isPartOf\":{\"@id\":\"https:\/\/devdevclinical.r-biopharm.com\/#website\"},\"datePublished\":\"2017-06-20T09:41:48+00:00\",\"dateModified\":\"2018-05-23T09:10:35+00:00\",\"description\":\"Cada vez m\u00e1s personas sufren alergias. Ofrecemos m\u00e9todos de prueba de vanguardia para detecci\u00f3n de anticuerpos IgE e IgG en sangre, que cuentan con gran precisi\u00f3n y fiabilidad.\",\"breadcrumb\":{\"@id\":\"https:\/\/devclinical.r-biopharm.com\/es\/diagnostico\/alergologia\/alergias-alimentarias-retardadas\/#breadcrumb\"},\"inLanguage\":\"es-ES\",\"potentialAction\":[{\"@type\":\"ReadAction\",\"target\":[\"https:\/\/devclinical.r-biopharm.com\/es\/diagnostico\/alergologia\/alergias-alimentarias-retardadas\/\"]}]},{\"@type\":\"BreadcrumbList\",\"@id\":\"https:\/\/devclinical.r-biopharm.com\/es\/diagnostico\/alergologia\/alergias-alimentarias-retardadas\/#breadcrumb\",\"itemListElement\":[{\"@type\":\"ListItem\",\"position\":1,\"name\":\"Home\",\"item\":\"https:\/\/devclinical.r-biopharm.com\/es\/\"},{\"@type\":\"ListItem\",\"position\":2,\"name\":\"Diagn\u00f3stico\",\"item\":\"https:\/\/devclinical.r-biopharm.com\/es\/diagnostico\/\"},{\"@type\":\"ListItem\",\"position\":3,\"name\":\"Alergolog\u00eda\",\"item\":\"https:\/\/devclinical.r-biopharm.com\/es\/diagnostico\/alergologia\/\"},{\"@type\":\"ListItem\",\"position\":4,\"name\":\"Alergias alimentarias retardadas\"}]},{\"@type\":\"WebSite\",\"@id\":\"https:\/\/devdevclinical.r-biopharm.com\/#website\",\"url\":\"https:\/\/devdevclinical.r-biopharm.com\/\",\"name\":\"\ud83d\udea8\ud83d\udea8\ud83d\udea8 Staging!!! Clinical Diagnostics \ud83d\udea8\ud83d\udea8\ud83d\udea8\",\"description\":\"A Division of the R-Biopharm Group\",\"potentialAction\":[{\"@type\":\"SearchAction\",\"target\":{\"@type\":\"EntryPoint\",\"urlTemplate\":\"https:\/\/devdevclinical.r-biopharm.com\/?s={search_term_string}\"},\"query-input\":\"required name=search_term_string\"}],\"inLanguage\":\"es-ES\"}]}<\/script>\n<!-- \/ Yoast SEO plugin. -->","yoast_head_json":{"title":"Diagn\u00f3stico de alergias: Pruebas fiables para el diagn\u00f3stico de alergias","description":"Cada vez m\u00e1s personas sufren alergias. Ofrecemos m\u00e9todos de prueba de vanguardia para detecci\u00f3n de anticuerpos IgE e IgG en sangre, que cuentan con gran precisi\u00f3n y fiabilidad.","robots":{"index":"noindex","follow":"follow","max-snippet":"max-snippet:-1","max-image-preview":"max-image-preview:large","max-video-preview":"max-video-preview:-1"},"og_locale":"es_ES","og_type":"article","og_title":"Diagn\u00f3stico de alergias: Pruebas fiables para el diagn\u00f3stico de alergias","og_description":"Cada vez m\u00e1s personas sufren alergias. Ofrecemos m\u00e9todos de prueba de vanguardia para detecci\u00f3n de anticuerpos IgE e IgG en sangre, que cuentan con gran precisi\u00f3n y fiabilidad.","og_url":"https:\/\/devclinical.r-biopharm.com\/es\/diagnostico\/alergologia\/alergias-alimentarias-retardadas\/","og_site_name":"\ud83d\udea8\ud83d\udea8\ud83d\udea8 Staging!!! Clinical Diagnostics \ud83d\udea8\ud83d\udea8\ud83d\udea8","article_modified_time":"2018-05-23T09:10:35+00:00","twitter_misc":{"Est. reading time":"6 minutes"},"schema":{"@context":"https:\/\/schema.org","@graph":[{"@type":"WebPage","@id":"https:\/\/devclinical.r-biopharm.com\/es\/diagnostico\/alergologia\/alergias-alimentarias-retardadas\/","url":"https:\/\/devclinical.r-biopharm.com\/es\/diagnostico\/alergologia\/alergias-alimentarias-retardadas\/","name":"Diagn\u00f3stico de alergias: Pruebas fiables para el diagn\u00f3stico de alergias","isPartOf":{"@id":"https:\/\/devdevclinical.r-biopharm.com\/#website"},"datePublished":"2017-06-20T09:41:48+00:00","dateModified":"2018-05-23T09:10:35+00:00","description":"Cada vez m\u00e1s personas sufren alergias. Ofrecemos m\u00e9todos de prueba de vanguardia para detecci\u00f3n de anticuerpos IgE e IgG en sangre, que cuentan con gran precisi\u00f3n y fiabilidad.","breadcrumb":{"@id":"https:\/\/devclinical.r-biopharm.com\/es\/diagnostico\/alergologia\/alergias-alimentarias-retardadas\/#breadcrumb"},"inLanguage":"es-ES","potentialAction":[{"@type":"ReadAction","target":["https:\/\/devclinical.r-biopharm.com\/es\/diagnostico\/alergologia\/alergias-alimentarias-retardadas\/"]}]},{"@type":"BreadcrumbList","@id":"https:\/\/devclinical.r-biopharm.com\/es\/diagnostico\/alergologia\/alergias-alimentarias-retardadas\/#breadcrumb","itemListElement":[{"@type":"ListItem","position":1,"name":"Home","item":"https:\/\/devclinical.r-biopharm.com\/es\/"},{"@type":"ListItem","position":2,"name":"Diagn\u00f3stico","item":"https:\/\/devclinical.r-biopharm.com\/es\/diagnostico\/"},{"@type":"ListItem","position":3,"name":"Alergolog\u00eda","item":"https:\/\/devclinical.r-biopharm.com\/es\/diagnostico\/alergologia\/"},{"@type":"ListItem","position":4,"name":"Alergias alimentarias retardadas"}]},{"@type":"WebSite","@id":"https:\/\/devdevclinical.r-biopharm.com\/#website","url":"https:\/\/devdevclinical.r-biopharm.com\/","name":"\ud83d\udea8\ud83d\udea8\ud83d\udea8 Staging!!! Clinical Diagnostics \ud83d\udea8\ud83d\udea8\ud83d\udea8","description":"A Division of the R-Biopharm Group","potentialAction":[{"@type":"SearchAction","target":{"@type":"EntryPoint","urlTemplate":"https:\/\/devdevclinical.r-biopharm.com\/?s={search_term_string}"},"query-input":"required name=search_term_string"}],"inLanguage":"es-ES"}]}},"_links":{"self":[{"href":"https:\/\/devclinical.r-biopharm.com\/es\/wp-json\/wp\/v2\/pages\/88873"}],"collection":[{"href":"https:\/\/devclinical.r-biopharm.com\/es\/wp-json\/wp\/v2\/pages"}],"about":[{"href":"https:\/\/devclinical.r-biopharm.com\/es\/wp-json\/wp\/v2\/types\/page"}],"author":[{"embeddable":true,"href":"https:\/\/devclinical.r-biopharm.com\/es\/wp-json\/wp\/v2\/users\/27"}],"replies":[{"embeddable":true,"href":"https:\/\/devclinical.r-biopharm.com\/es\/wp-json\/wp\/v2\/comments?post=88873"}],"version-history":[{"count":23,"href":"https:\/\/devclinical.r-biopharm.com\/es\/wp-json\/wp\/v2\/pages\/88873\/revisions"}],"predecessor-version":[{"id":90716,"href":"https:\/\/devclinical.r-biopharm.com\/es\/wp-json\/wp\/v2\/pages\/88873\/revisions\/90716"}],"up":[{"embeddable":true,"href":"https:\/\/devclinical.r-biopharm.com\/es\/wp-json\/wp\/v2\/pages\/88613"}],"wp:attachment":[{"href":"https:\/\/devclinical.r-biopharm.com\/es\/wp-json\/wp\/v2\/media?parent=88873"}],"curies":[{"name":"wp","href":"https:\/\/api.w.org\/{rel}","templated":true}]}}