{"id":88893,"date":"2017-06-23T14:07:43","date_gmt":"2017-06-23T12:07:43","guid":{"rendered":"https:\/\/clinical.r-biopharm.com\/diagnostico\/alergologia\/alergias-de-tipo-i\/"},"modified":"2019-10-28T10:44:22","modified_gmt":"2019-10-28T09:44:22","slug":"alergias-de-tipo-i","status":"publish","type":"page","link":"https:\/\/devclinical.r-biopharm.com\/es\/diagnostico\/alergologia\/alergias-de-tipo-i\/","title":{"rendered":"Alergias de tipo I"},"content":{"rendered":"<div class=\"wpb-content-wrapper\">[mk_page_section padding_top=&#8221;30&#8243; padding_bottom=&#8221;30&#8243; sidebar=&#8221;sidebar-1&#8243;][vc_column width=&#8221;2\/3&#8243;][vc_column_text]<strong>La prevalencia de las alergias est\u00e1 aumentando en todo el mundo. Solo en Europa, se cree que hasta un 15\u00a0% de la poblaci\u00f3n sufre una alergia. En este contexto, los ensayos de laboratorio espec\u00edficos para alergias se han convertido en herramientas imprescindibles para su diagn\u00f3stico.<\/strong><\/p>\n<p>Los pacientes suelen presentar muy diversos s\u00edntomas y patrones de sensibilizaci\u00f3n frente a varios al\u00e9rgenos. Cuando se sospechan una respuesta al\u00e9rgica o una reacci\u00f3n grave, debe analizarse la sangre del paciente. Los diagn\u00f3sticos de alergias de R-Biopharm ofrecen dos m\u00e9todos de ensayo cuantitativo para la detecci\u00f3n de anticuerpos: el inmunoensayo enzim\u00e1tico (RIDASCREEN\u00ae Allergy ELISA) y la inmunotransferencia (RIDA qLine\u00ae Allergy).<\/p>\n<h3 class=\"knubbel\">RIDASCREEN\u00ae Allergy ELISA: inmunoensayo enzim\u00e1tico para la detecci\u00f3n de anticuerpos IgE\/IgG espec\u00edficos para al\u00e9rgenos<\/h3>\n<p>RIDASCREEN\u00ae Allergy ELISA para determinaci\u00f3n de la IgE total y espec\u00edfica y de la IgG espec\u00edfica es un inmunoensayo enzim\u00e1tico en el que los al\u00e9rgenos para la detecci\u00f3n de IgE\/IgG espec\u00edficas se unen de modo covalente a discos de celulosa. Dado que el diagn\u00f3stico de alergias exige soluciones individuales y flexibles con respecto a la composici\u00f3n del producto, R-Biopharm AG ofrece una amplia gama de productos especialmente dise\u00f1ados para satisfacer estas necesidades diferentes:[\/vc_column_text][mk_custom_list style=&#8221;mk-moon-circle-small&#8221;]\n<ul>\n<li>Total IgE<\/li>\n<li>Allergy Basic: tiras de 8 pocillos separables<\/li>\n<li>Allergy Advance: panel personalizado de 8 al\u00e9rgenos en tiras de 8 pocillos<\/li>\n<li>Allergy Active: placa de microtitulaci\u00f3n precargada con composici\u00f3n de al\u00e9rgenos personalizada<\/li>\n<\/ul>\n[\/mk_custom_list][vc_column_text]\n<h3 class=\"knubbel\">RIDA qLine\u00ae Allergy: paneles de alergia para an\u00e1lisis cuantitativo de IgE espec\u00edfica en suero o plasma humanos<\/h3>\n<p>Los sistemas de ensayo diagn\u00f3stico in vitro para alergias utilizados con mayor frecuencia son los costosos ensayos de al\u00e9rgenos espec\u00edficos cuantitativos, o los ensayos de panel semicuantitativos, m\u00e1s econ\u00f3micos y f\u00e1ciles de manejar. R-Biopharm AG ha aceptado el reto de desarrollar un sofisticado sistema de ensayo in vitro para alergias que combine la determinaci\u00f3n cuantitativa con una manipulaci\u00f3n muy sencilla y econ\u00f3mica.[\/vc_column_text][mk_custom_list style=&#8221;mk-moon-circle-small&#8221;]\n<ul>\n<li>Cuantitativo: curva est\u00e1ndar en cada tira<\/li>\n<li>Econ\u00f3mico: paneles de al\u00e9rgenos con hasta 20 al\u00e9rgenos para diagn\u00f3sticos efectivos<\/li>\n<li>Fiable: curva est\u00e1ndar calibrada de acuerdo con la \u201c2\u00aa IRP 75\/502 de la OMS para IgE humana\u201d<\/li>\n<li>Personalizado: composiciones de al\u00e9rgenos espec\u00edficas para el cliente para diagn\u00f3sticos individuales y flexibles<\/li>\n<li>Individual: evaluaci\u00f3n de software con informe individualizable<\/li>\n<\/ul>\n[\/mk_custom_list][vc_cta h2=&#8221;M\u00e1s informaci\u00f3n&#8221; shape=&#8221;square&#8221; style=&#8221;flat&#8221; color=&#8221;grey&#8221; add_button=&#8221;right&#8221; btn_title=&#8221;Descargar&#8221; btn_style=&#8221;flat&#8221; btn_shape=&#8221;square&#8221; btn_color=&#8221;inverse&#8221; btn_link=&#8221;url:https%3A%2F%2Fdevclinical.r-biopharm.com%2Fwp-content%2Fuploads%2Fsites%2F3%2F2017-08_allergy_rida-qline_12p_en_lores.pdf|target:%20_blank|&#8221;]Encontrar\u00e1 m\u00e1s informaci\u00f3n acerca de los kits de RIDA qLine\u00ae Allergy en nuestro folleto gratuito para el cliente.[\/vc_cta][\/vc_column][vc_column width=&#8221;1\/3&#8243;][vc_column_text margin_bottom=&#8221;20&#8243;]\n<h3 style=\"margin-bottom: 25px;\">Seleccione una indicaci\u00f3n<\/h3>\n<div class=\"facetwp-facet facetwp-facet-indication_fselect facetwp-type-fselect\" data-name=\"indication_fselect\" data-type=\"fselect\"><\/div>[\/vc_column_text][vc_column_text margin_bottom=&#8221;20&#8243;]\n<h3 style=\"margin-bottom: 25px;\">Seleccione una tecnolog\u00eda<\/h3>\n<div class=\"facetwp-facet facetwp-facet-technology_fselect facetwp-type-fselect\" data-name=\"technology_fselect\" data-type=\"fselect\"><\/div>[\/vc_column_text][vc_column_text margin_bottom=&#8221;40&#8243;]\n<h3 style=\"margin-bottom: 25px;\"><\/h3>\n<h3 style=\"margin-bottom: 25px;\">Seleccione su producto de alergolog\u00eda<\/h3>\n<div class=\"facetwp-template\" data-name=\"allergology\"><ul class=\"product_facets\"><\/ul><\/div>[\/vc_column_text][\/vc_column][\/mk_page_section][mk_page_section bg_color=&#8221;#f7f7f7&#8243; padding_top=&#8221;0&#8243; padding_bottom=&#8221;0&#8243; sidebar=&#8221;sidebar-1&#8243;][vc_column css=&#8221;.vc_custom_1469015765963{margin-top: 25px !important;padding-bottom: 5px !important;}&#8221;][vc_column_text margin_bottom=&#8221;20&#8243;]\n<h2 class=\"knubbel\">Noticias recientes sobre alergolog\u00eda<\/h2>\n[\/vc_column_text][mk_blog_carousel cat=&#8221;221&#8243;][\/vc_column][\/mk_page_section][mk_page_section bg_color=&#8221;#ffffff&#8221; padding_top=&#8221;0&#8243; sidebar=&#8221;sidebar-1&#8243;][vc_column css=&#8221;.vc_custom_1467042052405{margin-top: 40px !important;}&#8221;][vc_column_text margin_bottom=&#8221;20&#8243;]\n<h2 class=\"knubbel\">Otra informaci\u00f3n de inter\u00e9s<\/h2>\n[\/vc_column_text][vc_row_inner css=&#8221;.vc_custom_1468404266697{margin-bottom: 40px !important;}&#8221;][vc_column_inner width=&#8221;1\/3&#8243; css=&#8221;.vc_custom_1468416557833{padding-bottom: 10px !important;padding-left: 0px !important;}&#8221;][mk_flipbox_rb taxonomy=&#8221;diagnostic&#8221; tag_diagnostics=&#8221;allergology&#8221; min_height=&#8221;200&#8243; button_bg_color=&#8221;#4d4d4d&#8221; button_bg_hover_color=&#8221;#ffffff&#8221; button_text=&#8221;More information&#8221;][\/vc_column_inner][vc_column_inner width=&#8221;1\/3&#8243; css=&#8221;.vc_custom_1468416552613{padding-right: 7.5px !important;padding-bottom: 10px !important;padding-left: 7.5px !important;}&#8221;][mk_flipbox_rb taxonomy=&#8221;diagnostic&#8221; tag_diagnostics=&#8221;allergology&#8221; offset=&#8221;1&#8243; min_height=&#8221;200&#8243; button_bg_color=&#8221;#4d4d4d&#8221; button_bg_hover_color=&#8221;#ffffff&#8221; button_text=&#8221;More information&#8221;][\/vc_column_inner][vc_column_inner width=&#8221;1\/3&#8243; css=&#8221;.vc_custom_1468416547451{padding-right: 0px !important;padding-bottom: 10px !important;}&#8221;][mk_flipbox_rb taxonomy=&#8221;diagnostic&#8221; tag_diagnostics=&#8221;allergology&#8221; offset=&#8221;2&#8243; min_height=&#8221;200&#8243; button_bg_color=&#8221;#4d4d4d&#8221; button_bg_hover_color=&#8221;#ffffff&#8221; button_text=&#8221;More information&#8221;][\/vc_column_inner][\/vc_row_inner][\/vc_column][\/mk_page_section][mk_page_section bg_color=&#8221;#f7f7f7&#8243; padding_top=&#8221;20&#8243; padding_bottom=&#8221;20&#8243; sidebar=&#8221;sidebar-1&#8243;][vc_column css=&#8221;.vc_custom_1468415774645{padding-top: 0px !important;padding-bottom: 0px !important;}&#8221;][vc_column_text disable_pattern=&#8221;false&#8221; align=&#8221;center&#8221;]\n<h2>Asistencia en relaci\u00f3n con la alergolog\u00eda<\/h2>\n<p>\u00bfPreguntas? Recurra a los conocimientos especializados de nuestro equipo. Le respaldamos a usted y su empresa en todas las fases del proceso anal\u00edtico para garantizar su \u00e9xito[\/vc_column_text][mk_button dimension=&#8221;flat&#8221; url=&#8221;\/es\/contacto\/&#8221; align=&#8221;center&#8221; margin_bottom=&#8221;&#8221; bg_color=&#8221;#4d4d4d&#8221; btn_hover_bg=&#8221;#ffffff&#8221; btn_hover_txt_color=&#8221;#4d4d4d&#8221;]Escr\u00edbanos[\/mk_button][\/vc_column][\/mk_page_section]\n<\/div>","protected":false},"excerpt":{"rendered":"<p>[mk_page_section padding_top=&#8221;30&#8243; padding_bottom=&#8221;30&#8243; sidebar=&#8221;sidebar-1&#8243;][vc_column width=&#8221;2\/3&#8243;][vc_column_text]La prevalencia de las alergias est\u00e1 aumentando en todo el mundo. Solo en Europa, se cree que hasta un 15\u00a0% de la poblaci\u00f3n sufre una alergia. En este contexto, los ensayos de laboratorio espec\u00edficos para alergias se han convertido en herramientas imprescindibles para su diagn\u00f3stico. Los pacientes suelen presentar muy diversos [&hellip;]<\/p>\n","protected":false},"author":27,"featured_media":0,"parent":88613,"menu_order":0,"comment_status":"closed","ping_status":"closed","template":"","meta":{"content-type":"","_relevanssi_hide_post":"","_relevanssi_hide_content":"","_relevanssi_pin_for_all":"","_relevanssi_pin_keywords":"","_relevanssi_unpin_keywords":"","_relevanssi_related_keywords":"","_relevanssi_related_include_ids":"","_relevanssi_related_exclude_ids":"","_relevanssi_related_no_append":"","_relevanssi_related_not_related":"","_relevanssi_related_posts":"","_relevanssi_noindex_reason":"","footnotes":""},"acf":[],"yoast_head":"<!-- This site is optimized with the Yoast SEO plugin v21.9 - https:\/\/yoast.com\/wordpress\/plugins\/seo\/ -->\n<title>Diagn\u00f3stico de alergias: Pruebas fiables para el diagn\u00f3stico de alergias<\/title>\n<meta name=\"description\" content=\"Cada vez m\u00e1s personas sufren alergias. Ofrecemos m\u00e9todos de prueba de vanguardia para detecci\u00f3n de anticuerpos IgE e IgG en sangre, que cuentan con gran precisi\u00f3n y fiabilidad.\" \/>\n<meta name=\"robots\" content=\"noindex, follow, max-snippet:-1, max-image-preview:large, max-video-preview:-1\" \/>\n<meta property=\"og:locale\" content=\"es_ES\" \/>\n<meta property=\"og:type\" content=\"article\" \/>\n<meta property=\"og:title\" content=\"Diagn\u00f3stico de alergias: Pruebas fiables para el diagn\u00f3stico de alergias\" \/>\n<meta property=\"og:description\" content=\"Cada vez m\u00e1s personas sufren alergias. Ofrecemos m\u00e9todos de prueba de vanguardia para detecci\u00f3n de anticuerpos IgE e IgG en sangre, que cuentan con gran precisi\u00f3n y fiabilidad.\" \/>\n<meta property=\"og:url\" content=\"https:\/\/devclinical.r-biopharm.com\/es\/diagnostico\/alergologia\/alergias-de-tipo-i\/\" \/>\n<meta property=\"og:site_name\" content=\"\ud83d\udea8\ud83d\udea8\ud83d\udea8 Staging!!! Clinical Diagnostics \ud83d\udea8\ud83d\udea8\ud83d\udea8\" \/>\n<meta property=\"article:modified_time\" content=\"2019-10-28T09:44:22+00:00\" \/>\n<meta name=\"twitter:label1\" content=\"Est. reading time\" \/>\n\t<meta name=\"twitter:data1\" content=\"5 minutes\" \/>\n<script type=\"application\/ld+json\" class=\"yoast-schema-graph\">{\"@context\":\"https:\/\/schema.org\",\"@graph\":[{\"@type\":\"WebPage\",\"@id\":\"https:\/\/devclinical.r-biopharm.com\/es\/diagnostico\/alergologia\/alergias-de-tipo-i\/\",\"url\":\"https:\/\/devclinical.r-biopharm.com\/es\/diagnostico\/alergologia\/alergias-de-tipo-i\/\",\"name\":\"Diagn\u00f3stico de alergias: Pruebas fiables para el diagn\u00f3stico de alergias\",\"isPartOf\":{\"@id\":\"https:\/\/devdevclinical.r-biopharm.com\/#website\"},\"datePublished\":\"2017-06-23T12:07:43+00:00\",\"dateModified\":\"2019-10-28T09:44:22+00:00\",\"description\":\"Cada vez m\u00e1s personas sufren alergias. Ofrecemos m\u00e9todos de prueba de vanguardia para detecci\u00f3n de anticuerpos IgE e IgG en sangre, que cuentan con gran precisi\u00f3n y fiabilidad.\",\"breadcrumb\":{\"@id\":\"https:\/\/devclinical.r-biopharm.com\/es\/diagnostico\/alergologia\/alergias-de-tipo-i\/#breadcrumb\"},\"inLanguage\":\"es-ES\",\"potentialAction\":[{\"@type\":\"ReadAction\",\"target\":[\"https:\/\/devclinical.r-biopharm.com\/es\/diagnostico\/alergologia\/alergias-de-tipo-i\/\"]}]},{\"@type\":\"BreadcrumbList\",\"@id\":\"https:\/\/devclinical.r-biopharm.com\/es\/diagnostico\/alergologia\/alergias-de-tipo-i\/#breadcrumb\",\"itemListElement\":[{\"@type\":\"ListItem\",\"position\":1,\"name\":\"Home\",\"item\":\"https:\/\/devclinical.r-biopharm.com\/es\/\"},{\"@type\":\"ListItem\",\"position\":2,\"name\":\"Diagn\u00f3stico\",\"item\":\"https:\/\/devclinical.r-biopharm.com\/es\/diagnostico\/\"},{\"@type\":\"ListItem\",\"position\":3,\"name\":\"Alergolog\u00eda\",\"item\":\"https:\/\/devclinical.r-biopharm.com\/es\/diagnostico\/alergologia\/\"},{\"@type\":\"ListItem\",\"position\":4,\"name\":\"Alergias de tipo I\"}]},{\"@type\":\"WebSite\",\"@id\":\"https:\/\/devdevclinical.r-biopharm.com\/#website\",\"url\":\"https:\/\/devdevclinical.r-biopharm.com\/\",\"name\":\"\ud83d\udea8\ud83d\udea8\ud83d\udea8 Staging!!! Clinical Diagnostics \ud83d\udea8\ud83d\udea8\ud83d\udea8\",\"description\":\"A Division of the R-Biopharm Group\",\"potentialAction\":[{\"@type\":\"SearchAction\",\"target\":{\"@type\":\"EntryPoint\",\"urlTemplate\":\"https:\/\/devdevclinical.r-biopharm.com\/?s={search_term_string}\"},\"query-input\":\"required name=search_term_string\"}],\"inLanguage\":\"es-ES\"}]}<\/script>\n<!-- \/ Yoast SEO plugin. -->","yoast_head_json":{"title":"Diagn\u00f3stico de alergias: Pruebas fiables para el diagn\u00f3stico de alergias","description":"Cada vez m\u00e1s personas sufren alergias. Ofrecemos m\u00e9todos de prueba de vanguardia para detecci\u00f3n de anticuerpos IgE e IgG en sangre, que cuentan con gran precisi\u00f3n y fiabilidad.","robots":{"index":"noindex","follow":"follow","max-snippet":"max-snippet:-1","max-image-preview":"max-image-preview:large","max-video-preview":"max-video-preview:-1"},"og_locale":"es_ES","og_type":"article","og_title":"Diagn\u00f3stico de alergias: Pruebas fiables para el diagn\u00f3stico de alergias","og_description":"Cada vez m\u00e1s personas sufren alergias. Ofrecemos m\u00e9todos de prueba de vanguardia para detecci\u00f3n de anticuerpos IgE e IgG en sangre, que cuentan con gran precisi\u00f3n y fiabilidad.","og_url":"https:\/\/devclinical.r-biopharm.com\/es\/diagnostico\/alergologia\/alergias-de-tipo-i\/","og_site_name":"\ud83d\udea8\ud83d\udea8\ud83d\udea8 Staging!!! Clinical Diagnostics \ud83d\udea8\ud83d\udea8\ud83d\udea8","article_modified_time":"2019-10-28T09:44:22+00:00","twitter_misc":{"Est. reading time":"5 minutes"},"schema":{"@context":"https:\/\/schema.org","@graph":[{"@type":"WebPage","@id":"https:\/\/devclinical.r-biopharm.com\/es\/diagnostico\/alergologia\/alergias-de-tipo-i\/","url":"https:\/\/devclinical.r-biopharm.com\/es\/diagnostico\/alergologia\/alergias-de-tipo-i\/","name":"Diagn\u00f3stico de alergias: Pruebas fiables para el diagn\u00f3stico de alergias","isPartOf":{"@id":"https:\/\/devdevclinical.r-biopharm.com\/#website"},"datePublished":"2017-06-23T12:07:43+00:00","dateModified":"2019-10-28T09:44:22+00:00","description":"Cada vez m\u00e1s personas sufren alergias. Ofrecemos m\u00e9todos de prueba de vanguardia para detecci\u00f3n de anticuerpos IgE e IgG en sangre, que cuentan con gran precisi\u00f3n y fiabilidad.","breadcrumb":{"@id":"https:\/\/devclinical.r-biopharm.com\/es\/diagnostico\/alergologia\/alergias-de-tipo-i\/#breadcrumb"},"inLanguage":"es-ES","potentialAction":[{"@type":"ReadAction","target":["https:\/\/devclinical.r-biopharm.com\/es\/diagnostico\/alergologia\/alergias-de-tipo-i\/"]}]},{"@type":"BreadcrumbList","@id":"https:\/\/devclinical.r-biopharm.com\/es\/diagnostico\/alergologia\/alergias-de-tipo-i\/#breadcrumb","itemListElement":[{"@type":"ListItem","position":1,"name":"Home","item":"https:\/\/devclinical.r-biopharm.com\/es\/"},{"@type":"ListItem","position":2,"name":"Diagn\u00f3stico","item":"https:\/\/devclinical.r-biopharm.com\/es\/diagnostico\/"},{"@type":"ListItem","position":3,"name":"Alergolog\u00eda","item":"https:\/\/devclinical.r-biopharm.com\/es\/diagnostico\/alergologia\/"},{"@type":"ListItem","position":4,"name":"Alergias de tipo I"}]},{"@type":"WebSite","@id":"https:\/\/devdevclinical.r-biopharm.com\/#website","url":"https:\/\/devdevclinical.r-biopharm.com\/","name":"\ud83d\udea8\ud83d\udea8\ud83d\udea8 Staging!!! Clinical Diagnostics \ud83d\udea8\ud83d\udea8\ud83d\udea8","description":"A Division of the R-Biopharm Group","potentialAction":[{"@type":"SearchAction","target":{"@type":"EntryPoint","urlTemplate":"https:\/\/devdevclinical.r-biopharm.com\/?s={search_term_string}"},"query-input":"required name=search_term_string"}],"inLanguage":"es-ES"}]}},"_links":{"self":[{"href":"https:\/\/devclinical.r-biopharm.com\/es\/wp-json\/wp\/v2\/pages\/88893"}],"collection":[{"href":"https:\/\/devclinical.r-biopharm.com\/es\/wp-json\/wp\/v2\/pages"}],"about":[{"href":"https:\/\/devclinical.r-biopharm.com\/es\/wp-json\/wp\/v2\/types\/page"}],"author":[{"embeddable":true,"href":"https:\/\/devclinical.r-biopharm.com\/es\/wp-json\/wp\/v2\/users\/27"}],"replies":[{"embeddable":true,"href":"https:\/\/devclinical.r-biopharm.com\/es\/wp-json\/wp\/v2\/comments?post=88893"}],"version-history":[{"count":19,"href":"https:\/\/devclinical.r-biopharm.com\/es\/wp-json\/wp\/v2\/pages\/88893\/revisions"}],"predecessor-version":[{"id":102041,"href":"https:\/\/devclinical.r-biopharm.com\/es\/wp-json\/wp\/v2\/pages\/88893\/revisions\/102041"}],"up":[{"embeddable":true,"href":"https:\/\/devclinical.r-biopharm.com\/es\/wp-json\/wp\/v2\/pages\/88613"}],"wp:attachment":[{"href":"https:\/\/devclinical.r-biopharm.com\/es\/wp-json\/wp\/v2\/media?parent=88893"}],"curies":[{"name":"wp","href":"https:\/\/api.w.org\/{rel}","templated":true}]}}