{"id":94675,"date":"2018-10-09T10:20:52","date_gmt":"2018-10-09T08:20:52","guid":{"rendered":"https:\/\/clinical.r-biopharm.com\/diagnostico\/genetica-humana\/"},"modified":"2018-10-18T13:54:17","modified_gmt":"2018-10-18T11:54:17","slug":"genetica-humana","status":"publish","type":"page","link":"https:\/\/devclinical.r-biopharm.com\/es\/diagnostico\/genetica-humana\/","title":{"rendered":"Gen\u00e9tica humana"},"content":{"rendered":"<div class=\"wpb-content-wrapper\">[mk_page_section padding_top=&#8221;30&#8243; padding_bottom=&#8221;30&#8243; sidebar=&#8221;sidebar-1&#8243;][vc_column width=&#8221;2\/3&#8243;][vc_column_text css=&#8221;.vc_custom_1539068911347{margin-bottom: 0px !important;}&#8221;]\n<div id=\"text-block-3\" class=\"mk-text-block \">\n<p><strong>La gen\u00e9tica humana tiene una gran importancia en todos los campos de la medicina, ya que muchas enfermedades y anomal\u00edas se asocian con causas gen\u00e9ticas.<\/strong><\/p>\n<p>El t\u00e9rmino diagn\u00f3stico gen\u00e9tico humano resume todos los an\u00e1lisis de la informaci\u00f3n gen\u00e9tica humana. La informaci\u00f3n gen\u00e9tica del ser humano est\u00e1 contenida en el ADN (\u00e1cido desoxirribonucleico) y consta de m\u00e1s de 20\u00a0000 genes, distribuidos en 46 cromosomas. El an\u00e1lisis de segmentos de ADN permite identificar predisposiciones gen\u00e9ticas que pueden asociarse con ciertas enfermedades. En muchas \u00e1reas, las pruebas gen\u00e9ticas ya son una herramienta de diagn\u00f3stico importante.<\/p>\n<h3 class=\"knubbel\">Productos de diagn\u00f3stico para gen\u00e9tica humana<\/h3>\n<p>La l\u00ednea de productos de gen\u00e9tica humana de R-Biopharm ofrece soluciones diagn\u00f3sticas adaptadas a las necesidades de diagn\u00f3stico de los laboratorios. R-Biopharm usa tecnolog\u00eda moderna de PCR en tiempo real, que permite realizar an\u00e1lisis eficientes y precisos.<\/p>\n<p>En ensayo de PCR multiplex en tiempo real RIDA\u00aeGENE HLA-B27 (N.\u00ba de art. PY0205) permite la detecci\u00f3n cualitativa directa de HLA-B27, una predisposici\u00f3n gen\u00e9tica asociada con una enfermedad reum\u00e1tica inflamatoria cr\u00f3nica (espondilitis anquilosante, EA). La prueba contiene un control interno, que puede realizarse con unidades de PCR convencionales y puede combinarse con otros productos RIDA\u00aeGENE.<\/p>\n<p>Se est\u00e1n preparando otros productos de gen\u00e9tica humana para la detecci\u00f3n de predisposiciones gen\u00e9ticas asociadas con trombofilia, intolerancias alimentarias o hemocromatosis.<\/p>\n<\/div>\n[\/vc_column_text][vc_cta h2=&#8221;Diagnostics for Bechterew\u2019s disease&#8221; shape=&#8221;square&#8221; style=&#8221;flat&#8221; add_button=&#8221;right&#8221; btn_title=&#8221;Download flyer&#8221; btn_style=&#8221;flat&#8221; btn_shape=&#8221;square&#8221; btn_color=&#8221;inverse&#8221; btn_link=&#8221;url:https%3A%2F%2Fdevclinical.r-biopharm.com%2Fwp-content%2Fuploads%2Fsites%2F3%2F2018%2F10%2F2018-09_rida-gene-hla-b27_2p_en.pdf|target:%20_blank|&#8221;]Worldwide an estimated 540 million people suffer from low back pain. The causes vary widely. Frequently, a rheumatic illness such as Bechterew\u2019s disease is the cause. Genetic testing can support the diagnosis.[\/vc_cta][\/vc_column][vc_column width=&#8221;1\/3&#8243;][vc_column_text margin_bottom=&#8221;20&#8243;]\n<h3 style=\"margin-bottom: 25px;\">Seleccione una tecnolog\u00eda<\/h3>\n<div class=\"facetwp-facet facetwp-facet-technology_fselect facetwp-type-fselect\" data-name=\"technology_fselect\" data-type=\"fselect\"><\/div>[\/vc_column_text][vc_column_text margin_bottom=&#8221;40&#8243; css=&#8221;.vc_custom_1539078491000{margin-bottom: 40px !important;}&#8221;]\n<h3 style=\"margin-bottom: 25px;\">Seleccione su producto de gen\u00e9tica humana<\/h3>\n<div class=\"facetwp-template\" data-name=\"human_genetics\"><ul class=\"product_facets\"><\/ul><\/div>[\/vc_column_text][\/vc_column][\/mk_page_section][mk_page_section bg_color=&#8221;#f7f7f7&#8243; padding_top=&#8221;0&#8243; padding_bottom=&#8221;0&#8243; sidebar=&#8221;sidebar-1&#8243;][vc_column css=&#8221;.vc_custom_1469015765963{margin-top: 25px !important;padding-bottom: 5px !important;}&#8221;][vc_column_text margin_bottom=&#8221;20&#8243; css=&#8221;.vc_custom_1538993767035{margin-bottom: 20px !important;}&#8221;]\n<h2 class=\"knubbel\">Noticias recientes<\/h2>\n[\/vc_column_text][mk_blog_carousel][\/vc_column][\/mk_page_section][mk_page_section bg_color=&#8221;#ffffff&#8221; padding_top=&#8221;0&#8243; sidebar=&#8221;sidebar-1&#8243;][vc_column css=&#8221;.vc_custom_1467042052405{margin-top: 40px !important;}&#8221;][vc_column_text margin_bottom=&#8221;20&#8243;]\n<h2 class=\"knubbel\">Otra informaci\u00f3n de inter\u00e9s<\/h2>\n[\/vc_column_text][vc_row_inner css=&#8221;.vc_custom_1468404266697{margin-bottom: 40px !important;}&#8221;][vc_column_inner width=&#8221;1\/3&#8243; css=&#8221;.vc_custom_1468416557833{padding-bottom: 10px !important;padding-left: 0px !important;}&#8221;][mk_flipbox_rb taxonomy=&#8221;technology&#8221; tag_technology=&#8221;qpcr&#8221; min_height=&#8221;200&#8243; button_bg_color=&#8221;#4d4d4d&#8221; button_bg_hover_color=&#8221;#ffffff&#8221; button_text=&#8221;More&#8221;][\/vc_column_inner][vc_column_inner width=&#8221;1\/3&#8243; css=&#8221;.vc_custom_1468416552613{padding-right: 7.5px !important;padding-bottom: 10px !important;padding-left: 7.5px !important;}&#8221;][mk_flipbox_rb taxonomy=&#8221;technology&#8221; tag_technology=&#8221;qpcr&#8221; offset=&#8221;1&#8243; min_height=&#8221;200&#8243; button_bg_color=&#8221;#4d4d4d&#8221; button_bg_hover_color=&#8221;#ffffff&#8221; button_text=&#8221;More&#8221;][\/vc_column_inner][vc_column_inner width=&#8221;1\/3&#8243; css=&#8221;.vc_custom_1468416547451{padding-right: 0px !important;padding-bottom: 10px !important;}&#8221;][mk_flipbox_rb taxonomy=&#8221;technology&#8221; tag_technology=&#8221;qpcr&#8221; offset=&#8221;2&#8243; min_height=&#8221;200&#8243; button_bg_color=&#8221;#4d4d4d&#8221; button_bg_hover_color=&#8221;#ffffff&#8221; button_text=&#8221;More&#8221;][\/vc_column_inner][\/vc_row_inner][\/vc_column][\/mk_page_section][mk_page_section bg_color=&#8221;#f7f7f7&#8243; padding_top=&#8221;20&#8243; padding_bottom=&#8221;20&#8243; sidebar=&#8221;sidebar-1&#8243;][vc_column css=&#8221;.vc_custom_1468415774645{padding-top: 0px !important;padding-bottom: 0px !important;}&#8221;][vc_column_text disable_pattern=&#8221;false&#8221; align=&#8221;center&#8221; css=&#8221;.vc_custom_1538993831162{margin-bottom: 0px !important;}&#8221;]\n<h2>Asistencia en relaci\u00f3n con gen\u00e9tica humana<\/h2>\n<p>\u00bfPreguntas? Recurra a los conocimientos especializados de nuestro equipo. Le respaldamos a usted y su empresa en todas las fases del proceso anal\u00edtico para garantizar su \u00e9xito[\/vc_column_text][mk_button dimension=&#8221;flat&#8221; url=&#8221;\/contact&#8221; align=&#8221;center&#8221; margin_bottom=&#8221;&#8221; bg_color=&#8221;#4d4d4d&#8221; btn_hover_bg=&#8221;#ffffff&#8221; btn_hover_txt_color=&#8221;#4d4d4d&#8221;]Escr\u00edbanos[\/mk_button][\/vc_column][\/mk_page_section]\n<\/div>","protected":false},"excerpt":{"rendered":"<p>[mk_page_section padding_top=&#8221;30&#8243; padding_bottom=&#8221;30&#8243; sidebar=&#8221;sidebar-1&#8243;][vc_column width=&#8221;2\/3&#8243;][vc_column_text css=&#8221;.vc_custom_1539068911347{margin-bottom: 0px !important;}&#8221;] La gen\u00e9tica humana tiene una gran importancia en todos los campos de la medicina, ya que muchas enfermedades y anomal\u00edas se asocian con causas gen\u00e9ticas. El t\u00e9rmino diagn\u00f3stico gen\u00e9tico humano resume todos los an\u00e1lisis de la informaci\u00f3n gen\u00e9tica humana. La informaci\u00f3n gen\u00e9tica del ser humano est\u00e1 contenida [&hellip;]<\/p>\n","protected":false},"author":27,"featured_media":0,"parent":88515,"menu_order":0,"comment_status":"closed","ping_status":"closed","template":"","meta":{"content-type":"","_relevanssi_hide_post":"","_relevanssi_hide_content":"","_relevanssi_pin_for_all":"","_relevanssi_pin_keywords":"","_relevanssi_unpin_keywords":"","_relevanssi_related_keywords":"","_relevanssi_related_include_ids":"","_relevanssi_related_exclude_ids":"","_relevanssi_related_no_append":"","_relevanssi_related_not_related":"","_relevanssi_related_posts":"","_relevanssi_noindex_reason":"","footnotes":""},"acf":[],"yoast_head":"<!-- This site is optimized with the Yoast SEO plugin v21.9 - https:\/\/yoast.com\/wordpress\/plugins\/seo\/ -->\n<title>Gen\u00e9tica humana - \ud83d\udea8\ud83d\udea8\ud83d\udea8 Staging!!! Clinical Diagnostics \ud83d\udea8\ud83d\udea8\ud83d\udea8<\/title>\n<meta name=\"description\" content=\"La gen\u00e9tica humana tiene una gran importancia en todos los campos de la medicina, ya que muchas enfermedades y anomal\u00edas se asocian con causas gen\u00e9ticas.\" \/>\n<meta name=\"robots\" content=\"noindex, follow, max-snippet:-1, max-image-preview:large, max-video-preview:-1\" \/>\n<meta property=\"og:locale\" content=\"es_ES\" \/>\n<meta property=\"og:type\" content=\"article\" \/>\n<meta property=\"og:title\" content=\"Gen\u00e9tica humana - \ud83d\udea8\ud83d\udea8\ud83d\udea8 Staging!!! Clinical Diagnostics \ud83d\udea8\ud83d\udea8\ud83d\udea8\" \/>\n<meta property=\"og:description\" content=\"La gen\u00e9tica humana tiene una gran importancia en todos los campos de la medicina, ya que muchas enfermedades y anomal\u00edas se asocian con causas gen\u00e9ticas.\" \/>\n<meta property=\"og:url\" content=\"https:\/\/devclinical.r-biopharm.com\/es\/diagnostico\/genetica-humana\/\" \/>\n<meta property=\"og:site_name\" content=\"\ud83d\udea8\ud83d\udea8\ud83d\udea8 Staging!!! Clinical Diagnostics \ud83d\udea8\ud83d\udea8\ud83d\udea8\" \/>\n<meta property=\"article:modified_time\" content=\"2018-10-18T11:54:17+00:00\" \/>\n<meta name=\"twitter:label1\" content=\"Est. reading time\" \/>\n\t<meta name=\"twitter:data1\" content=\"4 minutes\" \/>\n<script type=\"application\/ld+json\" class=\"yoast-schema-graph\">{\"@context\":\"https:\/\/schema.org\",\"@graph\":[{\"@type\":\"WebPage\",\"@id\":\"https:\/\/devclinical.r-biopharm.com\/es\/diagnostico\/genetica-humana\/\",\"url\":\"https:\/\/devclinical.r-biopharm.com\/es\/diagnostico\/genetica-humana\/\",\"name\":\"Gen\u00e9tica humana - \ud83d\udea8\ud83d\udea8\ud83d\udea8 Staging!!! Clinical Diagnostics \ud83d\udea8\ud83d\udea8\ud83d\udea8\",\"isPartOf\":{\"@id\":\"https:\/\/devdevclinical.r-biopharm.com\/#website\"},\"datePublished\":\"2018-10-09T08:20:52+00:00\",\"dateModified\":\"2018-10-18T11:54:17+00:00\",\"description\":\"La gen\u00e9tica humana tiene una gran importancia en todos los campos de la medicina, ya que muchas enfermedades y anomal\u00edas se asocian con causas gen\u00e9ticas.\",\"breadcrumb\":{\"@id\":\"https:\/\/devclinical.r-biopharm.com\/es\/diagnostico\/genetica-humana\/#breadcrumb\"},\"inLanguage\":\"es-ES\",\"potentialAction\":[{\"@type\":\"ReadAction\",\"target\":[\"https:\/\/devclinical.r-biopharm.com\/es\/diagnostico\/genetica-humana\/\"]}]},{\"@type\":\"BreadcrumbList\",\"@id\":\"https:\/\/devclinical.r-biopharm.com\/es\/diagnostico\/genetica-humana\/#breadcrumb\",\"itemListElement\":[{\"@type\":\"ListItem\",\"position\":1,\"name\":\"Home\",\"item\":\"https:\/\/devclinical.r-biopharm.com\/es\/\"},{\"@type\":\"ListItem\",\"position\":2,\"name\":\"Diagn\u00f3stico\",\"item\":\"https:\/\/devclinical.r-biopharm.com\/es\/diagnostico\/\"},{\"@type\":\"ListItem\",\"position\":3,\"name\":\"Gen\u00e9tica humana\"}]},{\"@type\":\"WebSite\",\"@id\":\"https:\/\/devdevclinical.r-biopharm.com\/#website\",\"url\":\"https:\/\/devdevclinical.r-biopharm.com\/\",\"name\":\"\ud83d\udea8\ud83d\udea8\ud83d\udea8 Staging!!! Clinical Diagnostics \ud83d\udea8\ud83d\udea8\ud83d\udea8\",\"description\":\"A Division of the R-Biopharm Group\",\"potentialAction\":[{\"@type\":\"SearchAction\",\"target\":{\"@type\":\"EntryPoint\",\"urlTemplate\":\"https:\/\/devdevclinical.r-biopharm.com\/?s={search_term_string}\"},\"query-input\":\"required name=search_term_string\"}],\"inLanguage\":\"es-ES\"}]}<\/script>\n<!-- \/ Yoast SEO plugin. -->","yoast_head_json":{"title":"Gen\u00e9tica humana - \ud83d\udea8\ud83d\udea8\ud83d\udea8 Staging!!! Clinical Diagnostics \ud83d\udea8\ud83d\udea8\ud83d\udea8","description":"La gen\u00e9tica humana tiene una gran importancia en todos los campos de la medicina, ya que muchas enfermedades y anomal\u00edas se asocian con causas gen\u00e9ticas.","robots":{"index":"noindex","follow":"follow","max-snippet":"max-snippet:-1","max-image-preview":"max-image-preview:large","max-video-preview":"max-video-preview:-1"},"og_locale":"es_ES","og_type":"article","og_title":"Gen\u00e9tica humana - \ud83d\udea8\ud83d\udea8\ud83d\udea8 Staging!!! Clinical Diagnostics \ud83d\udea8\ud83d\udea8\ud83d\udea8","og_description":"La gen\u00e9tica humana tiene una gran importancia en todos los campos de la medicina, ya que muchas enfermedades y anomal\u00edas se asocian con causas gen\u00e9ticas.","og_url":"https:\/\/devclinical.r-biopharm.com\/es\/diagnostico\/genetica-humana\/","og_site_name":"\ud83d\udea8\ud83d\udea8\ud83d\udea8 Staging!!! Clinical Diagnostics \ud83d\udea8\ud83d\udea8\ud83d\udea8","article_modified_time":"2018-10-18T11:54:17+00:00","twitter_misc":{"Est. reading time":"4 minutes"},"schema":{"@context":"https:\/\/schema.org","@graph":[{"@type":"WebPage","@id":"https:\/\/devclinical.r-biopharm.com\/es\/diagnostico\/genetica-humana\/","url":"https:\/\/devclinical.r-biopharm.com\/es\/diagnostico\/genetica-humana\/","name":"Gen\u00e9tica humana - \ud83d\udea8\ud83d\udea8\ud83d\udea8 Staging!!! Clinical Diagnostics \ud83d\udea8\ud83d\udea8\ud83d\udea8","isPartOf":{"@id":"https:\/\/devdevclinical.r-biopharm.com\/#website"},"datePublished":"2018-10-09T08:20:52+00:00","dateModified":"2018-10-18T11:54:17+00:00","description":"La gen\u00e9tica humana tiene una gran importancia en todos los campos de la medicina, ya que muchas enfermedades y anomal\u00edas se asocian con causas gen\u00e9ticas.","breadcrumb":{"@id":"https:\/\/devclinical.r-biopharm.com\/es\/diagnostico\/genetica-humana\/#breadcrumb"},"inLanguage":"es-ES","potentialAction":[{"@type":"ReadAction","target":["https:\/\/devclinical.r-biopharm.com\/es\/diagnostico\/genetica-humana\/"]}]},{"@type":"BreadcrumbList","@id":"https:\/\/devclinical.r-biopharm.com\/es\/diagnostico\/genetica-humana\/#breadcrumb","itemListElement":[{"@type":"ListItem","position":1,"name":"Home","item":"https:\/\/devclinical.r-biopharm.com\/es\/"},{"@type":"ListItem","position":2,"name":"Diagn\u00f3stico","item":"https:\/\/devclinical.r-biopharm.com\/es\/diagnostico\/"},{"@type":"ListItem","position":3,"name":"Gen\u00e9tica humana"}]},{"@type":"WebSite","@id":"https:\/\/devdevclinical.r-biopharm.com\/#website","url":"https:\/\/devdevclinical.r-biopharm.com\/","name":"\ud83d\udea8\ud83d\udea8\ud83d\udea8 Staging!!! Clinical Diagnostics \ud83d\udea8\ud83d\udea8\ud83d\udea8","description":"A Division of the R-Biopharm Group","potentialAction":[{"@type":"SearchAction","target":{"@type":"EntryPoint","urlTemplate":"https:\/\/devdevclinical.r-biopharm.com\/?s={search_term_string}"},"query-input":"required name=search_term_string"}],"inLanguage":"es-ES"}]}},"_links":{"self":[{"href":"https:\/\/devclinical.r-biopharm.com\/es\/wp-json\/wp\/v2\/pages\/94675"}],"collection":[{"href":"https:\/\/devclinical.r-biopharm.com\/es\/wp-json\/wp\/v2\/pages"}],"about":[{"href":"https:\/\/devclinical.r-biopharm.com\/es\/wp-json\/wp\/v2\/types\/page"}],"author":[{"embeddable":true,"href":"https:\/\/devclinical.r-biopharm.com\/es\/wp-json\/wp\/v2\/users\/27"}],"replies":[{"embeddable":true,"href":"https:\/\/devclinical.r-biopharm.com\/es\/wp-json\/wp\/v2\/comments?post=94675"}],"version-history":[{"count":2,"href":"https:\/\/devclinical.r-biopharm.com\/es\/wp-json\/wp\/v2\/pages\/94675\/revisions"}],"predecessor-version":[{"id":94677,"href":"https:\/\/devclinical.r-biopharm.com\/es\/wp-json\/wp\/v2\/pages\/94675\/revisions\/94677"}],"up":[{"embeddable":true,"href":"https:\/\/devclinical.r-biopharm.com\/es\/wp-json\/wp\/v2\/pages\/88515"}],"wp:attachment":[{"href":"https:\/\/devclinical.r-biopharm.com\/es\/wp-json\/wp\/v2\/media?parent=94675"}],"curies":[{"name":"wp","href":"https:\/\/api.w.org\/{rel}","templated":true}]}}