{"id":156303,"date":"2021-09-14T12:33:03","date_gmt":"2021-09-14T10:33:03","guid":{"rendered":"https:\/\/clinical.r-biopharm.com\/ridaunity\/"},"modified":"2021-10-08T11:23:26","modified_gmt":"2021-10-08T09:23:26","slug":"ridaunity","status":"publish","type":"page","link":"https:\/\/devclinical.r-biopharm.com\/fr\/ridaunity\/","title":{"rendered":"RIDA\u00aeUNITY"},"content":{"rendered":"<div class=\"wpb-content-wrapper\">[vc_row][vc_column width=&#8221;2\/3&#8243;][vc_column_text css=&#8221;.vc_custom_1632901488600{margin-bottom: 0px !important;}&#8221;]Merci de l&#8217;int\u00e9r\u00eat que vous portez au RIDA\u00aeUNITY.<\/p>\n<p>RIDA\u00aeUNITY est la premi\u00e8re solution int\u00e9gr\u00e9e et enti\u00e8rement automatis\u00e9e de R-Biopharm. Cet appareil permet de traiter des \u00e9chantillons patients, de l&#8217;extraction des acides nucl\u00e9iques \u00e0 l&#8217;\u00e9valuation et \u00e0 la pr\u00e9sentation des r\u00e9sultats.<\/p>\n<p>Souhaitez-vous recevoir des informations concernant notre RIDA\u00aeUNITY ?<\/p>\n<p>Oui, inscrivez-vous d\u00e8s aujourd&#8217;hui en utilisant le formulaire.[\/vc_column_text][vc_row_inner][vc_column_inner width=&#8221;1\/2&#8243;][vc_empty_space height=&#8221;16px&#8221;][vc_raw_html]PCEtLSBbaWYgbHRlIElFIDhdPg0KPHNjcmlwdCBjaGFyc2V0PSJ1dGYtOCIgdHlwZT0idGV4dC9qYXZhc2NyaXB0IiBzcmM9Ii8vanMuaHNmb3Jtcy5uZXQvZm9ybXMvdjItbGVnYWN5LmpzIj48L3NjcmlwdD4NCjwhW2VuZGlmXS0tPg0KPHNjcmlwdCBjaGFyc2V0PSJ1dGYtOCIgdHlwZT0idGV4dC9qYXZhc2NyaXB0IiBzcmM9Ii8vanMuaHNmb3Jtcy5uZXQvZm9ybXMvdjIuanMiPjwvc2NyaXB0Pg0KPHNjcmlwdD4NCiAgaGJzcHQuZm9ybXMuY3JlYXRlKHsNCglyZWdpb246ICJuYTEiLA0KCXBvcnRhbElkOiAiNDgzMjIwMyIsDQoJZm9ybUlkOiAiNjY1NDM4OTktMjNkYS00NTMyLTliZmYtMTg1YWJlOTIyYTYxIg0KfSk7DQo8L3NjcmlwdD4=[\/vc_raw_html][\/vc_column_inner][vc_column_inner width=&#8221;1\/2&#8243;][\/vc_column_inner][\/vc_row_inner][\/vc_column][vc_column width=&#8221;1\/3&#8243;][mk_image src=&#8221;https:\/\/devclinical.r-biopharm.com\/wp-content\/uploads\/2021\/09\/2021-09_rida-unity_microsite-bildmotiv1.jpg&#8221; image_size=&#8221;full&#8221;][\/vc_column][\/vc_row]\n<\/div>","protected":false},"excerpt":{"rendered":"<p>[vc_row][vc_column width=&#8221;2\/3&#8243;][vc_column_text css=&#8221;.vc_custom_1632901488600{margin-bottom: 0px !important;}&#8221;]Merci de l&#8217;int\u00e9r\u00eat que vous portez au RIDA\u00aeUNITY. RIDA\u00aeUNITY est la premi\u00e8re solution int\u00e9gr\u00e9e et enti\u00e8rement automatis\u00e9e de R-Biopharm. Cet appareil permet de traiter des \u00e9chantillons patients, de l&#8217;extraction des acides nucl\u00e9iques \u00e0 l&#8217;\u00e9valuation et \u00e0 la pr\u00e9sentation des r\u00e9sultats. Souhaitez-vous recevoir des informations concernant notre RIDA\u00aeUNITY ? Oui, inscrivez-vous d\u00e8s [&hellip;]<\/p>\n","protected":false},"author":1,"featured_media":0,"parent":0,"menu_order":0,"comment_status":"closed","ping_status":"closed","template":"","meta":{"content-type":"","_relevanssi_hide_post":"","_relevanssi_hide_content":"","_relevanssi_pin_for_all":"","_relevanssi_pin_keywords":"","_relevanssi_unpin_keywords":"","_relevanssi_related_keywords":"","_relevanssi_related_include_ids":"","_relevanssi_related_exclude_ids":"","_relevanssi_related_no_append":"","_relevanssi_related_not_related":"","_relevanssi_related_posts":"","_relevanssi_noindex_reason":"","footnotes":""},"acf":[],"yoast_head":"<!-- This site is optimized with the Yoast SEO plugin v21.9 - https:\/\/yoast.com\/wordpress\/plugins\/seo\/ -->\n<title>RIDA\u00aeUNITY - \ud83d\udea8\ud83d\udea8\ud83d\udea8 Staging!!! Clinical Diagnostics \ud83d\udea8\ud83d\udea8\ud83d\udea8<\/title>\n<meta name=\"robots\" content=\"noindex, follow, max-snippet:-1, max-image-preview:large, max-video-preview:-1\" \/>\n<meta property=\"og:locale\" content=\"fr_FR\" \/>\n<meta property=\"og:type\" content=\"article\" \/>\n<meta property=\"og:title\" content=\"RIDA\u00aeUNITY - \ud83d\udea8\ud83d\udea8\ud83d\udea8 Staging!!! Clinical Diagnostics \ud83d\udea8\ud83d\udea8\ud83d\udea8\" \/>\n<meta property=\"og:description\" content=\"[vc_row][vc_column width=&#8221;2\/3&#8243;][vc_column_text css=&#8221;.vc_custom_1632901488600{margin-bottom: 0px !important;}&#8221;]Merci de l&#8217;int\u00e9r\u00eat que vous portez au RIDA\u00aeUNITY. RIDA\u00aeUNITY est la premi\u00e8re solution int\u00e9gr\u00e9e et enti\u00e8rement automatis\u00e9e de R-Biopharm. Cet appareil permet de traiter des \u00e9chantillons patients, de l&#8217;extraction des acides nucl\u00e9iques \u00e0 l&#8217;\u00e9valuation et \u00e0 la pr\u00e9sentation des r\u00e9sultats. Souhaitez-vous recevoir des informations concernant notre RIDA\u00aeUNITY ? Oui, inscrivez-vous d\u00e8s [&hellip;]\" \/>\n<meta property=\"og:url\" content=\"https:\/\/devclinical.r-biopharm.com\/fr\/ridaunity\/\" \/>\n<meta property=\"og:site_name\" content=\"\ud83d\udea8\ud83d\udea8\ud83d\udea8 Staging!!! Clinical Diagnostics \ud83d\udea8\ud83d\udea8\ud83d\udea8\" \/>\n<meta property=\"article:modified_time\" content=\"2021-10-08T09:23:26+00:00\" \/>\n<meta name=\"twitter:label1\" content=\"Est. reading time\" \/>\n\t<meta name=\"twitter:data1\" content=\"1 minute\" \/>\n<script type=\"application\/ld+json\" class=\"yoast-schema-graph\">{\"@context\":\"https:\/\/schema.org\",\"@graph\":[{\"@type\":\"WebPage\",\"@id\":\"https:\/\/devclinical.r-biopharm.com\/fr\/ridaunity\/\",\"url\":\"https:\/\/devclinical.r-biopharm.com\/fr\/ridaunity\/\",\"name\":\"RIDA\u00aeUNITY - \ud83d\udea8\ud83d\udea8\ud83d\udea8 Staging!!! Clinical Diagnostics \ud83d\udea8\ud83d\udea8\ud83d\udea8\",\"isPartOf\":{\"@id\":\"https:\/\/devdevclinical.r-biopharm.com\/#website\"},\"datePublished\":\"2021-09-14T10:33:03+00:00\",\"dateModified\":\"2021-10-08T09:23:26+00:00\",\"breadcrumb\":{\"@id\":\"https:\/\/devclinical.r-biopharm.com\/fr\/ridaunity\/#breadcrumb\"},\"inLanguage\":\"fr-FR\",\"potentialAction\":[{\"@type\":\"ReadAction\",\"target\":[\"https:\/\/devclinical.r-biopharm.com\/fr\/ridaunity\/\"]}]},{\"@type\":\"BreadcrumbList\",\"@id\":\"https:\/\/devclinical.r-biopharm.com\/fr\/ridaunity\/#breadcrumb\",\"itemListElement\":[{\"@type\":\"ListItem\",\"position\":1,\"name\":\"Home\",\"item\":\"https:\/\/devclinical.r-biopharm.com\/fr\/\"},{\"@type\":\"ListItem\",\"position\":2,\"name\":\"RIDA\u00aeUNITY\"}]},{\"@type\":\"WebSite\",\"@id\":\"https:\/\/devdevclinical.r-biopharm.com\/#website\",\"url\":\"https:\/\/devdevclinical.r-biopharm.com\/\",\"name\":\"\ud83d\udea8\ud83d\udea8\ud83d\udea8 Staging!!! Clinical Diagnostics \ud83d\udea8\ud83d\udea8\ud83d\udea8\",\"description\":\"A Division of the R-Biopharm Group\",\"potentialAction\":[{\"@type\":\"SearchAction\",\"target\":{\"@type\":\"EntryPoint\",\"urlTemplate\":\"https:\/\/devdevclinical.r-biopharm.com\/?s={search_term_string}\"},\"query-input\":\"required name=search_term_string\"}],\"inLanguage\":\"fr-FR\"}]}<\/script>\n<!-- \/ Yoast SEO plugin. -->","yoast_head_json":{"title":"RIDA\u00aeUNITY - \ud83d\udea8\ud83d\udea8\ud83d\udea8 Staging!!! Clinical Diagnostics \ud83d\udea8\ud83d\udea8\ud83d\udea8","robots":{"index":"noindex","follow":"follow","max-snippet":"max-snippet:-1","max-image-preview":"max-image-preview:large","max-video-preview":"max-video-preview:-1"},"og_locale":"fr_FR","og_type":"article","og_title":"RIDA\u00aeUNITY - \ud83d\udea8\ud83d\udea8\ud83d\udea8 Staging!!! Clinical Diagnostics \ud83d\udea8\ud83d\udea8\ud83d\udea8","og_description":"[vc_row][vc_column width=&#8221;2\/3&#8243;][vc_column_text css=&#8221;.vc_custom_1632901488600{margin-bottom: 0px !important;}&#8221;]Merci de l&#8217;int\u00e9r\u00eat que vous portez au RIDA\u00aeUNITY. RIDA\u00aeUNITY est la premi\u00e8re solution int\u00e9gr\u00e9e et enti\u00e8rement automatis\u00e9e de R-Biopharm. Cet appareil permet de traiter des \u00e9chantillons patients, de l&#8217;extraction des acides nucl\u00e9iques \u00e0 l&#8217;\u00e9valuation et \u00e0 la pr\u00e9sentation des r\u00e9sultats. Souhaitez-vous recevoir des informations concernant notre RIDA\u00aeUNITY ? Oui, inscrivez-vous d\u00e8s [&hellip;]","og_url":"https:\/\/devclinical.r-biopharm.com\/fr\/ridaunity\/","og_site_name":"\ud83d\udea8\ud83d\udea8\ud83d\udea8 Staging!!! Clinical Diagnostics \ud83d\udea8\ud83d\udea8\ud83d\udea8","article_modified_time":"2021-10-08T09:23:26+00:00","twitter_misc":{"Est. reading time":"1 minute"},"schema":{"@context":"https:\/\/schema.org","@graph":[{"@type":"WebPage","@id":"https:\/\/devclinical.r-biopharm.com\/fr\/ridaunity\/","url":"https:\/\/devclinical.r-biopharm.com\/fr\/ridaunity\/","name":"RIDA\u00aeUNITY - \ud83d\udea8\ud83d\udea8\ud83d\udea8 Staging!!! Clinical Diagnostics \ud83d\udea8\ud83d\udea8\ud83d\udea8","isPartOf":{"@id":"https:\/\/devdevclinical.r-biopharm.com\/#website"},"datePublished":"2021-09-14T10:33:03+00:00","dateModified":"2021-10-08T09:23:26+00:00","breadcrumb":{"@id":"https:\/\/devclinical.r-biopharm.com\/fr\/ridaunity\/#breadcrumb"},"inLanguage":"fr-FR","potentialAction":[{"@type":"ReadAction","target":["https:\/\/devclinical.r-biopharm.com\/fr\/ridaunity\/"]}]},{"@type":"BreadcrumbList","@id":"https:\/\/devclinical.r-biopharm.com\/fr\/ridaunity\/#breadcrumb","itemListElement":[{"@type":"ListItem","position":1,"name":"Home","item":"https:\/\/devclinical.r-biopharm.com\/fr\/"},{"@type":"ListItem","position":2,"name":"RIDA\u00aeUNITY"}]},{"@type":"WebSite","@id":"https:\/\/devdevclinical.r-biopharm.com\/#website","url":"https:\/\/devdevclinical.r-biopharm.com\/","name":"\ud83d\udea8\ud83d\udea8\ud83d\udea8 Staging!!! Clinical Diagnostics \ud83d\udea8\ud83d\udea8\ud83d\udea8","description":"A Division of the R-Biopharm Group","potentialAction":[{"@type":"SearchAction","target":{"@type":"EntryPoint","urlTemplate":"https:\/\/devdevclinical.r-biopharm.com\/?s={search_term_string}"},"query-input":"required name=search_term_string"}],"inLanguage":"fr-FR"}]}},"_links":{"self":[{"href":"https:\/\/devclinical.r-biopharm.com\/fr\/wp-json\/wp\/v2\/pages\/156303"}],"collection":[{"href":"https:\/\/devclinical.r-biopharm.com\/fr\/wp-json\/wp\/v2\/pages"}],"about":[{"href":"https:\/\/devclinical.r-biopharm.com\/fr\/wp-json\/wp\/v2\/types\/page"}],"author":[{"embeddable":true,"href":"https:\/\/devclinical.r-biopharm.com\/fr\/wp-json\/wp\/v2\/users\/1"}],"replies":[{"embeddable":true,"href":"https:\/\/devclinical.r-biopharm.com\/fr\/wp-json\/wp\/v2\/comments?post=156303"}],"version-history":[{"count":2,"href":"https:\/\/devclinical.r-biopharm.com\/fr\/wp-json\/wp\/v2\/pages\/156303\/revisions"}],"predecessor-version":[{"id":156305,"href":"https:\/\/devclinical.r-biopharm.com\/fr\/wp-json\/wp\/v2\/pages\/156303\/revisions\/156305"}],"wp:attachment":[{"href":"https:\/\/devclinical.r-biopharm.com\/fr\/wp-json\/wp\/v2\/media?parent=156303"}],"curies":[{"name":"wp","href":"https:\/\/api.w.org\/{rel}","templated":true}]}}