{"id":89014,"date":"2015-02-23T09:52:32","date_gmt":"2015-02-23T08:52:32","guid":{"rendered":"https:\/\/clinical.r-biopharm.com\/diagnostics\/"},"modified":"2018-10-18T11:24:24","modified_gmt":"2018-10-18T09:24:24","slug":"diagnostics","status":"publish","type":"page","link":"https:\/\/devclinical.r-biopharm.com\/fr\/diagnostics\/","title":{"rendered":"Diagnostics"},"content":{"rendered":"<div class=\"wpb-content-wrapper\">[vc_row css=&#8221;.vc_custom_1477642106202{margin-top: 30px !important;}&#8221;][vc_column][vc_column_text]<strong>Nous proposons des produits innovants destin\u00e9s \u00e0 diverses applications dans le domaine des diagnostics cliniques. Des laboratoires et h\u00f4pitaux dans le monde entier appr\u00e9cient nos solutions fiables et conviviales de diagnostic des infections, allergies et affections gastro-ent\u00e9rologiques.<br \/>\n<\/strong><\/p>\n<p>S\u00e9lectionnez le domaine diagnostique ici\u00a0:[\/vc_column_text][\/vc_column][\/vc_row][vc_row][vc_column][mk_padding_divider][mk_imagebox show_as=&#8221;column&#8221; column=&#8221;4&#8243; padding=&#8221;5&#8243; el_class=&#8221;overview-img&#8221;][mk_imagebox_item item_image=&#8221;https:\/\/devclinical.r-biopharm.com\/wp-content\/uploads\/2018\/09\/2018-09_website-icons-cd_diagnostic-fields_allergology_60prozent.png&#8221; image_padding=&#8221;false&#8221; background_color=&#8221;#ffffff&#8221; title_text_size=&#8221;26&#8243; btn_text=&#8221;Allergologie&#8221; btn_url=&#8221;\/fr\/diagnostics\/allergologie\/&#8221; btn_background_color=&#8221;#ffffff&#8221; btn_text_color=&#8221;#585858&#8243; btn_hover_background_color=&#8221;#bbca89&#8243;][\/mk_imagebox_item][mk_imagebox_item item_image=&#8221;https:\/\/devclinical.r-biopharm.com\/wp-content\/uploads\/2018\/09\/2018-09_website-icons-cd_diagnostic-fields_autoimmunity_60prozent.png&#8221; image_padding=&#8221;false&#8221; background_color=&#8221;#ffffff&#8221; title_text_size=&#8221;26&#8243; btn_text=&#8221;Auto-immunit\u00e9&#8221; btn_url=&#8221;\/fr\/diagnostics\/auto-immunite\/&#8221; btn_background_color=&#8221;#ffffff&#8221; btn_text_color=&#8221;#585858&#8243; btn_hover_background_color=&#8221;#ee847c&#8221;][\/mk_imagebox_item][mk_imagebox_item item_image=&#8221;https:\/\/devclinical.r-biopharm.com\/wp-content\/uploads\/2018\/09\/2018-09_website-icons-cd_diagnostic-fields_bacteriology_60prozent.png&#8221; image_padding=&#8221;false&#8221; background_color=&#8221;#ffffff&#8221; btn_text=&#8221;Bact\u00e9riologie&#8221; btn_url=&#8221;\/fr\/diagnostics\/bacteriologie\/&#8221; btn_background_color=&#8221;#ffffff&#8221; btn_text_color=&#8221;#585858&#8243; btn_hover_background_color=&#8221;#67bccb&#8221;][\/mk_imagebox_item][mk_imagebox_item item_image=&#8221;https:\/\/devclinical.r-biopharm.com\/wp-content\/uploads\/2018\/09\/2018-09_website-icons-cd_diagnostic-fields_gastroenterology_60prozent.png&#8221; image_padding=&#8221;false&#8221; background_color=&#8221;#ffffff&#8221; btn_text=&#8221;Gastro-ent\u00e9rologie&#8221; btn_url=&#8221;\/fr\/diagnostics\/gastro-enterologie\/&#8221; btn_background_color=&#8221;#ffffff&#8221; btn_text_color=&#8221;#58585a&#8221; btn_hover_background_color=&#8221;#f5a96c&#8221;][\/mk_imagebox_item][\/mk_imagebox][mk_padding_divider size=&#8221;30&#8243;][mk_imagebox show_as=&#8221;column&#8221; column=&#8221;4&#8243; padding=&#8221;5&#8243; el_class=&#8221;overview-img&#8221;][mk_imagebox_item item_image=&#8221;https:\/\/devclinical.r-biopharm.com\/wp-content\/uploads\/2018\/10\/2018-09_website-icons-cd_diagnostic-fields_human-genetics_60prozent.png&#8221; image_padding=&#8221;false&#8221; background_color=&#8221;#ffffff&#8221; btn_text=&#8221;G\u00e9n\u00e9tique humaine&#8221; btn_url=&#8221;\/fr\/diagnostics\/genetique-humaine\/&#8221; btn_background_color=&#8221;#ffffff&#8221; btn_text_color=&#8221;#585858&#8243; btn_hover_background_color=&#8221;#b97caf&#8221;][\/mk_imagebox_item][mk_imagebox_item item_image=&#8221;https:\/\/devclinical.r-biopharm.com\/wp-content\/uploads\/2018\/09\/2018-09_website-icons-cd_diagnostic-fields_mycology_60prozent.png&#8221; image_padding=&#8221;false&#8221; background_color=&#8221;#ffffff&#8221; btn_text=&#8221;Mycologie&#8221; btn_url=&#8221;\/fr\/diagnostics\/mycologie\/&#8221; btn_background_color=&#8221;#ffffff&#8221; btn_text_color=&#8221;#585858&#8243; btn_hover_background_color=&#8221;#67bccb&#8221;][\/mk_imagebox_item][mk_imagebox_item item_image=&#8221;https:\/\/devclinical.r-biopharm.com\/wp-content\/uploads\/2018\/09\/2018-09_website-icons-cd_diagnostic-fields_parasitology_60prozent.png&#8221; image_padding=&#8221;false&#8221; background_color=&#8221;#ffffff&#8221; btn_text=&#8221;Parasitologie&#8221; btn_url=&#8221;\/fr\/diagnostics\/parasitologie\/&#8221; btn_background_color=&#8221;#ffffff&#8221; btn_text_color=&#8221;#585858&#8243; btn_hover_background_color=&#8221;#67bccb&#8221;][\/mk_imagebox_item][mk_imagebox_item item_image=&#8221;https:\/\/devclinical.r-biopharm.com\/wp-content\/uploads\/2018\/09\/2018-09_website-icons-cd_diagnostic-fields_virology_60prozent.png&#8221; image_padding=&#8221;false&#8221; background_color=&#8221;#ffffff&#8221; btn_text=&#8221;Virologie&#8221; btn_url=&#8221;\/fr\/diagnostics\/virologie\/&#8221; btn_background_color=&#8221;#ffffff&#8221; btn_text_color=&#8221;#585858&#8243; btn_hover_background_color=&#8221;#67bccb&#8221;][\/mk_imagebox_item][\/mk_imagebox][mk_padding_divider][\/vc_column][\/vc_row][mk_page_section bg_color=&#8221;#f7f7f7&#8243; padding_top=&#8221;20&#8243; padding_bottom=&#8221;20&#8243; sidebar=&#8221;sidebar-1&#8243;][vc_column][vc_column_text disable_pattern=&#8221;false&#8221; align=&#8221;center&#8221;]\n<h2>Assistance technique pour les diagnostics<\/h2>\n<p>Des questions\u00a0? Profitez de l\u2019expertise de notre \u00e9quipe. Nous sommes l\u00e0 pour vous aider, vous et votre entreprise, et assurer votre succ\u00e8s tout au long du processus de test[\/vc_column_text][mk_button dimension=&#8221;flat&#8221; url=&#8221;\/fr\/contact\/&#8221; align=&#8221;center&#8221; margin_bottom=&#8221;&#8221; bg_color=&#8221;#4d4d4d&#8221; btn_hover_bg=&#8221;#ffffff&#8221; btn_hover_txt_color=&#8221;#4d4d4d&#8221;]Contactez-nous[\/mk_button][\/vc_column][\/mk_page_section]\n<\/div>","protected":false},"excerpt":{"rendered":"<p>[vc_row css=&#8221;.vc_custom_1477642106202{margin-top: 30px !important;}&#8221;][vc_column][vc_column_text]Nous proposons des produits innovants destin\u00e9s \u00e0 diverses applications dans le domaine des diagnostics cliniques. Des laboratoires et h\u00f4pitaux dans le monde entier appr\u00e9cient nos solutions fiables et conviviales de diagnostic des infections, allergies et affections gastro-ent\u00e9rologiques. S\u00e9lectionnez le domaine diagnostique ici\u00a0:[\/vc_column_text][\/vc_column][\/vc_row][vc_row][vc_column][mk_padding_divider][mk_imagebox show_as=&#8221;column&#8221; column=&#8221;4&#8243; padding=&#8221;5&#8243; el_class=&#8221;overview-img&#8221;][mk_imagebox_item item_image=&#8221;https:\/\/devclinical.r-biopharm.com\/wp-content\/uploads\/2018\/09\/2018-09_website-icons-cd_diagnostic-fields_allergology_60prozent.png&#8221; image_padding=&#8221;false&#8221; background_color=&#8221;#ffffff&#8221; title_text_size=&#8221;26&#8243; btn_text=&#8221;Allergologie&#8221; btn_url=&#8221;\/fr\/diagnostics\/allergologie\/&#8221; [&hellip;]<\/p>\n","protected":false},"author":1,"featured_media":0,"parent":0,"menu_order":0,"comment_status":"closed","ping_status":"closed","template":"","meta":{"content-type":"","_relevanssi_hide_post":"","_relevanssi_hide_content":"","_relevanssi_pin_for_all":"","_relevanssi_pin_keywords":"","_relevanssi_unpin_keywords":"","_relevanssi_related_keywords":"","_relevanssi_related_include_ids":"","_relevanssi_related_exclude_ids":"","_relevanssi_related_no_append":"","_relevanssi_related_not_related":"","_relevanssi_related_posts":"","_relevanssi_noindex_reason":"","footnotes":""},"acf":[],"yoast_head":"<!-- This site is optimized with the Yoast SEO plugin v21.9 - https:\/\/yoast.com\/wordpress\/plugins\/seo\/ -->\n<title>Domaines diagnostiques - R-Biopharm<\/title>\n<meta name=\"description\" content=\"R-Biopharm propose des produits innovants destin\u00e9s \u00e0 diverses applications dans le domaine des diagnostics cliniques. Consultez nos domaines et comp\u00e9tences diagnostiques ici.\" \/>\n<meta name=\"robots\" content=\"noindex, follow, max-snippet:-1, max-image-preview:large, max-video-preview:-1\" \/>\n<meta property=\"og:locale\" content=\"fr_FR\" \/>\n<meta property=\"og:type\" content=\"article\" \/>\n<meta property=\"og:title\" content=\"Domaines diagnostiques - R-Biopharm\" \/>\n<meta property=\"og:description\" content=\"R-Biopharm propose des produits innovants destin\u00e9s \u00e0 diverses applications dans le domaine des diagnostics cliniques. Consultez nos domaines et comp\u00e9tences diagnostiques ici.\" \/>\n<meta property=\"og:url\" content=\"https:\/\/devclinical.r-biopharm.com\/fr\/diagnostics\/\" \/>\n<meta property=\"og:site_name\" content=\"\ud83d\udea8\ud83d\udea8\ud83d\udea8 Staging!!! Clinical Diagnostics \ud83d\udea8\ud83d\udea8\ud83d\udea8\" \/>\n<meta property=\"article:modified_time\" content=\"2018-10-18T09:24:24+00:00\" \/>\n<meta name=\"twitter:label1\" content=\"Est. reading time\" \/>\n\t<meta name=\"twitter:data1\" content=\"3 minutes\" \/>\n<script type=\"application\/ld+json\" class=\"yoast-schema-graph\">{\"@context\":\"https:\/\/schema.org\",\"@graph\":[{\"@type\":\"WebPage\",\"@id\":\"https:\/\/devclinical.r-biopharm.com\/fr\/diagnostics\/\",\"url\":\"https:\/\/devclinical.r-biopharm.com\/fr\/diagnostics\/\",\"name\":\"Domaines diagnostiques - R-Biopharm\",\"isPartOf\":{\"@id\":\"https:\/\/devdevclinical.r-biopharm.com\/#website\"},\"datePublished\":\"2015-02-23T08:52:32+00:00\",\"dateModified\":\"2018-10-18T09:24:24+00:00\",\"description\":\"R-Biopharm propose des produits innovants destin\u00e9s \u00e0 diverses applications dans le domaine des diagnostics cliniques. Consultez nos domaines et comp\u00e9tences diagnostiques ici.\",\"breadcrumb\":{\"@id\":\"https:\/\/devclinical.r-biopharm.com\/fr\/diagnostics\/#breadcrumb\"},\"inLanguage\":\"fr-FR\",\"potentialAction\":[{\"@type\":\"ReadAction\",\"target\":[\"https:\/\/devclinical.r-biopharm.com\/fr\/diagnostics\/\"]}]},{\"@type\":\"BreadcrumbList\",\"@id\":\"https:\/\/devclinical.r-biopharm.com\/fr\/diagnostics\/#breadcrumb\",\"itemListElement\":[{\"@type\":\"ListItem\",\"position\":1,\"name\":\"Home\",\"item\":\"https:\/\/devclinical.r-biopharm.com\/fr\/\"},{\"@type\":\"ListItem\",\"position\":2,\"name\":\"Diagnostics\"}]},{\"@type\":\"WebSite\",\"@id\":\"https:\/\/devdevclinical.r-biopharm.com\/#website\",\"url\":\"https:\/\/devdevclinical.r-biopharm.com\/\",\"name\":\"\ud83d\udea8\ud83d\udea8\ud83d\udea8 Staging!!! Clinical Diagnostics \ud83d\udea8\ud83d\udea8\ud83d\udea8\",\"description\":\"A Division of the R-Biopharm Group\",\"potentialAction\":[{\"@type\":\"SearchAction\",\"target\":{\"@type\":\"EntryPoint\",\"urlTemplate\":\"https:\/\/devdevclinical.r-biopharm.com\/?s={search_term_string}\"},\"query-input\":\"required name=search_term_string\"}],\"inLanguage\":\"fr-FR\"}]}<\/script>\n<!-- \/ Yoast SEO plugin. -->","yoast_head_json":{"title":"Domaines diagnostiques - R-Biopharm","description":"R-Biopharm propose des produits innovants destin\u00e9s \u00e0 diverses applications dans le domaine des diagnostics cliniques. Consultez nos domaines et comp\u00e9tences diagnostiques ici.","robots":{"index":"noindex","follow":"follow","max-snippet":"max-snippet:-1","max-image-preview":"max-image-preview:large","max-video-preview":"max-video-preview:-1"},"og_locale":"fr_FR","og_type":"article","og_title":"Domaines diagnostiques - R-Biopharm","og_description":"R-Biopharm propose des produits innovants destin\u00e9s \u00e0 diverses applications dans le domaine des diagnostics cliniques. Consultez nos domaines et comp\u00e9tences diagnostiques ici.","og_url":"https:\/\/devclinical.r-biopharm.com\/fr\/diagnostics\/","og_site_name":"\ud83d\udea8\ud83d\udea8\ud83d\udea8 Staging!!! Clinical Diagnostics \ud83d\udea8\ud83d\udea8\ud83d\udea8","article_modified_time":"2018-10-18T09:24:24+00:00","twitter_misc":{"Est. reading time":"3 minutes"},"schema":{"@context":"https:\/\/schema.org","@graph":[{"@type":"WebPage","@id":"https:\/\/devclinical.r-biopharm.com\/fr\/diagnostics\/","url":"https:\/\/devclinical.r-biopharm.com\/fr\/diagnostics\/","name":"Domaines diagnostiques - R-Biopharm","isPartOf":{"@id":"https:\/\/devdevclinical.r-biopharm.com\/#website"},"datePublished":"2015-02-23T08:52:32+00:00","dateModified":"2018-10-18T09:24:24+00:00","description":"R-Biopharm propose des produits innovants destin\u00e9s \u00e0 diverses applications dans le domaine des diagnostics cliniques. Consultez nos domaines et comp\u00e9tences diagnostiques ici.","breadcrumb":{"@id":"https:\/\/devclinical.r-biopharm.com\/fr\/diagnostics\/#breadcrumb"},"inLanguage":"fr-FR","potentialAction":[{"@type":"ReadAction","target":["https:\/\/devclinical.r-biopharm.com\/fr\/diagnostics\/"]}]},{"@type":"BreadcrumbList","@id":"https:\/\/devclinical.r-biopharm.com\/fr\/diagnostics\/#breadcrumb","itemListElement":[{"@type":"ListItem","position":1,"name":"Home","item":"https:\/\/devclinical.r-biopharm.com\/fr\/"},{"@type":"ListItem","position":2,"name":"Diagnostics"}]},{"@type":"WebSite","@id":"https:\/\/devdevclinical.r-biopharm.com\/#website","url":"https:\/\/devdevclinical.r-biopharm.com\/","name":"\ud83d\udea8\ud83d\udea8\ud83d\udea8 Staging!!! Clinical Diagnostics \ud83d\udea8\ud83d\udea8\ud83d\udea8","description":"A Division of the R-Biopharm Group","potentialAction":[{"@type":"SearchAction","target":{"@type":"EntryPoint","urlTemplate":"https:\/\/devdevclinical.r-biopharm.com\/?s={search_term_string}"},"query-input":"required name=search_term_string"}],"inLanguage":"fr-FR"}]}},"_links":{"self":[{"href":"https:\/\/devclinical.r-biopharm.com\/fr\/wp-json\/wp\/v2\/pages\/89014"}],"collection":[{"href":"https:\/\/devclinical.r-biopharm.com\/fr\/wp-json\/wp\/v2\/pages"}],"about":[{"href":"https:\/\/devclinical.r-biopharm.com\/fr\/wp-json\/wp\/v2\/types\/page"}],"author":[{"embeddable":true,"href":"https:\/\/devclinical.r-biopharm.com\/fr\/wp-json\/wp\/v2\/users\/1"}],"replies":[{"embeddable":true,"href":"https:\/\/devclinical.r-biopharm.com\/fr\/wp-json\/wp\/v2\/comments?post=89014"}],"version-history":[{"count":19,"href":"https:\/\/devclinical.r-biopharm.com\/fr\/wp-json\/wp\/v2\/pages\/89014\/revisions"}],"predecessor-version":[{"id":94666,"href":"https:\/\/devclinical.r-biopharm.com\/fr\/wp-json\/wp\/v2\/pages\/89014\/revisions\/94666"}],"wp:attachment":[{"href":"https:\/\/devclinical.r-biopharm.com\/fr\/wp-json\/wp\/v2\/media?parent=89014"}],"curies":[{"name":"wp","href":"https:\/\/api.w.org\/{rel}","templated":true}]}}