{"id":89047,"date":"2015-02-23T09:53:32","date_gmt":"2015-02-23T08:53:32","guid":{"rendered":"https:\/\/clinical.r-biopharm.com\/technologies\/"},"modified":"2024-01-03T12:32:43","modified_gmt":"2024-01-03T11:32:43","slug":"technologies","status":"publish","type":"page","link":"https:\/\/devclinical.r-biopharm.com\/fr\/technologies\/","title":{"rendered":"Technologies"},"content":{"rendered":"<div class=\"wpb-content-wrapper\">[vc_row][vc_column css=&#8221;.vc_custom_1447952416846{margin-top: 30px !important;}&#8221;][vc_column_text]<strong>Nous \u0153uvrons constamment pour le d\u00e9veloppement de nouvelles technologies innovantes en mati\u00e8re de diagnostic clinique. Nos m\u00e9thodes fiables et faciles d\u2019emploi comprennent les dispositifs ELISA, les tests de PCR en temps r\u00e9el, les dosages immuno-chromatographiques, les tests d\u2019immunoblot et bien d\u2019autres encore.<\/strong><\/p>\n<p>Consultez ici nos diff\u00e9rentes m\u00e9thodes\u00a0:[\/vc_column_text][\/vc_column][\/vc_row][vc_row][vc_column][mk_padding_divider size=&#8221;39&#8243;][mk_imagebox show_as=&#8221;column&#8221; column=&#8221;4&#8243; padding=&#8221;5&#8243; el_class=&#8221;overview-img&#8221;][mk_imagebox_item item_image=&#8221;https:\/\/devclinical.r-biopharm.com\/wp-content\/uploads\/2017-01_website-icons-cd_240x240px_array_.png&#8221; image_padding=&#8221;false&#8221; background_color=&#8221;#ffffff&#8221; btn_text=&#8221;Puces&#8221; btn_url=&#8221;\/fr\/technologies\/puces\/&#8221; btn_background_color=&#8221;#ffffff&#8221; btn_text_color=&#8221;#585858&#8243; btn_hover_background_color=&#8221;#b3b2b2&#8243; el_class=&#8221;120px&#8221;][\/mk_imagebox_item][mk_imagebox_item item_image=&#8221;https:\/\/devclinical.r-biopharm.com\/wp-content\/uploads\/2016-09_website-icons-cd_240x240px_lateral-flow-dip-sticks.png&#8221; image_padding=&#8221;false&#8221; background_color=&#8221;#ffffff&#8221; title_text_size=&#8221;26&#8243; btn_text=&#8221;Immunoblot&#8221; btn_url=&#8221;\/fr\/technologies\/tests-dimmunoblot\/&#8221; btn_background_color=&#8221;#ffffff&#8221; btn_text_color=&#8221;#585858&#8243; btn_hover_background_color=&#8221;#b3b2b2&#8243; el_class=&#8221;120px&#8221;][\/mk_imagebox_item][mk_imagebox_item item_image=&#8221;https:\/\/devclinical.r-biopharm.com\/wp-content\/uploads\/2016-09_WEBSITE-Icons-CD_240x240px_ELISA.png&#8221; image_padding=&#8221;false&#8221; background_color=&#8221;#ffffff&#8221; btn_text=&#8221;ELISA&#8221; btn_url=&#8221;\/fr\/technologies\/elisa\/&#8221; btn_background_color=&#8221;#ffffff&#8221; btn_text_color=&#8221;#58585a&#8221; btn_hover_background_color=&#8221;#b3b2b2&#8243; el_class=&#8221;120px&#8221;][\/mk_imagebox_item][mk_imagebox_item item_image=&#8221;https:\/\/devclinical.r-biopharm.com\/wp-content\/uploads\/2016-09_WEBSITE-Icons-CD_240x240px_PCR.png&#8221; image_padding=&#8221;false&#8221; background_color=&#8221;#ffffff&#8221; btn_text=&#8221;PCR en temps r\u00e9el&#8221; btn_url=&#8221;\/fr\/technologies\/pcr-en-temps-reel\/&#8221; btn_background_color=&#8221;#ffffff&#8221; btn_text_color=&#8221;#585858&#8243; btn_hover_background_color=&#8221;#b3b2b2&#8243; el_class=&#8221;120px&#8221;][\/mk_imagebox_item][\/mk_imagebox][mk_padding_divider size=&#8221;30&#8243;][mk_imagebox show_as=&#8221;column&#8221; column=&#8221;4&#8243; padding=&#8221;5&#8243; el_class=&#8221;overview-img&#8221;][mk_imagebox_item item_image=&#8221;https:\/\/devclinical.r-biopharm.com\/wp-content\/uploads\/2016-09_WEBSITE-Icons-CD_240x240px_Lateral-Flow-Cassette.png&#8221; image_padding=&#8221;false&#8221; background_color=&#8221;#ffffff&#8221; btn_text=&#8221;Tests rapides&#8221; btn_url=&#8221;\/fr\/technologies\/tests-rapides\/&#8221; btn_background_color=&#8221;#ffffff&#8221; btn_text_color=&#8221;#585858&#8243; btn_hover_background_color=&#8221;#b3b2b2&#8243;][\/mk_imagebox_item][mk_imagebox_item item_image=&#8221;https:\/\/devclinical.r-biopharm.com\/wp-content\/uploads\/2020\/05\/2020-05_website-icons-cd_240x240px_quality-assessment-products.png&#8221; image_padding=&#8221;false&#8221; background_color=&#8221;#ffffff&#8221; btn_text=&#8221;Contr\u00f4les de la qualit\u00e9 internes (CQI) et externes (EEQ)&#8221; btn_url=&#8221;https:\/\/devclinical.r-biopharm.com\/fr\/technologies\/quality-assessment-products\/&#8221; btn_background_color=&#8221;#ffffff&#8221; btn_text_color=&#8221;#585858&#8243; btn_hover_background_color=&#8221;#b3b2b2&#8243;][\/mk_imagebox_item][\/mk_imagebox][mk_padding_divider][\/vc_column][\/vc_row][mk_page_section bg_color=&#8221;#f7f7f7&#8243; padding_top=&#8221;20&#8243; padding_bottom=&#8221;20&#8243; sidebar=&#8221;sidebar-1&#8243;][vc_column][vc_column_text disable_pattern=&#8221;false&#8221; align=&#8221;center&#8221;]\n<h2>Assistance technologique<\/h2>\n<p>Des questions\u00a0? Profitez de l\u2019expertise de notre \u00e9quipe. Nous sommes l\u00e0 pour vous aider, vous et votre entreprise, et assurer votre succ\u00e8s tout au long du processus de test[\/vc_column_text][mk_button dimension=&#8221;flat&#8221; url=&#8221;\/fr\/contact\/&#8221; align=&#8221;center&#8221; margin_bottom=&#8221;&#8221; bg_color=&#8221;#4d4d4d&#8221; btn_hover_bg=&#8221;#ffffff&#8221; btn_hover_txt_color=&#8221;#4d4d4d&#8221;]Contactez-nous[\/mk_button][\/vc_column][\/mk_page_section]\n<\/div>","protected":false},"excerpt":{"rendered":"<p>[vc_row][vc_column css=&#8221;.vc_custom_1447952416846{margin-top: 30px !important;}&#8221;][vc_column_text]Nous \u0153uvrons constamment pour le d\u00e9veloppement de nouvelles technologies innovantes en mati\u00e8re de diagnostic clinique. Nos m\u00e9thodes fiables et faciles d\u2019emploi comprennent les dispositifs ELISA, les tests de PCR en temps r\u00e9el, les dosages immuno-chromatographiques, les tests d\u2019immunoblot et bien d\u2019autres encore. Consultez ici nos diff\u00e9rentes m\u00e9thodes\u00a0:[\/vc_column_text][\/vc_column][\/vc_row][vc_row][vc_column][mk_padding_divider size=&#8221;39&#8243;][mk_imagebox show_as=&#8221;column&#8221; column=&#8221;4&#8243; padding=&#8221;5&#8243; el_class=&#8221;overview-img&#8221;][mk_imagebox_item [&hellip;]<\/p>\n","protected":false},"author":1,"featured_media":0,"parent":0,"menu_order":0,"comment_status":"closed","ping_status":"closed","template":"","meta":{"content-type":"","_relevanssi_hide_post":"","_relevanssi_hide_content":"","_relevanssi_pin_for_all":"","_relevanssi_pin_keywords":"","_relevanssi_unpin_keywords":"","_relevanssi_related_keywords":"","_relevanssi_related_include_ids":"","_relevanssi_related_exclude_ids":"","_relevanssi_related_no_append":"","_relevanssi_related_not_related":"","_relevanssi_related_posts":"","_relevanssi_noindex_reason":"","footnotes":""},"acf":[],"yoast_head":"<!-- This site is optimized with the Yoast SEO plugin v21.9 - https:\/\/yoast.com\/wordpress\/plugins\/seo\/ -->\n<title>Technologie - M\u00e9thodes d\u2019analyse de R-Biopharm<\/title>\n<meta name=\"description\" content=\"R-Biopharm propose des produits innovants destin\u00e9s \u00e0 diverses applications dans le domaine des diagnostics cliniques. Consultez ici nos m\u00e9thodes et technologies d\u2019analyse.\" \/>\n<meta name=\"robots\" content=\"noindex, follow, max-snippet:-1, max-image-preview:large, max-video-preview:-1\" \/>\n<meta property=\"og:locale\" content=\"fr_FR\" \/>\n<meta property=\"og:type\" content=\"article\" \/>\n<meta property=\"og:title\" content=\"Technologie - M\u00e9thodes d\u2019analyse de R-Biopharm\" \/>\n<meta property=\"og:description\" content=\"R-Biopharm propose des produits innovants destin\u00e9s \u00e0 diverses applications dans le domaine des diagnostics cliniques. Consultez ici nos m\u00e9thodes et technologies d\u2019analyse.\" \/>\n<meta property=\"og:url\" content=\"https:\/\/devclinical.r-biopharm.com\/fr\/technologies\/\" \/>\n<meta property=\"og:site_name\" content=\"\ud83d\udea8\ud83d\udea8\ud83d\udea8 Staging!!! Clinical Diagnostics \ud83d\udea8\ud83d\udea8\ud83d\udea8\" \/>\n<meta property=\"article:modified_time\" content=\"2024-01-03T11:32:43+00:00\" \/>\n<meta name=\"twitter:label1\" content=\"Est. reading time\" \/>\n\t<meta name=\"twitter:data1\" content=\"1 minute\" \/>\n<script type=\"application\/ld+json\" class=\"yoast-schema-graph\">{\"@context\":\"https:\/\/schema.org\",\"@graph\":[{\"@type\":\"WebPage\",\"@id\":\"https:\/\/devclinical.r-biopharm.com\/fr\/technologies\/\",\"url\":\"https:\/\/devclinical.r-biopharm.com\/fr\/technologies\/\",\"name\":\"Technologie - M\u00e9thodes d\u2019analyse de R-Biopharm\",\"isPartOf\":{\"@id\":\"https:\/\/devdevclinical.r-biopharm.com\/#website\"},\"datePublished\":\"2015-02-23T08:53:32+00:00\",\"dateModified\":\"2024-01-03T11:32:43+00:00\",\"description\":\"R-Biopharm propose des produits innovants destin\u00e9s \u00e0 diverses applications dans le domaine des diagnostics cliniques. Consultez ici nos m\u00e9thodes et technologies d\u2019analyse.\",\"breadcrumb\":{\"@id\":\"https:\/\/devclinical.r-biopharm.com\/fr\/technologies\/#breadcrumb\"},\"inLanguage\":\"fr-FR\",\"potentialAction\":[{\"@type\":\"ReadAction\",\"target\":[\"https:\/\/devclinical.r-biopharm.com\/fr\/technologies\/\"]}]},{\"@type\":\"BreadcrumbList\",\"@id\":\"https:\/\/devclinical.r-biopharm.com\/fr\/technologies\/#breadcrumb\",\"itemListElement\":[{\"@type\":\"ListItem\",\"position\":1,\"name\":\"Home\",\"item\":\"https:\/\/devclinical.r-biopharm.com\/fr\/\"},{\"@type\":\"ListItem\",\"position\":2,\"name\":\"Technologies\"}]},{\"@type\":\"WebSite\",\"@id\":\"https:\/\/devdevclinical.r-biopharm.com\/#website\",\"url\":\"https:\/\/devdevclinical.r-biopharm.com\/\",\"name\":\"\ud83d\udea8\ud83d\udea8\ud83d\udea8 Staging!!! Clinical Diagnostics \ud83d\udea8\ud83d\udea8\ud83d\udea8\",\"description\":\"A Division of the R-Biopharm Group\",\"potentialAction\":[{\"@type\":\"SearchAction\",\"target\":{\"@type\":\"EntryPoint\",\"urlTemplate\":\"https:\/\/devdevclinical.r-biopharm.com\/?s={search_term_string}\"},\"query-input\":\"required name=search_term_string\"}],\"inLanguage\":\"fr-FR\"}]}<\/script>\n<!-- \/ Yoast SEO plugin. -->","yoast_head_json":{"title":"Technologie - M\u00e9thodes d\u2019analyse de R-Biopharm","description":"R-Biopharm propose des produits innovants destin\u00e9s \u00e0 diverses applications dans le domaine des diagnostics cliniques. Consultez ici nos m\u00e9thodes et technologies d\u2019analyse.","robots":{"index":"noindex","follow":"follow","max-snippet":"max-snippet:-1","max-image-preview":"max-image-preview:large","max-video-preview":"max-video-preview:-1"},"og_locale":"fr_FR","og_type":"article","og_title":"Technologie - M\u00e9thodes d\u2019analyse de R-Biopharm","og_description":"R-Biopharm propose des produits innovants destin\u00e9s \u00e0 diverses applications dans le domaine des diagnostics cliniques. Consultez ici nos m\u00e9thodes et technologies d\u2019analyse.","og_url":"https:\/\/devclinical.r-biopharm.com\/fr\/technologies\/","og_site_name":"\ud83d\udea8\ud83d\udea8\ud83d\udea8 Staging!!! Clinical Diagnostics \ud83d\udea8\ud83d\udea8\ud83d\udea8","article_modified_time":"2024-01-03T11:32:43+00:00","twitter_misc":{"Est. reading time":"1 minute"},"schema":{"@context":"https:\/\/schema.org","@graph":[{"@type":"WebPage","@id":"https:\/\/devclinical.r-biopharm.com\/fr\/technologies\/","url":"https:\/\/devclinical.r-biopharm.com\/fr\/technologies\/","name":"Technologie - M\u00e9thodes d\u2019analyse de R-Biopharm","isPartOf":{"@id":"https:\/\/devdevclinical.r-biopharm.com\/#website"},"datePublished":"2015-02-23T08:53:32+00:00","dateModified":"2024-01-03T11:32:43+00:00","description":"R-Biopharm propose des produits innovants destin\u00e9s \u00e0 diverses applications dans le domaine des diagnostics cliniques. Consultez ici nos m\u00e9thodes et technologies d\u2019analyse.","breadcrumb":{"@id":"https:\/\/devclinical.r-biopharm.com\/fr\/technologies\/#breadcrumb"},"inLanguage":"fr-FR","potentialAction":[{"@type":"ReadAction","target":["https:\/\/devclinical.r-biopharm.com\/fr\/technologies\/"]}]},{"@type":"BreadcrumbList","@id":"https:\/\/devclinical.r-biopharm.com\/fr\/technologies\/#breadcrumb","itemListElement":[{"@type":"ListItem","position":1,"name":"Home","item":"https:\/\/devclinical.r-biopharm.com\/fr\/"},{"@type":"ListItem","position":2,"name":"Technologies"}]},{"@type":"WebSite","@id":"https:\/\/devdevclinical.r-biopharm.com\/#website","url":"https:\/\/devdevclinical.r-biopharm.com\/","name":"\ud83d\udea8\ud83d\udea8\ud83d\udea8 Staging!!! Clinical Diagnostics \ud83d\udea8\ud83d\udea8\ud83d\udea8","description":"A Division of the R-Biopharm Group","potentialAction":[{"@type":"SearchAction","target":{"@type":"EntryPoint","urlTemplate":"https:\/\/devdevclinical.r-biopharm.com\/?s={search_term_string}"},"query-input":"required name=search_term_string"}],"inLanguage":"fr-FR"}]}},"_links":{"self":[{"href":"https:\/\/devclinical.r-biopharm.com\/fr\/wp-json\/wp\/v2\/pages\/89047"}],"collection":[{"href":"https:\/\/devclinical.r-biopharm.com\/fr\/wp-json\/wp\/v2\/pages"}],"about":[{"href":"https:\/\/devclinical.r-biopharm.com\/fr\/wp-json\/wp\/v2\/types\/page"}],"author":[{"embeddable":true,"href":"https:\/\/devclinical.r-biopharm.com\/fr\/wp-json\/wp\/v2\/users\/1"}],"replies":[{"embeddable":true,"href":"https:\/\/devclinical.r-biopharm.com\/fr\/wp-json\/wp\/v2\/comments?post=89047"}],"version-history":[{"count":11,"href":"https:\/\/devclinical.r-biopharm.com\/fr\/wp-json\/wp\/v2\/pages\/89047\/revisions"}],"predecessor-version":[{"id":174123,"href":"https:\/\/devclinical.r-biopharm.com\/fr\/wp-json\/wp\/v2\/pages\/89047\/revisions\/174123"}],"wp:attachment":[{"href":"https:\/\/devclinical.r-biopharm.com\/fr\/wp-json\/wp\/v2\/media?parent=89047"}],"curies":[{"name":"wp","href":"https:\/\/api.w.org\/{rel}","templated":true}]}}