{"id":89064,"date":"2015-02-23T09:54:26","date_gmt":"2015-02-23T08:54:26","guid":{"rendered":"https:\/\/clinical.r-biopharm.com\/contact\/"},"modified":"2020-10-21T11:02:21","modified_gmt":"2020-10-21T09:02:21","slug":"contact","status":"publish","type":"page","link":"https:\/\/devclinical.r-biopharm.com\/fr\/contact\/","title":{"rendered":"Contact"},"content":{"rendered":"<div class=\"wpb-content-wrapper\">[vc_row css=&#8221;.vc_custom_1603270935854{margin-top: 60px !important;}&#8221;][vc_column][vc_column_text css=&#8221;.vc_custom_1541499356410{margin-bottom: 0px !important;}&#8221;]\n<h2 class=\"knubbel\">Contactez-nous\u00a0:<\/h2>\n[\/vc_column_text][\/vc_column][\/vc_row][vc_row css=&#8221;.vc_custom_1471291255769{margin-bottom: 60px !important;}&#8221;][vc_column width=&#8221;1\/2&#8243;][mk_contact_info phone=&#8221;+49 (0) 61 51 \u2013 81 02-0&#8243; fax=&#8221;+49 (0) 61 51 \u2013 81 02-20&#8243; address=&#8221;An der neuen Bergstra\u00dfe 17<br \/>\n64297 Darmstadt, Allemagne&#8221; company=&#8221;R-Biopharm AG&#8221; website=&#8221;r-biopharm.com&#8221;][\/vc_column][vc_column width=&#8221;1\/2&#8243;][mk_custom_list style=&#8221;mk-moon-circle-small&#8221;]\n<ul>\n<li><strong>E-mail pour commander\u00a0:<\/strong><br \/>\n<a href=\"&#x6d;a&#x69;&#108;&#x74;&#111;:&#x6f;r&#x64;&#101;&#x72;&#115;&#64;&#x72;&#45;&#x62;&#105;o&#x70;h&#x61;&#114;&#x6d;&#46;d&#x65;\">&#x6f;&#x72;&#x64;&#x65;&#x72;&#x73;&#x40;&#x72;&#x2d;&#x62;&#x69;&#x6f;&#x70;&#x68;&#97;&#114;&#109;&#46;&#100;&#101;<\/a><\/li>\n<li><strong>E-mail pour demander des informations\u00a0:<\/strong><br \/>\n<a href=\"&#x6d;&#x61;&#x69;&#x6c;&#x74;&#x6f;&#x3a;&#x69;&#x6e;&#x66;&#x6f;&#x40;&#x72;&#x2d;&#98;&#105;&#111;&#112;&#104;&#97;&#114;&#109;&#46;&#100;&#101;\">in&#102;&#111;&#64;&#x72;&#x2d;&#x62;&#x69;op&#104;&#97;&#114;&#x6d;&#x2e;&#x64;&#x65;<\/a><\/li>\n<li><strong>R-Biopharm worldwide :<\/strong><br \/>\n<a href=\"https:\/\/r-biopharm.com\/about-us\/subsidiaries\/\" target=\"_blank\" rel=\"noopener noreferrer\">View and contact our subsidiaries<\/a><\/li>\n<\/ul>\n[\/mk_custom_list][\/vc_column][\/vc_row][vc_row][vc_column][vc_column_text css=&#8221;.vc_custom_1541499366590{margin-bottom: 0px !important;}&#8221;]\n<h2 class=\"knubbel\">Ou laissez-nous un message ici\u00a0:<\/h2>\n[\/vc_column_text][vc_column_text css=&#8221;.vc_custom_1544014304255{margin-bottom: 0px !important;}&#8221;]\n<div class=\"wpcf7 no-js\" id=\"wpcf7-f91896-o1\" lang=\"en-US\" dir=\"ltr\">\n<div class=\"screen-reader-response\"><p role=\"status\" aria-live=\"polite\" aria-atomic=\"true\"><\/p> <ul><\/ul><\/div>\n<form action=\"\/fr\/wp-json\/wp\/v2\/pages\/89064#wpcf7-f91896-o1\" method=\"post\" class=\"wpcf7-form init\" id=\"DefaultForm:ClinicalFR\" aria-label=\"Contact form\" novalidate=\"novalidate\" data-status=\"init\">\n<div style=\"display: none;\">\n<input type=\"hidden\" name=\"_wpcf7\" value=\"91896\" \/>\n<input type=\"hidden\" name=\"_wpcf7_version\" value=\"5.8.6\" \/>\n<input type=\"hidden\" name=\"_wpcf7_locale\" value=\"en_US\" \/>\n<input type=\"hidden\" name=\"_wpcf7_unit_tag\" value=\"wpcf7-f91896-o1\" \/>\n<input type=\"hidden\" name=\"_wpcf7_container_post\" value=\"0\" \/>\n<input type=\"hidden\" name=\"_wpcf7_posted_data_hash\" value=\"\" \/>\n<\/div>\n<p><span class=\"wpcf7-form-control-wrap\" data-name=\"your-name\"><input size=\"40\" class=\"wpcf7-form-control wpcf7-text wpcf7-validates-as-required\" aria-required=\"true\" aria-invalid=\"false\" placeholder=\"Votre nom\" value=\"\" type=\"text\" name=\"your-name\" \/><\/span><br \/>\n<span class=\"wpcf7-form-control-wrap\" data-name=\"your-email\"><input size=\"40\" class=\"wpcf7-form-control wpcf7-email wpcf7-validates-as-required wpcf7-text wpcf7-validates-as-email\" aria-required=\"true\" aria-invalid=\"false\" placeholder=\"Votre adresse e-mail\" value=\"\" type=\"email\" name=\"your-email\" \/><\/span><br \/>\n<span class=\"wpcf7-form-control-wrap\" data-name=\"your-subject\"><input size=\"40\" class=\"wpcf7-form-control wpcf7-text\" aria-invalid=\"false\" placeholder=\"Objet\" value=\"\" type=\"text\" name=\"your-subject\" \/><\/span><br \/>\n<span class=\"wpcf7-form-control-wrap\" data-name=\"your-country\"><input size=\"40\" class=\"wpcf7-form-control wpcf7-text wpcf7-validates-as-required\" aria-required=\"true\" aria-invalid=\"false\" placeholder=\"Pays\" value=\"\" type=\"text\" name=\"your-country\" \/><\/span><br \/>\n<span class=\"wpcf7-form-control-wrap\" data-name=\"your-message\"><textarea cols=\"40\" rows=\"10\" class=\"wpcf7-form-control wpcf7-textarea\" aria-invalid=\"false\" placeholder=\"Votre message\" name=\"your-message\"><\/textarea><\/span>\n<\/p>\n<p>En envoyant cette demande de contact, l\u2019exp\u00e9diteur accepte que ses donn\u00e9es personnelles puissent \u00eatre enregistr\u00e9es et transmises \u00e0 des entreprises associ\u00e9es, si n\u00e9cessaire pour traiter sa demande. Pour en savoir plus, veuillez consulter <a href=\"https:\/\/r-biopharm.com\/data-privacy-statement\/\" target=\"blank\" rel=\"nofollow\">notre d\u00e9claration de confidentialit\u00e9 des donn\u00e9es.<\/a>\n<\/p>\n<p><span id=\"wpcf7-69d5946a7717f-wrapper\" class=\"wpcf7-form-control-wrap blubbwaawa-wrap\" ><label for=\"wpcf7-69d5946a7717f-field\" class=\"hp-message\">Please leave this field empty.<\/label><input id=\"wpcf7-69d5946a7717f-field\"  class=\"wpcf7-form-control wpcf7-text\" type=\"text\" name=\"blubbwaawa\" value=\"\" size=\"40\" tabindex=\"-1\" autocomplete=\"new-password\" \/><\/span>\n<\/p>\n<p><input class=\"wpcf7-form-control wpcf7-submit has-spinner\" type=\"submit\" value=\"Envoyer\" \/>\n<\/p><input type='hidden' class='wpcf7-pum' value='{\"closepopup\":false,\"closedelay\":0,\"openpopup\":false,\"openpopup_id\":0}' \/><div class=\"wpcf7-response-output\" aria-hidden=\"true\"><\/div>\n<\/form>\n<\/div>\n[\/vc_column_text][\/vc_column][\/vc_row][vc_row fullwidth=&#8221;true&#8221;][vc_column][vc_raw_html css=&#8221;.vc_custom_1603270927348{margin-bottom: 0px !important;}&#8221;]JTVCbGVhZmxldC1tYXAlMjBoZWlnaHQlM0Q0NTAlMjBsYXQlM0Q0OS44MDEyMjM1JTIwbG5nJTNEOC42MzQxMzglMjB6b29tJTNEMTMlMjB6b29tY29udHJvbCUyMHRpbGV1cmwlM0RodHRwcyUzQSUyRiUyRmNhcnRvZGItYmFzZW1hcHMtJTdCcyU3RC5nbG9iYWwuc3NsLmZhc3RseS5uZXQlMkZsaWdodF9hbGwlMkYlN0J6JTdEJTJGJTdCeCU3RCUyRiU3QnklN0QucG5nJTVEJTVCbGVhZmxldC1tYXJrZXIlMjBzdmclMjBiYWNrZ3JvdW5kJTNEJTIyJTIzOWNiMmJmJTIyJTVE[\/vc_raw_html][\/vc_column][\/vc_row]\n<\/div>","protected":false},"excerpt":{"rendered":"<p>[vc_row css=&#8221;.vc_custom_1603270935854{margin-top: 60px !important;}&#8221;][vc_column][vc_column_text css=&#8221;.vc_custom_1541499356410{margin-bottom: 0px !important;}&#8221;] Contactez-nous\u00a0: [\/vc_column_text][\/vc_column][\/vc_row][vc_row css=&#8221;.vc_custom_1471291255769{margin-bottom: 60px !important;}&#8221;][vc_column width=&#8221;1\/2&#8243;][mk_contact_info phone=&#8221;+49 (0) 61 51 \u2013 81 02-0&#8243; fax=&#8221;+49 (0) 61 51 \u2013 81 02-20&#8243; address=&#8221;An der neuen Bergstra\u00dfe 17 64297 Darmstadt, Allemagne&#8221; company=&#8221;R-Biopharm AG&#8221; website=&#8221;r-biopharm.com&#8221;][\/vc_column][vc_column width=&#8221;1\/2&#8243;][mk_custom_list style=&#8221;mk-moon-circle-small&#8221;] E-mail pour commander\u00a0: o&#114;&#x64;&#x65;&#x72;s&#64;&#114;&#x2d;&#x62;i&#111;&#112;&#x68;&#x61;rm&#46;&#x64;&#x65; E-mail pour demander des informations\u00a0: &#105;&#x6e;&#102;&#x6f;&#64;&#x72;-&#x62;i&#111;&#x70;&#104;&#x61;&#114;&#x6d;&#46;&#x64;e R-Biopharm worldwide : View and [&hellip;]<\/p>\n","protected":false},"author":1,"featured_media":0,"parent":0,"menu_order":0,"comment_status":"closed","ping_status":"closed","template":"","meta":{"content-type":"","_relevanssi_hide_post":"","_relevanssi_hide_content":"","_relevanssi_pin_for_all":"","_relevanssi_pin_keywords":"","_relevanssi_unpin_keywords":"","_relevanssi_related_keywords":"","_relevanssi_related_include_ids":"","_relevanssi_related_exclude_ids":"","_relevanssi_related_no_append":"","_relevanssi_related_not_related":"","_relevanssi_related_posts":"","_relevanssi_noindex_reason":"","footnotes":""},"acf":[],"yoast_head":"<!-- This site is optimized with the Yoast SEO plugin v21.9 - https:\/\/yoast.com\/wordpress\/plugins\/seo\/ -->\n<title>Contact - R-Biopharm AG<\/title>\n<meta name=\"description\" content=\"Des questions\u00a0? Contactez-nous et profitez de l\u2019expertise de notre \u00e9quipe. Nous serons heureux et disponibles pour vous aider au mieux, vous et votre entreprise, lors de l\u2019utilisation de vos tests.\" \/>\n<meta name=\"robots\" content=\"noindex, follow, max-snippet:-1, max-image-preview:large, max-video-preview:-1\" \/>\n<meta property=\"og:locale\" content=\"fr_FR\" \/>\n<meta property=\"og:type\" content=\"article\" \/>\n<meta property=\"og:title\" content=\"Contact - R-Biopharm AG\" \/>\n<meta property=\"og:description\" content=\"Des questions\u00a0? Contactez-nous et profitez de l\u2019expertise de notre \u00e9quipe. Nous serons heureux et disponibles pour vous aider au mieux, vous et votre entreprise, lors de l\u2019utilisation de vos tests.\" \/>\n<meta property=\"og:url\" content=\"https:\/\/devclinical.r-biopharm.com\/fr\/contact\/\" \/>\n<meta property=\"og:site_name\" content=\"\ud83d\udea8\ud83d\udea8\ud83d\udea8 Staging!!! Clinical Diagnostics \ud83d\udea8\ud83d\udea8\ud83d\udea8\" \/>\n<meta property=\"article:modified_time\" content=\"2020-10-21T09:02:21+00:00\" \/>\n<meta name=\"twitter:label1\" content=\"Est. reading time\" \/>\n\t<meta name=\"twitter:data1\" content=\"1 minute\" \/>\n<script type=\"application\/ld+json\" class=\"yoast-schema-graph\">{\"@context\":\"https:\/\/schema.org\",\"@graph\":[{\"@type\":\"WebPage\",\"@id\":\"https:\/\/devclinical.r-biopharm.com\/fr\/contact\/\",\"url\":\"https:\/\/devclinical.r-biopharm.com\/fr\/contact\/\",\"name\":\"Contact - R-Biopharm AG\",\"isPartOf\":{\"@id\":\"https:\/\/devdevclinical.r-biopharm.com\/#website\"},\"datePublished\":\"2015-02-23T08:54:26+00:00\",\"dateModified\":\"2020-10-21T09:02:21+00:00\",\"description\":\"Des questions\u00a0? Contactez-nous et profitez de l\u2019expertise de notre \u00e9quipe. Nous serons heureux et disponibles pour vous aider au mieux, vous et votre entreprise, lors de l\u2019utilisation de vos tests.\",\"breadcrumb\":{\"@id\":\"https:\/\/devclinical.r-biopharm.com\/fr\/contact\/#breadcrumb\"},\"inLanguage\":\"fr-FR\",\"potentialAction\":[{\"@type\":\"ReadAction\",\"target\":[\"https:\/\/devclinical.r-biopharm.com\/fr\/contact\/\"]}]},{\"@type\":\"BreadcrumbList\",\"@id\":\"https:\/\/devclinical.r-biopharm.com\/fr\/contact\/#breadcrumb\",\"itemListElement\":[{\"@type\":\"ListItem\",\"position\":1,\"name\":\"Home\",\"item\":\"https:\/\/devclinical.r-biopharm.com\/fr\/\"},{\"@type\":\"ListItem\",\"position\":2,\"name\":\"Contact\"}]},{\"@type\":\"WebSite\",\"@id\":\"https:\/\/devdevclinical.r-biopharm.com\/#website\",\"url\":\"https:\/\/devdevclinical.r-biopharm.com\/\",\"name\":\"\ud83d\udea8\ud83d\udea8\ud83d\udea8 Staging!!! Clinical Diagnostics \ud83d\udea8\ud83d\udea8\ud83d\udea8\",\"description\":\"A Division of the R-Biopharm Group\",\"potentialAction\":[{\"@type\":\"SearchAction\",\"target\":{\"@type\":\"EntryPoint\",\"urlTemplate\":\"https:\/\/devdevclinical.r-biopharm.com\/?s={search_term_string}\"},\"query-input\":\"required name=search_term_string\"}],\"inLanguage\":\"fr-FR\"}]}<\/script>\n<!-- \/ Yoast SEO plugin. -->","yoast_head_json":{"title":"Contact - R-Biopharm AG","description":"Des questions\u00a0? Contactez-nous et profitez de l\u2019expertise de notre \u00e9quipe. Nous serons heureux et disponibles pour vous aider au mieux, vous et votre entreprise, lors de l\u2019utilisation de vos tests.","robots":{"index":"noindex","follow":"follow","max-snippet":"max-snippet:-1","max-image-preview":"max-image-preview:large","max-video-preview":"max-video-preview:-1"},"og_locale":"fr_FR","og_type":"article","og_title":"Contact - R-Biopharm AG","og_description":"Des questions\u00a0? Contactez-nous et profitez de l\u2019expertise de notre \u00e9quipe. Nous serons heureux et disponibles pour vous aider au mieux, vous et votre entreprise, lors de l\u2019utilisation de vos tests.","og_url":"https:\/\/devclinical.r-biopharm.com\/fr\/contact\/","og_site_name":"\ud83d\udea8\ud83d\udea8\ud83d\udea8 Staging!!! Clinical Diagnostics \ud83d\udea8\ud83d\udea8\ud83d\udea8","article_modified_time":"2020-10-21T09:02:21+00:00","twitter_misc":{"Est. reading time":"1 minute"},"schema":{"@context":"https:\/\/schema.org","@graph":[{"@type":"WebPage","@id":"https:\/\/devclinical.r-biopharm.com\/fr\/contact\/","url":"https:\/\/devclinical.r-biopharm.com\/fr\/contact\/","name":"Contact - R-Biopharm AG","isPartOf":{"@id":"https:\/\/devdevclinical.r-biopharm.com\/#website"},"datePublished":"2015-02-23T08:54:26+00:00","dateModified":"2020-10-21T09:02:21+00:00","description":"Des questions\u00a0? Contactez-nous et profitez de l\u2019expertise de notre \u00e9quipe. Nous serons heureux et disponibles pour vous aider au mieux, vous et votre entreprise, lors de l\u2019utilisation de vos tests.","breadcrumb":{"@id":"https:\/\/devclinical.r-biopharm.com\/fr\/contact\/#breadcrumb"},"inLanguage":"fr-FR","potentialAction":[{"@type":"ReadAction","target":["https:\/\/devclinical.r-biopharm.com\/fr\/contact\/"]}]},{"@type":"BreadcrumbList","@id":"https:\/\/devclinical.r-biopharm.com\/fr\/contact\/#breadcrumb","itemListElement":[{"@type":"ListItem","position":1,"name":"Home","item":"https:\/\/devclinical.r-biopharm.com\/fr\/"},{"@type":"ListItem","position":2,"name":"Contact"}]},{"@type":"WebSite","@id":"https:\/\/devdevclinical.r-biopharm.com\/#website","url":"https:\/\/devdevclinical.r-biopharm.com\/","name":"\ud83d\udea8\ud83d\udea8\ud83d\udea8 Staging!!! Clinical Diagnostics \ud83d\udea8\ud83d\udea8\ud83d\udea8","description":"A Division of the R-Biopharm Group","potentialAction":[{"@type":"SearchAction","target":{"@type":"EntryPoint","urlTemplate":"https:\/\/devdevclinical.r-biopharm.com\/?s={search_term_string}"},"query-input":"required name=search_term_string"}],"inLanguage":"fr-FR"}]}},"_links":{"self":[{"href":"https:\/\/devclinical.r-biopharm.com\/fr\/wp-json\/wp\/v2\/pages\/89064"}],"collection":[{"href":"https:\/\/devclinical.r-biopharm.com\/fr\/wp-json\/wp\/v2\/pages"}],"about":[{"href":"https:\/\/devclinical.r-biopharm.com\/fr\/wp-json\/wp\/v2\/types\/page"}],"author":[{"embeddable":true,"href":"https:\/\/devclinical.r-biopharm.com\/fr\/wp-json\/wp\/v2\/users\/1"}],"replies":[{"embeddable":true,"href":"https:\/\/devclinical.r-biopharm.com\/fr\/wp-json\/wp\/v2\/comments?post=89064"}],"version-history":[{"count":15,"href":"https:\/\/devclinical.r-biopharm.com\/fr\/wp-json\/wp\/v2\/pages\/89064\/revisions"}],"predecessor-version":[{"id":151496,"href":"https:\/\/devclinical.r-biopharm.com\/fr\/wp-json\/wp\/v2\/pages\/89064\/revisions\/151496"}],"wp:attachment":[{"href":"https:\/\/devclinical.r-biopharm.com\/fr\/wp-json\/wp\/v2\/media?parent=89064"}],"curies":[{"name":"wp","href":"https:\/\/api.w.org\/{rel}","templated":true}]}}