{"id":89080,"date":"2015-06-02T08:25:20","date_gmt":"2015-06-02T06:25:20","guid":{"rendered":"https:\/\/clinical.r-biopharm.com\/recherche-de-produits\/"},"modified":"2018-03-16T12:07:56","modified_gmt":"2018-03-16T11:07:56","slug":"recherche-de-produits","status":"publish","type":"page","link":"https:\/\/devclinical.r-biopharm.com\/fr\/recherche-de-produits\/","title":{"rendered":"Recherche de produits"},"content":{"rendered":"<div class=\"wpb-content-wrapper\">[vc_row css=&#8221;.vc_custom_1477653654953{padding-bottom: 40px !important;}&#8221;][vc_column][vc_column_text]<strong>R-Biopharm propose diverses solutions analytiques pour un large \u00e9ventail d\u2019application dans le domaine du diagnostic. Consultez ici notre gamme compl\u00e8te de produits et trouvez la r\u00e9f\u00e9rence dont vous avez besoin.<\/strong><\/p>\n<p>Utilisez le menu d\u00e9roulant ci-dessous pour s\u00e9lectionner un domaine diagnostique, une technologie ou une application pour laquelle vous avez besoin d\u2019une solution analytique. Vous pouvez combiner les trois cat\u00e9gories et s\u00e9lectionner plusieurs options pour affiner votre s\u00e9lection. Les produits correspondant \u00e0 vos crit\u00e8res de recherche sont r\u00e9pertori\u00e9s ci-dessous.[\/vc_column_text][\/vc_column][\/vc_row][vc_row css=&#8221;.vc_custom_1477653716740{padding-bottom: 40px !important;}&#8221;][vc_column width=&#8221;1\/3&#8243;][vc_column_text]\n<h3>Choisissez un domaine diagnostique<\/h3>\n<div class=\"facetwp-facet facetwp-facet-diagnostics_fselect facetwp-type-fselect\" data-name=\"diagnostics_fselect\" data-type=\"fselect\"><\/div>[\/vc_column_text][\/vc_column][vc_column width=&#8221;1\/3&#8243;][vc_column_text]\n<h3>Choisissez une technologie<\/h3>\n<div class=\"facetwp-facet facetwp-facet-technology_fselect facetwp-type-fselect\" data-name=\"technology_fselect\" data-type=\"fselect\"><\/div>[\/vc_column_text][\/vc_column][vc_column width=&#8221;1\/3&#8243;][vc_column_text]\n<h3>Choisissez une indication<\/h3>\n<div class=\"facetwp-facet facetwp-facet-indication_fselect facetwp-type-fselect\" data-name=\"indication_fselect\" data-type=\"fselect\"><\/div>[\/vc_column_text][\/vc_column][\/vc_row][vc_row][vc_column el_class=&#8221;finder&#8221;][vc_column_text margin_bottom=&#8221;20&#8243;]\n<h2>Vos r\u00e9sultats<\/h2>\n[\/vc_column_text][vc_column_text]<div class=\"facetwp-template\" data-name=\"default_finder\"><ul class=\"product_facets\"><\/ul><\/div>[\/vc_column_text][\/vc_column][\/vc_row]\n<\/div>","protected":false},"excerpt":{"rendered":"<p>[vc_row css=&#8221;.vc_custom_1477653654953{padding-bottom: 40px !important;}&#8221;][vc_column][vc_column_text]R-Biopharm propose diverses solutions analytiques pour un large \u00e9ventail d\u2019application dans le domaine du diagnostic. Consultez ici notre gamme compl\u00e8te de produits et trouvez la r\u00e9f\u00e9rence dont vous avez besoin. Utilisez le menu d\u00e9roulant ci-dessous pour s\u00e9lectionner un domaine diagnostique, une technologie ou une application pour laquelle vous avez besoin d\u2019une solution [&hellip;]<\/p>\n","protected":false},"author":1,"featured_media":0,"parent":0,"menu_order":0,"comment_status":"closed","ping_status":"closed","template":"","meta":{"content-type":"","_relevanssi_hide_post":"","_relevanssi_hide_content":"","_relevanssi_pin_for_all":"","_relevanssi_pin_keywords":"","_relevanssi_unpin_keywords":"","_relevanssi_related_keywords":"","_relevanssi_related_include_ids":"","_relevanssi_related_exclude_ids":"","_relevanssi_related_no_append":"","_relevanssi_related_not_related":"","_relevanssi_related_posts":"","_relevanssi_noindex_reason":"","footnotes":""},"acf":[],"yoast_head":"<!-- This site is optimized with the Yoast SEO plugin v21.9 - https:\/\/yoast.com\/wordpress\/plugins\/seo\/ -->\n<title>Recherche de produits R-Biopharm - Trouvez la solution d\u2019analyse dont vous avez besoin\u00a0!<\/title>\n<meta name=\"description\" content=\"Nous proposons des solutions analytiques pour un large \u00e9ventail d\u2019applications dans le domaine du diagnostic. Consultez ici notre gamme compl\u00e8te de produits et trouvez la r\u00e9f\u00e9rence dont vous avez besoin.\" \/>\n<meta name=\"robots\" content=\"noindex, follow, max-snippet:-1, max-image-preview:large, max-video-preview:-1\" \/>\n<meta property=\"og:locale\" content=\"fr_FR\" \/>\n<meta property=\"og:type\" content=\"article\" \/>\n<meta property=\"og:title\" content=\"Recherche de produits R-Biopharm - Trouvez la solution d\u2019analyse dont vous avez besoin\u00a0!\" \/>\n<meta property=\"og:description\" content=\"Nous proposons des solutions analytiques pour un large \u00e9ventail d\u2019applications dans le domaine du diagnostic. Consultez ici notre gamme compl\u00e8te de produits et trouvez la r\u00e9f\u00e9rence dont vous avez besoin.\" \/>\n<meta property=\"og:url\" content=\"https:\/\/devclinical.r-biopharm.com\/fr\/recherche-de-produits\/\" \/>\n<meta property=\"og:site_name\" content=\"\ud83d\udea8\ud83d\udea8\ud83d\udea8 Staging!!! Clinical Diagnostics \ud83d\udea8\ud83d\udea8\ud83d\udea8\" \/>\n<meta property=\"article:modified_time\" content=\"2018-03-16T11:07:56+00:00\" \/>\n<meta name=\"twitter:label1\" content=\"Est. reading time\" \/>\n\t<meta name=\"twitter:data1\" content=\"1 minute\" \/>\n<script type=\"application\/ld+json\" class=\"yoast-schema-graph\">{\"@context\":\"https:\/\/schema.org\",\"@graph\":[{\"@type\":\"WebPage\",\"@id\":\"https:\/\/devclinical.r-biopharm.com\/fr\/recherche-de-produits\/\",\"url\":\"https:\/\/devclinical.r-biopharm.com\/fr\/recherche-de-produits\/\",\"name\":\"Recherche de produits R-Biopharm - Trouvez la solution d\u2019analyse dont vous avez besoin\u00a0!\",\"isPartOf\":{\"@id\":\"https:\/\/devdevclinical.r-biopharm.com\/#website\"},\"datePublished\":\"2015-06-02T06:25:20+00:00\",\"dateModified\":\"2018-03-16T11:07:56+00:00\",\"description\":\"Nous proposons des solutions analytiques pour un large \u00e9ventail d\u2019applications dans le domaine du diagnostic. Consultez ici notre gamme compl\u00e8te de produits et trouvez la r\u00e9f\u00e9rence dont vous avez besoin.\",\"breadcrumb\":{\"@id\":\"https:\/\/devclinical.r-biopharm.com\/fr\/recherche-de-produits\/#breadcrumb\"},\"inLanguage\":\"fr-FR\",\"potentialAction\":[{\"@type\":\"ReadAction\",\"target\":[\"https:\/\/devclinical.r-biopharm.com\/fr\/recherche-de-produits\/\"]}]},{\"@type\":\"BreadcrumbList\",\"@id\":\"https:\/\/devclinical.r-biopharm.com\/fr\/recherche-de-produits\/#breadcrumb\",\"itemListElement\":[{\"@type\":\"ListItem\",\"position\":1,\"name\":\"Home\",\"item\":\"https:\/\/devclinical.r-biopharm.com\/fr\/\"},{\"@type\":\"ListItem\",\"position\":2,\"name\":\"Recherche de produits\"}]},{\"@type\":\"WebSite\",\"@id\":\"https:\/\/devdevclinical.r-biopharm.com\/#website\",\"url\":\"https:\/\/devdevclinical.r-biopharm.com\/\",\"name\":\"\ud83d\udea8\ud83d\udea8\ud83d\udea8 Staging!!! Clinical Diagnostics \ud83d\udea8\ud83d\udea8\ud83d\udea8\",\"description\":\"A Division of the R-Biopharm Group\",\"potentialAction\":[{\"@type\":\"SearchAction\",\"target\":{\"@type\":\"EntryPoint\",\"urlTemplate\":\"https:\/\/devdevclinical.r-biopharm.com\/?s={search_term_string}\"},\"query-input\":\"required name=search_term_string\"}],\"inLanguage\":\"fr-FR\"}]}<\/script>\n<!-- \/ Yoast SEO plugin. -->","yoast_head_json":{"title":"Recherche de produits R-Biopharm - Trouvez la solution d\u2019analyse dont vous avez besoin\u00a0!","description":"Nous proposons des solutions analytiques pour un large \u00e9ventail d\u2019applications dans le domaine du diagnostic. Consultez ici notre gamme compl\u00e8te de produits et trouvez la r\u00e9f\u00e9rence dont vous avez besoin.","robots":{"index":"noindex","follow":"follow","max-snippet":"max-snippet:-1","max-image-preview":"max-image-preview:large","max-video-preview":"max-video-preview:-1"},"og_locale":"fr_FR","og_type":"article","og_title":"Recherche de produits R-Biopharm - Trouvez la solution d\u2019analyse dont vous avez besoin\u00a0!","og_description":"Nous proposons des solutions analytiques pour un large \u00e9ventail d\u2019applications dans le domaine du diagnostic. Consultez ici notre gamme compl\u00e8te de produits et trouvez la r\u00e9f\u00e9rence dont vous avez besoin.","og_url":"https:\/\/devclinical.r-biopharm.com\/fr\/recherche-de-produits\/","og_site_name":"\ud83d\udea8\ud83d\udea8\ud83d\udea8 Staging!!! Clinical Diagnostics \ud83d\udea8\ud83d\udea8\ud83d\udea8","article_modified_time":"2018-03-16T11:07:56+00:00","twitter_misc":{"Est. reading time":"1 minute"},"schema":{"@context":"https:\/\/schema.org","@graph":[{"@type":"WebPage","@id":"https:\/\/devclinical.r-biopharm.com\/fr\/recherche-de-produits\/","url":"https:\/\/devclinical.r-biopharm.com\/fr\/recherche-de-produits\/","name":"Recherche de produits R-Biopharm - Trouvez la solution d\u2019analyse dont vous avez besoin\u00a0!","isPartOf":{"@id":"https:\/\/devdevclinical.r-biopharm.com\/#website"},"datePublished":"2015-06-02T06:25:20+00:00","dateModified":"2018-03-16T11:07:56+00:00","description":"Nous proposons des solutions analytiques pour un large \u00e9ventail d\u2019applications dans le domaine du diagnostic. Consultez ici notre gamme compl\u00e8te de produits et trouvez la r\u00e9f\u00e9rence dont vous avez besoin.","breadcrumb":{"@id":"https:\/\/devclinical.r-biopharm.com\/fr\/recherche-de-produits\/#breadcrumb"},"inLanguage":"fr-FR","potentialAction":[{"@type":"ReadAction","target":["https:\/\/devclinical.r-biopharm.com\/fr\/recherche-de-produits\/"]}]},{"@type":"BreadcrumbList","@id":"https:\/\/devclinical.r-biopharm.com\/fr\/recherche-de-produits\/#breadcrumb","itemListElement":[{"@type":"ListItem","position":1,"name":"Home","item":"https:\/\/devclinical.r-biopharm.com\/fr\/"},{"@type":"ListItem","position":2,"name":"Recherche de produits"}]},{"@type":"WebSite","@id":"https:\/\/devdevclinical.r-biopharm.com\/#website","url":"https:\/\/devdevclinical.r-biopharm.com\/","name":"\ud83d\udea8\ud83d\udea8\ud83d\udea8 Staging!!! Clinical Diagnostics \ud83d\udea8\ud83d\udea8\ud83d\udea8","description":"A Division of the R-Biopharm Group","potentialAction":[{"@type":"SearchAction","target":{"@type":"EntryPoint","urlTemplate":"https:\/\/devdevclinical.r-biopharm.com\/?s={search_term_string}"},"query-input":"required name=search_term_string"}],"inLanguage":"fr-FR"}]}},"_links":{"self":[{"href":"https:\/\/devclinical.r-biopharm.com\/fr\/wp-json\/wp\/v2\/pages\/89080"}],"collection":[{"href":"https:\/\/devclinical.r-biopharm.com\/fr\/wp-json\/wp\/v2\/pages"}],"about":[{"href":"https:\/\/devclinical.r-biopharm.com\/fr\/wp-json\/wp\/v2\/types\/page"}],"author":[{"embeddable":true,"href":"https:\/\/devclinical.r-biopharm.com\/fr\/wp-json\/wp\/v2\/users\/1"}],"replies":[{"embeddable":true,"href":"https:\/\/devclinical.r-biopharm.com\/fr\/wp-json\/wp\/v2\/comments?post=89080"}],"version-history":[{"count":6,"href":"https:\/\/devclinical.r-biopharm.com\/fr\/wp-json\/wp\/v2\/pages\/89080\/revisions"}],"predecessor-version":[{"id":89470,"href":"https:\/\/devclinical.r-biopharm.com\/fr\/wp-json\/wp\/v2\/pages\/89080\/revisions\/89470"}],"wp:attachment":[{"href":"https:\/\/devclinical.r-biopharm.com\/fr\/wp-json\/wp\/v2\/media?parent=89080"}],"curies":[{"name":"wp","href":"https:\/\/api.w.org\/{rel}","templated":true}]}}