{"id":89111,"date":"2015-10-05T11:41:00","date_gmt":"2015-10-05T09:41:00","guid":{"rendered":"https:\/\/clinical.r-biopharm.com\/diagnostics\/allergologie\/"},"modified":"2019-07-08T09:26:26","modified_gmt":"2019-07-08T07:26:26","slug":"allergologie","status":"publish","type":"page","link":"https:\/\/devclinical.r-biopharm.com\/fr\/diagnostics\/allergologie\/","title":{"rendered":"Allergologie"},"content":{"rendered":"<div class=\"wpb-content-wrapper\">[mk_page_section padding_top=&#8221;30&#8243; padding_bottom=&#8221;30&#8243; sidebar=&#8221;sidebar-1&#8243;][vc_column width=&#8221;2\/3&#8243;][vc_column_text]<strong>Les allergies sont de plus en plus r\u00e9pandues dans les pays industrialis\u00e9s. Aujourd\u2019hui, une allergie est d\u00e9finie comme une hypersensibilit\u00e9 particuli\u00e8re du syst\u00e8me immunitaire \u00e0 des substances en r\u00e9alit\u00e9 inoffensives \u00e0 l\u2019origine.<\/strong><\/p>\n<p>Par rapport aux quatre types d\u2019allergie (type I \u00e0 IV) initialement class\u00e9s par Coombs et Gell est venu s\u2019ajouter le type V.[\/vc_column_text][mk_icon_box icon=&#8221;&#8221; title=&#8221;Allergie de type I&#8221; text_size=&#8221;18&#8243; read_more_txt=&#8221;Pour en savoir plus \u00e0 propos des allergies de type I, cliquez ici&#8221; read_more_url=&#8221;\/fr\/diagnostics\/allergologie\/allergies-de-type-i\/&#8221; icon_color=&#8221;&#8221; icon_circle_color=&#8221;&#8221;]Les r\u00e9actions allergiques les plus fr\u00e9quentes sont les r\u00e9actions de type\u00a0I, qui touchent principalement les surfaces \u00e9pith\u00e9liales (peau, poumons, tube digestif) et se caract\u00e9risent par la formation d\u2019immunoglobuline E sp\u00e9cifique pour lutter contre les allerg\u00e8nes. Ces r\u00e9actions de type\u00a0I sont appel\u00e9es r\u00e9actions imm\u00e9diates et sont g\u00e9n\u00e9ralement \u00e0 l\u2019origine des rhinites allergiques, de l\u2019asthme et de la dermatite atopique. La survenue de ce type d\u2019allergie implique la pr\u00e9sence de lymphocytes TH2, qui provoquent la production par les lymphocytes B d\u2019anticorps IgE sp\u00e9cifiques, qui sont ensuite li\u00e9s \u00e0 la surface des mastocytes. Un contact r\u00e9p\u00e9t\u00e9 avec cet allerg\u00e8ne et la liaison transversale d\u2019au moins 2\u00a0anticorps IgE li\u00e9s \u00e0 des mastocytes entra\u00eenent la s\u00e9cr\u00e9tion de l\u2019histamine, une amine biog\u00e8ne \u00e0 l\u2019origine de l\u2019apparition des sympt\u00f4mes de l\u2019allergie.[\/mk_icon_box][mk_icon_box icon=&#8221;&#8221; title=&#8221;Allergies de type II et III&#8221; text_size=&#8221;18&#8243; read_more_txt=&#8221;Pour en savoir plus \u00e0 propos des allergies alimentaires retard\u00e9es, cliquez ici&#8221; read_more_url=&#8221;\/fr\/diagnostics\/allergologie\/allergies-alimentaires-retardees\/&#8221; icon_color=&#8221;&#8221; icon_circle_color=&#8221;&#8221;]Les allergies de type\u00a0II et III se caract\u00e9risent par la formation d\u2019immunoglobuline G ou M, avec des r\u00e9actions de type\u00a0II contre les surfaces cellulaires et des r\u00e9actions de type\u00a0III contre les antig\u00e8nes solubles. Lors des r\u00e9actions de type\u00a0III, les anticorps IgG forment des immunocomplexes avec les allerg\u00e8nes, ce qui peut provoquer, par exemple, une alv\u00e9olite allergique exog\u00e8ne. De plus, les anticorps IgG sp\u00e9cifiques aux denr\u00e9es alimentaires peuvent provoquer des allergies alimentaires retard\u00e9es.[\/mk_icon_box][vc_column_text css=&#8221;.vc_custom_1562570772675{margin-bottom: 0px !important;}&#8221;]\n<h3>Allergies de type\u00a0IV et V<\/h3>\n<p>Les r\u00e9actions de type\u00a0IV sont des r\u00e9actions cellulaires qui impliquent principalement la pr\u00e9sence de lymphocytes T. L\u2019allergie granulomateuse de type\u00a0V peut \u00eatre consid\u00e9r\u00e9e comme une variante de l\u2019allergie de type\u00a0IV dans la mesure o\u00f9 elle d\u00e9clenche \u00e9galement une r\u00e9action immunitaire \u00e0 m\u00e9diation cellulaire, mais elle implique les macrophages au lieu des lymphocytes T.[\/vc_column_text][vc_empty_space][vc_column_text css=&#8221;.vc_custom_1562570783320{margin-bottom: 0px !important;}&#8221;]\n<h3>Diagnostics d\u2019allergies<\/h3>\n<p>En r\u00e8gle g\u00e9n\u00e9rale, les allerg\u00e8nes sont des prot\u00e9ines issues de sources naturelles telles que les pollens, la muqueuse \u00e9pith\u00e9liale des animaux, le venin d\u2019insecte, les denr\u00e9es alimentaires, les acariens, etc., bien que les m\u00e9dicaments tels que la p\u00e9nicilline et ses d\u00e9riv\u00e9s soient \u00e9galement susceptibles de provoquer des allergies de type\u00a0I. Les patients pr\u00e9sentent souvent un vaste \u00e9ventail de sympt\u00f4mes diff\u00e9rents et de modes de sensibilisation pour diff\u00e9rents allerg\u00e8nes. Il est n\u00e9cessaire d\u2019analyser le sang du patient en cas de suspicion de r\u00e9ponse allergique ou de r\u00e9action grave. Les diagnostics d\u2019allergies de R-Biopharm AG proposent deux types de tests quantitatifs pour la d\u00e9tection des anticorps, le test immunoenzymatique (RIDASCREEN\u00ae Allergy ELISA) et le test d\u2019immunoblot (RIDA qLine\u00ae Allergy).[\/vc_column_text][\/vc_column][vc_column width=&#8221;1\/3&#8243;][vc_column_text margin_bottom=&#8221;20&#8243;]\n<h3 style=\"margin-bottom: 25px;\">Choisissez une indication<\/h3>\n<div class=\"facetwp-facet facetwp-facet-indication_fselect facetwp-type-fselect\" data-name=\"indication_fselect\" data-type=\"fselect\"><\/div>[\/vc_column_text][vc_column_text margin_bottom=&#8221;20&#8243;]\n<h3 style=\"margin-bottom: 25px;\">Choisissez une technologie<\/h3>\n<div class=\"facetwp-facet facetwp-facet-technology_fselect facetwp-type-fselect\" data-name=\"technology_fselect\" data-type=\"fselect\"><\/div>[\/vc_column_text][vc_column_text margin_bottom=&#8221;40&#8243;]\n<h3 style=\"margin-bottom: 25px;\">Choisissez votre test dans le domaine de l\u2019allergologie<\/h3>\n<div class=\"facetwp-template\" data-name=\"allergology\"><ul class=\"product_facets\"><\/ul><\/div>[\/vc_column_text][\/vc_column][\/mk_page_section][mk_page_section bg_color=&#8221;#f7f7f7&#8243; padding_top=&#8221;0&#8243; padding_bottom=&#8221;0&#8243; sidebar=&#8221;sidebar-1&#8243;][vc_column css=&#8221;.vc_custom_1469015765963{margin-top: 25px !important;padding-bottom: 5px !important;}&#8221;][vc_column_text margin_bottom=&#8221;20&#8243; css=&#8221;.vc_custom_1530188097324{margin-bottom: 20px !important;}&#8221;]\n<h2 class=\"knubbel\">Derni\u00e8res nouvelles<\/h2>\n[\/vc_column_text][mk_blog_carousel cat=&#8221;212&#8243;][\/vc_column][\/mk_page_section][mk_page_section bg_color=&#8221;#ffffff&#8221; padding_top=&#8221;0&#8243; sidebar=&#8221;sidebar-1&#8243;][vc_column css=&#8221;.vc_custom_1467042052405{margin-top: 40px !important;}&#8221;][vc_column_text margin_bottom=&#8221;20&#8243;]\n<h2 class=\"knubbel\">Vous pourriez \u00e9galement \u00eatre int\u00e9ress\u00e9 par<\/h2>\n[\/vc_column_text][vc_row_inner css=&#8221;.vc_custom_1468404266697{margin-bottom: 40px !important;}&#8221;][vc_column_inner width=&#8221;1\/3&#8243; css=&#8221;.vc_custom_1468416557833{padding-bottom: 10px !important;padding-left: 0px !important;}&#8221;][mk_flipbox_rb taxonomy=&#8221;diagnostic&#8221; tag_diagnostics=&#8221;allergology&#8221; min_height=&#8221;200&#8243; button_bg_color=&#8221;#4d4d4d&#8221; button_bg_hover_color=&#8221;#ffffff&#8221; button_text=&#8221;More information&#8221;][\/vc_column_inner][vc_column_inner width=&#8221;1\/3&#8243; css=&#8221;.vc_custom_1468416552613{padding-right: 7.5px !important;padding-bottom: 10px !important;padding-left: 7.5px !important;}&#8221;][mk_flipbox_rb taxonomy=&#8221;diagnostic&#8221; tag_diagnostics=&#8221;allergology&#8221; offset=&#8221;1&#8243; min_height=&#8221;200&#8243; button_bg_color=&#8221;#4d4d4d&#8221; button_bg_hover_color=&#8221;#ffffff&#8221; button_text=&#8221;More information&#8221;][\/vc_column_inner][vc_column_inner width=&#8221;1\/3&#8243; css=&#8221;.vc_custom_1468416547451{padding-right: 0px !important;padding-bottom: 10px !important;}&#8221;][mk_flipbox_rb taxonomy=&#8221;diagnostic&#8221; tag_diagnostics=&#8221;allergology&#8221; offset=&#8221;2&#8243; min_height=&#8221;200&#8243; button_bg_color=&#8221;#4d4d4d&#8221; button_bg_hover_color=&#8221;#ffffff&#8221; button_text=&#8221;More information&#8221;][\/vc_column_inner][\/vc_row_inner][\/vc_column][\/mk_page_section][mk_page_section bg_color=&#8221;#f7f7f7&#8243; padding_top=&#8221;20&#8243; padding_bottom=&#8221;20&#8243; sidebar=&#8221;sidebar-1&#8243;][vc_column css=&#8221;.vc_custom_1468415774645{padding-top: 0px !important;padding-bottom: 0px !important;}&#8221;][vc_column_text disable_pattern=&#8221;false&#8221; align=&#8221;center&#8221;]\n<h2>Assistance sur l\u2019allergologie<\/h2>\n<p>Des questions\u00a0? Profitez de l\u2019expertise de notre \u00e9quipe. Nous sommes l\u00e0 pour vous aider, vous et votre entreprise, et assurer votre succ\u00e8s tout au long du processus de test[\/vc_column_text][mk_button dimension=&#8221;flat&#8221; url=&#8221;\/fr\/contact\/&#8221; align=&#8221;center&#8221; margin_bottom=&#8221;&#8221; bg_color=&#8221;#4d4d4d&#8221; btn_hover_bg=&#8221;#ffffff&#8221; btn_hover_txt_color=&#8221;#4d4d4d&#8221;]Contactez-nous[\/mk_button][\/vc_column][\/mk_page_section]\n<\/div>","protected":false},"excerpt":{"rendered":"<p>[mk_page_section padding_top=&#8221;30&#8243; padding_bottom=&#8221;30&#8243; sidebar=&#8221;sidebar-1&#8243;][vc_column width=&#8221;2\/3&#8243;][vc_column_text]Les allergies sont de plus en plus r\u00e9pandues dans les pays industrialis\u00e9s. Aujourd\u2019hui, une allergie est d\u00e9finie comme une hypersensibilit\u00e9 particuli\u00e8re du syst\u00e8me immunitaire \u00e0 des substances en r\u00e9alit\u00e9 inoffensives \u00e0 l\u2019origine. Par rapport aux quatre types d\u2019allergie (type I \u00e0 IV) initialement class\u00e9s par Coombs et Gell est venu s\u2019ajouter [&hellip;]<\/p>\n","protected":false},"author":1,"featured_media":0,"parent":89014,"menu_order":0,"comment_status":"closed","ping_status":"closed","template":"","meta":{"content-type":"","_relevanssi_hide_post":"","_relevanssi_hide_content":"","_relevanssi_pin_for_all":"","_relevanssi_pin_keywords":"","_relevanssi_unpin_keywords":"","_relevanssi_related_keywords":"","_relevanssi_related_include_ids":"","_relevanssi_related_exclude_ids":"","_relevanssi_related_no_append":"","_relevanssi_related_not_related":"","_relevanssi_related_posts":"","_relevanssi_noindex_reason":"","footnotes":""},"acf":[],"yoast_head":"<!-- This site is optimized with the Yoast SEO plugin v21.9 - https:\/\/yoast.com\/wordpress\/plugins\/seo\/ -->\n<title>Diagnostics d\u2019allergies\u00a0: Des tests fiables pour diagnostiquer les allergies<\/title>\n<meta name=\"description\" content=\"Les allergies touchent une population de plus en plus large. Nous proposons une gamme de tests de toutes performances, pr\u00e9cis et fiables pour la d\u00e9tection des anticorps IgE et IgG dans le sang.\" \/>\n<meta name=\"robots\" content=\"noindex, follow, max-snippet:-1, max-image-preview:large, max-video-preview:-1\" \/>\n<meta property=\"og:locale\" content=\"fr_FR\" \/>\n<meta property=\"og:type\" content=\"article\" \/>\n<meta property=\"og:title\" content=\"Diagnostics d\u2019allergies\u00a0: Des tests fiables pour diagnostiquer les allergies\" \/>\n<meta property=\"og:description\" content=\"Les allergies touchent une population de plus en plus large. Nous proposons une gamme de tests de toutes performances, pr\u00e9cis et fiables pour la d\u00e9tection des anticorps IgE et IgG dans le sang.\" \/>\n<meta property=\"og:url\" content=\"https:\/\/devclinical.r-biopharm.com\/fr\/diagnostics\/allergologie\/\" \/>\n<meta property=\"og:site_name\" content=\"\ud83d\udea8\ud83d\udea8\ud83d\udea8 Staging!!! Clinical Diagnostics \ud83d\udea8\ud83d\udea8\ud83d\udea8\" \/>\n<meta property=\"article:modified_time\" content=\"2019-07-08T07:26:26+00:00\" \/>\n<meta name=\"twitter:label1\" content=\"Est. reading time\" \/>\n\t<meta name=\"twitter:data1\" content=\"5 minutes\" \/>\n<script type=\"application\/ld+json\" class=\"yoast-schema-graph\">{\"@context\":\"https:\/\/schema.org\",\"@graph\":[{\"@type\":\"WebPage\",\"@id\":\"https:\/\/devclinical.r-biopharm.com\/fr\/diagnostics\/allergologie\/\",\"url\":\"https:\/\/devclinical.r-biopharm.com\/fr\/diagnostics\/allergologie\/\",\"name\":\"Diagnostics d\u2019allergies\u00a0: Des tests fiables pour diagnostiquer les allergies\",\"isPartOf\":{\"@id\":\"https:\/\/devdevclinical.r-biopharm.com\/#website\"},\"datePublished\":\"2015-10-05T09:41:00+00:00\",\"dateModified\":\"2019-07-08T07:26:26+00:00\",\"description\":\"Les allergies touchent une population de plus en plus large. Nous proposons une gamme de tests de toutes performances, pr\u00e9cis et fiables pour la d\u00e9tection des anticorps IgE et IgG dans le sang.\",\"breadcrumb\":{\"@id\":\"https:\/\/devclinical.r-biopharm.com\/fr\/diagnostics\/allergologie\/#breadcrumb\"},\"inLanguage\":\"fr-FR\",\"potentialAction\":[{\"@type\":\"ReadAction\",\"target\":[\"https:\/\/devclinical.r-biopharm.com\/fr\/diagnostics\/allergologie\/\"]}]},{\"@type\":\"BreadcrumbList\",\"@id\":\"https:\/\/devclinical.r-biopharm.com\/fr\/diagnostics\/allergologie\/#breadcrumb\",\"itemListElement\":[{\"@type\":\"ListItem\",\"position\":1,\"name\":\"Home\",\"item\":\"https:\/\/devclinical.r-biopharm.com\/fr\/\"},{\"@type\":\"ListItem\",\"position\":2,\"name\":\"Diagnostics\",\"item\":\"https:\/\/devclinical.r-biopharm.com\/fr\/diagnostics\/\"},{\"@type\":\"ListItem\",\"position\":3,\"name\":\"Allergologie\"}]},{\"@type\":\"WebSite\",\"@id\":\"https:\/\/devdevclinical.r-biopharm.com\/#website\",\"url\":\"https:\/\/devdevclinical.r-biopharm.com\/\",\"name\":\"\ud83d\udea8\ud83d\udea8\ud83d\udea8 Staging!!! Clinical Diagnostics \ud83d\udea8\ud83d\udea8\ud83d\udea8\",\"description\":\"A Division of the R-Biopharm Group\",\"potentialAction\":[{\"@type\":\"SearchAction\",\"target\":{\"@type\":\"EntryPoint\",\"urlTemplate\":\"https:\/\/devdevclinical.r-biopharm.com\/?s={search_term_string}\"},\"query-input\":\"required name=search_term_string\"}],\"inLanguage\":\"fr-FR\"}]}<\/script>\n<!-- \/ Yoast SEO plugin. -->","yoast_head_json":{"title":"Diagnostics d\u2019allergies\u00a0: Des tests fiables pour diagnostiquer les allergies","description":"Les allergies touchent une population de plus en plus large. Nous proposons une gamme de tests de toutes performances, pr\u00e9cis et fiables pour la d\u00e9tection des anticorps IgE et IgG dans le sang.","robots":{"index":"noindex","follow":"follow","max-snippet":"max-snippet:-1","max-image-preview":"max-image-preview:large","max-video-preview":"max-video-preview:-1"},"og_locale":"fr_FR","og_type":"article","og_title":"Diagnostics d\u2019allergies\u00a0: Des tests fiables pour diagnostiquer les allergies","og_description":"Les allergies touchent une population de plus en plus large. Nous proposons une gamme de tests de toutes performances, pr\u00e9cis et fiables pour la d\u00e9tection des anticorps IgE et IgG dans le sang.","og_url":"https:\/\/devclinical.r-biopharm.com\/fr\/diagnostics\/allergologie\/","og_site_name":"\ud83d\udea8\ud83d\udea8\ud83d\udea8 Staging!!! Clinical Diagnostics \ud83d\udea8\ud83d\udea8\ud83d\udea8","article_modified_time":"2019-07-08T07:26:26+00:00","twitter_misc":{"Est. reading time":"5 minutes"},"schema":{"@context":"https:\/\/schema.org","@graph":[{"@type":"WebPage","@id":"https:\/\/devclinical.r-biopharm.com\/fr\/diagnostics\/allergologie\/","url":"https:\/\/devclinical.r-biopharm.com\/fr\/diagnostics\/allergologie\/","name":"Diagnostics d\u2019allergies\u00a0: Des tests fiables pour diagnostiquer les allergies","isPartOf":{"@id":"https:\/\/devdevclinical.r-biopharm.com\/#website"},"datePublished":"2015-10-05T09:41:00+00:00","dateModified":"2019-07-08T07:26:26+00:00","description":"Les allergies touchent une population de plus en plus large. Nous proposons une gamme de tests de toutes performances, pr\u00e9cis et fiables pour la d\u00e9tection des anticorps IgE et IgG dans le sang.","breadcrumb":{"@id":"https:\/\/devclinical.r-biopharm.com\/fr\/diagnostics\/allergologie\/#breadcrumb"},"inLanguage":"fr-FR","potentialAction":[{"@type":"ReadAction","target":["https:\/\/devclinical.r-biopharm.com\/fr\/diagnostics\/allergologie\/"]}]},{"@type":"BreadcrumbList","@id":"https:\/\/devclinical.r-biopharm.com\/fr\/diagnostics\/allergologie\/#breadcrumb","itemListElement":[{"@type":"ListItem","position":1,"name":"Home","item":"https:\/\/devclinical.r-biopharm.com\/fr\/"},{"@type":"ListItem","position":2,"name":"Diagnostics","item":"https:\/\/devclinical.r-biopharm.com\/fr\/diagnostics\/"},{"@type":"ListItem","position":3,"name":"Allergologie"}]},{"@type":"WebSite","@id":"https:\/\/devdevclinical.r-biopharm.com\/#website","url":"https:\/\/devdevclinical.r-biopharm.com\/","name":"\ud83d\udea8\ud83d\udea8\ud83d\udea8 Staging!!! Clinical Diagnostics \ud83d\udea8\ud83d\udea8\ud83d\udea8","description":"A Division of the R-Biopharm Group","potentialAction":[{"@type":"SearchAction","target":{"@type":"EntryPoint","urlTemplate":"https:\/\/devdevclinical.r-biopharm.com\/?s={search_term_string}"},"query-input":"required name=search_term_string"}],"inLanguage":"fr-FR"}]}},"_links":{"self":[{"href":"https:\/\/devclinical.r-biopharm.com\/fr\/wp-json\/wp\/v2\/pages\/89111"}],"collection":[{"href":"https:\/\/devclinical.r-biopharm.com\/fr\/wp-json\/wp\/v2\/pages"}],"about":[{"href":"https:\/\/devclinical.r-biopharm.com\/fr\/wp-json\/wp\/v2\/types\/page"}],"author":[{"embeddable":true,"href":"https:\/\/devclinical.r-biopharm.com\/fr\/wp-json\/wp\/v2\/users\/1"}],"replies":[{"embeddable":true,"href":"https:\/\/devclinical.r-biopharm.com\/fr\/wp-json\/wp\/v2\/comments?post=89111"}],"version-history":[{"count":21,"href":"https:\/\/devclinical.r-biopharm.com\/fr\/wp-json\/wp\/v2\/pages\/89111\/revisions"}],"predecessor-version":[{"id":97326,"href":"https:\/\/devclinical.r-biopharm.com\/fr\/wp-json\/wp\/v2\/pages\/89111\/revisions\/97326"}],"up":[{"embeddable":true,"href":"https:\/\/devclinical.r-biopharm.com\/fr\/wp-json\/wp\/v2\/pages\/89014"}],"wp:attachment":[{"href":"https:\/\/devclinical.r-biopharm.com\/fr\/wp-json\/wp\/v2\/media?parent=89111"}],"curies":[{"name":"wp","href":"https:\/\/api.w.org\/{rel}","templated":true}]}}