{"id":89141,"date":"2015-10-05T11:42:07","date_gmt":"2015-10-05T09:42:07","guid":{"rendered":"https:\/\/clinical.r-biopharm.com\/diagnostics\/virologie\/"},"modified":"2019-07-08T14:41:20","modified_gmt":"2019-07-08T12:41:20","slug":"virologie","status":"publish","type":"page","link":"https:\/\/devclinical.r-biopharm.com\/fr\/diagnostics\/virologie\/","title":{"rendered":"Virologie"},"content":{"rendered":"<div class=\"wpb-content-wrapper\">[mk_page_section padding_top=&#8221;30&#8243; padding_bottom=&#8221;30&#8243; sidebar=&#8221;sidebar-1&#8243;][vc_column width=&#8221;2\/3&#8243;][vc_column_text]\n<div id=\"text-block-3\" class=\"mk-text-block \">\n<p><strong>La virologie clinique conna\u00eet une \u00e9volution rapide depuis quelques ann\u00e9es. Un laboratoire de virologie clinique moderne ex\u00e9cute divers types de tests, comme par exemple les tests rapides d\u2019antig\u00e8nes et les diagnostics s\u00e9rologiques ou mol\u00e9culaires, afin de fournir des services de qualit\u00e9 optimale aux \u00e9tablissements de sant\u00e9 et aux patients.<\/strong><\/p>\n<p>L\u2019utilisation efficace de ces plates-formes de diagnostic permet de d\u00e9tecter et de ma\u00eetriser rapidement les maladies infectieuses provoqu\u00e9es par des agents viraux. Nous proposons une vaste gamme de param\u00e8tres et de technologies pour la virologie clinique, avec un accent particulier mis sur les virus \u00e0 l\u2019origine d\u2019infections gastro-intestinales et respiratoires.<\/p>\n<h3 class=\"knubbel\">La grippe, l\u2019infection respiratoire la plus courante au monde<\/h3>\n<p>La grippe (ou influenza) est l\u2019infection respiratoire la plus r\u00e9pandue, les grippes de types A et B \u00e9tant chaque ann\u00e9e \u00e0 l\u2019origine d\u2019\u00e9pid\u00e9mies. Chez les humains, la plupart des infections grippales de type\u00a0A sont caus\u00e9es par les sous-types H1N1 et H3N2. Dans le monde, 3 \u00e0 5\u00a0millions de personnes sont affect\u00e9es chaque ann\u00e9e par le virus de la grippe et environ 250\u00a0000 \u00e0 500\u00a0000 en meurent.<\/p>\n<h3 class=\"knubbel\">Diagnostic de norovirus\u00a0: diagnostic rapide en p\u00e9riode d\u2019\u00e9pid\u00e9mie \u2013 toujours \u00e0 l\u2019avant-garde<\/h3>\n<p>Les norovirus sont l\u2019une des principales causes de gastro-ent\u00e9rites dans le monde entier, avec un nombre estim\u00e9 de 23\u00a0millions de cas par an aux \u00c9tats-Unis. Ils sont souvent \u00e0 l\u2019origine du d\u00e9veloppement d\u2019\u00e9pid\u00e9mies au sein de structures collectives, par exemple dans les maisons de retraite, les h\u00f4pitaux, les prisons et les bateaux de croisi\u00e8re. Dans la mesure o\u00f9 les \u00e9pid\u00e9mies de norovirus sont signal\u00e9es plus fr\u00e9quemment que les \u00e9pid\u00e9mies caus\u00e9es par des agents pathog\u00e8nes bact\u00e9riens, elles ont un impact non n\u00e9gligeable sur la sant\u00e9 publique.<\/p>\n<p>Les tests fiables de diagnostic des norovirus propos\u00e9s par R-Biopharm permettent aux laboratoires cliniques de toutes envergures de d\u00e9tecter facilement et rapidement l\u2019infection par norovirus. En fonction de leurs besoins, les laboratoires peuvent faire leur s\u00e9lection parmi notre gamme de produits ELISA, de tests rapides ou de produits de PCR.<\/p>\n<h3 class=\"knubbel\">Des solutions diagnostiques innovantes en mati\u00e8re de virologie<\/h3>\n<p>Notre catalogue en virologie propose des technologies qui r\u00e9pondent aux besoins diagnostiques et organisationnels des laboratoires de toutes envergures, notamment\u00a0:<\/p>\n<\/div>\n[\/vc_column_text][mk_custom_list style=&#8221;mk-moon-circle-small&#8221;]\n<ul>\n<li>Tests de PCR en temps r\u00e9el pour diff\u00e9rents thermocycleurs \u00e0 plate-forme ouverte<\/li>\n<li>Dosages immunoenzymatiques agr\u00e9\u00e9s pour les plates-formes d\u2019automatisation<\/li>\n<li>Tests rapides sous forme de cassette ou de bandelette r\u00e9active \u2013 une m\u00e9thode directe, rapide et sensible de d\u00e9tection des antig\u00e8nes viraux dans un petit ensemble d\u2019\u00e9chantillons<\/li>\n<\/ul>\n[\/mk_custom_list][vc_column_text]Vous pouvez faire votre choix parmi diff\u00e9rents syst\u00e8mes pour tester diff\u00e9rents agents pathog\u00e8nes viraux dont l\u2019influenza, le norovirus, le rotavirus, l\u2019ad\u00e9novirus, l\u2019astrovirus, l\u2019ent\u00e9rovirus, le RSV, le parainfluenza, le FSME, le HSV, les oreillons, la rougeole, le parvovirus et le sapovirus.[\/vc_column_text][\/vc_column][vc_column width=&#8221;1\/3&#8243;][vc_column_text margin_bottom=&#8221;20&#8243;]\n<h3 style=\"margin-bottom: 25px;\">Choisissez une indication<\/h3>\n<div class=\"facetwp-facet facetwp-facet-indication_fselect facetwp-type-fselect\" data-name=\"indication_fselect\" data-type=\"fselect\"><\/div>[\/vc_column_text][vc_column_text margin_bottom=&#8221;20&#8243;]\n<h3 style=\"margin-bottom: 25px;\">Choisissez une technologie<\/h3>\n<div class=\"facetwp-facet facetwp-facet-technology_fselect facetwp-type-fselect\" data-name=\"technology_fselect\" data-type=\"fselect\"><\/div>[\/vc_column_text][vc_column_text margin_bottom=&#8221;40&#8243;]\n<h3 style=\"margin-bottom: 25px;\">Choisissez votre produit dans le domaine de la virologie<\/h3>\n<div class=\"facetwp-template\" data-name=\"virology\"><ul class=\"product_facets\"><\/ul><\/div>[\/vc_column_text][\/vc_column][\/mk_page_section][mk_page_section bg_color=&#8221;#f7f7f7&#8243; padding_top=&#8221;0&#8243; padding_bottom=&#8221;0&#8243; sidebar=&#8221;sidebar-1&#8243;][vc_column css=&#8221;.vc_custom_1469015765963{margin-top: 25px !important;padding-bottom: 5px !important;}&#8221;][vc_column_text margin_bottom=&#8221;20&#8243; css=&#8221;.vc_custom_1530188469807{margin-bottom: 20px !important;}&#8221;]\n<h2 class=\"knubbel\">Derni\u00e8res nouvelles<\/h2>\n[\/vc_column_text][mk_blog_carousel cat=&#8221;216&#8243;][\/vc_column][\/mk_page_section][mk_page_section bg_color=&#8221;#ffffff&#8221; padding_top=&#8221;0&#8243; sidebar=&#8221;sidebar-1&#8243;][vc_column css=&#8221;.vc_custom_1467042052405{margin-top: 40px !important;}&#8221;][vc_column_text margin_bottom=&#8221;20&#8243;]\n<h2 class=\"knubbel\">Vous pourriez \u00e9galement \u00eatre int\u00e9ress\u00e9 par<\/h2>\n[\/vc_column_text][vc_row_inner css=&#8221;.vc_custom_1468404266697{margin-bottom: 40px !important;}&#8221;][vc_column_inner width=&#8221;1\/3&#8243; css=&#8221;.vc_custom_1468416557833{padding-bottom: 10px !important;padding-left: 0px !important;}&#8221;][mk_flipbox_rb taxonomy=&#8221;diagnostic&#8221; tag_diagnostics=&#8221;virology&#8221; min_height=&#8221;200&#8243; button_bg_color=&#8221;#4d4d4d&#8221; button_bg_hover_color=&#8221;#ffffff&#8221; button_text=&#8221;More&#8221;][\/vc_column_inner][vc_column_inner width=&#8221;1\/3&#8243; css=&#8221;.vc_custom_1468416552613{padding-right: 7.5px !important;padding-bottom: 10px !important;padding-left: 7.5px !important;}&#8221;][mk_flipbox_rb taxonomy=&#8221;diagnostic&#8221; tag_diagnostics=&#8221;virology&#8221; offset=&#8221;1&#8243; min_height=&#8221;200&#8243; button_bg_color=&#8221;#4d4d4d&#8221; button_bg_hover_color=&#8221;#ffffff&#8221; button_text=&#8221;More&#8221;][\/vc_column_inner][vc_column_inner width=&#8221;1\/3&#8243; css=&#8221;.vc_custom_1468416547451{padding-right: 0px !important;padding-bottom: 10px !important;}&#8221;][mk_flipbox_rb taxonomy=&#8221;diagnostic&#8221; tag_diagnostics=&#8221;virology&#8221; offset=&#8221;2&#8243; min_height=&#8221;200&#8243; button_bg_color=&#8221;#4d4d4d&#8221; button_bg_hover_color=&#8221;#ffffff&#8221; button_text=&#8221;More&#8221;][\/vc_column_inner][\/vc_row_inner][\/vc_column][\/mk_page_section][mk_page_section bg_color=&#8221;#f7f7f7&#8243; padding_top=&#8221;20&#8243; padding_bottom=&#8221;20&#8243; sidebar=&#8221;sidebar-1&#8243;][vc_column css=&#8221;.vc_custom_1468415774645{padding-top: 0px !important;padding-bottom: 0px !important;}&#8221;][vc_column_text disable_pattern=&#8221;false&#8221; align=&#8221;center&#8221;]\n<h2>Assistance sur la virologie<\/h2>\n<p>Des questions\u00a0? Profitez de l\u2019expertise de notre \u00e9quipe. Nous sommes l\u00e0 pour vous aider, vous et votre entreprise, et assurer votre succ\u00e8s tout au long du processus de test[\/vc_column_text][mk_button dimension=&#8221;flat&#8221; url=&#8221;\/fr\/contact\/&#8221; align=&#8221;center&#8221; margin_bottom=&#8221;&#8221; bg_color=&#8221;#4d4d4d&#8221; btn_hover_bg=&#8221;#ffffff&#8221; btn_hover_txt_color=&#8221;#4d4d4d&#8221;]Contactez-nous[\/mk_button][\/vc_column][\/mk_page_section]\n<\/div>","protected":false},"excerpt":{"rendered":"<p>[mk_page_section padding_top=&#8221;30&#8243; padding_bottom=&#8221;30&#8243; sidebar=&#8221;sidebar-1&#8243;][vc_column width=&#8221;2\/3&#8243;][vc_column_text] La virologie clinique conna\u00eet une \u00e9volution rapide depuis quelques ann\u00e9es. Un laboratoire de virologie clinique moderne ex\u00e9cute divers types de tests, comme par exemple les tests rapides d\u2019antig\u00e8nes et les diagnostics s\u00e9rologiques ou mol\u00e9culaires, afin de fournir des services de qualit\u00e9 optimale aux \u00e9tablissements de sant\u00e9 et aux patients. L\u2019utilisation [&hellip;]<\/p>\n","protected":false},"author":1,"featured_media":0,"parent":89014,"menu_order":0,"comment_status":"closed","ping_status":"closed","template":"","meta":{"content-type":"","_relevanssi_hide_post":"","_relevanssi_hide_content":"","_relevanssi_pin_for_all":"","_relevanssi_pin_keywords":"","_relevanssi_unpin_keywords":"","_relevanssi_related_keywords":"","_relevanssi_related_include_ids":"","_relevanssi_related_exclude_ids":"","_relevanssi_related_no_append":"","_relevanssi_related_not_related":"","_relevanssi_related_posts":"","_relevanssi_noindex_reason":"","footnotes":""},"acf":[],"yoast_head":"<!-- This site is optimized with the Yoast SEO plugin v21.9 - https:\/\/yoast.com\/wordpress\/plugins\/seo\/ -->\n<title>Virologie\u00a0: Tests pour le diagnostic des infections virales<\/title>\n<meta name=\"description\" content=\"Les virus sont une cause majeure d\u2019infections. Nous proposons des solutions innovantes en virologie clinique\u00a0; consultez ici notre gamme de produits d\u00e9di\u00e9s au diagnostic des infections virales.\" \/>\n<meta name=\"robots\" content=\"noindex, follow, max-snippet:-1, max-image-preview:large, max-video-preview:-1\" \/>\n<meta property=\"og:locale\" content=\"fr_FR\" \/>\n<meta property=\"og:type\" content=\"article\" \/>\n<meta property=\"og:title\" content=\"Virologie\u00a0: Tests pour le diagnostic des infections virales\" \/>\n<meta property=\"og:description\" content=\"Les virus sont une cause majeure d\u2019infections. Nous proposons des solutions innovantes en virologie clinique\u00a0; consultez ici notre gamme de produits d\u00e9di\u00e9s au diagnostic des infections virales.\" \/>\n<meta property=\"og:url\" content=\"https:\/\/devclinical.r-biopharm.com\/fr\/diagnostics\/virologie\/\" \/>\n<meta property=\"og:site_name\" content=\"\ud83d\udea8\ud83d\udea8\ud83d\udea8 Staging!!! Clinical Diagnostics \ud83d\udea8\ud83d\udea8\ud83d\udea8\" \/>\n<meta property=\"article:modified_time\" content=\"2019-07-08T12:41:20+00:00\" \/>\n<meta name=\"twitter:label1\" content=\"Est. reading time\" \/>\n\t<meta name=\"twitter:data1\" content=\"5 minutes\" \/>\n<script type=\"application\/ld+json\" class=\"yoast-schema-graph\">{\"@context\":\"https:\/\/schema.org\",\"@graph\":[{\"@type\":\"WebPage\",\"@id\":\"https:\/\/devclinical.r-biopharm.com\/fr\/diagnostics\/virologie\/\",\"url\":\"https:\/\/devclinical.r-biopharm.com\/fr\/diagnostics\/virologie\/\",\"name\":\"Virologie\u00a0: Tests pour le diagnostic des infections virales\",\"isPartOf\":{\"@id\":\"https:\/\/devdevclinical.r-biopharm.com\/#website\"},\"datePublished\":\"2015-10-05T09:42:07+00:00\",\"dateModified\":\"2019-07-08T12:41:20+00:00\",\"description\":\"Les virus sont une cause majeure d\u2019infections. Nous proposons des solutions innovantes en virologie clinique\u00a0; consultez ici notre gamme de produits d\u00e9di\u00e9s au diagnostic des infections virales.\",\"breadcrumb\":{\"@id\":\"https:\/\/devclinical.r-biopharm.com\/fr\/diagnostics\/virologie\/#breadcrumb\"},\"inLanguage\":\"fr-FR\",\"potentialAction\":[{\"@type\":\"ReadAction\",\"target\":[\"https:\/\/devclinical.r-biopharm.com\/fr\/diagnostics\/virologie\/\"]}]},{\"@type\":\"BreadcrumbList\",\"@id\":\"https:\/\/devclinical.r-biopharm.com\/fr\/diagnostics\/virologie\/#breadcrumb\",\"itemListElement\":[{\"@type\":\"ListItem\",\"position\":1,\"name\":\"Home\",\"item\":\"https:\/\/devclinical.r-biopharm.com\/fr\/\"},{\"@type\":\"ListItem\",\"position\":2,\"name\":\"Diagnostics\",\"item\":\"https:\/\/devclinical.r-biopharm.com\/fr\/diagnostics\/\"},{\"@type\":\"ListItem\",\"position\":3,\"name\":\"Virologie\"}]},{\"@type\":\"WebSite\",\"@id\":\"https:\/\/devdevclinical.r-biopharm.com\/#website\",\"url\":\"https:\/\/devdevclinical.r-biopharm.com\/\",\"name\":\"\ud83d\udea8\ud83d\udea8\ud83d\udea8 Staging!!! Clinical Diagnostics \ud83d\udea8\ud83d\udea8\ud83d\udea8\",\"description\":\"A Division of the R-Biopharm Group\",\"potentialAction\":[{\"@type\":\"SearchAction\",\"target\":{\"@type\":\"EntryPoint\",\"urlTemplate\":\"https:\/\/devdevclinical.r-biopharm.com\/?s={search_term_string}\"},\"query-input\":\"required name=search_term_string\"}],\"inLanguage\":\"fr-FR\"}]}<\/script>\n<!-- \/ Yoast SEO plugin. -->","yoast_head_json":{"title":"Virologie\u00a0: Tests pour le diagnostic des infections virales","description":"Les virus sont une cause majeure d\u2019infections. Nous proposons des solutions innovantes en virologie clinique\u00a0; consultez ici notre gamme de produits d\u00e9di\u00e9s au diagnostic des infections virales.","robots":{"index":"noindex","follow":"follow","max-snippet":"max-snippet:-1","max-image-preview":"max-image-preview:large","max-video-preview":"max-video-preview:-1"},"og_locale":"fr_FR","og_type":"article","og_title":"Virologie\u00a0: Tests pour le diagnostic des infections virales","og_description":"Les virus sont une cause majeure d\u2019infections. Nous proposons des solutions innovantes en virologie clinique\u00a0; consultez ici notre gamme de produits d\u00e9di\u00e9s au diagnostic des infections virales.","og_url":"https:\/\/devclinical.r-biopharm.com\/fr\/diagnostics\/virologie\/","og_site_name":"\ud83d\udea8\ud83d\udea8\ud83d\udea8 Staging!!! Clinical Diagnostics \ud83d\udea8\ud83d\udea8\ud83d\udea8","article_modified_time":"2019-07-08T12:41:20+00:00","twitter_misc":{"Est. reading time":"5 minutes"},"schema":{"@context":"https:\/\/schema.org","@graph":[{"@type":"WebPage","@id":"https:\/\/devclinical.r-biopharm.com\/fr\/diagnostics\/virologie\/","url":"https:\/\/devclinical.r-biopharm.com\/fr\/diagnostics\/virologie\/","name":"Virologie\u00a0: Tests pour le diagnostic des infections virales","isPartOf":{"@id":"https:\/\/devdevclinical.r-biopharm.com\/#website"},"datePublished":"2015-10-05T09:42:07+00:00","dateModified":"2019-07-08T12:41:20+00:00","description":"Les virus sont une cause majeure d\u2019infections. Nous proposons des solutions innovantes en virologie clinique\u00a0; consultez ici notre gamme de produits d\u00e9di\u00e9s au diagnostic des infections virales.","breadcrumb":{"@id":"https:\/\/devclinical.r-biopharm.com\/fr\/diagnostics\/virologie\/#breadcrumb"},"inLanguage":"fr-FR","potentialAction":[{"@type":"ReadAction","target":["https:\/\/devclinical.r-biopharm.com\/fr\/diagnostics\/virologie\/"]}]},{"@type":"BreadcrumbList","@id":"https:\/\/devclinical.r-biopharm.com\/fr\/diagnostics\/virologie\/#breadcrumb","itemListElement":[{"@type":"ListItem","position":1,"name":"Home","item":"https:\/\/devclinical.r-biopharm.com\/fr\/"},{"@type":"ListItem","position":2,"name":"Diagnostics","item":"https:\/\/devclinical.r-biopharm.com\/fr\/diagnostics\/"},{"@type":"ListItem","position":3,"name":"Virologie"}]},{"@type":"WebSite","@id":"https:\/\/devdevclinical.r-biopharm.com\/#website","url":"https:\/\/devdevclinical.r-biopharm.com\/","name":"\ud83d\udea8\ud83d\udea8\ud83d\udea8 Staging!!! Clinical Diagnostics \ud83d\udea8\ud83d\udea8\ud83d\udea8","description":"A Division of the R-Biopharm Group","potentialAction":[{"@type":"SearchAction","target":{"@type":"EntryPoint","urlTemplate":"https:\/\/devdevclinical.r-biopharm.com\/?s={search_term_string}"},"query-input":"required name=search_term_string"}],"inLanguage":"fr-FR"}]}},"_links":{"self":[{"href":"https:\/\/devclinical.r-biopharm.com\/fr\/wp-json\/wp\/v2\/pages\/89141"}],"collection":[{"href":"https:\/\/devclinical.r-biopharm.com\/fr\/wp-json\/wp\/v2\/pages"}],"about":[{"href":"https:\/\/devclinical.r-biopharm.com\/fr\/wp-json\/wp\/v2\/types\/page"}],"author":[{"embeddable":true,"href":"https:\/\/devclinical.r-biopharm.com\/fr\/wp-json\/wp\/v2\/users\/1"}],"replies":[{"embeddable":true,"href":"https:\/\/devclinical.r-biopharm.com\/fr\/wp-json\/wp\/v2\/comments?post=89141"}],"version-history":[{"count":15,"href":"https:\/\/devclinical.r-biopharm.com\/fr\/wp-json\/wp\/v2\/pages\/89141\/revisions"}],"predecessor-version":[{"id":97370,"href":"https:\/\/devclinical.r-biopharm.com\/fr\/wp-json\/wp\/v2\/pages\/89141\/revisions\/97370"}],"up":[{"embeddable":true,"href":"https:\/\/devclinical.r-biopharm.com\/fr\/wp-json\/wp\/v2\/pages\/89014"}],"wp:attachment":[{"href":"https:\/\/devclinical.r-biopharm.com\/fr\/wp-json\/wp\/v2\/media?parent=89141"}],"curies":[{"name":"wp","href":"https:\/\/api.w.org\/{rel}","templated":true}]}}