{"id":89142,"date":"2015-10-05T11:42:21","date_gmt":"2015-10-05T09:42:21","guid":{"rendered":"https:\/\/clinical.r-biopharm.com\/diagnostics\/parasitologie\/"},"modified":"2020-04-08T16:09:55","modified_gmt":"2020-04-08T14:09:55","slug":"parasitologie","status":"publish","type":"page","link":"https:\/\/devclinical.r-biopharm.com\/fr\/diagnostics\/parasitologie\/","title":{"rendered":"Parasitologie"},"content":{"rendered":"<div class=\"wpb-content-wrapper\">[mk_page_section padding_top=&#8221;30&#8243; padding_bottom=&#8221;30&#8243; sidebar=&#8221;sidebar-1&#8243;][vc_column width=&#8221;2\/3&#8243;][vc_column_text]\n<div id=\"text-block-3\" class=\"mk-text-block \">\n<p><strong>Les infections par des parasites sont tr\u00e8s courantes dans les r\u00e9gions \u00e0 climat tropical, l\u2019exemple le plus fr\u00e9quent de ce type d\u2019infection \u00e9tant le paludisme. En dehors des zones tropicales, les maladies le plus souvent provoqu\u00e9es par des parasites sont la trichomonase, la giardiase, la cryptosporidiose, l\u2019amibiase et la toxoplasmose.<\/strong><\/p>\n<p>Les infections parasitaires sont caus\u00e9es par trois types d\u2019organismes\u00a0: les protozoaires, les helminthes et les ectoparasites. Les infections par des protozoaires peuvent survenir, par exemple, lorsque l\u2019on consomme de l\u2019eau contenant des cellules d\u2019organismes protozoaires ou des aliments insuffisamment cuits. Giardia lamblia, Cryptosporidium parvum, Entamoeba histolytica et Dientamoeba fragilis sont les principaux protozoaires \u00e0 l\u2019origine de diarrh\u00e9es.<\/p>\n<p>En raison de la facilit\u00e9 de propagation de ces parasites, un diagnostic rapide et fiable d\u2019une infection parasitaire d\u00e8s les premiers sympt\u00f4mes est indispensable pour un traitement efficace. Les dosages immunologiques et les diagnostics mol\u00e9culaires permettent de d\u00e9tecter et de diff\u00e9rencier les infections parasitaires plus rapidement qu\u2019avec les m\u00e9thodes classiques, telles que la microscopie.<\/p>\n<h3>Des solutions diagnostiques innovantes en mati\u00e8re de parasitologie<\/h3>\n<p>R-Biopharm propose diverses technologies dans le domaine de la parasitologie qui r\u00e9pondent aux besoins diagnostiques et organisationnels des laboratoires de toutes envergures, notamment\u00a0:<\/p>\n<\/div>\n[\/vc_column_text][mk_custom_list style=&#8221;mk-moon-circle-small&#8221;]\n<ul>\n<li>Tests de PCR en temps r\u00e9el pour diff\u00e9rents thermocycleurs \u00e0 plate-forme ouverte<\/li>\n<li>Dosages immunoenzymatiques agr\u00e9\u00e9s pour les plates-formes d\u2019automatisation<\/li>\n<li>Tests rapides sous forme de cassette ou de bandelette r\u00e9active \u2013 une m\u00e9thode directe, rapide et sensible de d\u00e9tection des antig\u00e8nes viraux dans un petit ensemble d\u2019\u00e9chantillons<\/li>\n<\/ul>\n[\/mk_custom_list][vc_column_text]Vous pouvez faire votre choix parmi diff\u00e9rents syst\u00e8mes diagnostiques afin de rechercher divers parasites, y compris Giardia, Cryptosporidium, Entamoeba et Toxocara.[\/vc_column_text][vc_cta h2=&#8221;RIDA\u00aeGENE for parasite diagnostics&#8221; shape=&#8221;square&#8221; style=&#8221;flat&#8221; add_button=&#8221;right&#8221; btn_title=&#8221;Download&#8221; btn_style=&#8221;flat&#8221; btn_shape=&#8221;square&#8221; btn_color=&#8221;inverse&#8221; btn_link=&#8221;url:https%3A%2F%2Fdevclinical.r-biopharm.com%2Fwp-content%2Fuploads%2Fsites%2F3%2F2020%2F04%2Frg_parasite-diagnostics_4p_en_2020-02.pdf||target:%20_blank|&#8221;]You can find more information on our RIDA\u00aeGENE real-time PCR kits for parasite diagnostics in our free customer brochure.[\/vc_cta][vc_cta h2=&#8221;RIDASCREEN\u00ae for parasite diagnostics&#8221; shape=&#8221;square&#8221; style=&#8221;flat&#8221; add_button=&#8221;right&#8221; btn_title=&#8221;Download&#8221; btn_style=&#8221;flat&#8221; btn_shape=&#8221;square&#8221; btn_color=&#8221;inverse&#8221; btn_link=&#8221;url:https%3A%2F%2Fdevclinical.r-biopharm.com%2Fwp-content%2Fuploads%2Fsites%2F3%2F2015-12_parasite-diagnostic_brochure_4p_en_lores.pdf|target:%20_blank|&#8221;]You can find more information on our RIDASCREEN\u00ae ELISA kits for parasite diagnostics in our free customer brochure.[\/vc_cta][\/vc_column][vc_column width=&#8221;1\/3&#8243;][vc_column_text margin_bottom=&#8221;20&#8243;]\n<h3 style=\"margin-bottom: 25px;\">Choisissez une indication<\/h3>\n<div class=\"facetwp-facet facetwp-facet-indication_fselect facetwp-type-fselect\" data-name=\"indication_fselect\" data-type=\"fselect\"><\/div>[\/vc_column_text][vc_column_text margin_bottom=&#8221;20&#8243;]\n<h3 style=\"margin-bottom: 25px;\">Choisissez une technologie<\/h3>\n<div class=\"facetwp-facet facetwp-facet-technology_fselect facetwp-type-fselect\" data-name=\"technology_fselect\" data-type=\"fselect\"><\/div>[\/vc_column_text][vc_column_text margin_bottom=&#8221;40&#8243;]\n<h3 style=\"margin-bottom: 25px;\">Choisissez votre produit dans le domaine de la parasitologie<\/h3>\n<div class=\"facetwp-template\" data-name=\"parasitology\"><ul class=\"product_facets\"><\/ul><\/div>[\/vc_column_text][\/vc_column][\/mk_page_section][mk_page_section bg_color=&#8221;#f7f7f7&#8243; padding_top=&#8221;0&#8243; padding_bottom=&#8221;0&#8243; sidebar=&#8221;sidebar-1&#8243;][vc_column css=&#8221;.vc_custom_1469015765963{margin-top: 25px !important;padding-bottom: 5px !important;}&#8221;][vc_column_text margin_bottom=&#8221;20&#8243; css=&#8221;.vc_custom_1530188435692{margin-bottom: 20px !important;}&#8221;]\n<h2 class=\"knubbel\">Derni\u00e8res nouvelles<\/h2>\n[\/vc_column_text][mk_blog_carousel cat=&#8221;217&#8243;][\/vc_column][\/mk_page_section][mk_page_section bg_color=&#8221;#ffffff&#8221; padding_top=&#8221;0&#8243; sidebar=&#8221;sidebar-1&#8243;][vc_column css=&#8221;.vc_custom_1467042052405{margin-top: 40px !important;}&#8221;][vc_column_text margin_bottom=&#8221;20&#8243;]\n<h2 class=\"knubbel\">Vous pourriez \u00e9galement \u00eatre int\u00e9ress\u00e9 par<\/h2>\n[\/vc_column_text][vc_row_inner css=&#8221;.vc_custom_1468404266697{margin-bottom: 40px !important;}&#8221;][vc_column_inner width=&#8221;1\/3&#8243; css=&#8221;.vc_custom_1468416557833{padding-bottom: 10px !important;padding-left: 0px !important;}&#8221;][mk_flipbox_rb taxonomy=&#8221;diagnostic&#8221; tag_diagnostics=&#8221;parasitology&#8221; min_height=&#8221;200&#8243; button_bg_color=&#8221;#4d4d4d&#8221; button_bg_hover_color=&#8221;#ffffff&#8221; button_text=&#8221;More&#8221;][\/vc_column_inner][vc_column_inner width=&#8221;1\/3&#8243; css=&#8221;.vc_custom_1468416552613{padding-right: 7.5px !important;padding-bottom: 10px !important;padding-left: 7.5px !important;}&#8221;][mk_flipbox_rb taxonomy=&#8221;diagnostic&#8221; tag_diagnostics=&#8221;parasitology&#8221; offset=&#8221;1&#8243; min_height=&#8221;200&#8243; button_bg_color=&#8221;#4d4d4d&#8221; button_bg_hover_color=&#8221;#ffffff&#8221; button_text=&#8221;More&#8221;][\/vc_column_inner][vc_column_inner width=&#8221;1\/3&#8243; css=&#8221;.vc_custom_1468416547451{padding-right: 0px !important;padding-bottom: 10px !important;}&#8221;][mk_flipbox_rb taxonomy=&#8221;diagnostic&#8221; tag_diagnostics=&#8221;parasitology&#8221; offset=&#8221;2&#8243; min_height=&#8221;200&#8243; button_bg_color=&#8221;#4d4d4d&#8221; button_bg_hover_color=&#8221;#ffffff&#8221; button_text=&#8221;More&#8221;][\/vc_column_inner][\/vc_row_inner][\/vc_column][\/mk_page_section][mk_page_section bg_color=&#8221;#f7f7f7&#8243; padding_top=&#8221;20&#8243; padding_bottom=&#8221;20&#8243; sidebar=&#8221;sidebar-1&#8243;][vc_column css=&#8221;.vc_custom_1468415774645{padding-top: 0px !important;padding-bottom: 0px !important;}&#8221;][vc_column_text disable_pattern=&#8221;false&#8221; align=&#8221;center&#8221;]\n<h2>Assistance sur la parasitologie<\/h2>\n<p>Des questions\u00a0? Profitez de l\u2019expertise de notre \u00e9quipe. Nous sommes l\u00e0 pour vous aider, vous et votre entreprise, et assurer votre succ\u00e8s tout au long du processus de test[\/vc_column_text][mk_button dimension=&#8221;flat&#8221; url=&#8221;\/fr\/contact\/&#8221; align=&#8221;center&#8221; margin_bottom=&#8221;&#8221; bg_color=&#8221;#4d4d4d&#8221; btn_hover_bg=&#8221;#ffffff&#8221; btn_hover_txt_color=&#8221;#4d4d4d&#8221;]Contactez-nous[\/mk_button][\/vc_column][\/mk_page_section]\n<\/div>","protected":false},"excerpt":{"rendered":"<p>[mk_page_section padding_top=&#8221;30&#8243; padding_bottom=&#8221;30&#8243; sidebar=&#8221;sidebar-1&#8243;][vc_column width=&#8221;2\/3&#8243;][vc_column_text] Les infections par des parasites sont tr\u00e8s courantes dans les r\u00e9gions \u00e0 climat tropical, l\u2019exemple le plus fr\u00e9quent de ce type d\u2019infection \u00e9tant le paludisme. En dehors des zones tropicales, les maladies le plus souvent provoqu\u00e9es par des parasites sont la trichomonase, la giardiase, la cryptosporidiose, l\u2019amibiase et la toxoplasmose. [&hellip;]<\/p>\n","protected":false},"author":1,"featured_media":0,"parent":89014,"menu_order":0,"comment_status":"closed","ping_status":"closed","template":"","meta":{"content-type":"","_relevanssi_hide_post":"","_relevanssi_hide_content":"","_relevanssi_pin_for_all":"","_relevanssi_pin_keywords":"","_relevanssi_unpin_keywords":"","_relevanssi_related_keywords":"","_relevanssi_related_include_ids":"","_relevanssi_related_exclude_ids":"","_relevanssi_related_no_append":"","_relevanssi_related_not_related":"","_relevanssi_related_posts":"","_relevanssi_noindex_reason":"","footnotes":""},"acf":[],"yoast_head":"<!-- This site is optimized with the Yoast SEO plugin v21.9 - https:\/\/yoast.com\/wordpress\/plugins\/seo\/ -->\n<title>Parasitologie\u00a0: Tests pour le diagnostic des infections parasitaires<\/title>\n<meta name=\"description\" content=\"Les infections parasitaires sont tr\u00e8s fr\u00e9quentes, en particulier dans les r\u00e9gions tropicales. Consultez ici nos solutions diagnostiques innovantes en mati\u00e8re de parasitologie clinique.\" \/>\n<meta name=\"robots\" content=\"noindex, follow, max-snippet:-1, max-image-preview:large, max-video-preview:-1\" \/>\n<meta property=\"og:locale\" content=\"fr_FR\" \/>\n<meta property=\"og:type\" content=\"article\" \/>\n<meta property=\"og:title\" content=\"Parasitologie\u00a0: Tests pour le diagnostic des infections parasitaires\" \/>\n<meta property=\"og:description\" content=\"Les infections parasitaires sont tr\u00e8s fr\u00e9quentes, en particulier dans les r\u00e9gions tropicales. Consultez ici nos solutions diagnostiques innovantes en mati\u00e8re de parasitologie clinique.\" \/>\n<meta property=\"og:url\" content=\"https:\/\/devclinical.r-biopharm.com\/fr\/diagnostics\/parasitologie\/\" \/>\n<meta property=\"og:site_name\" content=\"\ud83d\udea8\ud83d\udea8\ud83d\udea8 Staging!!! Clinical Diagnostics \ud83d\udea8\ud83d\udea8\ud83d\udea8\" \/>\n<meta property=\"article:modified_time\" content=\"2020-04-08T14:09:55+00:00\" \/>\n<meta name=\"twitter:label1\" content=\"Est. reading time\" \/>\n\t<meta name=\"twitter:data1\" content=\"4 minutes\" \/>\n<script type=\"application\/ld+json\" class=\"yoast-schema-graph\">{\"@context\":\"https:\/\/schema.org\",\"@graph\":[{\"@type\":\"WebPage\",\"@id\":\"https:\/\/devclinical.r-biopharm.com\/fr\/diagnostics\/parasitologie\/\",\"url\":\"https:\/\/devclinical.r-biopharm.com\/fr\/diagnostics\/parasitologie\/\",\"name\":\"Parasitologie\u00a0: Tests pour le diagnostic des infections parasitaires\",\"isPartOf\":{\"@id\":\"https:\/\/devdevclinical.r-biopharm.com\/#website\"},\"datePublished\":\"2015-10-05T09:42:21+00:00\",\"dateModified\":\"2020-04-08T14:09:55+00:00\",\"description\":\"Les infections parasitaires sont tr\u00e8s fr\u00e9quentes, en particulier dans les r\u00e9gions tropicales. Consultez ici nos solutions diagnostiques innovantes en mati\u00e8re de parasitologie clinique.\",\"breadcrumb\":{\"@id\":\"https:\/\/devclinical.r-biopharm.com\/fr\/diagnostics\/parasitologie\/#breadcrumb\"},\"inLanguage\":\"fr-FR\",\"potentialAction\":[{\"@type\":\"ReadAction\",\"target\":[\"https:\/\/devclinical.r-biopharm.com\/fr\/diagnostics\/parasitologie\/\"]}]},{\"@type\":\"BreadcrumbList\",\"@id\":\"https:\/\/devclinical.r-biopharm.com\/fr\/diagnostics\/parasitologie\/#breadcrumb\",\"itemListElement\":[{\"@type\":\"ListItem\",\"position\":1,\"name\":\"Home\",\"item\":\"https:\/\/devclinical.r-biopharm.com\/fr\/\"},{\"@type\":\"ListItem\",\"position\":2,\"name\":\"Diagnostics\",\"item\":\"https:\/\/devclinical.r-biopharm.com\/fr\/diagnostics\/\"},{\"@type\":\"ListItem\",\"position\":3,\"name\":\"Parasitologie\"}]},{\"@type\":\"WebSite\",\"@id\":\"https:\/\/devdevclinical.r-biopharm.com\/#website\",\"url\":\"https:\/\/devdevclinical.r-biopharm.com\/\",\"name\":\"\ud83d\udea8\ud83d\udea8\ud83d\udea8 Staging!!! Clinical Diagnostics \ud83d\udea8\ud83d\udea8\ud83d\udea8\",\"description\":\"A Division of the R-Biopharm Group\",\"potentialAction\":[{\"@type\":\"SearchAction\",\"target\":{\"@type\":\"EntryPoint\",\"urlTemplate\":\"https:\/\/devdevclinical.r-biopharm.com\/?s={search_term_string}\"},\"query-input\":\"required name=search_term_string\"}],\"inLanguage\":\"fr-FR\"}]}<\/script>\n<!-- \/ Yoast SEO plugin. -->","yoast_head_json":{"title":"Parasitologie\u00a0: Tests pour le diagnostic des infections parasitaires","description":"Les infections parasitaires sont tr\u00e8s fr\u00e9quentes, en particulier dans les r\u00e9gions tropicales. Consultez ici nos solutions diagnostiques innovantes en mati\u00e8re de parasitologie clinique.","robots":{"index":"noindex","follow":"follow","max-snippet":"max-snippet:-1","max-image-preview":"max-image-preview:large","max-video-preview":"max-video-preview:-1"},"og_locale":"fr_FR","og_type":"article","og_title":"Parasitologie\u00a0: Tests pour le diagnostic des infections parasitaires","og_description":"Les infections parasitaires sont tr\u00e8s fr\u00e9quentes, en particulier dans les r\u00e9gions tropicales. Consultez ici nos solutions diagnostiques innovantes en mati\u00e8re de parasitologie clinique.","og_url":"https:\/\/devclinical.r-biopharm.com\/fr\/diagnostics\/parasitologie\/","og_site_name":"\ud83d\udea8\ud83d\udea8\ud83d\udea8 Staging!!! Clinical Diagnostics \ud83d\udea8\ud83d\udea8\ud83d\udea8","article_modified_time":"2020-04-08T14:09:55+00:00","twitter_misc":{"Est. reading time":"4 minutes"},"schema":{"@context":"https:\/\/schema.org","@graph":[{"@type":"WebPage","@id":"https:\/\/devclinical.r-biopharm.com\/fr\/diagnostics\/parasitologie\/","url":"https:\/\/devclinical.r-biopharm.com\/fr\/diagnostics\/parasitologie\/","name":"Parasitologie\u00a0: Tests pour le diagnostic des infections parasitaires","isPartOf":{"@id":"https:\/\/devdevclinical.r-biopharm.com\/#website"},"datePublished":"2015-10-05T09:42:21+00:00","dateModified":"2020-04-08T14:09:55+00:00","description":"Les infections parasitaires sont tr\u00e8s fr\u00e9quentes, en particulier dans les r\u00e9gions tropicales. Consultez ici nos solutions diagnostiques innovantes en mati\u00e8re de parasitologie clinique.","breadcrumb":{"@id":"https:\/\/devclinical.r-biopharm.com\/fr\/diagnostics\/parasitologie\/#breadcrumb"},"inLanguage":"fr-FR","potentialAction":[{"@type":"ReadAction","target":["https:\/\/devclinical.r-biopharm.com\/fr\/diagnostics\/parasitologie\/"]}]},{"@type":"BreadcrumbList","@id":"https:\/\/devclinical.r-biopharm.com\/fr\/diagnostics\/parasitologie\/#breadcrumb","itemListElement":[{"@type":"ListItem","position":1,"name":"Home","item":"https:\/\/devclinical.r-biopharm.com\/fr\/"},{"@type":"ListItem","position":2,"name":"Diagnostics","item":"https:\/\/devclinical.r-biopharm.com\/fr\/diagnostics\/"},{"@type":"ListItem","position":3,"name":"Parasitologie"}]},{"@type":"WebSite","@id":"https:\/\/devdevclinical.r-biopharm.com\/#website","url":"https:\/\/devdevclinical.r-biopharm.com\/","name":"\ud83d\udea8\ud83d\udea8\ud83d\udea8 Staging!!! Clinical Diagnostics \ud83d\udea8\ud83d\udea8\ud83d\udea8","description":"A Division of the R-Biopharm Group","potentialAction":[{"@type":"SearchAction","target":{"@type":"EntryPoint","urlTemplate":"https:\/\/devdevclinical.r-biopharm.com\/?s={search_term_string}"},"query-input":"required name=search_term_string"}],"inLanguage":"fr-FR"}]}},"_links":{"self":[{"href":"https:\/\/devclinical.r-biopharm.com\/fr\/wp-json\/wp\/v2\/pages\/89142"}],"collection":[{"href":"https:\/\/devclinical.r-biopharm.com\/fr\/wp-json\/wp\/v2\/pages"}],"about":[{"href":"https:\/\/devclinical.r-biopharm.com\/fr\/wp-json\/wp\/v2\/types\/page"}],"author":[{"embeddable":true,"href":"https:\/\/devclinical.r-biopharm.com\/fr\/wp-json\/wp\/v2\/users\/1"}],"replies":[{"embeddable":true,"href":"https:\/\/devclinical.r-biopharm.com\/fr\/wp-json\/wp\/v2\/comments?post=89142"}],"version-history":[{"count":16,"href":"https:\/\/devclinical.r-biopharm.com\/fr\/wp-json\/wp\/v2\/pages\/89142\/revisions"}],"predecessor-version":[{"id":148991,"href":"https:\/\/devclinical.r-biopharm.com\/fr\/wp-json\/wp\/v2\/pages\/89142\/revisions\/148991"}],"up":[{"embeddable":true,"href":"https:\/\/devclinical.r-biopharm.com\/fr\/wp-json\/wp\/v2\/pages\/89014"}],"wp:attachment":[{"href":"https:\/\/devclinical.r-biopharm.com\/fr\/wp-json\/wp\/v2\/media?parent=89142"}],"curies":[{"name":"wp","href":"https:\/\/api.w.org\/{rel}","templated":true}]}}