{"id":89211,"date":"2015-10-05T11:44:21","date_gmt":"2015-10-05T09:44:21","guid":{"rendered":"https:\/\/clinical.r-biopharm.com\/indication\/infections-respiratoires\/"},"modified":"2019-07-08T15:30:55","modified_gmt":"2019-07-08T13:30:55","slug":"infections-respiratoires","status":"publish","type":"page","link":"https:\/\/devclinical.r-biopharm.com\/fr\/indication\/infections-respiratoires\/","title":{"rendered":"Infections respiratoires"},"content":{"rendered":"<div class=\"wpb-content-wrapper\">[mk_page_section padding_top=&#8221;30&#8243; padding_bottom=&#8221;30&#8243; sidebar=&#8221;sidebar-1&#8243;][vc_column width=&#8221;2\/3&#8243;][vc_column_text]<strong>Les agents pathog\u00e8nes respiratoires sont pr\u00e9sents partout dans le monde et provoquent des \u00e9pid\u00e9mies graves avec des sympt\u00f4mes s\u00e9v\u00e8res. Les infections des voies respiratoires touchent toutes les tranches d\u2019\u00e2ge et repr\u00e9sentent une cause consid\u00e9rable de mortalit\u00e9, en particulier chez les patients immunod\u00e9prim\u00e9s.<\/strong><\/p>\n<p>Selon les statistiques publi\u00e9es par l\u2019Union europ\u00e9enne, en 2012, 8\u00a0% des d\u00e9c\u00e8s ont \u00e9t\u00e9 caus\u00e9s par des maladies des voies respiratoires. Les agents pathog\u00e8nes peuvent correspondre \u00e0 toutes sortes de micro-organismes, alors que la plupart des infections sont provoqu\u00e9es par des virus. Les infections peuvent toucher la partie sup\u00e9rieure ou inf\u00e9rieure des voies respiratoires, bien que cette derni\u00e8re zone soit plus rarement affect\u00e9e mais g\u00e9n\u00e9ralement de fa\u00e7on plus s\u00e9v\u00e8re\u00a0:[\/vc_column_text][mk_custom_list style=&#8221;mk-moon-circle-small&#8221;]\n<ul>\n<li>Les infections des voies respiratoires sup\u00e9rieures (IRS) touchent le nez, les sinus, le pharynx et le larynx. Les infections les plus courantes incluent la grippe et le rhume.<\/li>\n<li>Les infections des voies respiratoires inf\u00e9rieures (IRI) touchent la trach\u00e9e, les voies a\u00e9riennes et les poumons. La pneumonie et la bronchite sont les formes les plus courantes d\u2019IRI. Les virus de la grippe peuvent provoquer des infections dans les voies respiratoires sup\u00e9rieures et inf\u00e9rieures. Les IRI sont plus fr\u00e9quentes chez les enfants.<\/li>\n<\/ul>\n[\/mk_custom_list][vc_column_text]De nombreux virus sont \u00e0 l\u2019origine de rhumes, \u00e0 l\u2019instar des ad\u00e9novirus, des coronavirus, des m\u00e9tapneumovirus humains (hMPV) et des rhinovirus, tandis que les rhinovirus causent principalement des rhumes saisonniers au printemps et \u00e0 l\u2019automne. La propagation des virus passe principalement par les s\u00e9cr\u00e9tions nasales provenant de personnes infect\u00e9es, qui contaminent leurs mains et qui sont ensuite transmises, par exemple, \u00e0 la bouche de personnes en bonne sant\u00e9. Les sympt\u00f4mes du rhume sont l\u00e9gers et disparaissent g\u00e9n\u00e9ralement en 4 \u00e0 10\u00a0jours.<\/p>\n<p>En revanche, les sympt\u00f4mes de la grippe sont diff\u00e9rents et g\u00e9n\u00e9ralement plus graves, notamment avec des maux de t\u00eate et des acc\u00e8s de fi\u00e8vre s\u00e9v\u00e8res. Il existe trois types diff\u00e9rents de virus de la grippe, avec de nombreuses souches diff\u00e9rentes. 95\u00a0% des cas de grippe sont dus \u00e0 des virus de la grippe de type\u00a0A et les souches \u00e0 l\u2019origine de nouvelles \u00e9pid\u00e9mies pr\u00e9sentent des s\u00e9quences variables, ce qui complique les vaccinations pr\u00e9ventives. Une \u00e9tude r\u00e9alis\u00e9e par un CDC a permis de conclure qu\u2019en moyenne, plus de 200\u00a0000\u00a0citoyens am\u00e9ricains sont hospitalis\u00e9s chaque ann\u00e9e en raison d\u2019infections par un virus de la grippe saisonnier.<\/p>\n<p>Chez les enfants, outre les virus pr\u00e9cit\u00e9s, les ent\u00e9rovirus et le virus respiratoire syncytial (RSV) sont \u00e9galement \u00e0 l\u2019origine d\u2019infections des voies respiratoires. Aux \u00c9tats-Unis, le RSV repr\u00e9sente plus de 50\u00a0000\u00a0hospitalisations d\u2019enfants de moins de 5\u00a0ans. Le hMPV pr\u00e9sente la m\u00eame caract\u00e9ristique saisonni\u00e8re que le RSV et repr\u00e9sente jusqu\u2019\u00e0 15\u00a0% des cas de bronchite chez les jeunes enfants et les enfants.[\/vc_column_text][\/vc_column][vc_column width=&#8221;1\/3&#8243;][vc_column_text margin_bottom=&#8221;20&#8243;]\n<h3 style=\"margin-bottom: 25px;\">Choisissez une technologie<\/h3>\n<div class=\"facetwp-facet facetwp-facet-technology_fselect facetwp-type-fselect\" data-name=\"technology_fselect\" data-type=\"fselect\"><\/div>[\/vc_column_text][vc_column_text margin_bottom=&#8221;20&#8243;]\n<h3 style=\"margin-bottom: 25px;\">Choisissez un domaine diagnostique<\/h3>\n<div class=\"facetwp-facet facetwp-facet-diagnostics_fselect facetwp-type-fselect\" data-name=\"diagnostics_fselect\" data-type=\"fselect\"><\/div>[\/vc_column_text][vc_column_text margin_bottom=&#8221;40&#8243;]\n<h3 style=\"margin-bottom: 25px;\">Choisissez votre test pour les infections respiratoires<\/h3>\n<div class=\"facetwp-template\" data-name=\"respiratory_infections\"><ul class=\"product_facets\"><\/ul><\/div>[\/vc_column_text][\/vc_column][\/mk_page_section][mk_page_section bg_color=&#8221;#f7f7f7&#8243; padding_top=&#8221;0&#8243; padding_bottom=&#8221;0&#8243; sidebar=&#8221;sidebar-1&#8243;][vc_column css=&#8221;.vc_custom_1469015765963{margin-top: 25px !important;padding-bottom: 5px !important;}&#8221;][vc_column_text margin_bottom=&#8221;20&#8243; css=&#8221;.vc_custom_1530189068441{margin-bottom: 20px !important;}&#8221;]\n<h2 class=\"knubbel\">Derni\u00e8res nouvelles<\/h2>\n[\/vc_column_text][mk_blog_carousel cat=&#8221;226&#8243;][\/vc_column][\/mk_page_section][mk_page_section bg_color=&#8221;#ffffff&#8221; padding_top=&#8221;0&#8243; sidebar=&#8221;sidebar-1&#8243;][vc_column css=&#8221;.vc_custom_1467042052405{margin-top: 40px !important;}&#8221;][vc_column_text margin_bottom=&#8221;20&#8243;]\n<h2 class=\"knubbel\">Vous pourriez \u00e9galement \u00eatre int\u00e9ress\u00e9 par<\/h2>\n[\/vc_column_text][vc_row_inner css=&#8221;.vc_custom_1468404266697{margin-bottom: 40px !important;}&#8221;][vc_column_inner width=&#8221;1\/3&#8243; css=&#8221;.vc_custom_1468416557833{padding-bottom: 10px !important;padding-left: 0px !important;}&#8221;][mk_flipbox_rb taxonomy=&#8221;indication&#8221; tag_indication=&#8221;respiratory-infections&#8221; min_height=&#8221;200&#8243; button_bg_color=&#8221;#4d4d4d&#8221; button_bg_hover_color=&#8221;#ffffff&#8221; button_text=&#8221;More&#8221;][\/vc_column_inner][vc_column_inner width=&#8221;1\/3&#8243; css=&#8221;.vc_custom_1468416552613{padding-right: 7.5px !important;padding-bottom: 10px !important;padding-left: 7.5px !important;}&#8221;][mk_flipbox_rb taxonomy=&#8221;indication&#8221; tag_indication=&#8221;respiratory-infections&#8221; offset=&#8221;1&#8243; min_height=&#8221;200&#8243; button_bg_color=&#8221;#4d4d4d&#8221; button_bg_hover_color=&#8221;#ffffff&#8221; button_text=&#8221;More&#8221;][\/vc_column_inner][vc_column_inner width=&#8221;1\/3&#8243; css=&#8221;.vc_custom_1468416547451{padding-right: 0px !important;padding-bottom: 10px !important;}&#8221;][mk_flipbox_rb taxonomy=&#8221;indication&#8221; tag_indication=&#8221;respiratory-infections&#8221; offset=&#8221;2&#8243; min_height=&#8221;200&#8243; button_bg_color=&#8221;#4d4d4d&#8221; button_bg_hover_color=&#8221;#ffffff&#8221; button_text=&#8221;More&#8221;][\/vc_column_inner][\/vc_row_inner][\/vc_column][\/mk_page_section][mk_page_section bg_color=&#8221;#f7f7f7&#8243; padding_top=&#8221;20&#8243; padding_bottom=&#8221;20&#8243; sidebar=&#8221;sidebar-1&#8243;][vc_column css=&#8221;.vc_custom_1468415774645{padding-top: 0px !important;padding-bottom: 0px !important;}&#8221;][vc_column_text disable_pattern=&#8221;false&#8221; align=&#8221;center&#8221;]\n<h2>Assistance sur les infections respiratoires<\/h2>\n<p>Des questions\u00a0? Profitez de l\u2019expertise de notre \u00e9quipe. Nous sommes l\u00e0 pour vous aider, vous et votre entreprise, et assurer votre succ\u00e8s tout au long du processus de test[\/vc_column_text][mk_button dimension=&#8221;flat&#8221; url=&#8221;\/fr\/contact\/&#8221; align=&#8221;center&#8221; margin_bottom=&#8221;&#8221; bg_color=&#8221;#4d4d4d&#8221; btn_hover_bg=&#8221;#ffffff&#8221; btn_hover_txt_color=&#8221;#4d4d4d&#8221;]Contactez-nous[\/mk_button][\/vc_column][\/mk_page_section]\n<\/div>","protected":false},"excerpt":{"rendered":"<p>[mk_page_section padding_top=&#8221;30&#8243; padding_bottom=&#8221;30&#8243; sidebar=&#8221;sidebar-1&#8243;][vc_column width=&#8221;2\/3&#8243;][vc_column_text]Les agents pathog\u00e8nes respiratoires sont pr\u00e9sents partout dans le monde et provoquent des \u00e9pid\u00e9mies graves avec des sympt\u00f4mes s\u00e9v\u00e8res. Les infections des voies respiratoires touchent toutes les tranches d\u2019\u00e2ge et repr\u00e9sentent une cause consid\u00e9rable de mortalit\u00e9, en particulier chez les patients immunod\u00e9prim\u00e9s. Selon les statistiques publi\u00e9es par l\u2019Union europ\u00e9enne, en 2012, [&hellip;]<\/p>\n","protected":false},"author":1,"featured_media":0,"parent":89046,"menu_order":0,"comment_status":"closed","ping_status":"closed","template":"","meta":{"content-type":"","_relevanssi_hide_post":"","_relevanssi_hide_content":"","_relevanssi_pin_for_all":"","_relevanssi_pin_keywords":"","_relevanssi_unpin_keywords":"","_relevanssi_related_keywords":"","_relevanssi_related_include_ids":"","_relevanssi_related_exclude_ids":"","_relevanssi_related_no_append":"","_relevanssi_related_not_related":"","_relevanssi_related_posts":"","_relevanssi_noindex_reason":"","footnotes":""},"acf":[],"yoast_head":"<!-- This site is optimized with the Yoast SEO plugin v21.9 - https:\/\/yoast.com\/wordpress\/plugins\/seo\/ -->\n<title>Infections respiratoires\u00a0: Diagnostic des infections des voies respiratoires<\/title>\n<meta name=\"description\" content=\"Les infections des voies respiratoires peuvent \u00eatre dues \u00e0 divers agents pathog\u00e8nes. Nous proposons des tests innovants pour un diagnostic fiable des infections respiratoires.\" \/>\n<meta name=\"robots\" content=\"noindex, follow, max-snippet:-1, max-image-preview:large, max-video-preview:-1\" \/>\n<meta property=\"og:locale\" content=\"fr_FR\" \/>\n<meta property=\"og:type\" content=\"article\" \/>\n<meta property=\"og:title\" content=\"Infections respiratoires\u00a0: Diagnostic des infections des voies respiratoires\" \/>\n<meta property=\"og:description\" content=\"Les infections des voies respiratoires peuvent \u00eatre dues \u00e0 divers agents pathog\u00e8nes. Nous proposons des tests innovants pour un diagnostic fiable des infections respiratoires.\" \/>\n<meta property=\"og:url\" content=\"https:\/\/devclinical.r-biopharm.com\/fr\/indication\/infections-respiratoires\/\" \/>\n<meta property=\"og:site_name\" content=\"\ud83d\udea8\ud83d\udea8\ud83d\udea8 Staging!!! Clinical Diagnostics \ud83d\udea8\ud83d\udea8\ud83d\udea8\" \/>\n<meta property=\"article:modified_time\" content=\"2019-07-08T13:30:55+00:00\" \/>\n<meta name=\"twitter:label1\" content=\"Est. reading time\" \/>\n\t<meta name=\"twitter:data1\" content=\"5 minutes\" \/>\n<script type=\"application\/ld+json\" class=\"yoast-schema-graph\">{\"@context\":\"https:\/\/schema.org\",\"@graph\":[{\"@type\":\"WebPage\",\"@id\":\"https:\/\/devclinical.r-biopharm.com\/fr\/indication\/infections-respiratoires\/\",\"url\":\"https:\/\/devclinical.r-biopharm.com\/fr\/indication\/infections-respiratoires\/\",\"name\":\"Infections respiratoires\u00a0: Diagnostic des infections des voies respiratoires\",\"isPartOf\":{\"@id\":\"https:\/\/devdevclinical.r-biopharm.com\/#website\"},\"datePublished\":\"2015-10-05T09:44:21+00:00\",\"dateModified\":\"2019-07-08T13:30:55+00:00\",\"description\":\"Les infections des voies respiratoires peuvent \u00eatre dues \u00e0 divers agents pathog\u00e8nes. Nous proposons des tests innovants pour un diagnostic fiable des infections respiratoires.\",\"breadcrumb\":{\"@id\":\"https:\/\/devclinical.r-biopharm.com\/fr\/indication\/infections-respiratoires\/#breadcrumb\"},\"inLanguage\":\"fr-FR\",\"potentialAction\":[{\"@type\":\"ReadAction\",\"target\":[\"https:\/\/devclinical.r-biopharm.com\/fr\/indication\/infections-respiratoires\/\"]}]},{\"@type\":\"BreadcrumbList\",\"@id\":\"https:\/\/devclinical.r-biopharm.com\/fr\/indication\/infections-respiratoires\/#breadcrumb\",\"itemListElement\":[{\"@type\":\"ListItem\",\"position\":1,\"name\":\"Home\",\"item\":\"https:\/\/devclinical.r-biopharm.com\/fr\/\"},{\"@type\":\"ListItem\",\"position\":2,\"name\":\"Indication\",\"item\":\"https:\/\/devclinical.r-biopharm.com\/fr\/indication\/\"},{\"@type\":\"ListItem\",\"position\":3,\"name\":\"Infections respiratoires\"}]},{\"@type\":\"WebSite\",\"@id\":\"https:\/\/devdevclinical.r-biopharm.com\/#website\",\"url\":\"https:\/\/devdevclinical.r-biopharm.com\/\",\"name\":\"\ud83d\udea8\ud83d\udea8\ud83d\udea8 Staging!!! Clinical Diagnostics \ud83d\udea8\ud83d\udea8\ud83d\udea8\",\"description\":\"A Division of the R-Biopharm Group\",\"potentialAction\":[{\"@type\":\"SearchAction\",\"target\":{\"@type\":\"EntryPoint\",\"urlTemplate\":\"https:\/\/devdevclinical.r-biopharm.com\/?s={search_term_string}\"},\"query-input\":\"required name=search_term_string\"}],\"inLanguage\":\"fr-FR\"}]}<\/script>\n<!-- \/ Yoast SEO plugin. -->","yoast_head_json":{"title":"Infections respiratoires\u00a0: Diagnostic des infections des voies respiratoires","description":"Les infections des voies respiratoires peuvent \u00eatre dues \u00e0 divers agents pathog\u00e8nes. Nous proposons des tests innovants pour un diagnostic fiable des infections respiratoires.","robots":{"index":"noindex","follow":"follow","max-snippet":"max-snippet:-1","max-image-preview":"max-image-preview:large","max-video-preview":"max-video-preview:-1"},"og_locale":"fr_FR","og_type":"article","og_title":"Infections respiratoires\u00a0: Diagnostic des infections des voies respiratoires","og_description":"Les infections des voies respiratoires peuvent \u00eatre dues \u00e0 divers agents pathog\u00e8nes. Nous proposons des tests innovants pour un diagnostic fiable des infections respiratoires.","og_url":"https:\/\/devclinical.r-biopharm.com\/fr\/indication\/infections-respiratoires\/","og_site_name":"\ud83d\udea8\ud83d\udea8\ud83d\udea8 Staging!!! Clinical Diagnostics \ud83d\udea8\ud83d\udea8\ud83d\udea8","article_modified_time":"2019-07-08T13:30:55+00:00","twitter_misc":{"Est. reading time":"5 minutes"},"schema":{"@context":"https:\/\/schema.org","@graph":[{"@type":"WebPage","@id":"https:\/\/devclinical.r-biopharm.com\/fr\/indication\/infections-respiratoires\/","url":"https:\/\/devclinical.r-biopharm.com\/fr\/indication\/infections-respiratoires\/","name":"Infections respiratoires\u00a0: Diagnostic des infections des voies respiratoires","isPartOf":{"@id":"https:\/\/devdevclinical.r-biopharm.com\/#website"},"datePublished":"2015-10-05T09:44:21+00:00","dateModified":"2019-07-08T13:30:55+00:00","description":"Les infections des voies respiratoires peuvent \u00eatre dues \u00e0 divers agents pathog\u00e8nes. Nous proposons des tests innovants pour un diagnostic fiable des infections respiratoires.","breadcrumb":{"@id":"https:\/\/devclinical.r-biopharm.com\/fr\/indication\/infections-respiratoires\/#breadcrumb"},"inLanguage":"fr-FR","potentialAction":[{"@type":"ReadAction","target":["https:\/\/devclinical.r-biopharm.com\/fr\/indication\/infections-respiratoires\/"]}]},{"@type":"BreadcrumbList","@id":"https:\/\/devclinical.r-biopharm.com\/fr\/indication\/infections-respiratoires\/#breadcrumb","itemListElement":[{"@type":"ListItem","position":1,"name":"Home","item":"https:\/\/devclinical.r-biopharm.com\/fr\/"},{"@type":"ListItem","position":2,"name":"Indication","item":"https:\/\/devclinical.r-biopharm.com\/fr\/indication\/"},{"@type":"ListItem","position":3,"name":"Infections respiratoires"}]},{"@type":"WebSite","@id":"https:\/\/devdevclinical.r-biopharm.com\/#website","url":"https:\/\/devdevclinical.r-biopharm.com\/","name":"\ud83d\udea8\ud83d\udea8\ud83d\udea8 Staging!!! Clinical Diagnostics \ud83d\udea8\ud83d\udea8\ud83d\udea8","description":"A Division of the R-Biopharm Group","potentialAction":[{"@type":"SearchAction","target":{"@type":"EntryPoint","urlTemplate":"https:\/\/devdevclinical.r-biopharm.com\/?s={search_term_string}"},"query-input":"required name=search_term_string"}],"inLanguage":"fr-FR"}]}},"_links":{"self":[{"href":"https:\/\/devclinical.r-biopharm.com\/fr\/wp-json\/wp\/v2\/pages\/89211"}],"collection":[{"href":"https:\/\/devclinical.r-biopharm.com\/fr\/wp-json\/wp\/v2\/pages"}],"about":[{"href":"https:\/\/devclinical.r-biopharm.com\/fr\/wp-json\/wp\/v2\/types\/page"}],"author":[{"embeddable":true,"href":"https:\/\/devclinical.r-biopharm.com\/fr\/wp-json\/wp\/v2\/users\/1"}],"replies":[{"embeddable":true,"href":"https:\/\/devclinical.r-biopharm.com\/fr\/wp-json\/wp\/v2\/comments?post=89211"}],"version-history":[{"count":15,"href":"https:\/\/devclinical.r-biopharm.com\/fr\/wp-json\/wp\/v2\/pages\/89211\/revisions"}],"predecessor-version":[{"id":97401,"href":"https:\/\/devclinical.r-biopharm.com\/fr\/wp-json\/wp\/v2\/pages\/89211\/revisions\/97401"}],"up":[{"embeddable":true,"href":"https:\/\/devclinical.r-biopharm.com\/fr\/wp-json\/wp\/v2\/pages\/89046"}],"wp:attachment":[{"href":"https:\/\/devclinical.r-biopharm.com\/fr\/wp-json\/wp\/v2\/media?parent=89211"}],"curies":[{"name":"wp","href":"https:\/\/api.w.org\/{rel}","templated":true}]}}