{"id":89212,"date":"2015-10-05T11:55:38","date_gmt":"2015-10-05T09:55:38","guid":{"rendered":"https:\/\/clinical.r-biopharm.com\/diagnostics\/bacteriologie\/"},"modified":"2019-07-08T10:05:54","modified_gmt":"2019-07-08T08:05:54","slug":"bacteriologie","status":"publish","type":"page","link":"https:\/\/devclinical.r-biopharm.com\/fr\/diagnostics\/bacteriologie\/","title":{"rendered":"Bact\u00e9riologie"},"content":{"rendered":"<div class=\"wpb-content-wrapper\">[mk_page_section padding_top=&#8221;30&#8243; padding_bottom=&#8221;30&#8243; sidebar=&#8221;sidebar-1&#8243;][vc_column width=&#8221;2\/3&#8243;][vc_column_text]<strong>Les maladies transmissibles restent la cause de d\u00e9c\u00e8s la plus courante dans les \u00e9conomies \u00e9mergentes et un probl\u00e8me de sant\u00e9 cons\u00e9quent dans les pays d\u00e9velopp\u00e9s.<\/strong><\/p>\n<p>Les services de sant\u00e9 sont confront\u00e9s \u00e0 un d\u00e9fi de taille en termes de diagnostic et de traitement des maladies infectieuses. L\u2019utilisation efficace de diverses solutions diagnostiques peut am\u00e9liorer consid\u00e9rablement la d\u00e9tection et le contr\u00f4le des maladies infectieuses provoqu\u00e9es par des bact\u00e9ries. La proc\u00e9dure en laboratoire doit garantir que les informations issues du test diagnostique soient fiables et produites en temps opportun.<\/p>\n<h3 class=\"knubbel\">Des solutions diagnostiques en mati\u00e8re de bact\u00e9riologie clinique<\/h3>\n<p>Si la culture de milieu reste la m\u00e9thode la plus utilis\u00e9e en bact\u00e9riologie clinique, on constate une augmentation du nombre de laboratoires de bact\u00e9riologie diagnostique qui int\u00e8grent des kits de Diagnostics in Vitro (IVD) dans leurs proc\u00e9dures. Ces solutions agr\u00e9\u00e9es, fiables et rapides permettent d\u2019accomplir des progr\u00e8s cons\u00e9quents par rapport \u00e0 la m\u00e9thode de culture qui n\u00e9cessite un travail et un temps non n\u00e9gligeables, notamment pour \u00eatre performant en termes de sp\u00e9cificit\u00e9 et de sensibilit\u00e9.<\/p>\n<p>La gamme de tests bact\u00e9riologiques de R-Biopharm offre une large panoplie de solutions qui r\u00e9pondent aux besoins diagnostiques des laboratoires de toutes envergures. Les technologies disponibles sont les suivantes\u00a0:[\/vc_column_text][mk_custom_list style=&#8221;mk-moon-circle-small&#8221;]\n<ul>\n<li>Tests PCR en temps r\u00e9el adapt\u00e9s aux instruments de PCR en temps r\u00e9el les plus souvent utilis\u00e9s<\/li>\n<li>Dosages immunoenzymatiques agr\u00e9\u00e9s pour les plates-formes d\u2019automatisation<\/li>\n<li>Tests rapides sous forme de cassettes<\/li>\n<li>Micropuces<\/li>\n<li>Tests par immunofluorescence (IFA)<\/li>\n<\/ul>\n[\/mk_custom_list][vc_column_text]Vous pouvez faire votre choix parmi divers tests adapt\u00e9s \u00e0 un large \u00e9ventail de param\u00e8tres, y compris <em>Legionella<\/em>, Mycoplasma, <em>Bordetella<\/em> et <em>Clostridium difficile<\/em>.[\/vc_column_text][\/vc_column][vc_column width=&#8221;1\/3&#8243;][vc_column_text margin_bottom=&#8221;20&#8243;]\n<h3 style=\"margin-bottom: 25px;\">Choisissez une indication<\/h3>\n<div class=\"facetwp-facet facetwp-facet-indication_fselect facetwp-type-fselect\" data-name=\"indication_fselect\" data-type=\"fselect\"><\/div>[\/vc_column_text][vc_column_text margin_bottom=&#8221;20&#8243;]\n<h3 style=\"margin-bottom: 25px;\">Choisissez une technologie<\/h3>\n<div class=\"facetwp-facet facetwp-facet-technology_fselect facetwp-type-fselect\" data-name=\"technology_fselect\" data-type=\"fselect\"><\/div>[\/vc_column_text][vc_column_text margin_bottom=&#8221;40&#8243;]\n<h3 style=\"margin-bottom: 25px;\">Choisissez votre test pour vos diagnostics en bact\u00e9riologie<\/h3>\n<div class=\"facetwp-template\" data-name=\"bacteriology\"><ul class=\"product_facets\"><\/ul><\/div>[\/vc_column_text][\/vc_column][\/mk_page_section][mk_page_section bg_color=&#8221;#f7f7f7&#8243; padding_top=&#8221;0&#8243; padding_bottom=&#8221;0&#8243; sidebar=&#8221;sidebar-1&#8243;][vc_column css=&#8221;.vc_custom_1469015765963{margin-top: 25px !important;padding-bottom: 5px !important;}&#8221;][vc_column_text margin_bottom=&#8221;20&#8243; css=&#8221;.vc_custom_1530188338450{margin-bottom: 20px !important;}&#8221;]\n<h2 class=\"knubbel\">Derni\u00e8res nouvelles<\/h2>\n[\/vc_column_text][mk_blog_carousel cat=&#8221;215&#8243;][\/vc_column][\/mk_page_section][mk_page_section bg_color=&#8221;#ffffff&#8221; padding_top=&#8221;0&#8243; sidebar=&#8221;sidebar-1&#8243;][vc_column css=&#8221;.vc_custom_1467042052405{margin-top: 40px !important;}&#8221;][vc_column_text margin_bottom=&#8221;20&#8243;]\n<h2 class=\"knubbel\">Vous pourriez \u00e9galement \u00eatre int\u00e9ress\u00e9 par<\/h2>\n[\/vc_column_text][vc_row_inner css=&#8221;.vc_custom_1468404266697{margin-bottom: 40px !important;}&#8221;][vc_column_inner width=&#8221;1\/3&#8243; css=&#8221;.vc_custom_1468416557833{padding-bottom: 10px !important;padding-left: 0px !important;}&#8221;][mk_flipbox_rb taxonomy=&#8221;diagnostic&#8221; tag_diagnostics=&#8221;bacteriology&#8221; min_height=&#8221;200&#8243; button_bg_color=&#8221;#4d4d4d&#8221; button_bg_hover_color=&#8221;#ffffff&#8221; button_text=&#8221;More&#8221;][\/vc_column_inner][vc_column_inner width=&#8221;1\/3&#8243; css=&#8221;.vc_custom_1468416552613{padding-right: 7.5px !important;padding-bottom: 10px !important;padding-left: 7.5px !important;}&#8221;][mk_flipbox_rb taxonomy=&#8221;diagnostic&#8221; tag_diagnostics=&#8221;bacteriology&#8221; offset=&#8221;1&#8243; min_height=&#8221;200&#8243; button_bg_color=&#8221;#4d4d4d&#8221; button_bg_hover_color=&#8221;#ffffff&#8221; button_text=&#8221;More&#8221;][\/vc_column_inner][vc_column_inner width=&#8221;1\/3&#8243; css=&#8221;.vc_custom_1468416547451{padding-right: 0px !important;padding-bottom: 10px !important;}&#8221;][mk_flipbox_rb taxonomy=&#8221;diagnostic&#8221; tag_diagnostics=&#8221;bacteriology&#8221; offset=&#8221;2&#8243; min_height=&#8221;200&#8243; button_bg_color=&#8221;#4d4d4d&#8221; button_bg_hover_color=&#8221;#ffffff&#8221; button_text=&#8221;More&#8221;][\/vc_column_inner][\/vc_row_inner][\/vc_column][\/mk_page_section][mk_page_section bg_color=&#8221;#f7f7f7&#8243; padding_top=&#8221;20&#8243; padding_bottom=&#8221;20&#8243; sidebar=&#8221;sidebar-1&#8243;][vc_column css=&#8221;.vc_custom_1468415774645{padding-top: 0px !important;padding-bottom: 0px !important;}&#8221;][vc_column_text disable_pattern=&#8221;false&#8221; align=&#8221;center&#8221;]\n<h2>Assistance sur la bact\u00e9riologie<\/h2>\n<p>Des questions\u00a0? Profitez de l\u2019expertise de notre \u00e9quipe. Nous sommes l\u00e0 pour vous aider, vous et votre entreprise, et assurer votre succ\u00e8s tout au long du processus de test[\/vc_column_text][mk_button dimension=&#8221;flat&#8221; url=&#8221;\/fr\/contact\/&#8221; align=&#8221;center&#8221; margin_bottom=&#8221;&#8221; bg_color=&#8221;#4d4d4d&#8221; btn_hover_bg=&#8221;#ffffff&#8221; btn_hover_txt_color=&#8221;#4d4d4d&#8221;]Contactez-nous[\/mk_button][\/vc_column][\/mk_page_section]\n<\/div>","protected":false},"excerpt":{"rendered":"<p>[mk_page_section padding_top=&#8221;30&#8243; padding_bottom=&#8221;30&#8243; sidebar=&#8221;sidebar-1&#8243;][vc_column width=&#8221;2\/3&#8243;][vc_column_text]Les maladies transmissibles restent la cause de d\u00e9c\u00e8s la plus courante dans les \u00e9conomies \u00e9mergentes et un probl\u00e8me de sant\u00e9 cons\u00e9quent dans les pays d\u00e9velopp\u00e9s. Les services de sant\u00e9 sont confront\u00e9s \u00e0 un d\u00e9fi de taille en termes de diagnostic et de traitement des maladies infectieuses. L\u2019utilisation efficace de diverses solutions [&hellip;]<\/p>\n","protected":false},"author":1,"featured_media":0,"parent":89014,"menu_order":0,"comment_status":"closed","ping_status":"closed","template":"","meta":{"content-type":"","_relevanssi_hide_post":"","_relevanssi_hide_content":"","_relevanssi_pin_for_all":"","_relevanssi_pin_keywords":"","_relevanssi_unpin_keywords":"","_relevanssi_related_keywords":"","_relevanssi_related_include_ids":"","_relevanssi_related_exclude_ids":"","_relevanssi_related_no_append":"","_relevanssi_related_not_related":"","_relevanssi_related_posts":"","_relevanssi_noindex_reason":"","footnotes":""},"acf":[],"yoast_head":"<!-- This site is optimized with the Yoast SEO plugin v21.9 - https:\/\/yoast.com\/wordpress\/plugins\/seo\/ -->\n<title>Bact\u00e9riologie\u00a0: tests pour le diagnostic des infections bact\u00e9riennes<\/title>\n<meta name=\"description\" content=\"Les bact\u00e9ries sont une cause majeure d\u2019infections. Nous proposons des solutions innovantes en mati\u00e8re de bact\u00e9riologie clinique. Consultez notre gamme d\u00e9di\u00e9e au diagnostic des infections bact\u00e9riennes.\" \/>\n<meta name=\"robots\" content=\"noindex, follow, max-snippet:-1, max-image-preview:large, max-video-preview:-1\" \/>\n<meta property=\"og:locale\" content=\"fr_FR\" \/>\n<meta property=\"og:type\" content=\"article\" \/>\n<meta property=\"og:title\" content=\"Bact\u00e9riologie\u00a0: tests pour le diagnostic des infections bact\u00e9riennes\" \/>\n<meta property=\"og:description\" content=\"Les bact\u00e9ries sont une cause majeure d\u2019infections. Nous proposons des solutions innovantes en mati\u00e8re de bact\u00e9riologie clinique. Consultez notre gamme d\u00e9di\u00e9e au diagnostic des infections bact\u00e9riennes.\" \/>\n<meta property=\"og:url\" content=\"https:\/\/devclinical.r-biopharm.com\/fr\/diagnostics\/bacteriologie\/\" \/>\n<meta property=\"og:site_name\" content=\"\ud83d\udea8\ud83d\udea8\ud83d\udea8 Staging!!! Clinical Diagnostics \ud83d\udea8\ud83d\udea8\ud83d\udea8\" \/>\n<meta property=\"article:modified_time\" content=\"2019-07-08T08:05:54+00:00\" \/>\n<meta name=\"twitter:label1\" content=\"Est. reading time\" \/>\n\t<meta name=\"twitter:data1\" content=\"4 minutes\" \/>\n<script type=\"application\/ld+json\" class=\"yoast-schema-graph\">{\"@context\":\"https:\/\/schema.org\",\"@graph\":[{\"@type\":\"WebPage\",\"@id\":\"https:\/\/devclinical.r-biopharm.com\/fr\/diagnostics\/bacteriologie\/\",\"url\":\"https:\/\/devclinical.r-biopharm.com\/fr\/diagnostics\/bacteriologie\/\",\"name\":\"Bact\u00e9riologie\u00a0: tests pour le diagnostic des infections bact\u00e9riennes\",\"isPartOf\":{\"@id\":\"https:\/\/devdevclinical.r-biopharm.com\/#website\"},\"datePublished\":\"2015-10-05T09:55:38+00:00\",\"dateModified\":\"2019-07-08T08:05:54+00:00\",\"description\":\"Les bact\u00e9ries sont une cause majeure d\u2019infections. Nous proposons des solutions innovantes en mati\u00e8re de bact\u00e9riologie clinique. Consultez notre gamme d\u00e9di\u00e9e au diagnostic des infections bact\u00e9riennes.\",\"breadcrumb\":{\"@id\":\"https:\/\/devclinical.r-biopharm.com\/fr\/diagnostics\/bacteriologie\/#breadcrumb\"},\"inLanguage\":\"fr-FR\",\"potentialAction\":[{\"@type\":\"ReadAction\",\"target\":[\"https:\/\/devclinical.r-biopharm.com\/fr\/diagnostics\/bacteriologie\/\"]}]},{\"@type\":\"BreadcrumbList\",\"@id\":\"https:\/\/devclinical.r-biopharm.com\/fr\/diagnostics\/bacteriologie\/#breadcrumb\",\"itemListElement\":[{\"@type\":\"ListItem\",\"position\":1,\"name\":\"Home\",\"item\":\"https:\/\/devclinical.r-biopharm.com\/fr\/\"},{\"@type\":\"ListItem\",\"position\":2,\"name\":\"Diagnostics\",\"item\":\"https:\/\/devclinical.r-biopharm.com\/fr\/diagnostics\/\"},{\"@type\":\"ListItem\",\"position\":3,\"name\":\"Bact\u00e9riologie\"}]},{\"@type\":\"WebSite\",\"@id\":\"https:\/\/devdevclinical.r-biopharm.com\/#website\",\"url\":\"https:\/\/devdevclinical.r-biopharm.com\/\",\"name\":\"\ud83d\udea8\ud83d\udea8\ud83d\udea8 Staging!!! Clinical Diagnostics \ud83d\udea8\ud83d\udea8\ud83d\udea8\",\"description\":\"A Division of the R-Biopharm Group\",\"potentialAction\":[{\"@type\":\"SearchAction\",\"target\":{\"@type\":\"EntryPoint\",\"urlTemplate\":\"https:\/\/devdevclinical.r-biopharm.com\/?s={search_term_string}\"},\"query-input\":\"required name=search_term_string\"}],\"inLanguage\":\"fr-FR\"}]}<\/script>\n<!-- \/ Yoast SEO plugin. -->","yoast_head_json":{"title":"Bact\u00e9riologie\u00a0: tests pour le diagnostic des infections bact\u00e9riennes","description":"Les bact\u00e9ries sont une cause majeure d\u2019infections. Nous proposons des solutions innovantes en mati\u00e8re de bact\u00e9riologie clinique. Consultez notre gamme d\u00e9di\u00e9e au diagnostic des infections bact\u00e9riennes.","robots":{"index":"noindex","follow":"follow","max-snippet":"max-snippet:-1","max-image-preview":"max-image-preview:large","max-video-preview":"max-video-preview:-1"},"og_locale":"fr_FR","og_type":"article","og_title":"Bact\u00e9riologie\u00a0: tests pour le diagnostic des infections bact\u00e9riennes","og_description":"Les bact\u00e9ries sont une cause majeure d\u2019infections. Nous proposons des solutions innovantes en mati\u00e8re de bact\u00e9riologie clinique. Consultez notre gamme d\u00e9di\u00e9e au diagnostic des infections bact\u00e9riennes.","og_url":"https:\/\/devclinical.r-biopharm.com\/fr\/diagnostics\/bacteriologie\/","og_site_name":"\ud83d\udea8\ud83d\udea8\ud83d\udea8 Staging!!! Clinical Diagnostics \ud83d\udea8\ud83d\udea8\ud83d\udea8","article_modified_time":"2019-07-08T08:05:54+00:00","twitter_misc":{"Est. reading time":"4 minutes"},"schema":{"@context":"https:\/\/schema.org","@graph":[{"@type":"WebPage","@id":"https:\/\/devclinical.r-biopharm.com\/fr\/diagnostics\/bacteriologie\/","url":"https:\/\/devclinical.r-biopharm.com\/fr\/diagnostics\/bacteriologie\/","name":"Bact\u00e9riologie\u00a0: tests pour le diagnostic des infections bact\u00e9riennes","isPartOf":{"@id":"https:\/\/devdevclinical.r-biopharm.com\/#website"},"datePublished":"2015-10-05T09:55:38+00:00","dateModified":"2019-07-08T08:05:54+00:00","description":"Les bact\u00e9ries sont une cause majeure d\u2019infections. Nous proposons des solutions innovantes en mati\u00e8re de bact\u00e9riologie clinique. Consultez notre gamme d\u00e9di\u00e9e au diagnostic des infections bact\u00e9riennes.","breadcrumb":{"@id":"https:\/\/devclinical.r-biopharm.com\/fr\/diagnostics\/bacteriologie\/#breadcrumb"},"inLanguage":"fr-FR","potentialAction":[{"@type":"ReadAction","target":["https:\/\/devclinical.r-biopharm.com\/fr\/diagnostics\/bacteriologie\/"]}]},{"@type":"BreadcrumbList","@id":"https:\/\/devclinical.r-biopharm.com\/fr\/diagnostics\/bacteriologie\/#breadcrumb","itemListElement":[{"@type":"ListItem","position":1,"name":"Home","item":"https:\/\/devclinical.r-biopharm.com\/fr\/"},{"@type":"ListItem","position":2,"name":"Diagnostics","item":"https:\/\/devclinical.r-biopharm.com\/fr\/diagnostics\/"},{"@type":"ListItem","position":3,"name":"Bact\u00e9riologie"}]},{"@type":"WebSite","@id":"https:\/\/devdevclinical.r-biopharm.com\/#website","url":"https:\/\/devdevclinical.r-biopharm.com\/","name":"\ud83d\udea8\ud83d\udea8\ud83d\udea8 Staging!!! Clinical Diagnostics \ud83d\udea8\ud83d\udea8\ud83d\udea8","description":"A Division of the R-Biopharm Group","potentialAction":[{"@type":"SearchAction","target":{"@type":"EntryPoint","urlTemplate":"https:\/\/devdevclinical.r-biopharm.com\/?s={search_term_string}"},"query-input":"required name=search_term_string"}],"inLanguage":"fr-FR"}]}},"_links":{"self":[{"href":"https:\/\/devclinical.r-biopharm.com\/fr\/wp-json\/wp\/v2\/pages\/89212"}],"collection":[{"href":"https:\/\/devclinical.r-biopharm.com\/fr\/wp-json\/wp\/v2\/pages"}],"about":[{"href":"https:\/\/devclinical.r-biopharm.com\/fr\/wp-json\/wp\/v2\/types\/page"}],"author":[{"embeddable":true,"href":"https:\/\/devclinical.r-biopharm.com\/fr\/wp-json\/wp\/v2\/users\/1"}],"replies":[{"embeddable":true,"href":"https:\/\/devclinical.r-biopharm.com\/fr\/wp-json\/wp\/v2\/comments?post=89212"}],"version-history":[{"count":16,"href":"https:\/\/devclinical.r-biopharm.com\/fr\/wp-json\/wp\/v2\/pages\/89212\/revisions"}],"predecessor-version":[{"id":97341,"href":"https:\/\/devclinical.r-biopharm.com\/fr\/wp-json\/wp\/v2\/pages\/89212\/revisions\/97341"}],"up":[{"embeddable":true,"href":"https:\/\/devclinical.r-biopharm.com\/fr\/wp-json\/wp\/v2\/pages\/89014"}],"wp:attachment":[{"href":"https:\/\/devclinical.r-biopharm.com\/fr\/wp-json\/wp\/v2\/media?parent=89212"}],"curies":[{"name":"wp","href":"https:\/\/api.w.org\/{rel}","templated":true}]}}