{"id":89235,"date":"2016-08-16T08:24:27","date_gmt":"2016-08-16T06:24:27","guid":{"rendered":"https:\/\/clinical.r-biopharm.com\/technologies\/tests-dimmunoblot\/"},"modified":"2018-06-28T14:42:00","modified_gmt":"2018-06-28T12:42:00","slug":"tests-dimmunoblot","status":"publish","type":"page","link":"https:\/\/devclinical.r-biopharm.com\/fr\/technologies\/tests-dimmunoblot\/","title":{"rendered":"Tests d\u2019immunoblot"},"content":{"rendered":"<div class=\"wpb-content-wrapper\">[mk_page_section padding_top=&#8221;30&#8243; padding_bottom=&#8221;30&#8243; sidebar=&#8221;sidebar-1&#8243;][vc_column width=&#8221;2\/3&#8243;][vc_column_text]<strong>Les immunoblots constituent une m\u00e9thode pratique de d\u00e9tection des anticorps. R-Biopharm fabrique divers formats d\u2019immunoblot qui permettent de diagnostiquer de mani\u00e8re fiable des allergies ou des maladies infectieuses par la d\u00e9tection d\u2019anticorps sp\u00e9cifiques pr\u00e9sents dans le sang des patients.<\/strong><\/p>\n<p>Les tests d\u2019immunoblot sont des tests immunoenzymatiques sur une membrane de nitrocellulose (l\u2019immunoblot). Les mol\u00e9cules purifi\u00e9es, par exemple des antig\u00e8nes pathog\u00e8nes ou des allerg\u00e8nes individuels, sont immobilis\u00e9es en lignes ind\u00e9pendantes en fonction du produit propos\u00e9. Si des anticorps sp\u00e9cifiques aux cibles immobilis\u00e9es sont pr\u00e9sents dans l\u2019\u00e9chantillon, ils se lient \u00e0 la mol\u00e9cule sur la membrane. Ils sont ensuite d\u00e9tect\u00e9s \u00e0 l\u2019aide du principe d\u2019interaction entre biotine et streptavidine. Par cons\u00e9quent, les bandes de couleur visibles indiquent un r\u00e9sultat positif.<\/p>\n<p>Dans le cas des diagnostics s\u00e9rologiques, le test d\u2019immunoblot doit \u00eatre utilis\u00e9 pour confirmer des r\u00e9sultats positifs ou clarifier des r\u00e9sultats impr\u00e9cis obtenus avec d\u2019autres m\u00e9thodes s\u00e9rologiques.<\/p>\n<p>Tous les immunoblots RIDA\u00ae pour diagnostic clinique de R-Biopharm portent un marquage CE.[\/vc_column_text][\/vc_column][vc_column width=&#8221;1\/3&#8243;][vc_column_text margin_bottom=&#8221;20&#8243;]\n<h3 style=\"margin-bottom: 25px;\">Choisissez une indication<\/h3>\n<div class=\"facetwp-facet facetwp-facet-indication_fselect facetwp-type-fselect\" data-name=\"indication_fselect\" data-type=\"fselect\"><\/div>[\/vc_column_text][vc_column_text margin_bottom=&#8221;20&#8243;]\n<h3 style=\"margin-bottom: 25px;\">Choisissez un domaine diagnostique<\/h3>\n<div class=\"facetwp-facet facetwp-facet-diagnostics_fselect facetwp-type-fselect\" data-name=\"diagnostics_fselect\" data-type=\"fselect\"><\/div>[\/vc_column_text][vc_column_text margin_bottom=&#8221;40&#8243;]\n<h3 style=\"margin-bottom: 25px;\">Choisissez votre produit d\u2019immunoblot<\/h3>\n<div class=\"facetwp-template\" data-name=\"blots\"><ul class=\"product_facets\"><\/ul><\/div>[\/vc_column_text][\/vc_column][\/mk_page_section][mk_page_section bg_color=&#8221;#f7f7f7&#8243; padding_top=&#8221;0&#8243; padding_bottom=&#8221;0&#8243; sidebar=&#8221;sidebar-1&#8243;][vc_column css=&#8221;.vc_custom_1469015765963{margin-top: 25px !important;padding-bottom: 5px !important;}&#8221;][vc_column_text margin_bottom=&#8221;20&#8243; css=&#8221;.vc_custom_1530189717251{margin-bottom: 20px !important;}&#8221;]\n<h2 class=\"knubbel\">Derni\u00e8res nouvelles<\/h2>\n[\/vc_column_text][mk_blog_carousel cat=&#8221;231&#8243;][\/vc_column][\/mk_page_section][mk_page_section bg_color=&#8221;#ffffff&#8221; padding_top=&#8221;0&#8243; sidebar=&#8221;sidebar-1&#8243;][vc_column css=&#8221;.vc_custom_1467042052405{margin-top: 40px !important;}&#8221;][vc_column_text margin_bottom=&#8221;20&#8243;]\n<h2 class=\"knubbel\">Vous pourriez \u00e9galement \u00eatre int\u00e9ress\u00e9 par<\/h2>\n[\/vc_column_text][vc_row_inner css=&#8221;.vc_custom_1468404266697{margin-bottom: 40px !important;}&#8221;][vc_column_inner width=&#8221;1\/3&#8243; css=&#8221;.vc_custom_1468416557833{padding-bottom: 10px !important;padding-left: 0px !important;}&#8221;][mk_flipbox_rb taxonomy=&#8221;technology&#8221; tag_technology=&#8221;blot&#8221; min_height=&#8221;200&#8243; button_bg_color=&#8221;#4d4d4d&#8221; button_bg_hover_color=&#8221;#ffffff&#8221; button_text=&#8221;More&#8221;][\/vc_column_inner][vc_column_inner width=&#8221;1\/3&#8243; css=&#8221;.vc_custom_1468416552613{padding-right: 7.5px !important;padding-bottom: 10px !important;padding-left: 7.5px !important;}&#8221;][mk_flipbox_rb taxonomy=&#8221;technology&#8221; tag_technology=&#8221;blot&#8221; offset=&#8221;1&#8243; min_height=&#8221;200&#8243; button_bg_color=&#8221;#4d4d4d&#8221; button_bg_hover_color=&#8221;#ffffff&#8221; button_text=&#8221;More&#8221;][\/vc_column_inner][vc_column_inner width=&#8221;1\/3&#8243; css=&#8221;.vc_custom_1468416547451{padding-right: 0px !important;padding-bottom: 10px !important;}&#8221;][mk_flipbox_rb taxonomy=&#8221;technology&#8221; tag_technology=&#8221;blot&#8221; offset=&#8221;2&#8243; min_height=&#8221;200&#8243; button_bg_color=&#8221;#4d4d4d&#8221; button_bg_hover_color=&#8221;#ffffff&#8221; button_text=&#8221;More&#8221;][\/vc_column_inner][\/vc_row_inner][\/vc_column][\/mk_page_section][mk_page_section bg_color=&#8221;#f7f7f7&#8243; padding_top=&#8221;20&#8243; padding_bottom=&#8221;20&#8243; sidebar=&#8221;sidebar-1&#8243;][vc_column css=&#8221;.vc_custom_1468415774645{padding-top: 0px !important;padding-bottom: 0px !important;}&#8221;][vc_column_text disable_pattern=&#8221;false&#8221; align=&#8221;center&#8221;]\n<h2>Assistance technique pour les tests d\u2019immunoblot<\/h2>\n<p>Des questions\u00a0? Profitez de l\u2019expertise de notre \u00e9quipe. Nous sommes l\u00e0 pour vous aider, vous et votre entreprise, et assurer votre succ\u00e8s tout au long du processus de test[\/vc_column_text][mk_button dimension=&#8221;flat&#8221; url=&#8221;\/fr\/contact\/&#8221; align=&#8221;center&#8221; margin_bottom=&#8221;&#8221; bg_color=&#8221;#4d4d4d&#8221; btn_hover_bg=&#8221;#ffffff&#8221; btn_hover_txt_color=&#8221;#4d4d4d&#8221;]Contactez-nous[\/mk_button][\/vc_column][\/mk_page_section]\n<\/div>","protected":false},"excerpt":{"rendered":"<p>[mk_page_section padding_top=&#8221;30&#8243; padding_bottom=&#8221;30&#8243; sidebar=&#8221;sidebar-1&#8243;][vc_column width=&#8221;2\/3&#8243;][vc_column_text]Les immunoblots constituent une m\u00e9thode pratique de d\u00e9tection des anticorps. R-Biopharm fabrique divers formats d\u2019immunoblot qui permettent de diagnostiquer de mani\u00e8re fiable des allergies ou des maladies infectieuses par la d\u00e9tection d\u2019anticorps sp\u00e9cifiques pr\u00e9sents dans le sang des patients. Les tests d\u2019immunoblot sont des tests immunoenzymatiques sur une membrane de nitrocellulose [&hellip;]<\/p>\n","protected":false},"author":1,"featured_media":0,"parent":89047,"menu_order":0,"comment_status":"closed","ping_status":"closed","template":"","meta":{"content-type":"","_relevanssi_hide_post":"","_relevanssi_hide_content":"","_relevanssi_pin_for_all":"","_relevanssi_pin_keywords":"","_relevanssi_unpin_keywords":"","_relevanssi_related_keywords":"","_relevanssi_related_include_ids":"","_relevanssi_related_exclude_ids":"","_relevanssi_related_no_append":"","_relevanssi_related_not_related":"","_relevanssi_related_posts":"","_relevanssi_noindex_reason":"","footnotes":""},"acf":[],"yoast_head":"<!-- This site is optimized with the Yoast SEO plugin v21.9 - https:\/\/yoast.com\/wordpress\/plugins\/seo\/ -->\n<title>Immunoblot\u00a0: Un moyen pratique de d\u00e9tecter les anticorps \u00e0 des fins de diagnostic clinique<\/title>\n<meta name=\"description\" content=\"Pr\u00e9cis et fiables, les tests d\u2019immunoblot ont diverses applications dans le domaine du diagnostic clinique. Retrouvez tous les tests d\u2019immunoblot de R-Biopharm ici.\" \/>\n<meta name=\"robots\" content=\"noindex, follow, max-snippet:-1, max-image-preview:large, max-video-preview:-1\" \/>\n<meta property=\"og:locale\" content=\"fr_FR\" \/>\n<meta property=\"og:type\" content=\"article\" \/>\n<meta property=\"og:title\" content=\"Immunoblot\u00a0: Un moyen pratique de d\u00e9tecter les anticorps \u00e0 des fins de diagnostic clinique\" \/>\n<meta property=\"og:description\" content=\"Pr\u00e9cis et fiables, les tests d\u2019immunoblot ont diverses applications dans le domaine du diagnostic clinique. Retrouvez tous les tests d\u2019immunoblot de R-Biopharm ici.\" \/>\n<meta property=\"og:url\" content=\"https:\/\/devclinical.r-biopharm.com\/fr\/technologies\/tests-dimmunoblot\/\" \/>\n<meta property=\"og:site_name\" content=\"\ud83d\udea8\ud83d\udea8\ud83d\udea8 Staging!!! Clinical Diagnostics \ud83d\udea8\ud83d\udea8\ud83d\udea8\" \/>\n<meta property=\"article:modified_time\" content=\"2018-06-28T12:42:00+00:00\" \/>\n<meta name=\"twitter:label1\" content=\"Est. reading time\" \/>\n\t<meta name=\"twitter:data1\" content=\"3 minutes\" \/>\n<script type=\"application\/ld+json\" class=\"yoast-schema-graph\">{\"@context\":\"https:\/\/schema.org\",\"@graph\":[{\"@type\":\"WebPage\",\"@id\":\"https:\/\/devclinical.r-biopharm.com\/fr\/technologies\/tests-dimmunoblot\/\",\"url\":\"https:\/\/devclinical.r-biopharm.com\/fr\/technologies\/tests-dimmunoblot\/\",\"name\":\"Immunoblot\u00a0: Un moyen pratique de d\u00e9tecter les anticorps \u00e0 des fins de diagnostic clinique\",\"isPartOf\":{\"@id\":\"https:\/\/devdevclinical.r-biopharm.com\/#website\"},\"datePublished\":\"2016-08-16T06:24:27+00:00\",\"dateModified\":\"2018-06-28T12:42:00+00:00\",\"description\":\"Pr\u00e9cis et fiables, les tests d\u2019immunoblot ont diverses applications dans le domaine du diagnostic clinique. Retrouvez tous les tests d\u2019immunoblot de R-Biopharm ici.\",\"breadcrumb\":{\"@id\":\"https:\/\/devclinical.r-biopharm.com\/fr\/technologies\/tests-dimmunoblot\/#breadcrumb\"},\"inLanguage\":\"fr-FR\",\"potentialAction\":[{\"@type\":\"ReadAction\",\"target\":[\"https:\/\/devclinical.r-biopharm.com\/fr\/technologies\/tests-dimmunoblot\/\"]}]},{\"@type\":\"BreadcrumbList\",\"@id\":\"https:\/\/devclinical.r-biopharm.com\/fr\/technologies\/tests-dimmunoblot\/#breadcrumb\",\"itemListElement\":[{\"@type\":\"ListItem\",\"position\":1,\"name\":\"Home\",\"item\":\"https:\/\/devclinical.r-biopharm.com\/fr\/\"},{\"@type\":\"ListItem\",\"position\":2,\"name\":\"Technologies\",\"item\":\"https:\/\/devclinical.r-biopharm.com\/fr\/technologies\/\"},{\"@type\":\"ListItem\",\"position\":3,\"name\":\"Tests d\u2019immunoblot\"}]},{\"@type\":\"WebSite\",\"@id\":\"https:\/\/devdevclinical.r-biopharm.com\/#website\",\"url\":\"https:\/\/devdevclinical.r-biopharm.com\/\",\"name\":\"\ud83d\udea8\ud83d\udea8\ud83d\udea8 Staging!!! Clinical Diagnostics \ud83d\udea8\ud83d\udea8\ud83d\udea8\",\"description\":\"A Division of the R-Biopharm Group\",\"potentialAction\":[{\"@type\":\"SearchAction\",\"target\":{\"@type\":\"EntryPoint\",\"urlTemplate\":\"https:\/\/devdevclinical.r-biopharm.com\/?s={search_term_string}\"},\"query-input\":\"required name=search_term_string\"}],\"inLanguage\":\"fr-FR\"}]}<\/script>\n<!-- \/ Yoast SEO plugin. -->","yoast_head_json":{"title":"Immunoblot\u00a0: Un moyen pratique de d\u00e9tecter les anticorps \u00e0 des fins de diagnostic clinique","description":"Pr\u00e9cis et fiables, les tests d\u2019immunoblot ont diverses applications dans le domaine du diagnostic clinique. Retrouvez tous les tests d\u2019immunoblot de R-Biopharm ici.","robots":{"index":"noindex","follow":"follow","max-snippet":"max-snippet:-1","max-image-preview":"max-image-preview:large","max-video-preview":"max-video-preview:-1"},"og_locale":"fr_FR","og_type":"article","og_title":"Immunoblot\u00a0: Un moyen pratique de d\u00e9tecter les anticorps \u00e0 des fins de diagnostic clinique","og_description":"Pr\u00e9cis et fiables, les tests d\u2019immunoblot ont diverses applications dans le domaine du diagnostic clinique. Retrouvez tous les tests d\u2019immunoblot de R-Biopharm ici.","og_url":"https:\/\/devclinical.r-biopharm.com\/fr\/technologies\/tests-dimmunoblot\/","og_site_name":"\ud83d\udea8\ud83d\udea8\ud83d\udea8 Staging!!! Clinical Diagnostics \ud83d\udea8\ud83d\udea8\ud83d\udea8","article_modified_time":"2018-06-28T12:42:00+00:00","twitter_misc":{"Est. reading time":"3 minutes"},"schema":{"@context":"https:\/\/schema.org","@graph":[{"@type":"WebPage","@id":"https:\/\/devclinical.r-biopharm.com\/fr\/technologies\/tests-dimmunoblot\/","url":"https:\/\/devclinical.r-biopharm.com\/fr\/technologies\/tests-dimmunoblot\/","name":"Immunoblot\u00a0: Un moyen pratique de d\u00e9tecter les anticorps \u00e0 des fins de diagnostic clinique","isPartOf":{"@id":"https:\/\/devdevclinical.r-biopharm.com\/#website"},"datePublished":"2016-08-16T06:24:27+00:00","dateModified":"2018-06-28T12:42:00+00:00","description":"Pr\u00e9cis et fiables, les tests d\u2019immunoblot ont diverses applications dans le domaine du diagnostic clinique. Retrouvez tous les tests d\u2019immunoblot de R-Biopharm ici.","breadcrumb":{"@id":"https:\/\/devclinical.r-biopharm.com\/fr\/technologies\/tests-dimmunoblot\/#breadcrumb"},"inLanguage":"fr-FR","potentialAction":[{"@type":"ReadAction","target":["https:\/\/devclinical.r-biopharm.com\/fr\/technologies\/tests-dimmunoblot\/"]}]},{"@type":"BreadcrumbList","@id":"https:\/\/devclinical.r-biopharm.com\/fr\/technologies\/tests-dimmunoblot\/#breadcrumb","itemListElement":[{"@type":"ListItem","position":1,"name":"Home","item":"https:\/\/devclinical.r-biopharm.com\/fr\/"},{"@type":"ListItem","position":2,"name":"Technologies","item":"https:\/\/devclinical.r-biopharm.com\/fr\/technologies\/"},{"@type":"ListItem","position":3,"name":"Tests d\u2019immunoblot"}]},{"@type":"WebSite","@id":"https:\/\/devdevclinical.r-biopharm.com\/#website","url":"https:\/\/devdevclinical.r-biopharm.com\/","name":"\ud83d\udea8\ud83d\udea8\ud83d\udea8 Staging!!! Clinical Diagnostics \ud83d\udea8\ud83d\udea8\ud83d\udea8","description":"A Division of the R-Biopharm Group","potentialAction":[{"@type":"SearchAction","target":{"@type":"EntryPoint","urlTemplate":"https:\/\/devdevclinical.r-biopharm.com\/?s={search_term_string}"},"query-input":"required name=search_term_string"}],"inLanguage":"fr-FR"}]}},"_links":{"self":[{"href":"https:\/\/devclinical.r-biopharm.com\/fr\/wp-json\/wp\/v2\/pages\/89235"}],"collection":[{"href":"https:\/\/devclinical.r-biopharm.com\/fr\/wp-json\/wp\/v2\/pages"}],"about":[{"href":"https:\/\/devclinical.r-biopharm.com\/fr\/wp-json\/wp\/v2\/types\/page"}],"author":[{"embeddable":true,"href":"https:\/\/devclinical.r-biopharm.com\/fr\/wp-json\/wp\/v2\/users\/1"}],"replies":[{"embeddable":true,"href":"https:\/\/devclinical.r-biopharm.com\/fr\/wp-json\/wp\/v2\/comments?post=89235"}],"version-history":[{"count":12,"href":"https:\/\/devclinical.r-biopharm.com\/fr\/wp-json\/wp\/v2\/pages\/89235\/revisions"}],"predecessor-version":[{"id":91154,"href":"https:\/\/devclinical.r-biopharm.com\/fr\/wp-json\/wp\/v2\/pages\/89235\/revisions\/91154"}],"up":[{"embeddable":true,"href":"https:\/\/devclinical.r-biopharm.com\/fr\/wp-json\/wp\/v2\/pages\/89047"}],"wp:attachment":[{"href":"https:\/\/devclinical.r-biopharm.com\/fr\/wp-json\/wp\/v2\/media?parent=89235"}],"curies":[{"name":"wp","href":"https:\/\/api.w.org\/{rel}","templated":true}]}}