{"id":89261,"date":"2017-06-23T14:07:43","date_gmt":"2017-06-23T12:07:43","guid":{"rendered":"https:\/\/clinical.r-biopharm.com\/diagnostics\/allergologie\/allergies-de-type-i\/"},"modified":"2019-10-28T10:43:01","modified_gmt":"2019-10-28T09:43:01","slug":"allergies-de-type-i","status":"publish","type":"page","link":"https:\/\/devclinical.r-biopharm.com\/fr\/diagnostics\/allergologie\/allergies-de-type-i\/","title":{"rendered":"Allergies de type I"},"content":{"rendered":"<div class=\"wpb-content-wrapper\">[mk_page_section padding_top=&#8221;30&#8243; padding_bottom=&#8221;30&#8243; sidebar=&#8221;sidebar-1&#8243;][vc_column width=&#8221;2\/3&#8243;][vc_column_text]<strong>La pr\u00e9valence des allergies augmente dans le monde entier. Rien qu\u2019en Europe, jusqu\u2019\u00e0 15\u00a0% de la population pourrait \u00eatre touch\u00e9e. Des tests de laboratoire sp\u00e9cifiques aux allerg\u00e8nes sont \u00e0 pr\u00e9sent indispensables pour le diagnostic des allergies.<\/strong><\/p>\n<p>Les patients pr\u00e9sentent souvent un vaste \u00e9ventail de sympt\u00f4mes diff\u00e9rents et de modes de sensibilisation pour diff\u00e9rents allerg\u00e8nes. Il est n\u00e9cessaire d\u2019analyser le sang du patient en cas de suspicion de r\u00e9ponse allergique ou de r\u00e9action grave. Les diagnostics d\u2019allergies de R-Biopharm proposent deux m\u00e9thodes de test quantitatif pour la d\u00e9tection des anticorps, le test immunoenzymatique (RIDASCREEN\u00ae Allergy ELISA) et le test d\u2019immunotransfert (RIDA qLine\u00ae Allergy).<\/p>\n<h3 class=\"knubbel\">RIDASCREEN\u00ae Allergy ELISA \u2013 test immunoenzymatique pour la d\u00e9tection des anticorps IgE\/IgG sp\u00e9cifiques aux allerg\u00e8nes<\/h3>\n<p>Le test RIDASCREEN\u00ae Allergy ELISA, qui permet de d\u00e9terminer la quantit\u00e9 totale et sp\u00e9cifique d\u2019IgE et la quantit\u00e9 sp\u00e9cifique d\u2019IgG, est un test immunoenzymatique lors duquel les allerg\u00e8nes destin\u00e9s \u00e0 la d\u00e9tection des IgE\/IgG sp\u00e9cifiques font l\u2019objet d\u2019une liaison covalente \u00e0 des disques de cellulose. Dans la mesure o\u00f9 les diagnostics d\u2019allergies r\u00e9clament des solutions flexibles et individuelles pour la composition des produits, R-Biopharm AG propose une large gamme de produits sp\u00e9cialement con\u00e7us pour r\u00e9pondre \u00e0 ces diff\u00e9rents besoins\u00a0:[\/vc_column_text][mk_custom_list style=&#8221;mk-moon-circle-small&#8221;]\n<ul>\n<li>Total IgE<\/li>\n<li>Allergy Basic \u2013 barrettes de 8 puits s\u00e9cables<\/li>\n<li>Allergy Advance \u2013 panel personnalis\u00e9 de 8\u00a0allerg\u00e8nes sur barrettes de 8\u00a0puits<\/li>\n<li>Allergy Active \u2013 plaque de microtitration pr\u00e9charg\u00e9e avec composition d\u2019allerg\u00e8nes personnalis\u00e9e<\/li>\n<\/ul>\n[\/mk_custom_list][vc_column_text]\n<h3 class=\"knubbel\">RIDA qLine\u00ae Allergy \u2013 panels d\u2019allerg\u00e8nes pour l\u2019analyse quantitative d\u2019IgE sp\u00e9cifiques dans le s\u00e9rum ou le plasma humain<\/h3>\n<p>Les syst\u00e8mes de test de diagnostic in vitro d\u2019allerg\u00e8nes les plus souvent utilis\u00e9s sont soit des tests quantitatifs co\u00fbteux portant sur un seul allerg\u00e8ne, soit des syst\u00e8mes de tests semi-quantitatifs de panels plus \u00e9conomiques et faciles \u00e0 effectuer. R-Biopharm AG a relev\u00e9 le d\u00e9fi de d\u00e9velopper un syst\u00e8me sophistiqu\u00e9 de tests d\u2019allerg\u00e8nes in vitro qui allient \u00e0 la fois une d\u00e9termination quantitative et une manipulation tr\u00e8s \u00e9conomique et facile.[\/vc_column_text][mk_custom_list style=&#8221;mk-moon-circle-small&#8221;]\n<ul>\n<li>Quantitatif \u2013 courbe d\u2019\u00e9talonnage sur chaque barrette<\/li>\n<li>\u00c9conomique \u2013 panels d\u2019allerg\u00e8nes allant jusqu\u2019\u00e0 20\u00a0allerg\u00e8nes pour un diagnostic efficace<\/li>\n<li>Fiable \u2013 courbe d\u2019\u00e9talonnage par rapport \u00e0 la \u00ab\u00a02e Pr\u00e9paration internationale de r\u00e9f\u00e9rence (IRP) 75\/502 de l\u2019OMS pour les immunoglobulines E\u00a0\u00bb<\/li>\n<li>Personnalis\u00e9 \u2013 compositions d\u2019allerg\u00e8nes sp\u00e9cifiques au client pour un diagnostic flexible et individuel<\/li>\n<li>Individuel \u2013 interpr\u00e9tation logicielle avec un rapport qui peut \u00eatre personnalis\u00e9 au cas par cas<\/li>\n<\/ul>\n[\/mk_custom_list][vc_cta h2=&#8221;Plus d\u2019informations&#8221; shape=&#8221;square&#8221; style=&#8221;flat&#8221; color=&#8221;grey&#8221; add_button=&#8221;right&#8221; btn_title=&#8221;T\u00e9l\u00e9charger&#8221; btn_style=&#8221;flat&#8221; btn_shape=&#8221;square&#8221; btn_color=&#8221;inverse&#8221; btn_link=&#8221;url:https%3A%2F%2Fdevclinical.r-biopharm.com%2Fwp-content%2Fuploads%2Fsites%2F3%2F2017-08_allergy_rida-qline_12p_en_lores.pdf|target:%20_blank|&#8221;]Consultez notre brochure gratuite pour plus d\u2019informations sur nos kits RIDA qLine\u00ae Allergy.[\/vc_cta][\/vc_column][vc_column width=&#8221;1\/3&#8243;][vc_column_text margin_bottom=&#8221;20&#8243;]\n<h3 style=\"margin-bottom: 25px;\">Choisissez une indication<\/h3>\n<div class=\"facetwp-facet facetwp-facet-indication_fselect facetwp-type-fselect\" data-name=\"indication_fselect\" data-type=\"fselect\"><\/div>[\/vc_column_text][vc_column_text margin_bottom=&#8221;20&#8243;]\n<h3 style=\"margin-bottom: 25px;\">Choisissez une technologie<\/h3>\n<div class=\"facetwp-facet facetwp-facet-technology_fselect facetwp-type-fselect\" data-name=\"technology_fselect\" data-type=\"fselect\"><\/div>[\/vc_column_text][vc_column_text margin_bottom=&#8221;40&#8243;]\n<h3 style=\"margin-bottom: 25px;\"><\/h3>\n<h3 style=\"margin-bottom: 25px;\">Choisissez votre test dans le domaine de l\u2019allergologie<\/h3>\n<div class=\"facetwp-template\" data-name=\"allergology\"><ul class=\"product_facets\"><\/ul><\/div>[\/vc_column_text][\/vc_column][\/mk_page_section][mk_page_section bg_color=&#8221;#f7f7f7&#8243; padding_top=&#8221;0&#8243; padding_bottom=&#8221;0&#8243; sidebar=&#8221;sidebar-1&#8243;][vc_column css=&#8221;.vc_custom_1469015765963{margin-top: 25px !important;padding-bottom: 5px !important;}&#8221;][vc_column_text margin_bottom=&#8221;20&#8243;]\n<h2 class=\"knubbel\">Derni\u00e8res nouvelles sur l\u2019allergologie<\/h2>\n[\/vc_column_text][mk_blog_carousel cat=&#8221;221&#8243;][\/vc_column][\/mk_page_section][mk_page_section bg_color=&#8221;#ffffff&#8221; padding_top=&#8221;0&#8243; sidebar=&#8221;sidebar-1&#8243;][vc_column css=&#8221;.vc_custom_1467042052405{margin-top: 40px !important;}&#8221;][vc_column_text margin_bottom=&#8221;20&#8243;]\n<h2 class=\"knubbel\">Vous pourriez \u00e9galement \u00eatre int\u00e9ress\u00e9 par<\/h2>\n[\/vc_column_text][vc_row_inner css=&#8221;.vc_custom_1468404266697{margin-bottom: 40px !important;}&#8221;][vc_column_inner width=&#8221;1\/3&#8243; css=&#8221;.vc_custom_1468416557833{padding-bottom: 10px !important;padding-left: 0px !important;}&#8221;][mk_flipbox_rb taxonomy=&#8221;diagnostic&#8221; tag_diagnostics=&#8221;allergology&#8221; min_height=&#8221;200&#8243; button_bg_color=&#8221;#4d4d4d&#8221; button_bg_hover_color=&#8221;#ffffff&#8221; button_text=&#8221;More information&#8221;][\/vc_column_inner][vc_column_inner width=&#8221;1\/3&#8243; css=&#8221;.vc_custom_1468416552613{padding-right: 7.5px !important;padding-bottom: 10px !important;padding-left: 7.5px !important;}&#8221;][mk_flipbox_rb taxonomy=&#8221;diagnostic&#8221; tag_diagnostics=&#8221;allergology&#8221; offset=&#8221;1&#8243; min_height=&#8221;200&#8243; button_bg_color=&#8221;#4d4d4d&#8221; button_bg_hover_color=&#8221;#ffffff&#8221; button_text=&#8221;More information&#8221;][\/vc_column_inner][vc_column_inner width=&#8221;1\/3&#8243; css=&#8221;.vc_custom_1468416547451{padding-right: 0px !important;padding-bottom: 10px !important;}&#8221;][mk_flipbox_rb taxonomy=&#8221;diagnostic&#8221; tag_diagnostics=&#8221;allergology&#8221; offset=&#8221;2&#8243; min_height=&#8221;200&#8243; button_bg_color=&#8221;#4d4d4d&#8221; button_bg_hover_color=&#8221;#ffffff&#8221; button_text=&#8221;More information&#8221;][\/vc_column_inner][\/vc_row_inner][\/vc_column][\/mk_page_section][mk_page_section bg_color=&#8221;#f7f7f7&#8243; padding_top=&#8221;20&#8243; padding_bottom=&#8221;20&#8243; sidebar=&#8221;sidebar-1&#8243;][vc_column css=&#8221;.vc_custom_1468415774645{padding-top: 0px !important;padding-bottom: 0px !important;}&#8221;][vc_column_text disable_pattern=&#8221;false&#8221; align=&#8221;center&#8221;]\n<h2>Assistance sur l\u2019allergologie<\/h2>\n<p>Des questions\u00a0? Profitez de l\u2019expertise de notre \u00e9quipe. Nous sommes l\u00e0 pour vous aider, vous et votre entreprise, et assurer votre succ\u00e8s tout au long du processus de test[\/vc_column_text][mk_button dimension=&#8221;flat&#8221; url=&#8221;\/fr\/contact\/&#8221; align=&#8221;center&#8221; margin_bottom=&#8221;&#8221; bg_color=&#8221;#4d4d4d&#8221; btn_hover_bg=&#8221;#ffffff&#8221; btn_hover_txt_color=&#8221;#4d4d4d&#8221;]Contactez-nous[\/mk_button][\/vc_column][\/mk_page_section]\n<\/div>","protected":false},"excerpt":{"rendered":"<p>[mk_page_section padding_top=&#8221;30&#8243; padding_bottom=&#8221;30&#8243; sidebar=&#8221;sidebar-1&#8243;][vc_column width=&#8221;2\/3&#8243;][vc_column_text]La pr\u00e9valence des allergies augmente dans le monde entier. Rien qu\u2019en Europe, jusqu\u2019\u00e0 15\u00a0% de la population pourrait \u00eatre touch\u00e9e. Des tests de laboratoire sp\u00e9cifiques aux allerg\u00e8nes sont \u00e0 pr\u00e9sent indispensables pour le diagnostic des allergies. Les patients pr\u00e9sentent souvent un vaste \u00e9ventail de sympt\u00f4mes diff\u00e9rents et de modes de sensibilisation [&hellip;]<\/p>\n","protected":false},"author":27,"featured_media":0,"parent":89111,"menu_order":0,"comment_status":"closed","ping_status":"closed","template":"","meta":{"content-type":"","_relevanssi_hide_post":"","_relevanssi_hide_content":"","_relevanssi_pin_for_all":"","_relevanssi_pin_keywords":"","_relevanssi_unpin_keywords":"","_relevanssi_related_keywords":"","_relevanssi_related_include_ids":"","_relevanssi_related_exclude_ids":"","_relevanssi_related_no_append":"","_relevanssi_related_not_related":"","_relevanssi_related_posts":"","_relevanssi_noindex_reason":"","footnotes":""},"acf":[],"yoast_head":"<!-- This site is optimized with the Yoast SEO plugin v21.9 - https:\/\/yoast.com\/wordpress\/plugins\/seo\/ -->\n<title>Diagnostics d\u2019allergies\u00a0: Des tests fiables pour diagnostiquer les allergies<\/title>\n<meta name=\"description\" content=\"Les allergies touchent une population de plus en plus large. Nous proposons une gamme de tests de toutes performances, pr\u00e9cis et fiables pour la d\u00e9tection des anticorps IgE et IgG dans le sang.\" \/>\n<meta name=\"robots\" content=\"noindex, follow, max-snippet:-1, max-image-preview:large, max-video-preview:-1\" \/>\n<meta property=\"og:locale\" content=\"fr_FR\" \/>\n<meta property=\"og:type\" content=\"article\" \/>\n<meta property=\"og:title\" content=\"Diagnostics d\u2019allergies\u00a0: Des tests fiables pour diagnostiquer les allergies\" \/>\n<meta property=\"og:description\" content=\"Les allergies touchent une population de plus en plus large. Nous proposons une gamme de tests de toutes performances, pr\u00e9cis et fiables pour la d\u00e9tection des anticorps IgE et IgG dans le sang.\" \/>\n<meta property=\"og:url\" content=\"https:\/\/devclinical.r-biopharm.com\/fr\/diagnostics\/allergologie\/allergies-de-type-i\/\" \/>\n<meta property=\"og:site_name\" content=\"\ud83d\udea8\ud83d\udea8\ud83d\udea8 Staging!!! Clinical Diagnostics \ud83d\udea8\ud83d\udea8\ud83d\udea8\" \/>\n<meta property=\"article:modified_time\" content=\"2019-10-28T09:43:01+00:00\" \/>\n<meta name=\"twitter:label1\" content=\"Est. reading time\" \/>\n\t<meta name=\"twitter:data1\" content=\"5 minutes\" \/>\n<script type=\"application\/ld+json\" class=\"yoast-schema-graph\">{\"@context\":\"https:\/\/schema.org\",\"@graph\":[{\"@type\":\"WebPage\",\"@id\":\"https:\/\/devclinical.r-biopharm.com\/fr\/diagnostics\/allergologie\/allergies-de-type-i\/\",\"url\":\"https:\/\/devclinical.r-biopharm.com\/fr\/diagnostics\/allergologie\/allergies-de-type-i\/\",\"name\":\"Diagnostics d\u2019allergies\u00a0: Des tests fiables pour diagnostiquer les allergies\",\"isPartOf\":{\"@id\":\"https:\/\/devdevclinical.r-biopharm.com\/#website\"},\"datePublished\":\"2017-06-23T12:07:43+00:00\",\"dateModified\":\"2019-10-28T09:43:01+00:00\",\"description\":\"Les allergies touchent une population de plus en plus large. Nous proposons une gamme de tests de toutes performances, pr\u00e9cis et fiables pour la d\u00e9tection des anticorps IgE et IgG dans le sang.\",\"breadcrumb\":{\"@id\":\"https:\/\/devclinical.r-biopharm.com\/fr\/diagnostics\/allergologie\/allergies-de-type-i\/#breadcrumb\"},\"inLanguage\":\"fr-FR\",\"potentialAction\":[{\"@type\":\"ReadAction\",\"target\":[\"https:\/\/devclinical.r-biopharm.com\/fr\/diagnostics\/allergologie\/allergies-de-type-i\/\"]}]},{\"@type\":\"BreadcrumbList\",\"@id\":\"https:\/\/devclinical.r-biopharm.com\/fr\/diagnostics\/allergologie\/allergies-de-type-i\/#breadcrumb\",\"itemListElement\":[{\"@type\":\"ListItem\",\"position\":1,\"name\":\"Home\",\"item\":\"https:\/\/devclinical.r-biopharm.com\/fr\/\"},{\"@type\":\"ListItem\",\"position\":2,\"name\":\"Diagnostics\",\"item\":\"https:\/\/devclinical.r-biopharm.com\/fr\/diagnostics\/\"},{\"@type\":\"ListItem\",\"position\":3,\"name\":\"Allergologie\",\"item\":\"https:\/\/devclinical.r-biopharm.com\/fr\/diagnostics\/allergologie\/\"},{\"@type\":\"ListItem\",\"position\":4,\"name\":\"Allergies de type I\"}]},{\"@type\":\"WebSite\",\"@id\":\"https:\/\/devdevclinical.r-biopharm.com\/#website\",\"url\":\"https:\/\/devdevclinical.r-biopharm.com\/\",\"name\":\"\ud83d\udea8\ud83d\udea8\ud83d\udea8 Staging!!! Clinical Diagnostics \ud83d\udea8\ud83d\udea8\ud83d\udea8\",\"description\":\"A Division of the R-Biopharm Group\",\"potentialAction\":[{\"@type\":\"SearchAction\",\"target\":{\"@type\":\"EntryPoint\",\"urlTemplate\":\"https:\/\/devdevclinical.r-biopharm.com\/?s={search_term_string}\"},\"query-input\":\"required name=search_term_string\"}],\"inLanguage\":\"fr-FR\"}]}<\/script>\n<!-- \/ Yoast SEO plugin. -->","yoast_head_json":{"title":"Diagnostics d\u2019allergies\u00a0: Des tests fiables pour diagnostiquer les allergies","description":"Les allergies touchent une population de plus en plus large. Nous proposons une gamme de tests de toutes performances, pr\u00e9cis et fiables pour la d\u00e9tection des anticorps IgE et IgG dans le sang.","robots":{"index":"noindex","follow":"follow","max-snippet":"max-snippet:-1","max-image-preview":"max-image-preview:large","max-video-preview":"max-video-preview:-1"},"og_locale":"fr_FR","og_type":"article","og_title":"Diagnostics d\u2019allergies\u00a0: Des tests fiables pour diagnostiquer les allergies","og_description":"Les allergies touchent une population de plus en plus large. Nous proposons une gamme de tests de toutes performances, pr\u00e9cis et fiables pour la d\u00e9tection des anticorps IgE et IgG dans le sang.","og_url":"https:\/\/devclinical.r-biopharm.com\/fr\/diagnostics\/allergologie\/allergies-de-type-i\/","og_site_name":"\ud83d\udea8\ud83d\udea8\ud83d\udea8 Staging!!! Clinical Diagnostics \ud83d\udea8\ud83d\udea8\ud83d\udea8","article_modified_time":"2019-10-28T09:43:01+00:00","twitter_misc":{"Est. reading time":"5 minutes"},"schema":{"@context":"https:\/\/schema.org","@graph":[{"@type":"WebPage","@id":"https:\/\/devclinical.r-biopharm.com\/fr\/diagnostics\/allergologie\/allergies-de-type-i\/","url":"https:\/\/devclinical.r-biopharm.com\/fr\/diagnostics\/allergologie\/allergies-de-type-i\/","name":"Diagnostics d\u2019allergies\u00a0: Des tests fiables pour diagnostiquer les allergies","isPartOf":{"@id":"https:\/\/devdevclinical.r-biopharm.com\/#website"},"datePublished":"2017-06-23T12:07:43+00:00","dateModified":"2019-10-28T09:43:01+00:00","description":"Les allergies touchent une population de plus en plus large. Nous proposons une gamme de tests de toutes performances, pr\u00e9cis et fiables pour la d\u00e9tection des anticorps IgE et IgG dans le sang.","breadcrumb":{"@id":"https:\/\/devclinical.r-biopharm.com\/fr\/diagnostics\/allergologie\/allergies-de-type-i\/#breadcrumb"},"inLanguage":"fr-FR","potentialAction":[{"@type":"ReadAction","target":["https:\/\/devclinical.r-biopharm.com\/fr\/diagnostics\/allergologie\/allergies-de-type-i\/"]}]},{"@type":"BreadcrumbList","@id":"https:\/\/devclinical.r-biopharm.com\/fr\/diagnostics\/allergologie\/allergies-de-type-i\/#breadcrumb","itemListElement":[{"@type":"ListItem","position":1,"name":"Home","item":"https:\/\/devclinical.r-biopharm.com\/fr\/"},{"@type":"ListItem","position":2,"name":"Diagnostics","item":"https:\/\/devclinical.r-biopharm.com\/fr\/diagnostics\/"},{"@type":"ListItem","position":3,"name":"Allergologie","item":"https:\/\/devclinical.r-biopharm.com\/fr\/diagnostics\/allergologie\/"},{"@type":"ListItem","position":4,"name":"Allergies de type I"}]},{"@type":"WebSite","@id":"https:\/\/devdevclinical.r-biopharm.com\/#website","url":"https:\/\/devdevclinical.r-biopharm.com\/","name":"\ud83d\udea8\ud83d\udea8\ud83d\udea8 Staging!!! Clinical Diagnostics \ud83d\udea8\ud83d\udea8\ud83d\udea8","description":"A Division of the R-Biopharm Group","potentialAction":[{"@type":"SearchAction","target":{"@type":"EntryPoint","urlTemplate":"https:\/\/devdevclinical.r-biopharm.com\/?s={search_term_string}"},"query-input":"required name=search_term_string"}],"inLanguage":"fr-FR"}]}},"_links":{"self":[{"href":"https:\/\/devclinical.r-biopharm.com\/fr\/wp-json\/wp\/v2\/pages\/89261"}],"collection":[{"href":"https:\/\/devclinical.r-biopharm.com\/fr\/wp-json\/wp\/v2\/pages"}],"about":[{"href":"https:\/\/devclinical.r-biopharm.com\/fr\/wp-json\/wp\/v2\/types\/page"}],"author":[{"embeddable":true,"href":"https:\/\/devclinical.r-biopharm.com\/fr\/wp-json\/wp\/v2\/users\/27"}],"replies":[{"embeddable":true,"href":"https:\/\/devclinical.r-biopharm.com\/fr\/wp-json\/wp\/v2\/comments?post=89261"}],"version-history":[{"count":18,"href":"https:\/\/devclinical.r-biopharm.com\/fr\/wp-json\/wp\/v2\/pages\/89261\/revisions"}],"predecessor-version":[{"id":102039,"href":"https:\/\/devclinical.r-biopharm.com\/fr\/wp-json\/wp\/v2\/pages\/89261\/revisions\/102039"}],"up":[{"embeddable":true,"href":"https:\/\/devclinical.r-biopharm.com\/fr\/wp-json\/wp\/v2\/pages\/89111"}],"wp:attachment":[{"href":"https:\/\/devclinical.r-biopharm.com\/fr\/wp-json\/wp\/v2\/media?parent=89261"}],"curies":[{"name":"wp","href":"https:\/\/api.w.org\/{rel}","templated":true}]}}