{"id":89298,"date":"2015-10-05T11:41:12","date_gmt":"2015-10-05T09:41:12","guid":{"rendered":"https:\/\/clinical.r-biopharm.com\/diagnostics\/gastro-enterologie\/"},"modified":"2022-02-17T12:41:08","modified_gmt":"2022-02-17T11:41:08","slug":"gastro-enterologie","status":"publish","type":"page","link":"https:\/\/devclinical.r-biopharm.com\/fr\/diagnostics\/gastro-enterologie\/","title":{"rendered":"Gastro-ent\u00e9rologie"},"content":{"rendered":"<div class=\"wpb-content-wrapper\">[mk_page_section padding_top=&#8221;30&#8243; padding_bottom=&#8221;30&#8243; sidebar=&#8221;sidebar-1&#8243;][vc_column width=&#8221;2\/3&#8243;][vc_column_text]<strong>Notre gamme de tests gastro-ent\u00e9rologiques n\u2019est pas seulement d\u00e9di\u00e9e au diagnostic innovant des maladies intestinales, telles que l\u2019affection inflammatoire de l\u2019intestin ou l\u2019insuffisance pancr\u00e9atique, mais est \u00e9galement parfaitement adapt\u00e9e \u00e0 la pr\u00e9vention des maladies intestinales telles que le cancer du c\u00f4lon. <\/strong><\/p>\n<p>Les tests ELISA sont adapt\u00e9s \u00e0 l\u2019analyse de micro plaques unitaires ou de micro plaques en plus ou moins grand nombre pour lecture sur lecteurs automatiques. Vous trouverez ci-apr\u00e8s un aper\u00e7u des marqueurs et de leur pertinence diagnostique.<\/p>\n<h3 class=\"knubbel\">Biomarqueurs pour diagnostic clinique<\/h3>\n<p>Les marqueurs biologiques (biomarqueurs) sont des indicateurs mesurables de conditions sp\u00e9cifiques. Les biomarqueurs suivants sont pertinents en gastro-ent\u00e9rologie\u00a0:[\/vc_column_text][mk_custom_list style=&#8221;mk-moon-circle-small&#8221;]\n<ul>\n<li>La <a href=\"https:\/\/devclinical.r-biopharm.com\/products\/ridascreen-calprotectin-test-ibd-ibs\/\">calprotectine<\/a> est un indicateur tr\u00e8s sp\u00e9cifique d\u2019inflammation gastro-intestinale utilis\u00e9 pour diff\u00e9rencier la MICI du SII et pour assurer un suivi du traitement.<\/li>\n<li>L\u2019<a href=\"https:\/\/devclinical.r-biopharm.com\/products\/ridascreen-1-antitrypsin\/\">alpha-1-antitrypsine<\/a> et les <a href=\"https:\/\/devclinical.r-biopharm.com\/products\/ridascreen-siga\/\">IgAs<\/a> indiquent l\u2019int\u00e9grit\u00e9 de la paroi intestinale. Ces indicateurs permettent de surveiller et de diagnostiquer le syndrome de l\u2019intestin perm\u00e9able.<\/li>\n<li>L\u2019<a href=\"https:\/\/devclinical.r-biopharm.com\/products\/pankreatic-elastase-elisa\/\">\u00e9lastase pancr\u00e9atique<\/a> est utilis\u00e9 pour d\u00e9tecter l\u2019insuffisance pancr\u00e9atique et la pancr\u00e9atite.<\/li>\n<\/ul>\n[\/mk_custom_list][vc_cta h2=&#8221;Suivi th\u00e9rapeutique pharmacologique&#8221; shape=&#8221;square&#8221; style=&#8221;flat&#8221; add_button=&#8221;right&#8221; btn_title=&#8221;En savoir plus&#8221; btn_style=&#8221;flat&#8221; btn_shape=&#8221;square&#8221; btn_color=&#8221;inverse&#8221; btn_link=&#8221;url:https%3A%2F%2Fdevclinical.r-biopharm.com%2Ffr%2Findication%2Fsuivi-therapeutique-pharmacologique%2F|||&#8221;]Le suivi th\u00e9rapeutique pharmacologique de l\u2019infliximab (IFX, Remicade\u00ae) et de l\u2019adalimumab (Humira\u00ae) favorise l\u2019optimisation du traitement et la r\u00e9duction des co\u00fbts de traitement.[\/vc_cta][\/vc_column][vc_column width=&#8221;1\/3&#8243;][vc_column_text margin_bottom=&#8221;20&#8243;]\n<h3 style=\"margin-bottom: 25px;\">Choisissez une indication<\/h3>\n<div class=\"facetwp-facet facetwp-facet-indication_fselect facetwp-type-fselect\" data-name=\"indication_fselect\" data-type=\"fselect\"><\/div>[\/vc_column_text][vc_column_text margin_bottom=&#8221;20&#8243;]\n<h3 style=\"margin-bottom: 25px;\">Choisissez une technologie<\/h3>\n<div class=\"facetwp-facet facetwp-facet-technology_fselect facetwp-type-fselect\" data-name=\"technology_fselect\" data-type=\"fselect\"><\/div>[\/vc_column_text][vc_column_text margin_bottom=&#8221;40&#8243;]\n<h3>Choisissez votre test dans le domaine de la gastro-ent\u00e9rologie<\/h3>\n<div class=\"facetwp-template\" data-name=\"gastroenterology\"><ul class=\"product_facets\"><\/ul><\/div>[\/vc_column_text][\/vc_column][\/mk_page_section][mk_page_section bg_color=&#8221;#f7f7f7&#8243; padding_top=&#8221;0&#8243; padding_bottom=&#8221;0&#8243; sidebar=&#8221;sidebar-1&#8243;][vc_column css=&#8221;.vc_custom_1469015765963{margin-top: 25px !important;padding-bottom: 5px !important;}&#8221;][vc_column_text margin_bottom=&#8221;20&#8243; css=&#8221;.vc_custom_1530188373143{margin-bottom: 20px !important;}&#8221;]\n<h2 class=\"knubbel\">Derni\u00e8res nouvelles<\/h2>\n[\/vc_column_text][mk_blog_carousel cat=&#8221;214&#8243;][\/vc_column][\/mk_page_section][mk_page_section bg_color=&#8221;#ffffff&#8221; padding_top=&#8221;0&#8243; sidebar=&#8221;sidebar-1&#8243;][vc_column css=&#8221;.vc_custom_1467042052405{margin-top: 40px !important;}&#8221;][vc_column_text margin_bottom=&#8221;20&#8243;]\n<h2 class=\"knubbel\">Vous pourriez \u00e9galement \u00eatre int\u00e9ress\u00e9 par<\/h2>\n[\/vc_column_text][vc_row_inner css=&#8221;.vc_custom_1468404266697{margin-bottom: 40px !important;}&#8221;][vc_column_inner width=&#8221;1\/3&#8243; css=&#8221;.vc_custom_1468416557833{padding-bottom: 10px !important;padding-left: 0px !important;}&#8221;][mk_flipbox_rb taxonomy=&#8221;diagnostic&#8221; tag_diagnostics=&#8221;gastroenterology&#8221; min_height=&#8221;200&#8243; button_bg_color=&#8221;#4d4d4d&#8221; button_bg_hover_color=&#8221;#ffffff&#8221; button_text=&#8221;More&#8221;][\/vc_column_inner][vc_column_inner width=&#8221;1\/3&#8243; css=&#8221;.vc_custom_1468416552613{padding-right: 7.5px !important;padding-bottom: 10px !important;padding-left: 7.5px !important;}&#8221;][mk_flipbox_rb taxonomy=&#8221;diagnostic&#8221; tag_diagnostics=&#8221;gastroenterology&#8221; offset=&#8221;1&#8243; min_height=&#8221;200&#8243; button_bg_color=&#8221;#4d4d4d&#8221; button_bg_hover_color=&#8221;#ffffff&#8221; button_text=&#8221;More&#8221;][\/vc_column_inner][vc_column_inner width=&#8221;1\/3&#8243; css=&#8221;.vc_custom_1468416547451{padding-right: 0px !important;padding-bottom: 10px !important;}&#8221;][mk_flipbox_rb taxonomy=&#8221;diagnostic&#8221; tag_diagnostics=&#8221;gastroenterology&#8221; offset=&#8221;2&#8243; min_height=&#8221;200&#8243; button_bg_color=&#8221;#4d4d4d&#8221; button_bg_hover_color=&#8221;#ffffff&#8221; button_text=&#8221;More&#8221;][\/vc_column_inner][\/vc_row_inner][\/vc_column][\/mk_page_section][mk_page_section bg_color=&#8221;#f7f7f7&#8243; padding_top=&#8221;20&#8243; padding_bottom=&#8221;20&#8243; sidebar=&#8221;sidebar-1&#8243;][vc_column css=&#8221;.vc_custom_1468415774645{padding-top: 0px !important;padding-bottom: 0px !important;}&#8221;][vc_column_text disable_pattern=&#8221;false&#8221; align=&#8221;center&#8221;]\n<h2>Assistance sur la gastro-ent\u00e9rologie<\/h2>\n<p>Des questions\u00a0? Profitez de l\u2019expertise de notre \u00e9quipe. Nous sommes l\u00e0 pour vous aider, vous et votre entreprise, et assurer votre succ\u00e8s tout au long du processus de test[\/vc_column_text][mk_button dimension=&#8221;flat&#8221; url=&#8221;\/fr\/contact\/&#8221; align=&#8221;center&#8221; margin_bottom=&#8221;&#8221; bg_color=&#8221;#4d4d4d&#8221; btn_hover_bg=&#8221;#ffffff&#8221; btn_hover_txt_color=&#8221;#4d4d4d&#8221;]Contactez-nous[\/mk_button][\/vc_column][\/mk_page_section]\n<\/div>","protected":false},"excerpt":{"rendered":"<p>[mk_page_section padding_top=&#8221;30&#8243; padding_bottom=&#8221;30&#8243; sidebar=&#8221;sidebar-1&#8243;][vc_column width=&#8221;2\/3&#8243;][vc_column_text]Notre gamme de tests gastro-ent\u00e9rologiques n\u2019est pas seulement d\u00e9di\u00e9e au diagnostic innovant des maladies intestinales, telles que l\u2019affection inflammatoire de l\u2019intestin ou l\u2019insuffisance pancr\u00e9atique, mais est \u00e9galement parfaitement adapt\u00e9e \u00e0 la pr\u00e9vention des maladies intestinales telles que le cancer du c\u00f4lon. Les tests ELISA sont adapt\u00e9s \u00e0 l\u2019analyse de micro plaques [&hellip;]<\/p>\n","protected":false},"author":1,"featured_media":0,"parent":89014,"menu_order":0,"comment_status":"closed","ping_status":"closed","template":"","meta":{"content-type":"","_relevanssi_hide_post":"","_relevanssi_hide_content":"","_relevanssi_pin_for_all":"","_relevanssi_pin_keywords":"","_relevanssi_unpin_keywords":"","_relevanssi_related_keywords":"","_relevanssi_related_include_ids":"","_relevanssi_related_exclude_ids":"","_relevanssi_related_no_append":"","_relevanssi_related_not_related":"","_relevanssi_related_posts":"","_relevanssi_noindex_reason":"","footnotes":""},"acf":[],"yoast_head":"<!-- This site is optimized with the Yoast SEO plugin v21.9 - https:\/\/yoast.com\/wordpress\/plugins\/seo\/ -->\n<title>Gastro-ent\u00e9rologie\u00a0: Tests pour le diagnostic des maladies intestinales<\/title>\n<meta name=\"description\" content=\"Tests gastro-ent\u00e9rologiques pour le diagnostic des maladies intestinales telles que le cancer du c\u00f4lon, les maladies inflammatoires chroniques de l\u2019intestin et l\u2019insuffisance pancr\u00e9atique.\" \/>\n<meta name=\"robots\" content=\"noindex, follow, max-snippet:-1, max-image-preview:large, max-video-preview:-1\" \/>\n<meta property=\"og:locale\" content=\"fr_FR\" \/>\n<meta property=\"og:type\" content=\"article\" \/>\n<meta property=\"og:title\" content=\"Gastro-ent\u00e9rologie\u00a0: Tests pour le diagnostic des maladies intestinales\" \/>\n<meta property=\"og:description\" content=\"Tests gastro-ent\u00e9rologiques pour le diagnostic des maladies intestinales telles que le cancer du c\u00f4lon, les maladies inflammatoires chroniques de l\u2019intestin et l\u2019insuffisance pancr\u00e9atique.\" \/>\n<meta property=\"og:url\" content=\"https:\/\/devclinical.r-biopharm.com\/fr\/diagnostics\/gastro-enterologie\/\" \/>\n<meta property=\"og:site_name\" content=\"\ud83d\udea8\ud83d\udea8\ud83d\udea8 Staging!!! Clinical Diagnostics \ud83d\udea8\ud83d\udea8\ud83d\udea8\" \/>\n<meta property=\"article:modified_time\" content=\"2022-02-17T11:41:08+00:00\" \/>\n<meta name=\"twitter:label1\" content=\"Est. reading time\" \/>\n\t<meta name=\"twitter:data1\" content=\"2 minutes\" \/>\n<script type=\"application\/ld+json\" class=\"yoast-schema-graph\">{\"@context\":\"https:\/\/schema.org\",\"@graph\":[{\"@type\":\"WebPage\",\"@id\":\"https:\/\/devclinical.r-biopharm.com\/fr\/diagnostics\/gastro-enterologie\/\",\"url\":\"https:\/\/devclinical.r-biopharm.com\/fr\/diagnostics\/gastro-enterologie\/\",\"name\":\"Gastro-ent\u00e9rologie\u00a0: Tests pour le diagnostic des maladies intestinales\",\"isPartOf\":{\"@id\":\"https:\/\/devdevclinical.r-biopharm.com\/#website\"},\"datePublished\":\"2015-10-05T09:41:12+00:00\",\"dateModified\":\"2022-02-17T11:41:08+00:00\",\"description\":\"Tests gastro-ent\u00e9rologiques pour le diagnostic des maladies intestinales telles que le cancer du c\u00f4lon, les maladies inflammatoires chroniques de l\u2019intestin et l\u2019insuffisance pancr\u00e9atique.\",\"breadcrumb\":{\"@id\":\"https:\/\/devclinical.r-biopharm.com\/fr\/diagnostics\/gastro-enterologie\/#breadcrumb\"},\"inLanguage\":\"fr-FR\",\"potentialAction\":[{\"@type\":\"ReadAction\",\"target\":[\"https:\/\/devclinical.r-biopharm.com\/fr\/diagnostics\/gastro-enterologie\/\"]}]},{\"@type\":\"BreadcrumbList\",\"@id\":\"https:\/\/devclinical.r-biopharm.com\/fr\/diagnostics\/gastro-enterologie\/#breadcrumb\",\"itemListElement\":[{\"@type\":\"ListItem\",\"position\":1,\"name\":\"Home\",\"item\":\"https:\/\/devclinical.r-biopharm.com\/fr\/\"},{\"@type\":\"ListItem\",\"position\":2,\"name\":\"Diagnostics\",\"item\":\"https:\/\/devclinical.r-biopharm.com\/fr\/diagnostics\/\"},{\"@type\":\"ListItem\",\"position\":3,\"name\":\"Gastro-ent\u00e9rologie\"}]},{\"@type\":\"WebSite\",\"@id\":\"https:\/\/devdevclinical.r-biopharm.com\/#website\",\"url\":\"https:\/\/devdevclinical.r-biopharm.com\/\",\"name\":\"\ud83d\udea8\ud83d\udea8\ud83d\udea8 Staging!!! Clinical Diagnostics \ud83d\udea8\ud83d\udea8\ud83d\udea8\",\"description\":\"A Division of the R-Biopharm Group\",\"potentialAction\":[{\"@type\":\"SearchAction\",\"target\":{\"@type\":\"EntryPoint\",\"urlTemplate\":\"https:\/\/devdevclinical.r-biopharm.com\/?s={search_term_string}\"},\"query-input\":\"required name=search_term_string\"}],\"inLanguage\":\"fr-FR\"}]}<\/script>\n<!-- \/ Yoast SEO plugin. -->","yoast_head_json":{"title":"Gastro-ent\u00e9rologie\u00a0: Tests pour le diagnostic des maladies intestinales","description":"Tests gastro-ent\u00e9rologiques pour le diagnostic des maladies intestinales telles que le cancer du c\u00f4lon, les maladies inflammatoires chroniques de l\u2019intestin et l\u2019insuffisance pancr\u00e9atique.","robots":{"index":"noindex","follow":"follow","max-snippet":"max-snippet:-1","max-image-preview":"max-image-preview:large","max-video-preview":"max-video-preview:-1"},"og_locale":"fr_FR","og_type":"article","og_title":"Gastro-ent\u00e9rologie\u00a0: Tests pour le diagnostic des maladies intestinales","og_description":"Tests gastro-ent\u00e9rologiques pour le diagnostic des maladies intestinales telles que le cancer du c\u00f4lon, les maladies inflammatoires chroniques de l\u2019intestin et l\u2019insuffisance pancr\u00e9atique.","og_url":"https:\/\/devclinical.r-biopharm.com\/fr\/diagnostics\/gastro-enterologie\/","og_site_name":"\ud83d\udea8\ud83d\udea8\ud83d\udea8 Staging!!! Clinical Diagnostics \ud83d\udea8\ud83d\udea8\ud83d\udea8","article_modified_time":"2022-02-17T11:41:08+00:00","twitter_misc":{"Est. reading time":"2 minutes"},"schema":{"@context":"https:\/\/schema.org","@graph":[{"@type":"WebPage","@id":"https:\/\/devclinical.r-biopharm.com\/fr\/diagnostics\/gastro-enterologie\/","url":"https:\/\/devclinical.r-biopharm.com\/fr\/diagnostics\/gastro-enterologie\/","name":"Gastro-ent\u00e9rologie\u00a0: Tests pour le diagnostic des maladies intestinales","isPartOf":{"@id":"https:\/\/devdevclinical.r-biopharm.com\/#website"},"datePublished":"2015-10-05T09:41:12+00:00","dateModified":"2022-02-17T11:41:08+00:00","description":"Tests gastro-ent\u00e9rologiques pour le diagnostic des maladies intestinales telles que le cancer du c\u00f4lon, les maladies inflammatoires chroniques de l\u2019intestin et l\u2019insuffisance pancr\u00e9atique.","breadcrumb":{"@id":"https:\/\/devclinical.r-biopharm.com\/fr\/diagnostics\/gastro-enterologie\/#breadcrumb"},"inLanguage":"fr-FR","potentialAction":[{"@type":"ReadAction","target":["https:\/\/devclinical.r-biopharm.com\/fr\/diagnostics\/gastro-enterologie\/"]}]},{"@type":"BreadcrumbList","@id":"https:\/\/devclinical.r-biopharm.com\/fr\/diagnostics\/gastro-enterologie\/#breadcrumb","itemListElement":[{"@type":"ListItem","position":1,"name":"Home","item":"https:\/\/devclinical.r-biopharm.com\/fr\/"},{"@type":"ListItem","position":2,"name":"Diagnostics","item":"https:\/\/devclinical.r-biopharm.com\/fr\/diagnostics\/"},{"@type":"ListItem","position":3,"name":"Gastro-ent\u00e9rologie"}]},{"@type":"WebSite","@id":"https:\/\/devdevclinical.r-biopharm.com\/#website","url":"https:\/\/devdevclinical.r-biopharm.com\/","name":"\ud83d\udea8\ud83d\udea8\ud83d\udea8 Staging!!! Clinical Diagnostics \ud83d\udea8\ud83d\udea8\ud83d\udea8","description":"A Division of the R-Biopharm Group","potentialAction":[{"@type":"SearchAction","target":{"@type":"EntryPoint","urlTemplate":"https:\/\/devdevclinical.r-biopharm.com\/?s={search_term_string}"},"query-input":"required name=search_term_string"}],"inLanguage":"fr-FR"}]}},"_links":{"self":[{"href":"https:\/\/devclinical.r-biopharm.com\/fr\/wp-json\/wp\/v2\/pages\/89298"}],"collection":[{"href":"https:\/\/devclinical.r-biopharm.com\/fr\/wp-json\/wp\/v2\/pages"}],"about":[{"href":"https:\/\/devclinical.r-biopharm.com\/fr\/wp-json\/wp\/v2\/types\/page"}],"author":[{"embeddable":true,"href":"https:\/\/devclinical.r-biopharm.com\/fr\/wp-json\/wp\/v2\/users\/1"}],"replies":[{"embeddable":true,"href":"https:\/\/devclinical.r-biopharm.com\/fr\/wp-json\/wp\/v2\/comments?post=89298"}],"version-history":[{"count":22,"href":"https:\/\/devclinical.r-biopharm.com\/fr\/wp-json\/wp\/v2\/pages\/89298\/revisions"}],"predecessor-version":[{"id":157314,"href":"https:\/\/devclinical.r-biopharm.com\/fr\/wp-json\/wp\/v2\/pages\/89298\/revisions\/157314"}],"up":[{"embeddable":true,"href":"https:\/\/devclinical.r-biopharm.com\/fr\/wp-json\/wp\/v2\/pages\/89014"}],"wp:attachment":[{"href":"https:\/\/devclinical.r-biopharm.com\/fr\/wp-json\/wp\/v2\/media?parent=89298"}],"curies":[{"name":"wp","href":"https:\/\/api.w.org\/{rel}","templated":true}]}}