{"id":89300,"date":"2015-10-05T11:44:28","date_gmt":"2015-10-05T09:44:28","guid":{"rendered":"https:\/\/clinical.r-biopharm.com\/indication\/infections-sexuellement-transmissibles\/"},"modified":"2018-10-08T17:05:34","modified_gmt":"2018-10-08T15:05:34","slug":"infections-sexuellement-transmissibles","status":"publish","type":"page","link":"https:\/\/devclinical.r-biopharm.com\/fr\/indication\/infections-sexuellement-transmissibles\/","title":{"rendered":"Infections sexuellement transmissibles"},"content":{"rendered":"<div class=\"wpb-content-wrapper\">[mk_page_section padding_top=&#8221;30&#8243; padding_bottom=&#8221;30&#8243; sidebar=&#8221;sidebar-1&#8243;][vc_column width=&#8221;2\/3&#8243;][vc_column_text]<strong>Les infections sexuellement transmissibles (IST) sont transmises principalement lors de rapports sexuels et sont provoqu\u00e9es par plus de 30\u00a0agents pathog\u00e8nes diff\u00e9rents, notamment des virus, des bact\u00e9ries et des parasites. La contamination du sang ou du lait maternel peuvent \u00eatre \u00e0 l\u2019origine de la propagation non sexuelle de ces infections.<\/strong><\/p>\n<p>Les infections les plus r\u00e9pandues et actuellement curables sont les suivantes\u00a0: syphilis, gonorrh\u00e9e (Neisseria gonorrhoeae), chlamydia (Chlamydia trachomatis) et trichomonase (Trichomonas vaginalis). Selon les estimations, on d\u00e9nombre 357\u00a0millions de nouvelles infections chaque ann\u00e9e, dont une de ces quatre infections sexuellement transmissibles.<\/p>\n<p>En outre, plus d\u2019un million de nouvelles IST sont comptabilis\u00e9es dans le monde entier. Sans pr\u00e9vention ad\u00e9quate, les agents pathog\u00e8nes peuvent se propager facilement et une transmission de la m\u00e8re \u00e0 l\u2019enfant peut \u00e9galement avoir lieu. La situation est aggrav\u00e9e par le fait que la majorit\u00e9 des IST ne provoquent pas de sympt\u00f4mes manifestes ou causent des sympt\u00f4mes l\u00e9gers qui ne sont pas associ\u00e9s \u00e0 une infection sexuellement transmissible. Cela augmente le risque de propagation des infections \u00e0 des personnes non infect\u00e9es.<\/p>\n<h3 class=\"knubbel\">Sympt\u00f4mes et traitement des IST<\/h3>\n<p>Les sympt\u00f4mes habituels sont les suivants\u00a0: \u00e9coulement vaginal\/ur\u00e9tral, ulc\u00e8res g\u00e9nitaux et douleurs abdominales. Bien que les infections puissent se r\u00e9v\u00e9ler asymptomatiques, les IST peuvent avoir de graves cons\u00e9quences, comme par exemple des cas d\u2019infertilit\u00e9, des douleurs chroniques ou encore des d\u00e9c\u00e8s. De plus, les IST peuvent avoir un impact sur le nouveau-n\u00e9 si elles sont contract\u00e9es avant ou pendant la naissance.<\/p>\n<p>Les quatre IST curables (syphilis, gonorrh\u00e9e, chlamydia et trichomonase) sont trait\u00e9es avec divers antibiotiques, parfois combin\u00e9s. Ces traitements peuvent entra\u00eener le d\u00e9veloppement d\u2019une r\u00e9sistance aux m\u00e9dicaments, en particulier dans le cas de la gonorrh\u00e9e. Les infections par gonorrh\u00e9e peuvent \u00e9galement s\u2019accompagner d\u2019une chlamydia.<\/p>\n<p>Les r\u00e9sistances aux m\u00e9dicaments compliquent le traitement des IST et restent une menace pour la lutte contre les nouvelles infections d\u00e9velopp\u00e9es dans le monde entier. Afin de pr\u00e9venir avec efficacit\u00e9 les nouvelles infections ainsi que la transmission d\u2019IST et d\u2019am\u00e9liorer les r\u00e9sultats des traitements, une identification rapide et pr\u00e9cise des agents pathog\u00e8nes s\u2019impose.[\/vc_column_text][\/vc_column][vc_column width=&#8221;1\/3&#8243;][vc_column_text margin_bottom=&#8221;20&#8243;]\n<h3 style=\"margin-bottom: 25px;\">Choisissez une technologie<\/h3>\n<div class=\"facetwp-facet facetwp-facet-technology_fselect facetwp-type-fselect\" data-name=\"technology_fselect\" data-type=\"fselect\"><\/div>[\/vc_column_text][vc_column_text margin_bottom=&#8221;20&#8243;]\n<h3 style=\"margin-bottom: 25px;\">Choisissez un domaine diagnostique<\/h3>\n<div class=\"facetwp-facet facetwp-facet-diagnostics_fselect facetwp-type-fselect\" data-name=\"diagnostics_fselect\" data-type=\"fselect\"><\/div>[\/vc_column_text][vc_column_text margin_bottom=&#8221;40&#8243;]\n<h3 style=\"margin-bottom: 25px;\">Choisissez votre test pour le diagnostic d\u2019IST<\/h3>\n<div class=\"facetwp-template\" data-name=\"sexually_transmitted_infections\"><ul class=\"product_facets\"><\/ul><\/div>[\/vc_column_text][\/vc_column][\/mk_page_section][mk_page_section bg_color=&#8221;#f7f7f7&#8243; padding_top=&#8221;0&#8243; padding_bottom=&#8221;0&#8243; sidebar=&#8221;sidebar-1&#8243;][vc_column css=&#8221;.vc_custom_1469015765963{margin-top: 25px !important;padding-bottom: 5px !important;}&#8221;][vc_column_text margin_bottom=&#8221;20&#8243; css=&#8221;.vc_custom_1530189088099{margin-bottom: 20px !important;}&#8221;]\n<h2 class=\"knubbel\">Derni\u00e8res nouvelles<\/h2>\n[\/vc_column_text][mk_blog_carousel][\/vc_column][\/mk_page_section][mk_page_section bg_color=&#8221;#ffffff&#8221; padding_top=&#8221;0&#8243; sidebar=&#8221;sidebar-1&#8243;][vc_column css=&#8221;.vc_custom_1467042052405{margin-top: 40px !important;}&#8221;][vc_column_text margin_bottom=&#8221;20&#8243;]\n<h2 class=\"knubbel\">Vous pourriez \u00e9galement \u00eatre int\u00e9ress\u00e9 par<\/h2>\n[\/vc_column_text][vc_row_inner css=&#8221;.vc_custom_1468404266697{margin-bottom: 40px !important;}&#8221;][vc_column_inner width=&#8221;1\/3&#8243; css=&#8221;.vc_custom_1468416557833{padding-bottom: 10px !important;padding-left: 0px !important;}&#8221;][mk_flipbox_rb taxonomy=&#8221;indication&#8221; tag_indication=&#8221;sexually-transmitted-infections&#8221; min_height=&#8221;200&#8243; button_bg_color=&#8221;#4d4d4d&#8221; button_bg_hover_color=&#8221;#ffffff&#8221; button_text=&#8221;More&#8221;][\/vc_column_inner][vc_column_inner width=&#8221;1\/3&#8243; css=&#8221;.vc_custom_1468416552613{padding-right: 7.5px !important;padding-bottom: 10px !important;padding-left: 7.5px !important;}&#8221;][mk_flipbox_rb taxonomy=&#8221;indication&#8221; tag_indication=&#8221;sexually-transmitted-infections&#8221; offset=&#8221;1&#8243; min_height=&#8221;200&#8243; button_bg_color=&#8221;#4d4d4d&#8221; button_bg_hover_color=&#8221;#ffffff&#8221; button_text=&#8221;More&#8221;][\/vc_column_inner][vc_column_inner width=&#8221;1\/3&#8243; css=&#8221;.vc_custom_1468416547451{padding-right: 0px !important;padding-bottom: 10px !important;}&#8221;][mk_flipbox_rb taxonomy=&#8221;indication&#8221; tag_indication=&#8221;sexually-transmitted-infections&#8221; offset=&#8221;2&#8243; min_height=&#8221;200&#8243; button_bg_color=&#8221;#4d4d4d&#8221; button_bg_hover_color=&#8221;#ffffff&#8221; button_text=&#8221;More&#8221;][\/vc_column_inner][\/vc_row_inner][\/vc_column][\/mk_page_section][mk_page_section bg_color=&#8221;#f7f7f7&#8243; padding_top=&#8221;20&#8243; padding_bottom=&#8221;20&#8243; sidebar=&#8221;sidebar-1&#8243;][vc_column css=&#8221;.vc_custom_1468415774645{padding-top: 0px !important;padding-bottom: 0px !important;}&#8221;][vc_column_text disable_pattern=&#8221;false&#8221; align=&#8221;center&#8221;]\n<h2>Assistance sur les IST<\/h2>\n<p>Des questions\u00a0? Profitez de l\u2019expertise de notre \u00e9quipe. Nous sommes l\u00e0 pour vous aider, vous et votre entreprise, et assurer votre succ\u00e8s tout au long du processus de test[\/vc_column_text][mk_button dimension=&#8221;flat&#8221; url=&#8221;\/fr\/contact\/&#8221; align=&#8221;center&#8221; margin_bottom=&#8221;&#8221; bg_color=&#8221;#4d4d4d&#8221; btn_hover_bg=&#8221;#ffffff&#8221; btn_hover_txt_color=&#8221;#4d4d4d&#8221;]Contactez-nous[\/mk_button][\/vc_column][\/mk_page_section]\n<\/div>","protected":false},"excerpt":{"rendered":"<p>[mk_page_section padding_top=&#8221;30&#8243; padding_bottom=&#8221;30&#8243; sidebar=&#8221;sidebar-1&#8243;][vc_column width=&#8221;2\/3&#8243;][vc_column_text]Les infections sexuellement transmissibles (IST) sont transmises principalement lors de rapports sexuels et sont provoqu\u00e9es par plus de 30\u00a0agents pathog\u00e8nes diff\u00e9rents, notamment des virus, des bact\u00e9ries et des parasites. La contamination du sang ou du lait maternel peuvent \u00eatre \u00e0 l\u2019origine de la propagation non sexuelle de ces infections. Les infections [&hellip;]<\/p>\n","protected":false},"author":1,"featured_media":0,"parent":89046,"menu_order":0,"comment_status":"closed","ping_status":"closed","template":"","meta":{"content-type":"","_relevanssi_hide_post":"","_relevanssi_hide_content":"","_relevanssi_pin_for_all":"","_relevanssi_pin_keywords":"","_relevanssi_unpin_keywords":"","_relevanssi_related_keywords":"","_relevanssi_related_include_ids":"","_relevanssi_related_exclude_ids":"","_relevanssi_related_no_append":"","_relevanssi_related_not_related":"","_relevanssi_related_posts":"","_relevanssi_noindex_reason":"","footnotes":""},"acf":[],"yoast_head":"<!-- This site is optimized with the Yoast SEO plugin v21.9 - https:\/\/yoast.com\/wordpress\/plugins\/seo\/ -->\n<title>Infections sexuellement transmissibles\u00a0: Tests de diagnostic rapide pour les IST<\/title>\n<meta name=\"description\" content=\"Les infections sexuellement transmissibles peuvent \u00eatre dues \u00e0 divers agents pathog\u00e8nes. Nous proposons des tests innovants pour un diagnostic fiable des maladies sexuellement transmissibles.\" \/>\n<meta name=\"robots\" content=\"noindex, follow, max-snippet:-1, max-image-preview:large, max-video-preview:-1\" \/>\n<meta property=\"og:locale\" content=\"fr_FR\" \/>\n<meta property=\"og:type\" content=\"article\" \/>\n<meta property=\"og:title\" content=\"Infections sexuellement transmissibles\u00a0: Tests de diagnostic rapide pour les IST\" \/>\n<meta property=\"og:description\" content=\"Les infections sexuellement transmissibles peuvent \u00eatre dues \u00e0 divers agents pathog\u00e8nes. Nous proposons des tests innovants pour un diagnostic fiable des maladies sexuellement transmissibles.\" \/>\n<meta property=\"og:url\" content=\"https:\/\/devclinical.r-biopharm.com\/fr\/indication\/infections-sexuellement-transmissibles\/\" \/>\n<meta property=\"og:site_name\" content=\"\ud83d\udea8\ud83d\udea8\ud83d\udea8 Staging!!! Clinical Diagnostics \ud83d\udea8\ud83d\udea8\ud83d\udea8\" \/>\n<meta property=\"article:modified_time\" content=\"2018-10-08T15:05:34+00:00\" \/>\n<meta name=\"twitter:label1\" content=\"Est. reading time\" \/>\n\t<meta name=\"twitter:data1\" content=\"4 minutes\" \/>\n<script type=\"application\/ld+json\" class=\"yoast-schema-graph\">{\"@context\":\"https:\/\/schema.org\",\"@graph\":[{\"@type\":\"WebPage\",\"@id\":\"https:\/\/devclinical.r-biopharm.com\/fr\/indication\/infections-sexuellement-transmissibles\/\",\"url\":\"https:\/\/devclinical.r-biopharm.com\/fr\/indication\/infections-sexuellement-transmissibles\/\",\"name\":\"Infections sexuellement transmissibles\u00a0: Tests de diagnostic rapide pour les IST\",\"isPartOf\":{\"@id\":\"https:\/\/devdevclinical.r-biopharm.com\/#website\"},\"datePublished\":\"2015-10-05T09:44:28+00:00\",\"dateModified\":\"2018-10-08T15:05:34+00:00\",\"description\":\"Les infections sexuellement transmissibles peuvent \u00eatre dues \u00e0 divers agents pathog\u00e8nes. Nous proposons des tests innovants pour un diagnostic fiable des maladies sexuellement transmissibles.\",\"breadcrumb\":{\"@id\":\"https:\/\/devclinical.r-biopharm.com\/fr\/indication\/infections-sexuellement-transmissibles\/#breadcrumb\"},\"inLanguage\":\"fr-FR\",\"potentialAction\":[{\"@type\":\"ReadAction\",\"target\":[\"https:\/\/devclinical.r-biopharm.com\/fr\/indication\/infections-sexuellement-transmissibles\/\"]}]},{\"@type\":\"BreadcrumbList\",\"@id\":\"https:\/\/devclinical.r-biopharm.com\/fr\/indication\/infections-sexuellement-transmissibles\/#breadcrumb\",\"itemListElement\":[{\"@type\":\"ListItem\",\"position\":1,\"name\":\"Home\",\"item\":\"https:\/\/devclinical.r-biopharm.com\/fr\/\"},{\"@type\":\"ListItem\",\"position\":2,\"name\":\"Indication\",\"item\":\"https:\/\/devclinical.r-biopharm.com\/fr\/indication\/\"},{\"@type\":\"ListItem\",\"position\":3,\"name\":\"Infections sexuellement transmissibles\"}]},{\"@type\":\"WebSite\",\"@id\":\"https:\/\/devdevclinical.r-biopharm.com\/#website\",\"url\":\"https:\/\/devdevclinical.r-biopharm.com\/\",\"name\":\"\ud83d\udea8\ud83d\udea8\ud83d\udea8 Staging!!! Clinical Diagnostics \ud83d\udea8\ud83d\udea8\ud83d\udea8\",\"description\":\"A Division of the R-Biopharm Group\",\"potentialAction\":[{\"@type\":\"SearchAction\",\"target\":{\"@type\":\"EntryPoint\",\"urlTemplate\":\"https:\/\/devdevclinical.r-biopharm.com\/?s={search_term_string}\"},\"query-input\":\"required name=search_term_string\"}],\"inLanguage\":\"fr-FR\"}]}<\/script>\n<!-- \/ Yoast SEO plugin. -->","yoast_head_json":{"title":"Infections sexuellement transmissibles\u00a0: Tests de diagnostic rapide pour les IST","description":"Les infections sexuellement transmissibles peuvent \u00eatre dues \u00e0 divers agents pathog\u00e8nes. Nous proposons des tests innovants pour un diagnostic fiable des maladies sexuellement transmissibles.","robots":{"index":"noindex","follow":"follow","max-snippet":"max-snippet:-1","max-image-preview":"max-image-preview:large","max-video-preview":"max-video-preview:-1"},"og_locale":"fr_FR","og_type":"article","og_title":"Infections sexuellement transmissibles\u00a0: Tests de diagnostic rapide pour les IST","og_description":"Les infections sexuellement transmissibles peuvent \u00eatre dues \u00e0 divers agents pathog\u00e8nes. Nous proposons des tests innovants pour un diagnostic fiable des maladies sexuellement transmissibles.","og_url":"https:\/\/devclinical.r-biopharm.com\/fr\/indication\/infections-sexuellement-transmissibles\/","og_site_name":"\ud83d\udea8\ud83d\udea8\ud83d\udea8 Staging!!! Clinical Diagnostics \ud83d\udea8\ud83d\udea8\ud83d\udea8","article_modified_time":"2018-10-08T15:05:34+00:00","twitter_misc":{"Est. reading time":"4 minutes"},"schema":{"@context":"https:\/\/schema.org","@graph":[{"@type":"WebPage","@id":"https:\/\/devclinical.r-biopharm.com\/fr\/indication\/infections-sexuellement-transmissibles\/","url":"https:\/\/devclinical.r-biopharm.com\/fr\/indication\/infections-sexuellement-transmissibles\/","name":"Infections sexuellement transmissibles\u00a0: Tests de diagnostic rapide pour les IST","isPartOf":{"@id":"https:\/\/devdevclinical.r-biopharm.com\/#website"},"datePublished":"2015-10-05T09:44:28+00:00","dateModified":"2018-10-08T15:05:34+00:00","description":"Les infections sexuellement transmissibles peuvent \u00eatre dues \u00e0 divers agents pathog\u00e8nes. Nous proposons des tests innovants pour un diagnostic fiable des maladies sexuellement transmissibles.","breadcrumb":{"@id":"https:\/\/devclinical.r-biopharm.com\/fr\/indication\/infections-sexuellement-transmissibles\/#breadcrumb"},"inLanguage":"fr-FR","potentialAction":[{"@type":"ReadAction","target":["https:\/\/devclinical.r-biopharm.com\/fr\/indication\/infections-sexuellement-transmissibles\/"]}]},{"@type":"BreadcrumbList","@id":"https:\/\/devclinical.r-biopharm.com\/fr\/indication\/infections-sexuellement-transmissibles\/#breadcrumb","itemListElement":[{"@type":"ListItem","position":1,"name":"Home","item":"https:\/\/devclinical.r-biopharm.com\/fr\/"},{"@type":"ListItem","position":2,"name":"Indication","item":"https:\/\/devclinical.r-biopharm.com\/fr\/indication\/"},{"@type":"ListItem","position":3,"name":"Infections sexuellement transmissibles"}]},{"@type":"WebSite","@id":"https:\/\/devdevclinical.r-biopharm.com\/#website","url":"https:\/\/devdevclinical.r-biopharm.com\/","name":"\ud83d\udea8\ud83d\udea8\ud83d\udea8 Staging!!! Clinical Diagnostics \ud83d\udea8\ud83d\udea8\ud83d\udea8","description":"A Division of the R-Biopharm Group","potentialAction":[{"@type":"SearchAction","target":{"@type":"EntryPoint","urlTemplate":"https:\/\/devdevclinical.r-biopharm.com\/?s={search_term_string}"},"query-input":"required name=search_term_string"}],"inLanguage":"fr-FR"}]}},"_links":{"self":[{"href":"https:\/\/devclinical.r-biopharm.com\/fr\/wp-json\/wp\/v2\/pages\/89300"}],"collection":[{"href":"https:\/\/devclinical.r-biopharm.com\/fr\/wp-json\/wp\/v2\/pages"}],"about":[{"href":"https:\/\/devclinical.r-biopharm.com\/fr\/wp-json\/wp\/v2\/types\/page"}],"author":[{"embeddable":true,"href":"https:\/\/devclinical.r-biopharm.com\/fr\/wp-json\/wp\/v2\/users\/1"}],"replies":[{"embeddable":true,"href":"https:\/\/devclinical.r-biopharm.com\/fr\/wp-json\/wp\/v2\/comments?post=89300"}],"version-history":[{"count":12,"href":"https:\/\/devclinical.r-biopharm.com\/fr\/wp-json\/wp\/v2\/pages\/89300\/revisions"}],"predecessor-version":[{"id":91152,"href":"https:\/\/devclinical.r-biopharm.com\/fr\/wp-json\/wp\/v2\/pages\/89300\/revisions\/91152"}],"up":[{"embeddable":true,"href":"https:\/\/devclinical.r-biopharm.com\/fr\/wp-json\/wp\/v2\/pages\/89046"}],"wp:attachment":[{"href":"https:\/\/devclinical.r-biopharm.com\/fr\/wp-json\/wp\/v2\/media?parent=89300"}],"curies":[{"name":"wp","href":"https:\/\/api.w.org\/{rel}","templated":true}]}}