{"id":89353,"date":"2016-08-16T09:32:34","date_gmt":"2016-08-16T07:32:34","guid":{"rendered":"https:\/\/clinical.r-biopharm.com\/technologies\/tests-rapides\/"},"modified":"2019-07-08T15:53:07","modified_gmt":"2019-07-08T13:53:07","slug":"tests-rapides","status":"publish","type":"page","link":"https:\/\/devclinical.r-biopharm.com\/fr\/technologies\/tests-rapides\/","title":{"rendered":"Tests rapides"},"content":{"rendered":"<div class=\"wpb-content-wrapper\">[mk_page_section padding_top=&#8221;30&#8243; padding_bottom=&#8221;30&#8243; sidebar=&#8221;sidebar-1&#8243;][vc_column width=&#8221;2\/3&#8243;][vc_column_text]<strong>La gamme de produits RIDA\u00aeQUICK est une solution rapide de dosage immuno-chromatographique pour diagnostics cliniques. Les dosages immuno-chromatographiques constituent une solution rapide et pratique pour la d\u00e9tection qualitative des toxines ainsi que des antig\u00e8nes viraux et bact\u00e9riens.<\/strong><\/p>\n<p>Les dosages immuno-chromatographiques RIDA\u00aeQUICK sont propos\u00e9s en deux formats\u00a0:[\/vc_column_text][mk_custom_list style=&#8221;mk-moon-circle-small&#8221;]\n<ul>\n<li>Bandelette r\u00e9active\u00a0: la bandelette de test est plong\u00e9e dans le surnageant transparent de l\u2019\u00e9chantillon<\/li>\n<li>Cassettes\u00a0: les \u00e9chantillons sont vers\u00e9s dans le puits d\u2019\u00e9chantillons de la cassette de test<\/li>\n<\/ul>\n[\/mk_custom_list][vc_column_text]Les tests RIDA\u00aeQUICK sont des dosages immuno-chromatographiques en une \u00e9tape, avec des anticorps sp\u00e9cifiques aux antig\u00e8nes fix\u00e9s sur des particules de latex de couleurs diff\u00e9rentes. D\u2019autres anticorps sp\u00e9cifiques contre l\u2019agent pathog\u00e8ne sont fermement li\u00e9s \u00e0 la membrane. Il est \u00e9galement possible d\u2019utiliser des anticorps biotinyl\u00e9s et marqu\u00e9s \u00e0 l\u2019or, puis li\u00e9s ult\u00e9rieurement \u00e0 la biotine.<\/p>\n<p>Les produits RIDA\u00aeQUICK sont principalement d\u00e9di\u00e9s \u00e0 l\u2019analyse d\u2019\u00e9chantillons de selles. Tous les dosages immuno-chromatographiques RIDA\u00aeQUICK de R-Biopharm portent un marquage CE.[\/vc_column_text][vc_cta h2=&#8221;Plus d\u2019informations&#8221; shape=&#8221;square&#8221; style=&#8221;flat&#8221; color=&#8221;grey&#8221; add_button=&#8221;right&#8221; btn_title=&#8221;T\u00e9l\u00e9charger&#8221; btn_style=&#8221;flat&#8221; btn_shape=&#8221;square&#8221; btn_color=&#8221;inverse&#8221; btn_link=&#8221;url:https%3A%2F%2Fdevclinical.r-biopharm.com%2Fwp-content%2Fuploads%2Fsites%2F3%2F2015-03_rq_dipstick_and_cassettes_brochure_4p_en_lowres.pdf|target:%20_blank|&#8221;]Consultez notre brochure gratuite pour plus d\u2019informations sur nos tests rapides RIDA\u00aeQUICK.[\/vc_cta][\/vc_column][vc_column width=&#8221;1\/3&#8243;][vc_column_text margin_bottom=&#8221;20&#8243;]\n<h3 style=\"margin-bottom: 25px;\">Choisissez une indication<\/h3>\n<div class=\"facetwp-facet facetwp-facet-indication_fselect facetwp-type-fselect\" data-name=\"indication_fselect\" data-type=\"fselect\"><\/div>[\/vc_column_text][vc_column_text margin_bottom=&#8221;20&#8243;]\n<h3 style=\"margin-bottom: 25px;\">Choisissez un domaine diagnostique<\/h3>\n<div class=\"facetwp-facet facetwp-facet-diagnostics_fselect facetwp-type-fselect\" data-name=\"diagnostics_fselect\" data-type=\"fselect\"><\/div>[\/vc_column_text][vc_column_text margin_bottom=&#8221;40&#8243;]\n<h3 style=\"margin-bottom: 25px;\">Choisissez votre test rapide<\/h3>\n<div class=\"facetwp-template\" data-name=\"rapid_test\"><ul class=\"product_facets\"><\/ul><\/div>[\/vc_column_text][\/vc_column][\/mk_page_section][mk_page_section bg_color=&#8221;#f7f7f7&#8243; padding_top=&#8221;0&#8243; padding_bottom=&#8221;0&#8243; sidebar=&#8221;sidebar-1&#8243;][vc_column css=&#8221;.vc_custom_1469015765963{margin-top: 25px !important;padding-bottom: 5px !important;}&#8221;][vc_column_text margin_bottom=&#8221;20&#8243; css=&#8221;.vc_custom_1530189888087{margin-bottom: 20px !important;}&#8221;]\n<h2 class=\"knubbel\">Derni\u00e8res nouvelles<\/h2>\n[\/vc_column_text][mk_blog_carousel cat=&#8221;234&#8243;][\/vc_column][\/mk_page_section][mk_page_section bg_color=&#8221;#ffffff&#8221; padding_top=&#8221;0&#8243; sidebar=&#8221;sidebar-1&#8243;][vc_column css=&#8221;.vc_custom_1467042052405{margin-top: 40px !important;}&#8221;][vc_column_text margin_bottom=&#8221;20&#8243;]\n<h2 class=\"knubbel\">Vous pourriez \u00e9galement \u00eatre int\u00e9ress\u00e9 par<\/h2>\n[\/vc_column_text][vc_row_inner css=&#8221;.vc_custom_1468404266697{margin-bottom: 40px !important;}&#8221;][vc_column_inner width=&#8221;1\/3&#8243; css=&#8221;.vc_custom_1468416557833{padding-bottom: 10px !important;padding-left: 0px !important;}&#8221;][mk_flipbox_rb taxonomy=&#8221;technology&#8221; tag_technology=&#8221;rapid-test&#8221; min_height=&#8221;200&#8243; button_bg_color=&#8221;#4d4d4d&#8221; button_bg_hover_color=&#8221;#ffffff&#8221; button_text=&#8221;More&#8221;][\/vc_column_inner][vc_column_inner width=&#8221;1\/3&#8243; css=&#8221;.vc_custom_1468416552613{padding-right: 7.5px !important;padding-bottom: 10px !important;padding-left: 7.5px !important;}&#8221;][mk_flipbox_rb taxonomy=&#8221;technology&#8221; tag_technology=&#8221;rapid-test&#8221; offset=&#8221;1&#8243; min_height=&#8221;200&#8243; button_bg_color=&#8221;#4d4d4d&#8221; button_bg_hover_color=&#8221;#ffffff&#8221; button_text=&#8221;More&#8221;][\/vc_column_inner][vc_column_inner width=&#8221;1\/3&#8243; css=&#8221;.vc_custom_1468416547451{padding-right: 0px !important;padding-bottom: 10px !important;}&#8221;][mk_flipbox_rb taxonomy=&#8221;technology&#8221; tag_technology=&#8221;rapid-test&#8221; offset=&#8221;2&#8243; min_height=&#8221;200&#8243; button_bg_color=&#8221;#4d4d4d&#8221; button_bg_hover_color=&#8221;#ffffff&#8221; button_text=&#8221;More&#8221;][\/vc_column_inner][\/vc_row_inner][\/vc_column][\/mk_page_section][mk_page_section bg_color=&#8221;#f7f7f7&#8243; padding_top=&#8221;20&#8243; padding_bottom=&#8221;20&#8243; sidebar=&#8221;sidebar-1&#8243;][vc_column css=&#8221;.vc_custom_1468415774645{padding-top: 0px !important;padding-bottom: 0px !important;}&#8221;][vc_column_text disable_pattern=&#8221;false&#8221; align=&#8221;center&#8221;]\n<h2>Assistance technique pour les tests rapides<\/h2>\n<p>Des questions\u00a0? Profitez de l\u2019expertise de notre \u00e9quipe. Nous sommes l\u00e0 pour vous aider, vous et votre entreprise, et assurer votre succ\u00e8s tout au long du processus de test[\/vc_column_text][mk_button dimension=&#8221;flat&#8221; url=&#8221;\/fr\/contact\/&#8221; align=&#8221;center&#8221; margin_bottom=&#8221;&#8221; bg_color=&#8221;#4d4d4d&#8221; btn_hover_bg=&#8221;#ffffff&#8221; btn_hover_txt_color=&#8221;#4d4d4d&#8221;]Contactez-nous[\/mk_button][\/vc_column][\/mk_page_section]\n<\/div>","protected":false},"excerpt":{"rendered":"<p>[mk_page_section padding_top=&#8221;30&#8243; padding_bottom=&#8221;30&#8243; sidebar=&#8221;sidebar-1&#8243;][vc_column width=&#8221;2\/3&#8243;][vc_column_text]La gamme de produits RIDA\u00aeQUICK est une solution rapide de dosage immuno-chromatographique pour diagnostics cliniques. Les dosages immuno-chromatographiques constituent une solution rapide et pratique pour la d\u00e9tection qualitative des toxines ainsi que des antig\u00e8nes viraux et bact\u00e9riens. Les dosages immuno-chromatographiques RIDA\u00aeQUICK sont propos\u00e9s en deux formats\u00a0:[\/vc_column_text][mk_custom_list style=&#8221;mk-moon-circle-small&#8221;] Bandelette r\u00e9active\u00a0: la bandelette [&hellip;]<\/p>\n","protected":false},"author":1,"featured_media":0,"parent":89047,"menu_order":0,"comment_status":"closed","ping_status":"closed","template":"","meta":{"content-type":"","_relevanssi_hide_post":"","_relevanssi_hide_content":"","_relevanssi_pin_for_all":"","_relevanssi_pin_keywords":"","_relevanssi_unpin_keywords":"","_relevanssi_related_keywords":"","_relevanssi_related_include_ids":"","_relevanssi_related_exclude_ids":"","_relevanssi_related_no_append":"","_relevanssi_related_not_related":"","_relevanssi_related_posts":"","_relevanssi_noindex_reason":"","footnotes":""},"acf":[],"yoast_head":"<!-- This site is optimized with the Yoast SEO plugin v21.9 - https:\/\/yoast.com\/wordpress\/plugins\/seo\/ -->\n<title>Tests rapides\u00a0: Dosages immuno-chromatographiques destin\u00e9s au diagnostic clinique<\/title>\n<meta name=\"description\" content=\"Les dosages immuno-chromatographiques RIDA\u00aeQUICK constituent une solution rapide et pratique pour la d\u00e9tection qualitative des antig\u00e8nes viraux et bact\u00e9riens \u00e0 des fins de diagnostic clinique.\" \/>\n<meta name=\"robots\" content=\"noindex, follow, max-snippet:-1, max-image-preview:large, max-video-preview:-1\" \/>\n<meta property=\"og:locale\" content=\"fr_FR\" \/>\n<meta property=\"og:type\" content=\"article\" \/>\n<meta property=\"og:title\" content=\"Tests rapides\u00a0: Dosages immuno-chromatographiques destin\u00e9s au diagnostic clinique\" \/>\n<meta property=\"og:description\" content=\"Les dosages immuno-chromatographiques RIDA\u00aeQUICK constituent une solution rapide et pratique pour la d\u00e9tection qualitative des antig\u00e8nes viraux et bact\u00e9riens \u00e0 des fins de diagnostic clinique.\" \/>\n<meta property=\"og:url\" content=\"https:\/\/devclinical.r-biopharm.com\/fr\/technologies\/tests-rapides\/\" \/>\n<meta property=\"og:site_name\" content=\"\ud83d\udea8\ud83d\udea8\ud83d\udea8 Staging!!! Clinical Diagnostics \ud83d\udea8\ud83d\udea8\ud83d\udea8\" \/>\n<meta property=\"article:modified_time\" content=\"2019-07-08T13:53:07+00:00\" \/>\n<meta name=\"twitter:label1\" content=\"Est. reading time\" \/>\n\t<meta name=\"twitter:data1\" content=\"3 minutes\" \/>\n<script type=\"application\/ld+json\" class=\"yoast-schema-graph\">{\"@context\":\"https:\/\/schema.org\",\"@graph\":[{\"@type\":\"WebPage\",\"@id\":\"https:\/\/devclinical.r-biopharm.com\/fr\/technologies\/tests-rapides\/\",\"url\":\"https:\/\/devclinical.r-biopharm.com\/fr\/technologies\/tests-rapides\/\",\"name\":\"Tests rapides\u00a0: Dosages immuno-chromatographiques destin\u00e9s au diagnostic clinique\",\"isPartOf\":{\"@id\":\"https:\/\/devdevclinical.r-biopharm.com\/#website\"},\"datePublished\":\"2016-08-16T07:32:34+00:00\",\"dateModified\":\"2019-07-08T13:53:07+00:00\",\"description\":\"Les dosages immuno-chromatographiques RIDA\u00aeQUICK constituent une solution rapide et pratique pour la d\u00e9tection qualitative des antig\u00e8nes viraux et bact\u00e9riens \u00e0 des fins de diagnostic clinique.\",\"breadcrumb\":{\"@id\":\"https:\/\/devclinical.r-biopharm.com\/fr\/technologies\/tests-rapides\/#breadcrumb\"},\"inLanguage\":\"fr-FR\",\"potentialAction\":[{\"@type\":\"ReadAction\",\"target\":[\"https:\/\/devclinical.r-biopharm.com\/fr\/technologies\/tests-rapides\/\"]}]},{\"@type\":\"BreadcrumbList\",\"@id\":\"https:\/\/devclinical.r-biopharm.com\/fr\/technologies\/tests-rapides\/#breadcrumb\",\"itemListElement\":[{\"@type\":\"ListItem\",\"position\":1,\"name\":\"Home\",\"item\":\"https:\/\/devclinical.r-biopharm.com\/fr\/\"},{\"@type\":\"ListItem\",\"position\":2,\"name\":\"Technologies\",\"item\":\"https:\/\/devclinical.r-biopharm.com\/fr\/technologies\/\"},{\"@type\":\"ListItem\",\"position\":3,\"name\":\"Tests rapides\"}]},{\"@type\":\"WebSite\",\"@id\":\"https:\/\/devdevclinical.r-biopharm.com\/#website\",\"url\":\"https:\/\/devdevclinical.r-biopharm.com\/\",\"name\":\"\ud83d\udea8\ud83d\udea8\ud83d\udea8 Staging!!! Clinical Diagnostics \ud83d\udea8\ud83d\udea8\ud83d\udea8\",\"description\":\"A Division of the R-Biopharm Group\",\"potentialAction\":[{\"@type\":\"SearchAction\",\"target\":{\"@type\":\"EntryPoint\",\"urlTemplate\":\"https:\/\/devdevclinical.r-biopharm.com\/?s={search_term_string}\"},\"query-input\":\"required name=search_term_string\"}],\"inLanguage\":\"fr-FR\"}]}<\/script>\n<!-- \/ Yoast SEO plugin. -->","yoast_head_json":{"title":"Tests rapides\u00a0: Dosages immuno-chromatographiques destin\u00e9s au diagnostic clinique","description":"Les dosages immuno-chromatographiques RIDA\u00aeQUICK constituent une solution rapide et pratique pour la d\u00e9tection qualitative des antig\u00e8nes viraux et bact\u00e9riens \u00e0 des fins de diagnostic clinique.","robots":{"index":"noindex","follow":"follow","max-snippet":"max-snippet:-1","max-image-preview":"max-image-preview:large","max-video-preview":"max-video-preview:-1"},"og_locale":"fr_FR","og_type":"article","og_title":"Tests rapides\u00a0: Dosages immuno-chromatographiques destin\u00e9s au diagnostic clinique","og_description":"Les dosages immuno-chromatographiques RIDA\u00aeQUICK constituent une solution rapide et pratique pour la d\u00e9tection qualitative des antig\u00e8nes viraux et bact\u00e9riens \u00e0 des fins de diagnostic clinique.","og_url":"https:\/\/devclinical.r-biopharm.com\/fr\/technologies\/tests-rapides\/","og_site_name":"\ud83d\udea8\ud83d\udea8\ud83d\udea8 Staging!!! Clinical Diagnostics \ud83d\udea8\ud83d\udea8\ud83d\udea8","article_modified_time":"2019-07-08T13:53:07+00:00","twitter_misc":{"Est. reading time":"3 minutes"},"schema":{"@context":"https:\/\/schema.org","@graph":[{"@type":"WebPage","@id":"https:\/\/devclinical.r-biopharm.com\/fr\/technologies\/tests-rapides\/","url":"https:\/\/devclinical.r-biopharm.com\/fr\/technologies\/tests-rapides\/","name":"Tests rapides\u00a0: Dosages immuno-chromatographiques destin\u00e9s au diagnostic clinique","isPartOf":{"@id":"https:\/\/devdevclinical.r-biopharm.com\/#website"},"datePublished":"2016-08-16T07:32:34+00:00","dateModified":"2019-07-08T13:53:07+00:00","description":"Les dosages immuno-chromatographiques RIDA\u00aeQUICK constituent une solution rapide et pratique pour la d\u00e9tection qualitative des antig\u00e8nes viraux et bact\u00e9riens \u00e0 des fins de diagnostic clinique.","breadcrumb":{"@id":"https:\/\/devclinical.r-biopharm.com\/fr\/technologies\/tests-rapides\/#breadcrumb"},"inLanguage":"fr-FR","potentialAction":[{"@type":"ReadAction","target":["https:\/\/devclinical.r-biopharm.com\/fr\/technologies\/tests-rapides\/"]}]},{"@type":"BreadcrumbList","@id":"https:\/\/devclinical.r-biopharm.com\/fr\/technologies\/tests-rapides\/#breadcrumb","itemListElement":[{"@type":"ListItem","position":1,"name":"Home","item":"https:\/\/devclinical.r-biopharm.com\/fr\/"},{"@type":"ListItem","position":2,"name":"Technologies","item":"https:\/\/devclinical.r-biopharm.com\/fr\/technologies\/"},{"@type":"ListItem","position":3,"name":"Tests rapides"}]},{"@type":"WebSite","@id":"https:\/\/devdevclinical.r-biopharm.com\/#website","url":"https:\/\/devdevclinical.r-biopharm.com\/","name":"\ud83d\udea8\ud83d\udea8\ud83d\udea8 Staging!!! Clinical Diagnostics \ud83d\udea8\ud83d\udea8\ud83d\udea8","description":"A Division of the R-Biopharm Group","potentialAction":[{"@type":"SearchAction","target":{"@type":"EntryPoint","urlTemplate":"https:\/\/devdevclinical.r-biopharm.com\/?s={search_term_string}"},"query-input":"required name=search_term_string"}],"inLanguage":"fr-FR"}]}},"_links":{"self":[{"href":"https:\/\/devclinical.r-biopharm.com\/fr\/wp-json\/wp\/v2\/pages\/89353"}],"collection":[{"href":"https:\/\/devclinical.r-biopharm.com\/fr\/wp-json\/wp\/v2\/pages"}],"about":[{"href":"https:\/\/devclinical.r-biopharm.com\/fr\/wp-json\/wp\/v2\/types\/page"}],"author":[{"embeddable":true,"href":"https:\/\/devclinical.r-biopharm.com\/fr\/wp-json\/wp\/v2\/users\/1"}],"replies":[{"embeddable":true,"href":"https:\/\/devclinical.r-biopharm.com\/fr\/wp-json\/wp\/v2\/comments?post=89353"}],"version-history":[{"count":19,"href":"https:\/\/devclinical.r-biopharm.com\/fr\/wp-json\/wp\/v2\/pages\/89353\/revisions"}],"predecessor-version":[{"id":97419,"href":"https:\/\/devclinical.r-biopharm.com\/fr\/wp-json\/wp\/v2\/pages\/89353\/revisions\/97419"}],"up":[{"embeddable":true,"href":"https:\/\/devclinical.r-biopharm.com\/fr\/wp-json\/wp\/v2\/pages\/89047"}],"wp:attachment":[{"href":"https:\/\/devclinical.r-biopharm.com\/fr\/wp-json\/wp\/v2\/media?parent=89353"}],"curies":[{"name":"wp","href":"https:\/\/api.w.org\/{rel}","templated":true}]}}