{"id":89355,"date":"2016-11-24T14:52:11","date_gmt":"2016-11-24T13:52:11","guid":{"rendered":"https:\/\/clinical.r-biopharm.com\/technologies\/puces\/"},"modified":"2019-07-08T16:01:54","modified_gmt":"2019-07-08T14:01:54","slug":"puces","status":"publish","type":"page","link":"https:\/\/devclinical.r-biopharm.com\/fr\/technologies\/puces\/","title":{"rendered":"Puces"},"content":{"rendered":"<div class=\"wpb-content-wrapper\">[mk_page_section padding_top=&#8221;30&#8243; padding_bottom=&#8221;30&#8243; sidebar=&#8221;sidebar-1&#8243;][vc_column width=&#8221;2\/3&#8243;][vc_column_text css=&#8221;.vc_custom_1526638810898{margin-bottom: 0px !important;}&#8221;]<strong>Le syst\u00e8me <em>SeraSpot<\/em>\u00ae intelligent combine les fonctionnalit\u00e9s diagnostiques des technologies modernes de puces avec les avantages du dispositif ELISA automatique.<\/strong><\/p>\n<p>Les tests comprennent plusieurs auto-antig\u00e8nes ou antig\u00e8nes d\u2019agents pathog\u00e8nes. Les antig\u00e8nes sont fix\u00e9s directement au fond de chaque puits d\u2019une plaque de microtitration. L\u2019analyse efficace de 96\u00a0\u00e9chantillons de patient par plaque permet de d\u00e9tecter les <a href=\"\/fr\/diagnostics\/auto-immunite\/\">maladies auto-immunes<\/a> ou <a href=\"\/fr\/diagnostics\/bacteriologie\/\">infectieuses<\/a>. <em>SeraSpot<\/em>\u00ae est une solution compl\u00e8te qui comporte un kit de test, un scanner haute pr\u00e9cision et un logiciel convivial.[\/vc_column_text][vc_video max_width=&#8221;770&#8243; link=&#8221;https:\/\/www.youtube.com\/watch?v=FZxsLrq02i4&amp;t=1s?rel=0&#8243;][vc_empty_space][vc_column_text css=&#8221;.vc_custom_1511259020159{margin-bottom: 0px !important;}&#8221;]\n<h2 class=\"knubbel\"><em>SeraSpot<\/em>\u00ae r\u00e9pond\u2026<\/h2>\n[\/vc_column_text][mk_custom_list style=&#8221;mk-moon-circle-small&#8221;]\n<ul>\n<li>aux diverses exigences des laboratoires gr\u00e2ce \u00e0 une grande souplesse en termes de traitement des \u00e9chantillons et de combinaison de diff\u00e9rents tests\u00a0: le traitement simultan\u00e9 de diff\u00e9rentes micropuces est simplifi\u00e9 gr\u00e2ce au syst\u00e8me <em>SeraSpot<\/em>\u00ae qui combine diff\u00e9rents tests en nombre variable sur une plaque de microtitration ou une seule barrette.<\/li>\n<li>\u00e0 des crit\u00e8res de qualit\u00e9 stricts en raison des contr\u00f4les int\u00e9gr\u00e9s et de l\u2019utilisation d\u2019antig\u00e8nes cliniquement pertinents\u00a0: Tous les tests enregistrent une sensibilit\u00e9 et une sp\u00e9cificit\u00e9 \u00e9lev\u00e9es. Des contr\u00f4les int\u00e9gr\u00e9s et des puces \u00e0 code couleur garantissent un excellent niveau d\u2019assurance qualit\u00e9 interne. De plus, un marqueur de position de puits assure une lecture pr\u00e9cise des r\u00e9sultats des tests.<\/li>\n<li>aux besoins de l\u2019utilisateur en proposant un logiciel intuitif et un traitement automatis\u00e9\u00a0: <em>SeraSpot<\/em>\u00ae facilite le flux de travail du laboratoire en fournissant tous les r\u00e9actifs pr\u00eats \u00e0 l\u2019emploi ainsi que des protocoles de test universels pour tous les produits. Par cons\u00e9quent, le temps de pr\u00e9paration est r\u00e9duit au minimum et la proc\u00e9dure de test reste rapide et simple.<\/li>\n<\/ul>\n[\/mk_custom_list][vc_column_text]Gr\u00e2ce \u00e0 ces caract\u00e9ristiques particuli\u00e8res, <em>SeraSpot<\/em>\u00ae \u00e9tablit des diagnostics \u00e9conomiques et rentables.[\/vc_column_text][vc_cta h2=&#8221;Brochure&#8221; shape=&#8221;square&#8221; style=&#8221;flat&#8221; color=&#8221;grey&#8221; add_button=&#8221;right&#8221; btn_title=&#8221;T\u00e9l\u00e9charger&#8221; btn_shape=&#8221;square&#8221; btn_color=&#8221;inverse&#8221; btn_link=&#8221;url:https%3A%2F%2Fdevclinical.r-biopharm.com%2Fwp-content%2Fuploads%2Fsites%2F3%2F2019%2F06%2Fseraspot_4p_en_2019-03_lores.pdf||target:%20_blank|&#8221;]Consultez la brochure <em>SeraSpot\u00ae<\/em> pour des informations plus d\u00e9taill\u00e9es sur la technologie, les fonctionnalit\u00e9s et la proc\u00e9dure de test.<\/p>\n[\/vc_cta][vc_column_text css=&#8221;.vc_custom_1511258984981{margin-bottom: 0px !important;}&#8221;]\n<h2 class=\"knubbel\">Accessoires pour puces <em>SeraSpot<\/em>\u00ae<\/h2>\n[\/vc_column_text][mk_custom_list style=&#8221;mk-moon-circle-small&#8221;]\n<ul>\n<li><a href=\"https:\/\/devclinical.r-biopharm.com\/products\/spotsight-strip\/\">SpotSight\u00ae strip :<\/a> Lecteur de barrettes 8\u00a0puits pour puces <em>SeraSpot<\/em>\u00ae<\/li>\n<li><a href=\"https:\/\/devclinical.r-biopharm.com\/products\/spotsight-plate-mono\/\">SpotSight\u00ae plate mono :<\/a> Lecteur de plaques 96\u00a0puits pour puces <em>SeraSpot<\/em>\u00ae<\/li>\n<li><a href=\"https:\/\/devclinical.r-biopharm.com\/products\/spotsight-scan\/\">SpotSight\u00ae Scan\u00a0:<\/a> Logiciel d\u2019interpr\u00e9tation pour puces <em>SeraSpot<\/em>\u00ae<\/li>\n<\/ul>\n[\/mk_custom_list][\/vc_column][vc_column width=&#8221;1\/3&#8243;][vc_column_text margin_bottom=&#8221;20&#8243;]\n<p>&nbsp;<\/p>\n<h3 style=\"margin-bottom: 25px;\">Choisissez une indication<\/h3>\n<div class=\"facetwp-facet facetwp-facet-indication_fselect facetwp-type-fselect\" data-name=\"indication_fselect\" data-type=\"fselect\"><\/div>[\/vc_column_text][vc_column_text margin_bottom=&#8221;20&#8243;]\n<h3 style=\"margin-bottom: 25px;\">Choisissez un domaine diagnostique<\/h3>\n<div class=\"facetwp-facet facetwp-facet-diagnostics_fselect facetwp-type-fselect\" data-name=\"diagnostics_fselect\" data-type=\"fselect\"><\/div>[\/vc_column_text][vc_column_text margin_bottom=&#8221;40&#8243;]\n<h3 style=\"margin-bottom: 25px;\">Choisissez votre puce<\/h3>\n<div class=\"facetwp-template\" data-name=\"array\"><ul class=\"product_facets\"><\/ul><\/div>[\/vc_column_text][\/vc_column][\/mk_page_section][mk_page_section bg_color=&#8221;#f7f7f7&#8243; padding_top=&#8221;0&#8243; padding_bottom=&#8221;0&#8243; sidebar=&#8221;sidebar-1&#8243;][vc_column css=&#8221;.vc_custom_1469015765963{margin-top: 25px !important;padding-bottom: 5px !important;}&#8221;][vc_column_text margin_bottom=&#8221;20&#8243; css=&#8221;.vc_custom_1530189702733{margin-bottom: 20px !important;}&#8221;]\n<h2 class=\"knubbel\">Derni\u00e8res nouvelles<\/h2>\n[\/vc_column_text][mk_blog_carousel cat=&#8221;230&#8243;][\/vc_column][\/mk_page_section][mk_page_section bg_color=&#8221;#ffffff&#8221; padding_top=&#8221;0&#8243; sidebar=&#8221;sidebar-1&#8243;][vc_column css=&#8221;.vc_custom_1467042052405{margin-top: 40px !important;}&#8221;][vc_column_text margin_bottom=&#8221;20&#8243;]\n<h2 class=\"knubbel\">Vous pourriez \u00e9galement \u00eatre int\u00e9ress\u00e9 par<\/h2>\n[\/vc_column_text][vc_row_inner css=&#8221;.vc_custom_1468404266697{margin-bottom: 40px !important;}&#8221;][vc_column_inner width=&#8221;1\/3&#8243; css=&#8221;.vc_custom_1468416557833{padding-bottom: 10px !important;padding-left: 0px !important;}&#8221;][mk_flipbox_rb taxonomy=&#8221;technology&#8221; tag_technology=&#8221;array&#8221; min_height=&#8221;200&#8243; button_bg_color=&#8221;#4d4d4d&#8221; button_bg_hover_color=&#8221;#ffffff&#8221; button_text=&#8221;More&#8221;][\/vc_column_inner][vc_column_inner width=&#8221;1\/3&#8243; css=&#8221;.vc_custom_1468416552613{padding-right: 7.5px !important;padding-bottom: 10px !important;padding-left: 7.5px !important;}&#8221;][mk_flipbox_rb taxonomy=&#8221;technology&#8221; tag_technology=&#8221;array&#8221; offset=&#8221;1&#8243; min_height=&#8221;200&#8243; button_bg_color=&#8221;#4d4d4d&#8221; button_bg_hover_color=&#8221;#ffffff&#8221; button_text=&#8221;More&#8221;][\/vc_column_inner][vc_column_inner width=&#8221;1\/3&#8243; css=&#8221;.vc_custom_1468416547451{padding-right: 0px !important;padding-bottom: 10px !important;}&#8221;][mk_flipbox_rb taxonomy=&#8221;technology&#8221; tag_technology=&#8221;array&#8221; offset=&#8221;2&#8243; min_height=&#8221;200&#8243; button_bg_color=&#8221;#4d4d4d&#8221; button_bg_hover_color=&#8221;#ffffff&#8221; button_text=&#8221;More&#8221;][\/vc_column_inner][\/vc_row_inner][\/vc_column][\/mk_page_section][mk_page_section bg_color=&#8221;#f7f7f7&#8243; padding_top=&#8221;20&#8243; padding_bottom=&#8221;20&#8243; sidebar=&#8221;sidebar-1&#8243;][vc_column css=&#8221;.vc_custom_1468415774645{padding-top: 0px !important;padding-bottom: 0px !important;}&#8221;][vc_column_text disable_pattern=&#8221;false&#8221; align=&#8221;center&#8221;]\n<h2>Assistance technique pour les puces<\/h2>\n<p>Des questions\u00a0? Profitez de l\u2019expertise de notre \u00e9quipe. Nous sommes l\u00e0 pour vous aider, vous et votre entreprise, et assurer votre succ\u00e8s tout au long du processus de test[\/vc_column_text][mk_button dimension=&#8221;flat&#8221; url=&#8221;\/fr\/contact\/&#8221; align=&#8221;center&#8221; margin_bottom=&#8221;&#8221; bg_color=&#8221;#4d4d4d&#8221; btn_hover_bg=&#8221;#ffffff&#8221; btn_hover_txt_color=&#8221;#4d4d4d&#8221;]Contactez-nous[\/mk_button][\/vc_column][\/mk_page_section]\n<\/div>","protected":false},"excerpt":{"rendered":"<p>[mk_page_section padding_top=&#8221;30&#8243; padding_bottom=&#8221;30&#8243; sidebar=&#8221;sidebar-1&#8243;][vc_column width=&#8221;2\/3&#8243;][vc_column_text css=&#8221;.vc_custom_1526638810898{margin-bottom: 0px !important;}&#8221;]Le syst\u00e8me SeraSpot\u00ae intelligent combine les fonctionnalit\u00e9s diagnostiques des technologies modernes de puces avec les avantages du dispositif ELISA automatique. Les tests comprennent plusieurs auto-antig\u00e8nes ou antig\u00e8nes d\u2019agents pathog\u00e8nes. Les antig\u00e8nes sont fix\u00e9s directement au fond de chaque puits d\u2019une plaque de microtitration. L\u2019analyse efficace de 96\u00a0\u00e9chantillons de [&hellip;]<\/p>\n","protected":false},"author":1,"featured_media":0,"parent":89047,"menu_order":0,"comment_status":"closed","ping_status":"closed","template":"","meta":{"content-type":"","_relevanssi_hide_post":"","_relevanssi_hide_content":"","_relevanssi_pin_for_all":"","_relevanssi_pin_keywords":"","_relevanssi_unpin_keywords":"","_relevanssi_related_keywords":"","_relevanssi_related_include_ids":"","_relevanssi_related_exclude_ids":"","_relevanssi_related_no_append":"","_relevanssi_related_not_related":"","_relevanssi_related_posts":"","_relevanssi_noindex_reason":"","footnotes":""},"acf":[],"yoast_head":"<!-- This site is optimized with the Yoast SEO plugin v21.9 - https:\/\/yoast.com\/wordpress\/plugins\/seo\/ -->\n<title>Puces - Des micropuces innovantes pour des diagnostics multiplexes efficaces<\/title>\n<meta name=\"description\" content=\"Les micropuces sont des tests stables et polyvalents pour diverses applications dans le domaine du diagnostic clinique. Retrouvez toutes les puces de diagnostic clinique ici.\" \/>\n<meta name=\"robots\" content=\"noindex, follow, max-snippet:-1, max-image-preview:large, max-video-preview:-1\" \/>\n<meta property=\"og:locale\" content=\"fr_FR\" \/>\n<meta property=\"og:type\" content=\"article\" \/>\n<meta property=\"og:title\" content=\"Puces - Des micropuces innovantes pour des diagnostics multiplexes efficaces\" \/>\n<meta property=\"og:description\" content=\"Les micropuces sont des tests stables et polyvalents pour diverses applications dans le domaine du diagnostic clinique. Retrouvez toutes les puces de diagnostic clinique ici.\" \/>\n<meta property=\"og:url\" content=\"https:\/\/devclinical.r-biopharm.com\/fr\/technologies\/puces\/\" \/>\n<meta property=\"og:site_name\" content=\"\ud83d\udea8\ud83d\udea8\ud83d\udea8 Staging!!! Clinical Diagnostics \ud83d\udea8\ud83d\udea8\ud83d\udea8\" \/>\n<meta property=\"article:modified_time\" content=\"2019-07-08T14:01:54+00:00\" \/>\n<meta name=\"twitter:label1\" content=\"Est. reading time\" \/>\n\t<meta name=\"twitter:data1\" content=\"4 minutes\" \/>\n<script type=\"application\/ld+json\" class=\"yoast-schema-graph\">{\"@context\":\"https:\/\/schema.org\",\"@graph\":[{\"@type\":\"WebPage\",\"@id\":\"https:\/\/devclinical.r-biopharm.com\/fr\/technologies\/puces\/\",\"url\":\"https:\/\/devclinical.r-biopharm.com\/fr\/technologies\/puces\/\",\"name\":\"Puces - Des micropuces innovantes pour des diagnostics multiplexes efficaces\",\"isPartOf\":{\"@id\":\"https:\/\/devdevclinical.r-biopharm.com\/#website\"},\"datePublished\":\"2016-11-24T13:52:11+00:00\",\"dateModified\":\"2019-07-08T14:01:54+00:00\",\"description\":\"Les micropuces sont des tests stables et polyvalents pour diverses applications dans le domaine du diagnostic clinique. Retrouvez toutes les puces de diagnostic clinique ici.\",\"breadcrumb\":{\"@id\":\"https:\/\/devclinical.r-biopharm.com\/fr\/technologies\/puces\/#breadcrumb\"},\"inLanguage\":\"fr-FR\",\"potentialAction\":[{\"@type\":\"ReadAction\",\"target\":[\"https:\/\/devclinical.r-biopharm.com\/fr\/technologies\/puces\/\"]}]},{\"@type\":\"BreadcrumbList\",\"@id\":\"https:\/\/devclinical.r-biopharm.com\/fr\/technologies\/puces\/#breadcrumb\",\"itemListElement\":[{\"@type\":\"ListItem\",\"position\":1,\"name\":\"Home\",\"item\":\"https:\/\/devclinical.r-biopharm.com\/fr\/\"},{\"@type\":\"ListItem\",\"position\":2,\"name\":\"Technologies\",\"item\":\"https:\/\/devclinical.r-biopharm.com\/fr\/technologies\/\"},{\"@type\":\"ListItem\",\"position\":3,\"name\":\"Puces\"}]},{\"@type\":\"WebSite\",\"@id\":\"https:\/\/devdevclinical.r-biopharm.com\/#website\",\"url\":\"https:\/\/devdevclinical.r-biopharm.com\/\",\"name\":\"\ud83d\udea8\ud83d\udea8\ud83d\udea8 Staging!!! Clinical Diagnostics \ud83d\udea8\ud83d\udea8\ud83d\udea8\",\"description\":\"A Division of the R-Biopharm Group\",\"potentialAction\":[{\"@type\":\"SearchAction\",\"target\":{\"@type\":\"EntryPoint\",\"urlTemplate\":\"https:\/\/devdevclinical.r-biopharm.com\/?s={search_term_string}\"},\"query-input\":\"required name=search_term_string\"}],\"inLanguage\":\"fr-FR\"}]}<\/script>\n<!-- \/ Yoast SEO plugin. -->","yoast_head_json":{"title":"Puces - Des micropuces innovantes pour des diagnostics multiplexes efficaces","description":"Les micropuces sont des tests stables et polyvalents pour diverses applications dans le domaine du diagnostic clinique. Retrouvez toutes les puces de diagnostic clinique ici.","robots":{"index":"noindex","follow":"follow","max-snippet":"max-snippet:-1","max-image-preview":"max-image-preview:large","max-video-preview":"max-video-preview:-1"},"og_locale":"fr_FR","og_type":"article","og_title":"Puces - Des micropuces innovantes pour des diagnostics multiplexes efficaces","og_description":"Les micropuces sont des tests stables et polyvalents pour diverses applications dans le domaine du diagnostic clinique. Retrouvez toutes les puces de diagnostic clinique ici.","og_url":"https:\/\/devclinical.r-biopharm.com\/fr\/technologies\/puces\/","og_site_name":"\ud83d\udea8\ud83d\udea8\ud83d\udea8 Staging!!! Clinical Diagnostics \ud83d\udea8\ud83d\udea8\ud83d\udea8","article_modified_time":"2019-07-08T14:01:54+00:00","twitter_misc":{"Est. reading time":"4 minutes"},"schema":{"@context":"https:\/\/schema.org","@graph":[{"@type":"WebPage","@id":"https:\/\/devclinical.r-biopharm.com\/fr\/technologies\/puces\/","url":"https:\/\/devclinical.r-biopharm.com\/fr\/technologies\/puces\/","name":"Puces - Des micropuces innovantes pour des diagnostics multiplexes efficaces","isPartOf":{"@id":"https:\/\/devdevclinical.r-biopharm.com\/#website"},"datePublished":"2016-11-24T13:52:11+00:00","dateModified":"2019-07-08T14:01:54+00:00","description":"Les micropuces sont des tests stables et polyvalents pour diverses applications dans le domaine du diagnostic clinique. Retrouvez toutes les puces de diagnostic clinique ici.","breadcrumb":{"@id":"https:\/\/devclinical.r-biopharm.com\/fr\/technologies\/puces\/#breadcrumb"},"inLanguage":"fr-FR","potentialAction":[{"@type":"ReadAction","target":["https:\/\/devclinical.r-biopharm.com\/fr\/technologies\/puces\/"]}]},{"@type":"BreadcrumbList","@id":"https:\/\/devclinical.r-biopharm.com\/fr\/technologies\/puces\/#breadcrumb","itemListElement":[{"@type":"ListItem","position":1,"name":"Home","item":"https:\/\/devclinical.r-biopharm.com\/fr\/"},{"@type":"ListItem","position":2,"name":"Technologies","item":"https:\/\/devclinical.r-biopharm.com\/fr\/technologies\/"},{"@type":"ListItem","position":3,"name":"Puces"}]},{"@type":"WebSite","@id":"https:\/\/devdevclinical.r-biopharm.com\/#website","url":"https:\/\/devdevclinical.r-biopharm.com\/","name":"\ud83d\udea8\ud83d\udea8\ud83d\udea8 Staging!!! Clinical Diagnostics \ud83d\udea8\ud83d\udea8\ud83d\udea8","description":"A Division of the R-Biopharm Group","potentialAction":[{"@type":"SearchAction","target":{"@type":"EntryPoint","urlTemplate":"https:\/\/devdevclinical.r-biopharm.com\/?s={search_term_string}"},"query-input":"required name=search_term_string"}],"inLanguage":"fr-FR"}]}},"_links":{"self":[{"href":"https:\/\/devclinical.r-biopharm.com\/fr\/wp-json\/wp\/v2\/pages\/89355"}],"collection":[{"href":"https:\/\/devclinical.r-biopharm.com\/fr\/wp-json\/wp\/v2\/pages"}],"about":[{"href":"https:\/\/devclinical.r-biopharm.com\/fr\/wp-json\/wp\/v2\/types\/page"}],"author":[{"embeddable":true,"href":"https:\/\/devclinical.r-biopharm.com\/fr\/wp-json\/wp\/v2\/users\/1"}],"replies":[{"embeddable":true,"href":"https:\/\/devclinical.r-biopharm.com\/fr\/wp-json\/wp\/v2\/comments?post=89355"}],"version-history":[{"count":25,"href":"https:\/\/devclinical.r-biopharm.com\/fr\/wp-json\/wp\/v2\/pages\/89355\/revisions"}],"predecessor-version":[{"id":97426,"href":"https:\/\/devclinical.r-biopharm.com\/fr\/wp-json\/wp\/v2\/pages\/89355\/revisions\/97426"}],"up":[{"embeddable":true,"href":"https:\/\/devclinical.r-biopharm.com\/fr\/wp-json\/wp\/v2\/pages\/89047"}],"wp:attachment":[{"href":"https:\/\/devclinical.r-biopharm.com\/fr\/wp-json\/wp\/v2\/media?parent=89355"}],"curies":[{"name":"wp","href":"https:\/\/api.w.org\/{rel}","templated":true}]}}