{"id":89378,"date":"2016-12-15T15:28:07","date_gmt":"2016-12-15T14:28:07","guid":{"rendered":"https:\/\/clinical.r-biopharm.com\/indication\/suivi-therapeutique-pharmacologique\/"},"modified":"2020-06-03T15:21:33","modified_gmt":"2020-06-03T13:21:33","slug":"suivi-therapeutique-pharmacologique","status":"publish","type":"page","link":"https:\/\/devclinical.r-biopharm.com\/fr\/indication\/suivi-therapeutique-pharmacologique\/","title":{"rendered":"Suivi th\u00e9rapeutique pharmacologique"},"content":{"rendered":"<div class=\"wpb-content-wrapper\">[mk_page_section padding_top=&#8221;30&#8243; padding_bottom=&#8221;30&#8243; sidebar=&#8221;sidebar-1&#8243;][vc_column width=&#8221;2\/3&#8243;][vc_column_text css=&#8221;.vc_custom_1530264880672{margin-bottom: 0px !important;}&#8221;]\n<div id=\"text-block-3\" class=\"mk-text-block \">\n<p><strong>Gr\u00e2ce \u00e0 nos tests ELISA de suivi th\u00e9rapeutique pharmacologique (STP) et au dosage immuno-chromatographique, vous pouvez v\u00e9rifier la concentration du m\u00e9dicament dans le sang du patient afin d\u2019ajuster le dosage en fonction de ses besoins.<\/strong><\/p>\n<p>Les agents bloquants oncon\u00e9crosants-\u03b1 sont des agents biologiques utilis\u00e9s pour le traitement des maladies inflammatoires telles que la rectocolite h\u00e9morragique, la maladie de Crohn et l\u2019arthrite rhumato\u00efde. L\u2019infliximab (IFX, Remicade\u00ae, Remsima\u2122, Inflectra\u00ae) ainsi que l\u2019adalimumab (ADM, Humira\u00ae) appartiennent \u00e0 ce groupe de m\u00e9dicaments.<\/p><\/div>\n[\/vc_column_text][vc_video link=&#8221;https:\/\/www.youtube.com\/watch?v=K2fW_PkBAAw&#8221;][vc_empty_space][vc_column_text css=&#8221;.vc_custom_1530264905749{margin-bottom: 0px !important;}&#8221;]\n<div id=\"text-block-3\" class=\"mk-text-block \">\n<h3 class=\"knubbel\">Comment fonctionnent les anti-TNF-\u03b1\u00a0?<\/h3>\n<p>Lorsqu\u2019une inflammation d\u00e9marre, les cellules du syst\u00e8me immunitaire augmentent la production du TNF-\u03b1. Les facteurs oncon\u00e9crosants-\u03b1 se lient \u00e0 des r\u00e9cepteurs sp\u00e9cifiques, ce qui d\u00e9clenche le signal du processus inflammatoire.<\/p>\n<p>En cas d&#8217;inflammation chronique, le syst\u00e8me immunitaire produit en continu des facteurs oncon\u00e9crosants-\u03b1, de sorte que l\u2019inflammation ne cesse pas. Les anti-TNF-\u03b1 interrompent ce cycle en se liant au TNF-\u03b1 messager. Ainsi, la mol\u00e9cule ne peut plus se lier au r\u00e9cepteur, de sorte que la cascade de signaux du processus inflammatoire est interrompue. Par cons\u00e9quent, l\u2019inflammation et ses sympt\u00f4mes peuvent diminuer, voire cesser.<\/p><\/div>\n[\/vc_column_text][mk_image_slideshow images=&#8221;75804,75807,75808&#8243; pause_on_hover=&#8221;true&#8221;][vc_empty_space][vc_column_text css=&#8221;.vc_custom_1530264935558{margin-bottom: 0px !important;}&#8221;]\n<div id=\"text-block-4\" class=\"mk-text-block \">\n<h3 class=\"knubbel\">Ajustement de la dose individuelle par mesure des concentrations de m\u00e9dicament et de l\u2019immunog\u00e9nicit\u00e9<\/h3>\n<p>Pour permettre aux anti-TNF-\u03b1 de fonctionner de mani\u00e8re optimale, il est important de v\u00e9rifier r\u00e9guli\u00e8rement leur concentration minimale puisque la biodisponibilit\u00e9 varie d\u2019une personne \u00e0 l\u2019autre. La concentration minimale (CM) correspond \u00e0 la concentration de m\u00e9dicament dans le sang mesur\u00e9e juste avant les prochaines perfusions.<\/p>\n<p>De plus, l\u2019immunog\u00e9nicit\u00e9 a un impact sur l\u2019efficacit\u00e9 du m\u00e9dicament. Les anticorps anti-m\u00e9dicament (ADA) se lient au m\u00e9dicament et peuvent donner lieu \u00e0 une baisse de la disponibilit\u00e9 du m\u00e9dicament dans le m\u00e9tabolisme ainsi qu\u2019\u00e0 des r\u00e9actions allergiques. Le suivi th\u00e9rapeutique et les concentrations d\u2019anticorps anti-m\u00e9dicament des anti-TNF-\u03b1 permettent d\u2019op\u00e9rer un ajustement optimal du traitement en fonction des besoins individuels du patient.<\/p><\/div>\n[\/vc_column_text][vc_column_text css=&#8221;.vc_custom_1530264988415{margin-bottom: 0px !important;}&#8221;]\n<div id=\"text-block-5\" class=\"mk-text-block \">\n<h3 class=\"knubbel\">Ajustement du traitement en fonction du suivi th\u00e9rapeutique pharmacologique<\/h3>\n<p>L\u2019algorithme TAXIT (TAXIT = traitement par infliximab adapt\u00e9 \u00e0 la concentration minimale) est une recommandation d\u2019adaptation th\u00e9rapeutique reposant sur les r\u00e9sultats des concentrations minimales et des concentrations d\u2019anticorps anti-m\u00e9dicament d\u2019infliximab. Ce r\u00e9sultat est tir\u00e9 de l\u2019\u00e9tude r\u00e9alis\u00e9e par Nils Vande Casteele et coll. (KU Leuven) qui s\u2019est int\u00e9ress\u00e9 \u00e0 l\u2019effet du suivi th\u00e9rapeutique sur le r\u00e9sultat d\u2019un traitement \u00e0 base de facteurs oncon\u00e9crosants-\u03b1.<\/p>\n<p>L\u2019\u00e9tude d\u00e9montre l\u2019effet positif du STP en termes d\u2019optimisation th\u00e9rapeutique et de r\u00e9duction du co\u00fbt du traitement. De plus, elle indique qu\u2019il n\u2019est pas n\u00e9cessaire d\u2019ex\u00e9cuter un d\u00e9pistage standardis\u00e9 des anticorps anti-m\u00e9dicament mais uniquement chez les patients pr\u00e9sentant une concentration minimale ind\u00e9tectable d\u2019infliximab. <a href=\"https:\/\/devclinical.r-biopharm.com\/products\/ridascreen-ifx-monitoring\/\">RIDASCREEN\u00ae IFX Monitoring<\/a> et <a href=\"https:\/\/devclinical.r-biopharm.com\/products\/ridascreen-anti-ifx-antibodies\/\">RIDASCREEN\u00ae Anti-IFX Antibodies<\/a> reposent sur les tests utilis\u00e9s dans cette \u00e9tude.<\/div>\n[\/vc_column_text][vc_cta h2=&#8221;Plus d\u2019informations&#8221; shape=&#8221;square&#8221; style=&#8221;flat&#8221; color=&#8221;grey&#8221; add_button=&#8221;right&#8221; btn_title=&#8221;T\u00e9l\u00e9charger&#8221; btn_style=&#8221;flat&#8221; btn_shape=&#8221;square&#8221; btn_color=&#8221;inverse&#8221; btn_link=&#8221;url:https%3A%2F%2Fdevclinical.r-biopharm.com%2Fwp-content%2Fuploads%2Fsites%2F3%2F2017%2F12%2F2017-12_gastro_rsrq_tdm_2p_en_lores.pdf|target:%20_blank|&#8221;]Consultez notre brochure gratuite pour plus d\u2019informations sur le suivi th\u00e9rapeutique pharmacologique.[\/vc_cta][\/vc_column][vc_column width=&#8221;1\/3&#8243;][vc_column_text margin_bottom=&#8221;40&#8243; css=&#8221;.vc_custom_1530264857801{margin-bottom: 40px !important;}&#8221;]\n<h3 style=\"margin-bottom: 25px;\">Choisissez une technologie<\/h3>\n<div class=\"facetwp-facet facetwp-facet-technology_fselect facetwp-type-fselect\" data-name=\"technology_fselect\" data-type=\"fselect\"><\/div>\n<h3 style=\"margin-bottom: 25px;\">Choisissez votre produit de STP<\/h3>\n<div class=\"facetwp-template\" data-name=\"therapeutic_drug_monitoring\"><ul class=\"product_facets\"><\/ul><\/div>[\/vc_column_text][\/vc_column][\/mk_page_section][mk_page_section bg_color=&#8221;#f7f7f7&#8243; padding_top=&#8221;0&#8243; padding_bottom=&#8221;0&#8243; sidebar=&#8221;sidebar-1&#8243;][vc_column css=&#8221;.vc_custom_1469015765963{margin-top: 25px !important;padding-bottom: 5px !important;}&#8221;][vc_column_text margin_bottom=&#8221;20&#8243; css=&#8221;.vc_custom_1530264999971{margin-bottom: 20px !important;}&#8221;]\n<h2 class=\"knubbel\">Derni\u00e8res nouvelles<\/h2>\n[\/vc_column_text][mk_blog_carousel cat=&#8221;228&#8243;][\/vc_column][\/mk_page_section][mk_page_section bg_color=&#8221;#ffffff&#8221; padding_top=&#8221;0&#8243; sidebar=&#8221;sidebar-1&#8243;][vc_column css=&#8221;.vc_custom_1467042052405{margin-top: 40px !important;}&#8221;][vc_column_text margin_bottom=&#8221;20&#8243; css=&#8221;.vc_custom_1530265010955{margin-bottom: 20px !important;}&#8221;]\n<h2 class=\"knubbel\">Vous pourriez \u00e9galement \u00eatre int\u00e9ress\u00e9 par<\/h2>\n[\/vc_column_text][vc_row_inner css=&#8221;.vc_custom_1468404266697{margin-bottom: 40px !important;}&#8221;][vc_column_inner width=&#8221;1\/3&#8243; css=&#8221;.vc_custom_1468416557833{padding-bottom: 10px !important;padding-left: 0px !important;}&#8221;][mk_flipbox_rb taxonomy=&#8221;indication&#8221; tag_indication=&#8221;therapeutic-drug-monitoring&#8221; min_height=&#8221;200&#8243; button_bg_color=&#8221;#4d4d4d&#8221; button_bg_hover_color=&#8221;#ffffff&#8221; button_text=&#8221;More&#8221;][\/vc_column_inner][vc_column_inner width=&#8221;1\/3&#8243; css=&#8221;.vc_custom_1468416552613{padding-right: 7.5px !important;padding-bottom: 10px !important;padding-left: 7.5px !important;}&#8221;][mk_flipbox_rb taxonomy=&#8221;indication&#8221; tag_indication=&#8221;therapeutic-drug-monitoring&#8221; offset=&#8221;1&#8243; min_height=&#8221;200&#8243; button_bg_color=&#8221;#4d4d4d&#8221; button_bg_hover_color=&#8221;#ffffff&#8221; button_text=&#8221;More&#8221;][\/vc_column_inner][vc_column_inner width=&#8221;1\/3&#8243; css=&#8221;.vc_custom_1468416547451{padding-right: 0px !important;padding-bottom: 10px !important;}&#8221;][mk_flipbox_rb taxonomy=&#8221;indication&#8221; tag_indication=&#8221;therapeutic-drug-monitoring&#8221; offset=&#8221;2&#8243; min_height=&#8221;200&#8243; button_bg_color=&#8221;#4d4d4d&#8221; button_bg_hover_color=&#8221;#ffffff&#8221; button_text=&#8221;More&#8221;][\/vc_column_inner][\/vc_row_inner][\/vc_column][\/mk_page_section][mk_page_section bg_color=&#8221;#f7f7f7&#8243; padding_top=&#8221;20&#8243; padding_bottom=&#8221;20&#8243; sidebar=&#8221;sidebar-1&#8243;][vc_column css=&#8221;.vc_custom_1468415774645{padding-top: 0px !important;padding-bottom: 0px !important;}&#8221;][vc_column_text disable_pattern=&#8221;false&#8221; align=&#8221;center&#8221; css=&#8221;.vc_custom_1530265027504{margin-bottom: 0px !important;}&#8221;]\n<h2>Assistance technique pour le STP<\/h2>\n<p>Des questions\u00a0? Profitez de l\u2019expertise de notre \u00e9quipe. Nous sommes l\u00e0 pour vous aider, vous et votre entreprise, et assurer votre succ\u00e8s tout au long du processus de test[\/vc_column_text][mk_button dimension=&#8221;flat&#8221; url=&#8221;\/fr\/contact\/&#8221; align=&#8221;center&#8221; margin_bottom=&#8221;&#8221; bg_color=&#8221;#4d4d4d&#8221; btn_hover_bg=&#8221;#ffffff&#8221; btn_hover_txt_color=&#8221;#4d4d4d&#8221;]Contactez-nous[\/mk_button][\/vc_column][\/mk_page_section]\n<\/div>","protected":false},"excerpt":{"rendered":"<p>[mk_page_section padding_top=&#8221;30&#8243; padding_bottom=&#8221;30&#8243; sidebar=&#8221;sidebar-1&#8243;][vc_column width=&#8221;2\/3&#8243;][vc_column_text css=&#8221;.vc_custom_1530264880672{margin-bottom: 0px !important;}&#8221;] Gr\u00e2ce \u00e0 nos tests ELISA de suivi th\u00e9rapeutique pharmacologique (STP) et au dosage immuno-chromatographique, vous pouvez v\u00e9rifier la concentration du m\u00e9dicament dans le sang du patient afin d\u2019ajuster le dosage en fonction de ses besoins. Les agents bloquants oncon\u00e9crosants-\u03b1 sont des agents biologiques utilis\u00e9s pour le traitement [&hellip;]<\/p>\n","protected":false},"author":1,"featured_media":0,"parent":89046,"menu_order":0,"comment_status":"closed","ping_status":"closed","template":"","meta":{"content-type":"","_relevanssi_hide_post":"","_relevanssi_hide_content":"","_relevanssi_pin_for_all":"","_relevanssi_pin_keywords":"","_relevanssi_unpin_keywords":"","_relevanssi_related_keywords":"","_relevanssi_related_include_ids":"","_relevanssi_related_exclude_ids":"","_relevanssi_related_no_append":"","_relevanssi_related_not_related":"","_relevanssi_related_posts":"","_relevanssi_noindex_reason":"","footnotes":""},"acf":[],"yoast_head":"<!-- This site is optimized with the Yoast SEO plugin v21.9 - https:\/\/yoast.com\/wordpress\/plugins\/seo\/ -->\n<title>Suivi th\u00e9rapeutique pharmacologique (STP) - Solutions efficaces par R-Biopharm<\/title>\n<meta name=\"description\" content=\"Le suivi th\u00e9rapeutique pharmacologique (STP) vous permet de mesurer la concentration d\u2019un m\u00e9dicament donn\u00e9 dans le sang du patient afin d\u2019ajuster le dosage au cas par cas.\" \/>\n<meta name=\"robots\" content=\"noindex, follow, max-snippet:-1, max-image-preview:large, max-video-preview:-1\" \/>\n<meta property=\"og:locale\" content=\"fr_FR\" \/>\n<meta property=\"og:type\" content=\"article\" \/>\n<meta property=\"og:title\" content=\"Suivi th\u00e9rapeutique pharmacologique (STP) - Solutions efficaces par R-Biopharm\" \/>\n<meta property=\"og:description\" content=\"Le suivi th\u00e9rapeutique pharmacologique (STP) vous permet de mesurer la concentration d\u2019un m\u00e9dicament donn\u00e9 dans le sang du patient afin d\u2019ajuster le dosage au cas par cas.\" \/>\n<meta property=\"og:url\" content=\"https:\/\/devclinical.r-biopharm.com\/fr\/indication\/suivi-therapeutique-pharmacologique\/\" \/>\n<meta property=\"og:site_name\" content=\"\ud83d\udea8\ud83d\udea8\ud83d\udea8 Staging!!! Clinical Diagnostics \ud83d\udea8\ud83d\udea8\ud83d\udea8\" \/>\n<meta property=\"article:modified_time\" content=\"2020-06-03T13:21:33+00:00\" \/>\n<meta name=\"twitter:label1\" content=\"Est. reading time\" \/>\n\t<meta name=\"twitter:data1\" content=\"5 minutes\" \/>\n<script type=\"application\/ld+json\" class=\"yoast-schema-graph\">{\"@context\":\"https:\/\/schema.org\",\"@graph\":[{\"@type\":\"WebPage\",\"@id\":\"https:\/\/devclinical.r-biopharm.com\/fr\/indication\/suivi-therapeutique-pharmacologique\/\",\"url\":\"https:\/\/devclinical.r-biopharm.com\/fr\/indication\/suivi-therapeutique-pharmacologique\/\",\"name\":\"Suivi th\u00e9rapeutique pharmacologique (STP) - Solutions efficaces par R-Biopharm\",\"isPartOf\":{\"@id\":\"https:\/\/devdevclinical.r-biopharm.com\/#website\"},\"datePublished\":\"2016-12-15T14:28:07+00:00\",\"dateModified\":\"2020-06-03T13:21:33+00:00\",\"description\":\"Le suivi th\u00e9rapeutique pharmacologique (STP) vous permet de mesurer la concentration d\u2019un m\u00e9dicament donn\u00e9 dans le sang du patient afin d\u2019ajuster le dosage au cas par cas.\",\"breadcrumb\":{\"@id\":\"https:\/\/devclinical.r-biopharm.com\/fr\/indication\/suivi-therapeutique-pharmacologique\/#breadcrumb\"},\"inLanguage\":\"fr-FR\",\"potentialAction\":[{\"@type\":\"ReadAction\",\"target\":[\"https:\/\/devclinical.r-biopharm.com\/fr\/indication\/suivi-therapeutique-pharmacologique\/\"]}]},{\"@type\":\"BreadcrumbList\",\"@id\":\"https:\/\/devclinical.r-biopharm.com\/fr\/indication\/suivi-therapeutique-pharmacologique\/#breadcrumb\",\"itemListElement\":[{\"@type\":\"ListItem\",\"position\":1,\"name\":\"Home\",\"item\":\"https:\/\/devclinical.r-biopharm.com\/fr\/\"},{\"@type\":\"ListItem\",\"position\":2,\"name\":\"Indication\",\"item\":\"https:\/\/devclinical.r-biopharm.com\/fr\/indication\/\"},{\"@type\":\"ListItem\",\"position\":3,\"name\":\"Suivi th\u00e9rapeutique pharmacologique\"}]},{\"@type\":\"WebSite\",\"@id\":\"https:\/\/devdevclinical.r-biopharm.com\/#website\",\"url\":\"https:\/\/devdevclinical.r-biopharm.com\/\",\"name\":\"\ud83d\udea8\ud83d\udea8\ud83d\udea8 Staging!!! Clinical Diagnostics \ud83d\udea8\ud83d\udea8\ud83d\udea8\",\"description\":\"A Division of the R-Biopharm Group\",\"potentialAction\":[{\"@type\":\"SearchAction\",\"target\":{\"@type\":\"EntryPoint\",\"urlTemplate\":\"https:\/\/devdevclinical.r-biopharm.com\/?s={search_term_string}\"},\"query-input\":\"required name=search_term_string\"}],\"inLanguage\":\"fr-FR\"}]}<\/script>\n<!-- \/ Yoast SEO plugin. -->","yoast_head_json":{"title":"Suivi th\u00e9rapeutique pharmacologique (STP) - Solutions efficaces par R-Biopharm","description":"Le suivi th\u00e9rapeutique pharmacologique (STP) vous permet de mesurer la concentration d\u2019un m\u00e9dicament donn\u00e9 dans le sang du patient afin d\u2019ajuster le dosage au cas par cas.","robots":{"index":"noindex","follow":"follow","max-snippet":"max-snippet:-1","max-image-preview":"max-image-preview:large","max-video-preview":"max-video-preview:-1"},"og_locale":"fr_FR","og_type":"article","og_title":"Suivi th\u00e9rapeutique pharmacologique (STP) - Solutions efficaces par R-Biopharm","og_description":"Le suivi th\u00e9rapeutique pharmacologique (STP) vous permet de mesurer la concentration d\u2019un m\u00e9dicament donn\u00e9 dans le sang du patient afin d\u2019ajuster le dosage au cas par cas.","og_url":"https:\/\/devclinical.r-biopharm.com\/fr\/indication\/suivi-therapeutique-pharmacologique\/","og_site_name":"\ud83d\udea8\ud83d\udea8\ud83d\udea8 Staging!!! Clinical Diagnostics \ud83d\udea8\ud83d\udea8\ud83d\udea8","article_modified_time":"2020-06-03T13:21:33+00:00","twitter_misc":{"Est. reading time":"5 minutes"},"schema":{"@context":"https:\/\/schema.org","@graph":[{"@type":"WebPage","@id":"https:\/\/devclinical.r-biopharm.com\/fr\/indication\/suivi-therapeutique-pharmacologique\/","url":"https:\/\/devclinical.r-biopharm.com\/fr\/indication\/suivi-therapeutique-pharmacologique\/","name":"Suivi th\u00e9rapeutique pharmacologique (STP) - Solutions efficaces par R-Biopharm","isPartOf":{"@id":"https:\/\/devdevclinical.r-biopharm.com\/#website"},"datePublished":"2016-12-15T14:28:07+00:00","dateModified":"2020-06-03T13:21:33+00:00","description":"Le suivi th\u00e9rapeutique pharmacologique (STP) vous permet de mesurer la concentration d\u2019un m\u00e9dicament donn\u00e9 dans le sang du patient afin d\u2019ajuster le dosage au cas par cas.","breadcrumb":{"@id":"https:\/\/devclinical.r-biopharm.com\/fr\/indication\/suivi-therapeutique-pharmacologique\/#breadcrumb"},"inLanguage":"fr-FR","potentialAction":[{"@type":"ReadAction","target":["https:\/\/devclinical.r-biopharm.com\/fr\/indication\/suivi-therapeutique-pharmacologique\/"]}]},{"@type":"BreadcrumbList","@id":"https:\/\/devclinical.r-biopharm.com\/fr\/indication\/suivi-therapeutique-pharmacologique\/#breadcrumb","itemListElement":[{"@type":"ListItem","position":1,"name":"Home","item":"https:\/\/devclinical.r-biopharm.com\/fr\/"},{"@type":"ListItem","position":2,"name":"Indication","item":"https:\/\/devclinical.r-biopharm.com\/fr\/indication\/"},{"@type":"ListItem","position":3,"name":"Suivi th\u00e9rapeutique pharmacologique"}]},{"@type":"WebSite","@id":"https:\/\/devdevclinical.r-biopharm.com\/#website","url":"https:\/\/devdevclinical.r-biopharm.com\/","name":"\ud83d\udea8\ud83d\udea8\ud83d\udea8 Staging!!! Clinical Diagnostics \ud83d\udea8\ud83d\udea8\ud83d\udea8","description":"A Division of the R-Biopharm Group","potentialAction":[{"@type":"SearchAction","target":{"@type":"EntryPoint","urlTemplate":"https:\/\/devdevclinical.r-biopharm.com\/?s={search_term_string}"},"query-input":"required name=search_term_string"}],"inLanguage":"fr-FR"}]}},"_links":{"self":[{"href":"https:\/\/devclinical.r-biopharm.com\/fr\/wp-json\/wp\/v2\/pages\/89378"}],"collection":[{"href":"https:\/\/devclinical.r-biopharm.com\/fr\/wp-json\/wp\/v2\/pages"}],"about":[{"href":"https:\/\/devclinical.r-biopharm.com\/fr\/wp-json\/wp\/v2\/types\/page"}],"author":[{"embeddable":true,"href":"https:\/\/devclinical.r-biopharm.com\/fr\/wp-json\/wp\/v2\/users\/1"}],"replies":[{"embeddable":true,"href":"https:\/\/devclinical.r-biopharm.com\/fr\/wp-json\/wp\/v2\/comments?post=89378"}],"version-history":[{"count":10,"href":"https:\/\/devclinical.r-biopharm.com\/fr\/wp-json\/wp\/v2\/pages\/89378\/revisions"}],"predecessor-version":[{"id":149645,"href":"https:\/\/devclinical.r-biopharm.com\/fr\/wp-json\/wp\/v2\/pages\/89378\/revisions\/149645"}],"up":[{"embeddable":true,"href":"https:\/\/devclinical.r-biopharm.com\/fr\/wp-json\/wp\/v2\/pages\/89046"}],"wp:attachment":[{"href":"https:\/\/devclinical.r-biopharm.com\/fr\/wp-json\/wp\/v2\/media?parent=89378"}],"curies":[{"name":"wp","href":"https:\/\/api.w.org\/{rel}","templated":true}]}}