{"id":89396,"date":"2016-12-15T15:39:16","date_gmt":"2016-12-15T14:39:16","guid":{"rendered":"https:\/\/clinical.r-biopharm.com\/diagnostics\/auto-immunite\/"},"modified":"2019-07-08T09:40:35","modified_gmt":"2019-07-08T07:40:35","slug":"auto-immunite","status":"publish","type":"page","link":"https:\/\/devclinical.r-biopharm.com\/fr\/diagnostics\/auto-immunite\/","title":{"rendered":"Auto-immunit\u00e9"},"content":{"rendered":"<div class=\"wpb-content-wrapper\">[mk_page_section padding_top=&#8221;30&#8243; padding_bottom=&#8221;30&#8243; sidebar=&#8221;sidebar-1&#8243;][vc_column width=&#8221;2\/3&#8243;][vc_column_text]<strong>R-Biopharm vous propose une nouvelle gamme de produits\u00a0: <em>SeraSpot<\/em>\u00ae, la nouvelle micropuce pour les diagnostics multiplexes de maladies auto-immunes.<\/strong><\/p>\n<p>En cas d\u2019auto-immunit\u00e9, le syst\u00e8me immunitaire attaque les structures de son propre corps. Les sympt\u00f4mes, et donc le type de maladie, varient en fonction de la structure attaqu\u00e9e (par exemple, les nerfs, les articulations, le foie). Aujourd\u2019hui, environ 81\u00a0maladies auto-immunes diff\u00e9rentes sont connues. Elles peuvent \u00eatre localis\u00e9es (propres \u00e0 un organe) ou syst\u00e9miques.<\/p>\n<p>De nombreuses maladies auto-immunes se caract\u00e9risent par la pr\u00e9sence d\u2019auto-anticorps. Les auto-anticorps sont soit directement pathog\u00e8nes (par exemple, anti-GBM), soit associ\u00e9s \u00e0 une maladie. Ils peuvent se r\u00e9v\u00e9ler de pr\u00e9cieux marqueurs pronostiques (par exemple, anti-AMA-M2), utiles au suivi des patients (par exemple anti-ADNdb natif) ou n\u00e9cessaires pour \u00e9tablir un diagnostic diff\u00e9rentiel (par exemple, anti-Mi2). Il est important de noter que, plus le diagnostic d\u2019une MAI est \u00e9tabli t\u00f4t, plus l\u2019\u00e9volution de la maladie est favorable. Cela est particuli\u00e8rement important pour les maladies \u00e9volutives de type rhumatismales ou fibrog\u00e8nes qui entra\u00eenent des d\u00e9ficiences irr\u00e9versibles.<\/p>\n<h3>Diagnostics de maladies auto-immunes<\/h3>\n<p>Le d\u00e9pistage d\u2019auto-anticorps est un \u00e9l\u00e9ment central du diagnostic et du traitement des MAI. R-Biopharm propose la solution <em>SeraSpot<\/em>\u00ae, une nouvelle <a href=\"https:\/\/devclinical.r-biopharm.com\/fr\/technologies\/puces\/\">micropuce<\/a> destin\u00e9e au diagnostic des maladies auto-immunes et infectieuses. Aujourd\u2019hui, la plate-forme <em>SeraSpot<\/em>\u00ae comporte 4\u00a0micropuces diff\u00e9rentes ainsi qu\u2019un lecteur de micropuces destin\u00e9 au diagnostic des maladies du tissu conjonctif, des maladies h\u00e9patiques auto-immunes ou de la vascularite syst\u00e9mique et du syndrome de Goodpasture.[\/vc_column_text][vc_accordions style=&#8221;simple-style&#8221; open_toggle=&#8221;-1&#8243; container_bg_color=&#8221;#ffffff&#8221;][vc_accordion_tab icon=&#8221;mk-moon-circle-small&#8221; title=&#8221;Maladies du tissu conjonctif&#8221;][vc_column_text]Les maladies du tissu conjonctif sont des maladies rhumatismales inflammatoires syst\u00e9miques qui se caract\u00e9risent par un d\u00e9veloppement chronique (maladies syst\u00e9miques du tissu conjonctif) avec des sympt\u00f4mes communs (syndromes communs). Les maladies du tissu conjonctif incluent les maladies suivantes et les patients font g\u00e9n\u00e9ralement l\u2019objet d\u2019un d\u00e9pistage des anticorps antinucl\u00e9aires (ANA)\u00a0:[\/vc_column_text][mk_custom_list style=&#8221;mk-moon-circle-small&#8221;]\n<ul>\n<li>Lupus \u00e9ryth\u00e9mateux diss\u00e9min\u00e9 (LED) et sous-ensembles<\/li>\n<li>Syndrome de Sj\u00f6gren (SjS)<\/li>\n<li>Scl\u00e9rodermie syst\u00e9mique (SS)<\/li>\n<li>Myosite idiopathique (auto-immune)<\/li>\n<li>Connectivite mixte (syndrome de Sharp)<\/li>\n<li>Syndromes communs.<\/li>\n<\/ul>\n[\/mk_custom_list][\/vc_accordion_tab][vc_accordion_tab icon=&#8221;mk-moon-circle-small&#8221; title=&#8221;Maladie h\u00e9patique auto-immune primitive&#8221;][vc_column_text]La maladie h\u00e9patique auto-immune primitive (AL) peut \u00eatre subdivis\u00e9e de la fa\u00e7on suivante\u00a0:[\/vc_column_text][mk_custom_list style=&#8221;mk-moon-circle-small&#8221;]\n<ul>\n<li>H\u00e9patite auto-immune (AIH) de type I \u00e0 III<\/li>\n<li>Cirrhose biliaire primitive (PBC)<\/li>\n<li>Cholangite scl\u00e9rosante primitive (PSC)<\/li>\n<li>Maladie commune avec caract\u00e9ristiques de l\u2019AIH et de la PBC ou la PSC.<\/li>\n<\/ul>\n[\/mk_custom_list][vc_column_text]Les sympt\u00f4mes cliniques de l\u2019AL sont similaires \u00e0 ceux d\u2019autres maladies h\u00e9patiques chroniques et peuvent \u00e9voluer en cirrhose h\u00e9patique. Seuls un diagnostic et un traitement rapides peuvent pr\u00e9venir ce type de cons\u00e9quences. Environ 15\u00a0% des cas de maladie h\u00e9patique chronique sont \u00e0 l\u2019origine d\u2019une pathog\u00e9nie auto-immune. Par cons\u00e9quent, il est utile d\u2019identifier les diff\u00e9rents auto-anticorps.<\/p>\n<p>Les recherches men\u00e9es en laboratoire sur l\u2019h\u00e9patite auto-immune ont donn\u00e9 lieu \u00e0 des r\u00e9sultats s\u00e9ropositifs pour les anticorps antinucl\u00e9aires (ANA), les anticorps antimuscles lisses (F-Actine) ou les anticorps microsomiques h\u00e9patiques-r\u00e9naux de type 1 (LKM-1) ou anti-cytosol h\u00e9patique 1 (anti-LC1). Les anticorps pertinents pour l\u2019AIH en termes de diagnostic sont utilis\u00e9s pour r\u00e9aliser une sous-classification de l\u2019AIH et une diff\u00e9renciation par rapport \u00e0 la PBC.[\/vc_column_text][\/vc_accordion_tab][vc_accordion_tab icon=&#8221;mk-moon-circle-small&#8221; title=&#8221;Vascularite syst\u00e9mique primitive&#8221;][vc_column_text]La vascularite syst\u00e9mique primitive des petits et moyens vaisseaux \u00e0 \u00e9tiopathog\u00e9nie inconnue est associ\u00e9e aux anticorps anticytoplasme des polynucl\u00e9aires neutrophiles (ANCA). Les trois types de vascularite associ\u00e9s aux ANCA sont les suivants\u00a0:[\/vc_column_text][mk_custom_list style=&#8221;mk-moon-circle-small&#8221;]\n<ul>\n<li>Granulomatose avec polyang\u00e9ite (maladie de Wegener) (GPA)<\/li>\n<li>Polyang\u00e9ite microscopique (MPA)<\/li>\n<li>Granulomatose \u00e9osinophile avec polyang\u00e9ite (syndrome de Churg-Strauss) (EGPA).<\/li>\n<\/ul>\n[\/mk_custom_list][vc_column_text]Plus de 90\u00a0% des patients atteints de GPA et de MPA enregistrent des r\u00e9sultats positifs aux tests d\u2019ANCA. Selon la plupart des \u00e9tudes europ\u00e9ennes, la sp\u00e9cificit\u00e9 de l\u2019antig\u00e8ne ANCA de la MPA est majoritairement la my\u00e9loperoxydase (MPO) et pour la GPA, majoritairement la prot\u00e9inase 3 (PR3). Les patients atteints d\u2019EGPA enregistrent des r\u00e9sultats positifs aux tests d\u2019ANCA dans 50\u00a0% des cas, principalement avec la MPO. La vascularite associ\u00e9e \u00e0 la MPO-ANCA est plus r\u00e9pandue chez les Japonais et les Chinois, tandis que la PR3-ANCA est plus fr\u00e9quemment observ\u00e9e chez les Europ\u00e9ens. La glom\u00e9rulon\u00e9phrite est plus courante et plus grave chez les patients atteints de vascularite associ\u00e9e \u00e0 la PR3-ANCA que chez les patients atteints de vascularite associ\u00e9e \u00e0 la MPO.[\/vc_column_text][\/vc_accordion_tab][vc_accordion_tab icon=&#8221;mk-moon-circle-small&#8221; title=&#8221;Maladie de Goodpasture&#8221;][vc_column_text]La maladie de Goodpasture est une glom\u00e9rulon\u00e9phrite, avec ou sans h\u00e9morragie pulmonaire, qui se caract\u00e9rise par la circulation d\u2019anticorps anti-membrane basale glom\u00e9rulaire (anti-GBM). L\u2019identification et le traitement rapides de ce syndrome sont essentiels pour assurer le pronostic de la fonction r\u00e9nale. Le syndrome de Goodpasture peut parfois se superposer \u00e0 une vascularite syst\u00e9mique positive aux ANCA. En plus des anticorps anti-GBM impliqu\u00e9s dans cette maladie, environ un cas sur trois parmi ceux concern\u00e9s se r\u00e9v\u00e8le \u00e9galement positif aux ANCA. La positivit\u00e9 aux ANCA pr\u00e9c\u00e8de souvent les anticorps anti-GBM de quelques mois, voire quelques ann\u00e9es.<\/p>\n[\/vc_column_text][\/vc_accordion_tab][\/vc_accordions][\/vc_column][vc_column width=&#8221;1\/3&#8243;][vc_column_text margin_bottom=&#8221;20&#8243;]\n<h3 style=\"margin-bottom: 25px;\">Choisissez une indication<\/h3>\n<div class=\"facetwp-facet facetwp-facet-indication_fselect facetwp-type-fselect\" data-name=\"indication_fselect\" data-type=\"fselect\"><\/div>[\/vc_column_text][vc_column_text margin_bottom=&#8221;20&#8243;]\n<h3 style=\"margin-bottom: 25px;\">Choisissez une technologie<\/h3>\n<div class=\"facetwp-facet facetwp-facet-technology_fselect facetwp-type-fselect\" data-name=\"technology_fselect\" data-type=\"fselect\"><\/div>[\/vc_column_text][vc_column_text margin_bottom=&#8221;40&#8243;]\n<h3 style=\"margin-bottom: 25px;\"><\/h3>\n<h3 style=\"margin-bottom: 25px;\">Choisissez votre produit d\u2019auto-immunit\u00e9<\/h3>\n<div class=\"facetwp-template\" data-name=\"autoimmunity\"><ul class=\"product_facets\"><\/ul><\/div>[\/vc_column_text][\/vc_column][\/mk_page_section][mk_page_section bg_color=&#8221;#f7f7f7&#8243; padding_top=&#8221;0&#8243; padding_bottom=&#8221;0&#8243; sidebar=&#8221;sidebar-1&#8243;][vc_column css=&#8221;.vc_custom_1469015765963{margin-top: 25px !important;padding-bottom: 5px !important;}&#8221;][vc_column_text margin_bottom=&#8221;20&#8243; css=&#8221;.vc_custom_1530188131057{margin-bottom: 20px !important;}&#8221;]\n<h2 class=\"knubbel\">Derni\u00e8res nouvelles<\/h2>\n[\/vc_column_text][mk_blog_carousel cat=&#8221;213&#8243;][\/vc_column][\/mk_page_section][mk_page_section bg_color=&#8221;#ffffff&#8221; padding_top=&#8221;0&#8243; sidebar=&#8221;sidebar-1&#8243;][vc_column css=&#8221;.vc_custom_1467042052405{margin-top: 40px !important;}&#8221;][vc_column_text margin_bottom=&#8221;20&#8243;]\n<h2 class=\"knubbel\">Vous pourriez \u00e9galement \u00eatre int\u00e9ress\u00e9 par<\/h2>\n[\/vc_column_text][vc_row_inner css=&#8221;.vc_custom_1468404266697{margin-bottom: 40px !important;}&#8221;][vc_column_inner width=&#8221;1\/3&#8243; css=&#8221;.vc_custom_1468416557833{padding-bottom: 10px !important;padding-left: 0px !important;}&#8221;][mk_flipbox_rb taxonomy=&#8221;diagnostic&#8221; tag_diagnostics=&#8221;autoimmunity&#8221; min_height=&#8221;200&#8243; button_bg_color=&#8221;#4d4d4d&#8221; button_bg_hover_color=&#8221;#ffffff&#8221; button_text=&#8221;More&#8221;][\/vc_column_inner][vc_column_inner width=&#8221;1\/3&#8243; css=&#8221;.vc_custom_1468416552613{padding-right: 7.5px !important;padding-bottom: 10px !important;padding-left: 7.5px !important;}&#8221;][mk_flipbox_rb taxonomy=&#8221;diagnostic&#8221; tag_diagnostics=&#8221;autoimmunity&#8221; offset=&#8221;1&#8243; min_height=&#8221;200&#8243; button_bg_color=&#8221;#4d4d4d&#8221; button_bg_hover_color=&#8221;#ffffff&#8221; button_text=&#8221;More&#8221;][\/vc_column_inner][vc_column_inner width=&#8221;1\/3&#8243; css=&#8221;.vc_custom_1468416547451{padding-right: 0px !important;padding-bottom: 10px !important;}&#8221;][mk_flipbox_rb taxonomy=&#8221;diagnostic&#8221; tag_diagnostics=&#8221;autoimmunity&#8221; offset=&#8221;2&#8243; min_height=&#8221;200&#8243; button_bg_color=&#8221;#4d4d4d&#8221; button_bg_hover_color=&#8221;#ffffff&#8221; button_text=&#8221;More Information&#8221;][\/vc_column_inner][\/vc_row_inner][\/vc_column][\/mk_page_section][mk_page_section bg_color=&#8221;#f7f7f7&#8243; padding_top=&#8221;20&#8243; padding_bottom=&#8221;20&#8243; sidebar=&#8221;sidebar-1&#8243;][vc_column css=&#8221;.vc_custom_1468415774645{padding-top: 0px !important;padding-bottom: 0px !important;}&#8221;][vc_column_text disable_pattern=&#8221;false&#8221; align=&#8221;center&#8221;]\n<h2>Assistance technique pour les produits d\u2019auto-immunit\u00e9<\/h2>\n<p>Des questions\u00a0? Profitez de l\u2019expertise de notre \u00e9quipe. Nous sommes l\u00e0 pour vous aider, vous et votre entreprise, et assurer votre succ\u00e8s tout au long du processus de test[\/vc_column_text][mk_button dimension=&#8221;flat&#8221; url=&#8221;\/fr\/contact\/&#8221; align=&#8221;center&#8221; margin_bottom=&#8221;&#8221; bg_color=&#8221;#4d4d4d&#8221; btn_hover_bg=&#8221;#ffffff&#8221; btn_hover_txt_color=&#8221;#4d4d4d&#8221;]Contactez-nous[\/mk_button][\/vc_column][\/mk_page_section]\n<\/div>","protected":false},"excerpt":{"rendered":"<p>[mk_page_section padding_top=&#8221;30&#8243; padding_bottom=&#8221;30&#8243; sidebar=&#8221;sidebar-1&#8243;][vc_column width=&#8221;2\/3&#8243;][vc_column_text]R-Biopharm vous propose une nouvelle gamme de produits\u00a0: SeraSpot\u00ae, la nouvelle micropuce pour les diagnostics multiplexes de maladies auto-immunes. En cas d\u2019auto-immunit\u00e9, le syst\u00e8me immunitaire attaque les structures de son propre corps. Les sympt\u00f4mes, et donc le type de maladie, varient en fonction de la structure attaqu\u00e9e (par exemple, les nerfs, [&hellip;]<\/p>\n","protected":false},"author":1,"featured_media":0,"parent":89014,"menu_order":0,"comment_status":"closed","ping_status":"closed","template":"","meta":{"content-type":"","_relevanssi_hide_post":"","_relevanssi_hide_content":"","_relevanssi_pin_for_all":"","_relevanssi_pin_keywords":"","_relevanssi_unpin_keywords":"","_relevanssi_related_keywords":"","_relevanssi_related_include_ids":"","_relevanssi_related_exclude_ids":"","_relevanssi_related_no_append":"","_relevanssi_related_not_related":"","_relevanssi_related_posts":"","_relevanssi_noindex_reason":"","footnotes":""},"acf":[],"yoast_head":"<!-- This site is optimized with the Yoast SEO plugin v21.9 - https:\/\/yoast.com\/wordpress\/plugins\/seo\/ -->\n<title>Auto-immunit\u00e9\u00a0: Des tests fiables pour diagnostiquer les maladies auto-immunes<\/title>\n<meta name=\"robots\" content=\"noindex, follow, max-snippet:-1, max-image-preview:large, max-video-preview:-1\" \/>\n<meta property=\"og:locale\" content=\"fr_FR\" \/>\n<meta property=\"og:type\" content=\"article\" \/>\n<meta property=\"og:title\" content=\"Auto-immunit\u00e9\u00a0: Des tests fiables pour diagnostiquer les maladies auto-immunes\" \/>\n<meta property=\"og:description\" content=\"[mk_page_section padding_top=&#8221;30&#8243; padding_bottom=&#8221;30&#8243; sidebar=&#8221;sidebar-1&#8243;][vc_column width=&#8221;2\/3&#8243;][vc_column_text]R-Biopharm vous propose une nouvelle gamme de produits\u00a0: SeraSpot\u00ae, la nouvelle micropuce pour les diagnostics multiplexes de maladies auto-immunes. En cas d\u2019auto-immunit\u00e9, le syst\u00e8me immunitaire attaque les structures de son propre corps. Les sympt\u00f4mes, et donc le type de maladie, varient en fonction de la structure attaqu\u00e9e (par exemple, les nerfs, [&hellip;]\" \/>\n<meta property=\"og:url\" content=\"https:\/\/devclinical.r-biopharm.com\/fr\/diagnostics\/auto-immunite\/\" \/>\n<meta property=\"og:site_name\" content=\"\ud83d\udea8\ud83d\udea8\ud83d\udea8 Staging!!! Clinical Diagnostics \ud83d\udea8\ud83d\udea8\ud83d\udea8\" \/>\n<meta property=\"article:modified_time\" content=\"2019-07-08T07:40:35+00:00\" \/>\n<meta name=\"twitter:label1\" content=\"Est. reading time\" \/>\n\t<meta name=\"twitter:data1\" content=\"7 minutes\" \/>\n<script type=\"application\/ld+json\" class=\"yoast-schema-graph\">{\"@context\":\"https:\/\/schema.org\",\"@graph\":[{\"@type\":\"WebPage\",\"@id\":\"https:\/\/devclinical.r-biopharm.com\/fr\/diagnostics\/auto-immunite\/\",\"url\":\"https:\/\/devclinical.r-biopharm.com\/fr\/diagnostics\/auto-immunite\/\",\"name\":\"Auto-immunit\u00e9\u00a0: Des tests fiables pour diagnostiquer les maladies auto-immunes\",\"isPartOf\":{\"@id\":\"https:\/\/devdevclinical.r-biopharm.com\/#website\"},\"datePublished\":\"2016-12-15T14:39:16+00:00\",\"dateModified\":\"2019-07-08T07:40:35+00:00\",\"breadcrumb\":{\"@id\":\"https:\/\/devclinical.r-biopharm.com\/fr\/diagnostics\/auto-immunite\/#breadcrumb\"},\"inLanguage\":\"fr-FR\",\"potentialAction\":[{\"@type\":\"ReadAction\",\"target\":[\"https:\/\/devclinical.r-biopharm.com\/fr\/diagnostics\/auto-immunite\/\"]}]},{\"@type\":\"BreadcrumbList\",\"@id\":\"https:\/\/devclinical.r-biopharm.com\/fr\/diagnostics\/auto-immunite\/#breadcrumb\",\"itemListElement\":[{\"@type\":\"ListItem\",\"position\":1,\"name\":\"Home\",\"item\":\"https:\/\/devclinical.r-biopharm.com\/fr\/\"},{\"@type\":\"ListItem\",\"position\":2,\"name\":\"Diagnostics\",\"item\":\"https:\/\/devclinical.r-biopharm.com\/fr\/diagnostics\/\"},{\"@type\":\"ListItem\",\"position\":3,\"name\":\"Auto-immunit\u00e9\"}]},{\"@type\":\"WebSite\",\"@id\":\"https:\/\/devdevclinical.r-biopharm.com\/#website\",\"url\":\"https:\/\/devdevclinical.r-biopharm.com\/\",\"name\":\"\ud83d\udea8\ud83d\udea8\ud83d\udea8 Staging!!! Clinical Diagnostics \ud83d\udea8\ud83d\udea8\ud83d\udea8\",\"description\":\"A Division of the R-Biopharm Group\",\"potentialAction\":[{\"@type\":\"SearchAction\",\"target\":{\"@type\":\"EntryPoint\",\"urlTemplate\":\"https:\/\/devdevclinical.r-biopharm.com\/?s={search_term_string}\"},\"query-input\":\"required name=search_term_string\"}],\"inLanguage\":\"fr-FR\"}]}<\/script>\n<!-- \/ Yoast SEO plugin. -->","yoast_head_json":{"title":"Auto-immunit\u00e9\u00a0: Des tests fiables pour diagnostiquer les maladies auto-immunes","robots":{"index":"noindex","follow":"follow","max-snippet":"max-snippet:-1","max-image-preview":"max-image-preview:large","max-video-preview":"max-video-preview:-1"},"og_locale":"fr_FR","og_type":"article","og_title":"Auto-immunit\u00e9\u00a0: Des tests fiables pour diagnostiquer les maladies auto-immunes","og_description":"[mk_page_section padding_top=&#8221;30&#8243; padding_bottom=&#8221;30&#8243; sidebar=&#8221;sidebar-1&#8243;][vc_column width=&#8221;2\/3&#8243;][vc_column_text]R-Biopharm vous propose une nouvelle gamme de produits\u00a0: SeraSpot\u00ae, la nouvelle micropuce pour les diagnostics multiplexes de maladies auto-immunes. En cas d\u2019auto-immunit\u00e9, le syst\u00e8me immunitaire attaque les structures de son propre corps. Les sympt\u00f4mes, et donc le type de maladie, varient en fonction de la structure attaqu\u00e9e (par exemple, les nerfs, [&hellip;]","og_url":"https:\/\/devclinical.r-biopharm.com\/fr\/diagnostics\/auto-immunite\/","og_site_name":"\ud83d\udea8\ud83d\udea8\ud83d\udea8 Staging!!! Clinical Diagnostics \ud83d\udea8\ud83d\udea8\ud83d\udea8","article_modified_time":"2019-07-08T07:40:35+00:00","twitter_misc":{"Est. reading time":"7 minutes"},"schema":{"@context":"https:\/\/schema.org","@graph":[{"@type":"WebPage","@id":"https:\/\/devclinical.r-biopharm.com\/fr\/diagnostics\/auto-immunite\/","url":"https:\/\/devclinical.r-biopharm.com\/fr\/diagnostics\/auto-immunite\/","name":"Auto-immunit\u00e9\u00a0: Des tests fiables pour diagnostiquer les maladies auto-immunes","isPartOf":{"@id":"https:\/\/devdevclinical.r-biopharm.com\/#website"},"datePublished":"2016-12-15T14:39:16+00:00","dateModified":"2019-07-08T07:40:35+00:00","breadcrumb":{"@id":"https:\/\/devclinical.r-biopharm.com\/fr\/diagnostics\/auto-immunite\/#breadcrumb"},"inLanguage":"fr-FR","potentialAction":[{"@type":"ReadAction","target":["https:\/\/devclinical.r-biopharm.com\/fr\/diagnostics\/auto-immunite\/"]}]},{"@type":"BreadcrumbList","@id":"https:\/\/devclinical.r-biopharm.com\/fr\/diagnostics\/auto-immunite\/#breadcrumb","itemListElement":[{"@type":"ListItem","position":1,"name":"Home","item":"https:\/\/devclinical.r-biopharm.com\/fr\/"},{"@type":"ListItem","position":2,"name":"Diagnostics","item":"https:\/\/devclinical.r-biopharm.com\/fr\/diagnostics\/"},{"@type":"ListItem","position":3,"name":"Auto-immunit\u00e9"}]},{"@type":"WebSite","@id":"https:\/\/devdevclinical.r-biopharm.com\/#website","url":"https:\/\/devdevclinical.r-biopharm.com\/","name":"\ud83d\udea8\ud83d\udea8\ud83d\udea8 Staging!!! Clinical Diagnostics \ud83d\udea8\ud83d\udea8\ud83d\udea8","description":"A Division of the R-Biopharm Group","potentialAction":[{"@type":"SearchAction","target":{"@type":"EntryPoint","urlTemplate":"https:\/\/devdevclinical.r-biopharm.com\/?s={search_term_string}"},"query-input":"required name=search_term_string"}],"inLanguage":"fr-FR"}]}},"_links":{"self":[{"href":"https:\/\/devclinical.r-biopharm.com\/fr\/wp-json\/wp\/v2\/pages\/89396"}],"collection":[{"href":"https:\/\/devclinical.r-biopharm.com\/fr\/wp-json\/wp\/v2\/pages"}],"about":[{"href":"https:\/\/devclinical.r-biopharm.com\/fr\/wp-json\/wp\/v2\/types\/page"}],"author":[{"embeddable":true,"href":"https:\/\/devclinical.r-biopharm.com\/fr\/wp-json\/wp\/v2\/users\/1"}],"replies":[{"embeddable":true,"href":"https:\/\/devclinical.r-biopharm.com\/fr\/wp-json\/wp\/v2\/comments?post=89396"}],"version-history":[{"count":27,"href":"https:\/\/devclinical.r-biopharm.com\/fr\/wp-json\/wp\/v2\/pages\/89396\/revisions"}],"predecessor-version":[{"id":97334,"href":"https:\/\/devclinical.r-biopharm.com\/fr\/wp-json\/wp\/v2\/pages\/89396\/revisions\/97334"}],"up":[{"embeddable":true,"href":"https:\/\/devclinical.r-biopharm.com\/fr\/wp-json\/wp\/v2\/pages\/89014"}],"wp:attachment":[{"href":"https:\/\/devclinical.r-biopharm.com\/fr\/wp-json\/wp\/v2\/media?parent=89396"}],"curies":[{"name":"wp","href":"https:\/\/api.w.org\/{rel}","templated":true}]}}