{"id":89736,"date":"2016-12-15T16:05:30","date_gmt":"2016-12-15T15:05:30","guid":{"rendered":"https:\/\/clinical.r-biopharm.com\/infezioni-da-parassiti\/"},"modified":"2020-04-08T16:42:29","modified_gmt":"2020-04-08T14:42:29","slug":"infezioni-da-parassiti","status":"publish","type":"page","link":"https:\/\/devclinical.r-biopharm.com\/it\/indicazioni\/infezioni-da-parassiti\/","title":{"rendered":"Infezioni parassitiche"},"content":{"rendered":"<div class=\"wpb-content-wrapper\">[mk_page_section padding_top=&#8221;30&#8243; padding_bottom=&#8221;30&#8243; sidebar=&#8221;sidebar-1&#8243;][vc_column width=&#8221;2\/3&#8243;][vc_column_text]\n<strong>Le infezioni da parassiti sono molto diffuse nelle regioni climatiche tropicali, dove l\u2019esempio pi\u00f9 comune \u00e8 la malaria. Nelle aree non tropicali, invece, le malattie pi\u00f9 tipiche causate dai parassiti sono le tricomoniasi, le giardiasi, le criptosporidiosi, le amebiasi e la toxoplasmosi.<\/strong><\/p>\n<p>Le infezioni da parassiti sono causate da tre tipi di organismi: protozoi, elminti ed ectoparassiti. Le infezioni da protozoi possono verificarsi, ad esempio, bevendo acqua contaminata da protozoi o consumando cibi poco cotti. <em>Giardia lamblia<\/em>, <em>Cryptosporidium parvum<\/em>, <em>Entamoeba histolytica<\/em> e <em>Dientamoeba fragilis<\/em> sono i pi\u00f9 importanti protozoi responsabili di diarrea.<\/p>\n<p>A causa della facilit\u00e0 di diffusione, una diagnostica affidabile e rapida negli stadi precoci dell\u2019infezione \u00e8 cruciale per assicurare una terapia efficace. I saggi immunologici e la biologia molecolare consentono di identificare e differenziare le infezioni da parassiti pi\u00f9 velocemente che con altri metodi tradizionali come la microscopia.<\/p>\n<h3>Soluzioni diagnostiche innovative per la parassitologia<\/h3>\n<p>R-Biopharm offre varie tecnologie per la parassitologia che si adattano ai bisogni organizzativi e diagnostici di piccoli e grandi laboratori. Esse includono:<br \/>\n[\/vc_column_text][mk_custom_list style=&#8221;mk-moon-circle-small&#8221;]\n<ul>\n<li>Test rapidi nel doppio formato di strip reattivi o in cassetta: un sistema semplice, veloce e sensibile per l\u2019identificazione di antigeni virali in un piccolo insieme di campioni<\/li>\n<li>Test kit per real-time PCR compatibili con diversi termociclatori<\/li>\n<li>Saggi immunoenzimatici validati anche per le piattaforme automatiche<\/li>\n<\/ul>\n[\/mk_custom_list][vc_column_text]Puoi scegliere tra diversi sistemi diagnostici per testare una grande variet\u00e0 di parassiti come <em>Entamoeba<\/em>, <em>Giardia<\/em> e <em>Cryptosporidium<\/em>. Per identificare velocemente parassiti multipli tramite real-time PCR, offriamo anche RIDA\u00aeGENE Parasitic Stool Panels.[\/vc_column_text][vc_cta h2=&#8221;RIDA\u00aeGENE per la diagnosi di parassiti&#8221; shape=&#8221;square&#8221; style=&#8221;flat&#8221; add_button=&#8221;right&#8221; btn_title=&#8221;Scarica&#8221; btn_style=&#8221;flat&#8221; btn_shape=&#8221;square&#8221; btn_color=&#8221;inverse&#8221; btn_link=&#8221;url:https%3A%2F%2Fdevclinical.r-biopharm.com%2Fwp-content%2Fuploads%2Fsites%2F3%2F2020%2F04%2Frg_parasite-diagnostics_4p_en_2020-02.pdf||target:%20_blank|&#8221;]Per maggiori informazioni sui nostri kit RIDA\u00aeGENE real-time PCR per la diagnosi di parassiti, consulta il nostro opuscolo gratuito.[\/vc_cta][vc_cta h2=&#8221;RIDASCREEN\u00ae per la diagnosi di parassiti&#8221; shape=&#8221;square&#8221; style=&#8221;flat&#8221; add_button=&#8221;right&#8221; btn_title=&#8221;Scarica&#8221; btn_style=&#8221;flat&#8221; btn_shape=&#8221;square&#8221; btn_color=&#8221;inverse&#8221; btn_link=&#8221;url:https%3A%2F%2Fdevclinical.r-biopharm.com%2Fwp-content%2Fuploads%2Fsites%2F3%2F2018%2F07%2F2018-01_parasite-diagnostic_brochure_4p_en_lores.pdf|target:%20_blank|&#8221;]Per maggiori informazioni sui nostri kit RIDASCREEN\u00ae ELISA per la diagnosi di parassiti, consulta il nostro opuscolo gratuito.<\/p>\n[\/vc_cta][\/vc_column][vc_column width=&#8221;1\/3&#8243;][vc_column_text margin_bottom=&#8221;20&#8243;]\n<h3 style=\"margin-bottom: 25px;\">Scegli una tecnologia<\/h3>\n<div class=\"facetwp-facet facetwp-facet-technology_fselect facetwp-type-fselect\" data-name=\"technology_fselect\" data-type=\"fselect\"><\/div>[\/vc_column_text][vc_column_text margin_bottom=&#8221;20&#8243;]\n<h3 style=\"margin-bottom: 25px;\">Scegli un settore diagnostico<\/h3>\n<div class=\"facetwp-facet facetwp-facet-diagnostics_fselect facetwp-type-fselect\" data-name=\"diagnostics_fselect\" data-type=\"fselect\"><\/div>[\/vc_column_text][vc_column_text margin_bottom=&#8221;40&#8243;]\n<h3 style=\"margin-bottom: 25px;\">Scegli il tuo prodotto<\/h3>\n<div class=\"facetwp-template\" data-name=\"parasitic-infections\"><ul class=\"product_facets\"><\/ul><\/div>[\/vc_column_text][\/vc_column][\/mk_page_section][mk_page_section bg_color=&#8221;#f7f7f7&#8243; padding_top=&#8221;0&#8243; padding_bottom=&#8221;0&#8243; sidebar=&#8221;sidebar-1&#8243;][vc_column css=&#8221;.vc_custom_1469015765963{margin-top: 25px !important;padding-bottom: 5px !important;}&#8221;][vc_column_text margin_bottom=&#8221;20&#8243;]\n<h2 class=\"knubbel\">Infezioni da parassiti &#8211; ultime notizie<\/h2>\n[\/vc_column_text][mk_blog_carousel cat=&#8221;225&#8243;][\/vc_column][\/mk_page_section][mk_page_section bg_color=&#8221;#ffffff&#8221; padding_top=&#8221;0&#8243; sidebar=&#8221;sidebar-1&#8243;][vc_column css=&#8221;.vc_custom_1467042052405{margin-top: 40px !important;}&#8221;][vc_column_text margin_bottom=&#8221;20&#8243;]\n<h2 class=\"knubbel\">Potrebbe interessarti anche<\/h2>\n[\/vc_column_text][vc_row_inner css=&#8221;.vc_custom_1468404266697{margin-bottom: 40px !important;}&#8221;][vc_column_inner width=&#8221;1\/3&#8243; css=&#8221;.vc_custom_1468416557833{padding-bottom: 10px !important;padding-left: 0px !important;}&#8221;][mk_flipbox_rb taxonomy=&#8221;indication&#8221; tag_indication=&#8221;parasitic-infections&#8221; min_height=&#8221;200&#8243; button_bg_color=&#8221;#4d4d4d&#8221; button_bg_hover_color=&#8221;#ffffff&#8221; button_text=&#8221;More&#8221;][\/vc_column_inner][vc_column_inner width=&#8221;1\/3&#8243; css=&#8221;.vc_custom_1468416552613{padding-right: 7.5px !important;padding-bottom: 10px !important;padding-left: 7.5px !important;}&#8221;][mk_flipbox_rb taxonomy=&#8221;indication&#8221; tag_indication=&#8221;parasitic-infections&#8221; offset=&#8221;1&#8243; min_height=&#8221;200&#8243; button_bg_color=&#8221;#4d4d4d&#8221; button_bg_hover_color=&#8221;#ffffff&#8221; button_text=&#8221;More&#8221;][\/vc_column_inner][vc_column_inner width=&#8221;1\/3&#8243; css=&#8221;.vc_custom_1468416547451{padding-right: 0px !important;padding-bottom: 10px !important;}&#8221;][mk_flipbox_rb taxonomy=&#8221;indication&#8221; tag_indication=&#8221;parasitic-infections&#8221; offset=&#8221;1&#8243; min_height=&#8221;200&#8243; button_bg_color=&#8221;#4d4d4d&#8221; button_bg_hover_color=&#8221;#ffffff&#8221; button_text=&#8221;More&#8221;][\/vc_column_inner][\/vc_row_inner][\/vc_column][\/mk_page_section][mk_page_section bg_color=&#8221;#f7f7f7&#8243; padding_top=&#8221;20&#8243; padding_bottom=&#8221;20&#8243; sidebar=&#8221;sidebar-1&#8243;][vc_column css=&#8221;.vc_custom_1468415774645{padding-top: 0px !important;padding-bottom: 0px !important;}&#8221;][vc_column_text disable_pattern=&#8221;false&#8221; align=&#8221;center&#8221;]\n<h2>Infezioni da parassiti &#8211; supporto<\/h2>\n<p>Hai domande? Le nostre competenze sono a tua disposizione! La nostra assistenza \u00e8 garanzia di successo per i test diagnostici della tua azienda[\/vc_column_text][mk_button dimension=&#8221;flat&#8221; url=&#8221;\/it\/contatti\/&#8221; align=&#8221;center&#8221; margin_bottom=&#8221;&#8221; bg_color=&#8221;#4d4d4d&#8221; btn_hover_bg=&#8221;#ffffff&#8221; btn_hover_txt_color=&#8221;#4d4d4d&#8221;]Contattaci[\/mk_button][\/vc_column][\/mk_page_section]\n<\/div>","protected":false},"excerpt":{"rendered":"<p>[mk_page_section padding_top=&#8221;30&#8243; padding_bottom=&#8221;30&#8243; sidebar=&#8221;sidebar-1&#8243;][vc_column width=&#8221;2\/3&#8243;][vc_column_text] Le infezioni da parassiti sono molto diffuse nelle regioni climatiche tropicali, dove l\u2019esempio pi\u00f9 comune \u00e8 la malaria. Nelle aree non tropicali, invece, le malattie pi\u00f9 tipiche causate dai parassiti sono le tricomoniasi, le giardiasi, le criptosporidiosi, le amebiasi e la toxoplasmosi. Le infezioni da parassiti sono causate da tre [&hellip;]<\/p>\n","protected":false},"author":1,"featured_media":0,"parent":95627,"menu_order":0,"comment_status":"closed","ping_status":"closed","template":"","meta":{"content-type":"","_relevanssi_hide_post":"","_relevanssi_hide_content":"","_relevanssi_pin_for_all":"","_relevanssi_pin_keywords":"","_relevanssi_unpin_keywords":"","_relevanssi_related_keywords":"","_relevanssi_related_include_ids":"","_relevanssi_related_exclude_ids":"","_relevanssi_related_no_append":"","_relevanssi_related_not_related":"","_relevanssi_related_posts":"","_relevanssi_noindex_reason":"","footnotes":""},"acf":[],"yoast_head":"<!-- This site is optimized with the Yoast SEO plugin v21.9 - https:\/\/yoast.com\/wordpress\/plugins\/seo\/ -->\n<title>Infezioni parassitiche: Test clinici per la diagnosi di infezioni trasmesse da vermi e protozoi<\/title>\n<meta name=\"robots\" content=\"noindex, follow, max-snippet:-1, max-image-preview:large, max-video-preview:-1\" \/>\n<meta property=\"og:locale\" content=\"it_IT\" \/>\n<meta property=\"og:type\" content=\"article\" \/>\n<meta property=\"og:title\" content=\"Infezioni parassitiche: Test clinici per la diagnosi di infezioni trasmesse da vermi e protozoi\" \/>\n<meta property=\"og:description\" content=\"[mk_page_section padding_top=&#8221;30&#8243; padding_bottom=&#8221;30&#8243; sidebar=&#8221;sidebar-1&#8243;][vc_column width=&#8221;2\/3&#8243;][vc_column_text] Le infezioni da parassiti sono molto diffuse nelle regioni climatiche tropicali, dove l\u2019esempio pi\u00f9 comune \u00e8 la malaria. Nelle aree non tropicali, invece, le malattie pi\u00f9 tipiche causate dai parassiti sono le tricomoniasi, le giardiasi, le criptosporidiosi, le amebiasi e la toxoplasmosi. Le infezioni da parassiti sono causate da tre [&hellip;]\" \/>\n<meta property=\"og:url\" content=\"https:\/\/devclinical.r-biopharm.com\/it\/indicazioni\/infezioni-da-parassiti\/\" \/>\n<meta property=\"og:site_name\" content=\"\ud83d\udea8\ud83d\udea8\ud83d\udea8 Staging!!! Clinical Diagnostics \ud83d\udea8\ud83d\udea8\ud83d\udea8\" \/>\n<meta property=\"article:modified_time\" content=\"2020-04-08T14:42:29+00:00\" \/>\n<meta name=\"twitter:label1\" content=\"Est. reading time\" \/>\n\t<meta name=\"twitter:data1\" content=\"4 minutes\" \/>\n<script type=\"application\/ld+json\" class=\"yoast-schema-graph\">{\"@context\":\"https:\/\/schema.org\",\"@graph\":[{\"@type\":\"WebPage\",\"@id\":\"https:\/\/devclinical.r-biopharm.com\/it\/indicazioni\/infezioni-da-parassiti\/\",\"url\":\"https:\/\/devclinical.r-biopharm.com\/it\/indicazioni\/infezioni-da-parassiti\/\",\"name\":\"Infezioni parassitiche: Test clinici per la diagnosi di infezioni trasmesse da vermi e protozoi\",\"isPartOf\":{\"@id\":\"https:\/\/devdevclinical.r-biopharm.com\/#website\"},\"datePublished\":\"2016-12-15T15:05:30+00:00\",\"dateModified\":\"2020-04-08T14:42:29+00:00\",\"breadcrumb\":{\"@id\":\"https:\/\/devclinical.r-biopharm.com\/it\/indicazioni\/infezioni-da-parassiti\/#breadcrumb\"},\"inLanguage\":\"it-IT\",\"potentialAction\":[{\"@type\":\"ReadAction\",\"target\":[\"https:\/\/devclinical.r-biopharm.com\/it\/indicazioni\/infezioni-da-parassiti\/\"]}]},{\"@type\":\"BreadcrumbList\",\"@id\":\"https:\/\/devclinical.r-biopharm.com\/it\/indicazioni\/infezioni-da-parassiti\/#breadcrumb\",\"itemListElement\":[{\"@type\":\"ListItem\",\"position\":1,\"name\":\"Home\",\"item\":\"https:\/\/devclinical.r-biopharm.com\/it\/\"},{\"@type\":\"ListItem\",\"position\":2,\"name\":\"Indicazioni\",\"item\":\"https:\/\/devclinical.r-biopharm.com\/it\/indicazioni\/\"},{\"@type\":\"ListItem\",\"position\":3,\"name\":\"Infezioni parassitiche\"}]},{\"@type\":\"WebSite\",\"@id\":\"https:\/\/devdevclinical.r-biopharm.com\/#website\",\"url\":\"https:\/\/devdevclinical.r-biopharm.com\/\",\"name\":\"\ud83d\udea8\ud83d\udea8\ud83d\udea8 Staging!!! Clinical Diagnostics \ud83d\udea8\ud83d\udea8\ud83d\udea8\",\"description\":\"A Division of the R-Biopharm Group\",\"potentialAction\":[{\"@type\":\"SearchAction\",\"target\":{\"@type\":\"EntryPoint\",\"urlTemplate\":\"https:\/\/devdevclinical.r-biopharm.com\/?s={search_term_string}\"},\"query-input\":\"required name=search_term_string\"}],\"inLanguage\":\"it-IT\"}]}<\/script>\n<!-- \/ Yoast SEO plugin. -->","yoast_head_json":{"title":"Infezioni parassitiche: Test clinici per la diagnosi di infezioni trasmesse da vermi e protozoi","robots":{"index":"noindex","follow":"follow","max-snippet":"max-snippet:-1","max-image-preview":"max-image-preview:large","max-video-preview":"max-video-preview:-1"},"og_locale":"it_IT","og_type":"article","og_title":"Infezioni parassitiche: Test clinici per la diagnosi di infezioni trasmesse da vermi e protozoi","og_description":"[mk_page_section padding_top=&#8221;30&#8243; padding_bottom=&#8221;30&#8243; sidebar=&#8221;sidebar-1&#8243;][vc_column width=&#8221;2\/3&#8243;][vc_column_text] Le infezioni da parassiti sono molto diffuse nelle regioni climatiche tropicali, dove l\u2019esempio pi\u00f9 comune \u00e8 la malaria. Nelle aree non tropicali, invece, le malattie pi\u00f9 tipiche causate dai parassiti sono le tricomoniasi, le giardiasi, le criptosporidiosi, le amebiasi e la toxoplasmosi. Le infezioni da parassiti sono causate da tre [&hellip;]","og_url":"https:\/\/devclinical.r-biopharm.com\/it\/indicazioni\/infezioni-da-parassiti\/","og_site_name":"\ud83d\udea8\ud83d\udea8\ud83d\udea8 Staging!!! Clinical Diagnostics \ud83d\udea8\ud83d\udea8\ud83d\udea8","article_modified_time":"2020-04-08T14:42:29+00:00","twitter_misc":{"Est. reading time":"4 minutes"},"schema":{"@context":"https:\/\/schema.org","@graph":[{"@type":"WebPage","@id":"https:\/\/devclinical.r-biopharm.com\/it\/indicazioni\/infezioni-da-parassiti\/","url":"https:\/\/devclinical.r-biopharm.com\/it\/indicazioni\/infezioni-da-parassiti\/","name":"Infezioni parassitiche: Test clinici per la diagnosi di infezioni trasmesse da vermi e protozoi","isPartOf":{"@id":"https:\/\/devdevclinical.r-biopharm.com\/#website"},"datePublished":"2016-12-15T15:05:30+00:00","dateModified":"2020-04-08T14:42:29+00:00","breadcrumb":{"@id":"https:\/\/devclinical.r-biopharm.com\/it\/indicazioni\/infezioni-da-parassiti\/#breadcrumb"},"inLanguage":"it-IT","potentialAction":[{"@type":"ReadAction","target":["https:\/\/devclinical.r-biopharm.com\/it\/indicazioni\/infezioni-da-parassiti\/"]}]},{"@type":"BreadcrumbList","@id":"https:\/\/devclinical.r-biopharm.com\/it\/indicazioni\/infezioni-da-parassiti\/#breadcrumb","itemListElement":[{"@type":"ListItem","position":1,"name":"Home","item":"https:\/\/devclinical.r-biopharm.com\/it\/"},{"@type":"ListItem","position":2,"name":"Indicazioni","item":"https:\/\/devclinical.r-biopharm.com\/it\/indicazioni\/"},{"@type":"ListItem","position":3,"name":"Infezioni parassitiche"}]},{"@type":"WebSite","@id":"https:\/\/devdevclinical.r-biopharm.com\/#website","url":"https:\/\/devdevclinical.r-biopharm.com\/","name":"\ud83d\udea8\ud83d\udea8\ud83d\udea8 Staging!!! Clinical Diagnostics \ud83d\udea8\ud83d\udea8\ud83d\udea8","description":"A Division of the R-Biopharm Group","potentialAction":[{"@type":"SearchAction","target":{"@type":"EntryPoint","urlTemplate":"https:\/\/devdevclinical.r-biopharm.com\/?s={search_term_string}"},"query-input":"required name=search_term_string"}],"inLanguage":"it-IT"}]}},"_links":{"self":[{"href":"https:\/\/devclinical.r-biopharm.com\/it\/wp-json\/wp\/v2\/pages\/89736"}],"collection":[{"href":"https:\/\/devclinical.r-biopharm.com\/it\/wp-json\/wp\/v2\/pages"}],"about":[{"href":"https:\/\/devclinical.r-biopharm.com\/it\/wp-json\/wp\/v2\/types\/page"}],"author":[{"embeddable":true,"href":"https:\/\/devclinical.r-biopharm.com\/it\/wp-json\/wp\/v2\/users\/1"}],"replies":[{"embeddable":true,"href":"https:\/\/devclinical.r-biopharm.com\/it\/wp-json\/wp\/v2\/comments?post=89736"}],"version-history":[{"count":8,"href":"https:\/\/devclinical.r-biopharm.com\/it\/wp-json\/wp\/v2\/pages\/89736\/revisions"}],"predecessor-version":[{"id":149010,"href":"https:\/\/devclinical.r-biopharm.com\/it\/wp-json\/wp\/v2\/pages\/89736\/revisions\/149010"}],"up":[{"embeddable":true,"href":"https:\/\/devclinical.r-biopharm.com\/it\/wp-json\/wp\/v2\/pages\/95627"}],"wp:attachment":[{"href":"https:\/\/devclinical.r-biopharm.com\/it\/wp-json\/wp\/v2\/media?parent=89736"}],"curies":[{"name":"wp","href":"https:\/\/api.w.org\/{rel}","templated":true}]}}