{"id":95701,"date":"2017-06-20T11:41:48","date_gmt":"2017-06-20T09:41:48","guid":{"rendered":"https:\/\/clinical.r-biopharm.com\/diagnostici\/allergologia\/allergie-alimentari-ritardate\/"},"modified":"2018-12-18T16:44:36","modified_gmt":"2018-12-18T15:44:36","slug":"allergie-alimentari-ritardate","status":"publish","type":"page","link":"https:\/\/devclinical.r-biopharm.com\/it\/diagnostici\/allergologia\/allergie-alimentari-ritardate\/","title":{"rendered":"Allergie alimentari ritardate"},"content":{"rendered":"<div class=\"wpb-content-wrapper\">[mk_page_section padding_top=&#8221;30&#8243; padding_bottom=&#8221;30&#8243; sidebar=&#8221;sidebar-1&#8243;][vc_column width=&#8221;2\/3&#8243;][vc_column_text]\n<h3>Allergie alimentari ritardate: un problema in crescita<\/h3>\n<p>Le allergie sono causa di una quantit\u00e0 sempre crescende di problemi di salute. Si stima che tra il 20% e il 40% della popolazione manifesti almeno un\u2019allergia alimentare mediata da IgG (tipo III). Queste allergie non sono chiaramente riconoscibili da subito ma causano una serie di sintomi ritardati (affezioni digestive croniche, mal di testa, emicranie, problemi di peso) che possono sembrare non correlati a particolari alimenti.<\/p>\n<h3 class=\"knubbel\">Individuare un\u2019allergia alimentare ritardata<\/h3>\n<p>RIDASCREEN\u00ae Spec. IgG Foodscreen individua le allergie alimentari ritardate. Questo preciso ed affidabile test ELISA identifica anticorpi IgG specifici per determinati alimenti nel siero sanguigno. RIDASCREEN\u00ae Spec. IgG Foodscreen \u00e8 un saggio immunoenzimatico per il rilevamento di anticorpi IgG diretti contro antigeni alimentari nel siero sanguigno, in grado di analizzare le reazioni degli anticorpi IgG contro 271 possibili cause scatenanti di malattie croniche. RIDASCREEN\u00ae Spec. IgG Foodscreen fornisce piastre prerivestite in un formato modulare per dare modo ai pazienti di scegliere tra test diversi.[\/vc_column_text][vc_column_text]Tante piastre in un sistema unico. Scegli il test pi\u00f9 adatto al tuo paziente:[\/vc_column_text][vc_accordions style=&#8221;simple-style&#8221; open_toggle=&#8221;-1&#8243; container_bg_color=&#8221;#ffffff&#8221;][vc_accordion_tab icon=&#8221;mk-icon-chevron-right&#8221; title=&#8221;RIDASCREEN\u00ae Spec. IgG Foodscreen Prescreen 1:&#8221;][vc_column_text]<strong><a href=\"https:\/\/devclinical.r-biopharm.com\/products\/ridascreen-spec-igg-foodscreen-prescreen-1\/\">Prescreen 1<\/a><\/strong> \u00e8 progettato per identificare possibili sensibilizzazioni nei confronti degli alimenti pi\u00f9 comuni. \u00c8 uno strumento conveniente per ridurre il campo degli allergeni da identificare con analisi successive. Vengono testati i 22 generi alimentari pi\u00f9 comuni. La piastra \u00e8 progettata per quattro pazienti.[\/vc_column_text][\/vc_accordion_tab][vc_accordion_tab icon=&#8221;mk-icon-chevron-right&#8221; title=&#8221;RIDASCREEN\u00ae Spec. IgG Foodscreen Piastra 6:&#8221;][vc_column_text]<a href=\"https:\/\/devclinical.r-biopharm.com\/products\/ridascreen-spec-igg-foodscreen-plate-6\/\"><strong>La Piastra 6<\/strong><\/a> \u00e8 progettata per due pazienti e include i 44 generi alimentari pi\u00f9 comuni.<\/p>\n[\/vc_column_text][\/vc_accordion_tab][vc_accordion_tab icon=&#8221;mk-icon-chevron-right&#8221; title=&#8221;RIDASCREEN\u00ae Spec. IgG Foodscreen Piastra 1, Piastra 2, Piastra 3:&#8221;][vc_column_text]Le Piastre 1, 2 e 3 hanno una composizione modulare:\u00a0<strong><a href=\"https:\/\/devclinical.r-biopharm.com\/products\/ridascreen-spec-igg-foodscreen-plate-1\/\">la Piastra 1<\/a><\/strong> (90 allergeni) include i generi alimentari pi\u00f9 comuni,\u00a0<a href=\"https:\/\/devclinical.r-biopharm.com\/products\/ridascreen-spec-igg-foodscreen-plate-2\/\"><strong>la Piastra 2<\/strong><\/a> (90 allergeni) include le varianti pi\u00f9 comuni agli alimenti sulla Piastra 1, e\u00a0<a href=\"https:\/\/devclinical.r-biopharm.com\/products\/ridascreen-spec-igg-foodscreen-plate-3\/\"><strong>la Piastra 3<\/strong><\/a> (91 allergeni) contengono alimenti rari ed esotici ed erbe\/spezie. Ogni piastra \u00e8 progettata per un paziente.[\/vc_column_text][\/vc_accordion_tab][vc_accordion_tab icon=&#8221;mk-icon-chevron-right&#8221; title=&#8221;RIDASCREEN\u00ae Spec. IgG Foodscreen Piastra personalizzata e Prescreen personalizzato:&#8221;][vc_column_text]La <strong><a href=\"https:\/\/devclinical.r-biopharm.com\/products\/ridascreen-spec-igg-foodscreen-customized-plate\/\">Piastra personalizzata<\/a><\/strong> e il <strong><a href=\"https:\/\/devclinical.r-biopharm.com\/products\/ridascreen-spec-igg-foodscreen-prescreen-customized\/\">Prescreen personalizzato<\/a><\/strong> sono progettati per la disposizione di un massimo di 91 allergeni per piastra, per uno o pi\u00f9 pazienti.\u00a0 Il sistema, estremamente flessibile e individualizzabile, fornisce una selezione di pi\u00f9 di 300 allergeni tra cui scegliere, compresi allergeni specifici per area geografica.<\/p>\n[\/vc_column_text][\/vc_accordion_tab][\/vc_accordions][vc_column_text]\n<h3 class=\"knubbel\">RIDASCREEN\u00ae Blood Collection Kit \u2013 raccolta di campioni di sangue rapida e semplice<\/h3>\n<p>Il Blood Collection Kit \u00e8 stato progettato appositamente per migliorare la raccolta di campioni. Poche gocce di sangue capillare sono sufficienti per rilevare IgG contro fin a 180 alimenti. I campioni possono essere raccolti ovunque, persino a casa. I campioni di sangue rappreso possono essere facilmente inviati via posta.[\/vc_column_text][vc_accordions style=&#8221;simple-style&#8221; open_toggle=&#8221;-1&#8243; container_bg_color=&#8221;#ffffff&#8221;][vc_accordion_tab icon=&#8221;mk-icon-chevron-right&#8221; title=&#8221;RIDASCREEN\u00ae Foodscreen Blood Collection Kit&#8221;][vc_column_text]Il <a href=\"https:\/\/devclinical.r-biopharm.com\/products\/ridascreen-foodscreen-blood-collection-kit\/\"><strong>Blood Collection Kit<\/strong><\/a> \u00e8 stato progettato appositamente per migliorare la raccolta di campioni. Poche gocce di sangue capillare sono sufficienti per rilevare IgG contro fin a 180 alimenti. I campioni possono essere raccolti ovunque, persino a casa. I campioni di sangue rappreso possono essere facilmente inviati via posta.[\/vc_column_text][\/vc_accordion_tab][vc_accordion_tab icon=&#8221;mk-icon-chevron-right&#8221; title=&#8221;RIDASCREEN\u00ae Foodscreen Blood Collection Card&#8221;][vc_column_text]Offriamo anche un pacchetto con 100 <strong><a href=\"https:\/\/devclinical.r-biopharm.com\/products\/ridascreen-foodscreen-blood-collection-card\/\">Blood Collection Card<\/a><\/strong> che possono essere utilizzate dai professionisti con la propria attrezzatura, come le lancette sterili.<\/p>\n[\/vc_column_text][\/vc_accordion_tab][\/vc_accordions][vc_column_text]\n<h3 class=\"knubbel\">Vantaggi di RIDASCREEN\u00ae Spec. IgG Foodscreen<\/h3>\n<p>Il preciso e affidabile test RIDASCREEN\u00ae Spec. IgG Foodscreen offre molti vantaggi:[\/vc_column_text][mk_custom_list]\n<ul>\n<li>Sistema modulare per screening sistematici<\/li>\n<li>Piastre personalizzate per diagnosi flessibili e individuali<\/li>\n<li>Certificazione CE e ISO<\/li>\n<li>Ottima riproducibilit\u00e0<\/li>\n<li>Test interlaboratorio regolari<\/li>\n<li>Produzione di allergeni standardizzata<\/li>\n<li>Curva standard calibrata secondo le indicazioni del quadro di riferimento nazionale \u201c1st WHO IRP 67\/86 for human IgG\u201d<\/li>\n<li>Validit\u00e0 di 24 mesi<\/li>\n<\/ul>\n[\/mk_custom_list][\/vc_column][vc_column width=&#8221;1\/3&#8243;][vc_column_text margin_bottom=&#8221;20&#8243;]\n<h3 style=\"margin-bottom: 25px;\">Scegli un\u2019indicazione<\/h3>\n<div class=\"facetwp-facet facetwp-facet-indication_fselect facetwp-type-fselect\" data-name=\"indication_fselect\" data-type=\"fselect\"><\/div>[\/vc_column_text][vc_column_text margin_bottom=&#8221;20&#8243;]\n<h3 style=\"margin-bottom: 25px;\">Scegli una tecnologia<\/h3>\n<div class=\"facetwp-facet facetwp-facet-technology_fselect facetwp-type-fselect\" data-name=\"technology_fselect\" data-type=\"fselect\"><\/div>[\/vc_column_text][vc_column_text margin_bottom=&#8221;40&#8243;]\n<h3 style=\"margin-bottom: 25px;\"><\/h3>\n<h3 style=\"margin-bottom: 25px;\">Scegli il tuo prodotto<\/h3>\n<div class=\"facetwp-template\" data-name=\"allergology\"><ul class=\"product_facets\"><\/ul><\/div>[\/vc_column_text][\/vc_column][\/mk_page_section][mk_page_section bg_color=&#8221;#f7f7f7&#8243; padding_top=&#8221;0&#8243; padding_bottom=&#8221;0&#8243; sidebar=&#8221;sidebar-1&#8243;][vc_column css=&#8221;.vc_custom_1469015765963{margin-top: 25px !important;padding-bottom: 5px !important;}&#8221;][vc_column_text margin_bottom=&#8221;20&#8243;]\n<h2 class=\"knubbel\">Allergologia \u2013 ultime notizie<\/h2>\n[\/vc_column_text][mk_blog_carousel cat=&#8221;212&#8243;][\/vc_column][\/mk_page_section][mk_page_section bg_color=&#8221;#ffffff&#8221; padding_top=&#8221;0&#8243; sidebar=&#8221;sidebar-1&#8243;][vc_column css=&#8221;.vc_custom_1467042052405{margin-top: 40px !important;}&#8221;][vc_column_text margin_bottom=&#8221;20&#8243;]\n<h2 class=\"knubbel\">Potrebbe interessarti anche<\/h2>\n[\/vc_column_text][vc_row_inner css=&#8221;.vc_custom_1468404266697{margin-bottom: 40px !important;}&#8221;][vc_column_inner width=&#8221;1\/3&#8243; css=&#8221;.vc_custom_1468416557833{padding-bottom: 10px !important;padding-left: 0px !important;}&#8221;][mk_flipbox_rb taxonomy=&#8221;diagnostic&#8221; tag_diagnostics=&#8221;allergology&#8221; min_height=&#8221;200&#8243; button_bg_color=&#8221;#4d4d4d&#8221; button_bg_hover_color=&#8221;#ffffff&#8221; button_text=&#8221;More information&#8221;][\/vc_column_inner][vc_column_inner width=&#8221;1\/3&#8243; css=&#8221;.vc_custom_1468416552613{padding-right: 7.5px !important;padding-bottom: 10px !important;padding-left: 7.5px !important;}&#8221;][mk_flipbox_rb taxonomy=&#8221;diagnostic&#8221; tag_diagnostics=&#8221;allergology&#8221; offset=&#8221;1&#8243; min_height=&#8221;200&#8243; button_bg_color=&#8221;#4d4d4d&#8221; button_bg_hover_color=&#8221;#ffffff&#8221; button_text=&#8221;More information&#8221;][\/vc_column_inner][vc_column_inner width=&#8221;1\/3&#8243; css=&#8221;.vc_custom_1468416547451{padding-right: 0px !important;padding-bottom: 10px !important;}&#8221;][mk_flipbox_rb taxonomy=&#8221;diagnostic&#8221; tag_diagnostics=&#8221;allergology&#8221; offset=&#8221;2&#8243; min_height=&#8221;200&#8243; button_bg_color=&#8221;#4d4d4d&#8221; button_bg_hover_color=&#8221;#ffffff&#8221; button_text=&#8221;More information&#8221;][\/vc_column_inner][\/vc_row_inner][\/vc_column][\/mk_page_section][mk_page_section bg_color=&#8221;#f7f7f7&#8243; padding_top=&#8221;20&#8243; padding_bottom=&#8221;20&#8243; sidebar=&#8221;sidebar-1&#8243;][vc_column css=&#8221;.vc_custom_1468415774645{padding-top: 0px !important;padding-bottom: 0px !important;}&#8221;][vc_column_text disable_pattern=&#8221;false&#8221; align=&#8221;center&#8221;]\n<h2>Allergologia &#8211; supporto<\/h2>\n<p>Hai domande? Le nostre competenze sono a tua disposizione! La nostra assistenza \u00e8 garanzia di successo per i test diagnostici della tua azienda[\/vc_column_text][mk_button dimension=&#8221;flat&#8221; url=&#8221;\/it\/contatti\/&#8221; align=&#8221;center&#8221; margin_bottom=&#8221;&#8221; bg_color=&#8221;#4d4d4d&#8221; btn_hover_bg=&#8221;#ffffff&#8221; btn_hover_txt_color=&#8221;#4d4d4d&#8221;]Contattaci[\/mk_button][\/vc_column][\/mk_page_section]\n<\/div>","protected":false},"excerpt":{"rendered":"<p>[mk_page_section padding_top=&#8221;30&#8243; padding_bottom=&#8221;30&#8243; sidebar=&#8221;sidebar-1&#8243;][vc_column width=&#8221;2\/3&#8243;][vc_column_text] Allergie alimentari ritardate: un problema in crescita Le allergie sono causa di una quantit\u00e0 sempre crescende di problemi di salute. Si stima che tra il 20% e il 40% della popolazione manifesti almeno un\u2019allergia alimentare mediata da IgG (tipo III). Queste allergie non sono chiaramente riconoscibili da subito ma causano [&hellip;]<\/p>\n","protected":false},"author":27,"featured_media":0,"parent":95645,"menu_order":0,"comment_status":"closed","ping_status":"closed","template":"","meta":{"content-type":"","_relevanssi_hide_post":"","_relevanssi_hide_content":"","_relevanssi_pin_for_all":"","_relevanssi_pin_keywords":"","_relevanssi_unpin_keywords":"","_relevanssi_related_keywords":"","_relevanssi_related_include_ids":"","_relevanssi_related_exclude_ids":"","_relevanssi_related_no_append":"","_relevanssi_related_not_related":"","_relevanssi_related_posts":"","_relevanssi_noindex_reason":"","footnotes":""},"acf":[],"yoast_head":"<!-- This site is optimized with the Yoast SEO plugin v21.9 - https:\/\/yoast.com\/wordpress\/plugins\/seo\/ -->\n<title>Allergie alimentari ritardate - R-Biopharm<\/title>\n<meta name=\"description\" content=\"More and more people suffer from allergies. We offer state-of-the-art test methods for IgE and IgG antibody detection in blood - precise and reliable.\" \/>\n<meta name=\"robots\" content=\"noindex, follow, max-snippet:-1, max-image-preview:large, max-video-preview:-1\" \/>\n<meta property=\"og:locale\" content=\"it_IT\" \/>\n<meta property=\"og:type\" content=\"article\" \/>\n<meta property=\"og:title\" content=\"Allergie alimentari ritardate - R-Biopharm\" \/>\n<meta property=\"og:description\" content=\"More and more people suffer from allergies. We offer state-of-the-art test methods for IgE and IgG antibody detection in blood - precise and reliable.\" \/>\n<meta property=\"og:url\" content=\"https:\/\/devclinical.r-biopharm.com\/it\/diagnostici\/allergologia\/allergie-alimentari-ritardate\/\" \/>\n<meta property=\"og:site_name\" content=\"\ud83d\udea8\ud83d\udea8\ud83d\udea8 Staging!!! Clinical Diagnostics \ud83d\udea8\ud83d\udea8\ud83d\udea8\" \/>\n<meta property=\"article:modified_time\" content=\"2018-12-18T15:44:36+00:00\" \/>\n<meta name=\"twitter:label1\" content=\"Est. reading time\" \/>\n\t<meta name=\"twitter:data1\" content=\"5 minutes\" \/>\n<script type=\"application\/ld+json\" class=\"yoast-schema-graph\">{\"@context\":\"https:\/\/schema.org\",\"@graph\":[{\"@type\":\"WebPage\",\"@id\":\"https:\/\/devclinical.r-biopharm.com\/it\/diagnostici\/allergologia\/allergie-alimentari-ritardate\/\",\"url\":\"https:\/\/devclinical.r-biopharm.com\/it\/diagnostici\/allergologia\/allergie-alimentari-ritardate\/\",\"name\":\"Allergie alimentari ritardate - R-Biopharm\",\"isPartOf\":{\"@id\":\"https:\/\/devdevclinical.r-biopharm.com\/#website\"},\"datePublished\":\"2017-06-20T09:41:48+00:00\",\"dateModified\":\"2018-12-18T15:44:36+00:00\",\"description\":\"More and more people suffer from allergies. We offer state-of-the-art test methods for IgE and IgG antibody detection in blood - precise and reliable.\",\"breadcrumb\":{\"@id\":\"https:\/\/devclinical.r-biopharm.com\/it\/diagnostici\/allergologia\/allergie-alimentari-ritardate\/#breadcrumb\"},\"inLanguage\":\"it-IT\",\"potentialAction\":[{\"@type\":\"ReadAction\",\"target\":[\"https:\/\/devclinical.r-biopharm.com\/it\/diagnostici\/allergologia\/allergie-alimentari-ritardate\/\"]}]},{\"@type\":\"BreadcrumbList\",\"@id\":\"https:\/\/devclinical.r-biopharm.com\/it\/diagnostici\/allergologia\/allergie-alimentari-ritardate\/#breadcrumb\",\"itemListElement\":[{\"@type\":\"ListItem\",\"position\":1,\"name\":\"Home\",\"item\":\"https:\/\/devclinical.r-biopharm.com\/it\/\"},{\"@type\":\"ListItem\",\"position\":2,\"name\":\"Diagnostica\",\"item\":\"https:\/\/devclinical.r-biopharm.com\/it\/diagnostici\/\"},{\"@type\":\"ListItem\",\"position\":3,\"name\":\"Allergologia\",\"item\":\"https:\/\/devclinical.r-biopharm.com\/it\/diagnostici\/allergologia\/\"},{\"@type\":\"ListItem\",\"position\":4,\"name\":\"Allergie alimentari ritardate\"}]},{\"@type\":\"WebSite\",\"@id\":\"https:\/\/devdevclinical.r-biopharm.com\/#website\",\"url\":\"https:\/\/devdevclinical.r-biopharm.com\/\",\"name\":\"\ud83d\udea8\ud83d\udea8\ud83d\udea8 Staging!!! Clinical Diagnostics \ud83d\udea8\ud83d\udea8\ud83d\udea8\",\"description\":\"A Division of the R-Biopharm Group\",\"potentialAction\":[{\"@type\":\"SearchAction\",\"target\":{\"@type\":\"EntryPoint\",\"urlTemplate\":\"https:\/\/devdevclinical.r-biopharm.com\/?s={search_term_string}\"},\"query-input\":\"required name=search_term_string\"}],\"inLanguage\":\"it-IT\"}]}<\/script>\n<!-- \/ Yoast SEO plugin. -->","yoast_head_json":{"title":"Allergie alimentari ritardate - R-Biopharm","description":"More and more people suffer from allergies. We offer state-of-the-art test methods for IgE and IgG antibody detection in blood - precise and reliable.","robots":{"index":"noindex","follow":"follow","max-snippet":"max-snippet:-1","max-image-preview":"max-image-preview:large","max-video-preview":"max-video-preview:-1"},"og_locale":"it_IT","og_type":"article","og_title":"Allergie alimentari ritardate - R-Biopharm","og_description":"More and more people suffer from allergies. We offer state-of-the-art test methods for IgE and IgG antibody detection in blood - precise and reliable.","og_url":"https:\/\/devclinical.r-biopharm.com\/it\/diagnostici\/allergologia\/allergie-alimentari-ritardate\/","og_site_name":"\ud83d\udea8\ud83d\udea8\ud83d\udea8 Staging!!! Clinical Diagnostics \ud83d\udea8\ud83d\udea8\ud83d\udea8","article_modified_time":"2018-12-18T15:44:36+00:00","twitter_misc":{"Est. reading time":"5 minutes"},"schema":{"@context":"https:\/\/schema.org","@graph":[{"@type":"WebPage","@id":"https:\/\/devclinical.r-biopharm.com\/it\/diagnostici\/allergologia\/allergie-alimentari-ritardate\/","url":"https:\/\/devclinical.r-biopharm.com\/it\/diagnostici\/allergologia\/allergie-alimentari-ritardate\/","name":"Allergie alimentari ritardate - R-Biopharm","isPartOf":{"@id":"https:\/\/devdevclinical.r-biopharm.com\/#website"},"datePublished":"2017-06-20T09:41:48+00:00","dateModified":"2018-12-18T15:44:36+00:00","description":"More and more people suffer from allergies. We offer state-of-the-art test methods for IgE and IgG antibody detection in blood - precise and reliable.","breadcrumb":{"@id":"https:\/\/devclinical.r-biopharm.com\/it\/diagnostici\/allergologia\/allergie-alimentari-ritardate\/#breadcrumb"},"inLanguage":"it-IT","potentialAction":[{"@type":"ReadAction","target":["https:\/\/devclinical.r-biopharm.com\/it\/diagnostici\/allergologia\/allergie-alimentari-ritardate\/"]}]},{"@type":"BreadcrumbList","@id":"https:\/\/devclinical.r-biopharm.com\/it\/diagnostici\/allergologia\/allergie-alimentari-ritardate\/#breadcrumb","itemListElement":[{"@type":"ListItem","position":1,"name":"Home","item":"https:\/\/devclinical.r-biopharm.com\/it\/"},{"@type":"ListItem","position":2,"name":"Diagnostica","item":"https:\/\/devclinical.r-biopharm.com\/it\/diagnostici\/"},{"@type":"ListItem","position":3,"name":"Allergologia","item":"https:\/\/devclinical.r-biopharm.com\/it\/diagnostici\/allergologia\/"},{"@type":"ListItem","position":4,"name":"Allergie alimentari ritardate"}]},{"@type":"WebSite","@id":"https:\/\/devdevclinical.r-biopharm.com\/#website","url":"https:\/\/devdevclinical.r-biopharm.com\/","name":"\ud83d\udea8\ud83d\udea8\ud83d\udea8 Staging!!! Clinical Diagnostics \ud83d\udea8\ud83d\udea8\ud83d\udea8","description":"A Division of the R-Biopharm Group","potentialAction":[{"@type":"SearchAction","target":{"@type":"EntryPoint","urlTemplate":"https:\/\/devdevclinical.r-biopharm.com\/?s={search_term_string}"},"query-input":"required name=search_term_string"}],"inLanguage":"it-IT"}]}},"_links":{"self":[{"href":"https:\/\/devclinical.r-biopharm.com\/it\/wp-json\/wp\/v2\/pages\/95701"}],"collection":[{"href":"https:\/\/devclinical.r-biopharm.com\/it\/wp-json\/wp\/v2\/pages"}],"about":[{"href":"https:\/\/devclinical.r-biopharm.com\/it\/wp-json\/wp\/v2\/types\/page"}],"author":[{"embeddable":true,"href":"https:\/\/devclinical.r-biopharm.com\/it\/wp-json\/wp\/v2\/users\/27"}],"replies":[{"embeddable":true,"href":"https:\/\/devclinical.r-biopharm.com\/it\/wp-json\/wp\/v2\/comments?post=95701"}],"version-history":[{"count":2,"href":"https:\/\/devclinical.r-biopharm.com\/it\/wp-json\/wp\/v2\/pages\/95701\/revisions"}],"predecessor-version":[{"id":95915,"href":"https:\/\/devclinical.r-biopharm.com\/it\/wp-json\/wp\/v2\/pages\/95701\/revisions\/95915"}],"up":[{"embeddable":true,"href":"https:\/\/devclinical.r-biopharm.com\/it\/wp-json\/wp\/v2\/pages\/95645"}],"wp:attachment":[{"href":"https:\/\/devclinical.r-biopharm.com\/it\/wp-json\/wp\/v2\/media?parent=95701"}],"curies":[{"name":"wp","href":"https:\/\/api.w.org\/{rel}","templated":true}]}}